{"id":4471,"date":"2020-06-29T15:36:42","date_gmt":"2020-06-29T13:36:42","guid":{"rendered":"https:\/\/www.directplanning.com\/?page_id=4471"},"modified":"2024-03-11T12:46:02","modified_gmt":"2024-03-11T10:46:02","slug":"pobierz-direct-planning","status":"publish","type":"page","link":"https:\/\/www.directplanning.com\/pl\/pobierz-direct-planning\/","title":{"rendered":"Pobierz Direct Planning"},"content":{"rendered":"<p class=\"avertissement\"><i class=\"fa fa-exclamation-triangle\"><\/i> Ostro\u017cnie! Je\u015bli jeste\u015b ju\u017c u\u017cytkownikiem Direct Planning, to w wersji 3. pojawi\u0142 si\u0119 nowy spos\u00f3b licencjonowania systemu. Prosimy o kontakt z naszymi <a href=\"https:\/\/www.directplanning.com\/pl\/kontakt\/\" target=\"_blank\" rel=\"noopener noreferrer\">specjalistami<\/a> przed ka\u017cd\u0105 aktualizacj\u0105.<\/p>\n<p style=\"text-align: justify;\">Aby otrzyma\u0107 e-mail z linkiem do pobrania Direct Planning, prosimy o wype\u0142nienie poni\u017cszego formularza.<\/p>\n\n<div class=\"wpcf7 no-js\" id=\"wpcf7-f5847-o1\" lang=\"pl-PL\" dir=\"ltr\" data-wpcf7-id=\"5847\">\n<div class=\"screen-reader-response\"><p role=\"status\" aria-live=\"polite\" aria-atomic=\"true\"><\/p> <ul><\/ul><\/div>\n<form action=\"\/pl\/wp-json\/wp\/v2\/pages\/4471#wpcf7-f5847-o1\" method=\"post\" class=\"wpcf7-form init\" aria-label=\"Formularz kontaktowy\" novalidate=\"novalidate\" data-status=\"init\">\n<fieldset class=\"hidden-fields-container\"><input type=\"hidden\" name=\"_wpcf7\" value=\"5847\" \/><input type=\"hidden\" name=\"_wpcf7_version\" value=\"6.1.5\" \/><input type=\"hidden\" name=\"_wpcf7_locale\" value=\"pl_PL\" \/><input type=\"hidden\" name=\"_wpcf7_unit_tag\" value=\"wpcf7-f5847-o1\" \/><input type=\"hidden\" name=\"_wpcf7_container_post\" value=\"0\" \/><input type=\"hidden\" name=\"_wpcf7_posted_data_hash\" value=\"\" \/>\n<\/fieldset>\n<div class=\"uacf7-form-wrapper-container uacf7-form-5847  \"><label> Company: <span style=\"color:#FF0000\">*<\/span> \n    <span class=\"wpcf7-form-control-wrap\" data-name=\"mc4wp-SOCIETE\"><input size=\"40\" maxlength=\"400\" class=\"wpcf7-form-control wpcf7-text wpcf7-validates-as-required\" aria-required=\"true\" aria-invalid=\"false\" value=\"\" type=\"text\" name=\"mc4wp-SOCIETE\" \/><\/span> <\/label>\n\n<label> Activity: \n    <span class=\"wpcf7-form-control-wrap\" data-name=\"dp-ACTIVITE\"><input size=\"40\" maxlength=\"400\" class=\"wpcf7-form-control wpcf7-text\" aria-invalid=\"false\" value=\"\" type=\"text\" name=\"dp-ACTIVITE\" \/><\/span> <\/label>\n\n<label> Name: <span style=\"color:#FF0000\">*<\/span> \n    <span class=\"wpcf7-form-control-wrap\" data-name=\"mc4wp-NOM\"><input size=\"40\" maxlength=\"400\" class=\"wpcf7-form-control wpcf7-text wpcf7-validates-as-required\" aria-required=\"true\" aria-invalid=\"false\" value=\"\" type=\"text\" name=\"mc4wp-NOM\" \/><\/span> <\/label>\n\n<label> Role: \n    <span class=\"wpcf7-form-control-wrap\" data-name=\"dp-FONCTION\"><input size=\"40\" maxlength=\"400\" class=\"wpcf7-form-control wpcf7-text\" aria-invalid=\"false\" value=\"\" type=\"text\" name=\"dp-FONCTION\" \/><\/span> <\/label>\n\n<label> Email: <span style=\"color:#FF0000\">*<\/span> \n    <span class=\"wpcf7-form-control-wrap\" data-name=\"mc4wp-EMAIL\"><input size=\"40\" maxlength=\"400\" class=\"wpcf7-form-control wpcf7-email wpcf7-validates-as-required wpcf7-text wpcf7-validates-as-email\" aria-required=\"true\" aria-invalid=\"false\" value=\"\" type=\"email\" name=\"mc4wp-EMAIL\" \/><\/span> <\/label>\n\n<label> Phone:\n    <span class=\"wpcf7-form-control-wrap\" data-name=\"dp_tel\"><input size=\"40\" maxlength=\"400\" class=\"wpcf7-form-control wpcf7-tel wpcf7-text wpcf7-validates-as-tel\" aria-invalid=\"false\" value=\"\" type=\"tel\" name=\"dp_tel\" \/><\/span> <\/label>\n\n<label> City: \n    <span class=\"wpcf7-form-control-wrap\" data-name=\"dp_ville\"><input size=\"40\" maxlength=\"400\" class=\"wpcf7-form-control wpcf7-text\" aria-invalid=\"false\" value=\"\" type=\"text\" name=\"dp_ville\" \/><\/span> <\/label>\n\n<label> Country: <span style=\"color:#FF0000\">*<\/span> \n    \n\t\t\n\t\t\t<span id=\"uacf7_country_select\" class=\"wpcf7-form-control-wrap  mc4wp-PAYS\">\n\n\t\t\t\t<input id=\"uacf7_countries_mc4wp-PAYS\" type=\"text\" class=\"wpcf7-form-control wpcf7-uacf7_country_dropdown wpcf7-validates-as-required uacf7_country_dropdown_with_flag\" aria-required=\"true\" aria-invalid=\"false\" name=\"mc4wp-PAYS\">\n\n\t\t\t\t<span> <\/span>\n\n\t\t\t\t<div style=\"display:none;\">\n\t\t\t\t\t<input type=\"hidden\" id=\"uacf7_countries_mc4wp-PAYS_code\" data-countrycodeinput=\"1\"\n\t\t\t\t\t\treadonly=\"readonly\" placeholder=\"Selected country code will appear here\" \/>\n\t\t\t\t<\/div>\n\n\t\t\t<\/span>\n\t\t <\/label>\n\n<label> Website: \n    <span class=\"wpcf7-form-control-wrap\" data-name=\"dp_website\"><input size=\"40\" maxlength=\"400\" class=\"wpcf7-form-control wpcf7-url wpcf7-text wpcf7-validates-as-url\" aria-invalid=\"false\" value=\"\" type=\"url\" name=\"dp_website\" \/><\/span> <\/label>\n\n<label> Comment:\n<span class=\"wpcf7-form-control-wrap\" data-name=\"dp_comment\"><textarea cols=\"40\" rows=\"10\" maxlength=\"2000\" class=\"wpcf7-form-control wpcf7-textarea\" aria-invalid=\"false\" name=\"dp_comment\"><\/textarea><\/span> <\/label>\n\n<label> Newsletter: \n<!-- Mailchimp for WordPress v4.12.1 - https:\/\/www.mc4wp.com\/ --><input type=\"hidden\" name=\"_mc4wp_subscribe_contact-form-7\" value=\"0\" \/><span class=\"mc4wp-checkbox mc4wp-checkbox-contact-form-7 \"><label><input type=\"checkbox\" name=\"_mc4wp_subscribe_contact-form-7\" value=\"1\" ><span>&nbsp;I wish to be informed about Direct Planning news (no more than one email per month). We respect your privacy: your information will not be communicated to any third party company.<\/span><\/label><\/span><!-- \/ Mailchimp for WordPress --> <\/label>\n\n<br>\n    <span class=\"wpcf7-form-control-wrap kc_captcha\" data-name=\"kc_captcha\"><span class=\"wpcf7-form-control wpcf7-radio\"><span class=\"captcha-image\" ><span class=\"cf7ic_instructions\">Please prove you are human by selecting the<span> truck<\/span>.<\/span><label><input aria-label=\"1\" type=\"radio\" name=\"kc_captcha\" value=\"bot\" \/><svg aria-hidden=\"true\" role=\"img\" xmlns=\"http:\/\/www.w3.org\/2000\/svg\" viewBox=\"0 0 576 512\"><path fill=\"currentColor\" d=\"M415 24c-53 0-103 42-127 65-24-23-74-65-127-65C70 24 16 77 16 166c0 72 67 133 69 135l187 181c9 8 23 8 32 0l187-180c2-3 69-64 69-136 0-89-54-142-145-142z\"\/><\/svg><\/label><label><input aria-label=\"2\" type=\"radio\" name=\"kc_captcha\" value=\"bot\" \/><svg aria-hidden=\"true\" role=\"img\" xmlns=\"http:\/\/www.w3.org\/2000\/svg\" viewBox=\"0 0 640 512\"><path fill=\"currentColor\" d=\"M192 384h192c53 0 96-43 96-96h32a128 128 0 000-256H120c-13 0-24 11-24 24v232c0 53 43 96 96 96zM512 96a64 64 0 010 128h-32V96h32zm48 384H48c-47 0-61-64-36-64h584c25 0 11 64-36 64z\"\/><\/svg><\/label><label><input aria-label=\"3\" type=\"radio\" name=\"kc_captcha\" value=\"kc_human\" \/><svg aria-hidden=\"true\" role=\"img\" xmlns=\"http:\/\/www.w3.org\/2000\/svg\" viewBox=\"0 0 640 512\"><path fill=\"currentColor\" d=\"M624 352h-16V244c0-13-5-25-14-34L494 110c-9-9-21-14-34-14h-44V48c0-26-21-48-48-48H48C22 0 0 22 0 48v320c0 27 22 48 48 48h16a96 96 0 00192 0h128a96 96 0 00192 0h48c9 0 16-7 16-16v-32c0-9-7-16-16-16zM160 464a48 48 0 110-96 48 48 0 010 96zm320 0a48 48 0 110-96 48 48 0 010 96zm80-208H416V144h44l100 100v12z\"\/><\/svg><\/label>\r\n    <\/span>\r\n    <span style=\"display:none\">\r\n        <input type=\"text\" name=\"kc_honeypot\">\r\n    <\/span><\/span><\/span>\n<br>\n<input class=\"wpcf7-form-control wpcf7-submit has-spinner\" type=\"submit\" value=\"Send\" \/><\/div><div class=\"wpcf7-response-output\" aria-hidden=\"true\"><\/div>\n<\/form>\n<\/div>\n\n<p class=\"encadre\" style=\"margin-top: 1em;\"><i class=\"fa fa-desktop\"><\/i>Warunki techniczne i zalecana konfiguracja<\/p>\n<p>Zapraszamy do zapoznania si\u0119 z naszymi rekomendacjami w <a href=\"https:\/\/www.directplanning.com\/pl\/faq\/\">FAQ<\/a>.<\/p>\n","protected":false},"excerpt":{"rendered":"<p>Ostro\u017cnie! Je\u015bli jeste\u015b ju\u017c u\u017cytkownikiem Direct Planning, to w wersji 3. pojawi\u0142 si\u0119 nowy spos\u00f3b licencjonowania systemu. Prosimy o kontakt z naszymi specjalistami przed ka\u017cd\u0105 aktualizacj\u0105. Aby otrzyma\u0107 e-mail z linkiem do pobrania Direct Planning, prosimy o wype\u0142nienie poni\u017cszego formularza. Warunki techniczne i zalecana konfiguracja Zapraszamy do zapoznania si\u0119 z naszymi rekomendacjami w FAQ.<\/p>\n","protected":false},"author":2,"featured_media":3466,"parent":0,"menu_order":1,"comment_status":"open","ping_status":"closed","template":"","meta":{"footnotes":""},"class_list":["post-4471","page","type-page","status-publish","has-post-thumbnail","hentry"],"yoast_head":"<!-- This site is optimized with the Yoast SEO plugin v27.4 - https:\/\/yoast.com\/product\/yoast-seo-wordpress\/ -->\n<title>Pobierz Direct Planning - Direct Planning<\/title>\n<meta name=\"description\" content=\"Pobierz Direct Planning, oprogramowanie do planowania produkcji, zarz\u0105dzania projektami lub planowania dzia\u0142\u00f3w serwisowych.\" \/>\n<meta name=\"robots\" content=\"index, follow, max-snippet:-1, max-image-preview:large, max-video-preview:-1\" \/>\n<link rel=\"canonical\" href=\"https:\/\/www.directplanning.com\/pl\/pobierz-direct-planning\/\" \/>\n<meta property=\"og:locale\" content=\"pl_PL\" \/>\n<meta property=\"og:type\" content=\"article\" \/>\n<meta property=\"og:title\" content=\"Pobierz Direct Planning - Direct Planning\" \/>\n<meta property=\"og:description\" content=\"Pobierz Direct Planning, oprogramowanie do planowania produkcji, zarz\u0105dzania projektami lub planowania dzia\u0142\u00f3w serwisowych.\" \/>\n<meta property=\"og:url\" content=\"https:\/\/www.directplanning.com\/pl\/pobierz-direct-planning\/\" \/>\n<meta property=\"og:site_name\" content=\"Direct Planning\" \/>\n<meta property=\"article:modified_time\" content=\"2024-03-11T10:46:02+00:00\" \/>\n<meta property=\"og:image\" content=\"https:\/\/www.directplanning.com\/wp-content\/uploads\/2012\/02\/LogoDirectPlanning.jpg\" \/>\n\t<meta property=\"og:image:width\" content=\"1417\" \/>\n\t<meta property=\"og:image:height\" content=\"709\" \/>\n\t<meta property=\"og:image:type\" content=\"image\/jpeg\" \/>\n<meta name=\"twitter:card\" content=\"summary_large_image\" \/>\n<meta name=\"twitter:site\" content=\"@Direct_Planning\" \/>\n<meta name=\"twitter:label1\" content=\"Szacowany czas czytania\" \/>\n\t<meta name=\"twitter:data1\" content=\"1 minuta\" \/>\n<script type=\"application\/ld+json\" class=\"yoast-schema-graph\">{\"@context\":\"https:\\\/\\\/schema.org\",\"@graph\":[{\"@type\":\"WebPage\",\"@id\":\"https:\\\/\\\/www.directplanning.com\\\/pl\\\/pobierz-direct-planning\\\/\",\"url\":\"https:\\\/\\\/www.directplanning.com\\\/pl\\\/pobierz-direct-planning\\\/\",\"name\":\"Pobierz Direct Planning - Direct Planning\",\"isPartOf\":{\"@id\":\"https:\\\/\\\/www.directplanning.com\\\/fr\\\/#website\"},\"primaryImageOfPage\":{\"@id\":\"https:\\\/\\\/www.directplanning.com\\\/pl\\\/pobierz-direct-planning\\\/#primaryimage\"},\"image\":{\"@id\":\"https:\\\/\\\/www.directplanning.com\\\/pl\\\/pobierz-direct-planning\\\/#primaryimage\"},\"thumbnailUrl\":\"https:\\\/\\\/www.directplanning.com\\\/wp-content\\\/uploads\\\/2012\\\/02\\\/LogoDirectPlanning.jpg\",\"datePublished\":\"2020-06-29T13:36:42+00:00\",\"dateModified\":\"2024-03-11T10:46:02+00:00\",\"description\":\"Pobierz Direct Planning, oprogramowanie do planowania produkcji, zarz\u0105dzania projektami lub planowania dzia\u0142\u00f3w serwisowych.\",\"breadcrumb\":{\"@id\":\"https:\\\/\\\/www.directplanning.com\\\/pl\\\/pobierz-direct-planning\\\/#breadcrumb\"},\"inLanguage\":\"pl-PL\",\"potentialAction\":[{\"@type\":\"ReadAction\",\"target\":[\"https:\\\/\\\/www.directplanning.com\\\/pl\\\/pobierz-direct-planning\\\/\"]}]},{\"@type\":\"ImageObject\",\"inLanguage\":\"pl-PL\",\"@id\":\"https:\\\/\\\/www.directplanning.com\\\/pl\\\/pobierz-direct-planning\\\/#primaryimage\",\"url\":\"https:\\\/\\\/www.directplanning.com\\\/wp-content\\\/uploads\\\/2012\\\/02\\\/LogoDirectPlanning.jpg\",\"contentUrl\":\"https:\\\/\\\/www.directplanning.com\\\/wp-content\\\/uploads\\\/2012\\\/02\\\/LogoDirectPlanning.jpg\",\"width\":1417,\"height\":709},{\"@type\":\"BreadcrumbList\",\"@id\":\"https:\\\/\\\/www.directplanning.com\\\/pl\\\/pobierz-direct-planning\\\/#breadcrumb\",\"itemListElement\":[{\"@type\":\"ListItem\",\"position\":1,\"name\":\"Accueil\",\"item\":\"https:\\\/\\\/www.directplanning.com\\\/pl\\\/\"},{\"@type\":\"ListItem\",\"position\":2,\"name\":\"Pobierz Direct Planning\"}]},{\"@type\":\"WebSite\",\"@id\":\"https:\\\/\\\/www.directplanning.com\\\/fr\\\/#website\",\"url\":\"https:\\\/\\\/www.directplanning.com\\\/fr\\\/\",\"name\":\"Directplanning.com\",\"description\":\"System planowania produkcji, projekt\u00f3w i firm serwisowych\",\"publisher\":{\"@id\":\"https:\\\/\\\/www.directplanning.com\\\/fr\\\/#organization\"},\"potentialAction\":[{\"@type\":\"SearchAction\",\"target\":{\"@type\":\"EntryPoint\",\"urlTemplate\":\"https:\\\/\\\/www.directplanning.com\\\/fr\\\/?s={search_term_string}\"},\"query-input\":{\"@type\":\"PropertyValueSpecification\",\"valueRequired\":true,\"valueName\":\"search_term_string\"}}],\"inLanguage\":\"pl-PL\"},{\"@type\":\"Organization\",\"@id\":\"https:\\\/\\\/www.directplanning.com\\\/fr\\\/#organization\",\"name\":\"Direct Planning\",\"alternateName\":\"DP\",\"url\":\"https:\\\/\\\/www.directplanning.com\\\/fr\\\/\",\"logo\":{\"@type\":\"ImageObject\",\"inLanguage\":\"pl-PL\",\"@id\":\"https:\\\/\\\/www.directplanning.com\\\/fr\\\/#\\\/schema\\\/logo\\\/image\\\/\",\"url\":\"https:\\\/\\\/www.directplanning.com\\\/wp-content\\\/uploads\\\/2023\\\/08\\\/DirectPlanIcone.bmp\",\"contentUrl\":\"https:\\\/\\\/www.directplanning.com\\\/wp-content\\\/uploads\\\/2023\\\/08\\\/DirectPlanIcone.bmp\",\"width\":320,\"height\":355,\"caption\":\"Direct Planning\"},\"image\":{\"@id\":\"https:\\\/\\\/www.directplanning.com\\\/fr\\\/#\\\/schema\\\/logo\\\/image\\\/\"},\"sameAs\":[\"https:\\\/\\\/x.com\\\/Direct_Planning\",\"https:\\\/\\\/www.linkedin.com\\\/showcase\\\/direct-planning\\\/posts\\\/?feedView=all\",\"https:\\\/\\\/www.youtube.com\\\/user\\\/VolumeSoftware\"]}]}<\/script>\n<!-- \/ Yoast SEO plugin. -->","yoast_head_json":{"title":"Pobierz Direct Planning - Direct Planning","description":"Pobierz Direct Planning, oprogramowanie do planowania produkcji, zarz\u0105dzania projektami lub planowania dzia\u0142\u00f3w serwisowych.","robots":{"index":"index","follow":"follow","max-snippet":"max-snippet:-1","max-image-preview":"max-image-preview:large","max-video-preview":"max-video-preview:-1"},"canonical":"https:\/\/www.directplanning.com\/pl\/pobierz-direct-planning\/","og_locale":"pl_PL","og_type":"article","og_title":"Pobierz Direct Planning - Direct Planning","og_description":"Pobierz Direct Planning, oprogramowanie do planowania produkcji, zarz\u0105dzania projektami lub planowania dzia\u0142\u00f3w serwisowych.","og_url":"https:\/\/www.directplanning.com\/pl\/pobierz-direct-planning\/","og_site_name":"Direct Planning","article_modified_time":"2024-03-11T10:46:02+00:00","og_image":[{"width":1417,"height":709,"url":"https:\/\/www.directplanning.com\/wp-content\/uploads\/2012\/02\/LogoDirectPlanning.jpg","type":"image\/jpeg"}],"twitter_card":"summary_large_image","twitter_site":"@Direct_Planning","twitter_misc":{"Szacowany czas czytania":"1 minuta"},"schema":{"@context":"https:\/\/schema.org","@graph":[{"@type":"WebPage","@id":"https:\/\/www.directplanning.com\/pl\/pobierz-direct-planning\/","url":"https:\/\/www.directplanning.com\/pl\/pobierz-direct-planning\/","name":"Pobierz Direct Planning - Direct Planning","isPartOf":{"@id":"https:\/\/www.directplanning.com\/fr\/#website"},"primaryImageOfPage":{"@id":"https:\/\/www.directplanning.com\/pl\/pobierz-direct-planning\/#primaryimage"},"image":{"@id":"https:\/\/www.directplanning.com\/pl\/pobierz-direct-planning\/#primaryimage"},"thumbnailUrl":"https:\/\/www.directplanning.com\/wp-content\/uploads\/2012\/02\/LogoDirectPlanning.jpg","datePublished":"2020-06-29T13:36:42+00:00","dateModified":"2024-03-11T10:46:02+00:00","description":"Pobierz Direct Planning, oprogramowanie do planowania produkcji, zarz\u0105dzania projektami lub planowania dzia\u0142\u00f3w serwisowych.","breadcrumb":{"@id":"https:\/\/www.directplanning.com\/pl\/pobierz-direct-planning\/#breadcrumb"},"inLanguage":"pl-PL","potentialAction":[{"@type":"ReadAction","target":["https:\/\/www.directplanning.com\/pl\/pobierz-direct-planning\/"]}]},{"@type":"ImageObject","inLanguage":"pl-PL","@id":"https:\/\/www.directplanning.com\/pl\/pobierz-direct-planning\/#primaryimage","url":"https:\/\/www.directplanning.com\/wp-content\/uploads\/2012\/02\/LogoDirectPlanning.jpg","contentUrl":"https:\/\/www.directplanning.com\/wp-content\/uploads\/2012\/02\/LogoDirectPlanning.jpg","width":1417,"height":709},{"@type":"BreadcrumbList","@id":"https:\/\/www.directplanning.com\/pl\/pobierz-direct-planning\/#breadcrumb","itemListElement":[{"@type":"ListItem","position":1,"name":"Accueil","item":"https:\/\/www.directplanning.com\/pl\/"},{"@type":"ListItem","position":2,"name":"Pobierz Direct Planning"}]},{"@type":"WebSite","@id":"https:\/\/www.directplanning.com\/fr\/#website","url":"https:\/\/www.directplanning.com\/fr\/","name":"Directplanning.com","description":"System planowania produkcji, projekt\u00f3w i firm serwisowych","publisher":{"@id":"https:\/\/www.directplanning.com\/fr\/#organization"},"potentialAction":[{"@type":"SearchAction","target":{"@type":"EntryPoint","urlTemplate":"https:\/\/www.directplanning.com\/fr\/?s={search_term_string}"},"query-input":{"@type":"PropertyValueSpecification","valueRequired":true,"valueName":"search_term_string"}}],"inLanguage":"pl-PL"},{"@type":"Organization","@id":"https:\/\/www.directplanning.com\/fr\/#organization","name":"Direct Planning","alternateName":"DP","url":"https:\/\/www.directplanning.com\/fr\/","logo":{"@type":"ImageObject","inLanguage":"pl-PL","@id":"https:\/\/www.directplanning.com\/fr\/#\/schema\/logo\/image\/","url":"https:\/\/www.directplanning.com\/wp-content\/uploads\/2023\/08\/DirectPlanIcone.bmp","contentUrl":"https:\/\/www.directplanning.com\/wp-content\/uploads\/2023\/08\/DirectPlanIcone.bmp","width":320,"height":355,"caption":"Direct Planning"},"image":{"@id":"https:\/\/www.directplanning.com\/fr\/#\/schema\/logo\/image\/"},"sameAs":["https:\/\/x.com\/Direct_Planning","https:\/\/www.linkedin.com\/showcase\/direct-planning\/posts\/?feedView=all","https:\/\/www.youtube.com\/user\/VolumeSoftware"]}]}},"_links":{"self":[{"href":"https:\/\/www.directplanning.com\/pl\/wp-json\/wp\/v2\/pages\/4471","targetHints":{"allow":["GET"]}}],"collection":[{"href":"https:\/\/www.directplanning.com\/pl\/wp-json\/wp\/v2\/pages"}],"about":[{"href":"https:\/\/www.directplanning.com\/pl\/wp-json\/wp\/v2\/types\/page"}],"author":[{"embeddable":true,"href":"https:\/\/www.directplanning.com\/pl\/wp-json\/wp\/v2\/users\/2"}],"replies":[{"embeddable":true,"href":"https:\/\/www.directplanning.com\/pl\/wp-json\/wp\/v2\/comments?post=4471"}],"version-history":[{"count":0,"href":"https:\/\/www.directplanning.com\/pl\/wp-json\/wp\/v2\/pages\/4471\/revisions"}],"wp:featuredmedia":[{"embeddable":true,"href":"https:\/\/www.directplanning.com\/pl\/wp-json\/wp\/v2\/media\/3466"}],"wp:attachment":[{"href":"https:\/\/www.directplanning.com\/pl\/wp-json\/wp\/v2\/media?parent=4471"}],"curies":[{"name":"wp","href":"https:\/\/api.w.org\/{rel}","templated":true}]}}