{"id":4459,"date":"2020-06-29T14:25:06","date_gmt":"2020-06-29T12:25:06","guid":{"rendered":"https:\/\/www.directplanning.com\/?page_id=4459"},"modified":"2025-12-16T11:52:37","modified_gmt":"2025-12-16T09:52:37","slug":"direct-planning-linki-do-pobrania","status":"publish","type":"page","link":"https:\/\/www.directplanning.com\/pl\/direct-planning-linki-do-pobrania\/","title":{"rendered":"Direct Planning linki do pobrania"},"content":{"rendered":"<p>Dzi\u0119kuj\u0119 za zainteresowanie systemem <strong>Direct Planning<\/strong>.<\/p>\n<p>Przekonasz si\u0119, \u017ce nasz wysoce konfigurowalny produkt b\u0119dzie pasowa\u0142 do Twojej bran\u017cy.<\/p>\n<p class=\"avertissement\"><i class=\"fa fa-exclamation-triangle\"><\/i> Ostro\u017cnie! Je\u015bli jeste\u015b ju\u017c u\u017cytkownikiem Direct Planning, to w wersji 3. pojawi\u0142a si\u0119 nowy spos\u00f3b licencjonowania. Prosimy o kontakt z naszym <a href=\"https:\/\/www.directplanning.com\/pl\/kontakt\/\" target=\"_blank\" rel=\"noopener noreferrer\">dzia\u0142em wsparcia<\/a> przed ka\u017cd\u0105 aktualizacj\u0105.<\/p>\n<p>Mo\u017cesz pobra\u0107 Direct Planning tutaj:<\/p>\n<ul>\n<li>Dla platformy <strong>Windows 64 bitowej<\/strong>: <a href=\"https:\/\/www.directplanning.com\/wp-content\/setup\/DirectPlanning_x64.exe\">DirectPlanning_x64.exe<\/a><\/li>\n<\/ul>\n<p>Po zainstalowaniu mo\u017cna korzysta\u0107 z Direct Planning za darmo przez 30 dni.<\/p>\n<p>Prosimy o <a title=\"Kontakt\" href=\"https:\/\/www.directplanning.com\/pl\/kontakt\/\">kontakt<\/a> z nami, je\u015bli chcesz przed\u0142u\u017cy\u0107 okres testowy.<\/p>\n","protected":false},"excerpt":{"rendered":"<p>Dzi\u0119kuj\u0119 za zainteresowanie systemem Direct Planning. Przekonasz si\u0119, \u017ce nasz wysoce konfigurowalny produkt b\u0119dzie pasowa\u0142 do Twojej bran\u017cy. Ostro\u017cnie! Je\u015bli jeste\u015b ju\u017c u\u017cytkownikiem Direct Planning, to w wersji 3. pojawi\u0142a si\u0119 nowy spos\u00f3b licencjonowania. Prosimy o kontakt z naszym dzia\u0142em wsparcia przed ka\u017cd\u0105 aktualizacj\u0105. Mo\u017cesz pobra\u0107 Direct Planning tutaj: Dla platformy Windows 64 bitowej: DirectPlanning_x64.exe [&hellip;]<\/p>\n","protected":false},"author":2,"featured_media":3466,"parent":0,"menu_order":0,"comment_status":"closed","ping_status":"open","template":"","meta":{"footnotes":""},"class_list":["post-4459","page","type-page","status-publish","has-post-thumbnail","hentry"],"yoast_head":"<!-- This site is optimized with the Yoast SEO plugin v27.6 - https:\/\/yoast.com\/product\/yoast-seo-wordpress\/ -->\n<title>Direct Planning linki do pobrania - Direct Planning<\/title>\n<meta name=\"robots\" content=\"noindex, follow\" \/>\n<meta property=\"og:locale\" content=\"pl_PL\" \/>\n<meta property=\"og:type\" content=\"article\" \/>\n<meta property=\"og:title\" content=\"Direct Planning linki do pobrania - Direct Planning\" \/>\n<meta property=\"og:description\" content=\"Dzi\u0119kuj\u0119 za zainteresowanie systemem Direct Planning. Przekonasz si\u0119, \u017ce nasz wysoce konfigurowalny produkt b\u0119dzie pasowa\u0142 do Twojej bran\u017cy. Ostro\u017cnie! Je\u015bli jeste\u015b ju\u017c u\u017cytkownikiem Direct Planning, to w wersji 3. pojawi\u0142a si\u0119 nowy spos\u00f3b licencjonowania. Prosimy o kontakt z naszym dzia\u0142em wsparcia przed ka\u017cd\u0105 aktualizacj\u0105. Mo\u017cesz pobra\u0107 Direct Planning tutaj: Dla platformy Windows 64 bitowej: DirectPlanning_x64.exe [&hellip;]\" \/>\n<meta property=\"og:url\" content=\"https:\/\/www.directplanning.com\/pl\/direct-planning-linki-do-pobrania\/\" \/>\n<meta property=\"og:site_name\" content=\"Direct Planning\" \/>\n<meta property=\"article:modified_time\" content=\"2025-12-16T09:52:37+00:00\" \/>\n<meta property=\"og:image\" content=\"https:\/\/www.directplanning.com\/wp-content\/uploads\/2012\/02\/LogoDirectPlanning.jpg\" \/>\n\t<meta property=\"og:image:width\" content=\"1417\" \/>\n\t<meta property=\"og:image:height\" content=\"709\" \/>\n\t<meta property=\"og:image:type\" content=\"image\/jpeg\" \/>\n<meta name=\"twitter:card\" content=\"summary_large_image\" \/>\n<meta name=\"twitter:site\" content=\"@Direct_Planning\" \/>\n<meta name=\"twitter:label1\" content=\"Szacowany czas czytania\" \/>\n\t<meta name=\"twitter:data1\" content=\"1 minuta\" \/>\n<script type=\"application\/ld+json\" class=\"yoast-schema-graph\">{\"@context\":\"https:\\\/\\\/schema.org\",\"@graph\":[{\"@type\":\"WebPage\",\"@id\":\"https:\\\/\\\/www.directplanning.com\\\/pl\\\/direct-planning-linki-do-pobrania\\\/\",\"url\":\"https:\\\/\\\/www.directplanning.com\\\/pl\\\/direct-planning-linki-do-pobrania\\\/\",\"name\":\"Direct Planning linki do pobrania - Direct Planning\",\"isPartOf\":{\"@id\":\"https:\\\/\\\/www.directplanning.com\\\/fr\\\/#website\"},\"primaryImageOfPage\":{\"@id\":\"https:\\\/\\\/www.directplanning.com\\\/pl\\\/direct-planning-linki-do-pobrania\\\/#primaryimage\"},\"image\":{\"@id\":\"https:\\\/\\\/www.directplanning.com\\\/pl\\\/direct-planning-linki-do-pobrania\\\/#primaryimage\"},\"thumbnailUrl\":\"https:\\\/\\\/www.directplanning.com\\\/wp-content\\\/uploads\\\/2012\\\/02\\\/LogoDirectPlanning.jpg\",\"datePublished\":\"2020-06-29T12:25:06+00:00\",\"dateModified\":\"2025-12-16T09:52:37+00:00\",\"breadcrumb\":{\"@id\":\"https:\\\/\\\/www.directplanning.com\\\/pl\\\/direct-planning-linki-do-pobrania\\\/#breadcrumb\"},\"inLanguage\":\"pl-PL\",\"potentialAction\":[{\"@type\":\"ReadAction\",\"target\":[\"https:\\\/\\\/www.directplanning.com\\\/pl\\\/direct-planning-linki-do-pobrania\\\/\"]}]},{\"@type\":\"ImageObject\",\"inLanguage\":\"pl-PL\",\"@id\":\"https:\\\/\\\/www.directplanning.com\\\/pl\\\/direct-planning-linki-do-pobrania\\\/#primaryimage\",\"url\":\"https:\\\/\\\/www.directplanning.com\\\/wp-content\\\/uploads\\\/2012\\\/02\\\/LogoDirectPlanning.jpg\",\"contentUrl\":\"https:\\\/\\\/www.directplanning.com\\\/wp-content\\\/uploads\\\/2012\\\/02\\\/LogoDirectPlanning.jpg\",\"width\":1417,\"height\":709},{\"@type\":\"BreadcrumbList\",\"@id\":\"https:\\\/\\\/www.directplanning.com\\\/pl\\\/direct-planning-linki-do-pobrania\\\/#breadcrumb\",\"itemListElement\":[{\"@type\":\"ListItem\",\"position\":1,\"name\":\"Accueil\",\"item\":\"https:\\\/\\\/www.directplanning.com\\\/pl\\\/\"},{\"@type\":\"ListItem\",\"position\":2,\"name\":\"Direct Planning linki do pobrania\"}]},{\"@type\":\"WebSite\",\"@id\":\"https:\\\/\\\/www.directplanning.com\\\/fr\\\/#website\",\"url\":\"https:\\\/\\\/www.directplanning.com\\\/fr\\\/\",\"name\":\"Directplanning.com\",\"description\":\"System planowania produkcji, projekt\u00f3w i firm serwisowych\",\"publisher\":{\"@id\":\"https:\\\/\\\/www.directplanning.com\\\/fr\\\/#organization\"},\"potentialAction\":[{\"@type\":\"SearchAction\",\"target\":{\"@type\":\"EntryPoint\",\"urlTemplate\":\"https:\\\/\\\/www.directplanning.com\\\/fr\\\/?s={search_term_string}\"},\"query-input\":{\"@type\":\"PropertyValueSpecification\",\"valueRequired\":true,\"valueName\":\"search_term_string\"}}],\"inLanguage\":\"pl-PL\"},{\"@type\":\"Organization\",\"@id\":\"https:\\\/\\\/www.directplanning.com\\\/fr\\\/#organization\",\"name\":\"Direct Planning\",\"alternateName\":\"DP\",\"url\":\"https:\\\/\\\/www.directplanning.com\\\/fr\\\/\",\"logo\":{\"@type\":\"ImageObject\",\"inLanguage\":\"pl-PL\",\"@id\":\"https:\\\/\\\/www.directplanning.com\\\/fr\\\/#\\\/schema\\\/logo\\\/image\\\/\",\"url\":\"https:\\\/\\\/www.directplanning.com\\\/wp-content\\\/uploads\\\/2023\\\/08\\\/DirectPlanIcone.bmp\",\"contentUrl\":\"https:\\\/\\\/www.directplanning.com\\\/wp-content\\\/uploads\\\/2023\\\/08\\\/DirectPlanIcone.bmp\",\"width\":320,\"height\":355,\"caption\":\"Direct Planning\"},\"image\":{\"@id\":\"https:\\\/\\\/www.directplanning.com\\\/fr\\\/#\\\/schema\\\/logo\\\/image\\\/\"},\"sameAs\":[\"https:\\\/\\\/x.com\\\/Direct_Planning\",\"https:\\\/\\\/www.linkedin.com\\\/showcase\\\/direct-planning\\\/posts\\\/?feedView=all\",\"https:\\\/\\\/www.youtube.com\\\/user\\\/VolumeSoftware\"]}]}<\/script>\n<!-- \/ Yoast SEO plugin. -->","yoast_head_json":{"title":"Direct Planning linki do pobrania - Direct Planning","robots":{"index":"noindex","follow":"follow"},"og_locale":"pl_PL","og_type":"article","og_title":"Direct Planning linki do pobrania - Direct Planning","og_description":"Dzi\u0119kuj\u0119 za zainteresowanie systemem Direct Planning. Przekonasz si\u0119, \u017ce nasz wysoce konfigurowalny produkt b\u0119dzie pasowa\u0142 do Twojej bran\u017cy. Ostro\u017cnie! Je\u015bli jeste\u015b ju\u017c u\u017cytkownikiem Direct Planning, to w wersji 3. pojawi\u0142a si\u0119 nowy spos\u00f3b licencjonowania. Prosimy o kontakt z naszym dzia\u0142em wsparcia przed ka\u017cd\u0105 aktualizacj\u0105. Mo\u017cesz pobra\u0107 Direct Planning tutaj: Dla platformy Windows 64 bitowej: DirectPlanning_x64.exe [&hellip;]","og_url":"https:\/\/www.directplanning.com\/pl\/direct-planning-linki-do-pobrania\/","og_site_name":"Direct Planning","article_modified_time":"2025-12-16T09:52:37+00:00","og_image":[{"width":1417,"height":709,"url":"https:\/\/www.directplanning.com\/wp-content\/uploads\/2012\/02\/LogoDirectPlanning.jpg","type":"image\/jpeg"}],"twitter_card":"summary_large_image","twitter_site":"@Direct_Planning","twitter_misc":{"Szacowany czas czytania":"1 minuta"},"schema":{"@context":"https:\/\/schema.org","@graph":[{"@type":"WebPage","@id":"https:\/\/www.directplanning.com\/pl\/direct-planning-linki-do-pobrania\/","url":"https:\/\/www.directplanning.com\/pl\/direct-planning-linki-do-pobrania\/","name":"Direct Planning linki do pobrania - Direct Planning","isPartOf":{"@id":"https:\/\/www.directplanning.com\/fr\/#website"},"primaryImageOfPage":{"@id":"https:\/\/www.directplanning.com\/pl\/direct-planning-linki-do-pobrania\/#primaryimage"},"image":{"@id":"https:\/\/www.directplanning.com\/pl\/direct-planning-linki-do-pobrania\/#primaryimage"},"thumbnailUrl":"https:\/\/www.directplanning.com\/wp-content\/uploads\/2012\/02\/LogoDirectPlanning.jpg","datePublished":"2020-06-29T12:25:06+00:00","dateModified":"2025-12-16T09:52:37+00:00","breadcrumb":{"@id":"https:\/\/www.directplanning.com\/pl\/direct-planning-linki-do-pobrania\/#breadcrumb"},"inLanguage":"pl-PL","potentialAction":[{"@type":"ReadAction","target":["https:\/\/www.directplanning.com\/pl\/direct-planning-linki-do-pobrania\/"]}]},{"@type":"ImageObject","inLanguage":"pl-PL","@id":"https:\/\/www.directplanning.com\/pl\/direct-planning-linki-do-pobrania\/#primaryimage","url":"https:\/\/www.directplanning.com\/wp-content\/uploads\/2012\/02\/LogoDirectPlanning.jpg","contentUrl":"https:\/\/www.directplanning.com\/wp-content\/uploads\/2012\/02\/LogoDirectPlanning.jpg","width":1417,"height":709},{"@type":"BreadcrumbList","@id":"https:\/\/www.directplanning.com\/pl\/direct-planning-linki-do-pobrania\/#breadcrumb","itemListElement":[{"@type":"ListItem","position":1,"name":"Accueil","item":"https:\/\/www.directplanning.com\/pl\/"},{"@type":"ListItem","position":2,"name":"Direct Planning linki do pobrania"}]},{"@type":"WebSite","@id":"https:\/\/www.directplanning.com\/fr\/#website","url":"https:\/\/www.directplanning.com\/fr\/","name":"Directplanning.com","description":"System planowania produkcji, projekt\u00f3w i firm serwisowych","publisher":{"@id":"https:\/\/www.directplanning.com\/fr\/#organization"},"potentialAction":[{"@type":"SearchAction","target":{"@type":"EntryPoint","urlTemplate":"https:\/\/www.directplanning.com\/fr\/?s={search_term_string}"},"query-input":{"@type":"PropertyValueSpecification","valueRequired":true,"valueName":"search_term_string"}}],"inLanguage":"pl-PL"},{"@type":"Organization","@id":"https:\/\/www.directplanning.com\/fr\/#organization","name":"Direct Planning","alternateName":"DP","url":"https:\/\/www.directplanning.com\/fr\/","logo":{"@type":"ImageObject","inLanguage":"pl-PL","@id":"https:\/\/www.directplanning.com\/fr\/#\/schema\/logo\/image\/","url":"https:\/\/www.directplanning.com\/wp-content\/uploads\/2023\/08\/DirectPlanIcone.bmp","contentUrl":"https:\/\/www.directplanning.com\/wp-content\/uploads\/2023\/08\/DirectPlanIcone.bmp","width":320,"height":355,"caption":"Direct Planning"},"image":{"@id":"https:\/\/www.directplanning.com\/fr\/#\/schema\/logo\/image\/"},"sameAs":["https:\/\/x.com\/Direct_Planning","https:\/\/www.linkedin.com\/showcase\/direct-planning\/posts\/?feedView=all","https:\/\/www.youtube.com\/user\/VolumeSoftware"]}]}},"_links":{"self":[{"href":"https:\/\/www.directplanning.com\/pl\/wp-json\/wp\/v2\/pages\/4459","targetHints":{"allow":["GET"]}}],"collection":[{"href":"https:\/\/www.directplanning.com\/pl\/wp-json\/wp\/v2\/pages"}],"about":[{"href":"https:\/\/www.directplanning.com\/pl\/wp-json\/wp\/v2\/types\/page"}],"author":[{"embeddable":true,"href":"https:\/\/www.directplanning.com\/pl\/wp-json\/wp\/v2\/users\/2"}],"replies":[{"embeddable":true,"href":"https:\/\/www.directplanning.com\/pl\/wp-json\/wp\/v2\/comments?post=4459"}],"version-history":[{"count":1,"href":"https:\/\/www.directplanning.com\/pl\/wp-json\/wp\/v2\/pages\/4459\/revisions"}],"predecessor-version":[{"id":6423,"href":"https:\/\/www.directplanning.com\/pl\/wp-json\/wp\/v2\/pages\/4459\/revisions\/6423"}],"wp:featuredmedia":[{"embeddable":true,"href":"https:\/\/www.directplanning.com\/pl\/wp-json\/wp\/v2\/media\/3466"}],"wp:attachment":[{"href":"https:\/\/www.directplanning.com\/pl\/wp-json\/wp\/v2\/media?parent=4459"}],"curies":[{"name":"wp","href":"https:\/\/api.w.org\/{rel}","templated":true}]}}