{"id":4454,"date":"2020-06-29T15:29:42","date_gmt":"2020-06-29T13:29:42","guid":{"rendered":"https:\/\/www.directplanning.com\/?page_id=4454"},"modified":"2023-01-30T18:35:37","modified_gmt":"2023-01-30T16:35:37","slug":"faq","status":"publish","type":"page","link":"https:\/\/www.directplanning.com\/pl\/faq\/","title":{"rendered":"FAQ"},"content":{"rendered":"<div class=\"mks_toggle\">\r\n            <div class=\"mks_toggle_heading\">Jakie s\u0105 zalecane wymagania sprz\u0119towe?<i class=\"fa fa-plus\"><\/i><i class=\"fa fa-minus\"><\/i><\/div>\r\n                <div class=\"mks_toggle_content\">\n<p><strong>Procesor:<\/strong> 3 Ghz (Min. 2 Ghz)<\/p>\n<p><strong>RAM:<\/strong> 16 Gb (Min. 8 Gb)<\/p>\n<p><strong>Rozdzielczo\u015b\u0107 monitora:<\/strong> 1920 x 1080 pixels<\/p>\n<p>Do komputera planisty:<\/p>\n<ul>\n<li><strong>Wydajna karta graficzna<\/strong> z 2 wyj\u015bciami wideo zapewnia optymaln\u0105 prac\u0119.<\/li>\n<li><strong>Dwa monitory min. 24&#8243;<\/strong>. Direct Planning oferuje funkcje, w kt\u00f3rych dwa ekrany znacznie poprawiaj\u0105 ergonomi\u0119 stanowiska pracy; na przyk\u0142ad wy\u015bwietlanie harmonogramu na lewym ekranie i listy zada\u0144 na prawym ekranie.<\/li>\n<\/ul>\n<\/div>\r\n            <\/div>\n<div class=\"mks_toggle\">\r\n            <div class=\"mks_toggle_heading\">Jakie s\u0105 wymagania techniczne?<i class=\"fa fa-plus\"><\/i><i class=\"fa fa-minus\"><\/i><\/div>\r\n                <div class=\"mks_toggle_content\">\n<p><u>System operacyjny<\/u>:<\/p>\n<ul>\n<li><strong>Stacje robocze:<\/strong> system MS Windows 8, 10 lub 11<br \/>\n<span style=\"color: #999999;\">System Windows 7 nie jest ju\u017c wspierany przez Microsoft od 14\/01\/2020 r.<br \/>\nWindows XP nie jest ju\u017c wspierany (koniec wsparcia ze strony firmy Microsoft)<br \/>\n<\/span><\/li>\n<li><strong>Serwer:<\/strong> Windows Server 2012, 2016 lub 2019 (Windows serwer <strong>niea mo\u017ce by\u0107<\/strong> kontrolerem domeny).<br \/>\n<span style=\"color: #999999;\">Windows Server 2008 R2 nie jest ju\u017c wspierany przez Microsoft od 14\/01\/2020 r.<\/span><\/li>\n<\/ul>\n<p><u>Wymagane oprogramowanie<\/u>:<\/p>\n<p><strong>Microsoft .NET Framework 4.8<\/strong> musi by\u0107 zainstalowany na Twoim komputerze. Po zainstalowaniu Direct Planning, zostaniesz <strong>automatycznie<\/strong> przekierowany na stron\u0119 pobierania.<\/p>\n<p><span style=\"text-decoration: underline;\">Minimalna przestrze\u0144 dyskowa:<\/span><\/p>\n<ul>\n<li><strong>10 Gb<\/strong> dla &#8220;<strong>pe\u0142nej<\/strong>&#8221; instalacji na stacji przyjmuj\u0105cej baz\u0119 danych harmonogramu (automatyczna instalacja SQL Server Express)<\/li>\n<li><strong>200 Mb<\/strong> dla &#8220;<strong>minimalnej<\/strong>&#8221; instalacji na stacjach roboczych u\u017cytkownik\u00f3w<\/li>\n<\/ul>\n<\/div>\r\n            <\/div>\n<div class=\"mks_toggle\">\r\n            <div class=\"mks_toggle_heading\">Jakie s\u0105 dost\u0119pne j\u0119zyki?<i class=\"fa fa-plus\"><\/i><i class=\"fa fa-minus\"><\/i><\/div>\r\n                <div class=\"mks_toggle_content\">\n<p>Dost\u0119pny po <strong>francusku<\/strong> i <strong>angielsku<\/strong>, a ju\u017c wkr\u00f3tce po <strong>polsku<\/strong>.<\/p>\n<\/div>\r\n            <\/div>\n<div class=\"mks_toggle\">\r\n            <div class=\"mks_toggle_heading\">Jak d\u0142ugo trwa okres testowy korzystania z systemu?<i class=\"fa fa-plus\"><\/i><i class=\"fa fa-minus\"><\/i><\/div>\r\n                <div class=\"mks_toggle_content\">\n<p>Okres testowy Direct Planning wynosi <strong>30 dni<\/strong>. Je\u015bli jednak chcieliby Pa\u0144stwo przed\u0142u\u017cy\u0107 sw\u00f3j okres oceny, prosimy o <a href=\"https:\/\/www.directplanning.com\/pl\/kontakt\/\">kontakt z nami<\/a>.<\/p>\n<\/div>\r\n            <\/div>\n<div class=\"mks_toggle\">\r\n            <div class=\"mks_toggle_heading\">Czy Direct Planning mo\u017ce komunikowa\u0107 si\u0119 z moim systemem informatycznym, aby unikn\u0105\u0107 ponownego wprowadzania danych planistycznych?<i class=\"fa fa-plus\"><\/i><i class=\"fa fa-minus\"><\/i><\/div>\r\n                <div class=\"mks_toggle_content\">\n<p>Direct Planning oferuje standardowy interfejs w formacie CSV umo\u017cliwiaj\u0105cy <a href=\"https:\/\/www.directplanning.com\/en\/industry-planning\/industry-planning-features\/industry-planning-interface-with-your-information-system\/\">import danych sprzeda\u017cy lub produkcji z systemu informatycznego (ERP, GPAO)<\/a>, <strong>bez konieczno\u015bci wielokrotnego wprowadzania tych informacji<\/strong>.<\/p>\n<p>Oferujemy r\u00f3wnie\u017c <a href=\"https:\/\/www.directplanning.com\/en\/industry-planning\/industry-planning-features\/direct-planning-connect\/\">Direct Planning Connect<\/a>, oprogramowanie zaprojektowane w celu u\u0142atwienia integracji z Pa\u0144stwa z systemem ERP\/MIS lub GPAO.<\/p>\n<\/div>\r\n            <\/div>\n<div class=\"mks_toggle\">\r\n            <div class=\"mks_toggle_heading\">Czy Direct Planning mo\u017cna skonfigurowa\u0107 tak, aby spe\u0142nia\u0142 wymagania i ograniczenia mojej firmy?<i class=\"fa fa-plus\"><\/i><i class=\"fa fa-minus\"><\/i><\/div>\r\n                <div class=\"mks_toggle_content\">\n<p>Direct Planning jest <strong>wysoce<\/strong> <strong>konfigurowalnym<\/strong> oprogramowaniem pod wzgl\u0119dem danych, ogranicze\u0144 i wygl\u0105du.<\/p>\n<p>Dane importowane z systemu informatycznego mo\u017cna dostosowa\u0107 do w\u0142asnych potrzeb, unikaj\u0105c ponownego wprowadzania danych.<\/p>\n<p>Mo\u017cesz stworzy\u0107 dowoln\u0105 liczb\u0119 widok\u00f3w swojego harmonogramu, wy\u015bwietla\u0107 \u017c\u0105dane dane za pomoc\u0105 w\u0142asnych kod\u00f3w, kolor\u00f3w i marker\u00f3w.<\/p>\n<\/div>\r\n            <\/div>\n<div class=\"mks_toggle\">\r\n            <div class=\"mks_toggle_heading\">Czy Direct Planning jest dostarczany jako system pude\u0142kowy, czy te\u017c dostawca proponuje us\u0142ug\u0119 instalacji i szkolenia?<i class=\"fa fa-plus\"><\/i><i class=\"fa fa-minus\"><\/i><\/div>\r\n                <div class=\"mks_toggle_content\">\n<p>Jako producent systemu Direct Planning <strong>proponujemy<\/strong> instalacj\u0119 i szkolenie.<\/p>\n<\/div>\r\n            <\/div>\n<div class=\"mks_toggle\">\r\n            <div class=\"mks_toggle_heading\">Czy istnieje pomoc techniczna w przypadku problem\u00f3w z Direct Planning?<i class=\"fa fa-plus\"><\/i><i class=\"fa fa-minus\"><\/i><\/div>\r\n                <div class=\"mks_toggle_content\">\n<p>Przy zakupie licencji Planowania Bezpo\u015bredniego przedstawiamy Pa\u0144stwu <strong>umow\u0119 serwisow\u0105<\/strong>. Umowa ta zapewnia dost\u0119p do naszej <strong>infolinii<\/strong> (dost\u0119pnej w godzinach pracy) oraz do wszystkich mniejszych i wi\u0119kszych <strong>aktualizacji<\/strong>.<\/p>\n<\/div>\r\n            <\/div>\n<div class=\"mks_toggle\">\r\n            <div class=\"mks_toggle_heading\">Mam licencj\u0119 Direct Planning Produkcja. Czy mog\u0119 u\u017cywa\u0107 go w innych trybach (Projekty lub Us\u0142ugi Serwisowe)?<i class=\"fa fa-plus\"><\/i><i class=\"fa fa-minus\"><\/i><\/div>\r\n                <div class=\"mks_toggle_content\">\n<p>Direct Planning Produkcja (najbardziej bogata w funkcje wersja) umo\u017cliwia tworzenie dowolnej liczby harmonogram\u00f3w (zarz\u0105dzanie projektami lub us\u0142ugami serwisowymi).<\/p>\n<p>W ten sam spos\u00f3b u\u017cytkownik Direct Planning w trybie Projektu mo\u017ce tworzy\u0107 harmonogramy w trybie Serwisu.<\/p>\n<\/div>\r\n            <\/div>\n<div class=\"mks_toggle\">\r\n            <div class=\"mks_toggle_heading\">Jak mog\u0119 uzyska\u0107 pomoc lub przyk\u0142ady kodu odnosz\u0105ce si\u0119 do programowalnych formu\u0142?<i class=\"fa fa-plus\"><\/i><i class=\"fa fa-minus\"><\/i><\/div>\r\n                <div class=\"mks_toggle_content\">\n<p>Direct Planning zapewnia pot\u0119\u017cny system umo\u017cliwiaj\u0105cy dostosowanie czasu konfiguracji i przepustowo\u015bci, z uwzgl\u0119dnieniem specyfiki Twojej firmy. Mo\u017cesz samodzielnie skonfigurowa\u0107 system lub zwr\u00f3ci\u0107 si\u0119 o pomoc do naszych konsultant\u00f3w. Programowalne formu\u0142y s\u0105 pisane w Visual Basic.<\/p>\n<p>Aby pom\u00f3c Ci w pisaniu tych programowalnych formu\u0142, mo\u017cesz skorzysta\u0107 z naszego <a href=\"http:\/\/directplanning.com\/fr\/formules\" target=\"_blank\" rel=\"noopener noreferrer\">samouczka<\/a> (dost\u0119pny tylko w j\u0119zyku francuskim).<\/p>\n<\/div>\r\n            <\/div>\n","protected":false},"excerpt":{"rendered":"","protected":false},"author":2,"featured_media":3466,"parent":0,"menu_order":0,"comment_status":"closed","ping_status":"closed","template":"","meta":{"footnotes":""},"class_list":["post-4454","page","type-page","status-publish","has-post-thumbnail","hentry"],"yoast_head":"<!-- This site is optimized with the Yoast SEO plugin v27.6 - https:\/\/yoast.com\/product\/yoast-seo-wordpress\/ -->\n<title>FAQ - Direct Planning<\/title>\n<meta name=\"robots\" content=\"index, follow, max-snippet:-1, max-image-preview:large, max-video-preview:-1\" \/>\n<link rel=\"canonical\" href=\"https:\/\/www.directplanning.com\/pl\/faq\/\" \/>\n<meta property=\"og:locale\" content=\"pl_PL\" \/>\n<meta property=\"og:type\" content=\"article\" \/>\n<meta property=\"og:title\" content=\"FAQ - Direct Planning\" \/>\n<meta property=\"og:url\" content=\"https:\/\/www.directplanning.com\/pl\/faq\/\" \/>\n<meta property=\"og:site_name\" content=\"Direct Planning\" \/>\n<meta property=\"article:modified_time\" content=\"2023-01-30T16:35:37+00:00\" \/>\n<meta property=\"og:image\" content=\"https:\/\/www.directplanning.com\/wp-content\/uploads\/2012\/02\/LogoDirectPlanning.jpg\" \/>\n\t<meta property=\"og:image:width\" content=\"1417\" \/>\n\t<meta property=\"og:image:height\" content=\"709\" \/>\n\t<meta property=\"og:image:type\" content=\"image\/jpeg\" \/>\n<meta name=\"twitter:card\" content=\"summary_large_image\" \/>\n<meta name=\"twitter:site\" content=\"@Direct_Planning\" \/>\n<meta name=\"twitter:label1\" content=\"Szacowany czas czytania\" \/>\n\t<meta name=\"twitter:data1\" content=\"4 minuty\" \/>\n<script type=\"application\/ld+json\" class=\"yoast-schema-graph\">{\"@context\":\"https:\\\/\\\/schema.org\",\"@graph\":[{\"@type\":\"WebPage\",\"@id\":\"https:\\\/\\\/www.directplanning.com\\\/pl\\\/faq\\\/\",\"url\":\"https:\\\/\\\/www.directplanning.com\\\/pl\\\/faq\\\/\",\"name\":\"FAQ - Direct Planning\",\"isPartOf\":{\"@id\":\"https:\\\/\\\/www.directplanning.com\\\/fr\\\/#website\"},\"primaryImageOfPage\":{\"@id\":\"https:\\\/\\\/www.directplanning.com\\\/pl\\\/faq\\\/#primaryimage\"},\"image\":{\"@id\":\"https:\\\/\\\/www.directplanning.com\\\/pl\\\/faq\\\/#primaryimage\"},\"thumbnailUrl\":\"https:\\\/\\\/www.directplanning.com\\\/wp-content\\\/uploads\\\/2012\\\/02\\\/LogoDirectPlanning.jpg\",\"datePublished\":\"2020-06-29T13:29:42+00:00\",\"dateModified\":\"2023-01-30T16:35:37+00:00\",\"breadcrumb\":{\"@id\":\"https:\\\/\\\/www.directplanning.com\\\/pl\\\/faq\\\/#breadcrumb\"},\"inLanguage\":\"pl-PL\",\"potentialAction\":[{\"@type\":\"ReadAction\",\"target\":[\"https:\\\/\\\/www.directplanning.com\\\/pl\\\/faq\\\/\"]}]},{\"@type\":\"ImageObject\",\"inLanguage\":\"pl-PL\",\"@id\":\"https:\\\/\\\/www.directplanning.com\\\/pl\\\/faq\\\/#primaryimage\",\"url\":\"https:\\\/\\\/www.directplanning.com\\\/wp-content\\\/uploads\\\/2012\\\/02\\\/LogoDirectPlanning.jpg\",\"contentUrl\":\"https:\\\/\\\/www.directplanning.com\\\/wp-content\\\/uploads\\\/2012\\\/02\\\/LogoDirectPlanning.jpg\",\"width\":1417,\"height\":709},{\"@type\":\"BreadcrumbList\",\"@id\":\"https:\\\/\\\/www.directplanning.com\\\/pl\\\/faq\\\/#breadcrumb\",\"itemListElement\":[{\"@type\":\"ListItem\",\"position\":1,\"name\":\"Accueil\",\"item\":\"https:\\\/\\\/www.directplanning.com\\\/pl\\\/\"},{\"@type\":\"ListItem\",\"position\":2,\"name\":\"FAQ\"}]},{\"@type\":\"WebSite\",\"@id\":\"https:\\\/\\\/www.directplanning.com\\\/fr\\\/#website\",\"url\":\"https:\\\/\\\/www.directplanning.com\\\/fr\\\/\",\"name\":\"Directplanning.com\",\"description\":\"System planowania produkcji, projekt\u00f3w i firm serwisowych\",\"publisher\":{\"@id\":\"https:\\\/\\\/www.directplanning.com\\\/fr\\\/#organization\"},\"potentialAction\":[{\"@type\":\"SearchAction\",\"target\":{\"@type\":\"EntryPoint\",\"urlTemplate\":\"https:\\\/\\\/www.directplanning.com\\\/fr\\\/?s={search_term_string}\"},\"query-input\":{\"@type\":\"PropertyValueSpecification\",\"valueRequired\":true,\"valueName\":\"search_term_string\"}}],\"inLanguage\":\"pl-PL\"},{\"@type\":\"Organization\",\"@id\":\"https:\\\/\\\/www.directplanning.com\\\/fr\\\/#organization\",\"name\":\"Direct Planning\",\"alternateName\":\"DP\",\"url\":\"https:\\\/\\\/www.directplanning.com\\\/fr\\\/\",\"logo\":{\"@type\":\"ImageObject\",\"inLanguage\":\"pl-PL\",\"@id\":\"https:\\\/\\\/www.directplanning.com\\\/fr\\\/#\\\/schema\\\/logo\\\/image\\\/\",\"url\":\"https:\\\/\\\/www.directplanning.com\\\/wp-content\\\/uploads\\\/2023\\\/08\\\/DirectPlanIcone.bmp\",\"contentUrl\":\"https:\\\/\\\/www.directplanning.com\\\/wp-content\\\/uploads\\\/2023\\\/08\\\/DirectPlanIcone.bmp\",\"width\":320,\"height\":355,\"caption\":\"Direct Planning\"},\"image\":{\"@id\":\"https:\\\/\\\/www.directplanning.com\\\/fr\\\/#\\\/schema\\\/logo\\\/image\\\/\"},\"sameAs\":[\"https:\\\/\\\/x.com\\\/Direct_Planning\",\"https:\\\/\\\/www.linkedin.com\\\/showcase\\\/direct-planning\\\/posts\\\/?feedView=all\",\"https:\\\/\\\/www.youtube.com\\\/user\\\/VolumeSoftware\"]}]}<\/script>\n<!-- \/ Yoast SEO plugin. -->","yoast_head_json":{"title":"FAQ - Direct Planning","robots":{"index":"index","follow":"follow","max-snippet":"max-snippet:-1","max-image-preview":"max-image-preview:large","max-video-preview":"max-video-preview:-1"},"canonical":"https:\/\/www.directplanning.com\/pl\/faq\/","og_locale":"pl_PL","og_type":"article","og_title":"FAQ - Direct Planning","og_url":"https:\/\/www.directplanning.com\/pl\/faq\/","og_site_name":"Direct Planning","article_modified_time":"2023-01-30T16:35:37+00:00","og_image":[{"width":1417,"height":709,"url":"https:\/\/www.directplanning.com\/wp-content\/uploads\/2012\/02\/LogoDirectPlanning.jpg","type":"image\/jpeg"}],"twitter_card":"summary_large_image","twitter_site":"@Direct_Planning","twitter_misc":{"Szacowany czas czytania":"4 minuty"},"schema":{"@context":"https:\/\/schema.org","@graph":[{"@type":"WebPage","@id":"https:\/\/www.directplanning.com\/pl\/faq\/","url":"https:\/\/www.directplanning.com\/pl\/faq\/","name":"FAQ - Direct Planning","isPartOf":{"@id":"https:\/\/www.directplanning.com\/fr\/#website"},"primaryImageOfPage":{"@id":"https:\/\/www.directplanning.com\/pl\/faq\/#primaryimage"},"image":{"@id":"https:\/\/www.directplanning.com\/pl\/faq\/#primaryimage"},"thumbnailUrl":"https:\/\/www.directplanning.com\/wp-content\/uploads\/2012\/02\/LogoDirectPlanning.jpg","datePublished":"2020-06-29T13:29:42+00:00","dateModified":"2023-01-30T16:35:37+00:00","breadcrumb":{"@id":"https:\/\/www.directplanning.com\/pl\/faq\/#breadcrumb"},"inLanguage":"pl-PL","potentialAction":[{"@type":"ReadAction","target":["https:\/\/www.directplanning.com\/pl\/faq\/"]}]},{"@type":"ImageObject","inLanguage":"pl-PL","@id":"https:\/\/www.directplanning.com\/pl\/faq\/#primaryimage","url":"https:\/\/www.directplanning.com\/wp-content\/uploads\/2012\/02\/LogoDirectPlanning.jpg","contentUrl":"https:\/\/www.directplanning.com\/wp-content\/uploads\/2012\/02\/LogoDirectPlanning.jpg","width":1417,"height":709},{"@type":"BreadcrumbList","@id":"https:\/\/www.directplanning.com\/pl\/faq\/#breadcrumb","itemListElement":[{"@type":"ListItem","position":1,"name":"Accueil","item":"https:\/\/www.directplanning.com\/pl\/"},{"@type":"ListItem","position":2,"name":"FAQ"}]},{"@type":"WebSite","@id":"https:\/\/www.directplanning.com\/fr\/#website","url":"https:\/\/www.directplanning.com\/fr\/","name":"Directplanning.com","description":"System planowania produkcji, projekt\u00f3w i firm serwisowych","publisher":{"@id":"https:\/\/www.directplanning.com\/fr\/#organization"},"potentialAction":[{"@type":"SearchAction","target":{"@type":"EntryPoint","urlTemplate":"https:\/\/www.directplanning.com\/fr\/?s={search_term_string}"},"query-input":{"@type":"PropertyValueSpecification","valueRequired":true,"valueName":"search_term_string"}}],"inLanguage":"pl-PL"},{"@type":"Organization","@id":"https:\/\/www.directplanning.com\/fr\/#organization","name":"Direct Planning","alternateName":"DP","url":"https:\/\/www.directplanning.com\/fr\/","logo":{"@type":"ImageObject","inLanguage":"pl-PL","@id":"https:\/\/www.directplanning.com\/fr\/#\/schema\/logo\/image\/","url":"https:\/\/www.directplanning.com\/wp-content\/uploads\/2023\/08\/DirectPlanIcone.bmp","contentUrl":"https:\/\/www.directplanning.com\/wp-content\/uploads\/2023\/08\/DirectPlanIcone.bmp","width":320,"height":355,"caption":"Direct Planning"},"image":{"@id":"https:\/\/www.directplanning.com\/fr\/#\/schema\/logo\/image\/"},"sameAs":["https:\/\/x.com\/Direct_Planning","https:\/\/www.linkedin.com\/showcase\/direct-planning\/posts\/?feedView=all","https:\/\/www.youtube.com\/user\/VolumeSoftware"]}]}},"_links":{"self":[{"href":"https:\/\/www.directplanning.com\/pl\/wp-json\/wp\/v2\/pages\/4454","targetHints":{"allow":["GET"]}}],"collection":[{"href":"https:\/\/www.directplanning.com\/pl\/wp-json\/wp\/v2\/pages"}],"about":[{"href":"https:\/\/www.directplanning.com\/pl\/wp-json\/wp\/v2\/types\/page"}],"author":[{"embeddable":true,"href":"https:\/\/www.directplanning.com\/pl\/wp-json\/wp\/v2\/users\/2"}],"replies":[{"embeddable":true,"href":"https:\/\/www.directplanning.com\/pl\/wp-json\/wp\/v2\/comments?post=4454"}],"version-history":[{"count":0,"href":"https:\/\/www.directplanning.com\/pl\/wp-json\/wp\/v2\/pages\/4454\/revisions"}],"wp:featuredmedia":[{"embeddable":true,"href":"https:\/\/www.directplanning.com\/pl\/wp-json\/wp\/v2\/media\/3466"}],"wp:attachment":[{"href":"https:\/\/www.directplanning.com\/pl\/wp-json\/wp\/v2\/media?parent=4454"}],"curies":[{"name":"wp","href":"https:\/\/api.w.org\/{rel}","templated":true}]}}