{"id":4453,"date":"2020-06-29T15:30:59","date_gmt":"2020-06-29T13:30:59","guid":{"rendered":"https:\/\/www.directplanning.com\/?page_id=4453"},"modified":"2024-03-11T13:11:27","modified_gmt":"2024-03-11T11:11:27","slug":"informacja-prawna","status":"publish","type":"page","link":"https:\/\/www.directplanning.com\/pl\/informacja-prawna\/","title":{"rendered":"Informacja prawna"},"content":{"rendered":"<p>Ta strona jest publikowana przez:<\/p>\n<p><strong>Volume Software<\/strong><br \/>\n<strong>1 Bd heurteloup<\/strong><br \/>\n<strong>37026 TOURS<br \/>\nFrance<br \/>\n<\/strong><\/p>\n<p>Telefon : +33 2 47 66 47 20<br \/>\nemail : info@volume-software.com<\/p>\n<p>Uproszczona sp\u00f3\u0142ka akcyjna o kapitale w wysoko\u015bci 504000 \u20ac<br \/>\nRCS TOURS 324 744 481<br \/>\nWewn\u0105trzwsp\u00f3lnotowy numer VAT: FR 84 324 744 481<br \/>\nSIRET: 324 744 481 00049<\/p>\n<p>Menad\u017cerem ds. publikacji jest <strong>Jean-Christophe Orsoni<\/strong>.<\/p>\n<p>Ta strona posiada prawa autorskie. Wszelkie prawa autor\u00f3w utwor\u00f3w chronionych, powielanych i przekazywanych na tej stronie, s\u0105 zastrze\u017cone.<br \/>\nJakiekolwiek ca\u0142kowite lub cz\u0119\u015bciowe powielanie, reemitowanie lub rozpowszechnianie tre\u015bci jest zabronione.<\/p>\n<p><strong>Hosting<\/strong> : ta strona jest obs\u0142ugiwana przez <strong>OVH<\/strong>. Siedziba g\u0142\u00f3wna: 2 rue Kellermann \u2013 59100 Roubaix \u2013 France.<\/p>\n<p><strong>Ciasteczka<\/strong>: strona ta wykorzystuje pliki cookie wy\u0142\u0105cznie do cel\u00f3w statystycznych (Google Analytics). Nie s\u0105 zbierane \u017cadne dane osobowe.<\/p>\n","protected":false},"excerpt":{"rendered":"<p>Ta strona jest publikowana przez: Volume Software 1 Bd heurteloup 37026 TOURS France Telefon : +33 2 47 66 47 20 email : info@volume-software.com Uproszczona sp\u00f3\u0142ka akcyjna o kapitale w wysoko\u015bci 504000 \u20ac RCS TOURS 324 744 481 Wewn\u0105trzwsp\u00f3lnotowy numer VAT: FR 84 324 744 481 SIRET: 324 744 481 00049 Menad\u017cerem ds. publikacji jest [&hellip;]<\/p>\n","protected":false},"author":2,"featured_media":3466,"parent":0,"menu_order":0,"comment_status":"closed","ping_status":"closed","template":"","meta":{"footnotes":""},"class_list":["post-4453","page","type-page","status-publish","has-post-thumbnail","hentry"],"yoast_head":"<!-- This site is optimized with the Yoast SEO plugin v27.4 - https:\/\/yoast.com\/product\/yoast-seo-wordpress\/ -->\n<title>Informacja prawna - Direct Planning<\/title>\n<meta name=\"robots\" content=\"index, follow, max-snippet:-1, max-image-preview:large, max-video-preview:-1\" \/>\n<link rel=\"canonical\" href=\"https:\/\/www.directplanning.com\/pl\/informacja-prawna\/\" \/>\n<meta property=\"og:locale\" content=\"pl_PL\" \/>\n<meta property=\"og:type\" content=\"article\" \/>\n<meta property=\"og:title\" content=\"Informacja prawna - Direct Planning\" \/>\n<meta property=\"og:description\" content=\"Ta strona jest publikowana przez: Volume Software 1 Bd heurteloup 37026 TOURS France Telefon : +33 2 47 66 47 20 email : info@volume-software.com Uproszczona sp\u00f3\u0142ka akcyjna o kapitale w wysoko\u015bci 504000 \u20ac RCS TOURS 324 744 481 Wewn\u0105trzwsp\u00f3lnotowy numer VAT: FR 84 324 744 481 SIRET: 324 744 481 00049 Menad\u017cerem ds. publikacji jest [&hellip;]\" \/>\n<meta property=\"og:url\" content=\"https:\/\/www.directplanning.com\/pl\/informacja-prawna\/\" \/>\n<meta property=\"og:site_name\" content=\"Direct Planning\" \/>\n<meta property=\"article:modified_time\" content=\"2024-03-11T11:11:27+00:00\" \/>\n<meta property=\"og:image\" content=\"https:\/\/www.directplanning.com\/wp-content\/uploads\/2012\/02\/LogoDirectPlanning.jpg\" \/>\n\t<meta property=\"og:image:width\" content=\"1417\" \/>\n\t<meta property=\"og:image:height\" content=\"709\" \/>\n\t<meta property=\"og:image:type\" content=\"image\/jpeg\" \/>\n<meta name=\"twitter:card\" content=\"summary_large_image\" \/>\n<meta name=\"twitter:site\" content=\"@Direct_Planning\" \/>\n<meta name=\"twitter:label1\" content=\"Szacowany czas czytania\" \/>\n\t<meta name=\"twitter:data1\" content=\"1 minuta\" \/>\n<script type=\"application\/ld+json\" class=\"yoast-schema-graph\">{\"@context\":\"https:\\\/\\\/schema.org\",\"@graph\":[{\"@type\":\"WebPage\",\"@id\":\"https:\\\/\\\/www.directplanning.com\\\/pl\\\/informacja-prawna\\\/\",\"url\":\"https:\\\/\\\/www.directplanning.com\\\/pl\\\/informacja-prawna\\\/\",\"name\":\"Informacja prawna - Direct Planning\",\"isPartOf\":{\"@id\":\"https:\\\/\\\/www.directplanning.com\\\/fr\\\/#website\"},\"primaryImageOfPage\":{\"@id\":\"https:\\\/\\\/www.directplanning.com\\\/pl\\\/informacja-prawna\\\/#primaryimage\"},\"image\":{\"@id\":\"https:\\\/\\\/www.directplanning.com\\\/pl\\\/informacja-prawna\\\/#primaryimage\"},\"thumbnailUrl\":\"https:\\\/\\\/www.directplanning.com\\\/wp-content\\\/uploads\\\/2012\\\/02\\\/LogoDirectPlanning.jpg\",\"datePublished\":\"2020-06-29T13:30:59+00:00\",\"dateModified\":\"2024-03-11T11:11:27+00:00\",\"breadcrumb\":{\"@id\":\"https:\\\/\\\/www.directplanning.com\\\/pl\\\/informacja-prawna\\\/#breadcrumb\"},\"inLanguage\":\"pl-PL\",\"potentialAction\":[{\"@type\":\"ReadAction\",\"target\":[\"https:\\\/\\\/www.directplanning.com\\\/pl\\\/informacja-prawna\\\/\"]}]},{\"@type\":\"ImageObject\",\"inLanguage\":\"pl-PL\",\"@id\":\"https:\\\/\\\/www.directplanning.com\\\/pl\\\/informacja-prawna\\\/#primaryimage\",\"url\":\"https:\\\/\\\/www.directplanning.com\\\/wp-content\\\/uploads\\\/2012\\\/02\\\/LogoDirectPlanning.jpg\",\"contentUrl\":\"https:\\\/\\\/www.directplanning.com\\\/wp-content\\\/uploads\\\/2012\\\/02\\\/LogoDirectPlanning.jpg\",\"width\":1417,\"height\":709},{\"@type\":\"BreadcrumbList\",\"@id\":\"https:\\\/\\\/www.directplanning.com\\\/pl\\\/informacja-prawna\\\/#breadcrumb\",\"itemListElement\":[{\"@type\":\"ListItem\",\"position\":1,\"name\":\"Accueil\",\"item\":\"https:\\\/\\\/www.directplanning.com\\\/pl\\\/\"},{\"@type\":\"ListItem\",\"position\":2,\"name\":\"Informacja prawna\"}]},{\"@type\":\"WebSite\",\"@id\":\"https:\\\/\\\/www.directplanning.com\\\/fr\\\/#website\",\"url\":\"https:\\\/\\\/www.directplanning.com\\\/fr\\\/\",\"name\":\"Directplanning.com\",\"description\":\"System planowania produkcji, projekt\u00f3w i firm serwisowych\",\"publisher\":{\"@id\":\"https:\\\/\\\/www.directplanning.com\\\/fr\\\/#organization\"},\"potentialAction\":[{\"@type\":\"SearchAction\",\"target\":{\"@type\":\"EntryPoint\",\"urlTemplate\":\"https:\\\/\\\/www.directplanning.com\\\/fr\\\/?s={search_term_string}\"},\"query-input\":{\"@type\":\"PropertyValueSpecification\",\"valueRequired\":true,\"valueName\":\"search_term_string\"}}],\"inLanguage\":\"pl-PL\"},{\"@type\":\"Organization\",\"@id\":\"https:\\\/\\\/www.directplanning.com\\\/fr\\\/#organization\",\"name\":\"Direct Planning\",\"alternateName\":\"DP\",\"url\":\"https:\\\/\\\/www.directplanning.com\\\/fr\\\/\",\"logo\":{\"@type\":\"ImageObject\",\"inLanguage\":\"pl-PL\",\"@id\":\"https:\\\/\\\/www.directplanning.com\\\/fr\\\/#\\\/schema\\\/logo\\\/image\\\/\",\"url\":\"https:\\\/\\\/www.directplanning.com\\\/wp-content\\\/uploads\\\/2023\\\/08\\\/DirectPlanIcone.bmp\",\"contentUrl\":\"https:\\\/\\\/www.directplanning.com\\\/wp-content\\\/uploads\\\/2023\\\/08\\\/DirectPlanIcone.bmp\",\"width\":320,\"height\":355,\"caption\":\"Direct Planning\"},\"image\":{\"@id\":\"https:\\\/\\\/www.directplanning.com\\\/fr\\\/#\\\/schema\\\/logo\\\/image\\\/\"},\"sameAs\":[\"https:\\\/\\\/x.com\\\/Direct_Planning\",\"https:\\\/\\\/www.linkedin.com\\\/showcase\\\/direct-planning\\\/posts\\\/?feedView=all\",\"https:\\\/\\\/www.youtube.com\\\/user\\\/VolumeSoftware\"]}]}<\/script>\n<!-- \/ Yoast SEO plugin. -->","yoast_head_json":{"title":"Informacja prawna - Direct Planning","robots":{"index":"index","follow":"follow","max-snippet":"max-snippet:-1","max-image-preview":"max-image-preview:large","max-video-preview":"max-video-preview:-1"},"canonical":"https:\/\/www.directplanning.com\/pl\/informacja-prawna\/","og_locale":"pl_PL","og_type":"article","og_title":"Informacja prawna - Direct Planning","og_description":"Ta strona jest publikowana przez: Volume Software 1 Bd heurteloup 37026 TOURS France Telefon : +33 2 47 66 47 20 email : info@volume-software.com Uproszczona sp\u00f3\u0142ka akcyjna o kapitale w wysoko\u015bci 504000 \u20ac RCS TOURS 324 744 481 Wewn\u0105trzwsp\u00f3lnotowy numer VAT: FR 84 324 744 481 SIRET: 324 744 481 00049 Menad\u017cerem ds. publikacji jest [&hellip;]","og_url":"https:\/\/www.directplanning.com\/pl\/informacja-prawna\/","og_site_name":"Direct Planning","article_modified_time":"2024-03-11T11:11:27+00:00","og_image":[{"width":1417,"height":709,"url":"https:\/\/www.directplanning.com\/wp-content\/uploads\/2012\/02\/LogoDirectPlanning.jpg","type":"image\/jpeg"}],"twitter_card":"summary_large_image","twitter_site":"@Direct_Planning","twitter_misc":{"Szacowany czas czytania":"1 minuta"},"schema":{"@context":"https:\/\/schema.org","@graph":[{"@type":"WebPage","@id":"https:\/\/www.directplanning.com\/pl\/informacja-prawna\/","url":"https:\/\/www.directplanning.com\/pl\/informacja-prawna\/","name":"Informacja prawna - Direct Planning","isPartOf":{"@id":"https:\/\/www.directplanning.com\/fr\/#website"},"primaryImageOfPage":{"@id":"https:\/\/www.directplanning.com\/pl\/informacja-prawna\/#primaryimage"},"image":{"@id":"https:\/\/www.directplanning.com\/pl\/informacja-prawna\/#primaryimage"},"thumbnailUrl":"https:\/\/www.directplanning.com\/wp-content\/uploads\/2012\/02\/LogoDirectPlanning.jpg","datePublished":"2020-06-29T13:30:59+00:00","dateModified":"2024-03-11T11:11:27+00:00","breadcrumb":{"@id":"https:\/\/www.directplanning.com\/pl\/informacja-prawna\/#breadcrumb"},"inLanguage":"pl-PL","potentialAction":[{"@type":"ReadAction","target":["https:\/\/www.directplanning.com\/pl\/informacja-prawna\/"]}]},{"@type":"ImageObject","inLanguage":"pl-PL","@id":"https:\/\/www.directplanning.com\/pl\/informacja-prawna\/#primaryimage","url":"https:\/\/www.directplanning.com\/wp-content\/uploads\/2012\/02\/LogoDirectPlanning.jpg","contentUrl":"https:\/\/www.directplanning.com\/wp-content\/uploads\/2012\/02\/LogoDirectPlanning.jpg","width":1417,"height":709},{"@type":"BreadcrumbList","@id":"https:\/\/www.directplanning.com\/pl\/informacja-prawna\/#breadcrumb","itemListElement":[{"@type":"ListItem","position":1,"name":"Accueil","item":"https:\/\/www.directplanning.com\/pl\/"},{"@type":"ListItem","position":2,"name":"Informacja prawna"}]},{"@type":"WebSite","@id":"https:\/\/www.directplanning.com\/fr\/#website","url":"https:\/\/www.directplanning.com\/fr\/","name":"Directplanning.com","description":"System planowania produkcji, projekt\u00f3w i firm serwisowych","publisher":{"@id":"https:\/\/www.directplanning.com\/fr\/#organization"},"potentialAction":[{"@type":"SearchAction","target":{"@type":"EntryPoint","urlTemplate":"https:\/\/www.directplanning.com\/fr\/?s={search_term_string}"},"query-input":{"@type":"PropertyValueSpecification","valueRequired":true,"valueName":"search_term_string"}}],"inLanguage":"pl-PL"},{"@type":"Organization","@id":"https:\/\/www.directplanning.com\/fr\/#organization","name":"Direct Planning","alternateName":"DP","url":"https:\/\/www.directplanning.com\/fr\/","logo":{"@type":"ImageObject","inLanguage":"pl-PL","@id":"https:\/\/www.directplanning.com\/fr\/#\/schema\/logo\/image\/","url":"https:\/\/www.directplanning.com\/wp-content\/uploads\/2023\/08\/DirectPlanIcone.bmp","contentUrl":"https:\/\/www.directplanning.com\/wp-content\/uploads\/2023\/08\/DirectPlanIcone.bmp","width":320,"height":355,"caption":"Direct Planning"},"image":{"@id":"https:\/\/www.directplanning.com\/fr\/#\/schema\/logo\/image\/"},"sameAs":["https:\/\/x.com\/Direct_Planning","https:\/\/www.linkedin.com\/showcase\/direct-planning\/posts\/?feedView=all","https:\/\/www.youtube.com\/user\/VolumeSoftware"]}]}},"_links":{"self":[{"href":"https:\/\/www.directplanning.com\/pl\/wp-json\/wp\/v2\/pages\/4453","targetHints":{"allow":["GET"]}}],"collection":[{"href":"https:\/\/www.directplanning.com\/pl\/wp-json\/wp\/v2\/pages"}],"about":[{"href":"https:\/\/www.directplanning.com\/pl\/wp-json\/wp\/v2\/types\/page"}],"author":[{"embeddable":true,"href":"https:\/\/www.directplanning.com\/pl\/wp-json\/wp\/v2\/users\/2"}],"replies":[{"embeddable":true,"href":"https:\/\/www.directplanning.com\/pl\/wp-json\/wp\/v2\/comments?post=4453"}],"version-history":[{"count":0,"href":"https:\/\/www.directplanning.com\/pl\/wp-json\/wp\/v2\/pages\/4453\/revisions"}],"wp:featuredmedia":[{"embeddable":true,"href":"https:\/\/www.directplanning.com\/pl\/wp-json\/wp\/v2\/media\/3466"}],"wp:attachment":[{"href":"https:\/\/www.directplanning.com\/pl\/wp-json\/wp\/v2\/media?parent=4453"}],"curies":[{"name":"wp","href":"https:\/\/api.w.org\/{rel}","templated":true}]}}