{"id":4450,"date":"2020-06-29T14:13:41","date_gmt":"2020-06-29T12:13:41","guid":{"rendered":"https:\/\/www.directplanning.com\/?page_id=4450"},"modified":"2020-07-01T18:14:43","modified_gmt":"2020-07-01T16:14:43","slug":"direct-planning-oprogramowanie-do-planowania-produkcji-zarzadzania-projektami-lub-planowania-dzialow-serwisowych","status":"publish","type":"page","link":"https:\/\/www.directplanning.com\/pl\/","title":{"rendered":"Direct Planning: oprogramowanie do planowania produkcji, zarz\u0105dzania projektami lub planowania dzia\u0142\u00f3w serwisowych."},"content":{"rendered":"<h2><a href=\"https:\/\/www.directplanning.com\/wp-content\/uploads\/2020\/06\/overview-direct-planning-industry.png\" data-rel=\"lightbox-image-0\" data-rl_title=\"\" data-rl_caption=\"\" title=\"\"><img decoding=\"async\" class=\"aligncenter wp-image-4291 size-large\" src=\"https:\/\/www.directplanning.com\/wp-content\/uploads\/2020\/06\/overview-direct-planning-industry-610x291.png\" alt=\"Direct Planning Produkcja opis\" width=\"610\" height=\"291\" srcset=\"https:\/\/www.directplanning.com\/wp-content\/uploads\/2020\/06\/overview-direct-planning-industry-610x291.png 610w, https:\/\/www.directplanning.com\/wp-content\/uploads\/2020\/06\/overview-direct-planning-industry-312x149.png 312w, https:\/\/www.directplanning.com\/wp-content\/uploads\/2020\/06\/overview-direct-planning-industry-156x74.png 156w, https:\/\/www.directplanning.com\/wp-content\/uploads\/2020\/06\/overview-direct-planning-industry-768x366.png 768w, https:\/\/www.directplanning.com\/wp-content\/uploads\/2020\/06\/overview-direct-planning-industry-1536x732.png 1536w, https:\/\/www.directplanning.com\/wp-content\/uploads\/2020\/06\/overview-direct-planning-industry-810x386.png 810w, https:\/\/www.directplanning.com\/wp-content\/uploads\/2020\/06\/overview-direct-planning-industry-1140x543.png 1140w, https:\/\/www.directplanning.com\/wp-content\/uploads\/2020\/06\/overview-direct-planning-industry.png 1920w\" sizes=\"(max-width: 610px) 100vw, 610px\" \/><\/a><\/h2>\n<p style=\"text-align: justify\"><strong>Direct Planning<\/strong> jest <strong>ergonomicznym<\/strong>, <strong>intuicyjnym<\/strong> systemem planowania. System jest wysoce <strong>konfigurowalny<\/strong>, aby spe\u0142ni\u0107 wszystkie Pa\u0144stwa <strong>wymagania biznesowe<\/strong>. <strong>Direct Planning<\/strong> dost\u0119pny jest w 3 wersjach:<\/p>\n<div class=\"mks_col \">\n<div class=\"mks_one_third \">\n<a class=\"mks_button mks_button_medium squared\" href=\"https:\/\/www.directplanning.com\/pl\/direct-planning-produkcja\/\" target=\"_self\" style=\"color: #FFFFFF; background-color: #1e73be;\" >Planowanie produkcji<\/a>\n<p><strong>Direct Planning Produkcja<\/strong> optymalizuje Tw\u00f3j <strong>codzienny plan produkcji<\/strong>.<br \/>\nZaplanujcie Pa\u0144stwo maszyny, bior\u0105c pod uwag\u0119 <strong>terminy<\/strong> i <strong>ograniczenia techniczne<\/strong> zwi\u0105zane z Pa\u0144stwa procesami przemys\u0142owymi.<\/p>\n<\/div>\n<div class=\"mks_one_third \">\n<a class=\"mks_button mks_button_medium squared\" href=\"https:\/\/www.directplanning.com\/pl\/direct-planning-projekty\/\" target=\"_self\" style=\"color: #FFFFFF; background-color: #1e73be;\" >Planowanie projekt\u00f3w<\/a>\n<p><strong>Direct Planning Projekty<\/strong> pozwala efektywnie zarz\u0105dza\u0107 projektami.<br \/>\nZaplanuj pracownik\u00f3w lub zasoby do projektu i unikaj op\u00f3\u017anie\u0144.<\/p>\n<\/div>\n<div class=\"mks_one_third \">\n<a class=\"mks_button mks_button_medium squared\" href=\"https:\/\/www.directplanning.com\/pl\/direct-planning-serwis\/\" target=\"_self\" style=\"color: #FFFFFF; background-color: #1e73be;\" >Planowanie us\u0142ug serwisowych<\/a>\n<p><strong>Direct Planning Serwis<\/strong> u\u0142atwia planowanie us\u0142ug serwisowych.<br \/>\nPo prostu zaplanuj prac\u0119 dostepnych os\u00f3b, miejsc produkcyjnych lub pojazd\u00f3w.<\/p>\n<\/div>\n<\/div>\n<p class=\"clear-mks-col\">\n<p style=\"text-align: justify\">Je\u015bli masz jakie\u015b pytania, <a title=\"Kontakt\" href=\"https:\/\/www.directplanning.com\/pl\/kontakt\/\">skontaktuj si\u0119 z nami<\/a>. <strong>Nasz dzia\u0142 handlowy<\/strong>, odpowie na wszelkie pytania.<\/p>\n","protected":false},"excerpt":{"rendered":"<p>Direct Planning jest ergonomicznym, intuicyjnym systemem planowania. System jest wysoce konfigurowalny, aby spe\u0142ni\u0107 wszystkie Pa\u0144stwa wymagania biznesowe. Direct Planning dost\u0119pny jest w 3 wersjach: Je\u015bli masz jakie\u015b pytania, skontaktuj si\u0119 z nami. Nasz dzia\u0142 handlowy, odpowie na wszelkie pytania.<\/p>\n","protected":false},"author":2,"featured_media":0,"parent":0,"menu_order":0,"comment_status":"open","ping_status":"closed","template":"","meta":{"footnotes":""},"class_list":["post-4450","page","type-page","status-publish","hentry"],"yoast_head":"<!-- This site is optimized with the Yoast SEO plugin v27.4 - https:\/\/yoast.com\/product\/yoast-seo-wordpress\/ -->\n<title>Direct Planning: oprogramowanie do planowania produkcji, zarz\u0105dzania projektami lub planowania dzia\u0142\u00f3w serwisowych. - Direct Planning<\/title>\n<meta name=\"robots\" content=\"index, follow, max-snippet:-1, max-image-preview:large, max-video-preview:-1\" \/>\n<link rel=\"canonical\" href=\"https:\/\/www.directplanning.com\/pl\/\" \/>\n<meta property=\"og:locale\" content=\"pl_PL\" \/>\n<meta property=\"og:type\" content=\"article\" \/>\n<meta property=\"og:title\" content=\"Direct Planning: oprogramowanie do planowania produkcji, zarz\u0105dzania projektami lub planowania dzia\u0142\u00f3w serwisowych. - Direct Planning\" \/>\n<meta property=\"og:description\" content=\"Direct Planning jest ergonomicznym, intuicyjnym systemem planowania. System jest wysoce konfigurowalny, aby spe\u0142ni\u0107 wszystkie Pa\u0144stwa wymagania biznesowe. Direct Planning dost\u0119pny jest w 3 wersjach: Je\u015bli masz jakie\u015b pytania, skontaktuj si\u0119 z nami. Nasz dzia\u0142 handlowy, odpowie na wszelkie pytania.\" \/>\n<meta property=\"og:url\" content=\"https:\/\/www.directplanning.com\/pl\/\" \/>\n<meta property=\"og:site_name\" content=\"Direct Planning\" \/>\n<meta property=\"article:modified_time\" content=\"2020-07-01T16:14:43+00:00\" \/>\n<meta property=\"og:image\" content=\"https:\/\/www.directplanning.com\/wp-content\/uploads\/2020\/06\/overview-direct-planning-industry-610x291.png\" \/>\n<meta name=\"twitter:card\" content=\"summary_large_image\" \/>\n<meta name=\"twitter:site\" content=\"@Direct_Planning\" \/>\n<meta name=\"twitter:label1\" content=\"Szacowany czas czytania\" \/>\n\t<meta name=\"twitter:data1\" content=\"1 minuta\" \/>\n<script type=\"application\/ld+json\" class=\"yoast-schema-graph\">{\"@context\":\"https:\\\/\\\/schema.org\",\"@graph\":[{\"@type\":\"WebPage\",\"@id\":\"https:\\\/\\\/www.directplanning.com\\\/pl\\\/\",\"url\":\"https:\\\/\\\/www.directplanning.com\\\/pl\\\/\",\"name\":\"Direct Planning: oprogramowanie do planowania produkcji, zarz\u0105dzania projektami lub planowania dzia\u0142\u00f3w serwisowych. - Direct Planning\",\"isPartOf\":{\"@id\":\"https:\\\/\\\/www.directplanning.com\\\/fr\\\/#website\"},\"primaryImageOfPage\":{\"@id\":\"https:\\\/\\\/www.directplanning.com\\\/pl\\\/#primaryimage\"},\"image\":{\"@id\":\"https:\\\/\\\/www.directplanning.com\\\/pl\\\/#primaryimage\"},\"thumbnailUrl\":\"https:\\\/\\\/www.directplanning.com\\\/wp-content\\\/uploads\\\/2020\\\/06\\\/overview-direct-planning-industry-610x291.png\",\"datePublished\":\"2020-06-29T12:13:41+00:00\",\"dateModified\":\"2020-07-01T16:14:43+00:00\",\"breadcrumb\":{\"@id\":\"https:\\\/\\\/www.directplanning.com\\\/pl\\\/#breadcrumb\"},\"inLanguage\":\"pl-PL\",\"potentialAction\":[{\"@type\":\"ReadAction\",\"target\":[\"https:\\\/\\\/www.directplanning.com\\\/pl\\\/\"]}]},{\"@type\":\"ImageObject\",\"inLanguage\":\"pl-PL\",\"@id\":\"https:\\\/\\\/www.directplanning.com\\\/pl\\\/#primaryimage\",\"url\":\"https:\\\/\\\/www.directplanning.com\\\/wp-content\\\/uploads\\\/2020\\\/06\\\/overview-direct-planning-industry-610x291.png\",\"contentUrl\":\"https:\\\/\\\/www.directplanning.com\\\/wp-content\\\/uploads\\\/2020\\\/06\\\/overview-direct-planning-industry-610x291.png\"},{\"@type\":\"BreadcrumbList\",\"@id\":\"https:\\\/\\\/www.directplanning.com\\\/pl\\\/#breadcrumb\",\"itemListElement\":[{\"@type\":\"ListItem\",\"position\":1,\"name\":\"Accueil\",\"item\":\"https:\\\/\\\/www.directplanning.com\\\/pl\\\/\"},{\"@type\":\"ListItem\",\"position\":2,\"name\":\"Direct Planning: oprogramowanie do planowania produkcji, zarz\u0105dzania projektami lub planowania dzia\u0142\u00f3w serwisowych.\"}]},{\"@type\":\"WebSite\",\"@id\":\"https:\\\/\\\/www.directplanning.com\\\/fr\\\/#website\",\"url\":\"https:\\\/\\\/www.directplanning.com\\\/fr\\\/\",\"name\":\"Directplanning.com\",\"description\":\"System planowania produkcji, projekt\u00f3w i firm serwisowych\",\"publisher\":{\"@id\":\"https:\\\/\\\/www.directplanning.com\\\/fr\\\/#organization\"},\"potentialAction\":[{\"@type\":\"SearchAction\",\"target\":{\"@type\":\"EntryPoint\",\"urlTemplate\":\"https:\\\/\\\/www.directplanning.com\\\/fr\\\/?s={search_term_string}\"},\"query-input\":{\"@type\":\"PropertyValueSpecification\",\"valueRequired\":true,\"valueName\":\"search_term_string\"}}],\"inLanguage\":\"pl-PL\"},{\"@type\":\"Organization\",\"@id\":\"https:\\\/\\\/www.directplanning.com\\\/fr\\\/#organization\",\"name\":\"Direct Planning\",\"alternateName\":\"DP\",\"url\":\"https:\\\/\\\/www.directplanning.com\\\/fr\\\/\",\"logo\":{\"@type\":\"ImageObject\",\"inLanguage\":\"pl-PL\",\"@id\":\"https:\\\/\\\/www.directplanning.com\\\/fr\\\/#\\\/schema\\\/logo\\\/image\\\/\",\"url\":\"https:\\\/\\\/www.directplanning.com\\\/wp-content\\\/uploads\\\/2023\\\/08\\\/DirectPlanIcone.bmp\",\"contentUrl\":\"https:\\\/\\\/www.directplanning.com\\\/wp-content\\\/uploads\\\/2023\\\/08\\\/DirectPlanIcone.bmp\",\"width\":320,\"height\":355,\"caption\":\"Direct Planning\"},\"image\":{\"@id\":\"https:\\\/\\\/www.directplanning.com\\\/fr\\\/#\\\/schema\\\/logo\\\/image\\\/\"},\"sameAs\":[\"https:\\\/\\\/x.com\\\/Direct_Planning\",\"https:\\\/\\\/www.linkedin.com\\\/showcase\\\/direct-planning\\\/posts\\\/?feedView=all\",\"https:\\\/\\\/www.youtube.com\\\/user\\\/VolumeSoftware\"]}]}<\/script>\n<!-- \/ Yoast SEO plugin. -->","yoast_head_json":{"title":"Direct Planning: oprogramowanie do planowania produkcji, zarz\u0105dzania projektami lub planowania dzia\u0142\u00f3w serwisowych. - Direct Planning","robots":{"index":"index","follow":"follow","max-snippet":"max-snippet:-1","max-image-preview":"max-image-preview:large","max-video-preview":"max-video-preview:-1"},"canonical":"https:\/\/www.directplanning.com\/pl\/","og_locale":"pl_PL","og_type":"article","og_title":"Direct Planning: oprogramowanie do planowania produkcji, zarz\u0105dzania projektami lub planowania dzia\u0142\u00f3w serwisowych. - Direct Planning","og_description":"Direct Planning jest ergonomicznym, intuicyjnym systemem planowania. System jest wysoce konfigurowalny, aby spe\u0142ni\u0107 wszystkie Pa\u0144stwa wymagania biznesowe. Direct Planning dost\u0119pny jest w 3 wersjach: Je\u015bli masz jakie\u015b pytania, skontaktuj si\u0119 z nami. Nasz dzia\u0142 handlowy, odpowie na wszelkie pytania.","og_url":"https:\/\/www.directplanning.com\/pl\/","og_site_name":"Direct Planning","article_modified_time":"2020-07-01T16:14:43+00:00","og_image":[{"url":"https:\/\/www.directplanning.com\/wp-content\/uploads\/2020\/06\/overview-direct-planning-industry-610x291.png","type":"","width":"","height":""}],"twitter_card":"summary_large_image","twitter_site":"@Direct_Planning","twitter_misc":{"Szacowany czas czytania":"1 minuta"},"schema":{"@context":"https:\/\/schema.org","@graph":[{"@type":"WebPage","@id":"https:\/\/www.directplanning.com\/pl\/","url":"https:\/\/www.directplanning.com\/pl\/","name":"Direct Planning: oprogramowanie do planowania produkcji, zarz\u0105dzania projektami lub planowania dzia\u0142\u00f3w serwisowych. - Direct Planning","isPartOf":{"@id":"https:\/\/www.directplanning.com\/fr\/#website"},"primaryImageOfPage":{"@id":"https:\/\/www.directplanning.com\/pl\/#primaryimage"},"image":{"@id":"https:\/\/www.directplanning.com\/pl\/#primaryimage"},"thumbnailUrl":"https:\/\/www.directplanning.com\/wp-content\/uploads\/2020\/06\/overview-direct-planning-industry-610x291.png","datePublished":"2020-06-29T12:13:41+00:00","dateModified":"2020-07-01T16:14:43+00:00","breadcrumb":{"@id":"https:\/\/www.directplanning.com\/pl\/#breadcrumb"},"inLanguage":"pl-PL","potentialAction":[{"@type":"ReadAction","target":["https:\/\/www.directplanning.com\/pl\/"]}]},{"@type":"ImageObject","inLanguage":"pl-PL","@id":"https:\/\/www.directplanning.com\/pl\/#primaryimage","url":"https:\/\/www.directplanning.com\/wp-content\/uploads\/2020\/06\/overview-direct-planning-industry-610x291.png","contentUrl":"https:\/\/www.directplanning.com\/wp-content\/uploads\/2020\/06\/overview-direct-planning-industry-610x291.png"},{"@type":"BreadcrumbList","@id":"https:\/\/www.directplanning.com\/pl\/#breadcrumb","itemListElement":[{"@type":"ListItem","position":1,"name":"Accueil","item":"https:\/\/www.directplanning.com\/pl\/"},{"@type":"ListItem","position":2,"name":"Direct Planning: oprogramowanie do planowania produkcji, zarz\u0105dzania projektami lub planowania dzia\u0142\u00f3w serwisowych."}]},{"@type":"WebSite","@id":"https:\/\/www.directplanning.com\/fr\/#website","url":"https:\/\/www.directplanning.com\/fr\/","name":"Directplanning.com","description":"System planowania produkcji, projekt\u00f3w i firm serwisowych","publisher":{"@id":"https:\/\/www.directplanning.com\/fr\/#organization"},"potentialAction":[{"@type":"SearchAction","target":{"@type":"EntryPoint","urlTemplate":"https:\/\/www.directplanning.com\/fr\/?s={search_term_string}"},"query-input":{"@type":"PropertyValueSpecification","valueRequired":true,"valueName":"search_term_string"}}],"inLanguage":"pl-PL"},{"@type":"Organization","@id":"https:\/\/www.directplanning.com\/fr\/#organization","name":"Direct Planning","alternateName":"DP","url":"https:\/\/www.directplanning.com\/fr\/","logo":{"@type":"ImageObject","inLanguage":"pl-PL","@id":"https:\/\/www.directplanning.com\/fr\/#\/schema\/logo\/image\/","url":"https:\/\/www.directplanning.com\/wp-content\/uploads\/2023\/08\/DirectPlanIcone.bmp","contentUrl":"https:\/\/www.directplanning.com\/wp-content\/uploads\/2023\/08\/DirectPlanIcone.bmp","width":320,"height":355,"caption":"Direct Planning"},"image":{"@id":"https:\/\/www.directplanning.com\/fr\/#\/schema\/logo\/image\/"},"sameAs":["https:\/\/x.com\/Direct_Planning","https:\/\/www.linkedin.com\/showcase\/direct-planning\/posts\/?feedView=all","https:\/\/www.youtube.com\/user\/VolumeSoftware"]}]}},"_links":{"self":[{"href":"https:\/\/www.directplanning.com\/pl\/wp-json\/wp\/v2\/pages\/4450","targetHints":{"allow":["GET"]}}],"collection":[{"href":"https:\/\/www.directplanning.com\/pl\/wp-json\/wp\/v2\/pages"}],"about":[{"href":"https:\/\/www.directplanning.com\/pl\/wp-json\/wp\/v2\/types\/page"}],"author":[{"embeddable":true,"href":"https:\/\/www.directplanning.com\/pl\/wp-json\/wp\/v2\/users\/2"}],"replies":[{"embeddable":true,"href":"https:\/\/www.directplanning.com\/pl\/wp-json\/wp\/v2\/comments?post=4450"}],"version-history":[{"count":0,"href":"https:\/\/www.directplanning.com\/pl\/wp-json\/wp\/v2\/pages\/4450\/revisions"}],"wp:attachment":[{"href":"https:\/\/www.directplanning.com\/pl\/wp-json\/wp\/v2\/media?parent=4450"}],"curies":[{"name":"wp","href":"https:\/\/api.w.org\/{rel}","templated":true}]}}