{"id":4358,"date":"2020-06-29T15:40:45","date_gmt":"2020-06-29T13:40:45","guid":{"rendered":"https:\/\/www.directplanning.com\/?page_id=4358"},"modified":"2020-06-29T15:40:49","modified_gmt":"2020-06-29T13:40:49","slug":"direct-planning-cennik","status":"publish","type":"page","link":"https:\/\/www.directplanning.com\/pl\/direct-planning-cennik\/","title":{"rendered":"Direct Planning cennik"},"content":{"rendered":"<p>Cena systemu <strong>Direct Planning<\/strong> zale\u017cy od 3 element\u00f3w:<\/p>\n<ul>\n<li>Dokonaj wyboru <a title=\"Direct Planning wersje systemu\" href=\"https:\/\/www.directplanning.com\/pl\/direct-planning-wersje-systemu\/\">wersji systemu<\/a>: <strong>Direct Planning Producja, Projekty, <\/strong>lub<strong>Serwis<\/strong>.<\/li>\n<li>Ustal liczb\u0119 u\u017cytkownik\u00f3w, kt\u00f3rzy b\u0119d\u0105 mieli dost\u0119p do planowania w <strong>trybie zapisu<\/strong>.<\/li>\n<li>Ustal liczb\u0119 u\u017cytkownik\u00f3w, kt\u00f3rzy b\u0119d\u0105 mieli dost\u0119p do planowania w <strong>trybie tylko do odczytu<\/strong>.<\/li>\n<\/ul>\n<p><!--more--><\/p>\n<p class=\"volume-encart-center\">Popro\u015b nasz <a title=\"Kontakt\" href=\"https:\/\/www.directplanning.com\/pl\/kontakt\/\">dzia\u0142 sprzeda\u017cy<\/a> o pisemn\u0105 ofert\u0119.<\/p>\n","protected":false},"excerpt":{"rendered":"<p>Cena systemu Direct Planning zale\u017cy od 3 element\u00f3w: Dokonaj wyboru wersji systemu: Direct Planning Producja, Projekty, lubSerwis. Ustal liczb\u0119 u\u017cytkownik\u00f3w, kt\u00f3rzy b\u0119d\u0105 mieli dost\u0119p do planowania w trybie zapisu. Ustal liczb\u0119 u\u017cytkownik\u00f3w, kt\u00f3rzy b\u0119d\u0105 mieli dost\u0119p do planowania w trybie tylko do odczytu.<\/p>\n","protected":false},"author":2,"featured_media":3466,"parent":0,"menu_order":3,"comment_status":"open","ping_status":"closed","template":"","meta":{"footnotes":""},"class_list":["post-4358","page","type-page","status-publish","has-post-thumbnail","hentry"],"yoast_head":"<!-- This site is optimized with the Yoast SEO plugin v27.4 - https:\/\/yoast.com\/product\/yoast-seo-wordpress\/ -->\n<title>Direct Planning cennik - Direct Planning<\/title>\n<meta name=\"description\" content=\"Direct Planning cennik. Direct Planning jest oprogramowaniem planistycznym dostosowanym do planowania produkcji, zarz\u0105dzania projektami lub planowania dzia\u0142\u00f3w serwisowych.\" \/>\n<meta name=\"robots\" content=\"index, follow, max-snippet:-1, max-image-preview:large, max-video-preview:-1\" \/>\n<link rel=\"canonical\" href=\"https:\/\/www.directplanning.com\/pl\/direct-planning-cennik\/\" \/>\n<meta property=\"og:locale\" content=\"pl_PL\" \/>\n<meta property=\"og:type\" content=\"article\" \/>\n<meta property=\"og:title\" content=\"Direct Planning cennik - Direct Planning\" \/>\n<meta property=\"og:description\" content=\"Direct Planning cennik. Direct Planning jest oprogramowaniem planistycznym dostosowanym do planowania produkcji, zarz\u0105dzania projektami lub planowania dzia\u0142\u00f3w serwisowych.\" \/>\n<meta property=\"og:url\" content=\"https:\/\/www.directplanning.com\/pl\/direct-planning-cennik\/\" \/>\n<meta property=\"og:site_name\" content=\"Direct Planning\" \/>\n<meta property=\"article:modified_time\" content=\"2020-06-29T13:40:49+00:00\" \/>\n<meta property=\"og:image\" content=\"https:\/\/www.directplanning.com\/wp-content\/uploads\/2012\/02\/LogoDirectPlanning.jpg\" \/>\n\t<meta property=\"og:image:width\" content=\"1417\" \/>\n\t<meta property=\"og:image:height\" content=\"709\" \/>\n\t<meta property=\"og:image:type\" content=\"image\/jpeg\" \/>\n<meta name=\"twitter:card\" content=\"summary_large_image\" \/>\n<meta name=\"twitter:site\" content=\"@Direct_Planning\" \/>\n<script type=\"application\/ld+json\" class=\"yoast-schema-graph\">{\"@context\":\"https:\\\/\\\/schema.org\",\"@graph\":[{\"@type\":\"WebPage\",\"@id\":\"https:\\\/\\\/www.directplanning.com\\\/pl\\\/direct-planning-cennik\\\/\",\"url\":\"https:\\\/\\\/www.directplanning.com\\\/pl\\\/direct-planning-cennik\\\/\",\"name\":\"Direct Planning cennik - Direct Planning\",\"isPartOf\":{\"@id\":\"https:\\\/\\\/www.directplanning.com\\\/fr\\\/#website\"},\"primaryImageOfPage\":{\"@id\":\"https:\\\/\\\/www.directplanning.com\\\/pl\\\/direct-planning-cennik\\\/#primaryimage\"},\"image\":{\"@id\":\"https:\\\/\\\/www.directplanning.com\\\/pl\\\/direct-planning-cennik\\\/#primaryimage\"},\"thumbnailUrl\":\"https:\\\/\\\/www.directplanning.com\\\/wp-content\\\/uploads\\\/2012\\\/02\\\/LogoDirectPlanning.jpg\",\"datePublished\":\"2020-06-29T13:40:45+00:00\",\"dateModified\":\"2020-06-29T13:40:49+00:00\",\"description\":\"Direct Planning cennik. Direct Planning jest oprogramowaniem planistycznym dostosowanym do planowania produkcji, zarz\u0105dzania projektami lub planowania dzia\u0142\u00f3w serwisowych.\",\"breadcrumb\":{\"@id\":\"https:\\\/\\\/www.directplanning.com\\\/pl\\\/direct-planning-cennik\\\/#breadcrumb\"},\"inLanguage\":\"pl-PL\",\"potentialAction\":[{\"@type\":\"ReadAction\",\"target\":[\"https:\\\/\\\/www.directplanning.com\\\/pl\\\/direct-planning-cennik\\\/\"]}]},{\"@type\":\"ImageObject\",\"inLanguage\":\"pl-PL\",\"@id\":\"https:\\\/\\\/www.directplanning.com\\\/pl\\\/direct-planning-cennik\\\/#primaryimage\",\"url\":\"https:\\\/\\\/www.directplanning.com\\\/wp-content\\\/uploads\\\/2012\\\/02\\\/LogoDirectPlanning.jpg\",\"contentUrl\":\"https:\\\/\\\/www.directplanning.com\\\/wp-content\\\/uploads\\\/2012\\\/02\\\/LogoDirectPlanning.jpg\",\"width\":1417,\"height\":709},{\"@type\":\"BreadcrumbList\",\"@id\":\"https:\\\/\\\/www.directplanning.com\\\/pl\\\/direct-planning-cennik\\\/#breadcrumb\",\"itemListElement\":[{\"@type\":\"ListItem\",\"position\":1,\"name\":\"Accueil\",\"item\":\"https:\\\/\\\/www.directplanning.com\\\/pl\\\/\"},{\"@type\":\"ListItem\",\"position\":2,\"name\":\"Direct Planning cennik\"}]},{\"@type\":\"WebSite\",\"@id\":\"https:\\\/\\\/www.directplanning.com\\\/fr\\\/#website\",\"url\":\"https:\\\/\\\/www.directplanning.com\\\/fr\\\/\",\"name\":\"Directplanning.com\",\"description\":\"System planowania produkcji, projekt\u00f3w i firm serwisowych\",\"publisher\":{\"@id\":\"https:\\\/\\\/www.directplanning.com\\\/fr\\\/#organization\"},\"potentialAction\":[{\"@type\":\"SearchAction\",\"target\":{\"@type\":\"EntryPoint\",\"urlTemplate\":\"https:\\\/\\\/www.directplanning.com\\\/fr\\\/?s={search_term_string}\"},\"query-input\":{\"@type\":\"PropertyValueSpecification\",\"valueRequired\":true,\"valueName\":\"search_term_string\"}}],\"inLanguage\":\"pl-PL\"},{\"@type\":\"Organization\",\"@id\":\"https:\\\/\\\/www.directplanning.com\\\/fr\\\/#organization\",\"name\":\"Direct Planning\",\"alternateName\":\"DP\",\"url\":\"https:\\\/\\\/www.directplanning.com\\\/fr\\\/\",\"logo\":{\"@type\":\"ImageObject\",\"inLanguage\":\"pl-PL\",\"@id\":\"https:\\\/\\\/www.directplanning.com\\\/fr\\\/#\\\/schema\\\/logo\\\/image\\\/\",\"url\":\"https:\\\/\\\/www.directplanning.com\\\/wp-content\\\/uploads\\\/2023\\\/08\\\/DirectPlanIcone.bmp\",\"contentUrl\":\"https:\\\/\\\/www.directplanning.com\\\/wp-content\\\/uploads\\\/2023\\\/08\\\/DirectPlanIcone.bmp\",\"width\":320,\"height\":355,\"caption\":\"Direct Planning\"},\"image\":{\"@id\":\"https:\\\/\\\/www.directplanning.com\\\/fr\\\/#\\\/schema\\\/logo\\\/image\\\/\"},\"sameAs\":[\"https:\\\/\\\/x.com\\\/Direct_Planning\",\"https:\\\/\\\/www.linkedin.com\\\/showcase\\\/direct-planning\\\/posts\\\/?feedView=all\",\"https:\\\/\\\/www.youtube.com\\\/user\\\/VolumeSoftware\"]}]}<\/script>\n<!-- \/ Yoast SEO plugin. -->","yoast_head_json":{"title":"Direct Planning cennik - Direct Planning","description":"Direct Planning cennik. Direct Planning jest oprogramowaniem planistycznym dostosowanym do planowania produkcji, zarz\u0105dzania projektami lub planowania dzia\u0142\u00f3w serwisowych.","robots":{"index":"index","follow":"follow","max-snippet":"max-snippet:-1","max-image-preview":"max-image-preview:large","max-video-preview":"max-video-preview:-1"},"canonical":"https:\/\/www.directplanning.com\/pl\/direct-planning-cennik\/","og_locale":"pl_PL","og_type":"article","og_title":"Direct Planning cennik - Direct Planning","og_description":"Direct Planning cennik. Direct Planning jest oprogramowaniem planistycznym dostosowanym do planowania produkcji, zarz\u0105dzania projektami lub planowania dzia\u0142\u00f3w serwisowych.","og_url":"https:\/\/www.directplanning.com\/pl\/direct-planning-cennik\/","og_site_name":"Direct Planning","article_modified_time":"2020-06-29T13:40:49+00:00","og_image":[{"width":1417,"height":709,"url":"https:\/\/www.directplanning.com\/wp-content\/uploads\/2012\/02\/LogoDirectPlanning.jpg","type":"image\/jpeg"}],"twitter_card":"summary_large_image","twitter_site":"@Direct_Planning","schema":{"@context":"https:\/\/schema.org","@graph":[{"@type":"WebPage","@id":"https:\/\/www.directplanning.com\/pl\/direct-planning-cennik\/","url":"https:\/\/www.directplanning.com\/pl\/direct-planning-cennik\/","name":"Direct Planning cennik - Direct Planning","isPartOf":{"@id":"https:\/\/www.directplanning.com\/fr\/#website"},"primaryImageOfPage":{"@id":"https:\/\/www.directplanning.com\/pl\/direct-planning-cennik\/#primaryimage"},"image":{"@id":"https:\/\/www.directplanning.com\/pl\/direct-planning-cennik\/#primaryimage"},"thumbnailUrl":"https:\/\/www.directplanning.com\/wp-content\/uploads\/2012\/02\/LogoDirectPlanning.jpg","datePublished":"2020-06-29T13:40:45+00:00","dateModified":"2020-06-29T13:40:49+00:00","description":"Direct Planning cennik. Direct Planning jest oprogramowaniem planistycznym dostosowanym do planowania produkcji, zarz\u0105dzania projektami lub planowania dzia\u0142\u00f3w serwisowych.","breadcrumb":{"@id":"https:\/\/www.directplanning.com\/pl\/direct-planning-cennik\/#breadcrumb"},"inLanguage":"pl-PL","potentialAction":[{"@type":"ReadAction","target":["https:\/\/www.directplanning.com\/pl\/direct-planning-cennik\/"]}]},{"@type":"ImageObject","inLanguage":"pl-PL","@id":"https:\/\/www.directplanning.com\/pl\/direct-planning-cennik\/#primaryimage","url":"https:\/\/www.directplanning.com\/wp-content\/uploads\/2012\/02\/LogoDirectPlanning.jpg","contentUrl":"https:\/\/www.directplanning.com\/wp-content\/uploads\/2012\/02\/LogoDirectPlanning.jpg","width":1417,"height":709},{"@type":"BreadcrumbList","@id":"https:\/\/www.directplanning.com\/pl\/direct-planning-cennik\/#breadcrumb","itemListElement":[{"@type":"ListItem","position":1,"name":"Accueil","item":"https:\/\/www.directplanning.com\/pl\/"},{"@type":"ListItem","position":2,"name":"Direct Planning cennik"}]},{"@type":"WebSite","@id":"https:\/\/www.directplanning.com\/fr\/#website","url":"https:\/\/www.directplanning.com\/fr\/","name":"Directplanning.com","description":"System planowania produkcji, projekt\u00f3w i firm serwisowych","publisher":{"@id":"https:\/\/www.directplanning.com\/fr\/#organization"},"potentialAction":[{"@type":"SearchAction","target":{"@type":"EntryPoint","urlTemplate":"https:\/\/www.directplanning.com\/fr\/?s={search_term_string}"},"query-input":{"@type":"PropertyValueSpecification","valueRequired":true,"valueName":"search_term_string"}}],"inLanguage":"pl-PL"},{"@type":"Organization","@id":"https:\/\/www.directplanning.com\/fr\/#organization","name":"Direct Planning","alternateName":"DP","url":"https:\/\/www.directplanning.com\/fr\/","logo":{"@type":"ImageObject","inLanguage":"pl-PL","@id":"https:\/\/www.directplanning.com\/fr\/#\/schema\/logo\/image\/","url":"https:\/\/www.directplanning.com\/wp-content\/uploads\/2023\/08\/DirectPlanIcone.bmp","contentUrl":"https:\/\/www.directplanning.com\/wp-content\/uploads\/2023\/08\/DirectPlanIcone.bmp","width":320,"height":355,"caption":"Direct Planning"},"image":{"@id":"https:\/\/www.directplanning.com\/fr\/#\/schema\/logo\/image\/"},"sameAs":["https:\/\/x.com\/Direct_Planning","https:\/\/www.linkedin.com\/showcase\/direct-planning\/posts\/?feedView=all","https:\/\/www.youtube.com\/user\/VolumeSoftware"]}]}},"_links":{"self":[{"href":"https:\/\/www.directplanning.com\/pl\/wp-json\/wp\/v2\/pages\/4358","targetHints":{"allow":["GET"]}}],"collection":[{"href":"https:\/\/www.directplanning.com\/pl\/wp-json\/wp\/v2\/pages"}],"about":[{"href":"https:\/\/www.directplanning.com\/pl\/wp-json\/wp\/v2\/types\/page"}],"author":[{"embeddable":true,"href":"https:\/\/www.directplanning.com\/pl\/wp-json\/wp\/v2\/users\/2"}],"replies":[{"embeddable":true,"href":"https:\/\/www.directplanning.com\/pl\/wp-json\/wp\/v2\/comments?post=4358"}],"version-history":[{"count":0,"href":"https:\/\/www.directplanning.com\/pl\/wp-json\/wp\/v2\/pages\/4358\/revisions"}],"wp:featuredmedia":[{"embeddable":true,"href":"https:\/\/www.directplanning.com\/pl\/wp-json\/wp\/v2\/media\/3466"}],"wp:attachment":[{"href":"https:\/\/www.directplanning.com\/pl\/wp-json\/wp\/v2\/media?parent=4358"}],"curies":[{"name":"wp","href":"https:\/\/api.w.org\/{rel}","templated":true}]}}