{"id":4351,"date":"2020-06-29T15:21:57","date_gmt":"2020-06-29T13:21:57","guid":{"rendered":"https:\/\/www.directplanning.com\/?page_id=4351"},"modified":"2020-06-29T15:22:00","modified_gmt":"2020-06-29T13:22:00","slug":"direct-planning-produkcja","status":"publish","type":"page","link":"https:\/\/www.directplanning.com\/pl\/direct-planning-produkcja\/","title":{"rendered":"Direct Planning Produkcja"},"content":{"rendered":"<p style=\"text-align: justify;\"><strong>Direct Planning Produkcja<\/strong> to oprogramowanie planistyczne, kt\u00f3re zosta\u0142o specjalnie zaprojektowane do modelowania harmonogram\u00f3w produkcyjnych ma\u0142ych i \u015brednich przedsi\u0119biorstw. Elastyczny w konfiguracji, <strong>dopasuje si\u0119 do twojej dzia\u0142alno\u015bci<\/strong>. Bardzo przyjazny dla u\u017cytkownika, pomaga w planowaniu z zachowaniem ogranicze\u0144 projektowych i limit\u00f3w czasowych.<\/p>\n<p style=\"text-align: justify;\"><!--more--><\/p>\n<p style=\"text-align: justify;\"><strong>Direct Planning<\/strong> jest oprogramowaniem planistycznym konfigurowanym <strong>na poziomie danych<\/strong>. Pozwala to na dostosowanie danych, zar\u00f3wno wprowadzonych manualnie jak i automatycznie zaimportowanych z systemu informatycznego (ERP, CAPM). W ten spos\u00f3b mo\u017cna uzyska\u0107 dane na temat klient\u00f3w, zlece\u0144, u\u017cytych surowc\u00f3w lub wszelkie inne informacje techniczne przydatne do planowania.<\/p>\n<div id=\"attachment_4291\" style=\"width: 620px\" class=\"wp-caption aligncenter\"><a href=\"https:\/\/www.directplanning.com\/wp-content\/uploads\/2020\/06\/overview-direct-planning-industry.png\" data-rel=\"lightbox-image-0\" data-rl_title=\"\" data-rl_caption=\"\"><img decoding=\"async\" aria-describedby=\"caption-attachment-4291\" class=\"wp-image-4291 size-large\" title=\"\" src=\"https:\/\/www.directplanning.com\/wp-content\/uploads\/2020\/06\/overview-direct-planning-industry-610x291.png\" alt=\"Direct Planning Produkcja - Przegl\u0105d planu\" width=\"610\" height=\"291\" srcset=\"https:\/\/www.directplanning.com\/wp-content\/uploads\/2020\/06\/overview-direct-planning-industry-610x291.png 610w, https:\/\/www.directplanning.com\/wp-content\/uploads\/2020\/06\/overview-direct-planning-industry-312x149.png 312w, https:\/\/www.directplanning.com\/wp-content\/uploads\/2020\/06\/overview-direct-planning-industry-156x74.png 156w, https:\/\/www.directplanning.com\/wp-content\/uploads\/2020\/06\/overview-direct-planning-industry-768x366.png 768w, https:\/\/www.directplanning.com\/wp-content\/uploads\/2020\/06\/overview-direct-planning-industry-1536x732.png 1536w, https:\/\/www.directplanning.com\/wp-content\/uploads\/2020\/06\/overview-direct-planning-industry-810x386.png 810w, https:\/\/www.directplanning.com\/wp-content\/uploads\/2020\/06\/overview-direct-planning-industry-1140x543.png 1140w, https:\/\/www.directplanning.com\/wp-content\/uploads\/2020\/06\/overview-direct-planning-industry.png 1920w\" sizes=\"(max-width: 610px) 100vw, 610px\" \/><\/a><p id=\"caption-attachment-4291\" class=\"wp-caption-text\">Direct Planning Produkcja &#8211; Przegl\u0105d planu<\/p><\/div>\n<p><strong>Direct Planning<\/strong> to oprogramowanie planistyczne konfigurowane <strong>w spos\u00f3b wizualny<\/strong>. Mo\u017cna utworzy\u0107 wiele widok\u00f3w planu. Dla ka\u017cdego widoku konfiguruje si\u0119 dane do wy\u015bwietlania oraz tryb kolorowania ka\u017cdego zadania harmonogramu.<\/p>\n<p>Obejrzyj ten film (w j\u0119zyku francuskim), aby zapozna\u0107 si\u0119 z <strong>Direct Planning Produkcja<\/strong>:<\/p>\n<p><iframe src=\"https:\/\/www.youtube.com\/embed\/YkgFWHi45mI?list=PLE29BC077F1C16669&amp;rel=0\" allowfullscreen=\"allowfullscreen\" width=\"640\" height=\"360\" frameborder=\"0\"><\/iframe><\/p>\n<p style=\"text-align: center;\"><a class=\"mks_button mks_button_medium rounded\" href=\"https:\/\/www.directplanning.com\/en\/industry-planning\/industry-planning-features\/\" target=\"_self\" style=\"color: #FFFFFF; background-color: #1e73be;\" > Funkcjonalno\u015bci Planowania Produkcji<\/a>\n","protected":false},"excerpt":{"rendered":"<p>Direct Planning Produkcja to oprogramowanie planistyczne, kt\u00f3re zosta\u0142o specjalnie zaprojektowane do modelowania harmonogram\u00f3w produkcyjnych ma\u0142ych i \u015brednich przedsi\u0119biorstw. Elastyczny w konfiguracji, dopasuje si\u0119 do twojej dzia\u0142alno\u015bci. Bardzo przyjazny dla u\u017cytkownika, pomaga w planowaniu z zachowaniem ogranicze\u0144 projektowych i limit\u00f3w czasowych.<\/p>\n","protected":false},"author":2,"featured_media":0,"parent":0,"menu_order":0,"comment_status":"open","ping_status":"closed","template":"","meta":{"footnotes":""},"class_list":["post-4351","page","type-page","status-publish","hentry"],"yoast_head":"<!-- This site is optimized with the Yoast SEO plugin v27.4 - https:\/\/yoast.com\/product\/yoast-seo-wordpress\/ -->\n<title>Direct Planning Produkcja - Direct Planning<\/title>\n<meta name=\"description\" content=\"Direct Planning Produkcja to oprogramowanie planistyczne, kt\u00f3re zosta\u0142o zaprojektowane w celu zarz\u0105dzania planem produkcji ma\u0142ych i \u015brednich przedsi\u0119biorstw.\" \/>\n<meta name=\"robots\" content=\"index, follow, max-snippet:-1, max-image-preview:large, max-video-preview:-1\" \/>\n<link rel=\"canonical\" href=\"https:\/\/www.directplanning.com\/pl\/direct-planning-produkcja\/\" \/>\n<meta property=\"og:locale\" content=\"pl_PL\" \/>\n<meta property=\"og:type\" content=\"article\" \/>\n<meta property=\"og:title\" content=\"Direct Planning Produkcja - Direct Planning\" \/>\n<meta property=\"og:description\" content=\"Direct Planning Produkcja to oprogramowanie planistyczne, kt\u00f3re zosta\u0142o zaprojektowane w celu zarz\u0105dzania planem produkcji ma\u0142ych i \u015brednich przedsi\u0119biorstw.\" \/>\n<meta property=\"og:url\" content=\"https:\/\/www.directplanning.com\/pl\/direct-planning-produkcja\/\" \/>\n<meta property=\"og:site_name\" content=\"Direct Planning\" \/>\n<meta property=\"article:modified_time\" content=\"2020-06-29T13:22:00+00:00\" \/>\n<meta property=\"og:image\" content=\"https:\/\/www.directplanning.com\/wp-content\/uploads\/2020\/06\/overview-direct-planning-industry-610x291.png\" \/>\n<meta name=\"twitter:card\" content=\"summary_large_image\" \/>\n<meta name=\"twitter:site\" content=\"@Direct_Planning\" \/>\n<meta name=\"twitter:label1\" content=\"Szacowany czas czytania\" \/>\n\t<meta name=\"twitter:data1\" content=\"1 minuta\" \/>\n<script type=\"application\/ld+json\" class=\"yoast-schema-graph\">{\"@context\":\"https:\\\/\\\/schema.org\",\"@graph\":[{\"@type\":\"WebPage\",\"@id\":\"https:\\\/\\\/www.directplanning.com\\\/pl\\\/direct-planning-produkcja\\\/\",\"url\":\"https:\\\/\\\/www.directplanning.com\\\/pl\\\/direct-planning-produkcja\\\/\",\"name\":\"Direct Planning Produkcja - Direct Planning\",\"isPartOf\":{\"@id\":\"https:\\\/\\\/www.directplanning.com\\\/fr\\\/#website\"},\"primaryImageOfPage\":{\"@id\":\"https:\\\/\\\/www.directplanning.com\\\/pl\\\/direct-planning-produkcja\\\/#primaryimage\"},\"image\":{\"@id\":\"https:\\\/\\\/www.directplanning.com\\\/pl\\\/direct-planning-produkcja\\\/#primaryimage\"},\"thumbnailUrl\":\"https:\\\/\\\/www.directplanning.com\\\/wp-content\\\/uploads\\\/2020\\\/06\\\/overview-direct-planning-industry-610x291.png\",\"datePublished\":\"2020-06-29T13:21:57+00:00\",\"dateModified\":\"2020-06-29T13:22:00+00:00\",\"description\":\"Direct Planning Produkcja to oprogramowanie planistyczne, kt\u00f3re zosta\u0142o zaprojektowane w celu zarz\u0105dzania planem produkcji ma\u0142ych i \u015brednich przedsi\u0119biorstw.\",\"breadcrumb\":{\"@id\":\"https:\\\/\\\/www.directplanning.com\\\/pl\\\/direct-planning-produkcja\\\/#breadcrumb\"},\"inLanguage\":\"pl-PL\",\"potentialAction\":[{\"@type\":\"ReadAction\",\"target\":[\"https:\\\/\\\/www.directplanning.com\\\/pl\\\/direct-planning-produkcja\\\/\"]}]},{\"@type\":\"ImageObject\",\"inLanguage\":\"pl-PL\",\"@id\":\"https:\\\/\\\/www.directplanning.com\\\/pl\\\/direct-planning-produkcja\\\/#primaryimage\",\"url\":\"https:\\\/\\\/www.directplanning.com\\\/wp-content\\\/uploads\\\/2020\\\/06\\\/overview-direct-planning-industry-610x291.png\",\"contentUrl\":\"https:\\\/\\\/www.directplanning.com\\\/wp-content\\\/uploads\\\/2020\\\/06\\\/overview-direct-planning-industry-610x291.png\"},{\"@type\":\"BreadcrumbList\",\"@id\":\"https:\\\/\\\/www.directplanning.com\\\/pl\\\/direct-planning-produkcja\\\/#breadcrumb\",\"itemListElement\":[{\"@type\":\"ListItem\",\"position\":1,\"name\":\"Accueil\",\"item\":\"https:\\\/\\\/www.directplanning.com\\\/pl\\\/\"},{\"@type\":\"ListItem\",\"position\":2,\"name\":\"Direct Planning Produkcja\"}]},{\"@type\":\"WebSite\",\"@id\":\"https:\\\/\\\/www.directplanning.com\\\/fr\\\/#website\",\"url\":\"https:\\\/\\\/www.directplanning.com\\\/fr\\\/\",\"name\":\"Directplanning.com\",\"description\":\"System planowania produkcji, projekt\u00f3w i firm serwisowych\",\"publisher\":{\"@id\":\"https:\\\/\\\/www.directplanning.com\\\/fr\\\/#organization\"},\"potentialAction\":[{\"@type\":\"SearchAction\",\"target\":{\"@type\":\"EntryPoint\",\"urlTemplate\":\"https:\\\/\\\/www.directplanning.com\\\/fr\\\/?s={search_term_string}\"},\"query-input\":{\"@type\":\"PropertyValueSpecification\",\"valueRequired\":true,\"valueName\":\"search_term_string\"}}],\"inLanguage\":\"pl-PL\"},{\"@type\":\"Organization\",\"@id\":\"https:\\\/\\\/www.directplanning.com\\\/fr\\\/#organization\",\"name\":\"Direct Planning\",\"alternateName\":\"DP\",\"url\":\"https:\\\/\\\/www.directplanning.com\\\/fr\\\/\",\"logo\":{\"@type\":\"ImageObject\",\"inLanguage\":\"pl-PL\",\"@id\":\"https:\\\/\\\/www.directplanning.com\\\/fr\\\/#\\\/schema\\\/logo\\\/image\\\/\",\"url\":\"https:\\\/\\\/www.directplanning.com\\\/wp-content\\\/uploads\\\/2023\\\/08\\\/DirectPlanIcone.bmp\",\"contentUrl\":\"https:\\\/\\\/www.directplanning.com\\\/wp-content\\\/uploads\\\/2023\\\/08\\\/DirectPlanIcone.bmp\",\"width\":320,\"height\":355,\"caption\":\"Direct Planning\"},\"image\":{\"@id\":\"https:\\\/\\\/www.directplanning.com\\\/fr\\\/#\\\/schema\\\/logo\\\/image\\\/\"},\"sameAs\":[\"https:\\\/\\\/x.com\\\/Direct_Planning\",\"https:\\\/\\\/www.linkedin.com\\\/showcase\\\/direct-planning\\\/posts\\\/?feedView=all\",\"https:\\\/\\\/www.youtube.com\\\/user\\\/VolumeSoftware\"]}]}<\/script>\n<!-- \/ Yoast SEO plugin. -->","yoast_head_json":{"title":"Direct Planning Produkcja - Direct Planning","description":"Direct Planning Produkcja to oprogramowanie planistyczne, kt\u00f3re zosta\u0142o zaprojektowane w celu zarz\u0105dzania planem produkcji ma\u0142ych i \u015brednich przedsi\u0119biorstw.","robots":{"index":"index","follow":"follow","max-snippet":"max-snippet:-1","max-image-preview":"max-image-preview:large","max-video-preview":"max-video-preview:-1"},"canonical":"https:\/\/www.directplanning.com\/pl\/direct-planning-produkcja\/","og_locale":"pl_PL","og_type":"article","og_title":"Direct Planning Produkcja - Direct Planning","og_description":"Direct Planning Produkcja to oprogramowanie planistyczne, kt\u00f3re zosta\u0142o zaprojektowane w celu zarz\u0105dzania planem produkcji ma\u0142ych i \u015brednich przedsi\u0119biorstw.","og_url":"https:\/\/www.directplanning.com\/pl\/direct-planning-produkcja\/","og_site_name":"Direct Planning","article_modified_time":"2020-06-29T13:22:00+00:00","og_image":[{"url":"https:\/\/www.directplanning.com\/wp-content\/uploads\/2020\/06\/overview-direct-planning-industry-610x291.png","type":"","width":"","height":""}],"twitter_card":"summary_large_image","twitter_site":"@Direct_Planning","twitter_misc":{"Szacowany czas czytania":"1 minuta"},"schema":{"@context":"https:\/\/schema.org","@graph":[{"@type":"WebPage","@id":"https:\/\/www.directplanning.com\/pl\/direct-planning-produkcja\/","url":"https:\/\/www.directplanning.com\/pl\/direct-planning-produkcja\/","name":"Direct Planning Produkcja - Direct Planning","isPartOf":{"@id":"https:\/\/www.directplanning.com\/fr\/#website"},"primaryImageOfPage":{"@id":"https:\/\/www.directplanning.com\/pl\/direct-planning-produkcja\/#primaryimage"},"image":{"@id":"https:\/\/www.directplanning.com\/pl\/direct-planning-produkcja\/#primaryimage"},"thumbnailUrl":"https:\/\/www.directplanning.com\/wp-content\/uploads\/2020\/06\/overview-direct-planning-industry-610x291.png","datePublished":"2020-06-29T13:21:57+00:00","dateModified":"2020-06-29T13:22:00+00:00","description":"Direct Planning Produkcja to oprogramowanie planistyczne, kt\u00f3re zosta\u0142o zaprojektowane w celu zarz\u0105dzania planem produkcji ma\u0142ych i \u015brednich przedsi\u0119biorstw.","breadcrumb":{"@id":"https:\/\/www.directplanning.com\/pl\/direct-planning-produkcja\/#breadcrumb"},"inLanguage":"pl-PL","potentialAction":[{"@type":"ReadAction","target":["https:\/\/www.directplanning.com\/pl\/direct-planning-produkcja\/"]}]},{"@type":"ImageObject","inLanguage":"pl-PL","@id":"https:\/\/www.directplanning.com\/pl\/direct-planning-produkcja\/#primaryimage","url":"https:\/\/www.directplanning.com\/wp-content\/uploads\/2020\/06\/overview-direct-planning-industry-610x291.png","contentUrl":"https:\/\/www.directplanning.com\/wp-content\/uploads\/2020\/06\/overview-direct-planning-industry-610x291.png"},{"@type":"BreadcrumbList","@id":"https:\/\/www.directplanning.com\/pl\/direct-planning-produkcja\/#breadcrumb","itemListElement":[{"@type":"ListItem","position":1,"name":"Accueil","item":"https:\/\/www.directplanning.com\/pl\/"},{"@type":"ListItem","position":2,"name":"Direct Planning Produkcja"}]},{"@type":"WebSite","@id":"https:\/\/www.directplanning.com\/fr\/#website","url":"https:\/\/www.directplanning.com\/fr\/","name":"Directplanning.com","description":"System planowania produkcji, projekt\u00f3w i firm serwisowych","publisher":{"@id":"https:\/\/www.directplanning.com\/fr\/#organization"},"potentialAction":[{"@type":"SearchAction","target":{"@type":"EntryPoint","urlTemplate":"https:\/\/www.directplanning.com\/fr\/?s={search_term_string}"},"query-input":{"@type":"PropertyValueSpecification","valueRequired":true,"valueName":"search_term_string"}}],"inLanguage":"pl-PL"},{"@type":"Organization","@id":"https:\/\/www.directplanning.com\/fr\/#organization","name":"Direct Planning","alternateName":"DP","url":"https:\/\/www.directplanning.com\/fr\/","logo":{"@type":"ImageObject","inLanguage":"pl-PL","@id":"https:\/\/www.directplanning.com\/fr\/#\/schema\/logo\/image\/","url":"https:\/\/www.directplanning.com\/wp-content\/uploads\/2023\/08\/DirectPlanIcone.bmp","contentUrl":"https:\/\/www.directplanning.com\/wp-content\/uploads\/2023\/08\/DirectPlanIcone.bmp","width":320,"height":355,"caption":"Direct Planning"},"image":{"@id":"https:\/\/www.directplanning.com\/fr\/#\/schema\/logo\/image\/"},"sameAs":["https:\/\/x.com\/Direct_Planning","https:\/\/www.linkedin.com\/showcase\/direct-planning\/posts\/?feedView=all","https:\/\/www.youtube.com\/user\/VolumeSoftware"]}]}},"_links":{"self":[{"href":"https:\/\/www.directplanning.com\/pl\/wp-json\/wp\/v2\/pages\/4351","targetHints":{"allow":["GET"]}}],"collection":[{"href":"https:\/\/www.directplanning.com\/pl\/wp-json\/wp\/v2\/pages"}],"about":[{"href":"https:\/\/www.directplanning.com\/pl\/wp-json\/wp\/v2\/types\/page"}],"author":[{"embeddable":true,"href":"https:\/\/www.directplanning.com\/pl\/wp-json\/wp\/v2\/users\/2"}],"replies":[{"embeddable":true,"href":"https:\/\/www.directplanning.com\/pl\/wp-json\/wp\/v2\/comments?post=4351"}],"version-history":[{"count":0,"href":"https:\/\/www.directplanning.com\/pl\/wp-json\/wp\/v2\/pages\/4351\/revisions"}],"wp:attachment":[{"href":"https:\/\/www.directplanning.com\/pl\/wp-json\/wp\/v2\/media?parent=4351"}],"curies":[{"name":"wp","href":"https:\/\/api.w.org\/{rel}","templated":true}]}}