{"id":942,"date":"2012-04-26T15:47:06","date_gmt":"2012-04-26T15:47:06","guid":{"rendered":"https:\/\/www.directplanning.com\/?page_id=942"},"modified":"2025-10-03T11:18:03","modified_gmt":"2025-10-03T09:18:03","slug":"planning-industrie-comment-modifier-un-planning","status":"publish","type":"page","link":"https:\/\/www.directplanning.com\/fr\/planning-industrie\/planning-industrie-fonctionnalites\/planning-industrie-comment-modifier-un-planning\/","title":{"rendered":"Planning Industrie &#8211; Modification d&#8217;un planning"},"content":{"rendered":"\n<p>Pour un planning de production g\u00e9rant plusieurs dizaines de <strong>machines<\/strong> et s&#8217;enrichissant chaque jour de plusieurs dizaines de nouveaux <strong>ordres de fabrication<\/strong>, la lisibilit\u00e9 et la facilit\u00e9 de navigation dans le planning sont essentielles.<\/p>\n\n\n\n<p>Aussi <strong>Direct Planning Industrie<\/strong> propose-t-il un ensemble de fonctions pour faciliter le d\u00e9placement dans le planning et la modification de celui-ci.<\/p>\n\n\n\n<!--more-->\n\n\n\n<h2 class=\"wp-block-heading\">Naviguer dans le planning<\/h2>\n\n\n\n<p>La navigation dans Direct Planning <strong>en vid\u00e9o<\/strong> :<\/p>\n\n\n\n<p><iframe src=\"https:\/\/www.youtube.com\/embed\/zFUmESRNils?list=PLE29BC077F1C16669&amp;rel=0\" width=\"640\" height=\"360\" frameborder=\"0\" allowfullscreen=\"allowfullscreen\"><\/iframe><\/p>\n\n\n\n<h3 class=\"wp-block-heading\">Les \u00e9chelles de temps<\/h3>\n\n\n\n<p><strong>Direct Planning<\/strong> propose 5 \u00e9chelles de temps qui vous permettent de visualiser \u00e0 l&#8217;\u00e9cran de une journ\u00e9e \u00e0 plusieurs semaines. Le niveau de zoom de ces \u00e9chelles de temps est <a title=\"Planning Industrie \u2013 Affichages personnalisables\" href=\"https:\/\/www.directplanning.com\/fr\/planning-industrie\/planning-industrie-fonctionnalites\/planning-industrie-affichages-personnalisables\/\">personnalisable<\/a>.<\/p>\n\n\n\n<h3 class=\"wp-block-heading\">D\u00e9filement \u00e0 la souris et raccourcis clavier<\/h3>\n\n\n\n<p>Pour se d\u00e9placer rapidement dans le planning, on utilisera fr\u00e9quemment le d\u00e9filement via la molette de la souris et les nombreux raccourcis clavier. Donnons quelques exemples de raccourcis clavier :<\/p>\n\n\n\n<ul class=\"wp-block-list\">\n<li>Se rendre \u00e0 la date du jour<\/li>\n\n\n\n<li>Parcourir les t\u00e2ches de la gamme courante : premi\u00e8re, derni\u00e8re, suivante ou pr\u00e9c\u00e9dente.<\/li>\n\n\n\n<li>Se d\u00e9placer vers la t\u00e2che s\u00e9lectionn\u00e9e<\/li>\n<\/ul>\n\n\n\n<h3 class=\"wp-block-heading\">Navigation globale<\/h3>\n\n\n\n<p>La navigation globale affiche dans une petite fen\u00eatre une <strong>version miniature du planning<\/strong>. Un clic dans cette fen\u00eatre permet une navigation rapide vers une date donn\u00e9e.<\/p>\n\n\n\n<h2 class=\"wp-block-heading\">Modifier le planning : quelques actions courantes<\/h2>\n\n\n\n<p>Les actions courantes de modification de planning <strong>en vid\u00e9o<\/strong> :<\/p>\n\n\n\n<p><iframe src=\"https:\/\/www.youtube.com\/embed\/2dH5bD0qjQI?list=PLE29BC077F1C16669&amp;rel=0\" width=\"640\" height=\"360\" frameborder=\"0\" allowfullscreen=\"allowfullscreen\"><\/iframe><\/p>\n\n\n\n<h3 class=\"wp-block-heading\">Glisser\/d\u00e9placer<\/h3>\n\n\n\n<p>La facilit\u00e9 de d\u00e9placement des t\u00e2ches est un des principes fondateur de <strong>Direct Planning<\/strong>. Le responsable du planning d\u00e9place simplement les t\u00e2ches \u00e0 la souris et l&#8217;<a title=\"Planning Industrie \u2013 Aide \u00e0 la planification\" href=\"https:\/\/www.directplanning.com\/fr\/planning-industrie\/planning-industrie-fonctionnalites\/planning-industrie-aide-a-la-planification\/\"><strong>aide \u00e0 la planification<\/strong><\/a> se charge de r\u00e9arranger automatiquement le planning dans le respect des <a title=\"Planning Industrie \u2013 Contraintes horaires et alertes\" href=\"https:\/\/www.directplanning.com\/fr\/planning-industrie\/planning-industrie-fonctionnalites\/planning-industrie-contraintes-horaires-et-alertes\/\"><strong>contraintes horaires<\/strong><\/a> et des <a title=\"Planning Industrie \u2013 Vos gammes de production\" href=\"https:\/\/www.directplanning.com\/fr\/planning-industrie\/planning-industrie-fonctionnalites\/planning-industrie-vos-gammes-de-production\/\"><strong>contraintes de gamme<\/strong><\/a>.<\/p>\n\n\n\n<h3 class=\"wp-block-heading\">Reporter une t\u00e2che<\/h3>\n\n\n\n<p>La fonction &#8220;Reporter&#8221; est tr\u00e8s utile au quotidien. En un clic vous pouvez choisir, par exemple de reporter une t\u00e2che ou une gamme, dans 24h00, dans une semaine ou \u00e0 une date donn\u00e9e.<\/p>\n\n\n\n<h3 class=\"wp-block-heading\">Changer de machine<\/h3>\n\n\n\n<p>Pour une op\u00e9ration donn\u00e9e,<strong> Direct Planning Industrie<\/strong> g\u00e8re la notion de <a title=\"Planning Industrie \u2013 Caract\u00e9ristiques de vos machines\" href=\"https:\/\/www.directplanning.com\/fr\/planning-industrie\/planning-industrie-fonctionnalites\/planning-industrie-caracteristiques-de-vos-machines\/\"><strong>machine compatible<\/strong><\/a>. Lors d&#8217;un d\u00e9placement d&#8217;une t\u00e2che sur une machine compatible, le logiciel sera capable de <strong>recalculer <\/strong>automatiquement<strong> le temps de r\u00e9glage<\/strong> et de <strong>passage<\/strong> pour les m\u00eames conditions techniques.<\/p>\n\n\n\n<h3 class=\"wp-block-heading\">Subdiviser une t\u00e2che<\/h3>\n\n\n\n<p>Le logiciel propose une fonction de subdivision d&#8217;une t\u00e2che, qui vous permet de <strong>reporter \u00e0 plus tard<\/strong> la fabrication d&#8217;une certaine quantit\u00e9 de produit ou de semi-fini. Cette fonction vous permet \u00e9galement de <strong>parall\u00e9liser la production<\/strong> en passant une partie de la production sur une autre machine.<\/p>\n\n\n\n<h3 class=\"wp-block-heading\">Planifier via des listes<\/h3>\n\n\n\n<p>La planification via des listes vous permet de planifier vos t\u00e2ches par <strong>glisser-d\u00e9placer verticaux dans une liste sp\u00e9ciale<\/strong>, en compl\u00e9ment de la planification classique via le diagramme de Gantt.<\/p>\n\n\n<div class=\"wp-block-image\">\n<figure class=\"aligncenter\"><a href=\"https:\/\/www.directplanning.com\/wp-content\/uploads\/2020\/06\/direct_planning_industrie_planification_listes.png\" data-rel=\"lightbox-image-0\" data-rl_title=\"\" data-rl_caption=\"\" title=\"\"><img decoding=\"async\" width=\"610\" height=\"357\" src=\"https:\/\/www.directplanning.com\/wp-content\/uploads\/2020\/06\/direct_planning_industrie_planification_listes-610x357.png\" alt=\"Direct Planning Industrie - Planification via des listes\" class=\"wp-image-4440\" srcset=\"https:\/\/www.directplanning.com\/wp-content\/uploads\/2020\/06\/direct_planning_industrie_planification_listes-610x357.png 610w, https:\/\/www.directplanning.com\/wp-content\/uploads\/2020\/06\/direct_planning_industrie_planification_listes-312x183.png 312w, https:\/\/www.directplanning.com\/wp-content\/uploads\/2020\/06\/direct_planning_industrie_planification_listes-156x91.png 156w, https:\/\/www.directplanning.com\/wp-content\/uploads\/2020\/06\/direct_planning_industrie_planification_listes-768x449.png 768w, https:\/\/www.directplanning.com\/wp-content\/uploads\/2020\/06\/direct_planning_industrie_planification_listes-810x474.png 810w, https:\/\/www.directplanning.com\/wp-content\/uploads\/2020\/06\/direct_planning_industrie_planification_listes-1140x667.png 1140w, https:\/\/www.directplanning.com\/wp-content\/uploads\/2020\/06\/direct_planning_industrie_planification_listes.png 1376w\" sizes=\"(max-width: 610px) 100vw, 610px\" \/><\/a><figcaption class=\"wp-element-caption\">Direct Planning Industrie &#8211; Planification via des listes<\/figcaption><\/figure><\/div>\n\n\n<p class=\"has-text-align-center\"><a class=\"mks_button mks_button_medium rounded\" href=\"https:\/\/www.directplanning.com\/fr\/planning-industrie\/planning-industrie-fonctionnalites\/\" target=\"_self\" style=\"color: #FFFFFF; background-color: #1e73be;\" > Les fonctionnalit\u00e9s Planning Industrie <\/a>\n","protected":false},"excerpt":{"rendered":"<p>Pour un planning de production g\u00e9rant plusieurs dizaines de machines et s&#8217;enrichissant chaque jour de plusieurs dizaines de nouveaux ordres de fabrication, la lisibilit\u00e9 et la facilit\u00e9 de navigation dans le planning sont essentielles. Aussi Direct Planning Industrie propose-t-il un ensemble de fonctions pour faciliter le d\u00e9placement dans le planning et la modification de celui-ci.<\/p>\n","protected":false},"author":2,"featured_media":2875,"parent":516,"menu_order":75,"comment_status":"closed","ping_status":"open","template":"","meta":{"footnotes":""},"class_list":["post-942","page","type-page","status-publish","has-post-thumbnail","hentry"],"yoast_head":"<!-- This site is optimized with the Yoast SEO plugin v27.5 - https:\/\/yoast.com\/product\/yoast-seo-wordpress\/ -->\n<title>Planning Industrie - Modification d&#039;un planning - Direct Planning<\/title>\n<meta name=\"description\" content=\"Modifiez facilement votre planning : glissez-d\u00e9posez, reportez des t\u00e2ches, changez de machine, subdivisez ou planifiez via des listes.\" \/>\n<meta name=\"robots\" content=\"index, follow, max-snippet:-1, max-image-preview:large, max-video-preview:-1\" \/>\n<link rel=\"canonical\" href=\"https:\/\/www.directplanning.com\/fr\/planning-industrie\/planning-industrie-fonctionnalites\/planning-industrie-comment-modifier-un-planning\/\" \/>\n<meta property=\"og:locale\" content=\"fr_FR\" \/>\n<meta property=\"og:type\" content=\"article\" \/>\n<meta property=\"og:title\" content=\"Planning Industrie - Modification d&#039;un planning - Direct Planning\" \/>\n<meta property=\"og:description\" content=\"Modifiez facilement votre planning : glissez-d\u00e9posez, reportez des t\u00e2ches, changez de machine, subdivisez ou planifiez via des listes.\" \/>\n<meta property=\"og:url\" content=\"https:\/\/www.directplanning.com\/fr\/planning-industrie\/planning-industrie-fonctionnalites\/planning-industrie-comment-modifier-un-planning\/\" \/>\n<meta property=\"og:site_name\" content=\"Direct Planning\" \/>\n<meta property=\"article:modified_time\" content=\"2025-10-03T09:18:03+00:00\" \/>\n<meta property=\"og:image\" content=\"https:\/\/www.directplanning.com\/wp-content\/uploads\/2016\/06\/presentation-direct-planning-industrie.png\" \/>\n\t<meta property=\"og:image:width\" content=\"1920\" \/>\n\t<meta property=\"og:image:height\" content=\"800\" \/>\n\t<meta property=\"og:image:type\" content=\"image\/png\" \/>\n<meta name=\"twitter:card\" content=\"summary_large_image\" \/>\n<meta name=\"twitter:site\" content=\"@Direct_Planning\" \/>\n<meta name=\"twitter:label1\" content=\"Dur\u00e9e de lecture estim\u00e9e\" \/>\n\t<meta name=\"twitter:data1\" content=\"3 minutes\" \/>\n<script type=\"application\/ld+json\" class=\"yoast-schema-graph\">{\"@context\":\"https:\\\/\\\/schema.org\",\"@graph\":[{\"@type\":\"WebPage\",\"@id\":\"https:\\\/\\\/www.directplanning.com\\\/fr\\\/planning-industrie\\\/planning-industrie-fonctionnalites\\\/planning-industrie-comment-modifier-un-planning\\\/\",\"url\":\"https:\\\/\\\/www.directplanning.com\\\/fr\\\/planning-industrie\\\/planning-industrie-fonctionnalites\\\/planning-industrie-comment-modifier-un-planning\\\/\",\"name\":\"Planning Industrie - Modification d'un planning - Direct Planning\",\"isPartOf\":{\"@id\":\"https:\\\/\\\/www.directplanning.com\\\/fr\\\/#website\"},\"primaryImageOfPage\":{\"@id\":\"https:\\\/\\\/www.directplanning.com\\\/fr\\\/planning-industrie\\\/planning-industrie-fonctionnalites\\\/planning-industrie-comment-modifier-un-planning\\\/#primaryimage\"},\"image\":{\"@id\":\"https:\\\/\\\/www.directplanning.com\\\/fr\\\/planning-industrie\\\/planning-industrie-fonctionnalites\\\/planning-industrie-comment-modifier-un-planning\\\/#primaryimage\"},\"thumbnailUrl\":\"https:\\\/\\\/www.directplanning.com\\\/wp-content\\\/uploads\\\/2016\\\/06\\\/presentation-direct-planning-industrie.png\",\"datePublished\":\"2012-04-26T15:47:06+00:00\",\"dateModified\":\"2025-10-03T09:18:03+00:00\",\"description\":\"Modifiez facilement votre planning : glissez-d\u00e9posez, reportez des t\u00e2ches, changez de machine, subdivisez ou planifiez via des listes.\",\"breadcrumb\":{\"@id\":\"https:\\\/\\\/www.directplanning.com\\\/fr\\\/planning-industrie\\\/planning-industrie-fonctionnalites\\\/planning-industrie-comment-modifier-un-planning\\\/#breadcrumb\"},\"inLanguage\":\"fr-FR\",\"potentialAction\":[{\"@type\":\"ReadAction\",\"target\":[\"https:\\\/\\\/www.directplanning.com\\\/fr\\\/planning-industrie\\\/planning-industrie-fonctionnalites\\\/planning-industrie-comment-modifier-un-planning\\\/\"]}]},{\"@type\":\"ImageObject\",\"inLanguage\":\"fr-FR\",\"@id\":\"https:\\\/\\\/www.directplanning.com\\\/fr\\\/planning-industrie\\\/planning-industrie-fonctionnalites\\\/planning-industrie-comment-modifier-un-planning\\\/#primaryimage\",\"url\":\"https:\\\/\\\/www.directplanning.com\\\/wp-content\\\/uploads\\\/2016\\\/06\\\/presentation-direct-planning-industrie.png\",\"contentUrl\":\"https:\\\/\\\/www.directplanning.com\\\/wp-content\\\/uploads\\\/2016\\\/06\\\/presentation-direct-planning-industrie.png\",\"width\":1920,\"height\":800,\"caption\":\"Presentation Direct Planning Industrie\"},{\"@type\":\"BreadcrumbList\",\"@id\":\"https:\\\/\\\/www.directplanning.com\\\/fr\\\/planning-industrie\\\/planning-industrie-fonctionnalites\\\/planning-industrie-comment-modifier-un-planning\\\/#breadcrumb\",\"itemListElement\":[{\"@type\":\"ListItem\",\"position\":1,\"name\":\"Accueil\",\"item\":\"https:\\\/\\\/www.directplanning.com\\\/fr\\\/\"},{\"@type\":\"ListItem\",\"position\":2,\"name\":\"Direct Planning Industrie\",\"item\":\"https:\\\/\\\/www.directplanning.com\\\/fr\\\/planning-industrie\\\/\"},{\"@type\":\"ListItem\",\"position\":3,\"name\":\"Planning Industrie &#8211; Fonctionnalit\u00e9s\",\"item\":\"https:\\\/\\\/www.directplanning.com\\\/fr\\\/planning-industrie\\\/planning-industrie-fonctionnalites\\\/\"},{\"@type\":\"ListItem\",\"position\":4,\"name\":\"Planning Industrie &#8211; Modification d&#8217;un planning\"}]},{\"@type\":\"WebSite\",\"@id\":\"https:\\\/\\\/www.directplanning.com\\\/fr\\\/#website\",\"url\":\"https:\\\/\\\/www.directplanning.com\\\/fr\\\/\",\"name\":\"Directplanning.com\",\"description\":\"Optimisez votre planning de production. Outil de planification intuitif et complet pour les entreprises et industries. Essai gratuit en ligne\",\"publisher\":{\"@id\":\"https:\\\/\\\/www.directplanning.com\\\/fr\\\/#organization\"},\"potentialAction\":[{\"@type\":\"SearchAction\",\"target\":{\"@type\":\"EntryPoint\",\"urlTemplate\":\"https:\\\/\\\/www.directplanning.com\\\/fr\\\/?s={search_term_string}\"},\"query-input\":{\"@type\":\"PropertyValueSpecification\",\"valueRequired\":true,\"valueName\":\"search_term_string\"}}],\"inLanguage\":\"fr-FR\"},{\"@type\":\"Organization\",\"@id\":\"https:\\\/\\\/www.directplanning.com\\\/fr\\\/#organization\",\"name\":\"Direct Planning\",\"alternateName\":\"DP\",\"url\":\"https:\\\/\\\/www.directplanning.com\\\/fr\\\/\",\"logo\":{\"@type\":\"ImageObject\",\"inLanguage\":\"fr-FR\",\"@id\":\"https:\\\/\\\/www.directplanning.com\\\/fr\\\/#\\\/schema\\\/logo\\\/image\\\/\",\"url\":\"https:\\\/\\\/www.directplanning.com\\\/wp-content\\\/uploads\\\/2023\\\/08\\\/DirectPlanIcone.bmp\",\"contentUrl\":\"https:\\\/\\\/www.directplanning.com\\\/wp-content\\\/uploads\\\/2023\\\/08\\\/DirectPlanIcone.bmp\",\"width\":320,\"height\":355,\"caption\":\"Direct Planning\"},\"image\":{\"@id\":\"https:\\\/\\\/www.directplanning.com\\\/fr\\\/#\\\/schema\\\/logo\\\/image\\\/\"},\"sameAs\":[\"https:\\\/\\\/x.com\\\/Direct_Planning\",\"https:\\\/\\\/www.linkedin.com\\\/showcase\\\/direct-planning\\\/posts\\\/?feedView=all\",\"https:\\\/\\\/www.youtube.com\\\/user\\\/VolumeSoftware\"]}]}<\/script>\n<!-- \/ Yoast SEO plugin. -->","yoast_head_json":{"title":"Planning Industrie - Modification d'un planning - Direct Planning","description":"Modifiez facilement votre planning : glissez-d\u00e9posez, reportez des t\u00e2ches, changez de machine, subdivisez ou planifiez via des listes.","robots":{"index":"index","follow":"follow","max-snippet":"max-snippet:-1","max-image-preview":"max-image-preview:large","max-video-preview":"max-video-preview:-1"},"canonical":"https:\/\/www.directplanning.com\/fr\/planning-industrie\/planning-industrie-fonctionnalites\/planning-industrie-comment-modifier-un-planning\/","og_locale":"fr_FR","og_type":"article","og_title":"Planning Industrie - Modification d'un planning - Direct Planning","og_description":"Modifiez facilement votre planning : glissez-d\u00e9posez, reportez des t\u00e2ches, changez de machine, subdivisez ou planifiez via des listes.","og_url":"https:\/\/www.directplanning.com\/fr\/planning-industrie\/planning-industrie-fonctionnalites\/planning-industrie-comment-modifier-un-planning\/","og_site_name":"Direct Planning","article_modified_time":"2025-10-03T09:18:03+00:00","og_image":[{"width":1920,"height":800,"url":"https:\/\/www.directplanning.com\/wp-content\/uploads\/2016\/06\/presentation-direct-planning-industrie.png","type":"image\/png"}],"twitter_card":"summary_large_image","twitter_site":"@Direct_Planning","twitter_misc":{"Dur\u00e9e de lecture estim\u00e9e":"3 minutes"},"schema":{"@context":"https:\/\/schema.org","@graph":[{"@type":"WebPage","@id":"https:\/\/www.directplanning.com\/fr\/planning-industrie\/planning-industrie-fonctionnalites\/planning-industrie-comment-modifier-un-planning\/","url":"https:\/\/www.directplanning.com\/fr\/planning-industrie\/planning-industrie-fonctionnalites\/planning-industrie-comment-modifier-un-planning\/","name":"Planning Industrie - Modification d'un planning - Direct Planning","isPartOf":{"@id":"https:\/\/www.directplanning.com\/fr\/#website"},"primaryImageOfPage":{"@id":"https:\/\/www.directplanning.com\/fr\/planning-industrie\/planning-industrie-fonctionnalites\/planning-industrie-comment-modifier-un-planning\/#primaryimage"},"image":{"@id":"https:\/\/www.directplanning.com\/fr\/planning-industrie\/planning-industrie-fonctionnalites\/planning-industrie-comment-modifier-un-planning\/#primaryimage"},"thumbnailUrl":"https:\/\/www.directplanning.com\/wp-content\/uploads\/2016\/06\/presentation-direct-planning-industrie.png","datePublished":"2012-04-26T15:47:06+00:00","dateModified":"2025-10-03T09:18:03+00:00","description":"Modifiez facilement votre planning : glissez-d\u00e9posez, reportez des t\u00e2ches, changez de machine, subdivisez ou planifiez via des listes.","breadcrumb":{"@id":"https:\/\/www.directplanning.com\/fr\/planning-industrie\/planning-industrie-fonctionnalites\/planning-industrie-comment-modifier-un-planning\/#breadcrumb"},"inLanguage":"fr-FR","potentialAction":[{"@type":"ReadAction","target":["https:\/\/www.directplanning.com\/fr\/planning-industrie\/planning-industrie-fonctionnalites\/planning-industrie-comment-modifier-un-planning\/"]}]},{"@type":"ImageObject","inLanguage":"fr-FR","@id":"https:\/\/www.directplanning.com\/fr\/planning-industrie\/planning-industrie-fonctionnalites\/planning-industrie-comment-modifier-un-planning\/#primaryimage","url":"https:\/\/www.directplanning.com\/wp-content\/uploads\/2016\/06\/presentation-direct-planning-industrie.png","contentUrl":"https:\/\/www.directplanning.com\/wp-content\/uploads\/2016\/06\/presentation-direct-planning-industrie.png","width":1920,"height":800,"caption":"Presentation Direct Planning Industrie"},{"@type":"BreadcrumbList","@id":"https:\/\/www.directplanning.com\/fr\/planning-industrie\/planning-industrie-fonctionnalites\/planning-industrie-comment-modifier-un-planning\/#breadcrumb","itemListElement":[{"@type":"ListItem","position":1,"name":"Accueil","item":"https:\/\/www.directplanning.com\/fr\/"},{"@type":"ListItem","position":2,"name":"Direct Planning Industrie","item":"https:\/\/www.directplanning.com\/fr\/planning-industrie\/"},{"@type":"ListItem","position":3,"name":"Planning Industrie &#8211; Fonctionnalit\u00e9s","item":"https:\/\/www.directplanning.com\/fr\/planning-industrie\/planning-industrie-fonctionnalites\/"},{"@type":"ListItem","position":4,"name":"Planning Industrie &#8211; Modification d&#8217;un planning"}]},{"@type":"WebSite","@id":"https:\/\/www.directplanning.com\/fr\/#website","url":"https:\/\/www.directplanning.com\/fr\/","name":"Directplanning.com","description":"Optimisez votre planning de production. Outil de planification intuitif et complet pour les entreprises et industries. Essai gratuit en ligne","publisher":{"@id":"https:\/\/www.directplanning.com\/fr\/#organization"},"potentialAction":[{"@type":"SearchAction","target":{"@type":"EntryPoint","urlTemplate":"https:\/\/www.directplanning.com\/fr\/?s={search_term_string}"},"query-input":{"@type":"PropertyValueSpecification","valueRequired":true,"valueName":"search_term_string"}}],"inLanguage":"fr-FR"},{"@type":"Organization","@id":"https:\/\/www.directplanning.com\/fr\/#organization","name":"Direct Planning","alternateName":"DP","url":"https:\/\/www.directplanning.com\/fr\/","logo":{"@type":"ImageObject","inLanguage":"fr-FR","@id":"https:\/\/www.directplanning.com\/fr\/#\/schema\/logo\/image\/","url":"https:\/\/www.directplanning.com\/wp-content\/uploads\/2023\/08\/DirectPlanIcone.bmp","contentUrl":"https:\/\/www.directplanning.com\/wp-content\/uploads\/2023\/08\/DirectPlanIcone.bmp","width":320,"height":355,"caption":"Direct Planning"},"image":{"@id":"https:\/\/www.directplanning.com\/fr\/#\/schema\/logo\/image\/"},"sameAs":["https:\/\/x.com\/Direct_Planning","https:\/\/www.linkedin.com\/showcase\/direct-planning\/posts\/?feedView=all","https:\/\/www.youtube.com\/user\/VolumeSoftware"]}]}},"_links":{"self":[{"href":"https:\/\/www.directplanning.com\/fr\/wp-json\/wp\/v2\/pages\/942","targetHints":{"allow":["GET"]}}],"collection":[{"href":"https:\/\/www.directplanning.com\/fr\/wp-json\/wp\/v2\/pages"}],"about":[{"href":"https:\/\/www.directplanning.com\/fr\/wp-json\/wp\/v2\/types\/page"}],"author":[{"embeddable":true,"href":"https:\/\/www.directplanning.com\/fr\/wp-json\/wp\/v2\/users\/2"}],"replies":[{"embeddable":true,"href":"https:\/\/www.directplanning.com\/fr\/wp-json\/wp\/v2\/comments?post=942"}],"version-history":[{"count":0,"href":"https:\/\/www.directplanning.com\/fr\/wp-json\/wp\/v2\/pages\/942\/revisions"}],"up":[{"embeddable":true,"href":"https:\/\/www.directplanning.com\/fr\/wp-json\/wp\/v2\/pages\/516"}],"wp:featuredmedia":[{"embeddable":true,"href":"https:\/\/www.directplanning.com\/fr\/wp-json\/wp\/v2\/media\/2875"}],"wp:attachment":[{"href":"https:\/\/www.directplanning.com\/fr\/wp-json\/wp\/v2\/media?parent=942"}],"curies":[{"name":"wp","href":"https:\/\/api.w.org\/{rel}","templated":true}]}}