{"id":803,"date":"2012-04-16T15:07:33","date_gmt":"2012-04-16T15:07:33","guid":{"rendered":"https:\/\/www.directplanning.com\/?page_id=803"},"modified":"2025-10-03T11:10:45","modified_gmt":"2025-10-03T09:10:45","slug":"planning-industrie-contraintes-horaires-et-alertes","status":"publish","type":"page","link":"https:\/\/www.directplanning.com\/fr\/planning-industrie\/planning-industrie-fonctionnalites\/planning-industrie-contraintes-horaires-et-alertes\/","title":{"rendered":"Planning Industrie &#8211; Contraintes horaires et alertes"},"content":{"rendered":"\n<p><strong>Direct Planning Industrie<\/strong> int\u00e8gre la gestion des contraintes horaires sur les t\u00e2ches : <strong>date de d\u00e9but au plus t\u00f4t<\/strong>, <strong>date de fin au plus tard<\/strong>, position de t\u00e2che impos\u00e9e (verrouill\u00e9e) et <strong>alertes&nbsp; automatiques<\/strong> ou manuelles pour assister le planificateur.<\/p>\n\n\n\n<!--more-->\n\n\n<div class=\"wp-block-image\">\n<figure class=\"aligncenter\"><a href=\"https:\/\/www.directplanning.com\/wp-content\/uploads\/2016\/06\/direct-planning-industrie-contraintes-horaires.png\" data-rel=\"lightbox-image-0\" data-rl_title=\"\" data-rl_caption=\"\" title=\"\"><img decoding=\"async\" width=\"610\" height=\"369\" src=\"https:\/\/www.directplanning.com\/wp-content\/uploads\/2016\/06\/direct-planning-industrie-contraintes-horaires-610x369.png\" alt=\"Direct Planning Industrie - Contraintes horaires dans le d\u00e9tail d'une t\u00e2che\" class=\"wp-image-2869\" srcset=\"https:\/\/www.directplanning.com\/wp-content\/uploads\/2016\/06\/direct-planning-industrie-contraintes-horaires-610x369.png 610w, https:\/\/www.directplanning.com\/wp-content\/uploads\/2016\/06\/direct-planning-industrie-contraintes-horaires-312x189.png 312w, https:\/\/www.directplanning.com\/wp-content\/uploads\/2016\/06\/direct-planning-industrie-contraintes-horaires-156x94.png 156w, https:\/\/www.directplanning.com\/wp-content\/uploads\/2016\/06\/direct-planning-industrie-contraintes-horaires-768x464.png 768w, https:\/\/www.directplanning.com\/wp-content\/uploads\/2016\/06\/direct-planning-industrie-contraintes-horaires-810x490.png 810w, https:\/\/www.directplanning.com\/wp-content\/uploads\/2016\/06\/direct-planning-industrie-contraintes-horaires.png 1072w\" sizes=\"(max-width: 610px) 100vw, 610px\" \/><\/a><figcaption class=\"wp-element-caption\">Direct Planning Industrie &#8211; Contraintes horaires dans le d\u00e9tail d&#8217;une t\u00e2che<\/figcaption><\/figure><\/div>\n\n\n<p>Visualisez <strong>la vid\u00e9o<\/strong> ci-dessous pour un savoir plus sur les contraintes horaires :<\/p>\n\n\n\n<p><iframe src=\"https:\/\/www.youtube.com\/embed\/QgrCAlwF6OU?list=PLE29BC077F1C16669&amp;rel=0\" width=\"640\" height=\"360\" frameborder=\"0\" allowfullscreen=\"allowfullscreen\"><\/iframe><\/p>\n\n\n\n<h2 class=\"wp-block-heading\">La date de d\u00e9but au plus t\u00f4t<\/h2>\n\n\n\n<p>Sur chacune des t\u00e2ches de la <strong><a title=\"Planning Industrie \u2013 Vos gammes de production\" href=\"https:\/\/www.directplanning.com\/fr\/planning-industrie\/planning-industrie-fonctionnalites\/planning-industrie-vos-gammes-de-production\/\">gamme de production<\/a><\/strong>, vous avez la possibilit\u00e9 de saisir une <strong>date de d\u00e9but au plus t\u00f4t<\/strong>. Pour <strong>Direct Planning<\/strong>, il s&#8217;agit d&#8217;une contrainte forte ; c&#8217;est \u00e0 dire qu&#8217;avec le mode &#8220;<a title=\"Planning Industrie \u2013 Aide \u00e0 la planification\" href=\"https:\/\/www.directplanning.com\/fr\/planning-industrie\/planning-industrie-fonctionnalites\/planning-industrie-aide-a-la-planification\/\"><strong>aide \u00e0 la planification<\/strong><\/a>&#8221; activ\u00e9, vous avez l&#8217;assurance que l&#8217;ordre de fabrication&nbsp; sera toujours planifi\u00e9 apr\u00e8s cette date.<\/p>\n\n\n\n<p>A noter que les <a title=\"Planning Industrie \u2013 Les marqueurs visuels\" href=\"https:\/\/www.directplanning.com\/fr\/planning-industrie\/planning-industrie-fonctionnalites\/planning-industrie-marqueurs-visuels\/\">marqueurs <\/a>&#8220;avec attente de r\u00e9ception d&#8217;\u00e9l\u00e9ment&#8221; sont capables de g\u00e9n\u00e9rer automatiquement une contrainte de date de d\u00e9but au plus t\u00f4t, lorsque vous \u00eates en attente de telle mati\u00e8re ou de tel outillage pour une date donn\u00e9e.<\/p>\n\n\n\n<h2 class=\"wp-block-heading\">La date de fin au plus tard<\/h2>\n\n\n\n<p>Sur chacune des t\u00e2ches de la <strong><a title=\"Planning Industrie \u2013 Vos gammes de production\" href=\"https:\/\/www.directplanning.com\/fr\/planning-industrie\/planning-industrie-fonctionnalites\/planning-industrie-vos-gammes-de-production\/\">gamme de production<\/a><\/strong>, vous avez la possibilit\u00e9 de saisir une <strong>date de fin au plus tard<\/strong>. Pour <strong>Direct Planning<\/strong>, il s&#8217;agit d&#8217;une contrainte &#8220;objectif&#8221; ; c&#8217;est \u00e0 dire que <a title=\"Planning Industrie \u2013 Aide \u00e0 la planification\" href=\"https:\/\/www.directplanning.com\/fr\/planning-industrie\/planning-industrie-fonctionnalites\/planning-industrie-aide-a-la-planification\/\"><strong>l&#8217;aide \u00e0 la planification<\/strong><\/a> va vous aider \u00e0 \u00e9viter les retards.<\/p>\n\n\n\n<p>Pour cela le planning g\u00e9n\u00e8re des alertes visuelles sur les t\u00e2ches, lorsque :<\/p>\n\n\n\n<ul class=\"wp-block-list\">\n<li>La t\u00e2che <strong>risque d&#8217;\u00eatre en retard<\/strong> : c&#8217;est \u00e0 dire qu&#8217;elle se termine moins de X heures <strong>avant<\/strong> sa date de fin au plus tard.<\/li>\n\n\n\n<li>La t\u00e2che <strong>est en retard<\/strong> : c&#8217;est \u00e0 dire qu&#8217;elle se termine plus de Y heures <strong>apr\u00e8s<\/strong> sa date de fin au plus tard (tol\u00e9rance sur retard).<\/li>\n<\/ul>\n\n\n\n<h2 class=\"wp-block-heading\">Verrouiller la position d&#8217;une t\u00e2che<\/h2>\n\n\n\n<p><strong>Direct Planning Industrie<\/strong> offre \u00e9galement la possibilit\u00e9 de <strong>verrouiller<\/strong> la position d&#8217;une t\u00e2che. <a title=\"Planning Industrie \u2013 Aide \u00e0 la planification\" href=\"https:\/\/www.directplanning.com\/fr\/planning-industrie\/planning-industrie-fonctionnalites\/planning-industrie-aide-a-la-planification\/\">L&#8217;aide \u00e0 la planification<\/a> et ses modes de fonctionnement <strong>calage \u00e0 gauche<\/strong> (<strong>au plus t\u00f4t<\/strong>) ou <strong>calage \u00e0 droite<\/strong> (<strong>au plus tard<\/strong>) vous offrent la possibilit\u00e9 de positionner automatiquement les t\u00e2ches, en tenant compte les contraintes horaires et les contraintes de <a href=\"https:\/\/www.directplanning.com\/fr\/planning-industrie\/planning-industrie-fonctionnalites\/planning-industrie-vos-gammes-de-production\/\">pr\u00e9c\u00e9dence entre les t\u00e2ches<\/a>.<\/p>\n\n\n\n<p>Verrouiller une t\u00e2che vous donne l&#8217;assurance que cette t\u00e2che ne sera pas d\u00e9plac\u00e9e, ni automatiquement par l&#8217;aide \u00e0 la planification, ni manuellement lors d&#8217;un glisser-d\u00e9placer du planificateur.<\/p>\n\n\n\n<p>Utile par exemple quand un client vient assister \u00e0 la production \u00e0 une date donn\u00e9e (client en machine). Le rendez-vous \u00e9tant convenu, vous avez l&#8217;assurance que la t\u00e2che ne sera pas deplanifi\u00e9e \u00e0 une autre date.<\/p>\n\n\n\n<h2 class=\"wp-block-heading\">Alertes manuelles<\/h2>\n\n\n\n<p>En plus des <strong>alertes automatiques<\/strong> \u00e9voqu\u00e9es plus haut, vous avez la possibilit\u00e9 sur chaque t\u00e2che, de saisir une <strong>alerte manuelle<\/strong>. Une zone de m\u00e9mo vous permet d&#8217;en dire plus sur cette alerte.<\/p>\n\n\n\n<p class=\"has-text-align-center\"><a class=\"mks_button mks_button_medium rounded\" href=\"https:\/\/www.directplanning.com\/fr\/planning-industrie\/planning-industrie-fonctionnalites\/\" target=\"_self\" style=\"color: #FFFFFF; background-color: #1e73be;\" > Les fonctionnalit\u00e9s Planning Industrie <\/a>\n","protected":false},"excerpt":{"rendered":"<p>Direct Planning Industrie int\u00e8gre la gestion des contraintes horaires sur les t\u00e2ches : date de d\u00e9but au plus t\u00f4t, date de fin au plus tard, position de t\u00e2che impos\u00e9e (verrouill\u00e9e) et alertes&nbsp; automatiques ou manuelles pour assister le planificateur.<\/p>\n","protected":false},"author":2,"featured_media":2869,"parent":516,"menu_order":50,"comment_status":"open","ping_status":"open","template":"","meta":{"footnotes":""},"class_list":["post-803","page","type-page","status-publish","has-post-thumbnail","hentry"],"yoast_head":"<!-- This site is optimized with the Yoast SEO plugin v27.5 - https:\/\/yoast.com\/product\/yoast-seo-wordpress\/ -->\n<title>Planning Industrie - Contraintes horaires et alertes - Direct Planning<\/title>\n<meta name=\"description\" content=\"G\u00e9rez efficacement vos plannings : contraintes horaires, dates de d\u00e9but\/fin, verrouillage de t\u00e2ches et alertes automatiques ou manuelles.\" \/>\n<meta name=\"robots\" content=\"index, follow, max-snippet:-1, max-image-preview:large, max-video-preview:-1\" \/>\n<link rel=\"canonical\" href=\"https:\/\/www.directplanning.com\/fr\/planning-industrie\/planning-industrie-fonctionnalites\/planning-industrie-contraintes-horaires-et-alertes\/\" \/>\n<meta property=\"og:locale\" content=\"fr_FR\" \/>\n<meta property=\"og:type\" content=\"article\" \/>\n<meta property=\"og:title\" content=\"Planning Industrie - Contraintes horaires et alertes - Direct Planning\" \/>\n<meta property=\"og:description\" content=\"G\u00e9rez efficacement vos plannings : contraintes horaires, dates de d\u00e9but\/fin, verrouillage de t\u00e2ches et alertes automatiques ou manuelles.\" \/>\n<meta property=\"og:url\" content=\"https:\/\/www.directplanning.com\/fr\/planning-industrie\/planning-industrie-fonctionnalites\/planning-industrie-contraintes-horaires-et-alertes\/\" \/>\n<meta property=\"og:site_name\" content=\"Direct Planning\" \/>\n<meta property=\"article:modified_time\" content=\"2025-10-03T09:10:45+00:00\" \/>\n<meta property=\"og:image\" content=\"https:\/\/www.directplanning.com\/wp-content\/uploads\/2016\/06\/direct-planning-industrie-contraintes-horaires.png\" \/>\n\t<meta property=\"og:image:width\" content=\"1072\" \/>\n\t<meta property=\"og:image:height\" content=\"648\" \/>\n\t<meta property=\"og:image:type\" content=\"image\/png\" \/>\n<meta name=\"twitter:card\" content=\"summary_large_image\" \/>\n<meta name=\"twitter:site\" content=\"@Direct_Planning\" \/>\n<meta name=\"twitter:label1\" content=\"Dur\u00e9e de lecture estim\u00e9e\" \/>\n\t<meta name=\"twitter:data1\" content=\"3 minutes\" \/>\n<script type=\"application\/ld+json\" class=\"yoast-schema-graph\">{\"@context\":\"https:\\\/\\\/schema.org\",\"@graph\":[{\"@type\":\"WebPage\",\"@id\":\"https:\\\/\\\/www.directplanning.com\\\/fr\\\/planning-industrie\\\/planning-industrie-fonctionnalites\\\/planning-industrie-contraintes-horaires-et-alertes\\\/\",\"url\":\"https:\\\/\\\/www.directplanning.com\\\/fr\\\/planning-industrie\\\/planning-industrie-fonctionnalites\\\/planning-industrie-contraintes-horaires-et-alertes\\\/\",\"name\":\"Planning Industrie - Contraintes horaires et alertes - Direct Planning\",\"isPartOf\":{\"@id\":\"https:\\\/\\\/www.directplanning.com\\\/fr\\\/#website\"},\"primaryImageOfPage\":{\"@id\":\"https:\\\/\\\/www.directplanning.com\\\/fr\\\/planning-industrie\\\/planning-industrie-fonctionnalites\\\/planning-industrie-contraintes-horaires-et-alertes\\\/#primaryimage\"},\"image\":{\"@id\":\"https:\\\/\\\/www.directplanning.com\\\/fr\\\/planning-industrie\\\/planning-industrie-fonctionnalites\\\/planning-industrie-contraintes-horaires-et-alertes\\\/#primaryimage\"},\"thumbnailUrl\":\"https:\\\/\\\/www.directplanning.com\\\/wp-content\\\/uploads\\\/2016\\\/06\\\/direct-planning-industrie-contraintes-horaires.png\",\"datePublished\":\"2012-04-16T15:07:33+00:00\",\"dateModified\":\"2025-10-03T09:10:45+00:00\",\"description\":\"G\u00e9rez efficacement vos plannings : contraintes horaires, dates de d\u00e9but\\\/fin, verrouillage de t\u00e2ches et alertes automatiques ou manuelles.\",\"breadcrumb\":{\"@id\":\"https:\\\/\\\/www.directplanning.com\\\/fr\\\/planning-industrie\\\/planning-industrie-fonctionnalites\\\/planning-industrie-contraintes-horaires-et-alertes\\\/#breadcrumb\"},\"inLanguage\":\"fr-FR\",\"potentialAction\":[{\"@type\":\"ReadAction\",\"target\":[\"https:\\\/\\\/www.directplanning.com\\\/fr\\\/planning-industrie\\\/planning-industrie-fonctionnalites\\\/planning-industrie-contraintes-horaires-et-alertes\\\/\"]}]},{\"@type\":\"ImageObject\",\"inLanguage\":\"fr-FR\",\"@id\":\"https:\\\/\\\/www.directplanning.com\\\/fr\\\/planning-industrie\\\/planning-industrie-fonctionnalites\\\/planning-industrie-contraintes-horaires-et-alertes\\\/#primaryimage\",\"url\":\"https:\\\/\\\/www.directplanning.com\\\/wp-content\\\/uploads\\\/2016\\\/06\\\/direct-planning-industrie-contraintes-horaires.png\",\"contentUrl\":\"https:\\\/\\\/www.directplanning.com\\\/wp-content\\\/uploads\\\/2016\\\/06\\\/direct-planning-industrie-contraintes-horaires.png\",\"width\":1072,\"height\":648,\"caption\":\"Direct Planning Industrie - Contraintes horaires dans le d\u00e9tail d'une t\u00e2che\"},{\"@type\":\"BreadcrumbList\",\"@id\":\"https:\\\/\\\/www.directplanning.com\\\/fr\\\/planning-industrie\\\/planning-industrie-fonctionnalites\\\/planning-industrie-contraintes-horaires-et-alertes\\\/#breadcrumb\",\"itemListElement\":[{\"@type\":\"ListItem\",\"position\":1,\"name\":\"Accueil\",\"item\":\"https:\\\/\\\/www.directplanning.com\\\/fr\\\/\"},{\"@type\":\"ListItem\",\"position\":2,\"name\":\"Direct Planning Industrie\",\"item\":\"https:\\\/\\\/www.directplanning.com\\\/fr\\\/planning-industrie\\\/\"},{\"@type\":\"ListItem\",\"position\":3,\"name\":\"Planning Industrie &#8211; Fonctionnalit\u00e9s\",\"item\":\"https:\\\/\\\/www.directplanning.com\\\/fr\\\/planning-industrie\\\/planning-industrie-fonctionnalites\\\/\"},{\"@type\":\"ListItem\",\"position\":4,\"name\":\"Planning Industrie &#8211; Contraintes horaires et alertes\"}]},{\"@type\":\"WebSite\",\"@id\":\"https:\\\/\\\/www.directplanning.com\\\/fr\\\/#website\",\"url\":\"https:\\\/\\\/www.directplanning.com\\\/fr\\\/\",\"name\":\"Directplanning.com\",\"description\":\"Optimisez votre planning de production. Outil de planification intuitif et complet pour les entreprises et industries. Essai gratuit en ligne\",\"publisher\":{\"@id\":\"https:\\\/\\\/www.directplanning.com\\\/fr\\\/#organization\"},\"potentialAction\":[{\"@type\":\"SearchAction\",\"target\":{\"@type\":\"EntryPoint\",\"urlTemplate\":\"https:\\\/\\\/www.directplanning.com\\\/fr\\\/?s={search_term_string}\"},\"query-input\":{\"@type\":\"PropertyValueSpecification\",\"valueRequired\":true,\"valueName\":\"search_term_string\"}}],\"inLanguage\":\"fr-FR\"},{\"@type\":\"Organization\",\"@id\":\"https:\\\/\\\/www.directplanning.com\\\/fr\\\/#organization\",\"name\":\"Direct Planning\",\"alternateName\":\"DP\",\"url\":\"https:\\\/\\\/www.directplanning.com\\\/fr\\\/\",\"logo\":{\"@type\":\"ImageObject\",\"inLanguage\":\"fr-FR\",\"@id\":\"https:\\\/\\\/www.directplanning.com\\\/fr\\\/#\\\/schema\\\/logo\\\/image\\\/\",\"url\":\"https:\\\/\\\/www.directplanning.com\\\/wp-content\\\/uploads\\\/2023\\\/08\\\/DirectPlanIcone.bmp\",\"contentUrl\":\"https:\\\/\\\/www.directplanning.com\\\/wp-content\\\/uploads\\\/2023\\\/08\\\/DirectPlanIcone.bmp\",\"width\":320,\"height\":355,\"caption\":\"Direct Planning\"},\"image\":{\"@id\":\"https:\\\/\\\/www.directplanning.com\\\/fr\\\/#\\\/schema\\\/logo\\\/image\\\/\"},\"sameAs\":[\"https:\\\/\\\/x.com\\\/Direct_Planning\",\"https:\\\/\\\/www.linkedin.com\\\/showcase\\\/direct-planning\\\/posts\\\/?feedView=all\",\"https:\\\/\\\/www.youtube.com\\\/user\\\/VolumeSoftware\"]}]}<\/script>\n<!-- \/ Yoast SEO plugin. -->","yoast_head_json":{"title":"Planning Industrie - Contraintes horaires et alertes - Direct Planning","description":"G\u00e9rez efficacement vos plannings : contraintes horaires, dates de d\u00e9but\/fin, verrouillage de t\u00e2ches et alertes automatiques ou manuelles.","robots":{"index":"index","follow":"follow","max-snippet":"max-snippet:-1","max-image-preview":"max-image-preview:large","max-video-preview":"max-video-preview:-1"},"canonical":"https:\/\/www.directplanning.com\/fr\/planning-industrie\/planning-industrie-fonctionnalites\/planning-industrie-contraintes-horaires-et-alertes\/","og_locale":"fr_FR","og_type":"article","og_title":"Planning Industrie - Contraintes horaires et alertes - Direct Planning","og_description":"G\u00e9rez efficacement vos plannings : contraintes horaires, dates de d\u00e9but\/fin, verrouillage de t\u00e2ches et alertes automatiques ou manuelles.","og_url":"https:\/\/www.directplanning.com\/fr\/planning-industrie\/planning-industrie-fonctionnalites\/planning-industrie-contraintes-horaires-et-alertes\/","og_site_name":"Direct Planning","article_modified_time":"2025-10-03T09:10:45+00:00","og_image":[{"width":1072,"height":648,"url":"https:\/\/www.directplanning.com\/wp-content\/uploads\/2016\/06\/direct-planning-industrie-contraintes-horaires.png","type":"image\/png"}],"twitter_card":"summary_large_image","twitter_site":"@Direct_Planning","twitter_misc":{"Dur\u00e9e de lecture estim\u00e9e":"3 minutes"},"schema":{"@context":"https:\/\/schema.org","@graph":[{"@type":"WebPage","@id":"https:\/\/www.directplanning.com\/fr\/planning-industrie\/planning-industrie-fonctionnalites\/planning-industrie-contraintes-horaires-et-alertes\/","url":"https:\/\/www.directplanning.com\/fr\/planning-industrie\/planning-industrie-fonctionnalites\/planning-industrie-contraintes-horaires-et-alertes\/","name":"Planning Industrie - Contraintes horaires et alertes - Direct Planning","isPartOf":{"@id":"https:\/\/www.directplanning.com\/fr\/#website"},"primaryImageOfPage":{"@id":"https:\/\/www.directplanning.com\/fr\/planning-industrie\/planning-industrie-fonctionnalites\/planning-industrie-contraintes-horaires-et-alertes\/#primaryimage"},"image":{"@id":"https:\/\/www.directplanning.com\/fr\/planning-industrie\/planning-industrie-fonctionnalites\/planning-industrie-contraintes-horaires-et-alertes\/#primaryimage"},"thumbnailUrl":"https:\/\/www.directplanning.com\/wp-content\/uploads\/2016\/06\/direct-planning-industrie-contraintes-horaires.png","datePublished":"2012-04-16T15:07:33+00:00","dateModified":"2025-10-03T09:10:45+00:00","description":"G\u00e9rez efficacement vos plannings : contraintes horaires, dates de d\u00e9but\/fin, verrouillage de t\u00e2ches et alertes automatiques ou manuelles.","breadcrumb":{"@id":"https:\/\/www.directplanning.com\/fr\/planning-industrie\/planning-industrie-fonctionnalites\/planning-industrie-contraintes-horaires-et-alertes\/#breadcrumb"},"inLanguage":"fr-FR","potentialAction":[{"@type":"ReadAction","target":["https:\/\/www.directplanning.com\/fr\/planning-industrie\/planning-industrie-fonctionnalites\/planning-industrie-contraintes-horaires-et-alertes\/"]}]},{"@type":"ImageObject","inLanguage":"fr-FR","@id":"https:\/\/www.directplanning.com\/fr\/planning-industrie\/planning-industrie-fonctionnalites\/planning-industrie-contraintes-horaires-et-alertes\/#primaryimage","url":"https:\/\/www.directplanning.com\/wp-content\/uploads\/2016\/06\/direct-planning-industrie-contraintes-horaires.png","contentUrl":"https:\/\/www.directplanning.com\/wp-content\/uploads\/2016\/06\/direct-planning-industrie-contraintes-horaires.png","width":1072,"height":648,"caption":"Direct Planning Industrie - Contraintes horaires dans le d\u00e9tail d'une t\u00e2che"},{"@type":"BreadcrumbList","@id":"https:\/\/www.directplanning.com\/fr\/planning-industrie\/planning-industrie-fonctionnalites\/planning-industrie-contraintes-horaires-et-alertes\/#breadcrumb","itemListElement":[{"@type":"ListItem","position":1,"name":"Accueil","item":"https:\/\/www.directplanning.com\/fr\/"},{"@type":"ListItem","position":2,"name":"Direct Planning Industrie","item":"https:\/\/www.directplanning.com\/fr\/planning-industrie\/"},{"@type":"ListItem","position":3,"name":"Planning Industrie &#8211; Fonctionnalit\u00e9s","item":"https:\/\/www.directplanning.com\/fr\/planning-industrie\/planning-industrie-fonctionnalites\/"},{"@type":"ListItem","position":4,"name":"Planning Industrie &#8211; Contraintes horaires et alertes"}]},{"@type":"WebSite","@id":"https:\/\/www.directplanning.com\/fr\/#website","url":"https:\/\/www.directplanning.com\/fr\/","name":"Directplanning.com","description":"Optimisez votre planning de production. Outil de planification intuitif et complet pour les entreprises et industries. Essai gratuit en ligne","publisher":{"@id":"https:\/\/www.directplanning.com\/fr\/#organization"},"potentialAction":[{"@type":"SearchAction","target":{"@type":"EntryPoint","urlTemplate":"https:\/\/www.directplanning.com\/fr\/?s={search_term_string}"},"query-input":{"@type":"PropertyValueSpecification","valueRequired":true,"valueName":"search_term_string"}}],"inLanguage":"fr-FR"},{"@type":"Organization","@id":"https:\/\/www.directplanning.com\/fr\/#organization","name":"Direct Planning","alternateName":"DP","url":"https:\/\/www.directplanning.com\/fr\/","logo":{"@type":"ImageObject","inLanguage":"fr-FR","@id":"https:\/\/www.directplanning.com\/fr\/#\/schema\/logo\/image\/","url":"https:\/\/www.directplanning.com\/wp-content\/uploads\/2023\/08\/DirectPlanIcone.bmp","contentUrl":"https:\/\/www.directplanning.com\/wp-content\/uploads\/2023\/08\/DirectPlanIcone.bmp","width":320,"height":355,"caption":"Direct Planning"},"image":{"@id":"https:\/\/www.directplanning.com\/fr\/#\/schema\/logo\/image\/"},"sameAs":["https:\/\/x.com\/Direct_Planning","https:\/\/www.linkedin.com\/showcase\/direct-planning\/posts\/?feedView=all","https:\/\/www.youtube.com\/user\/VolumeSoftware"]}]}},"_links":{"self":[{"href":"https:\/\/www.directplanning.com\/fr\/wp-json\/wp\/v2\/pages\/803","targetHints":{"allow":["GET"]}}],"collection":[{"href":"https:\/\/www.directplanning.com\/fr\/wp-json\/wp\/v2\/pages"}],"about":[{"href":"https:\/\/www.directplanning.com\/fr\/wp-json\/wp\/v2\/types\/page"}],"author":[{"embeddable":true,"href":"https:\/\/www.directplanning.com\/fr\/wp-json\/wp\/v2\/users\/2"}],"replies":[{"embeddable":true,"href":"https:\/\/www.directplanning.com\/fr\/wp-json\/wp\/v2\/comments?post=803"}],"version-history":[{"count":0,"href":"https:\/\/www.directplanning.com\/fr\/wp-json\/wp\/v2\/pages\/803\/revisions"}],"up":[{"embeddable":true,"href":"https:\/\/www.directplanning.com\/fr\/wp-json\/wp\/v2\/pages\/516"}],"wp:featuredmedia":[{"embeddable":true,"href":"https:\/\/www.directplanning.com\/fr\/wp-json\/wp\/v2\/media\/2869"}],"wp:attachment":[{"href":"https:\/\/www.directplanning.com\/fr\/wp-json\/wp\/v2\/media?parent=803"}],"curies":[{"name":"wp","href":"https:\/\/api.w.org\/{rel}","templated":true}]}}