{"id":787,"date":"2012-04-16T14:55:21","date_gmt":"2012-04-16T14:55:21","guid":{"rendered":"https:\/\/www.directplanning.com\/?page_id=787"},"modified":"2025-10-03T11:01:27","modified_gmt":"2025-10-03T09:01:27","slug":"planning-industrie-caracteristiques-de-vos-machines","status":"publish","type":"page","link":"https:\/\/www.directplanning.com\/fr\/planning-industrie\/planning-industrie-fonctionnalites\/planning-industrie-caracteristiques-de-vos-machines\/","title":{"rendered":"Planning Industrie &#8211; Caract\u00e9ristiques de vos machines"},"content":{"rendered":"\n<h2 class=\"wp-block-heading\">Sections atelier et machines<\/h2>\n\n\n\n<p>Dans <strong>Direct Planning Industrie<\/strong>, il existe 2 m\u00e9thodes de r\u00e9cup\u00e9ration des temps et dur\u00e9es relatifs \u00e0 vos machines :<\/p>\n\n\n\n<ul class=\"wp-block-list\">\n<li>Soit les temps proviennent de l&#8217;ERP ;<\/li>\n\n\n\n<li>Soit les temps sont calcul\u00e9s par Direct Planning.<\/li>\n<\/ul>\n\n\n\n<p>Chaque <strong>machine<\/strong> dispose des caract\u00e9ristiques suivantes :<\/p>\n\n\n\n<!--more-->\n\n\n\n<ul class=\"wp-block-list\">\n<li>une <strong>machine<\/strong> appartient \u00e0 une <strong>section atelier<\/strong>. Dans l&#8217;affichage par d\u00e9faut du planning, les machines sont visuellement regroup\u00e9es par section atelier.<\/li>\n\n\n\n<li>un <strong>ordre d&#8217;affichage \u00e0 l&#8217;\u00e9cran<\/strong>. On pourra ainsi positionner verticalement les machines dans un ordre d&#8217;importance ou dans un ordre coh\u00e9rent par rapport aux <a title=\"Planning Industrie \u2013 Vos gammes de production\" href=\"https:\/\/www.directplanning.com\/fr\/planning-industrie\/planning-industrie-fonctionnalites\/planning-industrie-vos-gammes-de-production\/\"><strong>gammes de production<\/strong><\/a>.<\/li>\n\n\n\n<li>une <strong>op\u00e9ration<\/strong> par d\u00e9faut<\/li>\n\n\n\n<li>un <strong>temps de r\u00e9glage<\/strong> et une <strong>cadence<\/strong> par d\u00e9faut. La cadence est exprim\u00e9e dans une unit\u00e9 d\u2019\u0153uvre propre \u00e0 la machine. Exemples : pi\u00e8ces\/heure, plaques\/heure, m\u00e8tres lin\u00e9aires\/heure, etc.<\/li>\n<\/ul>\n\n\n<div class=\"wp-block-image\">\n<figure class=\"aligncenter\"><a href=\"https:\/\/www.directplanning.com\/wp-content\/uploads\/2020\/06\/direct_planning_industrie_fiche_machine-1.png\" data-rel=\"lightbox-image-0\" data-rl_title=\"\" data-rl_caption=\"\" title=\"\"><img decoding=\"async\" width=\"610\" height=\"605\" src=\"https:\/\/www.directplanning.com\/wp-content\/uploads\/2020\/06\/direct_planning_industrie_fiche_machine-1-610x605.png\" alt=\"Direct Planning Industrie - Une fiche machine\" class=\"wp-image-4381\" srcset=\"https:\/\/www.directplanning.com\/wp-content\/uploads\/2020\/06\/direct_planning_industrie_fiche_machine-1-610x605.png 610w, https:\/\/www.directplanning.com\/wp-content\/uploads\/2020\/06\/direct_planning_industrie_fiche_machine-1-312x309.png 312w, https:\/\/www.directplanning.com\/wp-content\/uploads\/2020\/06\/direct_planning_industrie_fiche_machine-1-156x156.png 156w, https:\/\/www.directplanning.com\/wp-content\/uploads\/2020\/06\/direct_planning_industrie_fiche_machine-1.png 613w\" sizes=\"(max-width: 610px) 100vw, 610px\" \/><\/a><figcaption class=\"wp-element-caption\">Direct Planning Industrie &#8211; Une fiche machine<\/figcaption><\/figure><\/div>\n\n\n<p>Visionnez <strong>la vid\u00e9o<\/strong> ci-dessous pour en savoir plus :<\/p>\n\n\n\n<p><iframe src=\"https:\/\/www.youtube.com\/embed\/g8pIDON-uPM?list=PLE29BC077F1C16669&amp;rel=0\" width=\"640\" height=\"360\" frameborder=\"0\" allowfullscreen=\"allowfullscreen\"><\/iframe><\/p>\n\n\n\n<p>En utilisant ces donn\u00e9es, <strong>Direct Planning Industrie<\/strong> saura <strong>calculer automatiquement la dur\u00e9e de vos t\u00e2ches<\/strong> lors de la planification initiale ou lors d&#8217;un changement de machine. Vous pouvez cependant toujours imposer manuellement les temps de r\u00e9glage ou de passage. C&#8217;est souvent le cas quand on <a title=\"Planning Industrie \u2013 Interfaces avec votre syst\u00e8me d\u2019information\" href=\"https:\/\/www.directplanning.com\/fr\/planning-industrie\/planning-industrie-fonctionnalites\/planning-industrie-interfaces-avec-votre-systeme-d-information\/\">importe automatiquement des t\u00e2ches depuis un syst\u00e8me d&#8217;information<\/a> (ERP, GPAO).<\/p>\n\n\n\n<h2 class=\"wp-block-heading\">Op\u00e9rations compatibles, temps de r\u00e9glage et cadence<\/h2>\n\n\n\n<p>Si le <strong>temps de r\u00e9glage<\/strong> et la <strong>cadence<\/strong> par d\u00e9faut sp\u00e9cifi\u00e9s sur la machine, vous semblent trop simplistes, sachez que vous pourrez d\u00e9crire plus finement vos temps de r\u00e9glage et cadences.<\/p>\n\n\n\n<p>Pour chaque machine, il est possible de d\u00e9crire diff\u00e9rents modes de fonctionnement de la machine via l&#8217;utilisation de diff\u00e9rentes <strong>op\u00e9rations compatibles<\/strong> avec cette machine. pour chacun des couples machine-op\u00e9ration, vous pourrez sp\u00e9cifier un temps de r\u00e9glage et une cadence.<\/p>\n\n\n\n<p>Vous pouvez aussi faire intervenir des<strong> <a title=\"Planning Industrie \u2013 Configurable pour votre m\u00e9tier\" href=\"https:\/\/www.directplanning.com\/fr\/planning-industrie\/planning-industrie-fonctionnalites\/planning-industrie-configurable-pour-votre-metier\/\">donn\u00e9es techniques de production<\/a><\/strong> pour affiner encore plus vos temps de r\u00e9glage et vos cadences.<\/p>\n\n\n\n<p><strong>Exemple :<\/strong> Un temps de r\u00e9glage d\u00e9pendant du nombre de couleurs imprim\u00e9es, ou une cadence d\u00e9pendant du profil mati\u00e8re et de la complexit\u00e9 d&#8217;impression.<\/p>\n\n\n\n<h2 class=\"wp-block-heading\">Calendrier d&#8217;ouverture par machine<\/h2>\n\n\n\n<p><strong>Direct Planning<\/strong> vous propose un syst\u00e8me simple et puissant de description des <strong>horaires d&#8217;ouvertures<\/strong> de vos machines.<\/p>\n\n\n\n<p>Vous commencerez par d\u00e9crire des <strong>jours types<\/strong> fonctions des horaires de vos <strong>\u00e9quipes<\/strong>. Pour chaque jour type (1&#215;8, 2&#215;8, 3&#215;8, Jour 7 heures, etc), vous choisirez d&#8217;activer les <strong>factions<\/strong> <strong>matin<\/strong>, <strong>apr\u00e8s-midi<\/strong>, <strong>nuit<\/strong> ou jour en d\u00e9crivant les <strong>horaires des pauses<\/strong>.<\/p>\n\n\n<div class=\"wp-block-image\">\n<figure class=\"aligncenter\"><a href=\"https:\/\/www.directplanning.com\/wp-content\/uploads\/2020\/06\/direct_planning_industrie_calendrier_jour_type.png\" data-rel=\"lightbox-image-1\" data-rl_title=\"\" data-rl_caption=\"\" title=\"\"><img decoding=\"async\" width=\"610\" height=\"386\" src=\"https:\/\/www.directplanning.com\/wp-content\/uploads\/2020\/06\/direct_planning_industrie_calendrier_jour_type-610x386.png\" alt=\"Direct Planning Industrie - Un jour type prenant en compte les factions\" class=\"wp-image-4384\" srcset=\"https:\/\/www.directplanning.com\/wp-content\/uploads\/2020\/06\/direct_planning_industrie_calendrier_jour_type-610x386.png 610w, https:\/\/www.directplanning.com\/wp-content\/uploads\/2020\/06\/direct_planning_industrie_calendrier_jour_type-312x198.png 312w, https:\/\/www.directplanning.com\/wp-content\/uploads\/2020\/06\/direct_planning_industrie_calendrier_jour_type-156x99.png 156w, https:\/\/www.directplanning.com\/wp-content\/uploads\/2020\/06\/direct_planning_industrie_calendrier_jour_type-768x487.png 768w, https:\/\/www.directplanning.com\/wp-content\/uploads\/2020\/06\/direct_planning_industrie_calendrier_jour_type-810x513.png 810w, https:\/\/www.directplanning.com\/wp-content\/uploads\/2020\/06\/direct_planning_industrie_calendrier_jour_type.png 816w\" sizes=\"(max-width: 610px) 100vw, 610px\" \/><\/a><figcaption class=\"wp-element-caption\">Direct Planning Industrie &#8211; Un jour type prenant en compte les factions<\/figcaption><\/figure><\/div>\n\n\n<p>Vous d\u00e9crirez ensuite des <strong>semaines types<\/strong> qui utilisent des jours types. Exemple : &#8220;Semaine 1&#215;8&#8221;, &#8220;Semaine 2&#215;8&#8221;, &#8220;Semaine 2&#215;8 + samedi matin&#8221;, etc.<\/p>\n\n\n\n<p>Afin de d\u00e9crire les <strong>horaires d&#8217;ouverture de vos machines<\/strong> (eux m\u00eame fonction des horaires de vos \u00e9quipes sur chacune des machines), vous pourrez sp\u00e9cifier par machine et par ann\u00e9e :<\/p>\n\n\n\n<ul class=\"wp-block-list\">\n<li>des horaires d&#8217;ouverture g\u00e9n\u00e9raux via une semaine type annuelle.<\/li>\n\n\n\n<li>des horaires d&#8217;ouverture sp\u00e9cifiques \u00e0 une semaine donn\u00e9e.<\/li>\n\n\n\n<li>des horaires d&#8217;ouverture sp\u00e9cifiques \u00e0 une journ\u00e9e donn\u00e9e.<\/li>\n\n\n\n<li>des horaires d&#8217;ouverture sp\u00e9cifiques \u00e0 un cr\u00e9neau horaire particulier (maintenance pr\u00e9vue une journ\u00e9e donn\u00e9e par exemple).<\/li>\n<\/ul>\n\n\n\n<p>Une interface tr\u00e8s intuitive vous permettra de modifier rapidement vos <strong>horaires d&#8217;ouverture machine :<\/strong><\/p>\n\n\n<div class=\"wp-block-image\">\n<figure class=\"aligncenter\"><a href=\"https:\/\/www.directplanning.com\/wp-content\/uploads\/2020\/06\/DirectPlanning-calendrier-version-3-5-0.png\" data-rel=\"lightbox-image-2\" data-rl_title=\"\" data-rl_caption=\"\" title=\"\"><img decoding=\"async\" width=\"610\" height=\"291\" src=\"https:\/\/www.directplanning.com\/wp-content\/uploads\/2020\/06\/DirectPlanning-calendrier-version-3-5-0-610x291.png\" alt=\"Direct Planning Industrie - Interface de modification des calendriers d'ouvertures machines\" class=\"wp-image-4387\" srcset=\"https:\/\/www.directplanning.com\/wp-content\/uploads\/2020\/06\/DirectPlanning-calendrier-version-3-5-0-610x291.png 610w, https:\/\/www.directplanning.com\/wp-content\/uploads\/2020\/06\/DirectPlanning-calendrier-version-3-5-0-312x149.png 312w, https:\/\/www.directplanning.com\/wp-content\/uploads\/2020\/06\/DirectPlanning-calendrier-version-3-5-0-156x75.png 156w, https:\/\/www.directplanning.com\/wp-content\/uploads\/2020\/06\/DirectPlanning-calendrier-version-3-5-0-768x367.png 768w, https:\/\/www.directplanning.com\/wp-content\/uploads\/2020\/06\/DirectPlanning-calendrier-version-3-5-0-1536x734.png 1536w, https:\/\/www.directplanning.com\/wp-content\/uploads\/2020\/06\/DirectPlanning-calendrier-version-3-5-0-810x387.png 810w, https:\/\/www.directplanning.com\/wp-content\/uploads\/2020\/06\/DirectPlanning-calendrier-version-3-5-0-1140x544.png 1140w, https:\/\/www.directplanning.com\/wp-content\/uploads\/2020\/06\/DirectPlanning-calendrier-version-3-5-0.png 1788w\" sizes=\"(max-width: 610px) 100vw, 610px\" \/><\/a><figcaption class=\"wp-element-caption\">Direct Planning Industrie &#8211; Interface de modification des calendriers d&#8217;ouvertures machines<\/figcaption><\/figure><\/div>\n\n\n<p>Dans <strong>Direct Planning Industrie<\/strong>, toute t\u00e2che planifi\u00e9e peut traverser une zone d\u2019inactivit\u00e9 machine. La dur\u00e9e restante se retrouve automatiquement planifi\u00e9e apr\u00e8s la zone d\u2019inactivit\u00e9.<\/p>\n\n\n\n<p>Ci-dessous une vid\u00e9o de pr\u00e9sentation de la gestion des calendriers :<\/p>\n\n\n\n<p><iframe src=\"https:\/\/www.youtube.com\/embed\/tJyvUomx7g4?list=PLE29BC077F1C16669&amp;rel=0\" width=\"640\" height=\"360\" frameborder=\"0\" allowfullscreen=\"allowfullscreen\"><\/iframe><\/p>\n\n\n\n<p class=\"has-text-align-center\"><a class=\"mks_button mks_button_medium rounded\" href=\"https:\/\/www.directplanning.com\/fr\/planning-industrie\/planning-industrie-fonctionnalites\/\" target=\"_self\" style=\"color: #FFFFFF; background-color: #1e73be;\" > Les fonctionnalit\u00e9s Planning Industrie <\/a>\n","protected":false},"excerpt":{"rendered":"<p>Sections atelier et machines Dans Direct Planning Industrie, il existe 2 m\u00e9thodes de r\u00e9cup\u00e9ration des temps et dur\u00e9es relatifs \u00e0 vos machines : Chaque machine dispose des caract\u00e9ristiques suivantes :<\/p>\n","protected":false},"author":2,"featured_media":1486,"parent":516,"menu_order":20,"comment_status":"open","ping_status":"open","template":"","meta":{"footnotes":""},"class_list":["post-787","page","type-page","status-publish","has-post-thumbnail","hentry"],"yoast_head":"<!-- This site is optimized with the Yoast SEO plugin v27.6 - https:\/\/yoast.com\/product\/yoast-seo-wordpress\/ -->\n<title>Planning Industrie - Caract\u00e9ristiques de vos machines - Direct Planning<\/title>\n<meta name=\"description\" content=\"Configuration machines : temps de r\u00e9glage et cadence personnalis\u00e9s, calendriers d\u2019ouvertures, op\u00e9rations multiples, et affichage par atelier.\" \/>\n<meta name=\"robots\" content=\"index, follow, max-snippet:-1, max-image-preview:large, max-video-preview:-1\" \/>\n<link rel=\"canonical\" href=\"https:\/\/www.directplanning.com\/fr\/planning-industrie\/planning-industrie-fonctionnalites\/planning-industrie-caracteristiques-de-vos-machines\/\" \/>\n<meta property=\"og:locale\" content=\"fr_FR\" \/>\n<meta property=\"og:type\" content=\"article\" \/>\n<meta property=\"og:title\" content=\"Planning Industrie - Caract\u00e9ristiques de vos machines - Direct Planning\" \/>\n<meta property=\"og:description\" content=\"Configuration machines : temps de r\u00e9glage et cadence personnalis\u00e9s, calendriers d\u2019ouvertures, op\u00e9rations multiples, et affichage par atelier.\" \/>\n<meta property=\"og:url\" content=\"https:\/\/www.directplanning.com\/fr\/planning-industrie\/planning-industrie-fonctionnalites\/planning-industrie-caracteristiques-de-vos-machines\/\" \/>\n<meta property=\"og:site_name\" content=\"Direct Planning\" \/>\n<meta property=\"article:modified_time\" content=\"2025-10-03T09:01:27+00:00\" \/>\n<meta property=\"og:image\" content=\"https:\/\/www.directplanning.com\/wp-content\/uploads\/2012\/04\/direct_planning_industrie_fiche_machine.png\" \/>\n\t<meta property=\"og:image:width\" content=\"978\" \/>\n\t<meta property=\"og:image:height\" content=\"649\" \/>\n\t<meta property=\"og:image:type\" content=\"image\/png\" \/>\n<meta name=\"twitter:card\" content=\"summary_large_image\" \/>\n<meta name=\"twitter:site\" content=\"@Direct_Planning\" \/>\n<meta name=\"twitter:label1\" content=\"Dur\u00e9e de lecture estim\u00e9e\" \/>\n\t<meta name=\"twitter:data1\" content=\"4 minutes\" \/>\n<script type=\"application\/ld+json\" class=\"yoast-schema-graph\">{\"@context\":\"https:\\\/\\\/schema.org\",\"@graph\":[{\"@type\":\"WebPage\",\"@id\":\"https:\\\/\\\/www.directplanning.com\\\/fr\\\/planning-industrie\\\/planning-industrie-fonctionnalites\\\/planning-industrie-caracteristiques-de-vos-machines\\\/\",\"url\":\"https:\\\/\\\/www.directplanning.com\\\/fr\\\/planning-industrie\\\/planning-industrie-fonctionnalites\\\/planning-industrie-caracteristiques-de-vos-machines\\\/\",\"name\":\"Planning Industrie - Caract\u00e9ristiques de vos machines - Direct Planning\",\"isPartOf\":{\"@id\":\"https:\\\/\\\/www.directplanning.com\\\/fr\\\/#website\"},\"primaryImageOfPage\":{\"@id\":\"https:\\\/\\\/www.directplanning.com\\\/fr\\\/planning-industrie\\\/planning-industrie-fonctionnalites\\\/planning-industrie-caracteristiques-de-vos-machines\\\/#primaryimage\"},\"image\":{\"@id\":\"https:\\\/\\\/www.directplanning.com\\\/fr\\\/planning-industrie\\\/planning-industrie-fonctionnalites\\\/planning-industrie-caracteristiques-de-vos-machines\\\/#primaryimage\"},\"thumbnailUrl\":\"https:\\\/\\\/www.directplanning.com\\\/wp-content\\\/uploads\\\/2012\\\/04\\\/direct_planning_industrie_fiche_machine.png\",\"datePublished\":\"2012-04-16T14:55:21+00:00\",\"dateModified\":\"2025-10-03T09:01:27+00:00\",\"description\":\"Configuration machines : temps de r\u00e9glage et cadence personnalis\u00e9s, calendriers d\u2019ouvertures, op\u00e9rations multiples, et affichage par atelier.\",\"breadcrumb\":{\"@id\":\"https:\\\/\\\/www.directplanning.com\\\/fr\\\/planning-industrie\\\/planning-industrie-fonctionnalites\\\/planning-industrie-caracteristiques-de-vos-machines\\\/#breadcrumb\"},\"inLanguage\":\"fr-FR\",\"potentialAction\":[{\"@type\":\"ReadAction\",\"target\":[\"https:\\\/\\\/www.directplanning.com\\\/fr\\\/planning-industrie\\\/planning-industrie-fonctionnalites\\\/planning-industrie-caracteristiques-de-vos-machines\\\/\"]}]},{\"@type\":\"ImageObject\",\"inLanguage\":\"fr-FR\",\"@id\":\"https:\\\/\\\/www.directplanning.com\\\/fr\\\/planning-industrie\\\/planning-industrie-fonctionnalites\\\/planning-industrie-caracteristiques-de-vos-machines\\\/#primaryimage\",\"url\":\"https:\\\/\\\/www.directplanning.com\\\/wp-content\\\/uploads\\\/2012\\\/04\\\/direct_planning_industrie_fiche_machine.png\",\"contentUrl\":\"https:\\\/\\\/www.directplanning.com\\\/wp-content\\\/uploads\\\/2012\\\/04\\\/direct_planning_industrie_fiche_machine.png\",\"width\":978,\"height\":649,\"caption\":\"Direct Planning Industrie - Une fiche machine\"},{\"@type\":\"BreadcrumbList\",\"@id\":\"https:\\\/\\\/www.directplanning.com\\\/fr\\\/planning-industrie\\\/planning-industrie-fonctionnalites\\\/planning-industrie-caracteristiques-de-vos-machines\\\/#breadcrumb\",\"itemListElement\":[{\"@type\":\"ListItem\",\"position\":1,\"name\":\"Accueil\",\"item\":\"https:\\\/\\\/www.directplanning.com\\\/fr\\\/\"},{\"@type\":\"ListItem\",\"position\":2,\"name\":\"Direct Planning Industrie\",\"item\":\"https:\\\/\\\/www.directplanning.com\\\/fr\\\/planning-industrie\\\/\"},{\"@type\":\"ListItem\",\"position\":3,\"name\":\"Planning Industrie &#8211; Fonctionnalit\u00e9s\",\"item\":\"https:\\\/\\\/www.directplanning.com\\\/fr\\\/planning-industrie\\\/planning-industrie-fonctionnalites\\\/\"},{\"@type\":\"ListItem\",\"position\":4,\"name\":\"Planning Industrie &#8211; Caract\u00e9ristiques de vos machines\"}]},{\"@type\":\"WebSite\",\"@id\":\"https:\\\/\\\/www.directplanning.com\\\/fr\\\/#website\",\"url\":\"https:\\\/\\\/www.directplanning.com\\\/fr\\\/\",\"name\":\"Directplanning.com\",\"description\":\"Optimisez votre planning de production. Outil de planification intuitif et complet pour les entreprises et industries. Essai gratuit en ligne\",\"publisher\":{\"@id\":\"https:\\\/\\\/www.directplanning.com\\\/fr\\\/#organization\"},\"potentialAction\":[{\"@type\":\"SearchAction\",\"target\":{\"@type\":\"EntryPoint\",\"urlTemplate\":\"https:\\\/\\\/www.directplanning.com\\\/fr\\\/?s={search_term_string}\"},\"query-input\":{\"@type\":\"PropertyValueSpecification\",\"valueRequired\":true,\"valueName\":\"search_term_string\"}}],\"inLanguage\":\"fr-FR\"},{\"@type\":\"Organization\",\"@id\":\"https:\\\/\\\/www.directplanning.com\\\/fr\\\/#organization\",\"name\":\"Direct Planning\",\"alternateName\":\"DP\",\"url\":\"https:\\\/\\\/www.directplanning.com\\\/fr\\\/\",\"logo\":{\"@type\":\"ImageObject\",\"inLanguage\":\"fr-FR\",\"@id\":\"https:\\\/\\\/www.directplanning.com\\\/fr\\\/#\\\/schema\\\/logo\\\/image\\\/\",\"url\":\"https:\\\/\\\/www.directplanning.com\\\/wp-content\\\/uploads\\\/2023\\\/08\\\/DirectPlanIcone.bmp\",\"contentUrl\":\"https:\\\/\\\/www.directplanning.com\\\/wp-content\\\/uploads\\\/2023\\\/08\\\/DirectPlanIcone.bmp\",\"width\":320,\"height\":355,\"caption\":\"Direct Planning\"},\"image\":{\"@id\":\"https:\\\/\\\/www.directplanning.com\\\/fr\\\/#\\\/schema\\\/logo\\\/image\\\/\"},\"sameAs\":[\"https:\\\/\\\/x.com\\\/Direct_Planning\",\"https:\\\/\\\/www.linkedin.com\\\/showcase\\\/direct-planning\\\/posts\\\/?feedView=all\",\"https:\\\/\\\/www.youtube.com\\\/user\\\/VolumeSoftware\"]}]}<\/script>\n<!-- \/ Yoast SEO plugin. -->","yoast_head_json":{"title":"Planning Industrie - Caract\u00e9ristiques de vos machines - Direct Planning","description":"Configuration machines : temps de r\u00e9glage et cadence personnalis\u00e9s, calendriers d\u2019ouvertures, op\u00e9rations multiples, et affichage par atelier.","robots":{"index":"index","follow":"follow","max-snippet":"max-snippet:-1","max-image-preview":"max-image-preview:large","max-video-preview":"max-video-preview:-1"},"canonical":"https:\/\/www.directplanning.com\/fr\/planning-industrie\/planning-industrie-fonctionnalites\/planning-industrie-caracteristiques-de-vos-machines\/","og_locale":"fr_FR","og_type":"article","og_title":"Planning Industrie - Caract\u00e9ristiques de vos machines - Direct Planning","og_description":"Configuration machines : temps de r\u00e9glage et cadence personnalis\u00e9s, calendriers d\u2019ouvertures, op\u00e9rations multiples, et affichage par atelier.","og_url":"https:\/\/www.directplanning.com\/fr\/planning-industrie\/planning-industrie-fonctionnalites\/planning-industrie-caracteristiques-de-vos-machines\/","og_site_name":"Direct Planning","article_modified_time":"2025-10-03T09:01:27+00:00","og_image":[{"width":978,"height":649,"url":"https:\/\/www.directplanning.com\/wp-content\/uploads\/2012\/04\/direct_planning_industrie_fiche_machine.png","type":"image\/png"}],"twitter_card":"summary_large_image","twitter_site":"@Direct_Planning","twitter_misc":{"Dur\u00e9e de lecture estim\u00e9e":"4 minutes"},"schema":{"@context":"https:\/\/schema.org","@graph":[{"@type":"WebPage","@id":"https:\/\/www.directplanning.com\/fr\/planning-industrie\/planning-industrie-fonctionnalites\/planning-industrie-caracteristiques-de-vos-machines\/","url":"https:\/\/www.directplanning.com\/fr\/planning-industrie\/planning-industrie-fonctionnalites\/planning-industrie-caracteristiques-de-vos-machines\/","name":"Planning Industrie - Caract\u00e9ristiques de vos machines - Direct Planning","isPartOf":{"@id":"https:\/\/www.directplanning.com\/fr\/#website"},"primaryImageOfPage":{"@id":"https:\/\/www.directplanning.com\/fr\/planning-industrie\/planning-industrie-fonctionnalites\/planning-industrie-caracteristiques-de-vos-machines\/#primaryimage"},"image":{"@id":"https:\/\/www.directplanning.com\/fr\/planning-industrie\/planning-industrie-fonctionnalites\/planning-industrie-caracteristiques-de-vos-machines\/#primaryimage"},"thumbnailUrl":"https:\/\/www.directplanning.com\/wp-content\/uploads\/2012\/04\/direct_planning_industrie_fiche_machine.png","datePublished":"2012-04-16T14:55:21+00:00","dateModified":"2025-10-03T09:01:27+00:00","description":"Configuration machines : temps de r\u00e9glage et cadence personnalis\u00e9s, calendriers d\u2019ouvertures, op\u00e9rations multiples, et affichage par atelier.","breadcrumb":{"@id":"https:\/\/www.directplanning.com\/fr\/planning-industrie\/planning-industrie-fonctionnalites\/planning-industrie-caracteristiques-de-vos-machines\/#breadcrumb"},"inLanguage":"fr-FR","potentialAction":[{"@type":"ReadAction","target":["https:\/\/www.directplanning.com\/fr\/planning-industrie\/planning-industrie-fonctionnalites\/planning-industrie-caracteristiques-de-vos-machines\/"]}]},{"@type":"ImageObject","inLanguage":"fr-FR","@id":"https:\/\/www.directplanning.com\/fr\/planning-industrie\/planning-industrie-fonctionnalites\/planning-industrie-caracteristiques-de-vos-machines\/#primaryimage","url":"https:\/\/www.directplanning.com\/wp-content\/uploads\/2012\/04\/direct_planning_industrie_fiche_machine.png","contentUrl":"https:\/\/www.directplanning.com\/wp-content\/uploads\/2012\/04\/direct_planning_industrie_fiche_machine.png","width":978,"height":649,"caption":"Direct Planning Industrie - Une fiche machine"},{"@type":"BreadcrumbList","@id":"https:\/\/www.directplanning.com\/fr\/planning-industrie\/planning-industrie-fonctionnalites\/planning-industrie-caracteristiques-de-vos-machines\/#breadcrumb","itemListElement":[{"@type":"ListItem","position":1,"name":"Accueil","item":"https:\/\/www.directplanning.com\/fr\/"},{"@type":"ListItem","position":2,"name":"Direct Planning Industrie","item":"https:\/\/www.directplanning.com\/fr\/planning-industrie\/"},{"@type":"ListItem","position":3,"name":"Planning Industrie &#8211; Fonctionnalit\u00e9s","item":"https:\/\/www.directplanning.com\/fr\/planning-industrie\/planning-industrie-fonctionnalites\/"},{"@type":"ListItem","position":4,"name":"Planning Industrie &#8211; Caract\u00e9ristiques de vos machines"}]},{"@type":"WebSite","@id":"https:\/\/www.directplanning.com\/fr\/#website","url":"https:\/\/www.directplanning.com\/fr\/","name":"Directplanning.com","description":"Optimisez votre planning de production. Outil de planification intuitif et complet pour les entreprises et industries. Essai gratuit en ligne","publisher":{"@id":"https:\/\/www.directplanning.com\/fr\/#organization"},"potentialAction":[{"@type":"SearchAction","target":{"@type":"EntryPoint","urlTemplate":"https:\/\/www.directplanning.com\/fr\/?s={search_term_string}"},"query-input":{"@type":"PropertyValueSpecification","valueRequired":true,"valueName":"search_term_string"}}],"inLanguage":"fr-FR"},{"@type":"Organization","@id":"https:\/\/www.directplanning.com\/fr\/#organization","name":"Direct Planning","alternateName":"DP","url":"https:\/\/www.directplanning.com\/fr\/","logo":{"@type":"ImageObject","inLanguage":"fr-FR","@id":"https:\/\/www.directplanning.com\/fr\/#\/schema\/logo\/image\/","url":"https:\/\/www.directplanning.com\/wp-content\/uploads\/2023\/08\/DirectPlanIcone.bmp","contentUrl":"https:\/\/www.directplanning.com\/wp-content\/uploads\/2023\/08\/DirectPlanIcone.bmp","width":320,"height":355,"caption":"Direct Planning"},"image":{"@id":"https:\/\/www.directplanning.com\/fr\/#\/schema\/logo\/image\/"},"sameAs":["https:\/\/x.com\/Direct_Planning","https:\/\/www.linkedin.com\/showcase\/direct-planning\/posts\/?feedView=all","https:\/\/www.youtube.com\/user\/VolumeSoftware"]}]}},"_links":{"self":[{"href":"https:\/\/www.directplanning.com\/fr\/wp-json\/wp\/v2\/pages\/787","targetHints":{"allow":["GET"]}}],"collection":[{"href":"https:\/\/www.directplanning.com\/fr\/wp-json\/wp\/v2\/pages"}],"about":[{"href":"https:\/\/www.directplanning.com\/fr\/wp-json\/wp\/v2\/types\/page"}],"author":[{"embeddable":true,"href":"https:\/\/www.directplanning.com\/fr\/wp-json\/wp\/v2\/users\/2"}],"replies":[{"embeddable":true,"href":"https:\/\/www.directplanning.com\/fr\/wp-json\/wp\/v2\/comments?post=787"}],"version-history":[{"count":0,"href":"https:\/\/www.directplanning.com\/fr\/wp-json\/wp\/v2\/pages\/787\/revisions"}],"up":[{"embeddable":true,"href":"https:\/\/www.directplanning.com\/fr\/wp-json\/wp\/v2\/pages\/516"}],"wp:featuredmedia":[{"embeddable":true,"href":"https:\/\/www.directplanning.com\/fr\/wp-json\/wp\/v2\/media\/1486"}],"wp:attachment":[{"href":"https:\/\/www.directplanning.com\/fr\/wp-json\/wp\/v2\/media?parent=787"}],"curies":[{"name":"wp","href":"https:\/\/api.w.org\/{rel}","templated":true}]}}