{"id":773,"date":"2012-04-16T08:46:40","date_gmt":"2012-04-16T08:46:40","guid":{"rendered":"https:\/\/www.directplanning.com\/?page_id=773"},"modified":"2025-10-03T11:07:03","modified_gmt":"2025-10-03T09:07:03","slug":"planning-industrie-marqueurs-visuels","status":"publish","type":"page","link":"https:\/\/www.directplanning.com\/fr\/planning-industrie\/planning-industrie-fonctionnalites\/planning-industrie-marqueurs-visuels\/","title":{"rendered":"Planning Industrie &#8211; Les marqueurs visuels"},"content":{"rendered":"\n<p>Les <strong>indicateurs visuels<\/strong> (ou marqueurs) sont la transcription informatique de ce que les responsables de plannings muraux utilisent depuis fort longtemps sur leur t\u00e2ches cartonn\u00e9es : une gommette, un coup de feutre fluo, un trombone de couleur, un coin d\u00e9coup\u00e9, etc.<\/p>\n\n\n\n<p>Dans <strong>Direct Planning<\/strong>, les indicateurs&nbsp;sont des indicateurs visuels destin\u00e9s \u00e0 attirer l&#8217;attention du planificateur sur l&#8217;\u00e9tat d&#8217;une t\u00e2che. Concr\u00e8tement ce sont des <strong>rectangles color\u00e9s<\/strong> positionn\u00e9s au-dessus de la t\u00e2che ou \u00e0 l&#8217;int\u00e9rieur de celle-ci sur sa droite. La couleur et la trame de fond sont configurables en fonction de l&#8217;\u00e9tat de l&#8217;indicateur. Vous pouvez configurer jusqu&#8217;\u00e0 10 indicateurs. Il existe diff\u00e9rents types d&#8217;indicateurs.<\/p>\n\n\n\n<!--more-->\n\n\n\n<p>Les marqueurs sont des \u00e9l\u00e9ments importants de la <a title=\"Planning Industrie \u2013 Configurable pour votre m\u00e9tier\" href=\"https:\/\/www.directplanning.com\/fr\/planning-industrie\/planning-industrie-fonctionnalites\/planning-industrie-configurable-pour-votre-metier\/\"><strong>configuration du planning pour votre m\u00e9tier<\/strong><\/a>.<\/p>\n\n\n<div class=\"wp-block-image\">\n<figure class=\"aligncenter\"><a href=\"https:\/\/www.directplanning.com\/wp-content\/uploads\/2012\/04\/direct_planning_industrie_les_marqueurs.png\" data-rel=\"lightbox-image-0\" data-rl_title=\"\" data-rl_caption=\"\" title=\"\"><img decoding=\"async\" width=\"450\" height=\"223\" src=\"https:\/\/www.directplanning.com\/wp-content\/uploads\/2012\/04\/direct_planning_industrie_les_marqueurs.png\" alt=\"Direct Planning Industrie - Les marqueurs visuels\" class=\"wp-image-1511\" srcset=\"https:\/\/www.directplanning.com\/wp-content\/uploads\/2012\/04\/direct_planning_industrie_les_marqueurs.png 450w, https:\/\/www.directplanning.com\/wp-content\/uploads\/2012\/04\/direct_planning_industrie_les_marqueurs-312x155.png 312w, https:\/\/www.directplanning.com\/wp-content\/uploads\/2012\/04\/direct_planning_industrie_les_marqueurs-156x77.png 156w\" sizes=\"(max-width: 450px) 100vw, 450px\" \/><\/a><figcaption class=\"wp-element-caption\">Direct Planning Industrie &#8211; Les indicateurs visuels<\/figcaption><\/figure><\/div>\n\n\n<p>Visualisez<strong> la vid\u00e9o<\/strong> ci-dessous pour d\u00e9couvrir les indicateurs :<\/p>\n\n\n\n<p><iframe src=\"https:\/\/www.youtube.com\/embed\/vXdwia1mlxM?list=PLE29BC077F1C16669&amp;rel=0\" width=\"640\" height=\"360\" frameborder=\"0\" allowfullscreen=\"allowfullscreen\"><\/iframe><\/p>\n\n\n\n<h2 class=\"wp-block-heading\">Les diff\u00e9rents types d&#8217;indicateurs<\/h2>\n\n\n\n<h3 class=\"wp-block-heading\">Les indicateurs simples<\/h3>\n\n\n\n<p>Ils ont uniquement deux \u00e9tats : pr\u00e9sent ou absent sur une t\u00e2che. Exemples :<\/p>\n\n\n\n<ul class=\"wp-block-list\">\n<li><strong>Litige client<\/strong><\/li>\n\n\n\n<li><strong>Commande d&#8217;essai<\/strong><\/li>\n\n\n\n<li><strong>Commande urgente<\/strong><\/li>\n\n\n\n<li><strong>Validation de la direction requise avant lancement<\/strong><\/li>\n<\/ul>\n\n\n\n<h3 class=\"wp-block-heading\">Les indicateurs multi-\u00e9tats<\/h3>\n\n\n\n<p>Ils peuvent avoir chacun jusqu&#8217;\u00e0 5 \u00e9tats. A chaque \u00e9tat est associ\u00e9e une couleur diff\u00e9rente. La symbolique des feux tricolores rouge\/orange\/vert est souvent employ\u00e9e. Exemples :<\/p>\n\n\n\n<ul class=\"wp-block-list\">\n<li><strong>Attente r\u00e9ception mati\u00e8re<\/strong> (avec les \u00e9tats : &#8220;Mati\u00e8re \u00e0 commander&#8221;, &#8220;Mati\u00e8re command\u00e9e&#8221;, &#8220;Mati\u00e8re re\u00e7ue&#8221;).<\/li>\n\n\n\n<li><strong>Attente de r\u00e9ception outillage<\/strong> (avec les \u00e9tats : &#8220;Outillage \u00e0 commander&#8221;, &#8220;Outillage command\u00e9&#8221;, &#8220;Outillage re\u00e7u&#8221;).<\/li>\n\n\n\n<li><strong>Etat de la production<\/strong> (avec les \u00e9tats : &#8220;Ne pas lancer en production&#8221;, &#8220;Production \u00e0 lancer&#8221;, &#8220;Impression termin\u00e9e&#8221;, &#8220;Fa\u00e7onnage termin\u00e9&#8221;, &#8220;Livraison r\u00e9alis\u00e9e&#8221;)<\/li>\n<\/ul>\n\n\n\n<h3 class=\"wp-block-heading\">Les indicateurs multi-\u00e9tats avec attente de r\u00e9ception d&#8217;\u00e9l\u00e9ment<\/h3>\n\n\n\n<p>Cette extension des indicateurs multi-\u00e9tats est sp\u00e9cifiquement pens\u00e9e pour des indicateurs o\u00f9 vous indiquez <strong>attendre un \u00e9l\u00e9ment<\/strong> pour le <strong>lancement en production<\/strong>.<\/p>\n\n\n\n<p>Une date de r\u00e9ception pr\u00e9visionnelle est saisie sur l&#8217;indicateur. Tant que l&#8217;\u00e9l\u00e9ment n&#8217;est pas r\u00e9ceptionn\u00e9, une <a title=\"Planning Industrie \u2013 Contraintes horaires et alertes\" href=\"https:\/\/www.directplanning.com\/fr\/planning-industrie\/planning-industrie-fonctionnalites\/planning-industrie-contraintes-horaires-et-alertes\/\"><strong>date de d\u00e9but au plus t\u00f4t<\/strong><\/a> est impos\u00e9e pour cette t\u00e2che.<strong> La production ne peut donc pas \u00eatre planifi\u00e9e avant cette date de r\u00e9ception pr\u00e9vue<\/strong>.<\/p>\n\n\n\n<p>Par ailleurs, le jour de la r\u00e9ception pr\u00e9vue, <strong>une alerte est g\u00e9n\u00e9r\u00e9e par Direct Planning pour signaler le retard de r\u00e9ception sur cet \u00e9l\u00e9ment attendu<\/strong>.<\/p>\n\n\n<div class=\"wp-block-image\">\n<figure class=\"aligncenter\"><a href=\"https:\/\/www.directplanning.com\/wp-content\/uploads\/2012\/04\/direct_planning_industrie_saisie_marqueurs.png\" data-rel=\"lightbox-image-1\" data-rl_title=\"\" data-rl_caption=\"\" title=\"\"><img decoding=\"async\" src=\"https:\/\/www.directplanning.com\/wp-content\/uploads\/2012\/04\/direct_planning_industrie_saisie_marqueurs-610x361.png\" alt=\"Direct Planning Industrie - Saisie d'un marqueur multi-\u00e9tat (avec attente de r\u00e9ception d'un \u00e9l\u00e9ment)\" class=\"wp-image-1512\"\/><\/a><figcaption class=\"wp-element-caption\">Direct Planning Industrie &#8211; Saisie d&#8217;un indicateur multi-\u00e9tat (avec attente de r\u00e9ception d&#8217;un \u00e9l\u00e9ment)<\/figcaption><\/figure><\/div>\n\n\n<h1 class=\"wp-block-heading\">Saisie de donn\u00e9es personnalisables pour chaque indicateur<\/h1>\n\n\n\n<p>Pour les indicateurs multi-\u00e9tats, vous pouvez personnaliser la fen\u00eatre de saisie des indicateurs en lui ajoutant jusqu&#8217;\u00e0 <strong>10 zones configurables<\/strong>.<\/p>\n\n\n\n<p>Par exemple, pour un indicateur &#8220;Attente de r\u00e9ception encre sp\u00e9ciale&#8221;, vous pouvez cr\u00e9er un champ &#8220;<strong>Nom fournisseur<\/strong>&#8221; et &#8220;<strong>Num\u00e9ro de&nbsp; commande d&#8217;achat&#8221;<\/strong>.<\/p>\n\n\n\n<p class=\"has-text-align-center\"><a class=\"mks_button mks_button_medium rounded\" href=\"https:\/\/www.directplanning.com\/fr\/planning-industrie\/planning-industrie-fonctionnalites\/\" target=\"_self\" style=\"color: #FFFFFF; background-color: #1e73be;\" > Les fonctionnalit\u00e9s Planning Industrie <\/a>\n","protected":false},"excerpt":{"rendered":"<p>Les indicateurs visuels (ou marqueurs) sont la transcription informatique de ce que les responsables de plannings muraux utilisent depuis fort longtemps sur leur t\u00e2ches cartonn\u00e9es : une gommette, un coup de feutre fluo, un trombone de couleur, un coin d\u00e9coup\u00e9, etc. Dans Direct Planning, les indicateurs&nbsp;sont des indicateurs visuels destin\u00e9s \u00e0 attirer l&#8217;attention du planificateur [&hellip;]<\/p>\n","protected":false},"author":2,"featured_media":1511,"parent":516,"menu_order":40,"comment_status":"open","ping_status":"open","template":"","meta":{"footnotes":""},"class_list":["post-773","page","type-page","status-publish","has-post-thumbnail","hentry"],"yoast_head":"<!-- This site is optimized with the Yoast SEO plugin v27.4 - https:\/\/yoast.com\/product\/yoast-seo-wordpress\/ -->\n<title>Planning Industrie - Les marqueurs visuels - Direct Planning<\/title>\n<meta name=\"description\" content=\"Optimisez votre planning : configurez jusqu\u2019\u00e0 10 marqueurs visuels multi-\u00e9tats, personnalisables et int\u00e9gr\u00e9s \u00e0 vos processus industriels.\" \/>\n<meta name=\"robots\" content=\"index, follow, max-snippet:-1, max-image-preview:large, max-video-preview:-1\" \/>\n<link rel=\"canonical\" href=\"https:\/\/www.directplanning.com\/fr\/planning-industrie\/planning-industrie-fonctionnalites\/planning-industrie-marqueurs-visuels\/\" \/>\n<meta property=\"og:locale\" content=\"fr_FR\" \/>\n<meta property=\"og:type\" content=\"article\" \/>\n<meta property=\"og:title\" content=\"Planning Industrie - Les marqueurs visuels - Direct Planning\" \/>\n<meta property=\"og:description\" content=\"Optimisez votre planning : configurez jusqu\u2019\u00e0 10 marqueurs visuels multi-\u00e9tats, personnalisables et int\u00e9gr\u00e9s \u00e0 vos processus industriels.\" \/>\n<meta property=\"og:url\" content=\"https:\/\/www.directplanning.com\/fr\/planning-industrie\/planning-industrie-fonctionnalites\/planning-industrie-marqueurs-visuels\/\" \/>\n<meta property=\"og:site_name\" content=\"Direct Planning\" \/>\n<meta property=\"article:modified_time\" content=\"2025-10-03T09:07:03+00:00\" \/>\n<meta property=\"og:image\" content=\"https:\/\/www.directplanning.com\/wp-content\/uploads\/2012\/04\/direct_planning_industrie_les_marqueurs.png\" \/>\n\t<meta property=\"og:image:width\" content=\"450\" \/>\n\t<meta property=\"og:image:height\" content=\"223\" \/>\n\t<meta property=\"og:image:type\" content=\"image\/png\" \/>\n<meta name=\"twitter:card\" content=\"summary_large_image\" \/>\n<meta name=\"twitter:site\" content=\"@Direct_Planning\" \/>\n<meta name=\"twitter:label1\" content=\"Dur\u00e9e de lecture estim\u00e9e\" \/>\n\t<meta name=\"twitter:data1\" content=\"3 minutes\" \/>\n<script type=\"application\/ld+json\" class=\"yoast-schema-graph\">{\"@context\":\"https:\\\/\\\/schema.org\",\"@graph\":[{\"@type\":\"WebPage\",\"@id\":\"https:\\\/\\\/www.directplanning.com\\\/fr\\\/planning-industrie\\\/planning-industrie-fonctionnalites\\\/planning-industrie-marqueurs-visuels\\\/\",\"url\":\"https:\\\/\\\/www.directplanning.com\\\/fr\\\/planning-industrie\\\/planning-industrie-fonctionnalites\\\/planning-industrie-marqueurs-visuels\\\/\",\"name\":\"Planning Industrie - Les marqueurs visuels - Direct Planning\",\"isPartOf\":{\"@id\":\"https:\\\/\\\/www.directplanning.com\\\/fr\\\/#website\"},\"primaryImageOfPage\":{\"@id\":\"https:\\\/\\\/www.directplanning.com\\\/fr\\\/planning-industrie\\\/planning-industrie-fonctionnalites\\\/planning-industrie-marqueurs-visuels\\\/#primaryimage\"},\"image\":{\"@id\":\"https:\\\/\\\/www.directplanning.com\\\/fr\\\/planning-industrie\\\/planning-industrie-fonctionnalites\\\/planning-industrie-marqueurs-visuels\\\/#primaryimage\"},\"thumbnailUrl\":\"https:\\\/\\\/www.directplanning.com\\\/wp-content\\\/uploads\\\/2012\\\/04\\\/direct_planning_industrie_les_marqueurs.png\",\"datePublished\":\"2012-04-16T08:46:40+00:00\",\"dateModified\":\"2025-10-03T09:07:03+00:00\",\"description\":\"Optimisez votre planning : configurez jusqu\u2019\u00e0 10 marqueurs visuels multi-\u00e9tats, personnalisables et int\u00e9gr\u00e9s \u00e0 vos processus industriels.\",\"breadcrumb\":{\"@id\":\"https:\\\/\\\/www.directplanning.com\\\/fr\\\/planning-industrie\\\/planning-industrie-fonctionnalites\\\/planning-industrie-marqueurs-visuels\\\/#breadcrumb\"},\"inLanguage\":\"fr-FR\",\"potentialAction\":[{\"@type\":\"ReadAction\",\"target\":[\"https:\\\/\\\/www.directplanning.com\\\/fr\\\/planning-industrie\\\/planning-industrie-fonctionnalites\\\/planning-industrie-marqueurs-visuels\\\/\"]}]},{\"@type\":\"ImageObject\",\"inLanguage\":\"fr-FR\",\"@id\":\"https:\\\/\\\/www.directplanning.com\\\/fr\\\/planning-industrie\\\/planning-industrie-fonctionnalites\\\/planning-industrie-marqueurs-visuels\\\/#primaryimage\",\"url\":\"https:\\\/\\\/www.directplanning.com\\\/wp-content\\\/uploads\\\/2012\\\/04\\\/direct_planning_industrie_les_marqueurs.png\",\"contentUrl\":\"https:\\\/\\\/www.directplanning.com\\\/wp-content\\\/uploads\\\/2012\\\/04\\\/direct_planning_industrie_les_marqueurs.png\",\"width\":450,\"height\":223,\"caption\":\"Direct Planning Industrie - Les marqueurs visuels\"},{\"@type\":\"BreadcrumbList\",\"@id\":\"https:\\\/\\\/www.directplanning.com\\\/fr\\\/planning-industrie\\\/planning-industrie-fonctionnalites\\\/planning-industrie-marqueurs-visuels\\\/#breadcrumb\",\"itemListElement\":[{\"@type\":\"ListItem\",\"position\":1,\"name\":\"Accueil\",\"item\":\"https:\\\/\\\/www.directplanning.com\\\/fr\\\/\"},{\"@type\":\"ListItem\",\"position\":2,\"name\":\"Direct Planning Industrie\",\"item\":\"https:\\\/\\\/www.directplanning.com\\\/fr\\\/planning-industrie\\\/\"},{\"@type\":\"ListItem\",\"position\":3,\"name\":\"Planning Industrie &#8211; Fonctionnalit\u00e9s\",\"item\":\"https:\\\/\\\/www.directplanning.com\\\/fr\\\/planning-industrie\\\/planning-industrie-fonctionnalites\\\/\"},{\"@type\":\"ListItem\",\"position\":4,\"name\":\"Planning Industrie &#8211; Les marqueurs visuels\"}]},{\"@type\":\"WebSite\",\"@id\":\"https:\\\/\\\/www.directplanning.com\\\/fr\\\/#website\",\"url\":\"https:\\\/\\\/www.directplanning.com\\\/fr\\\/\",\"name\":\"Directplanning.com\",\"description\":\"Optimisez votre planning de production. Outil de planification intuitif et complet pour les entreprises et industries. Essai gratuit en ligne\",\"publisher\":{\"@id\":\"https:\\\/\\\/www.directplanning.com\\\/fr\\\/#organization\"},\"potentialAction\":[{\"@type\":\"SearchAction\",\"target\":{\"@type\":\"EntryPoint\",\"urlTemplate\":\"https:\\\/\\\/www.directplanning.com\\\/fr\\\/?s={search_term_string}\"},\"query-input\":{\"@type\":\"PropertyValueSpecification\",\"valueRequired\":true,\"valueName\":\"search_term_string\"}}],\"inLanguage\":\"fr-FR\"},{\"@type\":\"Organization\",\"@id\":\"https:\\\/\\\/www.directplanning.com\\\/fr\\\/#organization\",\"name\":\"Direct Planning\",\"alternateName\":\"DP\",\"url\":\"https:\\\/\\\/www.directplanning.com\\\/fr\\\/\",\"logo\":{\"@type\":\"ImageObject\",\"inLanguage\":\"fr-FR\",\"@id\":\"https:\\\/\\\/www.directplanning.com\\\/fr\\\/#\\\/schema\\\/logo\\\/image\\\/\",\"url\":\"https:\\\/\\\/www.directplanning.com\\\/wp-content\\\/uploads\\\/2023\\\/08\\\/DirectPlanIcone.bmp\",\"contentUrl\":\"https:\\\/\\\/www.directplanning.com\\\/wp-content\\\/uploads\\\/2023\\\/08\\\/DirectPlanIcone.bmp\",\"width\":320,\"height\":355,\"caption\":\"Direct Planning\"},\"image\":{\"@id\":\"https:\\\/\\\/www.directplanning.com\\\/fr\\\/#\\\/schema\\\/logo\\\/image\\\/\"},\"sameAs\":[\"https:\\\/\\\/x.com\\\/Direct_Planning\",\"https:\\\/\\\/www.linkedin.com\\\/showcase\\\/direct-planning\\\/posts\\\/?feedView=all\",\"https:\\\/\\\/www.youtube.com\\\/user\\\/VolumeSoftware\"]}]}<\/script>\n<!-- \/ Yoast SEO plugin. -->","yoast_head_json":{"title":"Planning Industrie - Les marqueurs visuels - Direct Planning","description":"Optimisez votre planning : configurez jusqu\u2019\u00e0 10 marqueurs visuels multi-\u00e9tats, personnalisables et int\u00e9gr\u00e9s \u00e0 vos processus industriels.","robots":{"index":"index","follow":"follow","max-snippet":"max-snippet:-1","max-image-preview":"max-image-preview:large","max-video-preview":"max-video-preview:-1"},"canonical":"https:\/\/www.directplanning.com\/fr\/planning-industrie\/planning-industrie-fonctionnalites\/planning-industrie-marqueurs-visuels\/","og_locale":"fr_FR","og_type":"article","og_title":"Planning Industrie - Les marqueurs visuels - Direct Planning","og_description":"Optimisez votre planning : configurez jusqu\u2019\u00e0 10 marqueurs visuels multi-\u00e9tats, personnalisables et int\u00e9gr\u00e9s \u00e0 vos processus industriels.","og_url":"https:\/\/www.directplanning.com\/fr\/planning-industrie\/planning-industrie-fonctionnalites\/planning-industrie-marqueurs-visuels\/","og_site_name":"Direct Planning","article_modified_time":"2025-10-03T09:07:03+00:00","og_image":[{"width":450,"height":223,"url":"https:\/\/www.directplanning.com\/wp-content\/uploads\/2012\/04\/direct_planning_industrie_les_marqueurs.png","type":"image\/png"}],"twitter_card":"summary_large_image","twitter_site":"@Direct_Planning","twitter_misc":{"Dur\u00e9e de lecture estim\u00e9e":"3 minutes"},"schema":{"@context":"https:\/\/schema.org","@graph":[{"@type":"WebPage","@id":"https:\/\/www.directplanning.com\/fr\/planning-industrie\/planning-industrie-fonctionnalites\/planning-industrie-marqueurs-visuels\/","url":"https:\/\/www.directplanning.com\/fr\/planning-industrie\/planning-industrie-fonctionnalites\/planning-industrie-marqueurs-visuels\/","name":"Planning Industrie - Les marqueurs visuels - Direct Planning","isPartOf":{"@id":"https:\/\/www.directplanning.com\/fr\/#website"},"primaryImageOfPage":{"@id":"https:\/\/www.directplanning.com\/fr\/planning-industrie\/planning-industrie-fonctionnalites\/planning-industrie-marqueurs-visuels\/#primaryimage"},"image":{"@id":"https:\/\/www.directplanning.com\/fr\/planning-industrie\/planning-industrie-fonctionnalites\/planning-industrie-marqueurs-visuels\/#primaryimage"},"thumbnailUrl":"https:\/\/www.directplanning.com\/wp-content\/uploads\/2012\/04\/direct_planning_industrie_les_marqueurs.png","datePublished":"2012-04-16T08:46:40+00:00","dateModified":"2025-10-03T09:07:03+00:00","description":"Optimisez votre planning : configurez jusqu\u2019\u00e0 10 marqueurs visuels multi-\u00e9tats, personnalisables et int\u00e9gr\u00e9s \u00e0 vos processus industriels.","breadcrumb":{"@id":"https:\/\/www.directplanning.com\/fr\/planning-industrie\/planning-industrie-fonctionnalites\/planning-industrie-marqueurs-visuels\/#breadcrumb"},"inLanguage":"fr-FR","potentialAction":[{"@type":"ReadAction","target":["https:\/\/www.directplanning.com\/fr\/planning-industrie\/planning-industrie-fonctionnalites\/planning-industrie-marqueurs-visuels\/"]}]},{"@type":"ImageObject","inLanguage":"fr-FR","@id":"https:\/\/www.directplanning.com\/fr\/planning-industrie\/planning-industrie-fonctionnalites\/planning-industrie-marqueurs-visuels\/#primaryimage","url":"https:\/\/www.directplanning.com\/wp-content\/uploads\/2012\/04\/direct_planning_industrie_les_marqueurs.png","contentUrl":"https:\/\/www.directplanning.com\/wp-content\/uploads\/2012\/04\/direct_planning_industrie_les_marqueurs.png","width":450,"height":223,"caption":"Direct Planning Industrie - Les marqueurs visuels"},{"@type":"BreadcrumbList","@id":"https:\/\/www.directplanning.com\/fr\/planning-industrie\/planning-industrie-fonctionnalites\/planning-industrie-marqueurs-visuels\/#breadcrumb","itemListElement":[{"@type":"ListItem","position":1,"name":"Accueil","item":"https:\/\/www.directplanning.com\/fr\/"},{"@type":"ListItem","position":2,"name":"Direct Planning Industrie","item":"https:\/\/www.directplanning.com\/fr\/planning-industrie\/"},{"@type":"ListItem","position":3,"name":"Planning Industrie &#8211; Fonctionnalit\u00e9s","item":"https:\/\/www.directplanning.com\/fr\/planning-industrie\/planning-industrie-fonctionnalites\/"},{"@type":"ListItem","position":4,"name":"Planning Industrie &#8211; Les marqueurs visuels"}]},{"@type":"WebSite","@id":"https:\/\/www.directplanning.com\/fr\/#website","url":"https:\/\/www.directplanning.com\/fr\/","name":"Directplanning.com","description":"Optimisez votre planning de production. Outil de planification intuitif et complet pour les entreprises et industries. Essai gratuit en ligne","publisher":{"@id":"https:\/\/www.directplanning.com\/fr\/#organization"},"potentialAction":[{"@type":"SearchAction","target":{"@type":"EntryPoint","urlTemplate":"https:\/\/www.directplanning.com\/fr\/?s={search_term_string}"},"query-input":{"@type":"PropertyValueSpecification","valueRequired":true,"valueName":"search_term_string"}}],"inLanguage":"fr-FR"},{"@type":"Organization","@id":"https:\/\/www.directplanning.com\/fr\/#organization","name":"Direct Planning","alternateName":"DP","url":"https:\/\/www.directplanning.com\/fr\/","logo":{"@type":"ImageObject","inLanguage":"fr-FR","@id":"https:\/\/www.directplanning.com\/fr\/#\/schema\/logo\/image\/","url":"https:\/\/www.directplanning.com\/wp-content\/uploads\/2023\/08\/DirectPlanIcone.bmp","contentUrl":"https:\/\/www.directplanning.com\/wp-content\/uploads\/2023\/08\/DirectPlanIcone.bmp","width":320,"height":355,"caption":"Direct Planning"},"image":{"@id":"https:\/\/www.directplanning.com\/fr\/#\/schema\/logo\/image\/"},"sameAs":["https:\/\/x.com\/Direct_Planning","https:\/\/www.linkedin.com\/showcase\/direct-planning\/posts\/?feedView=all","https:\/\/www.youtube.com\/user\/VolumeSoftware"]}]}},"_links":{"self":[{"href":"https:\/\/www.directplanning.com\/fr\/wp-json\/wp\/v2\/pages\/773","targetHints":{"allow":["GET"]}}],"collection":[{"href":"https:\/\/www.directplanning.com\/fr\/wp-json\/wp\/v2\/pages"}],"about":[{"href":"https:\/\/www.directplanning.com\/fr\/wp-json\/wp\/v2\/types\/page"}],"author":[{"embeddable":true,"href":"https:\/\/www.directplanning.com\/fr\/wp-json\/wp\/v2\/users\/2"}],"replies":[{"embeddable":true,"href":"https:\/\/www.directplanning.com\/fr\/wp-json\/wp\/v2\/comments?post=773"}],"version-history":[{"count":0,"href":"https:\/\/www.directplanning.com\/fr\/wp-json\/wp\/v2\/pages\/773\/revisions"}],"up":[{"embeddable":true,"href":"https:\/\/www.directplanning.com\/fr\/wp-json\/wp\/v2\/pages\/516"}],"wp:featuredmedia":[{"embeddable":true,"href":"https:\/\/www.directplanning.com\/fr\/wp-json\/wp\/v2\/media\/1511"}],"wp:attachment":[{"href":"https:\/\/www.directplanning.com\/fr\/wp-json\/wp\/v2\/media?parent=773"}],"curies":[{"name":"wp","href":"https:\/\/api.w.org\/{rel}","templated":true}]}}