{"id":756,"date":"2012-04-16T08:39:14","date_gmt":"2012-04-16T08:39:14","guid":{"rendered":"https:\/\/www.directplanning.com\/?page_id=756"},"modified":"2025-10-03T11:51:09","modified_gmt":"2025-10-03T09:51:09","slug":"planning-industrie-interfaces-avec-votre-systeme-d-information","status":"publish","type":"page","link":"https:\/\/www.directplanning.com\/fr\/planning-industrie\/planning-industrie-fonctionnalites\/planning-industrie-interfaces-avec-votre-systeme-d-information\/","title":{"rendered":"Planning Industrie &#8211; Interfaces avec votre syst\u00e8me d&#8217;information"},"content":{"rendered":"<p style=\"text-align: justify;\">Afin d&#8217;<strong>\u00e9viter la ressaisie<\/strong>, l&#8217;import de donn\u00e9es depuis votre syst\u00e8me d&#8217;information (souvent appel\u00e9 ERP ou GPAO) est fondamental. En retour il peut \u00e9galement \u00eatre int\u00e9ressant de renvoyer \u00e0 votre syst\u00e8me d&#8217;information des informations relatives \u00e0 l&#8217;\u00e9tat de la planification.<\/p>\n<p style=\"text-align: justify;\"><!--more--><\/p>\n<div id=\"attachment_2705\" style=\"width: 620px\" class=\"wp-caption aligncenter\"><a href=\"https:\/\/www.directplanning.com\/wp-content\/uploads\/2012\/04\/direct-planning-interfaces-erp-gpao.jpg\" data-rel=\"lightbox-image-0\" data-rl_title=\"\" data-rl_caption=\"\" title=\"\"><img decoding=\"async\" aria-describedby=\"caption-attachment-2705\" class=\"size-large wp-image-2705\" src=\"https:\/\/www.directplanning.com\/wp-content\/uploads\/2012\/04\/direct-planning-interfaces-erp-gpao-610x171.jpg\" alt=\"Direct Planning - Import \/ export de donn\u00e9es avec un syst\u00e8me d'information\" width=\"610\" height=\"171\" srcset=\"https:\/\/www.directplanning.com\/wp-content\/uploads\/2012\/04\/direct-planning-interfaces-erp-gpao-610x171.jpg 610w, https:\/\/www.directplanning.com\/wp-content\/uploads\/2012\/04\/direct-planning-interfaces-erp-gpao-312x88.jpg 312w, https:\/\/www.directplanning.com\/wp-content\/uploads\/2012\/04\/direct-planning-interfaces-erp-gpao-156x44.jpg 156w, https:\/\/www.directplanning.com\/wp-content\/uploads\/2012\/04\/direct-planning-interfaces-erp-gpao.jpg 744w\" sizes=\"(max-width: 610px) 100vw, 610px\" \/><\/a><p id=\"caption-attachment-2705\" class=\"wp-caption-text\">Direct Planning &#8211; Import \/ export de donn\u00e9es avec un syst\u00e8me d&#8217;information<\/p><\/div>\n<h2>Import des donn\u00e9es en provenance de votre syst\u00e8me d&#8217;information<\/h2>\n<p style=\"text-align: justify;\"><strong>Direct Planning<\/strong> dispose d&#8217;un syst\u00e8me d&#8217;import des donn\u00e9es (entit\u00e9s, t\u00e2ches, liens entre les t\u00e2ches) en provenance d&#8217;un syst\u00e8me d&#8217;information (GPAO\/ERP). Les t\u00e2ches viennent ainsi se positionner automatiquement dans le planning sans aucune ressaisie.<\/p>\n<p style=\"text-align: justify;\">Pour r\u00e9aliser cette interface, votre syst\u00e8me d&#8217;information devra \u00eatre capable de cr\u00e9er des fichiers texte au format CSV (s\u00e9parateur point-virgule) respectant le format d&#8217;import <strong>Direct Planning<\/strong>.<\/p>\n<p>Direct Planning g\u00e8re l&#8217;ajout de <a href=\"https:\/\/www.directplanning.com\/fr\/planning-industrie\/planning-industrie-fonctionnalites\/planning-industrie-les-plugins\/\">plugins<\/a> permettant d&#8217;interfacer votre syst\u00e8me d&#8217;information avec Direct Planning.<\/p>\n<p>Nous proposons \u00e9galement <a href=\"https:\/\/www.directplanning.com\/fr\/toutes-les-actualites\/news-product-fr\/direct-planning-connect\/\">Direct Planning Connect<\/a>, un outil d&#8217;interface complet facilitant les \u00e9changes avec votre syst\u00e8me ERP ou GPAO.<\/p>\n<h2>Export des donn\u00e9es du planning vers votre syst\u00e8me d&#8217;information<\/h2>\n<p style=\"text-align: justify;\">A l&#8217;inverse lors de chaque sauvegarde du planning, <strong>Direct Planning<\/strong> est capable d&#8217;exporter les donn\u00e9es du planning dans un fichier texte structur\u00e9. Ces donn\u00e9es pourront ainsi \u00eatre r\u00e9cup\u00e9r\u00e9es et int\u00e9gr\u00e9es dans votre syst\u00e8me d&#8217;information (GPAO\/ERP).<\/p>\n<p style=\"text-align: justify;\">Direct Planning g\u00e9n\u00e8re automatiquement un fichier texte au format CSV contenant toutes les informations de planification. Libre \u00e0 une application tierce, comme votre syst\u00e8me d&#8217;information de venir lire ce fichier pour connaitre l&#8217;\u00e9tat actuel de la planification.<\/p>\n<p style=\"text-align: center;\"><a class=\"mks_button mks_button_medium rounded\" href=\"https:\/\/www.directplanning.com\/fr\/planning-industrie\/planning-industrie-fonctionnalites\/\" target=\"_self\" style=\"color: #FFFFFF; background-color: #1e73be;\" > Les fonctionnalit\u00e9s Planning Industrie <\/a>\n","protected":false},"excerpt":{"rendered":"<p>Afin d&#8217;\u00e9viter la ressaisie, l&#8217;import de donn\u00e9es depuis votre syst\u00e8me d&#8217;information (souvent appel\u00e9 ERP ou GPAO) est fondamental. En retour il peut \u00e9galement \u00eatre int\u00e9ressant de renvoyer \u00e0 votre syst\u00e8me d&#8217;information des informations relatives \u00e0 l&#8217;\u00e9tat de la planification.<\/p>\n","protected":false},"author":2,"featured_media":2705,"parent":516,"menu_order":120,"comment_status":"open","ping_status":"closed","template":"","meta":{"footnotes":""},"class_list":["post-756","page","type-page","status-publish","has-post-thumbnail","hentry"],"yoast_head":"<!-- This site is optimized with the Yoast SEO plugin v27.4 - https:\/\/yoast.com\/product\/yoast-seo-wordpress\/ -->\n<title>Planning Industrie - Interfaces avec votre syst\u00e8me d&#039;information - Direct Planning<\/title>\n<meta name=\"description\" content=\"\u201cImportez et exportez vos donn\u00e9es de planification via CSV ou plugins, ou utilisez Direct Planning Connect pour int\u00e9grer votre ERP ou GPAO.\" \/>\n<meta name=\"robots\" content=\"index, follow, max-snippet:-1, max-image-preview:large, max-video-preview:-1\" \/>\n<link rel=\"canonical\" href=\"https:\/\/www.directplanning.com\/fr\/planning-industrie\/planning-industrie-fonctionnalites\/planning-industrie-interfaces-avec-votre-systeme-d-information\/\" \/>\n<meta property=\"og:locale\" content=\"fr_FR\" \/>\n<meta property=\"og:type\" content=\"article\" \/>\n<meta property=\"og:title\" content=\"Planning Industrie - Interfaces avec votre syst\u00e8me d&#039;information - Direct Planning\" \/>\n<meta property=\"og:description\" content=\"\u201cImportez et exportez vos donn\u00e9es de planification via CSV ou plugins, ou utilisez Direct Planning Connect pour int\u00e9grer votre ERP ou GPAO.\" \/>\n<meta property=\"og:url\" content=\"https:\/\/www.directplanning.com\/fr\/planning-industrie\/planning-industrie-fonctionnalites\/planning-industrie-interfaces-avec-votre-systeme-d-information\/\" \/>\n<meta property=\"og:site_name\" content=\"Direct Planning\" \/>\n<meta property=\"article:modified_time\" content=\"2025-10-03T09:51:09+00:00\" \/>\n<meta property=\"og:image\" content=\"https:\/\/www.directplanning.com\/wp-content\/uploads\/2012\/04\/direct-planning-interfaces-erp-gpao.jpg\" \/>\n\t<meta property=\"og:image:width\" content=\"744\" \/>\n\t<meta property=\"og:image:height\" content=\"209\" \/>\n\t<meta property=\"og:image:type\" content=\"image\/jpeg\" \/>\n<meta name=\"twitter:card\" content=\"summary_large_image\" \/>\n<meta name=\"twitter:site\" content=\"@Direct_Planning\" \/>\n<meta name=\"twitter:label1\" content=\"Dur\u00e9e de lecture estim\u00e9e\" \/>\n\t<meta name=\"twitter:data1\" content=\"2 minutes\" \/>\n<script type=\"application\/ld+json\" class=\"yoast-schema-graph\">{\"@context\":\"https:\\\/\\\/schema.org\",\"@graph\":[{\"@type\":\"WebPage\",\"@id\":\"https:\\\/\\\/www.directplanning.com\\\/fr\\\/planning-industrie\\\/planning-industrie-fonctionnalites\\\/planning-industrie-interfaces-avec-votre-systeme-d-information\\\/\",\"url\":\"https:\\\/\\\/www.directplanning.com\\\/fr\\\/planning-industrie\\\/planning-industrie-fonctionnalites\\\/planning-industrie-interfaces-avec-votre-systeme-d-information\\\/\",\"name\":\"Planning Industrie - Interfaces avec votre syst\u00e8me d'information - Direct Planning\",\"isPartOf\":{\"@id\":\"https:\\\/\\\/www.directplanning.com\\\/fr\\\/#website\"},\"primaryImageOfPage\":{\"@id\":\"https:\\\/\\\/www.directplanning.com\\\/fr\\\/planning-industrie\\\/planning-industrie-fonctionnalites\\\/planning-industrie-interfaces-avec-votre-systeme-d-information\\\/#primaryimage\"},\"image\":{\"@id\":\"https:\\\/\\\/www.directplanning.com\\\/fr\\\/planning-industrie\\\/planning-industrie-fonctionnalites\\\/planning-industrie-interfaces-avec-votre-systeme-d-information\\\/#primaryimage\"},\"thumbnailUrl\":\"https:\\\/\\\/www.directplanning.com\\\/wp-content\\\/uploads\\\/2012\\\/04\\\/direct-planning-interfaces-erp-gpao.jpg\",\"datePublished\":\"2012-04-16T08:39:14+00:00\",\"dateModified\":\"2025-10-03T09:51:09+00:00\",\"description\":\"\u201cImportez et exportez vos donn\u00e9es de planification via CSV ou plugins, ou utilisez Direct Planning Connect pour int\u00e9grer votre ERP ou GPAO.\",\"breadcrumb\":{\"@id\":\"https:\\\/\\\/www.directplanning.com\\\/fr\\\/planning-industrie\\\/planning-industrie-fonctionnalites\\\/planning-industrie-interfaces-avec-votre-systeme-d-information\\\/#breadcrumb\"},\"inLanguage\":\"fr-FR\",\"potentialAction\":[{\"@type\":\"ReadAction\",\"target\":[\"https:\\\/\\\/www.directplanning.com\\\/fr\\\/planning-industrie\\\/planning-industrie-fonctionnalites\\\/planning-industrie-interfaces-avec-votre-systeme-d-information\\\/\"]}]},{\"@type\":\"ImageObject\",\"inLanguage\":\"fr-FR\",\"@id\":\"https:\\\/\\\/www.directplanning.com\\\/fr\\\/planning-industrie\\\/planning-industrie-fonctionnalites\\\/planning-industrie-interfaces-avec-votre-systeme-d-information\\\/#primaryimage\",\"url\":\"https:\\\/\\\/www.directplanning.com\\\/wp-content\\\/uploads\\\/2012\\\/04\\\/direct-planning-interfaces-erp-gpao.jpg\",\"contentUrl\":\"https:\\\/\\\/www.directplanning.com\\\/wp-content\\\/uploads\\\/2012\\\/04\\\/direct-planning-interfaces-erp-gpao.jpg\",\"width\":744,\"height\":209,\"caption\":\"Direct Planning - Import \\\/ export de donn\u00e9es avec un syst\u00e8me d'information\"},{\"@type\":\"BreadcrumbList\",\"@id\":\"https:\\\/\\\/www.directplanning.com\\\/fr\\\/planning-industrie\\\/planning-industrie-fonctionnalites\\\/planning-industrie-interfaces-avec-votre-systeme-d-information\\\/#breadcrumb\",\"itemListElement\":[{\"@type\":\"ListItem\",\"position\":1,\"name\":\"Accueil\",\"item\":\"https:\\\/\\\/www.directplanning.com\\\/fr\\\/\"},{\"@type\":\"ListItem\",\"position\":2,\"name\":\"Direct Planning Industrie\",\"item\":\"https:\\\/\\\/www.directplanning.com\\\/fr\\\/planning-industrie\\\/\"},{\"@type\":\"ListItem\",\"position\":3,\"name\":\"Planning Industrie &#8211; Fonctionnalit\u00e9s\",\"item\":\"https:\\\/\\\/www.directplanning.com\\\/fr\\\/planning-industrie\\\/planning-industrie-fonctionnalites\\\/\"},{\"@type\":\"ListItem\",\"position\":4,\"name\":\"Planning Industrie &#8211; Interfaces avec votre syst\u00e8me d&#8217;information\"}]},{\"@type\":\"WebSite\",\"@id\":\"https:\\\/\\\/www.directplanning.com\\\/fr\\\/#website\",\"url\":\"https:\\\/\\\/www.directplanning.com\\\/fr\\\/\",\"name\":\"Directplanning.com\",\"description\":\"Optimisez votre planning de production. Outil de planification intuitif et complet pour les entreprises et industries. Essai gratuit en ligne\",\"publisher\":{\"@id\":\"https:\\\/\\\/www.directplanning.com\\\/fr\\\/#organization\"},\"potentialAction\":[{\"@type\":\"SearchAction\",\"target\":{\"@type\":\"EntryPoint\",\"urlTemplate\":\"https:\\\/\\\/www.directplanning.com\\\/fr\\\/?s={search_term_string}\"},\"query-input\":{\"@type\":\"PropertyValueSpecification\",\"valueRequired\":true,\"valueName\":\"search_term_string\"}}],\"inLanguage\":\"fr-FR\"},{\"@type\":\"Organization\",\"@id\":\"https:\\\/\\\/www.directplanning.com\\\/fr\\\/#organization\",\"name\":\"Direct Planning\",\"alternateName\":\"DP\",\"url\":\"https:\\\/\\\/www.directplanning.com\\\/fr\\\/\",\"logo\":{\"@type\":\"ImageObject\",\"inLanguage\":\"fr-FR\",\"@id\":\"https:\\\/\\\/www.directplanning.com\\\/fr\\\/#\\\/schema\\\/logo\\\/image\\\/\",\"url\":\"https:\\\/\\\/www.directplanning.com\\\/wp-content\\\/uploads\\\/2023\\\/08\\\/DirectPlanIcone.bmp\",\"contentUrl\":\"https:\\\/\\\/www.directplanning.com\\\/wp-content\\\/uploads\\\/2023\\\/08\\\/DirectPlanIcone.bmp\",\"width\":320,\"height\":355,\"caption\":\"Direct Planning\"},\"image\":{\"@id\":\"https:\\\/\\\/www.directplanning.com\\\/fr\\\/#\\\/schema\\\/logo\\\/image\\\/\"},\"sameAs\":[\"https:\\\/\\\/x.com\\\/Direct_Planning\",\"https:\\\/\\\/www.linkedin.com\\\/showcase\\\/direct-planning\\\/posts\\\/?feedView=all\",\"https:\\\/\\\/www.youtube.com\\\/user\\\/VolumeSoftware\"]}]}<\/script>\n<!-- \/ Yoast SEO plugin. -->","yoast_head_json":{"title":"Planning Industrie - Interfaces avec votre syst\u00e8me d'information - Direct Planning","description":"\u201cImportez et exportez vos donn\u00e9es de planification via CSV ou plugins, ou utilisez Direct Planning Connect pour int\u00e9grer votre ERP ou GPAO.","robots":{"index":"index","follow":"follow","max-snippet":"max-snippet:-1","max-image-preview":"max-image-preview:large","max-video-preview":"max-video-preview:-1"},"canonical":"https:\/\/www.directplanning.com\/fr\/planning-industrie\/planning-industrie-fonctionnalites\/planning-industrie-interfaces-avec-votre-systeme-d-information\/","og_locale":"fr_FR","og_type":"article","og_title":"Planning Industrie - Interfaces avec votre syst\u00e8me d'information - Direct Planning","og_description":"\u201cImportez et exportez vos donn\u00e9es de planification via CSV ou plugins, ou utilisez Direct Planning Connect pour int\u00e9grer votre ERP ou GPAO.","og_url":"https:\/\/www.directplanning.com\/fr\/planning-industrie\/planning-industrie-fonctionnalites\/planning-industrie-interfaces-avec-votre-systeme-d-information\/","og_site_name":"Direct Planning","article_modified_time":"2025-10-03T09:51:09+00:00","og_image":[{"width":744,"height":209,"url":"https:\/\/www.directplanning.com\/wp-content\/uploads\/2012\/04\/direct-planning-interfaces-erp-gpao.jpg","type":"image\/jpeg"}],"twitter_card":"summary_large_image","twitter_site":"@Direct_Planning","twitter_misc":{"Dur\u00e9e de lecture estim\u00e9e":"2 minutes"},"schema":{"@context":"https:\/\/schema.org","@graph":[{"@type":"WebPage","@id":"https:\/\/www.directplanning.com\/fr\/planning-industrie\/planning-industrie-fonctionnalites\/planning-industrie-interfaces-avec-votre-systeme-d-information\/","url":"https:\/\/www.directplanning.com\/fr\/planning-industrie\/planning-industrie-fonctionnalites\/planning-industrie-interfaces-avec-votre-systeme-d-information\/","name":"Planning Industrie - Interfaces avec votre syst\u00e8me d'information - Direct Planning","isPartOf":{"@id":"https:\/\/www.directplanning.com\/fr\/#website"},"primaryImageOfPage":{"@id":"https:\/\/www.directplanning.com\/fr\/planning-industrie\/planning-industrie-fonctionnalites\/planning-industrie-interfaces-avec-votre-systeme-d-information\/#primaryimage"},"image":{"@id":"https:\/\/www.directplanning.com\/fr\/planning-industrie\/planning-industrie-fonctionnalites\/planning-industrie-interfaces-avec-votre-systeme-d-information\/#primaryimage"},"thumbnailUrl":"https:\/\/www.directplanning.com\/wp-content\/uploads\/2012\/04\/direct-planning-interfaces-erp-gpao.jpg","datePublished":"2012-04-16T08:39:14+00:00","dateModified":"2025-10-03T09:51:09+00:00","description":"\u201cImportez et exportez vos donn\u00e9es de planification via CSV ou plugins, ou utilisez Direct Planning Connect pour int\u00e9grer votre ERP ou GPAO.","breadcrumb":{"@id":"https:\/\/www.directplanning.com\/fr\/planning-industrie\/planning-industrie-fonctionnalites\/planning-industrie-interfaces-avec-votre-systeme-d-information\/#breadcrumb"},"inLanguage":"fr-FR","potentialAction":[{"@type":"ReadAction","target":["https:\/\/www.directplanning.com\/fr\/planning-industrie\/planning-industrie-fonctionnalites\/planning-industrie-interfaces-avec-votre-systeme-d-information\/"]}]},{"@type":"ImageObject","inLanguage":"fr-FR","@id":"https:\/\/www.directplanning.com\/fr\/planning-industrie\/planning-industrie-fonctionnalites\/planning-industrie-interfaces-avec-votre-systeme-d-information\/#primaryimage","url":"https:\/\/www.directplanning.com\/wp-content\/uploads\/2012\/04\/direct-planning-interfaces-erp-gpao.jpg","contentUrl":"https:\/\/www.directplanning.com\/wp-content\/uploads\/2012\/04\/direct-planning-interfaces-erp-gpao.jpg","width":744,"height":209,"caption":"Direct Planning - Import \/ export de donn\u00e9es avec un syst\u00e8me d'information"},{"@type":"BreadcrumbList","@id":"https:\/\/www.directplanning.com\/fr\/planning-industrie\/planning-industrie-fonctionnalites\/planning-industrie-interfaces-avec-votre-systeme-d-information\/#breadcrumb","itemListElement":[{"@type":"ListItem","position":1,"name":"Accueil","item":"https:\/\/www.directplanning.com\/fr\/"},{"@type":"ListItem","position":2,"name":"Direct Planning Industrie","item":"https:\/\/www.directplanning.com\/fr\/planning-industrie\/"},{"@type":"ListItem","position":3,"name":"Planning Industrie &#8211; Fonctionnalit\u00e9s","item":"https:\/\/www.directplanning.com\/fr\/planning-industrie\/planning-industrie-fonctionnalites\/"},{"@type":"ListItem","position":4,"name":"Planning Industrie &#8211; Interfaces avec votre syst\u00e8me d&#8217;information"}]},{"@type":"WebSite","@id":"https:\/\/www.directplanning.com\/fr\/#website","url":"https:\/\/www.directplanning.com\/fr\/","name":"Directplanning.com","description":"Optimisez votre planning de production. Outil de planification intuitif et complet pour les entreprises et industries. Essai gratuit en ligne","publisher":{"@id":"https:\/\/www.directplanning.com\/fr\/#organization"},"potentialAction":[{"@type":"SearchAction","target":{"@type":"EntryPoint","urlTemplate":"https:\/\/www.directplanning.com\/fr\/?s={search_term_string}"},"query-input":{"@type":"PropertyValueSpecification","valueRequired":true,"valueName":"search_term_string"}}],"inLanguage":"fr-FR"},{"@type":"Organization","@id":"https:\/\/www.directplanning.com\/fr\/#organization","name":"Direct Planning","alternateName":"DP","url":"https:\/\/www.directplanning.com\/fr\/","logo":{"@type":"ImageObject","inLanguage":"fr-FR","@id":"https:\/\/www.directplanning.com\/fr\/#\/schema\/logo\/image\/","url":"https:\/\/www.directplanning.com\/wp-content\/uploads\/2023\/08\/DirectPlanIcone.bmp","contentUrl":"https:\/\/www.directplanning.com\/wp-content\/uploads\/2023\/08\/DirectPlanIcone.bmp","width":320,"height":355,"caption":"Direct Planning"},"image":{"@id":"https:\/\/www.directplanning.com\/fr\/#\/schema\/logo\/image\/"},"sameAs":["https:\/\/x.com\/Direct_Planning","https:\/\/www.linkedin.com\/showcase\/direct-planning\/posts\/?feedView=all","https:\/\/www.youtube.com\/user\/VolumeSoftware"]}]}},"_links":{"self":[{"href":"https:\/\/www.directplanning.com\/fr\/wp-json\/wp\/v2\/pages\/756","targetHints":{"allow":["GET"]}}],"collection":[{"href":"https:\/\/www.directplanning.com\/fr\/wp-json\/wp\/v2\/pages"}],"about":[{"href":"https:\/\/www.directplanning.com\/fr\/wp-json\/wp\/v2\/types\/page"}],"author":[{"embeddable":true,"href":"https:\/\/www.directplanning.com\/fr\/wp-json\/wp\/v2\/users\/2"}],"replies":[{"embeddable":true,"href":"https:\/\/www.directplanning.com\/fr\/wp-json\/wp\/v2\/comments?post=756"}],"version-history":[{"count":0,"href":"https:\/\/www.directplanning.com\/fr\/wp-json\/wp\/v2\/pages\/756\/revisions"}],"up":[{"embeddable":true,"href":"https:\/\/www.directplanning.com\/fr\/wp-json\/wp\/v2\/pages\/516"}],"wp:featuredmedia":[{"embeddable":true,"href":"https:\/\/www.directplanning.com\/fr\/wp-json\/wp\/v2\/media\/2705"}],"wp:attachment":[{"href":"https:\/\/www.directplanning.com\/fr\/wp-json\/wp\/v2\/media?parent=756"}],"curies":[{"name":"wp","href":"https:\/\/api.w.org\/{rel}","templated":true}]}}