{"id":643,"date":"2012-04-11T14:23:08","date_gmt":"2012-04-11T14:23:08","guid":{"rendered":"https:\/\/www.directplanning.com\/?page_id=643"},"modified":"2025-10-03T11:23:18","modified_gmt":"2025-10-03T09:23:18","slug":"planning-industrie-etat-avancement-de-la-production","status":"publish","type":"page","link":"https:\/\/www.directplanning.com\/fr\/planning-industrie\/planning-industrie-fonctionnalites\/planning-industrie-etat-avancement-de-la-production\/","title":{"rendered":"Planning Industrie &#8211; Etat d&#8217;avancement de la production"},"content":{"rendered":"\n<p>Depuis la <strong>planification initiale<\/strong> jusqu&#8217;au <strong>suivi de la production r\u00e9alis\u00e9e<\/strong>, <strong>Direct Planning Industrie<\/strong> vous permet de g\u00e9rer fid\u00e8lement votre planning atelier. Les \u00e9l\u00e9ments de dur\u00e9e et de quantit\u00e9 d\u00e9j\u00e0 constat\u00e9s permettent d&#8217;actualiser la planification initiale pour un planning de production r\u00e9aliste tenant compte des al\u00e9as de production.<\/p>\n\n\n\n<!--more-->\n\n\n<div class=\"wp-block-image\">\n<figure class=\"aligncenter\"><a href=\"https:\/\/www.directplanning.com\/wp-content\/uploads\/2020\/09\/direct_planning_industrie_declaration_production.png\" data-rel=\"lightbox-image-0\" data-rl_title=\"\" data-rl_caption=\"\" title=\"\"><img decoding=\"async\" width=\"610\" height=\"390\" src=\"https:\/\/www.directplanning.com\/wp-content\/uploads\/2020\/09\/direct_planning_industrie_declaration_production-610x390.png\" alt=\"Direct Planning Industrie - D\u00e9claration de production\" class=\"wp-image-4584\" srcset=\"https:\/\/www.directplanning.com\/wp-content\/uploads\/2020\/09\/direct_planning_industrie_declaration_production-610x390.png 610w, https:\/\/www.directplanning.com\/wp-content\/uploads\/2020\/09\/direct_planning_industrie_declaration_production-312x200.png 312w, https:\/\/www.directplanning.com\/wp-content\/uploads\/2020\/09\/direct_planning_industrie_declaration_production-156x100.png 156w, https:\/\/www.directplanning.com\/wp-content\/uploads\/2020\/09\/direct_planning_industrie_declaration_production-768x491.png 768w, https:\/\/www.directplanning.com\/wp-content\/uploads\/2020\/09\/direct_planning_industrie_declaration_production-810x518.png 810w, https:\/\/www.directplanning.com\/wp-content\/uploads\/2020\/09\/direct_planning_industrie_declaration_production.png 1066w\" sizes=\"(max-width: 610px) 100vw, 610px\" \/><\/a><figcaption class=\"wp-element-caption\">Direct Planning Industrie &#8211; D\u00e9claration de production<\/figcaption><\/figure><\/div>\n\n\n<h2 class=\"wp-block-heading\">Planification initiale : quantit\u00e9 et dur\u00e9es pr\u00e9vues<\/h2>\n\n\n\n<p>Sur chaque t\u00e2che initialement planifi\u00e9e, on sp\u00e9cifie une <a title=\"Planning Industrie \u2013 Caract\u00e9ristiques de vos machines\" href=\"https:\/\/www.directplanning.com\/fr\/planning-industrie\/planning-industrie-fonctionnalites\/planning-industrie-caracteristiques-de-vos-machines\/\">machine<\/a>, une op\u00e9ration, des <a href=\"https:\/\/www.directplanning.com\/fr\/planning-industrie\/planning-industrie-fonctionnalites\/planning-industrie-configurable-pour-votre-metier\/\">\u00e9l\u00e9ments techniques<\/a> et une <strong>quantit\u00e9 engag\u00e9e pr\u00e9vue<\/strong>. Ces \u00e9l\u00e9ments permettent de d\u00e9terminer automatiquement une <strong>dur\u00e9e de r\u00e9glage pr\u00e9vue<\/strong>, une <strong>cadence pr\u00e9vue<\/strong> et une <strong>dur\u00e9e de passage pr\u00e9vue<\/strong>.<\/p>\n\n\n\n<p>A noter que dans tous les cas, ce calcul automatique peut \u00eatre d\u00e9sactiv\u00e9 ponctuellement au profit d&#8217;une saisie manuelle de ces dur\u00e9es.<\/p>\n\n\n\n<h2 class=\"wp-block-heading\">Suivi de la production r\u00e9alis\u00e9e : quantit\u00e9 et dur\u00e9es r\u00e9alis\u00e9es<\/h2>\n\n\n\n<p>Au fur et \u00e0 mesure de l&#8217;avancement de la production dans l&#8217;atelier, on constate pour chaque t\u00e2che :<\/p>\n\n\n\n<ul class=\"wp-block-list\">\n<li>la\u00a0<strong>quantit\u00e9 engag\u00e9e r\u00e9alis\u00e9e<\/strong>, qui induit donc un pourcentage d&#8217;avancement<\/li>\n\n\n\n<li>la\u00a0<strong>dur\u00e9e de r\u00e9glage r\u00e9alis\u00e9e<\/strong><\/li>\n\n\n\n<li>la <strong>dur\u00e9e de passage r\u00e9alis\u00e9e<\/strong> d\u00e9terminant donc une <strong>cadence r\u00e9alis\u00e9e<\/strong>. <strong>Direct Planning<\/strong> indiquera par un syst\u00e8me de couleur si la cadence est bonne ou mauvaise par rapport \u00e0 la cadence pr\u00e9vue.<\/li>\n\n\n\n<li>la <strong>dur\u00e9e des arr\u00eats<\/strong> qui n&#8217;est pas prise en compte dans le calcul de la cadence r\u00e9alis\u00e9e.<\/li>\n<\/ul>\n\n\n\n<p>Pour renseigner ces informations de suivi de production dans <strong>Direct Planning<\/strong>, vous disposez de deux m\u00e9thodes :<\/p>\n\n\n\n<ul class=\"wp-block-list\">\n<li>Plusieurs postes <strong>Direct Planning<\/strong> sont \u00e0 disposition des op\u00e9rateurs dans l&#8217;atelier. Ils saisissent ces donn\u00e9es de production en temps r\u00e9el ou diff\u00e9r\u00e9, dans le cadre d&#8217;un acc\u00e8s en <strong>modification restreinte<\/strong>, o\u00f9 il est uniquement possible de renseigner des \u00e9l\u00e9ments de production r\u00e9alis\u00e9e.<\/li>\n\n\n\n<li>Le <strong>suivi de production<\/strong> est r\u00e9alis\u00e9 dans votre syst\u00e8me d&#8217;information (ERP, GPAO). Vous pouvez en suivant nos sp\u00e9cifications, <a title=\"Planning Industrie \u2013 Interfaces avec votre syst\u00e8me d\u2019information\" href=\"https:\/\/www.directplanning.com\/fr\/planning-industrie\/planning-industrie-fonctionnalites\/planning-industrie-interfaces-avec-votre-systeme-d-information\/\">d\u00e9velopper une interface<\/a> qui permettra d&#8217;<strong>actualiser automatiquement le planning.<\/strong><\/li>\n<\/ul>\n\n\n\n<h3 class=\"wp-block-heading\">Les t\u00e2ches termin\u00e9es<\/h3>\n\n\n\n<p>Si vous ne souhaitez pas suivre dans <strong>Direct Planning<\/strong> les quantit\u00e9s et dur\u00e9es r\u00e9alis\u00e9es, vous pouvez malgr\u00e9 tout simplement d\u00e9clarer les t\u00e2ches termin\u00e9es <strong>en un clic<\/strong>.<\/p>\n\n\n\n<p>Les t\u00e2ches termin\u00e9es prennent alors un aspect gris\u00e9 caract\u00e9ristique. En un coup d\u2019\u0153il au planning vous mesurez ainsi parfaitement l&#8217;\u00e9tat d&#8217;avancement par machine.<\/p>\n\n\n\n<h2 class=\"wp-block-heading\">Planification actualis\u00e9e<\/h2>\n\n\n\n<p>Suite \u00e0 la saisie des quantit\u00e9s et dur\u00e9es r\u00e9alis\u00e9es, <strong>Direct Planning<\/strong> est capable d&#8217;<strong>actualiser la planification pr\u00e9vue<\/strong>. Une dur\u00e9e de passage restante est calcul\u00e9e automatiquement en se basant sur la <strong>cadence initiale pr\u00e9vue<\/strong>.<\/p>\n\n\n\n<p class=\"has-text-align-center\"><a class=\"mks_button mks_button_medium rounded\" href=\"https:\/\/www.directplanning.com\/fr\/planning-industrie\/planning-industrie-fonctionnalites\/\" target=\"_self\" style=\"color: #FFFFFF; background-color: #1e73be;\" > Les fonctionnalit\u00e9s Planning Industrie <\/a>\n","protected":false},"excerpt":{"rendered":"<p>Depuis la planification initiale jusqu&#8217;au suivi de la production r\u00e9alis\u00e9e, Direct Planning Industrie vous permet de g\u00e9rer fid\u00e8lement votre planning atelier. Les \u00e9l\u00e9ments de dur\u00e9e et de quantit\u00e9 d\u00e9j\u00e0 constat\u00e9s permettent d&#8217;actualiser la planification initiale pour un planning de production r\u00e9aliste tenant compte des al\u00e9as de production.<\/p>\n","protected":false},"author":2,"featured_media":1434,"parent":516,"menu_order":80,"comment_status":"open","ping_status":"open","template":"","meta":{"footnotes":""},"class_list":["post-643","page","type-page","status-publish","has-post-thumbnail","hentry"],"yoast_head":"<!-- This site is optimized with the Yoast SEO plugin v27.6 - https:\/\/yoast.com\/product\/yoast-seo-wordpress\/ -->\n<title>Planning Industrie - Etat d&#039;avancement de la production - Direct Planning<\/title>\n<meta name=\"description\" content=\"Suivez l\u2019avancement de votre production : saisie des quantit\u00e9s, alertes visuelles et mise \u00e0 jour dynamique du planning.\" \/>\n<meta name=\"robots\" content=\"index, follow, max-snippet:-1, max-image-preview:large, max-video-preview:-1\" \/>\n<link rel=\"canonical\" href=\"https:\/\/www.directplanning.com\/fr\/planning-industrie\/planning-industrie-fonctionnalites\/planning-industrie-etat-avancement-de-la-production\/\" \/>\n<meta property=\"og:locale\" content=\"fr_FR\" \/>\n<meta property=\"og:type\" content=\"article\" \/>\n<meta property=\"og:title\" content=\"Planning Industrie - Etat d&#039;avancement de la production - Direct Planning\" \/>\n<meta property=\"og:description\" content=\"Suivez l\u2019avancement de votre production : saisie des quantit\u00e9s, alertes visuelles et mise \u00e0 jour dynamique du planning.\" \/>\n<meta property=\"og:url\" content=\"https:\/\/www.directplanning.com\/fr\/planning-industrie\/planning-industrie-fonctionnalites\/planning-industrie-etat-avancement-de-la-production\/\" \/>\n<meta property=\"og:site_name\" content=\"Direct Planning\" \/>\n<meta property=\"article:modified_time\" content=\"2025-10-03T09:23:18+00:00\" \/>\n<meta property=\"og:image\" content=\"https:\/\/www.directplanning.com\/wp-content\/uploads\/2012\/04\/direct_planning_industrie_etat_avancement_detail_de_tache.png\" \/>\n\t<meta property=\"og:image:width\" content=\"1035\" \/>\n\t<meta property=\"og:image:height\" content=\"655\" \/>\n\t<meta property=\"og:image:type\" content=\"image\/png\" \/>\n<meta name=\"twitter:card\" content=\"summary_large_image\" \/>\n<meta name=\"twitter:site\" content=\"@Direct_Planning\" \/>\n<meta name=\"twitter:label1\" content=\"Dur\u00e9e de lecture estim\u00e9e\" \/>\n\t<meta name=\"twitter:data1\" content=\"3 minutes\" \/>\n<script type=\"application\/ld+json\" class=\"yoast-schema-graph\">{\"@context\":\"https:\\\/\\\/schema.org\",\"@graph\":[{\"@type\":\"WebPage\",\"@id\":\"https:\\\/\\\/www.directplanning.com\\\/fr\\\/planning-industrie\\\/planning-industrie-fonctionnalites\\\/planning-industrie-etat-avancement-de-la-production\\\/\",\"url\":\"https:\\\/\\\/www.directplanning.com\\\/fr\\\/planning-industrie\\\/planning-industrie-fonctionnalites\\\/planning-industrie-etat-avancement-de-la-production\\\/\",\"name\":\"Planning Industrie - Etat d'avancement de la production - Direct Planning\",\"isPartOf\":{\"@id\":\"https:\\\/\\\/www.directplanning.com\\\/fr\\\/#website\"},\"primaryImageOfPage\":{\"@id\":\"https:\\\/\\\/www.directplanning.com\\\/fr\\\/planning-industrie\\\/planning-industrie-fonctionnalites\\\/planning-industrie-etat-avancement-de-la-production\\\/#primaryimage\"},\"image\":{\"@id\":\"https:\\\/\\\/www.directplanning.com\\\/fr\\\/planning-industrie\\\/planning-industrie-fonctionnalites\\\/planning-industrie-etat-avancement-de-la-production\\\/#primaryimage\"},\"thumbnailUrl\":\"https:\\\/\\\/www.directplanning.com\\\/wp-content\\\/uploads\\\/2012\\\/04\\\/direct_planning_industrie_etat_avancement_detail_de_tache.png\",\"datePublished\":\"2012-04-11T14:23:08+00:00\",\"dateModified\":\"2025-10-03T09:23:18+00:00\",\"description\":\"Suivez l\u2019avancement de votre production : saisie des quantit\u00e9s, alertes visuelles et mise \u00e0 jour dynamique du planning.\",\"breadcrumb\":{\"@id\":\"https:\\\/\\\/www.directplanning.com\\\/fr\\\/planning-industrie\\\/planning-industrie-fonctionnalites\\\/planning-industrie-etat-avancement-de-la-production\\\/#breadcrumb\"},\"inLanguage\":\"fr-FR\",\"potentialAction\":[{\"@type\":\"ReadAction\",\"target\":[\"https:\\\/\\\/www.directplanning.com\\\/fr\\\/planning-industrie\\\/planning-industrie-fonctionnalites\\\/planning-industrie-etat-avancement-de-la-production\\\/\"]}]},{\"@type\":\"ImageObject\",\"inLanguage\":\"fr-FR\",\"@id\":\"https:\\\/\\\/www.directplanning.com\\\/fr\\\/planning-industrie\\\/planning-industrie-fonctionnalites\\\/planning-industrie-etat-avancement-de-la-production\\\/#primaryimage\",\"url\":\"https:\\\/\\\/www.directplanning.com\\\/wp-content\\\/uploads\\\/2012\\\/04\\\/direct_planning_industrie_etat_avancement_detail_de_tache.png\",\"contentUrl\":\"https:\\\/\\\/www.directplanning.com\\\/wp-content\\\/uploads\\\/2012\\\/04\\\/direct_planning_industrie_etat_avancement_detail_de_tache.png\",\"width\":1035,\"height\":655,\"caption\":\"Direct Planning Industrie - Saisie de l'\u00e9tat d'avancement\"},{\"@type\":\"BreadcrumbList\",\"@id\":\"https:\\\/\\\/www.directplanning.com\\\/fr\\\/planning-industrie\\\/planning-industrie-fonctionnalites\\\/planning-industrie-etat-avancement-de-la-production\\\/#breadcrumb\",\"itemListElement\":[{\"@type\":\"ListItem\",\"position\":1,\"name\":\"Accueil\",\"item\":\"https:\\\/\\\/www.directplanning.com\\\/fr\\\/\"},{\"@type\":\"ListItem\",\"position\":2,\"name\":\"Direct Planning Industrie\",\"item\":\"https:\\\/\\\/www.directplanning.com\\\/fr\\\/planning-industrie\\\/\"},{\"@type\":\"ListItem\",\"position\":3,\"name\":\"Planning Industrie &#8211; Fonctionnalit\u00e9s\",\"item\":\"https:\\\/\\\/www.directplanning.com\\\/fr\\\/planning-industrie\\\/planning-industrie-fonctionnalites\\\/\"},{\"@type\":\"ListItem\",\"position\":4,\"name\":\"Planning Industrie &#8211; Etat d&#8217;avancement de la production\"}]},{\"@type\":\"WebSite\",\"@id\":\"https:\\\/\\\/www.directplanning.com\\\/fr\\\/#website\",\"url\":\"https:\\\/\\\/www.directplanning.com\\\/fr\\\/\",\"name\":\"Directplanning.com\",\"description\":\"Optimisez votre planning de production. Outil de planification intuitif et complet pour les entreprises et industries. Essai gratuit en ligne\",\"publisher\":{\"@id\":\"https:\\\/\\\/www.directplanning.com\\\/fr\\\/#organization\"},\"potentialAction\":[{\"@type\":\"SearchAction\",\"target\":{\"@type\":\"EntryPoint\",\"urlTemplate\":\"https:\\\/\\\/www.directplanning.com\\\/fr\\\/?s={search_term_string}\"},\"query-input\":{\"@type\":\"PropertyValueSpecification\",\"valueRequired\":true,\"valueName\":\"search_term_string\"}}],\"inLanguage\":\"fr-FR\"},{\"@type\":\"Organization\",\"@id\":\"https:\\\/\\\/www.directplanning.com\\\/fr\\\/#organization\",\"name\":\"Direct Planning\",\"alternateName\":\"DP\",\"url\":\"https:\\\/\\\/www.directplanning.com\\\/fr\\\/\",\"logo\":{\"@type\":\"ImageObject\",\"inLanguage\":\"fr-FR\",\"@id\":\"https:\\\/\\\/www.directplanning.com\\\/fr\\\/#\\\/schema\\\/logo\\\/image\\\/\",\"url\":\"https:\\\/\\\/www.directplanning.com\\\/wp-content\\\/uploads\\\/2023\\\/08\\\/DirectPlanIcone.bmp\",\"contentUrl\":\"https:\\\/\\\/www.directplanning.com\\\/wp-content\\\/uploads\\\/2023\\\/08\\\/DirectPlanIcone.bmp\",\"width\":320,\"height\":355,\"caption\":\"Direct Planning\"},\"image\":{\"@id\":\"https:\\\/\\\/www.directplanning.com\\\/fr\\\/#\\\/schema\\\/logo\\\/image\\\/\"},\"sameAs\":[\"https:\\\/\\\/x.com\\\/Direct_Planning\",\"https:\\\/\\\/www.linkedin.com\\\/showcase\\\/direct-planning\\\/posts\\\/?feedView=all\",\"https:\\\/\\\/www.youtube.com\\\/user\\\/VolumeSoftware\"]}]}<\/script>\n<!-- \/ Yoast SEO plugin. -->","yoast_head_json":{"title":"Planning Industrie - Etat d'avancement de la production - Direct Planning","description":"Suivez l\u2019avancement de votre production : saisie des quantit\u00e9s, alertes visuelles et mise \u00e0 jour dynamique du planning.","robots":{"index":"index","follow":"follow","max-snippet":"max-snippet:-1","max-image-preview":"max-image-preview:large","max-video-preview":"max-video-preview:-1"},"canonical":"https:\/\/www.directplanning.com\/fr\/planning-industrie\/planning-industrie-fonctionnalites\/planning-industrie-etat-avancement-de-la-production\/","og_locale":"fr_FR","og_type":"article","og_title":"Planning Industrie - Etat d'avancement de la production - Direct Planning","og_description":"Suivez l\u2019avancement de votre production : saisie des quantit\u00e9s, alertes visuelles et mise \u00e0 jour dynamique du planning.","og_url":"https:\/\/www.directplanning.com\/fr\/planning-industrie\/planning-industrie-fonctionnalites\/planning-industrie-etat-avancement-de-la-production\/","og_site_name":"Direct Planning","article_modified_time":"2025-10-03T09:23:18+00:00","og_image":[{"width":1035,"height":655,"url":"https:\/\/www.directplanning.com\/wp-content\/uploads\/2012\/04\/direct_planning_industrie_etat_avancement_detail_de_tache.png","type":"image\/png"}],"twitter_card":"summary_large_image","twitter_site":"@Direct_Planning","twitter_misc":{"Dur\u00e9e de lecture estim\u00e9e":"3 minutes"},"schema":{"@context":"https:\/\/schema.org","@graph":[{"@type":"WebPage","@id":"https:\/\/www.directplanning.com\/fr\/planning-industrie\/planning-industrie-fonctionnalites\/planning-industrie-etat-avancement-de-la-production\/","url":"https:\/\/www.directplanning.com\/fr\/planning-industrie\/planning-industrie-fonctionnalites\/planning-industrie-etat-avancement-de-la-production\/","name":"Planning Industrie - Etat d'avancement de la production - Direct Planning","isPartOf":{"@id":"https:\/\/www.directplanning.com\/fr\/#website"},"primaryImageOfPage":{"@id":"https:\/\/www.directplanning.com\/fr\/planning-industrie\/planning-industrie-fonctionnalites\/planning-industrie-etat-avancement-de-la-production\/#primaryimage"},"image":{"@id":"https:\/\/www.directplanning.com\/fr\/planning-industrie\/planning-industrie-fonctionnalites\/planning-industrie-etat-avancement-de-la-production\/#primaryimage"},"thumbnailUrl":"https:\/\/www.directplanning.com\/wp-content\/uploads\/2012\/04\/direct_planning_industrie_etat_avancement_detail_de_tache.png","datePublished":"2012-04-11T14:23:08+00:00","dateModified":"2025-10-03T09:23:18+00:00","description":"Suivez l\u2019avancement de votre production : saisie des quantit\u00e9s, alertes visuelles et mise \u00e0 jour dynamique du planning.","breadcrumb":{"@id":"https:\/\/www.directplanning.com\/fr\/planning-industrie\/planning-industrie-fonctionnalites\/planning-industrie-etat-avancement-de-la-production\/#breadcrumb"},"inLanguage":"fr-FR","potentialAction":[{"@type":"ReadAction","target":["https:\/\/www.directplanning.com\/fr\/planning-industrie\/planning-industrie-fonctionnalites\/planning-industrie-etat-avancement-de-la-production\/"]}]},{"@type":"ImageObject","inLanguage":"fr-FR","@id":"https:\/\/www.directplanning.com\/fr\/planning-industrie\/planning-industrie-fonctionnalites\/planning-industrie-etat-avancement-de-la-production\/#primaryimage","url":"https:\/\/www.directplanning.com\/wp-content\/uploads\/2012\/04\/direct_planning_industrie_etat_avancement_detail_de_tache.png","contentUrl":"https:\/\/www.directplanning.com\/wp-content\/uploads\/2012\/04\/direct_planning_industrie_etat_avancement_detail_de_tache.png","width":1035,"height":655,"caption":"Direct Planning Industrie - Saisie de l'\u00e9tat d'avancement"},{"@type":"BreadcrumbList","@id":"https:\/\/www.directplanning.com\/fr\/planning-industrie\/planning-industrie-fonctionnalites\/planning-industrie-etat-avancement-de-la-production\/#breadcrumb","itemListElement":[{"@type":"ListItem","position":1,"name":"Accueil","item":"https:\/\/www.directplanning.com\/fr\/"},{"@type":"ListItem","position":2,"name":"Direct Planning Industrie","item":"https:\/\/www.directplanning.com\/fr\/planning-industrie\/"},{"@type":"ListItem","position":3,"name":"Planning Industrie &#8211; Fonctionnalit\u00e9s","item":"https:\/\/www.directplanning.com\/fr\/planning-industrie\/planning-industrie-fonctionnalites\/"},{"@type":"ListItem","position":4,"name":"Planning Industrie &#8211; Etat d&#8217;avancement de la production"}]},{"@type":"WebSite","@id":"https:\/\/www.directplanning.com\/fr\/#website","url":"https:\/\/www.directplanning.com\/fr\/","name":"Directplanning.com","description":"Optimisez votre planning de production. Outil de planification intuitif et complet pour les entreprises et industries. Essai gratuit en ligne","publisher":{"@id":"https:\/\/www.directplanning.com\/fr\/#organization"},"potentialAction":[{"@type":"SearchAction","target":{"@type":"EntryPoint","urlTemplate":"https:\/\/www.directplanning.com\/fr\/?s={search_term_string}"},"query-input":{"@type":"PropertyValueSpecification","valueRequired":true,"valueName":"search_term_string"}}],"inLanguage":"fr-FR"},{"@type":"Organization","@id":"https:\/\/www.directplanning.com\/fr\/#organization","name":"Direct Planning","alternateName":"DP","url":"https:\/\/www.directplanning.com\/fr\/","logo":{"@type":"ImageObject","inLanguage":"fr-FR","@id":"https:\/\/www.directplanning.com\/fr\/#\/schema\/logo\/image\/","url":"https:\/\/www.directplanning.com\/wp-content\/uploads\/2023\/08\/DirectPlanIcone.bmp","contentUrl":"https:\/\/www.directplanning.com\/wp-content\/uploads\/2023\/08\/DirectPlanIcone.bmp","width":320,"height":355,"caption":"Direct Planning"},"image":{"@id":"https:\/\/www.directplanning.com\/fr\/#\/schema\/logo\/image\/"},"sameAs":["https:\/\/x.com\/Direct_Planning","https:\/\/www.linkedin.com\/showcase\/direct-planning\/posts\/?feedView=all","https:\/\/www.youtube.com\/user\/VolumeSoftware"]}]}},"_links":{"self":[{"href":"https:\/\/www.directplanning.com\/fr\/wp-json\/wp\/v2\/pages\/643","targetHints":{"allow":["GET"]}}],"collection":[{"href":"https:\/\/www.directplanning.com\/fr\/wp-json\/wp\/v2\/pages"}],"about":[{"href":"https:\/\/www.directplanning.com\/fr\/wp-json\/wp\/v2\/types\/page"}],"author":[{"embeddable":true,"href":"https:\/\/www.directplanning.com\/fr\/wp-json\/wp\/v2\/users\/2"}],"replies":[{"embeddable":true,"href":"https:\/\/www.directplanning.com\/fr\/wp-json\/wp\/v2\/comments?post=643"}],"version-history":[{"count":0,"href":"https:\/\/www.directplanning.com\/fr\/wp-json\/wp\/v2\/pages\/643\/revisions"}],"up":[{"embeddable":true,"href":"https:\/\/www.directplanning.com\/fr\/wp-json\/wp\/v2\/pages\/516"}],"wp:featuredmedia":[{"embeddable":true,"href":"https:\/\/www.directplanning.com\/fr\/wp-json\/wp\/v2\/media\/1434"}],"wp:attachment":[{"href":"https:\/\/www.directplanning.com\/fr\/wp-json\/wp\/v2\/media?parent=643"}],"curies":[{"name":"wp","href":"https:\/\/api.w.org\/{rel}","templated":true}]}}