{"id":6390,"date":"2025-11-07T17:01:07","date_gmt":"2025-11-07T15:01:07","guid":{"rendered":"https:\/\/www.directplanning.com\/?page_id=6390"},"modified":"2025-11-24T09:44:53","modified_gmt":"2025-11-24T07:44:53","slug":"nos-clients-et-temoignages","status":"publish","type":"page","link":"https:\/\/www.directplanning.com\/fr\/nos-clients-et-temoignages\/","title":{"rendered":"Nos clients et t\u00e9moignages"},"content":{"rendered":"\n<h2 class=\"wp-block-heading\">T\u00e9moignages de nos clients<\/h2>\n\n\n<div class=\"testimonials-widget-premium links\"><ul><!-- testimonials-widget-testimonials:5127: -->\n<li class=\"testimonials-widget-testimonial\"><a href=\"https:\/\/www.directplanning.com\/fr\/temoignages\/coverpla\/\" title=\"Complete testimonial by St\u00e9fania Sioula\"  class=\"more-link\"><span class=\"author\">St\u00e9fania Sioula<\/span><span class=\"join-title\"><\/span><span class=\"job-title\">Gestionnaire planning<\/span><span class=\"join\"><\/span><span class=\"company\">Coverpla<\/span><\/a><\/li><!-- testimonials-widget-testimonials:3054: -->\n<li class=\"testimonials-widget-testimonial\"><a href=\"https:\/\/www.directplanning.com\/fr\/temoignages\/monsanto\/\" title=\"Complete testimonial by Pierre-Etienne Couture\"  class=\"more-link\"><span class=\"author\">Pierre-Etienne Couture<\/span><span class=\"join-title\"><\/span><span class=\"job-title\">Responsable de site<\/span><span class=\"join\"><\/span><span class=\"company\">Monsanto<\/span><\/a><\/li><!-- testimonials-widget-testimonials:3050: -->\n<li class=\"testimonials-widget-testimonial\"><a href=\"https:\/\/www.directplanning.com\/fr\/temoignages\/monsanto-planification\/\" title=\"Complete testimonial by H\u00e9l\u00e8ne Dorat\"  class=\"more-link\"><span class=\"author\">H\u00e9l\u00e8ne Dorat<\/span><span class=\"join-title\"><\/span><span class=\"job-title\">Responsable planning<\/span><span class=\"join\"><\/span><span class=\"company\">Monsanto<\/span><\/a><\/li><!-- testimonials-widget-testimonials:2946: -->\n<li class=\"testimonials-widget-testimonial\"><a href=\"https:\/\/www.directplanning.com\/fr\/temoignages\/duff-norton-europe\/\" title=\"Complete testimonial by Thierry Vercampt\"  class=\"more-link\"><span class=\"author\">Thierry Vercampt<\/span><span class=\"join-title\"><\/span><span class=\"job-title\">Responsable de production<\/span><span class=\"join\"><\/span><span class=\"company\">Duff-Norton Europe<\/span><\/a><\/li><!-- testimonials-widget-testimonials:2931: -->\n<li class=\"testimonials-widget-testimonial\"><a href=\"https:\/\/www.directplanning.com\/fr\/temoignages\/groupe-rossmann-nordcarton\/\" title=\"Complete testimonial by Michel Thery\"  class=\"more-link\"><span class=\"author\">Michel Thery<\/span><span class=\"join-title\"><\/span><span class=\"job-title\">Responsable de production<\/span><span class=\"join\"><\/span><span class=\"company\">Nordcarton - Rossmann<\/span><\/a><\/li><!-- testimonials-widget-testimonials:2421: -->\n<li class=\"testimonials-widget-testimonial\"><a href=\"https:\/\/www.directplanning.com\/fr\/temoignages\/ds-smith\/\" title=\"Complete testimonial by Odile Dalloz\"  class=\"more-link\"><span class=\"author\">Odile Dalloz<\/span><span class=\"join-title\"><\/span><span class=\"job-title\">Responsable de production<\/span><span class=\"join\"><\/span><span class=\"company\">DS Smith<\/span><\/a><\/li><\/ul><\/div>\n\n\n<div class=\"mks_col \">\n<div class=\"mks_one_half \">\n<h2><img decoding=\"async\" src=\"https:\/\/www.directplanning.com\/wp-content\/uploads\/2016\/06\/references-machines.png\" alt=\"engrenages\" \/> Machines, \u00e9quipement, \u00e9lectricit\u00e9<\/h2>\n<ul>\n<li>Cegelec<\/li>\n<li>Babolat<\/li>\n<li>Danielson Engineering<\/li>\n<li>Drieux Combaluzier Ascenceurs<\/li>\n<li>Sandvik Tamrock Secoma<\/li>\n<span><a onclick=\"read_toggle(2013729120, 'Lire la suite...', 'R\u00e9duire...'); return false;\" class=\"read-link\" id=\"readlink2013729120\" style=\"readlink\" href=\"#\">Lire la suite...<\/a><\/span>\n<div class=\"read_div\" id=\"read2013729120\" style=\"display: none;\">\n<li>Siemens<\/li>\n<li>Sofilec<\/li>\n<\/div>\n<\/ul>\n<h2><img decoding=\"async\" src=\"https:\/\/www.directplanning.com\/wp-content\/uploads\/2016\/06\/references-carton.png\" alt=\"carton\" \/> Carton, Papier, Bois<\/h2>\n<ul>\n<li>B\u2019PACK<\/li>\n<li>Cartonnages d&#8217;Auch<\/li>\n<li>Cartonnages Binchoise (Belgique)<\/li>\n<li>Cartonnages ROC<\/li>\n<li>Cartonneries de l&#8217;Andelle (groupe Ondulys)<\/li>\n<span><a onclick=\"read_toggle(1537263258, 'Lire la suite...', 'R\u00e9duire...'); return false;\" class=\"read-link\" id=\"readlink1537263258\" style=\"readlink\" href=\"#\">Lire la suite...<\/a><\/span>\n<div class=\"read_div\" id=\"read1537263258\" style=\"display: none;\">\n<li>CCL INMOULD LABEL SAS<\/li>\n<li>Groupe CPC<\/li>\n<li>Groupe DS SMITH<\/li>\n<li>FP Pack<\/li>\n<li>G\u00e9n\u00e9ral Emballage<\/li>\n<li>Graphic Packaging International<\/li>\n<li>Groupe HGS<\/li>\n<li>INE Cartonnages<\/li>\n<li>Groupe INESSENS<\/li>\n<li>Interfas<\/li>\n<li>Kappa Dore Emballages<\/li>\n<li>Korus Packaging<\/li>\n<li>LE CARTONNAGE INDUSTRIEL<\/li>\n<li>Groupe LGR Packaging<\/li>\n<li>MM Packaging France<\/li>\n<li>MM Packaging Tec Tunisie<\/li>\n<li>Mulliez Richebe<\/li>\n<li>Moludo<\/li>\n<li>Nortier<\/li>\n<li>PRINTOR PACKAGGING<\/li>\n<li>Groupe ROSSMANN<\/li>\n<li>SCA Display &amp; Services<\/li>\n<li>Groupe SCHUR FLEXIBLE \/UNIPACKAGING<\/li>\n<li>SMURFIT KAPPA Dore Packaging<\/li>\n<li>TPG Packaging<\/li>\n<li>Valois emballage<\/li>\n<li>Groupe Verpack<\/li>\n<\/div>\n<\/ul>\n<h2><img decoding=\"async\" src=\"https:\/\/www.directplanning.com\/wp-content\/uploads\/2016\/06\/references-industrie.png\" alt=\"industrie\" \/> Autres industries<\/h2>\n<ul>\n<li>BAMER<\/li>\n<li>COMOTEC VISOTTICA<\/li>\n<li>GIVAUDAN<\/li>\n<li>Lorraine Cosm\u00e9tique<\/li>\n<li>Soliance<\/li>\n<span><a onclick=\"read_toggle(80673124, 'Lire la suite...', 'R\u00e9duire...'); return false;\" class=\"read-link\" id=\"readlink80673124\" style=\"readlink\" href=\"#\">Lire la suite...<\/a><\/span>\n<div class=\"read_div\" id=\"read80673124\" style=\"display: none;\">\n<li>Petit Bateau<\/li>\n<li>DERVAL JL SARL<\/li>\n<li>Nedelec Le Piouffle<\/li>\n<\/div>\n<\/ul>\n<h2><img decoding=\"async\" src=\"https:\/\/www.directplanning.com\/wp-content\/uploads\/2016\/06\/references-institutionnel.png\" alt=\"institutionnel\" \/> Conseil, Service, Institutionnel<\/h2>\n<ul>\n<li>AXILOG<\/li>\n<li>L&#8217;Ecole Nationale Sup\u00e9rieure d&#8217;Architecture de Versailles<\/li>\n<li>GETI &#8211; DITS<\/li>\n<li>LA POSTE \/PHILAPOSTE<\/li>\n<li>S.M.E.E St\u00e9 Maintenance Etudes Electrom\u00e9caniques<\/li>\n<span><a onclick=\"read_toggle(651128644, 'Lire la suite...', 'R\u00e9duire...'); return false;\" class=\"read-link\" id=\"readlink651128644\" style=\"readlink\" href=\"#\">Lire la suite...<\/a><\/span>\n<div class=\"read_div\" id=\"read651128644\" style=\"display: none;\">\n<li>SNC Agrolog \/SVA Jean Roze<\/li>\n<li>TAGG Informatique<\/li>\n<\/div>\n<\/ul>\n<\/div>\n<div class=\"mks_one_half \">\n<h2><img decoding=\"async\" src=\"https:\/\/www.directplanning.com\/wp-content\/uploads\/2016\/06\/references-automobile.png\" alt=\"automobile\" \/> M\u00e9tallurgie, automobile<\/h2>\n<ul>\n<li>BRUNO SCHERER ENTREPRISE<\/li>\n<li>DUFF-Norton Europe<\/li>\n<li>EUROCABLE<\/li>\n<li>GALY SAS<\/li>\n<li>Inergy Automotive Systems<\/li>\n<span><a onclick=\"read_toggle(1103458539, 'Lire la suite...', 'R\u00e9duire...'); return false;\" class=\"read-link\" id=\"readlink1103458539\" style=\"readlink\" href=\"#\">Lire la suite...<\/a><\/span>\n<div class=\"read_div\" id=\"read1103458539\" style=\"display: none;\">\n<li>Lenoir M\u00e9tallerie<\/li>\n<li>Nortene Technologie<\/li>\n<li>PLASTIC OMNIUM<\/li>\n<li>Rubimeca (Groupe DION)<\/li>\n<li>SBFM<\/li>\n<li>Thyssenkrupp Sofedit<\/li>\n<\/div>\n<\/ul>\n<h2><img decoding=\"async\" src=\"https:\/\/www.directplanning.com\/wp-content\/uploads\/2016\/06\/references-chimie.png\" alt=\"chimie\" \/> Plasturgie, chimie, nucl\u00e9aire<\/h2>\n<ul>\n<li>AVINTIV BERRY PLASTICS<\/li>\n<li>CEA de Cadarache<\/li>\n<li>Biocorp<\/li>\n<li>Borflex &#8211; Normandie Caoutchouc<\/li>\n<li>CELLUTEC Group<\/li>\n<span><a onclick=\"read_toggle(469471767, 'Lire la suite...', 'R\u00e9duire...'); return false;\" class=\"read-link\" id=\"readlink469471767\" style=\"readlink\" href=\"#\">Lire la suite...<\/a><\/span>\n<div class=\"read_div\" id=\"read469471767\" style=\"display: none;\">\n<li>FARMEA FAREVA<\/li>\n<li>Gestimat &#8211; Groupe Dehon<\/li>\n<li>Monsanto<\/li>\n<li>SICA AMG Antimony<\/li>\n<\/div>\n<\/ul>\n<h2><img decoding=\"async\" src=\"https:\/\/www.directplanning.com\/wp-content\/uploads\/2016\/06\/references-imprimerie.png\" alt=\"imprimerie\" \/> Imprimerie<\/h2>\n<ul>\n<li>Alize Screen Belgique<\/li>\n<li>Azaprim<\/li>\n<li>Imprimerie Chirat<\/li>\n<li>Constantin SA<\/li>\n<li>Edicolor<\/li>\n<span><a onclick=\"read_toggle(108208285, 'Lire la suite...', 'R\u00e9duire...'); return false;\" class=\"read-link\" id=\"readlink108208285\" style=\"readlink\" href=\"#\">Lire la suite...<\/a><\/span>\n<div class=\"read_div\" id=\"read108208285\" style=\"display: none;\">\n<li>Edition du Lorrain<\/li>\n<li>Fleuret<\/li>\n<li>Imprimerie Forezienne<\/li>\n<li>Imprimerie Freller<\/li>\n<li>Imprimerie Freppel Edac<\/li>\n<li>Imprimerie Frontere<\/li>\n<li>GIBERT CLAREY IMPRIMEURS<\/li>\n<li>Imprimerie GIP<\/li>\n<li>Gouzy<\/li>\n<li>Imprimerie Gresset<\/li>\n<li>Groupe IPS<\/li>\n<li>Imprimerie Jacquelin<\/li>\n<li>Imprimerie MARTINENQ<\/li>\n<li>Imprimerie N\u00e9mont<\/li>\n<li>Korus Edition<\/li>\n<li>Groupe Serge LASKI<\/li>\n<li>MULTISIGNE<\/li>\n<li>Normandie Roto Impression<\/li>\n<li>PND France<\/li>\n<li>Impression Presses de Bretagne Services<\/li>\n<li>Ruel Etiquettes<\/li>\n<li>SELP SAS<\/li>\n<li>SMIC<\/li>\n<li>Sopan Sajic<\/li>\n<li>Techni PAC (Groupe Filpack)<\/li>\n<li>Groupe TONNELIER<\/li>\n<li>Groupe Tourneville Securex<\/li>\n<li>Trapinex<\/li>\n<\/div>\n<\/ul>\n<\/div>\n<\/div>\n\n\n\n<p><\/p>\n","protected":false},"excerpt":{"rendered":"<p>Etant coordinatrice depuis 4 ans de diff\u00e9rentes lignes de production, j\u2019avais un outil de planification peu adapt\u00e9 \u00e0 notre activit\u00e9, peu convivial et pour lequel une \u00e9dition de rapport me prenait environ 2 h car cela n\u00e9cessitait la compilation d\u2019informations issues de multitudes fichiers Excel\u00a0!<br \/>Depuis seulement 2 mois j\u2019utilise Direct Planning, et je suis d\u00e9j\u00e0 convaincue\u00a0! C\u2019est l\u2019outil id\u00e9al car il est intuitif et facile d\u2019utilisation.<br \/>Il s\u2019adapte \u00e0 nos besoins et avec lequel on peut renseigner diff\u00e9rentes caract\u00e9ristiques et donc faire un suivi ais\u00e9, pr\u00e9cis et rapide. Le fait d\u2019avoir \u00e0 l\u2019\u00e9cran toutes les lignes de production en m\u00eame temps est un vrai plus.<br \/>Le d\u00e9veloppement de diff\u00e9rentes interfaces permet la mise \u00e0 jour rapide et automatique du planning \u00e0 tout moment de la journ\u00e9e, les rapports, histogrammes sont r\u00e9alis\u00e9s rapidement et permettent une meilleure communication aux \u00e9quipes de production et aux clients.<br \/>Direct planning m\u2019a permis d\u2019\u00eatre efficace en termes de fiabilit\u00e9 du planning, de r\u00e9activit\u00e9, de prise de d\u00e9cision et facilite le suivi quotidien des indicateurs de mesure.<\/p>\n","protected":false},"author":11,"featured_media":0,"parent":0,"menu_order":0,"comment_status":"closed","ping_status":"closed","template":"","meta":{"footnotes":""},"class_list":["post-6390","page","type-page","status-publish","hentry"],"yoast_head":"<!-- This site is optimized with the Yoast SEO plugin v27.5 - https:\/\/yoast.com\/product\/yoast-seo-wordpress\/ -->\n<title>Nos clients et t\u00e9moignages - Direct Planning<\/title>\n<meta name=\"robots\" content=\"index, follow, max-snippet:-1, max-image-preview:large, max-video-preview:-1\" \/>\n<link rel=\"canonical\" href=\"https:\/\/www.directplanning.com\/fr\/nos-clients-et-temoignages\/\" \/>\n<meta property=\"og:locale\" content=\"fr_FR\" \/>\n<meta property=\"og:type\" content=\"article\" \/>\n<meta property=\"og:title\" content=\"Nos clients et t\u00e9moignages - Direct Planning\" \/>\n<meta property=\"og:description\" content=\"Etant coordinatrice depuis 4 ans de diff\u00e9rentes lignes de production, j\u2019avais un outil de planification peu adapt\u00e9 \u00e0 notre activit\u00e9, peu convivial et pour lequel une \u00e9dition de rapport me prenait environ 2 h car cela n\u00e9cessitait la compilation d\u2019informations issues de multitudes fichiers Excel\u00a0!Depuis seulement 2 mois j\u2019utilise Direct Planning, et je suis d\u00e9j\u00e0 convaincue\u00a0! C\u2019est l\u2019outil id\u00e9al car il est intuitif et facile d\u2019utilisation.Il s\u2019adapte \u00e0 nos besoins et avec lequel on peut renseigner diff\u00e9rentes caract\u00e9ristiques et donc faire un suivi ais\u00e9, pr\u00e9cis et rapide. Le fait d\u2019avoir \u00e0 l\u2019\u00e9cran toutes les lignes de production en m\u00eame temps est un vrai plus.Le d\u00e9veloppement de diff\u00e9rentes interfaces permet la mise \u00e0 jour rapide et automatique du planning \u00e0 tout moment de la journ\u00e9e, les rapports, histogrammes sont r\u00e9alis\u00e9s rapidement et permettent une meilleure communication aux \u00e9quipes de production et aux clients.Direct planning m\u2019a permis d\u2019\u00eatre efficace en termes de fiabilit\u00e9 du planning, de r\u00e9activit\u00e9, de prise de d\u00e9cision et facilite le suivi quotidien des indicateurs de mesure.\" \/>\n<meta property=\"og:url\" content=\"https:\/\/www.directplanning.com\/fr\/nos-clients-et-temoignages\/\" \/>\n<meta property=\"og:site_name\" content=\"Direct Planning\" \/>\n<meta property=\"article:modified_time\" content=\"2025-11-24T07:44:53+00:00\" \/>\n<meta property=\"og:image\" content=\"https:\/\/www.directplanning.com\/wp-content\/uploads\/2016\/06\/references-machines.png\" \/>\n<meta name=\"twitter:card\" content=\"summary_large_image\" \/>\n<meta name=\"twitter:site\" content=\"@Direct_Planning\" \/>\n<meta name=\"twitter:label1\" content=\"Dur\u00e9e de lecture estim\u00e9e\" \/>\n\t<meta name=\"twitter:data1\" content=\"3 minutes\" \/>\n<script type=\"application\/ld+json\" class=\"yoast-schema-graph\">{\"@context\":\"https:\\\/\\\/schema.org\",\"@graph\":[{\"@type\":\"WebPage\",\"@id\":\"https:\\\/\\\/www.directplanning.com\\\/fr\\\/nos-clients-et-temoignages\\\/\",\"url\":\"https:\\\/\\\/www.directplanning.com\\\/fr\\\/nos-clients-et-temoignages\\\/\",\"name\":\"Nos clients et t\u00e9moignages - Direct Planning\",\"isPartOf\":{\"@id\":\"https:\\\/\\\/www.directplanning.com\\\/fr\\\/#website\"},\"primaryImageOfPage\":{\"@id\":\"https:\\\/\\\/www.directplanning.com\\\/fr\\\/nos-clients-et-temoignages\\\/#primaryimage\"},\"image\":{\"@id\":\"https:\\\/\\\/www.directplanning.com\\\/fr\\\/nos-clients-et-temoignages\\\/#primaryimage\"},\"thumbnailUrl\":\"https:\\\/\\\/www.directplanning.com\\\/wp-content\\\/uploads\\\/2016\\\/06\\\/references-machines.png\",\"datePublished\":\"2025-11-07T15:01:07+00:00\",\"dateModified\":\"2025-11-24T07:44:53+00:00\",\"breadcrumb\":{\"@id\":\"https:\\\/\\\/www.directplanning.com\\\/fr\\\/nos-clients-et-temoignages\\\/#breadcrumb\"},\"inLanguage\":\"fr-FR\",\"potentialAction\":[{\"@type\":\"ReadAction\",\"target\":[\"https:\\\/\\\/www.directplanning.com\\\/fr\\\/nos-clients-et-temoignages\\\/\"]}]},{\"@type\":\"ImageObject\",\"inLanguage\":\"fr-FR\",\"@id\":\"https:\\\/\\\/www.directplanning.com\\\/fr\\\/nos-clients-et-temoignages\\\/#primaryimage\",\"url\":\"https:\\\/\\\/www.directplanning.com\\\/wp-content\\\/uploads\\\/2016\\\/06\\\/references-machines.png\",\"contentUrl\":\"https:\\\/\\\/www.directplanning.com\\\/wp-content\\\/uploads\\\/2016\\\/06\\\/references-machines.png\"},{\"@type\":\"BreadcrumbList\",\"@id\":\"https:\\\/\\\/www.directplanning.com\\\/fr\\\/nos-clients-et-temoignages\\\/#breadcrumb\",\"itemListElement\":[{\"@type\":\"ListItem\",\"position\":1,\"name\":\"Accueil\",\"item\":\"https:\\\/\\\/www.directplanning.com\\\/fr\\\/\"},{\"@type\":\"ListItem\",\"position\":2,\"name\":\"Nos clients et t\u00e9moignages\"}]},{\"@type\":\"WebSite\",\"@id\":\"https:\\\/\\\/www.directplanning.com\\\/fr\\\/#website\",\"url\":\"https:\\\/\\\/www.directplanning.com\\\/fr\\\/\",\"name\":\"Directplanning.com\",\"description\":\"Optimisez votre planning de production. Outil de planification intuitif et complet pour les entreprises et industries. Essai gratuit en ligne\",\"publisher\":{\"@id\":\"https:\\\/\\\/www.directplanning.com\\\/fr\\\/#organization\"},\"potentialAction\":[{\"@type\":\"SearchAction\",\"target\":{\"@type\":\"EntryPoint\",\"urlTemplate\":\"https:\\\/\\\/www.directplanning.com\\\/fr\\\/?s={search_term_string}\"},\"query-input\":{\"@type\":\"PropertyValueSpecification\",\"valueRequired\":true,\"valueName\":\"search_term_string\"}}],\"inLanguage\":\"fr-FR\"},{\"@type\":\"Organization\",\"@id\":\"https:\\\/\\\/www.directplanning.com\\\/fr\\\/#organization\",\"name\":\"Direct Planning\",\"alternateName\":\"DP\",\"url\":\"https:\\\/\\\/www.directplanning.com\\\/fr\\\/\",\"logo\":{\"@type\":\"ImageObject\",\"inLanguage\":\"fr-FR\",\"@id\":\"https:\\\/\\\/www.directplanning.com\\\/fr\\\/#\\\/schema\\\/logo\\\/image\\\/\",\"url\":\"https:\\\/\\\/www.directplanning.com\\\/wp-content\\\/uploads\\\/2023\\\/08\\\/DirectPlanIcone.bmp\",\"contentUrl\":\"https:\\\/\\\/www.directplanning.com\\\/wp-content\\\/uploads\\\/2023\\\/08\\\/DirectPlanIcone.bmp\",\"width\":320,\"height\":355,\"caption\":\"Direct Planning\"},\"image\":{\"@id\":\"https:\\\/\\\/www.directplanning.com\\\/fr\\\/#\\\/schema\\\/logo\\\/image\\\/\"},\"sameAs\":[\"https:\\\/\\\/x.com\\\/Direct_Planning\",\"https:\\\/\\\/www.linkedin.com\\\/showcase\\\/direct-planning\\\/posts\\\/?feedView=all\",\"https:\\\/\\\/www.youtube.com\\\/user\\\/VolumeSoftware\"]}]}<\/script>\n<!-- \/ Yoast SEO plugin. -->","yoast_head_json":{"title":"Nos clients et t\u00e9moignages - Direct Planning","robots":{"index":"index","follow":"follow","max-snippet":"max-snippet:-1","max-image-preview":"max-image-preview:large","max-video-preview":"max-video-preview:-1"},"canonical":"https:\/\/www.directplanning.com\/fr\/nos-clients-et-temoignages\/","og_locale":"fr_FR","og_type":"article","og_title":"Nos clients et t\u00e9moignages - Direct Planning","og_description":"Etant coordinatrice depuis 4 ans de diff\u00e9rentes lignes de production, j\u2019avais un outil de planification peu adapt\u00e9 \u00e0 notre activit\u00e9, peu convivial et pour lequel une \u00e9dition de rapport me prenait environ 2 h car cela n\u00e9cessitait la compilation d\u2019informations issues de multitudes fichiers Excel\u00a0!Depuis seulement 2 mois j\u2019utilise Direct Planning, et je suis d\u00e9j\u00e0 convaincue\u00a0! C\u2019est l\u2019outil id\u00e9al car il est intuitif et facile d\u2019utilisation.Il s\u2019adapte \u00e0 nos besoins et avec lequel on peut renseigner diff\u00e9rentes caract\u00e9ristiques et donc faire un suivi ais\u00e9, pr\u00e9cis et rapide. Le fait d\u2019avoir \u00e0 l\u2019\u00e9cran toutes les lignes de production en m\u00eame temps est un vrai plus.Le d\u00e9veloppement de diff\u00e9rentes interfaces permet la mise \u00e0 jour rapide et automatique du planning \u00e0 tout moment de la journ\u00e9e, les rapports, histogrammes sont r\u00e9alis\u00e9s rapidement et permettent une meilleure communication aux \u00e9quipes de production et aux clients.Direct planning m\u2019a permis d\u2019\u00eatre efficace en termes de fiabilit\u00e9 du planning, de r\u00e9activit\u00e9, de prise de d\u00e9cision et facilite le suivi quotidien des indicateurs de mesure.","og_url":"https:\/\/www.directplanning.com\/fr\/nos-clients-et-temoignages\/","og_site_name":"Direct Planning","article_modified_time":"2025-11-24T07:44:53+00:00","og_image":[{"url":"https:\/\/www.directplanning.com\/wp-content\/uploads\/2016\/06\/references-machines.png","type":"","width":"","height":""}],"twitter_card":"summary_large_image","twitter_site":"@Direct_Planning","twitter_misc":{"Dur\u00e9e de lecture estim\u00e9e":"3 minutes"},"schema":{"@context":"https:\/\/schema.org","@graph":[{"@type":"WebPage","@id":"https:\/\/www.directplanning.com\/fr\/nos-clients-et-temoignages\/","url":"https:\/\/www.directplanning.com\/fr\/nos-clients-et-temoignages\/","name":"Nos clients et t\u00e9moignages - Direct Planning","isPartOf":{"@id":"https:\/\/www.directplanning.com\/fr\/#website"},"primaryImageOfPage":{"@id":"https:\/\/www.directplanning.com\/fr\/nos-clients-et-temoignages\/#primaryimage"},"image":{"@id":"https:\/\/www.directplanning.com\/fr\/nos-clients-et-temoignages\/#primaryimage"},"thumbnailUrl":"https:\/\/www.directplanning.com\/wp-content\/uploads\/2016\/06\/references-machines.png","datePublished":"2025-11-07T15:01:07+00:00","dateModified":"2025-11-24T07:44:53+00:00","breadcrumb":{"@id":"https:\/\/www.directplanning.com\/fr\/nos-clients-et-temoignages\/#breadcrumb"},"inLanguage":"fr-FR","potentialAction":[{"@type":"ReadAction","target":["https:\/\/www.directplanning.com\/fr\/nos-clients-et-temoignages\/"]}]},{"@type":"ImageObject","inLanguage":"fr-FR","@id":"https:\/\/www.directplanning.com\/fr\/nos-clients-et-temoignages\/#primaryimage","url":"https:\/\/www.directplanning.com\/wp-content\/uploads\/2016\/06\/references-machines.png","contentUrl":"https:\/\/www.directplanning.com\/wp-content\/uploads\/2016\/06\/references-machines.png"},{"@type":"BreadcrumbList","@id":"https:\/\/www.directplanning.com\/fr\/nos-clients-et-temoignages\/#breadcrumb","itemListElement":[{"@type":"ListItem","position":1,"name":"Accueil","item":"https:\/\/www.directplanning.com\/fr\/"},{"@type":"ListItem","position":2,"name":"Nos clients et t\u00e9moignages"}]},{"@type":"WebSite","@id":"https:\/\/www.directplanning.com\/fr\/#website","url":"https:\/\/www.directplanning.com\/fr\/","name":"Directplanning.com","description":"Optimisez votre planning de production. Outil de planification intuitif et complet pour les entreprises et industries. Essai gratuit en ligne","publisher":{"@id":"https:\/\/www.directplanning.com\/fr\/#organization"},"potentialAction":[{"@type":"SearchAction","target":{"@type":"EntryPoint","urlTemplate":"https:\/\/www.directplanning.com\/fr\/?s={search_term_string}"},"query-input":{"@type":"PropertyValueSpecification","valueRequired":true,"valueName":"search_term_string"}}],"inLanguage":"fr-FR"},{"@type":"Organization","@id":"https:\/\/www.directplanning.com\/fr\/#organization","name":"Direct Planning","alternateName":"DP","url":"https:\/\/www.directplanning.com\/fr\/","logo":{"@type":"ImageObject","inLanguage":"fr-FR","@id":"https:\/\/www.directplanning.com\/fr\/#\/schema\/logo\/image\/","url":"https:\/\/www.directplanning.com\/wp-content\/uploads\/2023\/08\/DirectPlanIcone.bmp","contentUrl":"https:\/\/www.directplanning.com\/wp-content\/uploads\/2023\/08\/DirectPlanIcone.bmp","width":320,"height":355,"caption":"Direct Planning"},"image":{"@id":"https:\/\/www.directplanning.com\/fr\/#\/schema\/logo\/image\/"},"sameAs":["https:\/\/x.com\/Direct_Planning","https:\/\/www.linkedin.com\/showcase\/direct-planning\/posts\/?feedView=all","https:\/\/www.youtube.com\/user\/VolumeSoftware"]}]}},"_links":{"self":[{"href":"https:\/\/www.directplanning.com\/fr\/wp-json\/wp\/v2\/pages\/6390","targetHints":{"allow":["GET"]}}],"collection":[{"href":"https:\/\/www.directplanning.com\/fr\/wp-json\/wp\/v2\/pages"}],"about":[{"href":"https:\/\/www.directplanning.com\/fr\/wp-json\/wp\/v2\/types\/page"}],"author":[{"embeddable":true,"href":"https:\/\/www.directplanning.com\/fr\/wp-json\/wp\/v2\/users\/11"}],"replies":[{"embeddable":true,"href":"https:\/\/www.directplanning.com\/fr\/wp-json\/wp\/v2\/comments?post=6390"}],"version-history":[{"count":4,"href":"https:\/\/www.directplanning.com\/fr\/wp-json\/wp\/v2\/pages\/6390\/revisions"}],"predecessor-version":[{"id":6416,"href":"https:\/\/www.directplanning.com\/fr\/wp-json\/wp\/v2\/pages\/6390\/revisions\/6416"}],"wp:attachment":[{"href":"https:\/\/www.directplanning.com\/fr\/wp-json\/wp\/v2\/media?parent=6390"}],"curies":[{"name":"wp","href":"https:\/\/api.w.org\/{rel}","templated":true}]}}