{"id":594,"date":"2012-04-11T13:44:31","date_gmt":"2012-04-11T13:44:31","guid":{"rendered":"https:\/\/www.directplanning.com\/?page_id=594"},"modified":"2025-10-03T11:26:25","modified_gmt":"2025-10-03T09:26:25","slug":"planning-industrie-affichages-personnalisables","status":"publish","type":"page","link":"https:\/\/www.directplanning.com\/fr\/planning-industrie\/planning-industrie-fonctionnalites\/planning-industrie-affichages-personnalisables\/","title":{"rendered":"Planning Industrie &#8211; Affichages personnalisables"},"content":{"rendered":"\n<p>Dans <strong>Direct Planning<\/strong> vous pouvez compl\u00e8tement configurer l&#8217;affichage du planning selon vos besoins. Vous pouvez m\u00eame configurer des <strong>modes d&#8217;affichages<\/strong> d\u00e9di\u00e9s \u00e0 des profils utilisateurs.<\/p>\n\n\n\n<!--more-->\n\n\n\n<p>&nbsp; Par exemple :<\/p>\n\n\n\n<ul class=\"wp-block-list\">\n<li>le mode d&#8217;affichage principal d\u00e9di\u00e9 au planificateur<\/li>\n\n\n\n<li>un mode d&#8217;affichage <strong>d\u00e9di\u00e9 au conducteur d&#8217;une machine<\/strong> donn\u00e9e. Dans sa vue du planning, il ne verra que sa ou ses machines sur un horizon temporel limit\u00e9 ; par exemple la semaine en cours.<\/li>\n\n\n\n<li>un <strong>mode d&#8217;affichage &#8220;commercial&#8221;<\/strong> d\u00e9di\u00e9 aux assistantes commerciales qui disposeront d&#8217;une vue adapt\u00e9e permettant de r\u00e9pondre rapidement au t\u00e9l\u00e9phone \u00e0 un client sur l&#8217;\u00e9tat d&#8217;avancement d&#8217;une commande.<\/li>\n<\/ul>\n\n\n<div class=\"wp-block-image\">\n<figure class=\"aligncenter\"><a href=\"https:\/\/www.directplanning.com\/wp-content\/uploads\/2012\/04\/direct_planning_industrie_affichage_personnalisable.png\" data-rel=\"lightbox-image-0\" data-rl_title=\"\" data-rl_caption=\"\" title=\"\"><img decoding=\"async\" width=\"610\" height=\"350\" src=\"https:\/\/www.directplanning.com\/wp-content\/uploads\/2012\/04\/direct_planning_industrie_affichage_personnalisable-610x350.png\" alt=\"Direct Planning Industrie - Affichage personnalisable\" class=\"wp-image-1436\" srcset=\"https:\/\/www.directplanning.com\/wp-content\/uploads\/2012\/04\/direct_planning_industrie_affichage_personnalisable-610x350.png 610w, https:\/\/www.directplanning.com\/wp-content\/uploads\/2012\/04\/direct_planning_industrie_affichage_personnalisable-312x179.png 312w, https:\/\/www.directplanning.com\/wp-content\/uploads\/2012\/04\/direct_planning_industrie_affichage_personnalisable-156x89.png 156w, https:\/\/www.directplanning.com\/wp-content\/uploads\/2012\/04\/direct_planning_industrie_affichage_personnalisable-768x441.png 768w, https:\/\/www.directplanning.com\/wp-content\/uploads\/2012\/04\/direct_planning_industrie_affichage_personnalisable-1536x882.png 1536w, https:\/\/www.directplanning.com\/wp-content\/uploads\/2012\/04\/direct_planning_industrie_affichage_personnalisable-810x465.png 810w, https:\/\/www.directplanning.com\/wp-content\/uploads\/2012\/04\/direct_planning_industrie_affichage_personnalisable-1140x655.png 1140w, https:\/\/www.directplanning.com\/wp-content\/uploads\/2012\/04\/direct_planning_industrie_affichage_personnalisable.png 1680w\" sizes=\"(max-width: 610px) 100vw, 610px\" \/><\/a><figcaption class=\"wp-element-caption\">Direct Planning Industrie &#8211; Affichage personnalisable &#8211; Coloration fonction des \u00e9l\u00e9ments techniques<\/figcaption><\/figure><\/div>\n\n\n<h2 class=\"wp-block-heading\">Visuel des t\u00e2ches configurable<\/h2>\n\n\n\n<p>Au travers de diff\u00e9rents modes d&#8217;affichage, vous pouvez configurer diff\u00e9rents aspects visuels pour les t\u00e2ches du planning.<\/p>\n\n\n\n<h3 class=\"wp-block-heading\">Texte et nombre de lignes configurables<\/h3>\n\n\n\n<p>Chaque t\u00e2che peut contenir de <strong>1 \u00e0 5 lignes de texte<\/strong>. Chaque ligne de texte peut contenir jusqu&#8217;\u00e0 3 donn\u00e9es concat\u00e9n\u00e9es. Exemple : Nom du client, Num\u00e9ro d&#8217;OF, Quantit\u00e9 pr\u00e9vue, libell\u00e9 de l&#8217;op\u00e9ration, Code article, type de process, etc.<br>Tous ces \u00e9l\u00e9ments sont par ailleurs <a title=\"Planning Industrie \u2013 Configurable pour votre m\u00e9tier\" href=\"https:\/\/www.directplanning.com\/fr\/planning-industrie\/planning-industrie-fonctionnalites\/planning-industrie-configurable-pour-votre-metier\/\">configurables selon votre m\u00e9tier<\/a>.<\/p>\n\n\n\n<p>La taille de la police de caract\u00e8res est \u00e9galement configurable.<\/p>\n\n\n\n<h3 class=\"wp-block-heading\">M\u00e9thode de coloration configurable<\/h3>\n\n\n\n<p>Vous pouvez <strong>colorer les t\u00e2ches du planning<\/strong> automatiquement selon des \u00e9l\u00e9ments <strong>commerciaux<\/strong> (par client, par ordre de fabrication, par priorit\u00e9, etc) ou selon des \u00e9l\u00e9ments <strong>techniques<\/strong> (le type d&#8217;impression, le type de mati\u00e8re, le mode de fonctionnement de la machine, etc).<\/p>\n\n\n\n<p>Sur une t\u00e2che comportant 5 lignes de texte, vous pouvez par exemple choisir de colorer sp\u00e9cifiquement <strong>la 5\u00e8me ligne <\/strong>selon un autre crit\u00e8re.<\/p>\n\n\n\n<h3 class=\"wp-block-heading\">S\u00e9lection des marqueurs affich\u00e9s<\/h3>\n\n\n\n<p>Dans <strong>Direct Planning<\/strong>, les <a title=\"Planning Industrie \u2013 Les marqueurs visuels\" href=\"https:\/\/www.directplanning.com\/fr\/planning-industrie\/planning-industrie-fonctionnalites\/planning-industrie-marqueurs-visuels\/\">marqueurs visuels<\/a> jouent un r\u00f4le important. Pour un mode d&#8217;affichage donn\u00e9, vous pouvez choisir de ne pas afficher certains marqueurs. Typiquement pour un mode d&#8217;affichage d\u00e9di\u00e9 \u00e0 un op\u00e9rateur sur une machine donn\u00e9e, vous pouvez choisir d&#8217;exclure les marqueurs qui ne concernent pas son activit\u00e9.<\/p>\n\n\n\n<h3 class=\"wp-block-heading\">Formules programmables<\/h3>\n\n\n\n<p>Les <a href=\"https:\/\/www.directplanning.com\/fr\/planning-industrie\/planning-industrie-fonctionnalites\/les-formules-programmables\/\">formules programmables<\/a> permettent de personnaliser les couleurs, les textes, les calculs de temps pour \u00eatre en ad\u00e9quation avec vos r\u00e8gles m\u00e9tiers.<\/p>\n\n\n\n<h2 class=\"wp-block-heading\">\u00c9chelles de temps configurables<\/h2>\n\n\n\n<p>Dans Direct Planning l&#8217;utilisateur dispose de <strong>5 \u00e9chelles de temps<\/strong> qui permettent de visualiser le planning avec diff\u00e9rents niveaux de zoom. Via les modes d&#8217;affichages, vous pouvez configurer le niveau de zoom de chacune de ces \u00e9chelles de temps.<\/p>\n\n\n\n<h3 class=\"wp-block-heading\">\u00c9chelle de temps condens\u00e9e<\/h3>\n\n\n\n<p>La fonction &#8220;\u00e9chelle de temps condens\u00e9e&#8221; permet d&#8217;optimiser la visualisation du planning en masquant les p\u00e9riodes non-travaill\u00e9es pour la soci\u00e9t\u00e9. Les samedis et les dimanches peuvent par exemple \u00eatre masqu\u00e9s si votre soci\u00e9t\u00e9 ne travaille pas le week-end. De la m\u00eame fa\u00e7on le planning peut commencer le matin \u00e0 05:00 et terminer le soir \u00e0 21:00 si vous fonctionnez en 2&#215;8.<\/p>\n\n\n\n<h2 class=\"wp-block-heading\">Restriction d&#8217;affichage<\/h2>\n\n\n\n<p>Comme \u00e9voqu\u00e9 en introduction de cette page, <strong>Direct Planning<\/strong> autorise la cr\u00e9ation de modes d&#8217;affichages restreignant la visualisation du planning \u00e0 une s\u00e9lection de machines ou de sections atelier.<\/p>\n\n\n\n<p>De la m\u00eame fa\u00e7on, il est possible de restreindre l&#8217;horizon d&#8217;affichage du planning.<\/p>\n\n\n\n<p class=\"has-text-align-center\"><a class=\"mks_button mks_button_medium rounded\" href=\"https:\/\/www.directplanning.com\/fr\/planning-industrie\/planning-industrie-fonctionnalites\/\" target=\"_self\" style=\"color: #FFFFFF; background-color: #1e73be;\" > Les fonctionnalit\u00e9s Planning Industrie <\/a>\n","protected":false},"excerpt":{"rendered":"<p>Dans Direct Planning vous pouvez compl\u00e8tement configurer l&#8217;affichage du planning selon vos besoins. Vous pouvez m\u00eame configurer des modes d&#8217;affichages d\u00e9di\u00e9s \u00e0 des profils utilisateurs.<\/p>\n","protected":false},"author":2,"featured_media":1436,"parent":516,"menu_order":90,"comment_status":"open","ping_status":"closed","template":"","meta":{"footnotes":""},"class_list":["post-594","page","type-page","status-publish","has-post-thumbnail","hentry"],"yoast_head":"<!-- This site is optimized with the Yoast SEO plugin v27.4 - https:\/\/yoast.com\/product\/yoast-seo-wordpress\/ -->\n<title>Planning Industrie - Affichages personnalisables - Direct Planning<\/title>\n<meta name=\"description\" content=\"Configurez votre planning avec des affichages personnalisables, couleurs conditionnelles et \u00e9chelles de temps ajustables.\" \/>\n<meta name=\"robots\" content=\"index, follow, max-snippet:-1, max-image-preview:large, max-video-preview:-1\" \/>\n<link rel=\"canonical\" href=\"https:\/\/www.directplanning.com\/fr\/planning-industrie\/planning-industrie-fonctionnalites\/planning-industrie-affichages-personnalisables\/\" \/>\n<meta property=\"og:locale\" content=\"fr_FR\" \/>\n<meta property=\"og:type\" content=\"article\" \/>\n<meta property=\"og:title\" content=\"Planning Industrie - Affichages personnalisables - Direct Planning\" \/>\n<meta property=\"og:description\" content=\"Configurez votre planning avec des affichages personnalisables, couleurs conditionnelles et \u00e9chelles de temps ajustables.\" \/>\n<meta property=\"og:url\" content=\"https:\/\/www.directplanning.com\/fr\/planning-industrie\/planning-industrie-fonctionnalites\/planning-industrie-affichages-personnalisables\/\" \/>\n<meta property=\"og:site_name\" content=\"Direct Planning\" \/>\n<meta property=\"article:modified_time\" content=\"2025-10-03T09:26:25+00:00\" \/>\n<meta property=\"og:image\" content=\"https:\/\/www.directplanning.com\/wp-content\/uploads\/2012\/04\/direct_planning_industrie_affichage_personnalisable.png\" \/>\n\t<meta property=\"og:image:width\" content=\"1680\" \/>\n\t<meta property=\"og:image:height\" content=\"965\" \/>\n\t<meta property=\"og:image:type\" content=\"image\/png\" \/>\n<meta name=\"twitter:card\" content=\"summary_large_image\" \/>\n<meta name=\"twitter:site\" content=\"@Direct_Planning\" \/>\n<meta name=\"twitter:label1\" content=\"Dur\u00e9e de lecture estim\u00e9e\" \/>\n\t<meta name=\"twitter:data1\" content=\"3 minutes\" \/>\n<script type=\"application\/ld+json\" class=\"yoast-schema-graph\">{\"@context\":\"https:\\\/\\\/schema.org\",\"@graph\":[{\"@type\":\"WebPage\",\"@id\":\"https:\\\/\\\/www.directplanning.com\\\/fr\\\/planning-industrie\\\/planning-industrie-fonctionnalites\\\/planning-industrie-affichages-personnalisables\\\/\",\"url\":\"https:\\\/\\\/www.directplanning.com\\\/fr\\\/planning-industrie\\\/planning-industrie-fonctionnalites\\\/planning-industrie-affichages-personnalisables\\\/\",\"name\":\"Planning Industrie - Affichages personnalisables - Direct Planning\",\"isPartOf\":{\"@id\":\"https:\\\/\\\/www.directplanning.com\\\/fr\\\/#website\"},\"primaryImageOfPage\":{\"@id\":\"https:\\\/\\\/www.directplanning.com\\\/fr\\\/planning-industrie\\\/planning-industrie-fonctionnalites\\\/planning-industrie-affichages-personnalisables\\\/#primaryimage\"},\"image\":{\"@id\":\"https:\\\/\\\/www.directplanning.com\\\/fr\\\/planning-industrie\\\/planning-industrie-fonctionnalites\\\/planning-industrie-affichages-personnalisables\\\/#primaryimage\"},\"thumbnailUrl\":\"https:\\\/\\\/www.directplanning.com\\\/wp-content\\\/uploads\\\/2012\\\/04\\\/direct_planning_industrie_affichage_personnalisable.png\",\"datePublished\":\"2012-04-11T13:44:31+00:00\",\"dateModified\":\"2025-10-03T09:26:25+00:00\",\"description\":\"Configurez votre planning avec des affichages personnalisables, couleurs conditionnelles et \u00e9chelles de temps ajustables.\",\"breadcrumb\":{\"@id\":\"https:\\\/\\\/www.directplanning.com\\\/fr\\\/planning-industrie\\\/planning-industrie-fonctionnalites\\\/planning-industrie-affichages-personnalisables\\\/#breadcrumb\"},\"inLanguage\":\"fr-FR\",\"potentialAction\":[{\"@type\":\"ReadAction\",\"target\":[\"https:\\\/\\\/www.directplanning.com\\\/fr\\\/planning-industrie\\\/planning-industrie-fonctionnalites\\\/planning-industrie-affichages-personnalisables\\\/\"]}]},{\"@type\":\"ImageObject\",\"inLanguage\":\"fr-FR\",\"@id\":\"https:\\\/\\\/www.directplanning.com\\\/fr\\\/planning-industrie\\\/planning-industrie-fonctionnalites\\\/planning-industrie-affichages-personnalisables\\\/#primaryimage\",\"url\":\"https:\\\/\\\/www.directplanning.com\\\/wp-content\\\/uploads\\\/2012\\\/04\\\/direct_planning_industrie_affichage_personnalisable.png\",\"contentUrl\":\"https:\\\/\\\/www.directplanning.com\\\/wp-content\\\/uploads\\\/2012\\\/04\\\/direct_planning_industrie_affichage_personnalisable.png\",\"width\":1680,\"height\":965,\"caption\":\"Direct Planning Industrie - Affichage personnalisable - Coloration fonction des \u00e9l\u00e9ments techniques\"},{\"@type\":\"BreadcrumbList\",\"@id\":\"https:\\\/\\\/www.directplanning.com\\\/fr\\\/planning-industrie\\\/planning-industrie-fonctionnalites\\\/planning-industrie-affichages-personnalisables\\\/#breadcrumb\",\"itemListElement\":[{\"@type\":\"ListItem\",\"position\":1,\"name\":\"Accueil\",\"item\":\"https:\\\/\\\/www.directplanning.com\\\/fr\\\/\"},{\"@type\":\"ListItem\",\"position\":2,\"name\":\"Direct Planning Industrie\",\"item\":\"https:\\\/\\\/www.directplanning.com\\\/fr\\\/planning-industrie\\\/\"},{\"@type\":\"ListItem\",\"position\":3,\"name\":\"Planning Industrie &#8211; Fonctionnalit\u00e9s\",\"item\":\"https:\\\/\\\/www.directplanning.com\\\/fr\\\/planning-industrie\\\/planning-industrie-fonctionnalites\\\/\"},{\"@type\":\"ListItem\",\"position\":4,\"name\":\"Planning Industrie &#8211; Affichages personnalisables\"}]},{\"@type\":\"WebSite\",\"@id\":\"https:\\\/\\\/www.directplanning.com\\\/fr\\\/#website\",\"url\":\"https:\\\/\\\/www.directplanning.com\\\/fr\\\/\",\"name\":\"Directplanning.com\",\"description\":\"Optimisez votre planning de production. Outil de planification intuitif et complet pour les entreprises et industries. Essai gratuit en ligne\",\"publisher\":{\"@id\":\"https:\\\/\\\/www.directplanning.com\\\/fr\\\/#organization\"},\"potentialAction\":[{\"@type\":\"SearchAction\",\"target\":{\"@type\":\"EntryPoint\",\"urlTemplate\":\"https:\\\/\\\/www.directplanning.com\\\/fr\\\/?s={search_term_string}\"},\"query-input\":{\"@type\":\"PropertyValueSpecification\",\"valueRequired\":true,\"valueName\":\"search_term_string\"}}],\"inLanguage\":\"fr-FR\"},{\"@type\":\"Organization\",\"@id\":\"https:\\\/\\\/www.directplanning.com\\\/fr\\\/#organization\",\"name\":\"Direct Planning\",\"alternateName\":\"DP\",\"url\":\"https:\\\/\\\/www.directplanning.com\\\/fr\\\/\",\"logo\":{\"@type\":\"ImageObject\",\"inLanguage\":\"fr-FR\",\"@id\":\"https:\\\/\\\/www.directplanning.com\\\/fr\\\/#\\\/schema\\\/logo\\\/image\\\/\",\"url\":\"https:\\\/\\\/www.directplanning.com\\\/wp-content\\\/uploads\\\/2023\\\/08\\\/DirectPlanIcone.bmp\",\"contentUrl\":\"https:\\\/\\\/www.directplanning.com\\\/wp-content\\\/uploads\\\/2023\\\/08\\\/DirectPlanIcone.bmp\",\"width\":320,\"height\":355,\"caption\":\"Direct Planning\"},\"image\":{\"@id\":\"https:\\\/\\\/www.directplanning.com\\\/fr\\\/#\\\/schema\\\/logo\\\/image\\\/\"},\"sameAs\":[\"https:\\\/\\\/x.com\\\/Direct_Planning\",\"https:\\\/\\\/www.linkedin.com\\\/showcase\\\/direct-planning\\\/posts\\\/?feedView=all\",\"https:\\\/\\\/www.youtube.com\\\/user\\\/VolumeSoftware\"]}]}<\/script>\n<!-- \/ Yoast SEO plugin. -->","yoast_head_json":{"title":"Planning Industrie - Affichages personnalisables - Direct Planning","description":"Configurez votre planning avec des affichages personnalisables, couleurs conditionnelles et \u00e9chelles de temps ajustables.","robots":{"index":"index","follow":"follow","max-snippet":"max-snippet:-1","max-image-preview":"max-image-preview:large","max-video-preview":"max-video-preview:-1"},"canonical":"https:\/\/www.directplanning.com\/fr\/planning-industrie\/planning-industrie-fonctionnalites\/planning-industrie-affichages-personnalisables\/","og_locale":"fr_FR","og_type":"article","og_title":"Planning Industrie - Affichages personnalisables - Direct Planning","og_description":"Configurez votre planning avec des affichages personnalisables, couleurs conditionnelles et \u00e9chelles de temps ajustables.","og_url":"https:\/\/www.directplanning.com\/fr\/planning-industrie\/planning-industrie-fonctionnalites\/planning-industrie-affichages-personnalisables\/","og_site_name":"Direct Planning","article_modified_time":"2025-10-03T09:26:25+00:00","og_image":[{"width":1680,"height":965,"url":"https:\/\/www.directplanning.com\/wp-content\/uploads\/2012\/04\/direct_planning_industrie_affichage_personnalisable.png","type":"image\/png"}],"twitter_card":"summary_large_image","twitter_site":"@Direct_Planning","twitter_misc":{"Dur\u00e9e de lecture estim\u00e9e":"3 minutes"},"schema":{"@context":"https:\/\/schema.org","@graph":[{"@type":"WebPage","@id":"https:\/\/www.directplanning.com\/fr\/planning-industrie\/planning-industrie-fonctionnalites\/planning-industrie-affichages-personnalisables\/","url":"https:\/\/www.directplanning.com\/fr\/planning-industrie\/planning-industrie-fonctionnalites\/planning-industrie-affichages-personnalisables\/","name":"Planning Industrie - Affichages personnalisables - Direct Planning","isPartOf":{"@id":"https:\/\/www.directplanning.com\/fr\/#website"},"primaryImageOfPage":{"@id":"https:\/\/www.directplanning.com\/fr\/planning-industrie\/planning-industrie-fonctionnalites\/planning-industrie-affichages-personnalisables\/#primaryimage"},"image":{"@id":"https:\/\/www.directplanning.com\/fr\/planning-industrie\/planning-industrie-fonctionnalites\/planning-industrie-affichages-personnalisables\/#primaryimage"},"thumbnailUrl":"https:\/\/www.directplanning.com\/wp-content\/uploads\/2012\/04\/direct_planning_industrie_affichage_personnalisable.png","datePublished":"2012-04-11T13:44:31+00:00","dateModified":"2025-10-03T09:26:25+00:00","description":"Configurez votre planning avec des affichages personnalisables, couleurs conditionnelles et \u00e9chelles de temps ajustables.","breadcrumb":{"@id":"https:\/\/www.directplanning.com\/fr\/planning-industrie\/planning-industrie-fonctionnalites\/planning-industrie-affichages-personnalisables\/#breadcrumb"},"inLanguage":"fr-FR","potentialAction":[{"@type":"ReadAction","target":["https:\/\/www.directplanning.com\/fr\/planning-industrie\/planning-industrie-fonctionnalites\/planning-industrie-affichages-personnalisables\/"]}]},{"@type":"ImageObject","inLanguage":"fr-FR","@id":"https:\/\/www.directplanning.com\/fr\/planning-industrie\/planning-industrie-fonctionnalites\/planning-industrie-affichages-personnalisables\/#primaryimage","url":"https:\/\/www.directplanning.com\/wp-content\/uploads\/2012\/04\/direct_planning_industrie_affichage_personnalisable.png","contentUrl":"https:\/\/www.directplanning.com\/wp-content\/uploads\/2012\/04\/direct_planning_industrie_affichage_personnalisable.png","width":1680,"height":965,"caption":"Direct Planning Industrie - Affichage personnalisable - Coloration fonction des \u00e9l\u00e9ments techniques"},{"@type":"BreadcrumbList","@id":"https:\/\/www.directplanning.com\/fr\/planning-industrie\/planning-industrie-fonctionnalites\/planning-industrie-affichages-personnalisables\/#breadcrumb","itemListElement":[{"@type":"ListItem","position":1,"name":"Accueil","item":"https:\/\/www.directplanning.com\/fr\/"},{"@type":"ListItem","position":2,"name":"Direct Planning Industrie","item":"https:\/\/www.directplanning.com\/fr\/planning-industrie\/"},{"@type":"ListItem","position":3,"name":"Planning Industrie &#8211; Fonctionnalit\u00e9s","item":"https:\/\/www.directplanning.com\/fr\/planning-industrie\/planning-industrie-fonctionnalites\/"},{"@type":"ListItem","position":4,"name":"Planning Industrie &#8211; Affichages personnalisables"}]},{"@type":"WebSite","@id":"https:\/\/www.directplanning.com\/fr\/#website","url":"https:\/\/www.directplanning.com\/fr\/","name":"Directplanning.com","description":"Optimisez votre planning de production. Outil de planification intuitif et complet pour les entreprises et industries. Essai gratuit en ligne","publisher":{"@id":"https:\/\/www.directplanning.com\/fr\/#organization"},"potentialAction":[{"@type":"SearchAction","target":{"@type":"EntryPoint","urlTemplate":"https:\/\/www.directplanning.com\/fr\/?s={search_term_string}"},"query-input":{"@type":"PropertyValueSpecification","valueRequired":true,"valueName":"search_term_string"}}],"inLanguage":"fr-FR"},{"@type":"Organization","@id":"https:\/\/www.directplanning.com\/fr\/#organization","name":"Direct Planning","alternateName":"DP","url":"https:\/\/www.directplanning.com\/fr\/","logo":{"@type":"ImageObject","inLanguage":"fr-FR","@id":"https:\/\/www.directplanning.com\/fr\/#\/schema\/logo\/image\/","url":"https:\/\/www.directplanning.com\/wp-content\/uploads\/2023\/08\/DirectPlanIcone.bmp","contentUrl":"https:\/\/www.directplanning.com\/wp-content\/uploads\/2023\/08\/DirectPlanIcone.bmp","width":320,"height":355,"caption":"Direct Planning"},"image":{"@id":"https:\/\/www.directplanning.com\/fr\/#\/schema\/logo\/image\/"},"sameAs":["https:\/\/x.com\/Direct_Planning","https:\/\/www.linkedin.com\/showcase\/direct-planning\/posts\/?feedView=all","https:\/\/www.youtube.com\/user\/VolumeSoftware"]}]}},"_links":{"self":[{"href":"https:\/\/www.directplanning.com\/fr\/wp-json\/wp\/v2\/pages\/594","targetHints":{"allow":["GET"]}}],"collection":[{"href":"https:\/\/www.directplanning.com\/fr\/wp-json\/wp\/v2\/pages"}],"about":[{"href":"https:\/\/www.directplanning.com\/fr\/wp-json\/wp\/v2\/types\/page"}],"author":[{"embeddable":true,"href":"https:\/\/www.directplanning.com\/fr\/wp-json\/wp\/v2\/users\/2"}],"replies":[{"embeddable":true,"href":"https:\/\/www.directplanning.com\/fr\/wp-json\/wp\/v2\/comments?post=594"}],"version-history":[{"count":0,"href":"https:\/\/www.directplanning.com\/fr\/wp-json\/wp\/v2\/pages\/594\/revisions"}],"up":[{"embeddable":true,"href":"https:\/\/www.directplanning.com\/fr\/wp-json\/wp\/v2\/pages\/516"}],"wp:featuredmedia":[{"embeddable":true,"href":"https:\/\/www.directplanning.com\/fr\/wp-json\/wp\/v2\/media\/1436"}],"wp:attachment":[{"href":"https:\/\/www.directplanning.com\/fr\/wp-json\/wp\/v2\/media?parent=594"}],"curies":[{"name":"wp","href":"https:\/\/api.w.org\/{rel}","templated":true}]}}