{"id":5573,"date":"2023-10-06T11:06:04","date_gmt":"2023-10-06T09:06:04","guid":{"rendered":"https:\/\/www.directplanning.com\/?page_id=5573"},"modified":"2025-10-03T10:55:15","modified_gmt":"2025-10-03T08:55:15","slug":"planning-industrie-recherche-dans-le-planning","status":"publish","type":"page","link":"https:\/\/www.directplanning.com\/fr\/planning-industrie\/planning-industrie-fonctionnalites\/planning-industrie-recherche-dans-le-planning\/","title":{"rendered":"Planning Industrie &#8211; Recherche dans le planning"},"content":{"rendered":"\n<h2 class=\"wp-block-heading\">Localiser des t\u00e2ches<\/h2>\n\n\n\n<p>La fonction <strong>Localiseur<\/strong> vous permet de <strong>trouver rapidement des t\u00e2ches<\/strong>. Cette recherche s&#8217;effectue selon des crit\u00e8res de date ou de statut, ou en fonction de crit\u00e8res avanc\u00e9es reposant sur vos <strong>donn\u00e9es personnalis\u00e9es<\/strong> (par ex. pour retrouver une t\u00e2che selon l&#8217;outillage utilis\u00e9).<br>Vous pouvez \u00e9galement <strong>r\u00e9cup\u00e9rer des crit\u00e8res de recherche<\/strong> en s\u00e9lectionnant une t\u00e2che, de mani\u00e8re \u00e0 obtenir une liste de t\u00e2ches analogues (par ex. pour retrouver toutes les t\u00e2ches dont le client est le m\u00eame que celui de la t\u00e2che s\u00e9lectionn\u00e9e).<br>Il est possible de <strong>combiner plusieurs crit\u00e8res de recherche<\/strong> pour affiner les r\u00e9sultats.<\/p>\n\n\n\n<h2 class=\"wp-block-heading\">Mettre des t\u00e2ches en \u00e9vidence<\/h2>\n\n\n\n<p>La mise en \u00e9vidence est une fonction tr\u00e8s pratique de <strong>Direct Planning Industrie<\/strong>. Elle permet de mettre en \u00e9vidence visuellement dans le planning un ensemble de t\u00e2ches correspondant \u00e0 un crit\u00e8re donn\u00e9. Les t\u00e2ches ne correspondant pas \u00e0 ce crit\u00e8re seront gris\u00e9es. Quelques exemples :<\/p>\n\n\n\n<ul class=\"wp-block-list\">\n<li>Les t\u00e2ches du m\u00eame client ou de la m\u00eame commande<\/li>\n\n\n\n<li>Les t\u00e2ches de la m\u00eame gamme (li\u00e9es entre elles)<\/li>\n\n\n\n<li>Les t\u00e2ches en alerte ou en retard<\/li>\n<\/ul>\n\n\n\n<p>Il est ensuite possible de <strong>naviguer tr\u00e8s rapidement entre les t\u00e2ches mises en \u00e9vidence<\/strong>. Id\u00e9al donc pour naviguer entre les <strong>t\u00e2ches d&#8217;une gamme<\/strong> ou pour parcourir rapidement l&#8217;ensemble des <strong>t\u00e2ches en retard<\/strong>.<\/p>\n\n\n\n<h2 class=\"wp-block-heading\">Filtrer des t\u00e2ches<\/h2>\n\n\n\n<p>Dans le m\u00eame esprit que la mise en \u00e9vidence qui grise les t\u00e2ches ne correspondant pas \u00e0 un crit\u00e8re, la fonction &#8220;<strong>Filtrer<\/strong>&#8221; permet de les supprimer de l&#8217;affichage courant. Ne restent donc plus \u00e0 l&#8217;\u00e9cran que les t\u00e2ches correspondant au crit\u00e8re s\u00e9lectionn\u00e9.<\/p>\n\n\n\n<h2 class=\"wp-block-heading\">Afficher la gamme courante<\/h2>\n\n\n\n<p>La fonction <strong>Gamme courante<\/strong> vous permet de r\u00e9cup\u00e9rer instantan\u00e9ment la gamme \u00e0 partir d&#8217;une t\u00e2che s\u00e9lectionn\u00e9e.<br>Une fen\u00eatre affichera la <strong>liste des autres t\u00e2ches de la gamme<\/strong>. Dans cette fen\u00eatre vous pourrez consulter diff\u00e9rentes <strong>informations sur ces t\u00e2ches<\/strong> (machine, statut, dates de d\u00e9but et de fin, &#8230;) et aurez acc\u00e8s \u00e0 <strong>diff\u00e9rentes actions<\/strong>, comme la mise en \u00e9vidence des t\u00e2ches dans le planning ou encore la modification rapide de leur \u00e9tat d&#8217;avancement.<\/p>\n\n\n\n<p>Dans cette fen\u00eatre, il est aussi possible d&#8217;afficher la gamme sous forme de diagramme de Pert. Un bouton permet le basculement entre les deux modes.<\/p>\n\n\n\n<figure class=\"wp-block-image size-full\"><img decoding=\"async\" width=\"1018\" height=\"274\" src=\"https:\/\/www.directplanning.com\/wp-content\/uploads\/2023\/10\/liste_gamme.png\" alt=\"Direct Planning Industrie - Liste des gammes\" class=\"wp-image-5599\" srcset=\"https:\/\/www.directplanning.com\/wp-content\/uploads\/2023\/10\/liste_gamme.png 1018w, https:\/\/www.directplanning.com\/wp-content\/uploads\/2023\/10\/liste_gamme-312x84.png 312w, https:\/\/www.directplanning.com\/wp-content\/uploads\/2023\/10\/liste_gamme-610x164.png 610w, https:\/\/www.directplanning.com\/wp-content\/uploads\/2023\/10\/liste_gamme-156x42.png 156w, https:\/\/www.directplanning.com\/wp-content\/uploads\/2023\/10\/liste_gamme-768x207.png 768w, https:\/\/www.directplanning.com\/wp-content\/uploads\/2023\/10\/liste_gamme-810x218.png 810w\" sizes=\"(max-width: 1018px) 100vw, 1018px\" \/><figcaption class=\"wp-element-caption\">Direct Planning Industrie &#8211; Liste des gammes<\/figcaption><\/figure>\n\n\n\n<figure class=\"wp-block-image size-full\"><img decoding=\"async\" width=\"1032\" height=\"345\" src=\"https:\/\/www.directplanning.com\/wp-content\/uploads\/2023\/10\/pert_gamme.png\" alt=\"Direct Planning Industrie - Gammes diagramme de Pert\" class=\"wp-image-5602\" srcset=\"https:\/\/www.directplanning.com\/wp-content\/uploads\/2023\/10\/pert_gamme.png 1032w, https:\/\/www.directplanning.com\/wp-content\/uploads\/2023\/10\/pert_gamme-312x104.png 312w, https:\/\/www.directplanning.com\/wp-content\/uploads\/2023\/10\/pert_gamme-610x204.png 610w, https:\/\/www.directplanning.com\/wp-content\/uploads\/2023\/10\/pert_gamme-156x52.png 156w, https:\/\/www.directplanning.com\/wp-content\/uploads\/2023\/10\/pert_gamme-768x257.png 768w, https:\/\/www.directplanning.com\/wp-content\/uploads\/2023\/10\/pert_gamme-810x271.png 810w\" sizes=\"(max-width: 1032px) 100vw, 1032px\" \/><figcaption class=\"wp-element-caption\">Direct Planning Industrie &#8211; Gammes diagramme de Pert<\/figcaption><\/figure>\n","protected":false},"excerpt":{"rendered":"<p>Localiser des t\u00e2ches La fonction Localiseur vous permet de trouver rapidement des t\u00e2ches. Cette recherche s&#8217;effectue selon des crit\u00e8res de date ou de statut, ou en fonction de crit\u00e8res avanc\u00e9es reposant sur vos donn\u00e9es personnalis\u00e9es (par ex. pour retrouver une t\u00e2che selon l&#8217;outillage utilis\u00e9).Vous pouvez \u00e9galement r\u00e9cup\u00e9rer des crit\u00e8res de recherche en s\u00e9lectionnant une t\u00e2che, [&hellip;]<\/p>\n","protected":false},"author":11,"featured_media":0,"parent":516,"menu_order":0,"comment_status":"closed","ping_status":"closed","template":"","meta":{"footnotes":""},"class_list":["post-5573","page","type-page","status-publish","hentry"],"yoast_head":"<!-- This site is optimized with the Yoast SEO plugin v27.5 - https:\/\/yoast.com\/product\/yoast-seo-wordpress\/ -->\n<title>Planning Industrie - Recherche dans le planning - Direct Planning<\/title>\n<meta name=\"description\" content=\"Recherche multicrit\u00e8re, filtres, mise en \u00e9vidence visuelle et navigation facilit\u00e9e dans votre planning industriel.\" \/>\n<meta name=\"robots\" content=\"index, follow, max-snippet:-1, max-image-preview:large, max-video-preview:-1\" \/>\n<link rel=\"canonical\" href=\"https:\/\/www.directplanning.com\/fr\/planning-industrie\/planning-industrie-fonctionnalites\/planning-industrie-recherche-dans-le-planning\/\" \/>\n<meta property=\"og:locale\" content=\"fr_FR\" \/>\n<meta property=\"og:type\" content=\"article\" \/>\n<meta property=\"og:title\" content=\"Planning Industrie - Recherche dans le planning - Direct Planning\" \/>\n<meta property=\"og:description\" content=\"Recherche multicrit\u00e8re, filtres, mise en \u00e9vidence visuelle et navigation facilit\u00e9e dans votre planning industriel.\" \/>\n<meta property=\"og:url\" content=\"https:\/\/www.directplanning.com\/fr\/planning-industrie\/planning-industrie-fonctionnalites\/planning-industrie-recherche-dans-le-planning\/\" \/>\n<meta property=\"og:site_name\" content=\"Direct Planning\" \/>\n<meta property=\"article:modified_time\" content=\"2025-10-03T08:55:15+00:00\" \/>\n<meta property=\"og:image\" content=\"https:\/\/www.directplanning.com\/wp-content\/uploads\/2023\/10\/liste_gamme.png\" \/>\n\t<meta property=\"og:image:width\" content=\"1018\" \/>\n\t<meta property=\"og:image:height\" content=\"274\" \/>\n\t<meta property=\"og:image:type\" content=\"image\/png\" \/>\n<meta name=\"twitter:card\" content=\"summary_large_image\" \/>\n<meta name=\"twitter:site\" content=\"@Direct_Planning\" \/>\n<meta name=\"twitter:label1\" content=\"Dur\u00e9e de lecture estim\u00e9e\" \/>\n\t<meta name=\"twitter:data1\" content=\"3 minutes\" \/>\n<script type=\"application\/ld+json\" class=\"yoast-schema-graph\">{\"@context\":\"https:\\\/\\\/schema.org\",\"@graph\":[{\"@type\":\"WebPage\",\"@id\":\"https:\\\/\\\/www.directplanning.com\\\/fr\\\/planning-industrie\\\/planning-industrie-fonctionnalites\\\/planning-industrie-recherche-dans-le-planning\\\/\",\"url\":\"https:\\\/\\\/www.directplanning.com\\\/fr\\\/planning-industrie\\\/planning-industrie-fonctionnalites\\\/planning-industrie-recherche-dans-le-planning\\\/\",\"name\":\"Planning Industrie - Recherche dans le planning - Direct Planning\",\"isPartOf\":{\"@id\":\"https:\\\/\\\/www.directplanning.com\\\/fr\\\/#website\"},\"primaryImageOfPage\":{\"@id\":\"https:\\\/\\\/www.directplanning.com\\\/fr\\\/planning-industrie\\\/planning-industrie-fonctionnalites\\\/planning-industrie-recherche-dans-le-planning\\\/#primaryimage\"},\"image\":{\"@id\":\"https:\\\/\\\/www.directplanning.com\\\/fr\\\/planning-industrie\\\/planning-industrie-fonctionnalites\\\/planning-industrie-recherche-dans-le-planning\\\/#primaryimage\"},\"thumbnailUrl\":\"https:\\\/\\\/www.directplanning.com\\\/wp-content\\\/uploads\\\/2023\\\/10\\\/liste_gamme.png\",\"datePublished\":\"2023-10-06T09:06:04+00:00\",\"dateModified\":\"2025-10-03T08:55:15+00:00\",\"description\":\"Recherche multicrit\u00e8re, filtres, mise en \u00e9vidence visuelle et navigation facilit\u00e9e dans votre planning industriel.\",\"breadcrumb\":{\"@id\":\"https:\\\/\\\/www.directplanning.com\\\/fr\\\/planning-industrie\\\/planning-industrie-fonctionnalites\\\/planning-industrie-recherche-dans-le-planning\\\/#breadcrumb\"},\"inLanguage\":\"fr-FR\",\"potentialAction\":[{\"@type\":\"ReadAction\",\"target\":[\"https:\\\/\\\/www.directplanning.com\\\/fr\\\/planning-industrie\\\/planning-industrie-fonctionnalites\\\/planning-industrie-recherche-dans-le-planning\\\/\"]}]},{\"@type\":\"ImageObject\",\"inLanguage\":\"fr-FR\",\"@id\":\"https:\\\/\\\/www.directplanning.com\\\/fr\\\/planning-industrie\\\/planning-industrie-fonctionnalites\\\/planning-industrie-recherche-dans-le-planning\\\/#primaryimage\",\"url\":\"https:\\\/\\\/www.directplanning.com\\\/wp-content\\\/uploads\\\/2023\\\/10\\\/liste_gamme.png\",\"contentUrl\":\"https:\\\/\\\/www.directplanning.com\\\/wp-content\\\/uploads\\\/2023\\\/10\\\/liste_gamme.png\"},{\"@type\":\"BreadcrumbList\",\"@id\":\"https:\\\/\\\/www.directplanning.com\\\/fr\\\/planning-industrie\\\/planning-industrie-fonctionnalites\\\/planning-industrie-recherche-dans-le-planning\\\/#breadcrumb\",\"itemListElement\":[{\"@type\":\"ListItem\",\"position\":1,\"name\":\"Accueil\",\"item\":\"https:\\\/\\\/www.directplanning.com\\\/fr\\\/\"},{\"@type\":\"ListItem\",\"position\":2,\"name\":\"Direct Planning Industrie\",\"item\":\"https:\\\/\\\/www.directplanning.com\\\/fr\\\/planning-industrie\\\/\"},{\"@type\":\"ListItem\",\"position\":3,\"name\":\"Planning Industrie &#8211; Fonctionnalit\u00e9s\",\"item\":\"https:\\\/\\\/www.directplanning.com\\\/fr\\\/planning-industrie\\\/planning-industrie-fonctionnalites\\\/\"},{\"@type\":\"ListItem\",\"position\":4,\"name\":\"Planning Industrie &#8211; Recherche dans le planning\"}]},{\"@type\":\"WebSite\",\"@id\":\"https:\\\/\\\/www.directplanning.com\\\/fr\\\/#website\",\"url\":\"https:\\\/\\\/www.directplanning.com\\\/fr\\\/\",\"name\":\"Directplanning.com\",\"description\":\"Optimisez votre planning de production. Outil de planification intuitif et complet pour les entreprises et industries. Essai gratuit en ligne\",\"publisher\":{\"@id\":\"https:\\\/\\\/www.directplanning.com\\\/fr\\\/#organization\"},\"potentialAction\":[{\"@type\":\"SearchAction\",\"target\":{\"@type\":\"EntryPoint\",\"urlTemplate\":\"https:\\\/\\\/www.directplanning.com\\\/fr\\\/?s={search_term_string}\"},\"query-input\":{\"@type\":\"PropertyValueSpecification\",\"valueRequired\":true,\"valueName\":\"search_term_string\"}}],\"inLanguage\":\"fr-FR\"},{\"@type\":\"Organization\",\"@id\":\"https:\\\/\\\/www.directplanning.com\\\/fr\\\/#organization\",\"name\":\"Direct Planning\",\"alternateName\":\"DP\",\"url\":\"https:\\\/\\\/www.directplanning.com\\\/fr\\\/\",\"logo\":{\"@type\":\"ImageObject\",\"inLanguage\":\"fr-FR\",\"@id\":\"https:\\\/\\\/www.directplanning.com\\\/fr\\\/#\\\/schema\\\/logo\\\/image\\\/\",\"url\":\"https:\\\/\\\/www.directplanning.com\\\/wp-content\\\/uploads\\\/2023\\\/08\\\/DirectPlanIcone.bmp\",\"contentUrl\":\"https:\\\/\\\/www.directplanning.com\\\/wp-content\\\/uploads\\\/2023\\\/08\\\/DirectPlanIcone.bmp\",\"width\":320,\"height\":355,\"caption\":\"Direct Planning\"},\"image\":{\"@id\":\"https:\\\/\\\/www.directplanning.com\\\/fr\\\/#\\\/schema\\\/logo\\\/image\\\/\"},\"sameAs\":[\"https:\\\/\\\/x.com\\\/Direct_Planning\",\"https:\\\/\\\/www.linkedin.com\\\/showcase\\\/direct-planning\\\/posts\\\/?feedView=all\",\"https:\\\/\\\/www.youtube.com\\\/user\\\/VolumeSoftware\"]}]}<\/script>\n<!-- \/ Yoast SEO plugin. -->","yoast_head_json":{"title":"Planning Industrie - Recherche dans le planning - Direct Planning","description":"Recherche multicrit\u00e8re, filtres, mise en \u00e9vidence visuelle et navigation facilit\u00e9e dans votre planning industriel.","robots":{"index":"index","follow":"follow","max-snippet":"max-snippet:-1","max-image-preview":"max-image-preview:large","max-video-preview":"max-video-preview:-1"},"canonical":"https:\/\/www.directplanning.com\/fr\/planning-industrie\/planning-industrie-fonctionnalites\/planning-industrie-recherche-dans-le-planning\/","og_locale":"fr_FR","og_type":"article","og_title":"Planning Industrie - Recherche dans le planning - Direct Planning","og_description":"Recherche multicrit\u00e8re, filtres, mise en \u00e9vidence visuelle et navigation facilit\u00e9e dans votre planning industriel.","og_url":"https:\/\/www.directplanning.com\/fr\/planning-industrie\/planning-industrie-fonctionnalites\/planning-industrie-recherche-dans-le-planning\/","og_site_name":"Direct Planning","article_modified_time":"2025-10-03T08:55:15+00:00","og_image":[{"width":1018,"height":274,"url":"https:\/\/www.directplanning.com\/wp-content\/uploads\/2023\/10\/liste_gamme.png","type":"image\/png"}],"twitter_card":"summary_large_image","twitter_site":"@Direct_Planning","twitter_misc":{"Dur\u00e9e de lecture estim\u00e9e":"3 minutes"},"schema":{"@context":"https:\/\/schema.org","@graph":[{"@type":"WebPage","@id":"https:\/\/www.directplanning.com\/fr\/planning-industrie\/planning-industrie-fonctionnalites\/planning-industrie-recherche-dans-le-planning\/","url":"https:\/\/www.directplanning.com\/fr\/planning-industrie\/planning-industrie-fonctionnalites\/planning-industrie-recherche-dans-le-planning\/","name":"Planning Industrie - Recherche dans le planning - Direct Planning","isPartOf":{"@id":"https:\/\/www.directplanning.com\/fr\/#website"},"primaryImageOfPage":{"@id":"https:\/\/www.directplanning.com\/fr\/planning-industrie\/planning-industrie-fonctionnalites\/planning-industrie-recherche-dans-le-planning\/#primaryimage"},"image":{"@id":"https:\/\/www.directplanning.com\/fr\/planning-industrie\/planning-industrie-fonctionnalites\/planning-industrie-recherche-dans-le-planning\/#primaryimage"},"thumbnailUrl":"https:\/\/www.directplanning.com\/wp-content\/uploads\/2023\/10\/liste_gamme.png","datePublished":"2023-10-06T09:06:04+00:00","dateModified":"2025-10-03T08:55:15+00:00","description":"Recherche multicrit\u00e8re, filtres, mise en \u00e9vidence visuelle et navigation facilit\u00e9e dans votre planning industriel.","breadcrumb":{"@id":"https:\/\/www.directplanning.com\/fr\/planning-industrie\/planning-industrie-fonctionnalites\/planning-industrie-recherche-dans-le-planning\/#breadcrumb"},"inLanguage":"fr-FR","potentialAction":[{"@type":"ReadAction","target":["https:\/\/www.directplanning.com\/fr\/planning-industrie\/planning-industrie-fonctionnalites\/planning-industrie-recherche-dans-le-planning\/"]}]},{"@type":"ImageObject","inLanguage":"fr-FR","@id":"https:\/\/www.directplanning.com\/fr\/planning-industrie\/planning-industrie-fonctionnalites\/planning-industrie-recherche-dans-le-planning\/#primaryimage","url":"https:\/\/www.directplanning.com\/wp-content\/uploads\/2023\/10\/liste_gamme.png","contentUrl":"https:\/\/www.directplanning.com\/wp-content\/uploads\/2023\/10\/liste_gamme.png"},{"@type":"BreadcrumbList","@id":"https:\/\/www.directplanning.com\/fr\/planning-industrie\/planning-industrie-fonctionnalites\/planning-industrie-recherche-dans-le-planning\/#breadcrumb","itemListElement":[{"@type":"ListItem","position":1,"name":"Accueil","item":"https:\/\/www.directplanning.com\/fr\/"},{"@type":"ListItem","position":2,"name":"Direct Planning Industrie","item":"https:\/\/www.directplanning.com\/fr\/planning-industrie\/"},{"@type":"ListItem","position":3,"name":"Planning Industrie &#8211; Fonctionnalit\u00e9s","item":"https:\/\/www.directplanning.com\/fr\/planning-industrie\/planning-industrie-fonctionnalites\/"},{"@type":"ListItem","position":4,"name":"Planning Industrie &#8211; Recherche dans le planning"}]},{"@type":"WebSite","@id":"https:\/\/www.directplanning.com\/fr\/#website","url":"https:\/\/www.directplanning.com\/fr\/","name":"Directplanning.com","description":"Optimisez votre planning de production. Outil de planification intuitif et complet pour les entreprises et industries. Essai gratuit en ligne","publisher":{"@id":"https:\/\/www.directplanning.com\/fr\/#organization"},"potentialAction":[{"@type":"SearchAction","target":{"@type":"EntryPoint","urlTemplate":"https:\/\/www.directplanning.com\/fr\/?s={search_term_string}"},"query-input":{"@type":"PropertyValueSpecification","valueRequired":true,"valueName":"search_term_string"}}],"inLanguage":"fr-FR"},{"@type":"Organization","@id":"https:\/\/www.directplanning.com\/fr\/#organization","name":"Direct Planning","alternateName":"DP","url":"https:\/\/www.directplanning.com\/fr\/","logo":{"@type":"ImageObject","inLanguage":"fr-FR","@id":"https:\/\/www.directplanning.com\/fr\/#\/schema\/logo\/image\/","url":"https:\/\/www.directplanning.com\/wp-content\/uploads\/2023\/08\/DirectPlanIcone.bmp","contentUrl":"https:\/\/www.directplanning.com\/wp-content\/uploads\/2023\/08\/DirectPlanIcone.bmp","width":320,"height":355,"caption":"Direct Planning"},"image":{"@id":"https:\/\/www.directplanning.com\/fr\/#\/schema\/logo\/image\/"},"sameAs":["https:\/\/x.com\/Direct_Planning","https:\/\/www.linkedin.com\/showcase\/direct-planning\/posts\/?feedView=all","https:\/\/www.youtube.com\/user\/VolumeSoftware"]}]}},"_links":{"self":[{"href":"https:\/\/www.directplanning.com\/fr\/wp-json\/wp\/v2\/pages\/5573","targetHints":{"allow":["GET"]}}],"collection":[{"href":"https:\/\/www.directplanning.com\/fr\/wp-json\/wp\/v2\/pages"}],"about":[{"href":"https:\/\/www.directplanning.com\/fr\/wp-json\/wp\/v2\/types\/page"}],"author":[{"embeddable":true,"href":"https:\/\/www.directplanning.com\/fr\/wp-json\/wp\/v2\/users\/11"}],"replies":[{"embeddable":true,"href":"https:\/\/www.directplanning.com\/fr\/wp-json\/wp\/v2\/comments?post=5573"}],"version-history":[{"count":0,"href":"https:\/\/www.directplanning.com\/fr\/wp-json\/wp\/v2\/pages\/5573\/revisions"}],"up":[{"embeddable":true,"href":"https:\/\/www.directplanning.com\/fr\/wp-json\/wp\/v2\/pages\/516"}],"wp:attachment":[{"href":"https:\/\/www.directplanning.com\/fr\/wp-json\/wp\/v2\/media?parent=5573"}],"curies":[{"name":"wp","href":"https:\/\/api.w.org\/{rel}","templated":true}]}}