{"id":5559,"date":"2023-10-06T09:53:48","date_gmt":"2023-10-06T07:53:48","guid":{"rendered":"https:\/\/www.directplanning.com\/?page_id=5559"},"modified":"2025-10-03T10:53:15","modified_gmt":"2025-10-03T08:53:15","slug":"les-formules-programmables","status":"publish","type":"page","link":"https:\/\/www.directplanning.com\/fr\/planning-industrie\/planning-industrie-fonctionnalites\/les-formules-programmables\/","title":{"rendered":"Planning Industrie &#8211; Les formules programmables"},"content":{"rendered":"\n<p>Les formules programmables de <strong>colorisation conditionnelle<\/strong> vous permettent ainsi d\u2019\u00e9crire vous-m\u00eame vos r\u00e8gles, de mani\u00e8re \u00e0 v\u00e9hiculer <strong>l\u2019information la plus pertinente visuellement<\/strong> pour le planificateur.<br>Vous pourrez par exemple d\u2019appliquer une m\u00eame couleur de ticket aux t\u00e2ches partageant la m\u00eame forme de d\u00e9coupe.<br>Sur le m\u00eame principe, les <strong>libell\u00e9s conditionnels<\/strong> vous permettent de construire des libell\u00e9s variables pr\u00e9sentant <strong>les donn\u00e9es techniques les plus pertinentes<\/strong> en fonction de la machine sur laquelle le ticket est positionn\u00e9.<br>Vous pourrez ainsi indiquer des sp\u00e9cificit\u00e9s techniques, telles que la pr\u00e9sence de braille, directement sur le ticket planning.<\/p>\n\n\n<div class=\"wp-block-image\">\n<figure class=\"aligncenter\"><a href=\"https:\/\/www.directplanning.com\/wp-content\/uploads\/2020\/09\/direct_planning_industrie_affichage_formules_programmables.png\" data-rel=\"lightbox-image-0\" data-rl_title=\"\" data-rl_caption=\"\" title=\"\"><img decoding=\"async\" width=\"610\" height=\"147\" src=\"https:\/\/www.directplanning.com\/wp-content\/uploads\/2020\/09\/direct_planning_industrie_affichage_formules_programmables-610x147.png\" alt=\"Direct Planning Industrie - Affichage personnalis\u00e9 via formules programmables\" class=\"wp-image-4576\" srcset=\"https:\/\/www.directplanning.com\/wp-content\/uploads\/2020\/09\/direct_planning_industrie_affichage_formules_programmables-610x147.png 610w, https:\/\/www.directplanning.com\/wp-content\/uploads\/2020\/09\/direct_planning_industrie_affichage_formules_programmables-312x75.png 312w, https:\/\/www.directplanning.com\/wp-content\/uploads\/2020\/09\/direct_planning_industrie_affichage_formules_programmables-156x38.png 156w, https:\/\/www.directplanning.com\/wp-content\/uploads\/2020\/09\/direct_planning_industrie_affichage_formules_programmables-768x185.png 768w, https:\/\/www.directplanning.com\/wp-content\/uploads\/2020\/09\/direct_planning_industrie_affichage_formules_programmables-810x195.png 810w, https:\/\/www.directplanning.com\/wp-content\/uploads\/2020\/09\/direct_planning_industrie_affichage_formules_programmables.png 975w\" sizes=\"(max-width: 610px) 100vw, 610px\" \/><\/a><figcaption class=\"wp-element-caption\">Affichage personnalis\u00e9 \u00e0 l&#8217;aide de formules programmables<\/figcaption><\/figure><\/div>","protected":false},"excerpt":{"rendered":"<p>Les formules programmables de colorisation conditionnelle vous permettent ainsi d\u2019\u00e9crire vous-m\u00eame vos r\u00e8gles, de mani\u00e8re \u00e0 v\u00e9hiculer l\u2019information la plus pertinente visuellement pour le planificateur.Vous pourrez par exemple d\u2019appliquer une m\u00eame couleur de ticket aux t\u00e2ches partageant la m\u00eame forme de d\u00e9coupe.Sur le m\u00eame principe, les libell\u00e9s conditionnels vous permettent de construire des libell\u00e9s variables [&hellip;]<\/p>\n","protected":false},"author":11,"featured_media":0,"parent":516,"menu_order":0,"comment_status":"closed","ping_status":"closed","template":"","meta":{"footnotes":""},"class_list":["post-5559","page","type-page","status-publish","hentry"],"yoast_head":"<!-- This site is optimized with the Yoast SEO plugin v27.5 - https:\/\/yoast.com\/product\/yoast-seo-wordpress\/ -->\n<title>Planning Industrie - Les formules programmables - Direct Planning<\/title>\n<meta name=\"description\" content=\"Pilotez votre planning : formules conditionnelles et libell\u00e9s dynamiques pour des affichages visuels adapt\u00e9s aux contraintes industrielles.\" \/>\n<meta name=\"robots\" content=\"index, follow, max-snippet:-1, max-image-preview:large, max-video-preview:-1\" \/>\n<link rel=\"canonical\" href=\"https:\/\/www.directplanning.com\/fr\/planning-industrie\/planning-industrie-fonctionnalites\/les-formules-programmables\/\" \/>\n<meta property=\"og:locale\" content=\"fr_FR\" \/>\n<meta property=\"og:type\" content=\"article\" \/>\n<meta property=\"og:title\" content=\"Planning Industrie - Les formules programmables - Direct Planning\" \/>\n<meta property=\"og:description\" content=\"Pilotez votre planning : formules conditionnelles et libell\u00e9s dynamiques pour des affichages visuels adapt\u00e9s aux contraintes industrielles.\" \/>\n<meta property=\"og:url\" content=\"https:\/\/www.directplanning.com\/fr\/planning-industrie\/planning-industrie-fonctionnalites\/les-formules-programmables\/\" \/>\n<meta property=\"og:site_name\" content=\"Direct Planning\" \/>\n<meta property=\"article:modified_time\" content=\"2025-10-03T08:53:15+00:00\" \/>\n<meta property=\"og:image\" content=\"https:\/\/www.directplanning.com\/wp-content\/uploads\/2020\/09\/direct_planning_industrie_affichage_formules_programmables.png\" \/>\n\t<meta property=\"og:image:width\" content=\"975\" \/>\n\t<meta property=\"og:image:height\" content=\"235\" \/>\n\t<meta property=\"og:image:type\" content=\"image\/png\" \/>\n<meta name=\"twitter:card\" content=\"summary_large_image\" \/>\n<meta name=\"twitter:site\" content=\"@Direct_Planning\" \/>\n<meta name=\"twitter:label1\" content=\"Dur\u00e9e de lecture estim\u00e9e\" \/>\n\t<meta name=\"twitter:data1\" content=\"1 minute\" \/>\n<script type=\"application\/ld+json\" class=\"yoast-schema-graph\">{\"@context\":\"https:\\\/\\\/schema.org\",\"@graph\":[{\"@type\":\"WebPage\",\"@id\":\"https:\\\/\\\/www.directplanning.com\\\/fr\\\/planning-industrie\\\/planning-industrie-fonctionnalites\\\/les-formules-programmables\\\/\",\"url\":\"https:\\\/\\\/www.directplanning.com\\\/fr\\\/planning-industrie\\\/planning-industrie-fonctionnalites\\\/les-formules-programmables\\\/\",\"name\":\"Planning Industrie - Les formules programmables - Direct Planning\",\"isPartOf\":{\"@id\":\"https:\\\/\\\/www.directplanning.com\\\/fr\\\/#website\"},\"primaryImageOfPage\":{\"@id\":\"https:\\\/\\\/www.directplanning.com\\\/fr\\\/planning-industrie\\\/planning-industrie-fonctionnalites\\\/les-formules-programmables\\\/#primaryimage\"},\"image\":{\"@id\":\"https:\\\/\\\/www.directplanning.com\\\/fr\\\/planning-industrie\\\/planning-industrie-fonctionnalites\\\/les-formules-programmables\\\/#primaryimage\"},\"thumbnailUrl\":\"https:\\\/\\\/www.directplanning.com\\\/wp-content\\\/uploads\\\/2020\\\/09\\\/direct_planning_industrie_affichage_formules_programmables-610x147.png\",\"datePublished\":\"2023-10-06T07:53:48+00:00\",\"dateModified\":\"2025-10-03T08:53:15+00:00\",\"description\":\"Pilotez votre planning : formules conditionnelles et libell\u00e9s dynamiques pour des affichages visuels adapt\u00e9s aux contraintes industrielles.\",\"breadcrumb\":{\"@id\":\"https:\\\/\\\/www.directplanning.com\\\/fr\\\/planning-industrie\\\/planning-industrie-fonctionnalites\\\/les-formules-programmables\\\/#breadcrumb\"},\"inLanguage\":\"fr-FR\",\"potentialAction\":[{\"@type\":\"ReadAction\",\"target\":[\"https:\\\/\\\/www.directplanning.com\\\/fr\\\/planning-industrie\\\/planning-industrie-fonctionnalites\\\/les-formules-programmables\\\/\"]}]},{\"@type\":\"ImageObject\",\"inLanguage\":\"fr-FR\",\"@id\":\"https:\\\/\\\/www.directplanning.com\\\/fr\\\/planning-industrie\\\/planning-industrie-fonctionnalites\\\/les-formules-programmables\\\/#primaryimage\",\"url\":\"https:\\\/\\\/www.directplanning.com\\\/wp-content\\\/uploads\\\/2020\\\/09\\\/direct_planning_industrie_affichage_formules_programmables-610x147.png\",\"contentUrl\":\"https:\\\/\\\/www.directplanning.com\\\/wp-content\\\/uploads\\\/2020\\\/09\\\/direct_planning_industrie_affichage_formules_programmables-610x147.png\"},{\"@type\":\"BreadcrumbList\",\"@id\":\"https:\\\/\\\/www.directplanning.com\\\/fr\\\/planning-industrie\\\/planning-industrie-fonctionnalites\\\/les-formules-programmables\\\/#breadcrumb\",\"itemListElement\":[{\"@type\":\"ListItem\",\"position\":1,\"name\":\"Accueil\",\"item\":\"https:\\\/\\\/www.directplanning.com\\\/fr\\\/\"},{\"@type\":\"ListItem\",\"position\":2,\"name\":\"Direct Planning Industrie\",\"item\":\"https:\\\/\\\/www.directplanning.com\\\/fr\\\/planning-industrie\\\/\"},{\"@type\":\"ListItem\",\"position\":3,\"name\":\"Planning Industrie &#8211; Fonctionnalit\u00e9s\",\"item\":\"https:\\\/\\\/www.directplanning.com\\\/fr\\\/planning-industrie\\\/planning-industrie-fonctionnalites\\\/\"},{\"@type\":\"ListItem\",\"position\":4,\"name\":\"Planning Industrie &#8211; Les formules programmables\"}]},{\"@type\":\"WebSite\",\"@id\":\"https:\\\/\\\/www.directplanning.com\\\/fr\\\/#website\",\"url\":\"https:\\\/\\\/www.directplanning.com\\\/fr\\\/\",\"name\":\"Directplanning.com\",\"description\":\"Optimisez votre planning de production. Outil de planification intuitif et complet pour les entreprises et industries. Essai gratuit en ligne\",\"publisher\":{\"@id\":\"https:\\\/\\\/www.directplanning.com\\\/fr\\\/#organization\"},\"potentialAction\":[{\"@type\":\"SearchAction\",\"target\":{\"@type\":\"EntryPoint\",\"urlTemplate\":\"https:\\\/\\\/www.directplanning.com\\\/fr\\\/?s={search_term_string}\"},\"query-input\":{\"@type\":\"PropertyValueSpecification\",\"valueRequired\":true,\"valueName\":\"search_term_string\"}}],\"inLanguage\":\"fr-FR\"},{\"@type\":\"Organization\",\"@id\":\"https:\\\/\\\/www.directplanning.com\\\/fr\\\/#organization\",\"name\":\"Direct Planning\",\"alternateName\":\"DP\",\"url\":\"https:\\\/\\\/www.directplanning.com\\\/fr\\\/\",\"logo\":{\"@type\":\"ImageObject\",\"inLanguage\":\"fr-FR\",\"@id\":\"https:\\\/\\\/www.directplanning.com\\\/fr\\\/#\\\/schema\\\/logo\\\/image\\\/\",\"url\":\"https:\\\/\\\/www.directplanning.com\\\/wp-content\\\/uploads\\\/2023\\\/08\\\/DirectPlanIcone.bmp\",\"contentUrl\":\"https:\\\/\\\/www.directplanning.com\\\/wp-content\\\/uploads\\\/2023\\\/08\\\/DirectPlanIcone.bmp\",\"width\":320,\"height\":355,\"caption\":\"Direct Planning\"},\"image\":{\"@id\":\"https:\\\/\\\/www.directplanning.com\\\/fr\\\/#\\\/schema\\\/logo\\\/image\\\/\"},\"sameAs\":[\"https:\\\/\\\/x.com\\\/Direct_Planning\",\"https:\\\/\\\/www.linkedin.com\\\/showcase\\\/direct-planning\\\/posts\\\/?feedView=all\",\"https:\\\/\\\/www.youtube.com\\\/user\\\/VolumeSoftware\"]}]}<\/script>\n<!-- \/ Yoast SEO plugin. -->","yoast_head_json":{"title":"Planning Industrie - Les formules programmables - Direct Planning","description":"Pilotez votre planning : formules conditionnelles et libell\u00e9s dynamiques pour des affichages visuels adapt\u00e9s aux contraintes industrielles.","robots":{"index":"index","follow":"follow","max-snippet":"max-snippet:-1","max-image-preview":"max-image-preview:large","max-video-preview":"max-video-preview:-1"},"canonical":"https:\/\/www.directplanning.com\/fr\/planning-industrie\/planning-industrie-fonctionnalites\/les-formules-programmables\/","og_locale":"fr_FR","og_type":"article","og_title":"Planning Industrie - Les formules programmables - Direct Planning","og_description":"Pilotez votre planning : formules conditionnelles et libell\u00e9s dynamiques pour des affichages visuels adapt\u00e9s aux contraintes industrielles.","og_url":"https:\/\/www.directplanning.com\/fr\/planning-industrie\/planning-industrie-fonctionnalites\/les-formules-programmables\/","og_site_name":"Direct Planning","article_modified_time":"2025-10-03T08:53:15+00:00","og_image":[{"width":975,"height":235,"url":"https:\/\/www.directplanning.com\/wp-content\/uploads\/2020\/09\/direct_planning_industrie_affichage_formules_programmables.png","type":"image\/png"}],"twitter_card":"summary_large_image","twitter_site":"@Direct_Planning","twitter_misc":{"Dur\u00e9e de lecture estim\u00e9e":"1 minute"},"schema":{"@context":"https:\/\/schema.org","@graph":[{"@type":"WebPage","@id":"https:\/\/www.directplanning.com\/fr\/planning-industrie\/planning-industrie-fonctionnalites\/les-formules-programmables\/","url":"https:\/\/www.directplanning.com\/fr\/planning-industrie\/planning-industrie-fonctionnalites\/les-formules-programmables\/","name":"Planning Industrie - Les formules programmables - Direct Planning","isPartOf":{"@id":"https:\/\/www.directplanning.com\/fr\/#website"},"primaryImageOfPage":{"@id":"https:\/\/www.directplanning.com\/fr\/planning-industrie\/planning-industrie-fonctionnalites\/les-formules-programmables\/#primaryimage"},"image":{"@id":"https:\/\/www.directplanning.com\/fr\/planning-industrie\/planning-industrie-fonctionnalites\/les-formules-programmables\/#primaryimage"},"thumbnailUrl":"https:\/\/www.directplanning.com\/wp-content\/uploads\/2020\/09\/direct_planning_industrie_affichage_formules_programmables-610x147.png","datePublished":"2023-10-06T07:53:48+00:00","dateModified":"2025-10-03T08:53:15+00:00","description":"Pilotez votre planning : formules conditionnelles et libell\u00e9s dynamiques pour des affichages visuels adapt\u00e9s aux contraintes industrielles.","breadcrumb":{"@id":"https:\/\/www.directplanning.com\/fr\/planning-industrie\/planning-industrie-fonctionnalites\/les-formules-programmables\/#breadcrumb"},"inLanguage":"fr-FR","potentialAction":[{"@type":"ReadAction","target":["https:\/\/www.directplanning.com\/fr\/planning-industrie\/planning-industrie-fonctionnalites\/les-formules-programmables\/"]}]},{"@type":"ImageObject","inLanguage":"fr-FR","@id":"https:\/\/www.directplanning.com\/fr\/planning-industrie\/planning-industrie-fonctionnalites\/les-formules-programmables\/#primaryimage","url":"https:\/\/www.directplanning.com\/wp-content\/uploads\/2020\/09\/direct_planning_industrie_affichage_formules_programmables-610x147.png","contentUrl":"https:\/\/www.directplanning.com\/wp-content\/uploads\/2020\/09\/direct_planning_industrie_affichage_formules_programmables-610x147.png"},{"@type":"BreadcrumbList","@id":"https:\/\/www.directplanning.com\/fr\/planning-industrie\/planning-industrie-fonctionnalites\/les-formules-programmables\/#breadcrumb","itemListElement":[{"@type":"ListItem","position":1,"name":"Accueil","item":"https:\/\/www.directplanning.com\/fr\/"},{"@type":"ListItem","position":2,"name":"Direct Planning Industrie","item":"https:\/\/www.directplanning.com\/fr\/planning-industrie\/"},{"@type":"ListItem","position":3,"name":"Planning Industrie &#8211; Fonctionnalit\u00e9s","item":"https:\/\/www.directplanning.com\/fr\/planning-industrie\/planning-industrie-fonctionnalites\/"},{"@type":"ListItem","position":4,"name":"Planning Industrie &#8211; Les formules programmables"}]},{"@type":"WebSite","@id":"https:\/\/www.directplanning.com\/fr\/#website","url":"https:\/\/www.directplanning.com\/fr\/","name":"Directplanning.com","description":"Optimisez votre planning de production. Outil de planification intuitif et complet pour les entreprises et industries. Essai gratuit en ligne","publisher":{"@id":"https:\/\/www.directplanning.com\/fr\/#organization"},"potentialAction":[{"@type":"SearchAction","target":{"@type":"EntryPoint","urlTemplate":"https:\/\/www.directplanning.com\/fr\/?s={search_term_string}"},"query-input":{"@type":"PropertyValueSpecification","valueRequired":true,"valueName":"search_term_string"}}],"inLanguage":"fr-FR"},{"@type":"Organization","@id":"https:\/\/www.directplanning.com\/fr\/#organization","name":"Direct Planning","alternateName":"DP","url":"https:\/\/www.directplanning.com\/fr\/","logo":{"@type":"ImageObject","inLanguage":"fr-FR","@id":"https:\/\/www.directplanning.com\/fr\/#\/schema\/logo\/image\/","url":"https:\/\/www.directplanning.com\/wp-content\/uploads\/2023\/08\/DirectPlanIcone.bmp","contentUrl":"https:\/\/www.directplanning.com\/wp-content\/uploads\/2023\/08\/DirectPlanIcone.bmp","width":320,"height":355,"caption":"Direct Planning"},"image":{"@id":"https:\/\/www.directplanning.com\/fr\/#\/schema\/logo\/image\/"},"sameAs":["https:\/\/x.com\/Direct_Planning","https:\/\/www.linkedin.com\/showcase\/direct-planning\/posts\/?feedView=all","https:\/\/www.youtube.com\/user\/VolumeSoftware"]}]}},"_links":{"self":[{"href":"https:\/\/www.directplanning.com\/fr\/wp-json\/wp\/v2\/pages\/5559","targetHints":{"allow":["GET"]}}],"collection":[{"href":"https:\/\/www.directplanning.com\/fr\/wp-json\/wp\/v2\/pages"}],"about":[{"href":"https:\/\/www.directplanning.com\/fr\/wp-json\/wp\/v2\/types\/page"}],"author":[{"embeddable":true,"href":"https:\/\/www.directplanning.com\/fr\/wp-json\/wp\/v2\/users\/11"}],"replies":[{"embeddable":true,"href":"https:\/\/www.directplanning.com\/fr\/wp-json\/wp\/v2\/comments?post=5559"}],"version-history":[{"count":0,"href":"https:\/\/www.directplanning.com\/fr\/wp-json\/wp\/v2\/pages\/5559\/revisions"}],"up":[{"embeddable":true,"href":"https:\/\/www.directplanning.com\/fr\/wp-json\/wp\/v2\/pages\/516"}],"wp:attachment":[{"href":"https:\/\/www.directplanning.com\/fr\/wp-json\/wp\/v2\/media?parent=5559"}],"curies":[{"name":"wp","href":"https:\/\/api.w.org\/{rel}","templated":true}]}}