{"id":550,"date":"2012-03-26T09:22:37","date_gmt":"2012-03-26T09:22:37","guid":{"rendered":"https:\/\/www.directplanning.com\/?page_id=550"},"modified":"2025-10-03T11:13:43","modified_gmt":"2025-10-03T09:13:43","slug":"planning-industrie-vos-gammes-de-production","status":"publish","type":"page","link":"https:\/\/www.directplanning.com\/fr\/planning-industrie\/planning-industrie-fonctionnalites\/planning-industrie-vos-gammes-de-production\/","title":{"rendered":"Planning Industrie &#8211; Vos gammes de production"},"content":{"rendered":"\n<p><strong>Direct Planning Industrie<\/strong> vous permet de d\u00e9crire vos gammes de production en cr\u00e9ant des liens entre les diff\u00e9rentes t\u00e2ches planifi\u00e9es sur diff\u00e9rentes machines. Les gammes peuvent \u00eatre des <strong>gammes lin\u00e9aires simples<\/strong> ou des <strong>gammes complexes<\/strong> (plusieurs liens entrant ou sortant d&#8217;une t\u00e2che).<\/p>\n\n\n\n<!--more-->\n\n\n<div class=\"wp-block-image\">\n<figure class=\"aligncenter\"><a href=\"https:\/\/www.directplanning.com\/wp-content\/uploads\/2012\/03\/direct_planning_industrie_gamme.png\" data-rel=\"lightbox-image-0\" data-rl_title=\"\" data-rl_caption=\"\" title=\"\"><img decoding=\"async\" src=\"https:\/\/www.directplanning.com\/wp-content\/uploads\/2012\/03\/direct_planning_industrie_gamme-610x166.png\" alt=\"Direct Planning Industrie - Un ordre de fabrication : un enchainement de t\u00e2ches li\u00e9es par des contraintes de pr\u00e9c\u00e9dence \" class=\"wp-image-1522\"\/><\/a><figcaption class=\"wp-element-caption\">Direct Planning Industrie &#8211; Un ordre de fabrication : un enchainement de t\u00e2ches li\u00e9es par des contraintes de pr\u00e9c\u00e9dence<\/figcaption><\/figure><\/div>\n\n\n<p>Visualisez <strong>la vid\u00e9o<\/strong> ci-dessous pour en savoir plus sur les gammes de production :<\/p>\n\n\n\n<p><iframe src=\"https:\/\/www.youtube.com\/embed\/FjO7esXu3as?list=PLE29BC077F1C16669&amp;rel=0\" width=\"640\" height=\"360\" frameborder=\"0\" allowfullscreen=\"allowfullscreen\"><\/iframe><\/p>\n\n\n\n<h2 class=\"wp-block-heading\">Les types de liens<\/h2>\n\n\n\n<p>Les liens entre les t\u00e2ches sont des liens fin-d\u00e9but de plusieurs types :<\/p>\n\n\n\n<ul class=\"wp-block-list\">\n<li><strong>Le lien classique<\/strong> : la t\u00e2che de destination peut d\u00e9buter quand la t\u00e2che source se termine.<\/li>\n\n\n\n<li><strong>Le lien avec chevauchement<\/strong> : la t\u00e2che destination peut d\u00e9buter <strong>avant<\/strong> que la t\u00e2che source se termine.<\/li>\n\n\n\n<li><strong>Le lien avec d\u00e9calage<\/strong> : la t\u00e2che destination pourra commencer seulement apr\u00e8s que la t\u00e2che source soit termin\u00e9e depuis un certain temps (temps de s\u00e9chage, temps de transit, etc.).<\/li>\n<\/ul>\n\n\n<div class=\"wp-block-image\">\n<figure class=\"aligncenter\"><a href=\"https:\/\/www.directplanning.com\/wp-content\/uploads\/2012\/03\/direct_planning_industrie_lien_chevauchement.png\" data-rel=\"lightbox-image-1\" data-rl_title=\"\" data-rl_caption=\"\" title=\"\"><img decoding=\"async\" width=\"610\" height=\"323\" src=\"https:\/\/www.directplanning.com\/wp-content\/uploads\/2012\/03\/direct_planning_industrie_lien_chevauchement-610x323.png\" alt=\"Direct Planning Industrie - Saisie d'un lien avec chevauchement des t\u00e2ches\" class=\"wp-image-1535\" srcset=\"https:\/\/www.directplanning.com\/wp-content\/uploads\/2012\/03\/direct_planning_industrie_lien_chevauchement-610x323.png 610w, https:\/\/www.directplanning.com\/wp-content\/uploads\/2012\/03\/direct_planning_industrie_lien_chevauchement-312x165.png 312w, https:\/\/www.directplanning.com\/wp-content\/uploads\/2012\/03\/direct_planning_industrie_lien_chevauchement-156x83.png 156w, https:\/\/www.directplanning.com\/wp-content\/uploads\/2012\/03\/direct_planning_industrie_lien_chevauchement-768x407.png 768w, https:\/\/www.directplanning.com\/wp-content\/uploads\/2012\/03\/direct_planning_industrie_lien_chevauchement-810x429.png 810w, https:\/\/www.directplanning.com\/wp-content\/uploads\/2012\/03\/direct_planning_industrie_lien_chevauchement.png 862w\" sizes=\"(max-width: 610px) 100vw, 610px\" \/><\/a><figcaption class=\"wp-element-caption\">Direct Planning Industrie &#8211; Saisie d&#8217;un lien avec chevauchement des t\u00e2ches<\/figcaption><\/figure><\/div>\n\n\n<h2 class=\"wp-block-heading\">Mod\u00e9lisation de la sous-traitance<\/h2>\n\n\n\n<p>L&#8217;utilisation de <strong>lien avec d\u00e9calage<\/strong> associ\u00e9e \u00e0 des t\u00e2ches jalon permet un mod\u00e9lisation de la <strong>sous-traitance dans le planning<\/strong>. Pour mod\u00e9liser un retour de sous-traitance, on peut \u00e9galement utiliser une <a title=\"Planning Industrie \u2013 Contraintes horaires et alertes\" href=\"https:\/\/www.directplanning.com\/fr\/planning-industrie\/planning-industrie-fonctionnalites\/planning-industrie-contraintes-horaires-et-alertes\/\"><strong>date de d\u00e9but au plus t\u00f4t<\/strong><\/a>.<\/p>\n\n\n\n<p class=\"has-text-align-center\"><a class=\"mks_button mks_button_medium rounded\" href=\"https:\/\/www.directplanning.com\/fr\/planning-industrie\/planning-industrie-fonctionnalites\/\" target=\"_self\" style=\"color: #FFFFFF; background-color: #1e73be;\" > Les fonctionnalit\u00e9s Planning Industrie <\/a>\n","protected":false},"excerpt":{"rendered":"<p>Direct Planning Industrie vous permet de d\u00e9crire vos gammes de production en cr\u00e9ant des liens entre les diff\u00e9rentes t\u00e2ches planifi\u00e9es sur diff\u00e9rentes machines. Les gammes peuvent \u00eatre des gammes lin\u00e9aires simples ou des gammes complexes (plusieurs liens entrant ou sortant d&#8217;une t\u00e2che).<\/p>\n","protected":false},"author":2,"featured_media":1522,"parent":516,"menu_order":60,"comment_status":"open","ping_status":"closed","template":"","meta":{"footnotes":""},"class_list":["post-550","page","type-page","status-publish","has-post-thumbnail","hentry"],"yoast_head":"<!-- This site is optimized with the Yoast SEO plugin v27.4 - https:\/\/yoast.com\/product\/yoast-seo-wordpress\/ -->\n<title>Planning Industrie - Vos gammes de production - Direct Planning<\/title>\n<meta name=\"description\" content=\"Mod\u00e9lisez vos gammes : cr\u00e9ez des liens entre t\u00e2ches, g\u00e9rez les pr\u00e9c\u00e9dences, chevauchements et d\u00e9calages pour une planification optimale.\" \/>\n<meta name=\"robots\" content=\"index, follow, max-snippet:-1, max-image-preview:large, max-video-preview:-1\" \/>\n<link rel=\"canonical\" href=\"https:\/\/www.directplanning.com\/fr\/planning-industrie\/planning-industrie-fonctionnalites\/planning-industrie-vos-gammes-de-production\/\" \/>\n<meta property=\"og:locale\" content=\"fr_FR\" \/>\n<meta property=\"og:type\" content=\"article\" \/>\n<meta property=\"og:title\" content=\"Planning Industrie - Vos gammes de production - Direct Planning\" \/>\n<meta property=\"og:description\" content=\"Mod\u00e9lisez vos gammes : cr\u00e9ez des liens entre t\u00e2ches, g\u00e9rez les pr\u00e9c\u00e9dences, chevauchements et d\u00e9calages pour une planification optimale.\" \/>\n<meta property=\"og:url\" content=\"https:\/\/www.directplanning.com\/fr\/planning-industrie\/planning-industrie-fonctionnalites\/planning-industrie-vos-gammes-de-production\/\" \/>\n<meta property=\"og:site_name\" content=\"Direct Planning\" \/>\n<meta property=\"article:modified_time\" content=\"2025-10-03T09:13:43+00:00\" \/>\n<meta property=\"og:image\" content=\"https:\/\/www.directplanning.com\/wp-content\/uploads\/2012\/03\/direct_planning_industrie_gamme.png\" \/>\n\t<meta property=\"og:image:width\" content=\"1366\" \/>\n\t<meta property=\"og:image:height\" content=\"373\" \/>\n\t<meta property=\"og:image:type\" content=\"image\/png\" \/>\n<meta name=\"twitter:card\" content=\"summary_large_image\" \/>\n<meta name=\"twitter:site\" content=\"@Direct_Planning\" \/>\n<meta name=\"twitter:label1\" content=\"Dur\u00e9e de lecture estim\u00e9e\" \/>\n\t<meta name=\"twitter:data1\" content=\"2 minutes\" \/>\n<script type=\"application\/ld+json\" class=\"yoast-schema-graph\">{\"@context\":\"https:\\\/\\\/schema.org\",\"@graph\":[{\"@type\":\"WebPage\",\"@id\":\"https:\\\/\\\/www.directplanning.com\\\/fr\\\/planning-industrie\\\/planning-industrie-fonctionnalites\\\/planning-industrie-vos-gammes-de-production\\\/\",\"url\":\"https:\\\/\\\/www.directplanning.com\\\/fr\\\/planning-industrie\\\/planning-industrie-fonctionnalites\\\/planning-industrie-vos-gammes-de-production\\\/\",\"name\":\"Planning Industrie - Vos gammes de production - Direct Planning\",\"isPartOf\":{\"@id\":\"https:\\\/\\\/www.directplanning.com\\\/fr\\\/#website\"},\"primaryImageOfPage\":{\"@id\":\"https:\\\/\\\/www.directplanning.com\\\/fr\\\/planning-industrie\\\/planning-industrie-fonctionnalites\\\/planning-industrie-vos-gammes-de-production\\\/#primaryimage\"},\"image\":{\"@id\":\"https:\\\/\\\/www.directplanning.com\\\/fr\\\/planning-industrie\\\/planning-industrie-fonctionnalites\\\/planning-industrie-vos-gammes-de-production\\\/#primaryimage\"},\"thumbnailUrl\":\"https:\\\/\\\/www.directplanning.com\\\/wp-content\\\/uploads\\\/2012\\\/03\\\/direct_planning_industrie_gamme.png\",\"datePublished\":\"2012-03-26T09:22:37+00:00\",\"dateModified\":\"2025-10-03T09:13:43+00:00\",\"description\":\"Mod\u00e9lisez vos gammes : cr\u00e9ez des liens entre t\u00e2ches, g\u00e9rez les pr\u00e9c\u00e9dences, chevauchements et d\u00e9calages pour une planification optimale.\",\"breadcrumb\":{\"@id\":\"https:\\\/\\\/www.directplanning.com\\\/fr\\\/planning-industrie\\\/planning-industrie-fonctionnalites\\\/planning-industrie-vos-gammes-de-production\\\/#breadcrumb\"},\"inLanguage\":\"fr-FR\",\"potentialAction\":[{\"@type\":\"ReadAction\",\"target\":[\"https:\\\/\\\/www.directplanning.com\\\/fr\\\/planning-industrie\\\/planning-industrie-fonctionnalites\\\/planning-industrie-vos-gammes-de-production\\\/\"]}]},{\"@type\":\"ImageObject\",\"inLanguage\":\"fr-FR\",\"@id\":\"https:\\\/\\\/www.directplanning.com\\\/fr\\\/planning-industrie\\\/planning-industrie-fonctionnalites\\\/planning-industrie-vos-gammes-de-production\\\/#primaryimage\",\"url\":\"https:\\\/\\\/www.directplanning.com\\\/wp-content\\\/uploads\\\/2012\\\/03\\\/direct_planning_industrie_gamme.png\",\"contentUrl\":\"https:\\\/\\\/www.directplanning.com\\\/wp-content\\\/uploads\\\/2012\\\/03\\\/direct_planning_industrie_gamme.png\",\"width\":1366,\"height\":373,\"caption\":\"Direct Planning Industrie - Un ordre de fabrication isol\u00e9 de son contexte\"},{\"@type\":\"BreadcrumbList\",\"@id\":\"https:\\\/\\\/www.directplanning.com\\\/fr\\\/planning-industrie\\\/planning-industrie-fonctionnalites\\\/planning-industrie-vos-gammes-de-production\\\/#breadcrumb\",\"itemListElement\":[{\"@type\":\"ListItem\",\"position\":1,\"name\":\"Accueil\",\"item\":\"https:\\\/\\\/www.directplanning.com\\\/fr\\\/\"},{\"@type\":\"ListItem\",\"position\":2,\"name\":\"Direct Planning Industrie\",\"item\":\"https:\\\/\\\/www.directplanning.com\\\/fr\\\/planning-industrie\\\/\"},{\"@type\":\"ListItem\",\"position\":3,\"name\":\"Planning Industrie &#8211; Fonctionnalit\u00e9s\",\"item\":\"https:\\\/\\\/www.directplanning.com\\\/fr\\\/planning-industrie\\\/planning-industrie-fonctionnalites\\\/\"},{\"@type\":\"ListItem\",\"position\":4,\"name\":\"Planning Industrie &#8211; Vos gammes de production\"}]},{\"@type\":\"WebSite\",\"@id\":\"https:\\\/\\\/www.directplanning.com\\\/fr\\\/#website\",\"url\":\"https:\\\/\\\/www.directplanning.com\\\/fr\\\/\",\"name\":\"Directplanning.com\",\"description\":\"Optimisez votre planning de production. Outil de planification intuitif et complet pour les entreprises et industries. Essai gratuit en ligne\",\"publisher\":{\"@id\":\"https:\\\/\\\/www.directplanning.com\\\/fr\\\/#organization\"},\"potentialAction\":[{\"@type\":\"SearchAction\",\"target\":{\"@type\":\"EntryPoint\",\"urlTemplate\":\"https:\\\/\\\/www.directplanning.com\\\/fr\\\/?s={search_term_string}\"},\"query-input\":{\"@type\":\"PropertyValueSpecification\",\"valueRequired\":true,\"valueName\":\"search_term_string\"}}],\"inLanguage\":\"fr-FR\"},{\"@type\":\"Organization\",\"@id\":\"https:\\\/\\\/www.directplanning.com\\\/fr\\\/#organization\",\"name\":\"Direct Planning\",\"alternateName\":\"DP\",\"url\":\"https:\\\/\\\/www.directplanning.com\\\/fr\\\/\",\"logo\":{\"@type\":\"ImageObject\",\"inLanguage\":\"fr-FR\",\"@id\":\"https:\\\/\\\/www.directplanning.com\\\/fr\\\/#\\\/schema\\\/logo\\\/image\\\/\",\"url\":\"https:\\\/\\\/www.directplanning.com\\\/wp-content\\\/uploads\\\/2023\\\/08\\\/DirectPlanIcone.bmp\",\"contentUrl\":\"https:\\\/\\\/www.directplanning.com\\\/wp-content\\\/uploads\\\/2023\\\/08\\\/DirectPlanIcone.bmp\",\"width\":320,\"height\":355,\"caption\":\"Direct Planning\"},\"image\":{\"@id\":\"https:\\\/\\\/www.directplanning.com\\\/fr\\\/#\\\/schema\\\/logo\\\/image\\\/\"},\"sameAs\":[\"https:\\\/\\\/x.com\\\/Direct_Planning\",\"https:\\\/\\\/www.linkedin.com\\\/showcase\\\/direct-planning\\\/posts\\\/?feedView=all\",\"https:\\\/\\\/www.youtube.com\\\/user\\\/VolumeSoftware\"]}]}<\/script>\n<!-- \/ Yoast SEO plugin. -->","yoast_head_json":{"title":"Planning Industrie - Vos gammes de production - Direct Planning","description":"Mod\u00e9lisez vos gammes : cr\u00e9ez des liens entre t\u00e2ches, g\u00e9rez les pr\u00e9c\u00e9dences, chevauchements et d\u00e9calages pour une planification optimale.","robots":{"index":"index","follow":"follow","max-snippet":"max-snippet:-1","max-image-preview":"max-image-preview:large","max-video-preview":"max-video-preview:-1"},"canonical":"https:\/\/www.directplanning.com\/fr\/planning-industrie\/planning-industrie-fonctionnalites\/planning-industrie-vos-gammes-de-production\/","og_locale":"fr_FR","og_type":"article","og_title":"Planning Industrie - Vos gammes de production - Direct Planning","og_description":"Mod\u00e9lisez vos gammes : cr\u00e9ez des liens entre t\u00e2ches, g\u00e9rez les pr\u00e9c\u00e9dences, chevauchements et d\u00e9calages pour une planification optimale.","og_url":"https:\/\/www.directplanning.com\/fr\/planning-industrie\/planning-industrie-fonctionnalites\/planning-industrie-vos-gammes-de-production\/","og_site_name":"Direct Planning","article_modified_time":"2025-10-03T09:13:43+00:00","og_image":[{"width":1366,"height":373,"url":"https:\/\/www.directplanning.com\/wp-content\/uploads\/2012\/03\/direct_planning_industrie_gamme.png","type":"image\/png"}],"twitter_card":"summary_large_image","twitter_site":"@Direct_Planning","twitter_misc":{"Dur\u00e9e de lecture estim\u00e9e":"2 minutes"},"schema":{"@context":"https:\/\/schema.org","@graph":[{"@type":"WebPage","@id":"https:\/\/www.directplanning.com\/fr\/planning-industrie\/planning-industrie-fonctionnalites\/planning-industrie-vos-gammes-de-production\/","url":"https:\/\/www.directplanning.com\/fr\/planning-industrie\/planning-industrie-fonctionnalites\/planning-industrie-vos-gammes-de-production\/","name":"Planning Industrie - Vos gammes de production - Direct Planning","isPartOf":{"@id":"https:\/\/www.directplanning.com\/fr\/#website"},"primaryImageOfPage":{"@id":"https:\/\/www.directplanning.com\/fr\/planning-industrie\/planning-industrie-fonctionnalites\/planning-industrie-vos-gammes-de-production\/#primaryimage"},"image":{"@id":"https:\/\/www.directplanning.com\/fr\/planning-industrie\/planning-industrie-fonctionnalites\/planning-industrie-vos-gammes-de-production\/#primaryimage"},"thumbnailUrl":"https:\/\/www.directplanning.com\/wp-content\/uploads\/2012\/03\/direct_planning_industrie_gamme.png","datePublished":"2012-03-26T09:22:37+00:00","dateModified":"2025-10-03T09:13:43+00:00","description":"Mod\u00e9lisez vos gammes : cr\u00e9ez des liens entre t\u00e2ches, g\u00e9rez les pr\u00e9c\u00e9dences, chevauchements et d\u00e9calages pour une planification optimale.","breadcrumb":{"@id":"https:\/\/www.directplanning.com\/fr\/planning-industrie\/planning-industrie-fonctionnalites\/planning-industrie-vos-gammes-de-production\/#breadcrumb"},"inLanguage":"fr-FR","potentialAction":[{"@type":"ReadAction","target":["https:\/\/www.directplanning.com\/fr\/planning-industrie\/planning-industrie-fonctionnalites\/planning-industrie-vos-gammes-de-production\/"]}]},{"@type":"ImageObject","inLanguage":"fr-FR","@id":"https:\/\/www.directplanning.com\/fr\/planning-industrie\/planning-industrie-fonctionnalites\/planning-industrie-vos-gammes-de-production\/#primaryimage","url":"https:\/\/www.directplanning.com\/wp-content\/uploads\/2012\/03\/direct_planning_industrie_gamme.png","contentUrl":"https:\/\/www.directplanning.com\/wp-content\/uploads\/2012\/03\/direct_planning_industrie_gamme.png","width":1366,"height":373,"caption":"Direct Planning Industrie - Un ordre de fabrication isol\u00e9 de son contexte"},{"@type":"BreadcrumbList","@id":"https:\/\/www.directplanning.com\/fr\/planning-industrie\/planning-industrie-fonctionnalites\/planning-industrie-vos-gammes-de-production\/#breadcrumb","itemListElement":[{"@type":"ListItem","position":1,"name":"Accueil","item":"https:\/\/www.directplanning.com\/fr\/"},{"@type":"ListItem","position":2,"name":"Direct Planning Industrie","item":"https:\/\/www.directplanning.com\/fr\/planning-industrie\/"},{"@type":"ListItem","position":3,"name":"Planning Industrie &#8211; Fonctionnalit\u00e9s","item":"https:\/\/www.directplanning.com\/fr\/planning-industrie\/planning-industrie-fonctionnalites\/"},{"@type":"ListItem","position":4,"name":"Planning Industrie &#8211; Vos gammes de production"}]},{"@type":"WebSite","@id":"https:\/\/www.directplanning.com\/fr\/#website","url":"https:\/\/www.directplanning.com\/fr\/","name":"Directplanning.com","description":"Optimisez votre planning de production. Outil de planification intuitif et complet pour les entreprises et industries. Essai gratuit en ligne","publisher":{"@id":"https:\/\/www.directplanning.com\/fr\/#organization"},"potentialAction":[{"@type":"SearchAction","target":{"@type":"EntryPoint","urlTemplate":"https:\/\/www.directplanning.com\/fr\/?s={search_term_string}"},"query-input":{"@type":"PropertyValueSpecification","valueRequired":true,"valueName":"search_term_string"}}],"inLanguage":"fr-FR"},{"@type":"Organization","@id":"https:\/\/www.directplanning.com\/fr\/#organization","name":"Direct Planning","alternateName":"DP","url":"https:\/\/www.directplanning.com\/fr\/","logo":{"@type":"ImageObject","inLanguage":"fr-FR","@id":"https:\/\/www.directplanning.com\/fr\/#\/schema\/logo\/image\/","url":"https:\/\/www.directplanning.com\/wp-content\/uploads\/2023\/08\/DirectPlanIcone.bmp","contentUrl":"https:\/\/www.directplanning.com\/wp-content\/uploads\/2023\/08\/DirectPlanIcone.bmp","width":320,"height":355,"caption":"Direct Planning"},"image":{"@id":"https:\/\/www.directplanning.com\/fr\/#\/schema\/logo\/image\/"},"sameAs":["https:\/\/x.com\/Direct_Planning","https:\/\/www.linkedin.com\/showcase\/direct-planning\/posts\/?feedView=all","https:\/\/www.youtube.com\/user\/VolumeSoftware"]}]}},"_links":{"self":[{"href":"https:\/\/www.directplanning.com\/fr\/wp-json\/wp\/v2\/pages\/550","targetHints":{"allow":["GET"]}}],"collection":[{"href":"https:\/\/www.directplanning.com\/fr\/wp-json\/wp\/v2\/pages"}],"about":[{"href":"https:\/\/www.directplanning.com\/fr\/wp-json\/wp\/v2\/types\/page"}],"author":[{"embeddable":true,"href":"https:\/\/www.directplanning.com\/fr\/wp-json\/wp\/v2\/users\/2"}],"replies":[{"embeddable":true,"href":"https:\/\/www.directplanning.com\/fr\/wp-json\/wp\/v2\/comments?post=550"}],"version-history":[{"count":0,"href":"https:\/\/www.directplanning.com\/fr\/wp-json\/wp\/v2\/pages\/550\/revisions"}],"up":[{"embeddable":true,"href":"https:\/\/www.directplanning.com\/fr\/wp-json\/wp\/v2\/pages\/516"}],"wp:featuredmedia":[{"embeddable":true,"href":"https:\/\/www.directplanning.com\/fr\/wp-json\/wp\/v2\/media\/1522"}],"wp:attachment":[{"href":"https:\/\/www.directplanning.com\/fr\/wp-json\/wp\/v2\/media?parent=550"}],"curies":[{"name":"wp","href":"https:\/\/api.w.org\/{rel}","templated":true}]}}