{"id":526,"date":"2012-02-16T14:12:23","date_gmt":"2012-02-16T14:12:23","guid":{"rendered":"https:\/\/www.directplanning.com\/?page_id=526"},"modified":"2025-10-03T11:06:01","modified_gmt":"2025-10-03T09:06:01","slug":"planning-industrie-configurable-pour-votre-metier","status":"publish","type":"page","link":"https:\/\/www.directplanning.com\/fr\/planning-industrie\/planning-industrie-fonctionnalites\/planning-industrie-configurable-pour-votre-metier\/","title":{"rendered":"Planning Industrie &#8211; Configurable pour votre m\u00e9tier"},"content":{"rendered":"\n<p><strong>Direct Planning Industrie<\/strong> permet de <strong>configurer les donn\u00e9es m\u00e9tier<\/strong> dont vous avez besoin pour la planification. Que les t\u00e2ches soient saisies manuellement ou <a title=\"Planning Industrie \u2013 Interfaces avec votre syst\u00e8me d\u2019information\" href=\"https:\/\/www.directplanning.com\/fr\/planning-industrie\/planning-industrie-fonctionnalites\/planning-industrie-interfaces-avec-votre-systeme-d-information\/\">import\u00e9es directement depuis votre syst\u00e8me d&#8217;information<\/a>, vous trouverez ces donn\u00e9es m\u00e9tiers au niveau de chacune des t\u00e2ches planifi\u00e9es.<\/p>\n\n\n\n<p><strong>Direct Planning Industrie<\/strong> propose plusieurs structures de donn\u00e9es configurables : les <strong>entit\u00e9s<\/strong>, les <strong>donn\u00e9es de r\u00e9f\u00e9rence<\/strong>, les <strong>zones configurables de la t\u00e2che<\/strong> et les <strong><a title=\"Planning Industrie \u2013 Les marqueurs visuels\" href=\"https:\/\/www.directplanning.com\/fr\/planning-industrie\/planning-industrie-fonctionnalites\/planning-industrie-marqueurs-visuels\/\">marqueurs<\/a><\/strong>.<\/p>\n\n\n\n<!--more-->\n\n\n\n<p>D\u00e9couvrez <strong>en vid\u00e9o<\/strong> quelques aspects de configuration m\u00e9tier :<\/p>\n\n\n\n<p><iframe src=\"https:\/\/www.youtube.com\/embed\/vpd7utqswVU?list=PLE29BC077F1C16669&amp;rel=0\" width=\"640\" height=\"360\" frameborder=\"0\" allowfullscreen=\"allowfullscreen\"><\/iframe><\/p>\n\n\n\n<h2 class=\"wp-block-heading\">Les entit\u00e9s : vos donn\u00e9es structur\u00e9es personnalisables<\/h2>\n\n\n\n<p>Les entit\u00e9s vous permettent de mod\u00e9liser des listes de donn\u00e9es structur\u00e9es. Il s&#8217;agit souvent de <strong>donn\u00e9es commerciales<\/strong> ou de <strong>production<\/strong>. Vous pouvez configurer jusqu&#8217;\u00e0 10 entit\u00e9s.<\/p>\n\n\n\n<p><strong>Exemples d&#8217;entit\u00e9s :<\/strong> le commercial, le client, l&#8217;article, la commande commerciale, l&#8217;ordre de fabrication, la famille, la sous-famille, etc.<\/p>\n\n\n\n<p>Pour chacune de ces entit\u00e9s, on dispose d&#8217;un code et d&#8217;un libell\u00e9, mais \u00e9galement de <strong>10 champs configurables<\/strong> (exemple : pour la fiche client, il est possible de configurer la saisie d&#8217;un t\u00e9l\u00e9phone, d&#8217;un e-mail, du nom du contact principal, de la ville et du pays de livraison, etc.).<\/p>\n\n\n\n<p>Il est \u00e9galement possible de <strong>hi\u00e9rarchiser les entit\u00e9s<\/strong>. Ainsi le client pourra \u00eatre li\u00e9 \u00e0 un commercial ; la commande pourra \u00eatre li\u00e9e \u00e0 un client. Il est ainsi facile d&#8217;obtenir rapidement la liste des commandes de tel client ou de tel commercial.<\/p>\n\n\n\n<p>Bien structurer les entit\u00e9s est fondamental. Ces donn\u00e9es joueront un r\u00f4le cl\u00e9 dans les recherches de t\u00e2ches et dans la coloration.<\/p>\n\n\n<div class=\"wp-block-image\">\n<figure class=\"aligncenter\"><a href=\"https:\/\/www.directplanning.com\/wp-content\/uploads\/2020\/06\/direct_planning_industrie_entite_produit.png\" data-rel=\"lightbox-image-0\" data-rl_title=\"\" data-rl_caption=\"\" title=\"\"><img decoding=\"async\" width=\"610\" height=\"358\" src=\"https:\/\/www.directplanning.com\/wp-content\/uploads\/2020\/06\/direct_planning_industrie_entite_produit-610x358.png\" alt=\"Direct Planning Industrie - Un exemple de configuration d'une entit\u00e9 : les produits\" class=\"wp-image-4404\" srcset=\"https:\/\/www.directplanning.com\/wp-content\/uploads\/2020\/06\/direct_planning_industrie_entite_produit-610x358.png 610w, https:\/\/www.directplanning.com\/wp-content\/uploads\/2020\/06\/direct_planning_industrie_entite_produit-312x183.png 312w, https:\/\/www.directplanning.com\/wp-content\/uploads\/2020\/06\/direct_planning_industrie_entite_produit-156x91.png 156w, https:\/\/www.directplanning.com\/wp-content\/uploads\/2020\/06\/direct_planning_industrie_entite_produit-768x450.png 768w, https:\/\/www.directplanning.com\/wp-content\/uploads\/2020\/06\/direct_planning_industrie_entite_produit-810x475.png 810w, https:\/\/www.directplanning.com\/wp-content\/uploads\/2020\/06\/direct_planning_industrie_entite_produit.png 1098w\" sizes=\"(max-width: 610px) 100vw, 610px\" \/><\/a><figcaption class=\"wp-element-caption\">Direct Planning Industrie &#8211; Un exemple de configuration d&#8217;une entit\u00e9 : les produits<\/figcaption><\/figure><\/div>\n\n<div class=\"wp-block-image\">\n<figure class=\"aligncenter\"><a href=\"https:\/\/www.directplanning.com\/wp-content\/uploads\/2020\/06\/direct_planning_industrie_entite_produit_detail_tache.png\" data-rel=\"lightbox-image-1\" data-rl_title=\"\" data-rl_caption=\"\" title=\"\"><img decoding=\"async\" width=\"610\" height=\"390\" src=\"https:\/\/www.directplanning.com\/wp-content\/uploads\/2020\/06\/direct_planning_industrie_entite_produit_detail_tache-610x390.png\" alt=\"Direct Planning Industrie - Les informations des entit\u00e9s visibles dans le d\u00e9tai de t\u00e2che\" class=\"wp-image-4407\" srcset=\"https:\/\/www.directplanning.com\/wp-content\/uploads\/2020\/06\/direct_planning_industrie_entite_produit_detail_tache-610x390.png 610w, https:\/\/www.directplanning.com\/wp-content\/uploads\/2020\/06\/direct_planning_industrie_entite_produit_detail_tache-312x200.png 312w, https:\/\/www.directplanning.com\/wp-content\/uploads\/2020\/06\/direct_planning_industrie_entite_produit_detail_tache-156x100.png 156w, https:\/\/www.directplanning.com\/wp-content\/uploads\/2020\/06\/direct_planning_industrie_entite_produit_detail_tache-768x491.png 768w, https:\/\/www.directplanning.com\/wp-content\/uploads\/2020\/06\/direct_planning_industrie_entite_produit_detail_tache-810x518.png 810w, https:\/\/www.directplanning.com\/wp-content\/uploads\/2020\/06\/direct_planning_industrie_entite_produit_detail_tache.png 1066w\" sizes=\"(max-width: 610px) 100vw, 610px\" \/><\/a><figcaption class=\"wp-element-caption\">Direct Planning Industrie &#8211; Les informations des entit\u00e9s visibles dans le d\u00e9tai de t\u00e2che<\/figcaption><\/figure><\/div>\n\n\n<h2 class=\"wp-block-heading\">Les donn\u00e9es de r\u00e9f\u00e9rence<\/h2>\n\n\n\n<p>Les donn\u00e9es de r\u00e9f\u00e9rences sont des <strong>listes de donn\u00e9es<\/strong> repr\u00e9sent\u00e9es par un code, un libell\u00e9 et une couleur.<br>Il peut par exemple s\u2019agir de listes de commerciaux, de familles produit, de formes de d\u00e9coupe, de couleurs, etc.<\/p>\n\n\n\n<p>Direct Planning offre de nombreux champs configurables et les donn\u00e9es de r\u00e9f\u00e9rences sont utilis\u00e9es pour <strong>typer ces champs configurables<\/strong> (en plus des types classiques : entier, texte, date, etc.).<\/p>\n\n\n\n<p>Les donn\u00e9es de r\u00e9f\u00e9rences interviennent par la suite \u00e0 plusieurs niveaux :<\/p>\n\n\n\n<ol class=\"wp-block-list\">\n<li><strong>Informer<\/strong> : les affichages peuvent \u00eatre configur\u00e9s pour afficher ces donn\u00e9es \u00e0 l\u2019\u00e9cran.<\/li>\n\n\n\n<li><strong>Colorer<\/strong> : les t\u00e2ches peuvent \u00eatre color\u00e9es en fonction d\u2019une donn\u00e9e de r\u00e9f\u00e9rence. On peut par exemple op\u00e9rer une coloration par forme de d\u00e9coupe.<\/li>\n\n\n\n<li>Intervenir dans les <strong>formules programmables<\/strong> permettant de d\u00e9finir les temps de r\u00e9glage et cadences.<\/li>\n<\/ol>\n\n\n\n<h2 class=\"wp-block-heading\">Les zones configurables du d\u00e9tail de t\u00e2che<\/h2>\n\n\n\n<p>En plus des entit\u00e9s et des \u00e9l\u00e9ments techniques, vous disposez sur la t\u00e2che en elle-m\u00eame de <strong>10 zones configurables<\/strong>. Un pas de plus vers la personnalisation.<\/p>\n\n\n\n<p>Par ailleurs, vous disposez sur chaque t\u00e2che d&#8217;une zone de <strong>notes<\/strong> en texte riche. Dans ces notes, vous pouvez tr\u00e8s simplement ins\u00e9rer <strong>des liens cliquables vers des documents<\/strong> de production (Word, Excel, PDF, Images, etc.), par exemple : fiche technique, ordre de fabrication, bon de travail, dossier CAO, etc.<\/p>\n\n\n\n<h2 class=\"wp-block-heading\">Personnalisation des affichages<\/h2>\n\n\n\n<p>Une fois ces donn\u00e9es configur\u00e9es, vous pourrez \u00e9galement <a title=\"Planning Industrie \u2013 Affichages personnalisables\" href=\"https:\/\/www.directplanning.com\/fr\/planning-industrie\/planning-industrie-fonctionnalites\/planning-industrie-affichages-personnalisables\/\">personnaliser finement vos affichages<\/a> de mani\u00e8re \u00e0 ce qu&#8217;ils refl\u00e8tent les besoins de votre entreprise.<\/p>\n\n\n\n<p class=\"has-text-align-center\"><a class=\"mks_button mks_button_medium rounded\" href=\"https:\/\/www.directplanning.com\/fr\/planning-industrie\/planning-industrie-fonctionnalites\/\" target=\"_self\" style=\"color: #FFFFFF; background-color: #1e73be;\" > Les fonctionnalit\u00e9s Planning Industrie <\/a>\n","protected":false},"excerpt":{"rendered":"<p>Direct Planning Industrie permet de configurer les donn\u00e9es m\u00e9tier dont vous avez besoin pour la planification. Que les t\u00e2ches soient saisies manuellement ou import\u00e9es directement depuis votre syst\u00e8me d&#8217;information, vous trouverez ces donn\u00e9es m\u00e9tiers au niveau de chacune des t\u00e2ches planifi\u00e9es. Direct Planning Industrie propose plusieurs structures de donn\u00e9es configurables : les entit\u00e9s, les donn\u00e9es [&hellip;]<\/p>\n","protected":false},"author":2,"featured_media":1503,"parent":516,"menu_order":30,"comment_status":"open","ping_status":"closed","template":"","meta":{"footnotes":""},"class_list":["post-526","page","type-page","status-publish","has-post-thumbnail","hentry"],"yoast_head":"<!-- This site is optimized with the Yoast SEO plugin v27.4 - https:\/\/yoast.com\/product\/yoast-seo-wordpress\/ -->\n<title>Planning Industrie - Configurable pour votre m\u00e9tier - Direct Planning<\/title>\n<meta name=\"description\" content=\"Adaptez votre planning: configurez entit\u00e9s, donn\u00e9es m\u00e9tier, zones et marqueurs pour une planification sur mesure.\" \/>\n<meta name=\"robots\" content=\"index, follow, max-snippet:-1, max-image-preview:large, max-video-preview:-1\" \/>\n<link rel=\"canonical\" href=\"https:\/\/www.directplanning.com\/fr\/planning-industrie\/planning-industrie-fonctionnalites\/planning-industrie-configurable-pour-votre-metier\/\" \/>\n<meta property=\"og:locale\" content=\"fr_FR\" \/>\n<meta property=\"og:type\" content=\"article\" \/>\n<meta property=\"og:title\" content=\"Planning Industrie - Configurable pour votre m\u00e9tier - Direct Planning\" \/>\n<meta property=\"og:description\" content=\"Adaptez votre planning: configurez entit\u00e9s, donn\u00e9es m\u00e9tier, zones et marqueurs pour une planification sur mesure.\" \/>\n<meta property=\"og:url\" content=\"https:\/\/www.directplanning.com\/fr\/planning-industrie\/planning-industrie-fonctionnalites\/planning-industrie-configurable-pour-votre-metier\/\" \/>\n<meta property=\"og:site_name\" content=\"Direct Planning\" \/>\n<meta property=\"article:modified_time\" content=\"2025-10-03T09:06:01+00:00\" \/>\n<meta property=\"og:image\" content=\"https:\/\/www.directplanning.com\/wp-content\/uploads\/2012\/02\/direct_planning_industrie_entite_commande.png\" \/>\n\t<meta property=\"og:image:width\" content=\"1166\" \/>\n\t<meta property=\"og:image:height\" content=\"569\" \/>\n\t<meta property=\"og:image:type\" content=\"image\/png\" \/>\n<meta name=\"twitter:card\" content=\"summary_large_image\" \/>\n<meta name=\"twitter:site\" content=\"@Direct_Planning\" \/>\n<meta name=\"twitter:label1\" content=\"Dur\u00e9e de lecture estim\u00e9e\" \/>\n\t<meta name=\"twitter:data1\" content=\"4 minutes\" \/>\n<script type=\"application\/ld+json\" class=\"yoast-schema-graph\">{\"@context\":\"https:\\\/\\\/schema.org\",\"@graph\":[{\"@type\":\"WebPage\",\"@id\":\"https:\\\/\\\/www.directplanning.com\\\/fr\\\/planning-industrie\\\/planning-industrie-fonctionnalites\\\/planning-industrie-configurable-pour-votre-metier\\\/\",\"url\":\"https:\\\/\\\/www.directplanning.com\\\/fr\\\/planning-industrie\\\/planning-industrie-fonctionnalites\\\/planning-industrie-configurable-pour-votre-metier\\\/\",\"name\":\"Planning Industrie - Configurable pour votre m\u00e9tier - Direct Planning\",\"isPartOf\":{\"@id\":\"https:\\\/\\\/www.directplanning.com\\\/fr\\\/#website\"},\"primaryImageOfPage\":{\"@id\":\"https:\\\/\\\/www.directplanning.com\\\/fr\\\/planning-industrie\\\/planning-industrie-fonctionnalites\\\/planning-industrie-configurable-pour-votre-metier\\\/#primaryimage\"},\"image\":{\"@id\":\"https:\\\/\\\/www.directplanning.com\\\/fr\\\/planning-industrie\\\/planning-industrie-fonctionnalites\\\/planning-industrie-configurable-pour-votre-metier\\\/#primaryimage\"},\"thumbnailUrl\":\"https:\\\/\\\/www.directplanning.com\\\/wp-content\\\/uploads\\\/2012\\\/02\\\/direct_planning_industrie_entite_commande.png\",\"datePublished\":\"2012-02-16T14:12:23+00:00\",\"dateModified\":\"2025-10-03T09:06:01+00:00\",\"description\":\"Adaptez votre planning: configurez entit\u00e9s, donn\u00e9es m\u00e9tier, zones et marqueurs pour une planification sur mesure.\",\"breadcrumb\":{\"@id\":\"https:\\\/\\\/www.directplanning.com\\\/fr\\\/planning-industrie\\\/planning-industrie-fonctionnalites\\\/planning-industrie-configurable-pour-votre-metier\\\/#breadcrumb\"},\"inLanguage\":\"fr-FR\",\"potentialAction\":[{\"@type\":\"ReadAction\",\"target\":[\"https:\\\/\\\/www.directplanning.com\\\/fr\\\/planning-industrie\\\/planning-industrie-fonctionnalites\\\/planning-industrie-configurable-pour-votre-metier\\\/\"]}]},{\"@type\":\"ImageObject\",\"inLanguage\":\"fr-FR\",\"@id\":\"https:\\\/\\\/www.directplanning.com\\\/fr\\\/planning-industrie\\\/planning-industrie-fonctionnalites\\\/planning-industrie-configurable-pour-votre-metier\\\/#primaryimage\",\"url\":\"https:\\\/\\\/www.directplanning.com\\\/wp-content\\\/uploads\\\/2012\\\/02\\\/direct_planning_industrie_entite_commande.png\",\"contentUrl\":\"https:\\\/\\\/www.directplanning.com\\\/wp-content\\\/uploads\\\/2012\\\/02\\\/direct_planning_industrie_entite_commande.png\",\"width\":1166,\"height\":569,\"caption\":\"Direct Planning Industrie - Un exemple de configuration d'une entit\u00e9 : les commandes\"},{\"@type\":\"BreadcrumbList\",\"@id\":\"https:\\\/\\\/www.directplanning.com\\\/fr\\\/planning-industrie\\\/planning-industrie-fonctionnalites\\\/planning-industrie-configurable-pour-votre-metier\\\/#breadcrumb\",\"itemListElement\":[{\"@type\":\"ListItem\",\"position\":1,\"name\":\"Accueil\",\"item\":\"https:\\\/\\\/www.directplanning.com\\\/fr\\\/\"},{\"@type\":\"ListItem\",\"position\":2,\"name\":\"Direct Planning Industrie\",\"item\":\"https:\\\/\\\/www.directplanning.com\\\/fr\\\/planning-industrie\\\/\"},{\"@type\":\"ListItem\",\"position\":3,\"name\":\"Planning Industrie &#8211; Fonctionnalit\u00e9s\",\"item\":\"https:\\\/\\\/www.directplanning.com\\\/fr\\\/planning-industrie\\\/planning-industrie-fonctionnalites\\\/\"},{\"@type\":\"ListItem\",\"position\":4,\"name\":\"Planning Industrie &#8211; Configurable pour votre m\u00e9tier\"}]},{\"@type\":\"WebSite\",\"@id\":\"https:\\\/\\\/www.directplanning.com\\\/fr\\\/#website\",\"url\":\"https:\\\/\\\/www.directplanning.com\\\/fr\\\/\",\"name\":\"Directplanning.com\",\"description\":\"Optimisez votre planning de production. Outil de planification intuitif et complet pour les entreprises et industries. Essai gratuit en ligne\",\"publisher\":{\"@id\":\"https:\\\/\\\/www.directplanning.com\\\/fr\\\/#organization\"},\"potentialAction\":[{\"@type\":\"SearchAction\",\"target\":{\"@type\":\"EntryPoint\",\"urlTemplate\":\"https:\\\/\\\/www.directplanning.com\\\/fr\\\/?s={search_term_string}\"},\"query-input\":{\"@type\":\"PropertyValueSpecification\",\"valueRequired\":true,\"valueName\":\"search_term_string\"}}],\"inLanguage\":\"fr-FR\"},{\"@type\":\"Organization\",\"@id\":\"https:\\\/\\\/www.directplanning.com\\\/fr\\\/#organization\",\"name\":\"Direct Planning\",\"alternateName\":\"DP\",\"url\":\"https:\\\/\\\/www.directplanning.com\\\/fr\\\/\",\"logo\":{\"@type\":\"ImageObject\",\"inLanguage\":\"fr-FR\",\"@id\":\"https:\\\/\\\/www.directplanning.com\\\/fr\\\/#\\\/schema\\\/logo\\\/image\\\/\",\"url\":\"https:\\\/\\\/www.directplanning.com\\\/wp-content\\\/uploads\\\/2023\\\/08\\\/DirectPlanIcone.bmp\",\"contentUrl\":\"https:\\\/\\\/www.directplanning.com\\\/wp-content\\\/uploads\\\/2023\\\/08\\\/DirectPlanIcone.bmp\",\"width\":320,\"height\":355,\"caption\":\"Direct Planning\"},\"image\":{\"@id\":\"https:\\\/\\\/www.directplanning.com\\\/fr\\\/#\\\/schema\\\/logo\\\/image\\\/\"},\"sameAs\":[\"https:\\\/\\\/x.com\\\/Direct_Planning\",\"https:\\\/\\\/www.linkedin.com\\\/showcase\\\/direct-planning\\\/posts\\\/?feedView=all\",\"https:\\\/\\\/www.youtube.com\\\/user\\\/VolumeSoftware\"]}]}<\/script>\n<!-- \/ Yoast SEO plugin. -->","yoast_head_json":{"title":"Planning Industrie - Configurable pour votre m\u00e9tier - Direct Planning","description":"Adaptez votre planning: configurez entit\u00e9s, donn\u00e9es m\u00e9tier, zones et marqueurs pour une planification sur mesure.","robots":{"index":"index","follow":"follow","max-snippet":"max-snippet:-1","max-image-preview":"max-image-preview:large","max-video-preview":"max-video-preview:-1"},"canonical":"https:\/\/www.directplanning.com\/fr\/planning-industrie\/planning-industrie-fonctionnalites\/planning-industrie-configurable-pour-votre-metier\/","og_locale":"fr_FR","og_type":"article","og_title":"Planning Industrie - Configurable pour votre m\u00e9tier - Direct Planning","og_description":"Adaptez votre planning: configurez entit\u00e9s, donn\u00e9es m\u00e9tier, zones et marqueurs pour une planification sur mesure.","og_url":"https:\/\/www.directplanning.com\/fr\/planning-industrie\/planning-industrie-fonctionnalites\/planning-industrie-configurable-pour-votre-metier\/","og_site_name":"Direct Planning","article_modified_time":"2025-10-03T09:06:01+00:00","og_image":[{"width":1166,"height":569,"url":"https:\/\/www.directplanning.com\/wp-content\/uploads\/2012\/02\/direct_planning_industrie_entite_commande.png","type":"image\/png"}],"twitter_card":"summary_large_image","twitter_site":"@Direct_Planning","twitter_misc":{"Dur\u00e9e de lecture estim\u00e9e":"4 minutes"},"schema":{"@context":"https:\/\/schema.org","@graph":[{"@type":"WebPage","@id":"https:\/\/www.directplanning.com\/fr\/planning-industrie\/planning-industrie-fonctionnalites\/planning-industrie-configurable-pour-votre-metier\/","url":"https:\/\/www.directplanning.com\/fr\/planning-industrie\/planning-industrie-fonctionnalites\/planning-industrie-configurable-pour-votre-metier\/","name":"Planning Industrie - Configurable pour votre m\u00e9tier - Direct Planning","isPartOf":{"@id":"https:\/\/www.directplanning.com\/fr\/#website"},"primaryImageOfPage":{"@id":"https:\/\/www.directplanning.com\/fr\/planning-industrie\/planning-industrie-fonctionnalites\/planning-industrie-configurable-pour-votre-metier\/#primaryimage"},"image":{"@id":"https:\/\/www.directplanning.com\/fr\/planning-industrie\/planning-industrie-fonctionnalites\/planning-industrie-configurable-pour-votre-metier\/#primaryimage"},"thumbnailUrl":"https:\/\/www.directplanning.com\/wp-content\/uploads\/2012\/02\/direct_planning_industrie_entite_commande.png","datePublished":"2012-02-16T14:12:23+00:00","dateModified":"2025-10-03T09:06:01+00:00","description":"Adaptez votre planning: configurez entit\u00e9s, donn\u00e9es m\u00e9tier, zones et marqueurs pour une planification sur mesure.","breadcrumb":{"@id":"https:\/\/www.directplanning.com\/fr\/planning-industrie\/planning-industrie-fonctionnalites\/planning-industrie-configurable-pour-votre-metier\/#breadcrumb"},"inLanguage":"fr-FR","potentialAction":[{"@type":"ReadAction","target":["https:\/\/www.directplanning.com\/fr\/planning-industrie\/planning-industrie-fonctionnalites\/planning-industrie-configurable-pour-votre-metier\/"]}]},{"@type":"ImageObject","inLanguage":"fr-FR","@id":"https:\/\/www.directplanning.com\/fr\/planning-industrie\/planning-industrie-fonctionnalites\/planning-industrie-configurable-pour-votre-metier\/#primaryimage","url":"https:\/\/www.directplanning.com\/wp-content\/uploads\/2012\/02\/direct_planning_industrie_entite_commande.png","contentUrl":"https:\/\/www.directplanning.com\/wp-content\/uploads\/2012\/02\/direct_planning_industrie_entite_commande.png","width":1166,"height":569,"caption":"Direct Planning Industrie - Un exemple de configuration d'une entit\u00e9 : les commandes"},{"@type":"BreadcrumbList","@id":"https:\/\/www.directplanning.com\/fr\/planning-industrie\/planning-industrie-fonctionnalites\/planning-industrie-configurable-pour-votre-metier\/#breadcrumb","itemListElement":[{"@type":"ListItem","position":1,"name":"Accueil","item":"https:\/\/www.directplanning.com\/fr\/"},{"@type":"ListItem","position":2,"name":"Direct Planning Industrie","item":"https:\/\/www.directplanning.com\/fr\/planning-industrie\/"},{"@type":"ListItem","position":3,"name":"Planning Industrie &#8211; Fonctionnalit\u00e9s","item":"https:\/\/www.directplanning.com\/fr\/planning-industrie\/planning-industrie-fonctionnalites\/"},{"@type":"ListItem","position":4,"name":"Planning Industrie &#8211; Configurable pour votre m\u00e9tier"}]},{"@type":"WebSite","@id":"https:\/\/www.directplanning.com\/fr\/#website","url":"https:\/\/www.directplanning.com\/fr\/","name":"Directplanning.com","description":"Optimisez votre planning de production. Outil de planification intuitif et complet pour les entreprises et industries. Essai gratuit en ligne","publisher":{"@id":"https:\/\/www.directplanning.com\/fr\/#organization"},"potentialAction":[{"@type":"SearchAction","target":{"@type":"EntryPoint","urlTemplate":"https:\/\/www.directplanning.com\/fr\/?s={search_term_string}"},"query-input":{"@type":"PropertyValueSpecification","valueRequired":true,"valueName":"search_term_string"}}],"inLanguage":"fr-FR"},{"@type":"Organization","@id":"https:\/\/www.directplanning.com\/fr\/#organization","name":"Direct Planning","alternateName":"DP","url":"https:\/\/www.directplanning.com\/fr\/","logo":{"@type":"ImageObject","inLanguage":"fr-FR","@id":"https:\/\/www.directplanning.com\/fr\/#\/schema\/logo\/image\/","url":"https:\/\/www.directplanning.com\/wp-content\/uploads\/2023\/08\/DirectPlanIcone.bmp","contentUrl":"https:\/\/www.directplanning.com\/wp-content\/uploads\/2023\/08\/DirectPlanIcone.bmp","width":320,"height":355,"caption":"Direct Planning"},"image":{"@id":"https:\/\/www.directplanning.com\/fr\/#\/schema\/logo\/image\/"},"sameAs":["https:\/\/x.com\/Direct_Planning","https:\/\/www.linkedin.com\/showcase\/direct-planning\/posts\/?feedView=all","https:\/\/www.youtube.com\/user\/VolumeSoftware"]}]}},"_links":{"self":[{"href":"https:\/\/www.directplanning.com\/fr\/wp-json\/wp\/v2\/pages\/526","targetHints":{"allow":["GET"]}}],"collection":[{"href":"https:\/\/www.directplanning.com\/fr\/wp-json\/wp\/v2\/pages"}],"about":[{"href":"https:\/\/www.directplanning.com\/fr\/wp-json\/wp\/v2\/types\/page"}],"author":[{"embeddable":true,"href":"https:\/\/www.directplanning.com\/fr\/wp-json\/wp\/v2\/users\/2"}],"replies":[{"embeddable":true,"href":"https:\/\/www.directplanning.com\/fr\/wp-json\/wp\/v2\/comments?post=526"}],"version-history":[{"count":0,"href":"https:\/\/www.directplanning.com\/fr\/wp-json\/wp\/v2\/pages\/526\/revisions"}],"up":[{"embeddable":true,"href":"https:\/\/www.directplanning.com\/fr\/wp-json\/wp\/v2\/pages\/516"}],"wp:featuredmedia":[{"embeddable":true,"href":"https:\/\/www.directplanning.com\/fr\/wp-json\/wp\/v2\/media\/1503"}],"wp:attachment":[{"href":"https:\/\/www.directplanning.com\/fr\/wp-json\/wp\/v2\/media?parent=526"}],"curies":[{"name":"wp","href":"https:\/\/api.w.org\/{rel}","templated":true}]}}