{"id":4604,"date":"2020-09-17T15:59:30","date_gmt":"2020-09-17T13:59:30","guid":{"rendered":"https:\/\/www.directplanning.com\/?page_id=4604"},"modified":"2025-10-03T10:56:16","modified_gmt":"2025-10-03T08:56:16","slug":"planning-industrie-les-plugins","status":"publish","type":"page","link":"https:\/\/www.directplanning.com\/fr\/planning-industrie\/planning-industrie-fonctionnalites\/planning-industrie-les-plugins\/","title":{"rendered":"Planning Industrie \u2013 Les plugins"},"content":{"rendered":"\n<p class=\"txtjust\">Direct Planning int\u00e8gre un gestionnaire de plugins. Les plugins sont des programmes sp\u00e9cifiques inclus dans Direct Planning et ex\u00e9cut\u00e9s sur diff\u00e9rents d\u00e9clencheurs, par exemple \u00e0 chaque sauvegarde, \u00e0 chaque chargement, toutes les x minutes, etc.<\/p>\n\n\n\n<p class=\"txtjust\">Ils sont par exemple utilis\u00e9s pour produire des fichiers d\u2019\u00e9change vers votre ERP, dans le format natif attendu par cet ERP.<\/p>\n\n\n\n<p>Bien que l\u2019\u00e9criture de plugins soit pour le moment r\u00e9serv\u00e9e \u00e0 l\u2019\u00e9quipe Direct Planning, nous n\u2019excluons pas, \u00e0 terme, d\u2019ouvrir ce d\u00e9veloppement \u00e0 des d\u00e9veloppeurs tiers. Notre \u00e9quipe de d\u00e9veloppement se tient \u00e0 votre disposition afin d\u2019\u00e9tudier votre projet.<\/p>\n\n\n\n<p style=\"text-align: center;\"><a class=\"mks_button mks_button_medium rounded\" href=\"https:\/\/www.directplanning.com\/fr\/planning-industrie\/planning-industrie-fonctionnalites\/\" target=\"_self\" style=\"color: #FFFFFF; background-color: #1e73be\" rel=\"noopener noreferrer\"> Les fonctionnalit\u00e9s Planning Industrie <\/a>\n","protected":false},"excerpt":{"rendered":"<p>Direct Planning int\u00e8gre un gestionnaire de plugins. Les plugins sont des programmes sp\u00e9cifiques inclus dans Direct Planning et ex\u00e9cut\u00e9s sur diff\u00e9rents d\u00e9clencheurs, par exemple \u00e0 chaque sauvegarde, \u00e0 chaque chargement, toutes les x minutes, etc. Ils sont par exemple utilis\u00e9s pour produire des fichiers d\u2019\u00e9change vers votre ERP, dans le format natif attendu par cet [&hellip;]<\/p>\n","protected":false},"author":12,"featured_media":0,"parent":516,"menu_order":0,"comment_status":"closed","ping_status":"closed","template":"","meta":{"footnotes":""},"class_list":["post-4604","page","type-page","status-publish","hentry"],"yoast_head":"<!-- This site is optimized with the Yoast SEO plugin v27.5 - https:\/\/yoast.com\/product\/yoast-seo-wordpress\/ -->\n<title>Planning Industrie \u2013 Les plugins - Direct Planning<\/title>\n<meta name=\"description\" content=\"Extensions personnalis\u00e9es pour automatiser les \u00e9changes ERP, d\u00e9clencher des actions, et adapter votre planning aux besoins sp\u00e9cifiques.\" \/>\n<meta name=\"robots\" content=\"index, follow, max-snippet:-1, max-image-preview:large, max-video-preview:-1\" \/>\n<link rel=\"canonical\" href=\"https:\/\/www.directplanning.com\/fr\/planning-industrie\/planning-industrie-fonctionnalites\/planning-industrie-les-plugins\/\" \/>\n<meta property=\"og:locale\" content=\"fr_FR\" \/>\n<meta property=\"og:type\" content=\"article\" \/>\n<meta property=\"og:title\" content=\"Planning Industrie \u2013 Les plugins - Direct Planning\" \/>\n<meta property=\"og:description\" content=\"Extensions personnalis\u00e9es pour automatiser les \u00e9changes ERP, d\u00e9clencher des actions, et adapter votre planning aux besoins sp\u00e9cifiques.\" \/>\n<meta property=\"og:url\" content=\"https:\/\/www.directplanning.com\/fr\/planning-industrie\/planning-industrie-fonctionnalites\/planning-industrie-les-plugins\/\" \/>\n<meta property=\"og:site_name\" content=\"Direct Planning\" \/>\n<meta property=\"article:modified_time\" content=\"2025-10-03T08:56:16+00:00\" \/>\n<meta property=\"og:image\" content=\"https:\/\/www.directplanning.com\/wp-content\/uploads\/2024\/10\/logo-direct-planning.png\" \/>\n\t<meta property=\"og:image:width\" content=\"256\" \/>\n\t<meta property=\"og:image:height\" content=\"128\" \/>\n\t<meta property=\"og:image:type\" content=\"image\/png\" \/>\n<meta name=\"twitter:card\" content=\"summary_large_image\" \/>\n<meta name=\"twitter:site\" content=\"@Direct_Planning\" \/>\n<meta name=\"twitter:label1\" content=\"Dur\u00e9e de lecture estim\u00e9e\" \/>\n\t<meta name=\"twitter:data1\" content=\"1 minute\" \/>\n<script type=\"application\/ld+json\" class=\"yoast-schema-graph\">{\"@context\":\"https:\\\/\\\/schema.org\",\"@graph\":[{\"@type\":\"WebPage\",\"@id\":\"https:\\\/\\\/www.directplanning.com\\\/fr\\\/planning-industrie\\\/planning-industrie-fonctionnalites\\\/planning-industrie-les-plugins\\\/\",\"url\":\"https:\\\/\\\/www.directplanning.com\\\/fr\\\/planning-industrie\\\/planning-industrie-fonctionnalites\\\/planning-industrie-les-plugins\\\/\",\"name\":\"Planning Industrie \u2013 Les plugins - Direct Planning\",\"isPartOf\":{\"@id\":\"https:\\\/\\\/www.directplanning.com\\\/fr\\\/#website\"},\"datePublished\":\"2020-09-17T13:59:30+00:00\",\"dateModified\":\"2025-10-03T08:56:16+00:00\",\"description\":\"Extensions personnalis\u00e9es pour automatiser les \u00e9changes ERP, d\u00e9clencher des actions, et adapter votre planning aux besoins sp\u00e9cifiques.\",\"breadcrumb\":{\"@id\":\"https:\\\/\\\/www.directplanning.com\\\/fr\\\/planning-industrie\\\/planning-industrie-fonctionnalites\\\/planning-industrie-les-plugins\\\/#breadcrumb\"},\"inLanguage\":\"fr-FR\",\"potentialAction\":[{\"@type\":\"ReadAction\",\"target\":[\"https:\\\/\\\/www.directplanning.com\\\/fr\\\/planning-industrie\\\/planning-industrie-fonctionnalites\\\/planning-industrie-les-plugins\\\/\"]}]},{\"@type\":\"BreadcrumbList\",\"@id\":\"https:\\\/\\\/www.directplanning.com\\\/fr\\\/planning-industrie\\\/planning-industrie-fonctionnalites\\\/planning-industrie-les-plugins\\\/#breadcrumb\",\"itemListElement\":[{\"@type\":\"ListItem\",\"position\":1,\"name\":\"Accueil\",\"item\":\"https:\\\/\\\/www.directplanning.com\\\/fr\\\/\"},{\"@type\":\"ListItem\",\"position\":2,\"name\":\"Direct Planning Industrie\",\"item\":\"https:\\\/\\\/www.directplanning.com\\\/fr\\\/planning-industrie\\\/\"},{\"@type\":\"ListItem\",\"position\":3,\"name\":\"Planning Industrie &#8211; Fonctionnalit\u00e9s\",\"item\":\"https:\\\/\\\/www.directplanning.com\\\/fr\\\/planning-industrie\\\/planning-industrie-fonctionnalites\\\/\"},{\"@type\":\"ListItem\",\"position\":4,\"name\":\"Planning Industrie \u2013 Les plugins\"}]},{\"@type\":\"WebSite\",\"@id\":\"https:\\\/\\\/www.directplanning.com\\\/fr\\\/#website\",\"url\":\"https:\\\/\\\/www.directplanning.com\\\/fr\\\/\",\"name\":\"Directplanning.com\",\"description\":\"Optimisez votre planning de production. Outil de planification intuitif et complet pour les entreprises et industries. Essai gratuit en ligne\",\"publisher\":{\"@id\":\"https:\\\/\\\/www.directplanning.com\\\/fr\\\/#organization\"},\"potentialAction\":[{\"@type\":\"SearchAction\",\"target\":{\"@type\":\"EntryPoint\",\"urlTemplate\":\"https:\\\/\\\/www.directplanning.com\\\/fr\\\/?s={search_term_string}\"},\"query-input\":{\"@type\":\"PropertyValueSpecification\",\"valueRequired\":true,\"valueName\":\"search_term_string\"}}],\"inLanguage\":\"fr-FR\"},{\"@type\":\"Organization\",\"@id\":\"https:\\\/\\\/www.directplanning.com\\\/fr\\\/#organization\",\"name\":\"Direct Planning\",\"alternateName\":\"DP\",\"url\":\"https:\\\/\\\/www.directplanning.com\\\/fr\\\/\",\"logo\":{\"@type\":\"ImageObject\",\"inLanguage\":\"fr-FR\",\"@id\":\"https:\\\/\\\/www.directplanning.com\\\/fr\\\/#\\\/schema\\\/logo\\\/image\\\/\",\"url\":\"https:\\\/\\\/www.directplanning.com\\\/wp-content\\\/uploads\\\/2023\\\/08\\\/DirectPlanIcone.bmp\",\"contentUrl\":\"https:\\\/\\\/www.directplanning.com\\\/wp-content\\\/uploads\\\/2023\\\/08\\\/DirectPlanIcone.bmp\",\"width\":320,\"height\":355,\"caption\":\"Direct Planning\"},\"image\":{\"@id\":\"https:\\\/\\\/www.directplanning.com\\\/fr\\\/#\\\/schema\\\/logo\\\/image\\\/\"},\"sameAs\":[\"https:\\\/\\\/x.com\\\/Direct_Planning\",\"https:\\\/\\\/www.linkedin.com\\\/showcase\\\/direct-planning\\\/posts\\\/?feedView=all\",\"https:\\\/\\\/www.youtube.com\\\/user\\\/VolumeSoftware\"]}]}<\/script>\n<!-- \/ Yoast SEO plugin. -->","yoast_head_json":{"title":"Planning Industrie \u2013 Les plugins - Direct Planning","description":"Extensions personnalis\u00e9es pour automatiser les \u00e9changes ERP, d\u00e9clencher des actions, et adapter votre planning aux besoins sp\u00e9cifiques.","robots":{"index":"index","follow":"follow","max-snippet":"max-snippet:-1","max-image-preview":"max-image-preview:large","max-video-preview":"max-video-preview:-1"},"canonical":"https:\/\/www.directplanning.com\/fr\/planning-industrie\/planning-industrie-fonctionnalites\/planning-industrie-les-plugins\/","og_locale":"fr_FR","og_type":"article","og_title":"Planning Industrie \u2013 Les plugins - Direct Planning","og_description":"Extensions personnalis\u00e9es pour automatiser les \u00e9changes ERP, d\u00e9clencher des actions, et adapter votre planning aux besoins sp\u00e9cifiques.","og_url":"https:\/\/www.directplanning.com\/fr\/planning-industrie\/planning-industrie-fonctionnalites\/planning-industrie-les-plugins\/","og_site_name":"Direct Planning","article_modified_time":"2025-10-03T08:56:16+00:00","og_image":[{"width":256,"height":128,"url":"https:\/\/www.directplanning.com\/wp-content\/uploads\/2024\/10\/logo-direct-planning.png","type":"image\/png"}],"twitter_card":"summary_large_image","twitter_site":"@Direct_Planning","twitter_misc":{"Dur\u00e9e de lecture estim\u00e9e":"1 minute"},"schema":{"@context":"https:\/\/schema.org","@graph":[{"@type":"WebPage","@id":"https:\/\/www.directplanning.com\/fr\/planning-industrie\/planning-industrie-fonctionnalites\/planning-industrie-les-plugins\/","url":"https:\/\/www.directplanning.com\/fr\/planning-industrie\/planning-industrie-fonctionnalites\/planning-industrie-les-plugins\/","name":"Planning Industrie \u2013 Les plugins - Direct Planning","isPartOf":{"@id":"https:\/\/www.directplanning.com\/fr\/#website"},"datePublished":"2020-09-17T13:59:30+00:00","dateModified":"2025-10-03T08:56:16+00:00","description":"Extensions personnalis\u00e9es pour automatiser les \u00e9changes ERP, d\u00e9clencher des actions, et adapter votre planning aux besoins sp\u00e9cifiques.","breadcrumb":{"@id":"https:\/\/www.directplanning.com\/fr\/planning-industrie\/planning-industrie-fonctionnalites\/planning-industrie-les-plugins\/#breadcrumb"},"inLanguage":"fr-FR","potentialAction":[{"@type":"ReadAction","target":["https:\/\/www.directplanning.com\/fr\/planning-industrie\/planning-industrie-fonctionnalites\/planning-industrie-les-plugins\/"]}]},{"@type":"BreadcrumbList","@id":"https:\/\/www.directplanning.com\/fr\/planning-industrie\/planning-industrie-fonctionnalites\/planning-industrie-les-plugins\/#breadcrumb","itemListElement":[{"@type":"ListItem","position":1,"name":"Accueil","item":"https:\/\/www.directplanning.com\/fr\/"},{"@type":"ListItem","position":2,"name":"Direct Planning Industrie","item":"https:\/\/www.directplanning.com\/fr\/planning-industrie\/"},{"@type":"ListItem","position":3,"name":"Planning Industrie &#8211; Fonctionnalit\u00e9s","item":"https:\/\/www.directplanning.com\/fr\/planning-industrie\/planning-industrie-fonctionnalites\/"},{"@type":"ListItem","position":4,"name":"Planning Industrie \u2013 Les plugins"}]},{"@type":"WebSite","@id":"https:\/\/www.directplanning.com\/fr\/#website","url":"https:\/\/www.directplanning.com\/fr\/","name":"Directplanning.com","description":"Optimisez votre planning de production. Outil de planification intuitif et complet pour les entreprises et industries. Essai gratuit en ligne","publisher":{"@id":"https:\/\/www.directplanning.com\/fr\/#organization"},"potentialAction":[{"@type":"SearchAction","target":{"@type":"EntryPoint","urlTemplate":"https:\/\/www.directplanning.com\/fr\/?s={search_term_string}"},"query-input":{"@type":"PropertyValueSpecification","valueRequired":true,"valueName":"search_term_string"}}],"inLanguage":"fr-FR"},{"@type":"Organization","@id":"https:\/\/www.directplanning.com\/fr\/#organization","name":"Direct Planning","alternateName":"DP","url":"https:\/\/www.directplanning.com\/fr\/","logo":{"@type":"ImageObject","inLanguage":"fr-FR","@id":"https:\/\/www.directplanning.com\/fr\/#\/schema\/logo\/image\/","url":"https:\/\/www.directplanning.com\/wp-content\/uploads\/2023\/08\/DirectPlanIcone.bmp","contentUrl":"https:\/\/www.directplanning.com\/wp-content\/uploads\/2023\/08\/DirectPlanIcone.bmp","width":320,"height":355,"caption":"Direct Planning"},"image":{"@id":"https:\/\/www.directplanning.com\/fr\/#\/schema\/logo\/image\/"},"sameAs":["https:\/\/x.com\/Direct_Planning","https:\/\/www.linkedin.com\/showcase\/direct-planning\/posts\/?feedView=all","https:\/\/www.youtube.com\/user\/VolumeSoftware"]}]}},"_links":{"self":[{"href":"https:\/\/www.directplanning.com\/fr\/wp-json\/wp\/v2\/pages\/4604","targetHints":{"allow":["GET"]}}],"collection":[{"href":"https:\/\/www.directplanning.com\/fr\/wp-json\/wp\/v2\/pages"}],"about":[{"href":"https:\/\/www.directplanning.com\/fr\/wp-json\/wp\/v2\/types\/page"}],"author":[{"embeddable":true,"href":"https:\/\/www.directplanning.com\/fr\/wp-json\/wp\/v2\/users\/12"}],"replies":[{"embeddable":true,"href":"https:\/\/www.directplanning.com\/fr\/wp-json\/wp\/v2\/comments?post=4604"}],"version-history":[{"count":0,"href":"https:\/\/www.directplanning.com\/fr\/wp-json\/wp\/v2\/pages\/4604\/revisions"}],"up":[{"embeddable":true,"href":"https:\/\/www.directplanning.com\/fr\/wp-json\/wp\/v2\/pages\/516"}],"wp:attachment":[{"href":"https:\/\/www.directplanning.com\/fr\/wp-json\/wp\/v2\/media?parent=4604"}],"curies":[{"name":"wp","href":"https:\/\/api.w.org\/{rel}","templated":true}]}}