{"id":424,"date":"2012-02-16T07:01:24","date_gmt":"2012-02-16T07:01:24","guid":{"rendered":"https:\/\/www.directplanning.com\/?page_id=424"},"modified":"2025-10-03T12:24:15","modified_gmt":"2025-10-03T10:24:15","slug":"planning-service","status":"publish","type":"page","link":"https:\/\/www.directplanning.com\/fr\/planning-service\/","title":{"rendered":"Direct Planning Service"},"content":{"rendered":"\n<p><strong>Direct Planning Service<\/strong> est un logiciel de planification con\u00e7u pour mod\u00e9liser les plannings orient\u00e9s &#8220;Service&#8221; : planning de formation, r\u00e9servation de salles, r\u00e9servation de v\u00e9hicules, etc.<\/p>\n\n\n\n<p>Hautement configurable, il <strong>s\u2019adapte \u00e0 votre m\u00e9tier<\/strong>.&nbsp; Tr\u00e8s intuitif, il vous assiste au quotidien dans la planification.<\/p>\n\n\n\n<!--more-->\n\n\n<div class=\"wp-block-image\">\n<figure class=\"aligncenter\"><a href=\"https:\/\/www.directplanning.com\/wp-content\/uploads\/2020\/06\/direct_planning_service_reservation_de_salles.png\" data-rel=\"lightbox-image-0\" data-rl_title=\"\" data-rl_caption=\"\" title=\"\"><img decoding=\"async\" width=\"610\" height=\"242\" src=\"https:\/\/www.directplanning.com\/wp-content\/uploads\/2020\/06\/direct_planning_service_reservation_de_salles-610x242.png\" alt=\"Direct Planning Service - Vue g\u00e9n\u00e9rale du planning avec un exemple de planning de r\u00e9servation de salles\" class=\"wp-image-4279\" srcset=\"https:\/\/www.directplanning.com\/wp-content\/uploads\/2020\/06\/direct_planning_service_reservation_de_salles-610x242.png 610w, https:\/\/www.directplanning.com\/wp-content\/uploads\/2020\/06\/direct_planning_service_reservation_de_salles-312x124.png 312w, https:\/\/www.directplanning.com\/wp-content\/uploads\/2020\/06\/direct_planning_service_reservation_de_salles-156x62.png 156w, https:\/\/www.directplanning.com\/wp-content\/uploads\/2020\/06\/direct_planning_service_reservation_de_salles-768x304.png 768w, https:\/\/www.directplanning.com\/wp-content\/uploads\/2020\/06\/direct_planning_service_reservation_de_salles-1536x609.png 1536w, https:\/\/www.directplanning.com\/wp-content\/uploads\/2020\/06\/direct_planning_service_reservation_de_salles-810x321.png 810w, https:\/\/www.directplanning.com\/wp-content\/uploads\/2020\/06\/direct_planning_service_reservation_de_salles-1140x452.png 1140w, https:\/\/www.directplanning.com\/wp-content\/uploads\/2020\/06\/direct_planning_service_reservation_de_salles.png 1920w\" sizes=\"(max-width: 610px) 100vw, 610px\" \/><\/a><figcaption class=\"wp-element-caption\">Direct Planning Service &#8211; Vue g\u00e9n\u00e9rale du planning avec un exemple de planning de r\u00e9servation de salles<\/figcaption><\/figure><\/div>\n\n\n<p class=\"has-text-align-center\"><a class=\"mks_button mks_button_medium rounded\" href=\"https:\/\/www.directplanning.com\/fr\/planning-service\/planning-service-fonctionnalites\/\" target=\"_self\" style=\"color: #FFFFFF; background-color: #1e73be;\" > Les fonctionnalit\u00e9s Planning Service <\/a>\n","protected":false},"excerpt":{"rendered":"<p>Direct Planning Service est un logiciel de planification con\u00e7u pour mod\u00e9liser les plannings orient\u00e9s &#8220;Service&#8221; : planning de formation, r\u00e9servation de salles, r\u00e9servation de v\u00e9hicules, etc. Hautement configurable, il s\u2019adapte \u00e0 votre m\u00e9tier.&nbsp; Tr\u00e8s intuitif, il vous assiste au quotidien dans la planification.<\/p>\n","protected":false},"author":2,"featured_media":1444,"parent":0,"menu_order":0,"comment_status":"closed","ping_status":"closed","template":"","meta":{"footnotes":""},"class_list":["post-424","page","type-page","status-publish","has-post-thumbnail","hentry"],"yoast_head":"<!-- This site is optimized with the Yoast SEO plugin v27.4 - https:\/\/yoast.com\/product\/yoast-seo-wordpress\/ -->\n<title>Direct Planning Service - Direct Planning<\/title>\n<meta name=\"description\" content=\"Planifiez vos services facilement : r\u00e9servation de salles, v\u00e9hicules ou formations, avec un outil configurable et intuitif.\" \/>\n<meta name=\"robots\" content=\"index, follow, max-snippet:-1, max-image-preview:large, max-video-preview:-1\" \/>\n<link rel=\"canonical\" href=\"https:\/\/www.directplanning.com\/fr\/planning-service\/\" \/>\n<meta property=\"og:locale\" content=\"fr_FR\" \/>\n<meta property=\"og:type\" content=\"article\" \/>\n<meta property=\"og:title\" content=\"Direct Planning Service - Direct Planning\" \/>\n<meta property=\"og:description\" content=\"Planifiez vos services facilement : r\u00e9servation de salles, v\u00e9hicules ou formations, avec un outil configurable et intuitif.\" \/>\n<meta property=\"og:url\" content=\"https:\/\/www.directplanning.com\/fr\/planning-service\/\" \/>\n<meta property=\"og:site_name\" content=\"Direct Planning\" \/>\n<meta property=\"article:modified_time\" content=\"2025-10-03T10:24:15+00:00\" \/>\n<meta property=\"og:image\" content=\"https:\/\/www.directplanning.com\/wp-content\/uploads\/2012\/02\/direct_planning_service_reservation_de_salles.png\" \/>\n\t<meta property=\"og:image:width\" content=\"1672\" \/>\n\t<meta property=\"og:image:height\" content=\"748\" \/>\n\t<meta property=\"og:image:type\" content=\"image\/png\" \/>\n<meta name=\"twitter:card\" content=\"summary_large_image\" \/>\n<meta name=\"twitter:site\" content=\"@Direct_Planning\" \/>\n<meta name=\"twitter:label1\" content=\"Dur\u00e9e de lecture estim\u00e9e\" \/>\n\t<meta name=\"twitter:data1\" content=\"1 minute\" \/>\n<script type=\"application\/ld+json\" class=\"yoast-schema-graph\">{\"@context\":\"https:\\\/\\\/schema.org\",\"@graph\":[{\"@type\":\"WebPage\",\"@id\":\"https:\\\/\\\/www.directplanning.com\\\/fr\\\/planning-service\\\/\",\"url\":\"https:\\\/\\\/www.directplanning.com\\\/fr\\\/planning-service\\\/\",\"name\":\"Direct Planning Service - Direct Planning\",\"isPartOf\":{\"@id\":\"https:\\\/\\\/www.directplanning.com\\\/fr\\\/#website\"},\"primaryImageOfPage\":{\"@id\":\"https:\\\/\\\/www.directplanning.com\\\/fr\\\/planning-service\\\/#primaryimage\"},\"image\":{\"@id\":\"https:\\\/\\\/www.directplanning.com\\\/fr\\\/planning-service\\\/#primaryimage\"},\"thumbnailUrl\":\"https:\\\/\\\/www.directplanning.com\\\/wp-content\\\/uploads\\\/2012\\\/02\\\/direct_planning_service_reservation_de_salles.png\",\"datePublished\":\"2012-02-16T07:01:24+00:00\",\"dateModified\":\"2025-10-03T10:24:15+00:00\",\"description\":\"Planifiez vos services facilement : r\u00e9servation de salles, v\u00e9hicules ou formations, avec un outil configurable et intuitif.\",\"breadcrumb\":{\"@id\":\"https:\\\/\\\/www.directplanning.com\\\/fr\\\/planning-service\\\/#breadcrumb\"},\"inLanguage\":\"fr-FR\",\"potentialAction\":[{\"@type\":\"ReadAction\",\"target\":[\"https:\\\/\\\/www.directplanning.com\\\/fr\\\/planning-service\\\/\"]}]},{\"@type\":\"ImageObject\",\"inLanguage\":\"fr-FR\",\"@id\":\"https:\\\/\\\/www.directplanning.com\\\/fr\\\/planning-service\\\/#primaryimage\",\"url\":\"https:\\\/\\\/www.directplanning.com\\\/wp-content\\\/uploads\\\/2012\\\/02\\\/direct_planning_service_reservation_de_salles.png\",\"contentUrl\":\"https:\\\/\\\/www.directplanning.com\\\/wp-content\\\/uploads\\\/2012\\\/02\\\/direct_planning_service_reservation_de_salles.png\",\"width\":1672,\"height\":748,\"caption\":\"Direct Planning Service - Vue g\u00e9n\u00e9rale du planning avec un exemple de planning de r\u00e9servation de salles\"},{\"@type\":\"BreadcrumbList\",\"@id\":\"https:\\\/\\\/www.directplanning.com\\\/fr\\\/planning-service\\\/#breadcrumb\",\"itemListElement\":[{\"@type\":\"ListItem\",\"position\":1,\"name\":\"Accueil\",\"item\":\"https:\\\/\\\/www.directplanning.com\\\/fr\\\/\"},{\"@type\":\"ListItem\",\"position\":2,\"name\":\"Direct Planning Service\"}]},{\"@type\":\"WebSite\",\"@id\":\"https:\\\/\\\/www.directplanning.com\\\/fr\\\/#website\",\"url\":\"https:\\\/\\\/www.directplanning.com\\\/fr\\\/\",\"name\":\"Directplanning.com\",\"description\":\"Optimisez votre planning de production. Outil de planification intuitif et complet pour les entreprises et industries. Essai gratuit en ligne\",\"publisher\":{\"@id\":\"https:\\\/\\\/www.directplanning.com\\\/fr\\\/#organization\"},\"potentialAction\":[{\"@type\":\"SearchAction\",\"target\":{\"@type\":\"EntryPoint\",\"urlTemplate\":\"https:\\\/\\\/www.directplanning.com\\\/fr\\\/?s={search_term_string}\"},\"query-input\":{\"@type\":\"PropertyValueSpecification\",\"valueRequired\":true,\"valueName\":\"search_term_string\"}}],\"inLanguage\":\"fr-FR\"},{\"@type\":\"Organization\",\"@id\":\"https:\\\/\\\/www.directplanning.com\\\/fr\\\/#organization\",\"name\":\"Direct Planning\",\"alternateName\":\"DP\",\"url\":\"https:\\\/\\\/www.directplanning.com\\\/fr\\\/\",\"logo\":{\"@type\":\"ImageObject\",\"inLanguage\":\"fr-FR\",\"@id\":\"https:\\\/\\\/www.directplanning.com\\\/fr\\\/#\\\/schema\\\/logo\\\/image\\\/\",\"url\":\"https:\\\/\\\/www.directplanning.com\\\/wp-content\\\/uploads\\\/2023\\\/08\\\/DirectPlanIcone.bmp\",\"contentUrl\":\"https:\\\/\\\/www.directplanning.com\\\/wp-content\\\/uploads\\\/2023\\\/08\\\/DirectPlanIcone.bmp\",\"width\":320,\"height\":355,\"caption\":\"Direct Planning\"},\"image\":{\"@id\":\"https:\\\/\\\/www.directplanning.com\\\/fr\\\/#\\\/schema\\\/logo\\\/image\\\/\"},\"sameAs\":[\"https:\\\/\\\/x.com\\\/Direct_Planning\",\"https:\\\/\\\/www.linkedin.com\\\/showcase\\\/direct-planning\\\/posts\\\/?feedView=all\",\"https:\\\/\\\/www.youtube.com\\\/user\\\/VolumeSoftware\"]}]}<\/script>\n<!-- \/ Yoast SEO plugin. -->","yoast_head_json":{"title":"Direct Planning Service - Direct Planning","description":"Planifiez vos services facilement : r\u00e9servation de salles, v\u00e9hicules ou formations, avec un outil configurable et intuitif.","robots":{"index":"index","follow":"follow","max-snippet":"max-snippet:-1","max-image-preview":"max-image-preview:large","max-video-preview":"max-video-preview:-1"},"canonical":"https:\/\/www.directplanning.com\/fr\/planning-service\/","og_locale":"fr_FR","og_type":"article","og_title":"Direct Planning Service - Direct Planning","og_description":"Planifiez vos services facilement : r\u00e9servation de salles, v\u00e9hicules ou formations, avec un outil configurable et intuitif.","og_url":"https:\/\/www.directplanning.com\/fr\/planning-service\/","og_site_name":"Direct Planning","article_modified_time":"2025-10-03T10:24:15+00:00","og_image":[{"width":1672,"height":748,"url":"https:\/\/www.directplanning.com\/wp-content\/uploads\/2012\/02\/direct_planning_service_reservation_de_salles.png","type":"image\/png"}],"twitter_card":"summary_large_image","twitter_site":"@Direct_Planning","twitter_misc":{"Dur\u00e9e de lecture estim\u00e9e":"1 minute"},"schema":{"@context":"https:\/\/schema.org","@graph":[{"@type":"WebPage","@id":"https:\/\/www.directplanning.com\/fr\/planning-service\/","url":"https:\/\/www.directplanning.com\/fr\/planning-service\/","name":"Direct Planning Service - Direct Planning","isPartOf":{"@id":"https:\/\/www.directplanning.com\/fr\/#website"},"primaryImageOfPage":{"@id":"https:\/\/www.directplanning.com\/fr\/planning-service\/#primaryimage"},"image":{"@id":"https:\/\/www.directplanning.com\/fr\/planning-service\/#primaryimage"},"thumbnailUrl":"https:\/\/www.directplanning.com\/wp-content\/uploads\/2012\/02\/direct_planning_service_reservation_de_salles.png","datePublished":"2012-02-16T07:01:24+00:00","dateModified":"2025-10-03T10:24:15+00:00","description":"Planifiez vos services facilement : r\u00e9servation de salles, v\u00e9hicules ou formations, avec un outil configurable et intuitif.","breadcrumb":{"@id":"https:\/\/www.directplanning.com\/fr\/planning-service\/#breadcrumb"},"inLanguage":"fr-FR","potentialAction":[{"@type":"ReadAction","target":["https:\/\/www.directplanning.com\/fr\/planning-service\/"]}]},{"@type":"ImageObject","inLanguage":"fr-FR","@id":"https:\/\/www.directplanning.com\/fr\/planning-service\/#primaryimage","url":"https:\/\/www.directplanning.com\/wp-content\/uploads\/2012\/02\/direct_planning_service_reservation_de_salles.png","contentUrl":"https:\/\/www.directplanning.com\/wp-content\/uploads\/2012\/02\/direct_planning_service_reservation_de_salles.png","width":1672,"height":748,"caption":"Direct Planning Service - Vue g\u00e9n\u00e9rale du planning avec un exemple de planning de r\u00e9servation de salles"},{"@type":"BreadcrumbList","@id":"https:\/\/www.directplanning.com\/fr\/planning-service\/#breadcrumb","itemListElement":[{"@type":"ListItem","position":1,"name":"Accueil","item":"https:\/\/www.directplanning.com\/fr\/"},{"@type":"ListItem","position":2,"name":"Direct Planning Service"}]},{"@type":"WebSite","@id":"https:\/\/www.directplanning.com\/fr\/#website","url":"https:\/\/www.directplanning.com\/fr\/","name":"Directplanning.com","description":"Optimisez votre planning de production. Outil de planification intuitif et complet pour les entreprises et industries. Essai gratuit en ligne","publisher":{"@id":"https:\/\/www.directplanning.com\/fr\/#organization"},"potentialAction":[{"@type":"SearchAction","target":{"@type":"EntryPoint","urlTemplate":"https:\/\/www.directplanning.com\/fr\/?s={search_term_string}"},"query-input":{"@type":"PropertyValueSpecification","valueRequired":true,"valueName":"search_term_string"}}],"inLanguage":"fr-FR"},{"@type":"Organization","@id":"https:\/\/www.directplanning.com\/fr\/#organization","name":"Direct Planning","alternateName":"DP","url":"https:\/\/www.directplanning.com\/fr\/","logo":{"@type":"ImageObject","inLanguage":"fr-FR","@id":"https:\/\/www.directplanning.com\/fr\/#\/schema\/logo\/image\/","url":"https:\/\/www.directplanning.com\/wp-content\/uploads\/2023\/08\/DirectPlanIcone.bmp","contentUrl":"https:\/\/www.directplanning.com\/wp-content\/uploads\/2023\/08\/DirectPlanIcone.bmp","width":320,"height":355,"caption":"Direct Planning"},"image":{"@id":"https:\/\/www.directplanning.com\/fr\/#\/schema\/logo\/image\/"},"sameAs":["https:\/\/x.com\/Direct_Planning","https:\/\/www.linkedin.com\/showcase\/direct-planning\/posts\/?feedView=all","https:\/\/www.youtube.com\/user\/VolumeSoftware"]}]}},"_links":{"self":[{"href":"https:\/\/www.directplanning.com\/fr\/wp-json\/wp\/v2\/pages\/424","targetHints":{"allow":["GET"]}}],"collection":[{"href":"https:\/\/www.directplanning.com\/fr\/wp-json\/wp\/v2\/pages"}],"about":[{"href":"https:\/\/www.directplanning.com\/fr\/wp-json\/wp\/v2\/types\/page"}],"author":[{"embeddable":true,"href":"https:\/\/www.directplanning.com\/fr\/wp-json\/wp\/v2\/users\/2"}],"replies":[{"embeddable":true,"href":"https:\/\/www.directplanning.com\/fr\/wp-json\/wp\/v2\/comments?post=424"}],"version-history":[{"count":0,"href":"https:\/\/www.directplanning.com\/fr\/wp-json\/wp\/v2\/pages\/424\/revisions"}],"wp:featuredmedia":[{"embeddable":true,"href":"https:\/\/www.directplanning.com\/fr\/wp-json\/wp\/v2\/media\/1444"}],"wp:attachment":[{"href":"https:\/\/www.directplanning.com\/fr\/wp-json\/wp\/v2\/media?parent=424"}],"curies":[{"name":"wp","href":"https:\/\/api.w.org\/{rel}","templated":true}]}}