{"id":4233,"date":"2020-06-24T12:17:11","date_gmt":"2020-06-24T10:17:11","guid":{"rendered":"https:\/\/www.directplanning.com\/?page_id=4233"},"modified":"2025-10-03T15:06:32","modified_gmt":"2025-10-03T13:06:32","slug":"direct-planning-connect","status":"publish","type":"page","link":"https:\/\/www.directplanning.com\/fr\/direct-planning-connect\/","title":{"rendered":"Notre Outil d&#8217;interface"},"content":{"rendered":"\n<p class=\"txtjust\">Solution d&#8217;interface d\u00e9di\u00e9e \u00e0 Direct Planning, Direct Planning Connect&nbsp; vous permet <strong>d&#8217;importer tous types de donn\u00e9es<\/strong> dans notre logiciel de planification, de fa\u00e7on <strong>enti\u00e8rement configurable et automatique <\/strong>(en arri\u00e8re plan).<\/p>\n\n\n\n<p class=\"txtjust\">Vous pouvez ainsi utiliser Direct Planning Connect pour importer vos <strong>gammes de production issues d&#8217;un ERP<\/strong> ou d&#8217;un fichier Excel. En compl\u00e9ment, notre logiciel vous permet \u00e9galement de r\u00e9cup\u00e9rer <strong>l&#8217;\u00e9tat d&#8217;avancement de vos t\u00e2ches<\/strong> de production issues d&#8217;un <strong>M.E.S<\/strong>.<\/p>\n\n\n\n<h2 class=\"wp-block-heading\">Fonctionnement<\/h2>\n\n\n\n<p><\/p>\n\n\n\n<figure class=\"wp-block-image size-large\"><a href=\"https:\/\/www.directplanning.com\/wp-content\/uploads\/2020\/06\/direct_planning_connect_flux.png\" data-rel=\"lightbox-image-0\" data-rl_title=\"\" data-rl_caption=\"\" title=\"\"><img decoding=\"async\" width=\"610\" height=\"171\" src=\"https:\/\/www.directplanning.com\/wp-content\/uploads\/2020\/06\/direct_planning_connect_flux-610x171.png\" alt=\"\" class=\"wp-image-4343\" srcset=\"https:\/\/www.directplanning.com\/wp-content\/uploads\/2020\/06\/direct_planning_connect_flux-610x171.png 610w, https:\/\/www.directplanning.com\/wp-content\/uploads\/2020\/06\/direct_planning_connect_flux-312x87.png 312w, https:\/\/www.directplanning.com\/wp-content\/uploads\/2020\/06\/direct_planning_connect_flux-156x44.png 156w, https:\/\/www.directplanning.com\/wp-content\/uploads\/2020\/06\/direct_planning_connect_flux.png 715w\" sizes=\"(max-width: 610px) 100vw, 610px\" \/><\/a><figcaption class=\"wp-element-caption\">Flux op\u00e9rationnel<\/figcaption><\/figure>\n\n\n\n<p><\/p>\n\n\n\n<p>Le fonctionnement de Direct Planning Connect s&#8217;articule autour de <strong>3 grandes \u00e9tapes<\/strong> :<\/p>\n\n\n\n<ul class=\"wp-block-list txtjust\">\n<li>En amont, nous disposons <strong>d&#8217;informations \u00e0 importer dans Direct Planning<\/strong> (t\u00e2ches, gammes de production, contraintes horaires, etc.).<br>L&#8217;interface peut traiter des <strong>fichiers sources de type Excel ou CSV<\/strong>, ou bien s&#8217;appuyer sur des <strong>requ\u00eates SQL<\/strong> pour r\u00e9cup\u00e9rer ces informations directement dans une base de donn\u00e9es (SQL Server, Oracle, Connecteur ODBC).<br><br><\/li>\n\n\n\n<li>Apr\u00e8s configuration pour indiquer les <strong>correspondances<\/strong> entre votre source d&#8217;information et les champs propres \u00e0 Direct Planning, notre logiciel d&#8217;interface r\u00e9cup\u00e8re vos donn\u00e9es, les traite et <strong>g\u00e9n\u00e8re un fichier d&#8217;import standard<\/strong> dans le r\u00e9pertoire d&#8217;import de Direct Planning.<br><br><\/li>\n\n\n\n<li>\u00c0 l&#8217;ouverture, Direct Planning prend connaissance du fichier g\u00e9n\u00e9r\u00e9 par Direct Planning Connect et proc\u00e8de \u00e0 la <strong>mise \u00e0 jour du planning<\/strong>.<\/li>\n<\/ul>\n\n\n\n<figure class=\"wp-block-image size-large\"><a href=\"https:\/\/www.directplanning.com\/wp-content\/uploads\/2020\/06\/direct_planning_connect_correspondances.png\" data-rel=\"lightbox-image-1\" data-rl_title=\"\" data-rl_caption=\"\" title=\"\"><img decoding=\"async\" width=\"610\" height=\"481\" src=\"https:\/\/www.directplanning.com\/wp-content\/uploads\/2020\/06\/direct_planning_connect_correspondances-610x481.png\" alt=\"\" class=\"wp-image-4337\" srcset=\"https:\/\/www.directplanning.com\/wp-content\/uploads\/2020\/06\/direct_planning_connect_correspondances-610x481.png 610w, https:\/\/www.directplanning.com\/wp-content\/uploads\/2020\/06\/direct_planning_connect_correspondances-312x246.png 312w, https:\/\/www.directplanning.com\/wp-content\/uploads\/2020\/06\/direct_planning_connect_correspondances-156x123.png 156w, https:\/\/www.directplanning.com\/wp-content\/uploads\/2020\/06\/direct_planning_connect_correspondances-768x606.png 768w, https:\/\/www.directplanning.com\/wp-content\/uploads\/2020\/06\/direct_planning_connect_correspondances-810x639.png 810w, https:\/\/www.directplanning.com\/wp-content\/uploads\/2020\/06\/direct_planning_connect_correspondances.png 924w\" sizes=\"(max-width: 610px) 100vw, 610px\" \/><\/a><figcaption class=\"wp-element-caption\">\u00c9cran de modification des correspondances entre votre source et Direct Planning<\/figcaption><\/figure>\n\n\n\n<h2 class=\"wp-block-heading\">Direct Planning Connect : un logiciel ind\u00e9pendant<\/h2>\n\n\n\n<p><\/p>\n\n\n\n<p class=\"txtjust\">Direct Planning Connect est un <strong>logiciel ind\u00e9pendant<\/strong> install\u00e9 en parall\u00e8le de Direct Planning : notre logiciel d&#8217;interface peut donc s&#8217;ex\u00e9cuter <strong>m\u00eame si Direct Planning n&#8217;est pas lanc\u00e9<\/strong>.<\/p>\n\n\n\n<figure class=\"wp-block-image size-large\"><a href=\"https:\/\/www.directplanning.com\/wp-content\/uploads\/2020\/06\/direct_planning_connect-2.png\" data-rel=\"lightbox-image-2\" data-rl_title=\"\" data-rl_caption=\"\" title=\"\"><img decoding=\"async\" width=\"610\" height=\"314\" src=\"https:\/\/www.directplanning.com\/wp-content\/uploads\/2020\/06\/direct_planning_connect-2-610x314.png\" alt=\"\" class=\"wp-image-4237\" srcset=\"https:\/\/www.directplanning.com\/wp-content\/uploads\/2020\/06\/direct_planning_connect-2-610x314.png 610w, https:\/\/www.directplanning.com\/wp-content\/uploads\/2020\/06\/direct_planning_connect-2-312x161.png 312w, https:\/\/www.directplanning.com\/wp-content\/uploads\/2020\/06\/direct_planning_connect-2-156x80.png 156w, https:\/\/www.directplanning.com\/wp-content\/uploads\/2020\/06\/direct_planning_connect-2.png 715w\" sizes=\"(max-width: 610px) 100vw, 610px\" \/><\/a><figcaption class=\"wp-element-caption\">Fen\u00eatre d&#8217;accueil de Direct Planning Connect<\/figcaption><\/figure>\n\n\n\n<div class=\"wp-block-group\"><div class=\"wp-block-group__inner-container is-layout-flow wp-block-group-is-layout-flow\">\n<p><\/p>\n<\/div><\/div>\n\n\n\n<p style=\"text-align: center;\"><a class=\"mks_button mks_button_medium rounded\" href=\"https:\/\/www.directplanning.com\/fr\/planning-industrie\/planning-industrie-fonctionnalites\/\" target=\"_self\" style=\"color: #FFFFFF; background-color: #1e73be\" rel=\"noopener noreferrer\"> Les fonctionnalit\u00e9s Planning Industrie <\/a>\n\n\n\n<p><\/p>\n","protected":false},"excerpt":{"rendered":"<p>Solution d&#8217;interface d\u00e9di\u00e9e \u00e0 Direct Planning, Direct Planning Connect&nbsp; vous permet d&#8217;importer tous types de donn\u00e9es dans notre logiciel de planification, de fa\u00e7on enti\u00e8rement configurable et automatique (en arri\u00e8re plan). Vous pouvez ainsi utiliser Direct Planning Connect pour importer vos gammes de production issues d&#8217;un ERP ou d&#8217;un fichier Excel. En compl\u00e9ment, notre logiciel vous [&hellip;]<\/p>\n","protected":false},"author":12,"featured_media":0,"parent":0,"menu_order":0,"comment_status":"closed","ping_status":"closed","template":"","meta":{"footnotes":""},"class_list":["post-4233","page","type-page","status-publish","hentry"],"yoast_head":"<!-- This site is optimized with the Yoast SEO plugin v27.4 - https:\/\/yoast.com\/product\/yoast-seo-wordpress\/ -->\n<title>Notre Outil d&#039;interface - Direct Planning<\/title>\n<meta name=\"description\" content=\"Importez automatiquement vos donn\u00e9es ERP, Excel ou SQL et mettez \u00e0 jour votre planning en temps r\u00e9el avec Direct Planning Connect.\" \/>\n<meta name=\"robots\" content=\"index, follow, max-snippet:-1, max-image-preview:large, max-video-preview:-1\" \/>\n<link rel=\"canonical\" href=\"https:\/\/www.directplanning.com\/fr\/direct-planning-connect\/\" \/>\n<meta property=\"og:locale\" content=\"fr_FR\" \/>\n<meta property=\"og:type\" content=\"article\" \/>\n<meta property=\"og:title\" content=\"Notre Outil d&#039;interface - Direct Planning\" \/>\n<meta property=\"og:description\" content=\"Importez automatiquement vos donn\u00e9es ERP, Excel ou SQL et mettez \u00e0 jour votre planning en temps r\u00e9el avec Direct Planning Connect.\" \/>\n<meta property=\"og:url\" content=\"https:\/\/www.directplanning.com\/fr\/direct-planning-connect\/\" \/>\n<meta property=\"og:site_name\" content=\"Direct Planning\" \/>\n<meta property=\"article:modified_time\" content=\"2025-10-03T13:06:32+00:00\" \/>\n<meta property=\"og:image\" content=\"https:\/\/www.directplanning.com\/wp-content\/uploads\/2020\/06\/direct_planning_connect_flux.png\" \/>\n\t<meta property=\"og:image:width\" content=\"715\" \/>\n\t<meta property=\"og:image:height\" content=\"200\" \/>\n\t<meta property=\"og:image:type\" content=\"image\/png\" \/>\n<meta name=\"twitter:card\" content=\"summary_large_image\" \/>\n<meta name=\"twitter:site\" content=\"@Direct_Planning\" \/>\n<meta name=\"twitter:label1\" content=\"Dur\u00e9e de lecture estim\u00e9e\" \/>\n\t<meta name=\"twitter:data1\" content=\"2 minutes\" \/>\n<script type=\"application\/ld+json\" class=\"yoast-schema-graph\">{\"@context\":\"https:\\\/\\\/schema.org\",\"@graph\":[{\"@type\":\"WebPage\",\"@id\":\"https:\\\/\\\/www.directplanning.com\\\/fr\\\/direct-planning-connect\\\/\",\"url\":\"https:\\\/\\\/www.directplanning.com\\\/fr\\\/direct-planning-connect\\\/\",\"name\":\"Notre Outil d'interface - Direct Planning\",\"isPartOf\":{\"@id\":\"https:\\\/\\\/www.directplanning.com\\\/fr\\\/#website\"},\"primaryImageOfPage\":{\"@id\":\"https:\\\/\\\/www.directplanning.com\\\/fr\\\/direct-planning-connect\\\/#primaryimage\"},\"image\":{\"@id\":\"https:\\\/\\\/www.directplanning.com\\\/fr\\\/direct-planning-connect\\\/#primaryimage\"},\"thumbnailUrl\":\"https:\\\/\\\/www.directplanning.com\\\/wp-content\\\/uploads\\\/2020\\\/06\\\/direct_planning_connect_flux-610x171.png\",\"datePublished\":\"2020-06-24T10:17:11+00:00\",\"dateModified\":\"2025-10-03T13:06:32+00:00\",\"description\":\"Importez automatiquement vos donn\u00e9es ERP, Excel ou SQL et mettez \u00e0 jour votre planning en temps r\u00e9el avec Direct Planning Connect.\",\"breadcrumb\":{\"@id\":\"https:\\\/\\\/www.directplanning.com\\\/fr\\\/direct-planning-connect\\\/#breadcrumb\"},\"inLanguage\":\"fr-FR\",\"potentialAction\":[{\"@type\":\"ReadAction\",\"target\":[\"https:\\\/\\\/www.directplanning.com\\\/fr\\\/direct-planning-connect\\\/\"]}]},{\"@type\":\"ImageObject\",\"inLanguage\":\"fr-FR\",\"@id\":\"https:\\\/\\\/www.directplanning.com\\\/fr\\\/direct-planning-connect\\\/#primaryimage\",\"url\":\"https:\\\/\\\/www.directplanning.com\\\/wp-content\\\/uploads\\\/2020\\\/06\\\/direct_planning_connect_flux-610x171.png\",\"contentUrl\":\"https:\\\/\\\/www.directplanning.com\\\/wp-content\\\/uploads\\\/2020\\\/06\\\/direct_planning_connect_flux-610x171.png\"},{\"@type\":\"BreadcrumbList\",\"@id\":\"https:\\\/\\\/www.directplanning.com\\\/fr\\\/direct-planning-connect\\\/#breadcrumb\",\"itemListElement\":[{\"@type\":\"ListItem\",\"position\":1,\"name\":\"Accueil\",\"item\":\"https:\\\/\\\/www.directplanning.com\\\/fr\\\/\"},{\"@type\":\"ListItem\",\"position\":2,\"name\":\"Notre Outil d&#8217;interface\"}]},{\"@type\":\"WebSite\",\"@id\":\"https:\\\/\\\/www.directplanning.com\\\/fr\\\/#website\",\"url\":\"https:\\\/\\\/www.directplanning.com\\\/fr\\\/\",\"name\":\"Directplanning.com\",\"description\":\"Optimisez votre planning de production. Outil de planification intuitif et complet pour les entreprises et industries. Essai gratuit en ligne\",\"publisher\":{\"@id\":\"https:\\\/\\\/www.directplanning.com\\\/fr\\\/#organization\"},\"potentialAction\":[{\"@type\":\"SearchAction\",\"target\":{\"@type\":\"EntryPoint\",\"urlTemplate\":\"https:\\\/\\\/www.directplanning.com\\\/fr\\\/?s={search_term_string}\"},\"query-input\":{\"@type\":\"PropertyValueSpecification\",\"valueRequired\":true,\"valueName\":\"search_term_string\"}}],\"inLanguage\":\"fr-FR\"},{\"@type\":\"Organization\",\"@id\":\"https:\\\/\\\/www.directplanning.com\\\/fr\\\/#organization\",\"name\":\"Direct Planning\",\"alternateName\":\"DP\",\"url\":\"https:\\\/\\\/www.directplanning.com\\\/fr\\\/\",\"logo\":{\"@type\":\"ImageObject\",\"inLanguage\":\"fr-FR\",\"@id\":\"https:\\\/\\\/www.directplanning.com\\\/fr\\\/#\\\/schema\\\/logo\\\/image\\\/\",\"url\":\"https:\\\/\\\/www.directplanning.com\\\/wp-content\\\/uploads\\\/2023\\\/08\\\/DirectPlanIcone.bmp\",\"contentUrl\":\"https:\\\/\\\/www.directplanning.com\\\/wp-content\\\/uploads\\\/2023\\\/08\\\/DirectPlanIcone.bmp\",\"width\":320,\"height\":355,\"caption\":\"Direct Planning\"},\"image\":{\"@id\":\"https:\\\/\\\/www.directplanning.com\\\/fr\\\/#\\\/schema\\\/logo\\\/image\\\/\"},\"sameAs\":[\"https:\\\/\\\/x.com\\\/Direct_Planning\",\"https:\\\/\\\/www.linkedin.com\\\/showcase\\\/direct-planning\\\/posts\\\/?feedView=all\",\"https:\\\/\\\/www.youtube.com\\\/user\\\/VolumeSoftware\"]}]}<\/script>\n<!-- \/ Yoast SEO plugin. -->","yoast_head_json":{"title":"Notre Outil d'interface - Direct Planning","description":"Importez automatiquement vos donn\u00e9es ERP, Excel ou SQL et mettez \u00e0 jour votre planning en temps r\u00e9el avec Direct Planning Connect.","robots":{"index":"index","follow":"follow","max-snippet":"max-snippet:-1","max-image-preview":"max-image-preview:large","max-video-preview":"max-video-preview:-1"},"canonical":"https:\/\/www.directplanning.com\/fr\/direct-planning-connect\/","og_locale":"fr_FR","og_type":"article","og_title":"Notre Outil d'interface - Direct Planning","og_description":"Importez automatiquement vos donn\u00e9es ERP, Excel ou SQL et mettez \u00e0 jour votre planning en temps r\u00e9el avec Direct Planning Connect.","og_url":"https:\/\/www.directplanning.com\/fr\/direct-planning-connect\/","og_site_name":"Direct Planning","article_modified_time":"2025-10-03T13:06:32+00:00","og_image":[{"width":715,"height":200,"url":"https:\/\/www.directplanning.com\/wp-content\/uploads\/2020\/06\/direct_planning_connect_flux.png","type":"image\/png"}],"twitter_card":"summary_large_image","twitter_site":"@Direct_Planning","twitter_misc":{"Dur\u00e9e de lecture estim\u00e9e":"2 minutes"},"schema":{"@context":"https:\/\/schema.org","@graph":[{"@type":"WebPage","@id":"https:\/\/www.directplanning.com\/fr\/direct-planning-connect\/","url":"https:\/\/www.directplanning.com\/fr\/direct-planning-connect\/","name":"Notre Outil d'interface - Direct Planning","isPartOf":{"@id":"https:\/\/www.directplanning.com\/fr\/#website"},"primaryImageOfPage":{"@id":"https:\/\/www.directplanning.com\/fr\/direct-planning-connect\/#primaryimage"},"image":{"@id":"https:\/\/www.directplanning.com\/fr\/direct-planning-connect\/#primaryimage"},"thumbnailUrl":"https:\/\/www.directplanning.com\/wp-content\/uploads\/2020\/06\/direct_planning_connect_flux-610x171.png","datePublished":"2020-06-24T10:17:11+00:00","dateModified":"2025-10-03T13:06:32+00:00","description":"Importez automatiquement vos donn\u00e9es ERP, Excel ou SQL et mettez \u00e0 jour votre planning en temps r\u00e9el avec Direct Planning Connect.","breadcrumb":{"@id":"https:\/\/www.directplanning.com\/fr\/direct-planning-connect\/#breadcrumb"},"inLanguage":"fr-FR","potentialAction":[{"@type":"ReadAction","target":["https:\/\/www.directplanning.com\/fr\/direct-planning-connect\/"]}]},{"@type":"ImageObject","inLanguage":"fr-FR","@id":"https:\/\/www.directplanning.com\/fr\/direct-planning-connect\/#primaryimage","url":"https:\/\/www.directplanning.com\/wp-content\/uploads\/2020\/06\/direct_planning_connect_flux-610x171.png","contentUrl":"https:\/\/www.directplanning.com\/wp-content\/uploads\/2020\/06\/direct_planning_connect_flux-610x171.png"},{"@type":"BreadcrumbList","@id":"https:\/\/www.directplanning.com\/fr\/direct-planning-connect\/#breadcrumb","itemListElement":[{"@type":"ListItem","position":1,"name":"Accueil","item":"https:\/\/www.directplanning.com\/fr\/"},{"@type":"ListItem","position":2,"name":"Notre Outil d&#8217;interface"}]},{"@type":"WebSite","@id":"https:\/\/www.directplanning.com\/fr\/#website","url":"https:\/\/www.directplanning.com\/fr\/","name":"Directplanning.com","description":"Optimisez votre planning de production. Outil de planification intuitif et complet pour les entreprises et industries. Essai gratuit en ligne","publisher":{"@id":"https:\/\/www.directplanning.com\/fr\/#organization"},"potentialAction":[{"@type":"SearchAction","target":{"@type":"EntryPoint","urlTemplate":"https:\/\/www.directplanning.com\/fr\/?s={search_term_string}"},"query-input":{"@type":"PropertyValueSpecification","valueRequired":true,"valueName":"search_term_string"}}],"inLanguage":"fr-FR"},{"@type":"Organization","@id":"https:\/\/www.directplanning.com\/fr\/#organization","name":"Direct Planning","alternateName":"DP","url":"https:\/\/www.directplanning.com\/fr\/","logo":{"@type":"ImageObject","inLanguage":"fr-FR","@id":"https:\/\/www.directplanning.com\/fr\/#\/schema\/logo\/image\/","url":"https:\/\/www.directplanning.com\/wp-content\/uploads\/2023\/08\/DirectPlanIcone.bmp","contentUrl":"https:\/\/www.directplanning.com\/wp-content\/uploads\/2023\/08\/DirectPlanIcone.bmp","width":320,"height":355,"caption":"Direct Planning"},"image":{"@id":"https:\/\/www.directplanning.com\/fr\/#\/schema\/logo\/image\/"},"sameAs":["https:\/\/x.com\/Direct_Planning","https:\/\/www.linkedin.com\/showcase\/direct-planning\/posts\/?feedView=all","https:\/\/www.youtube.com\/user\/VolumeSoftware"]}]}},"_links":{"self":[{"href":"https:\/\/www.directplanning.com\/fr\/wp-json\/wp\/v2\/pages\/4233","targetHints":{"allow":["GET"]}}],"collection":[{"href":"https:\/\/www.directplanning.com\/fr\/wp-json\/wp\/v2\/pages"}],"about":[{"href":"https:\/\/www.directplanning.com\/fr\/wp-json\/wp\/v2\/types\/page"}],"author":[{"embeddable":true,"href":"https:\/\/www.directplanning.com\/fr\/wp-json\/wp\/v2\/users\/12"}],"replies":[{"embeddable":true,"href":"https:\/\/www.directplanning.com\/fr\/wp-json\/wp\/v2\/comments?post=4233"}],"version-history":[{"count":0,"href":"https:\/\/www.directplanning.com\/fr\/wp-json\/wp\/v2\/pages\/4233\/revisions"}],"wp:attachment":[{"href":"https:\/\/www.directplanning.com\/fr\/wp-json\/wp\/v2\/media?parent=4233"}],"curies":[{"name":"wp","href":"https:\/\/api.w.org\/{rel}","templated":true}]}}