{"id":422,"date":"2012-02-16T07:04:24","date_gmt":"2012-02-16T07:04:24","guid":{"rendered":"https:\/\/www.directplanning.com\/?page_id=422"},"modified":"2025-10-03T10:44:31","modified_gmt":"2025-10-03T08:44:31","slug":"planning-industrie","status":"publish","type":"page","link":"https:\/\/www.directplanning.com\/fr\/planning-industrie\/","title":{"rendered":"Direct Planning Industrie"},"content":{"rendered":"\n<p><strong>Direct Planning Industrie<\/strong> est un logiciel de planification sp\u00e9cifiquement con\u00e7u pour mod\u00e9liser les plannings de production industrielle. Tr\u00e8s <strong>fortement configurable<\/strong>, il <strong>s&#8217;adapte \u00e0 votre m\u00e9tier<\/strong>.&nbsp; Tr\u00e8s intuitif, il vous assiste dans la planification tout en respectant vos contraintes de gammes et de d\u00e9lai.<\/p>\n\n\n\n<p><strong>Direct Planning<\/strong> est un logiciel de planification <strong>param\u00e9trable au niveau des donn\u00e9es<\/strong>. Il vous permet de personnaliser les donn\u00e9es saisies ou import\u00e9es automatiquement depuis votre syst\u00e8me d&#8217;information (ERP, GPAO). Vous retrouvez ainsi vos clients, vos commandes, vos articles ou toutes les donn\u00e9es techniques qui vont sont utiles en planification.<\/p>\n\n\n<div class=\"wp-block-image\">\n<figure class=\"aligncenter\"><a href=\"https:\/\/www.directplanning.com\/wp-content\/uploads\/2020\/06\/presentation-direct-planning-industrie-1.png\" data-rel=\"lightbox-image-0\" data-rl_title=\"\" data-rl_caption=\"\" title=\"\"><img decoding=\"async\" width=\"610\" height=\"291\" src=\"https:\/\/www.directplanning.com\/wp-content\/uploads\/2020\/06\/presentation-direct-planning-industrie-1-610x291.png\" alt=\"Direct Planning Industrie - Vue g\u00e9n\u00e9rale du planning\" class=\"wp-image-4260\" srcset=\"https:\/\/www.directplanning.com\/wp-content\/uploads\/2020\/06\/presentation-direct-planning-industrie-1-610x291.png 610w, https:\/\/www.directplanning.com\/wp-content\/uploads\/2020\/06\/presentation-direct-planning-industrie-1-312x149.png 312w, https:\/\/www.directplanning.com\/wp-content\/uploads\/2020\/06\/presentation-direct-planning-industrie-1-156x74.png 156w, https:\/\/www.directplanning.com\/wp-content\/uploads\/2020\/06\/presentation-direct-planning-industrie-1-768x366.png 768w, https:\/\/www.directplanning.com\/wp-content\/uploads\/2020\/06\/presentation-direct-planning-industrie-1-1536x732.png 1536w, https:\/\/www.directplanning.com\/wp-content\/uploads\/2020\/06\/presentation-direct-planning-industrie-1-810x386.png 810w, https:\/\/www.directplanning.com\/wp-content\/uploads\/2020\/06\/presentation-direct-planning-industrie-1-1140x543.png 1140w, https:\/\/www.directplanning.com\/wp-content\/uploads\/2020\/06\/presentation-direct-planning-industrie-1.png 1920w\" sizes=\"(max-width: 610px) 100vw, 610px\" \/><\/a><figcaption class=\"wp-element-caption\">Direct Planning Industrie &#8211; Vue g\u00e9n\u00e9rale du planning<\/figcaption><\/figure><\/div>\n\n\n<p><strong>Direct Planning<\/strong> est un logiciel de planification <strong>configurable au niveau visuel<\/strong>. Vous pouvez cr\u00e9er de nombreuses vues du planning. Pour chaque vue, vous param\u00e9trez les donn\u00e9es \u00e0 afficher et le mode de <strong>coloration<\/strong> de chacune des t\u00e2ches du planning.<\/p>\n\n\n\n<p><strong>Direct planning<\/strong> est aussi param\u00e9trable via les formules programmables qui permettent un large choix de possibilit\u00e9 d&#8217;alerte visuelle, de couleurs, de calcul de temps&#8230;<\/p>\n\n\n\n<p>En vid\u00e9o, un tour d&#8217;horizon des fonctionnalit\u00e9s de <strong>Direct Planning Industrie<\/strong> :<\/p>\n\n\n\n<p><iframe src=\"https:\/\/www.youtube.com\/embed\/YkgFWHi45mI?list=PLE29BC077F1C16669&amp;rel=0\" width=\"640\" height=\"360\" frameborder=\"0\" allowfullscreen=\"allowfullscreen\"><\/iframe><\/p>\n\n\n\n<p class=\"has-text-align-center\"><a class=\"mks_button mks_button_medium rounded\" href=\"https:\/\/www.directplanning.com\/fr\/planning-industrie\/planning-industrie-fonctionnalites\/\" target=\"_self\" style=\"color: #FFFFFF; background-color: #1e73be;\" >&nbsp;Les fonctionnalit\u00e9s Planning Industrie <\/a>\n","protected":false},"excerpt":{"rendered":"<p>Direct Planning Industrie est un logiciel de planification sp\u00e9cifiquement con\u00e7u pour mod\u00e9liser les plannings de production industrielle. Tr\u00e8s fortement configurable, il s&#8217;adapte \u00e0 votre m\u00e9tier.&nbsp; Tr\u00e8s intuitif, il vous assiste dans la planification tout en respectant vos contraintes de gammes et de d\u00e9lai. Direct Planning est un logiciel de planification param\u00e9trable au niveau des donn\u00e9es. [&hellip;]<\/p>\n","protected":false},"author":2,"featured_media":2875,"parent":0,"menu_order":0,"comment_status":"open","ping_status":"closed","template":"","meta":{"footnotes":""},"class_list":["post-422","page","type-page","status-publish","has-post-thumbnail","hentry"],"yoast_head":"<!-- This site is optimized with the Yoast SEO plugin v27.4 - https:\/\/yoast.com\/product\/yoast-seo-wordpress\/ -->\n<title>Direct Planning Industrie - Direct Planning<\/title>\n<meta name=\"description\" content=\"Optimisez votre production industrielle avec DirectPlanning : planning intuitif, configurable, contraintes m\u00e9tiers, interface ERP int\u00e9gr\u00e9e.\" \/>\n<meta name=\"robots\" content=\"index, follow, max-snippet:-1, max-image-preview:large, max-video-preview:-1\" \/>\n<link rel=\"canonical\" href=\"https:\/\/www.directplanning.com\/fr\/planning-industrie\/\" \/>\n<meta property=\"og:locale\" content=\"fr_FR\" \/>\n<meta property=\"og:type\" content=\"article\" \/>\n<meta property=\"og:title\" content=\"Direct Planning Industrie - Direct Planning\" \/>\n<meta property=\"og:description\" content=\"Optimisez votre production industrielle avec DirectPlanning : planning intuitif, configurable, contraintes m\u00e9tiers, interface ERP int\u00e9gr\u00e9e.\" \/>\n<meta property=\"og:url\" content=\"https:\/\/www.directplanning.com\/fr\/planning-industrie\/\" \/>\n<meta property=\"og:site_name\" content=\"Direct Planning\" \/>\n<meta property=\"article:modified_time\" content=\"2025-10-03T08:44:31+00:00\" \/>\n<meta property=\"og:image\" content=\"https:\/\/www.directplanning.com\/wp-content\/uploads\/2016\/06\/presentation-direct-planning-industrie.png\" \/>\n\t<meta property=\"og:image:width\" content=\"1920\" \/>\n\t<meta property=\"og:image:height\" content=\"800\" \/>\n\t<meta property=\"og:image:type\" content=\"image\/png\" \/>\n<meta name=\"twitter:card\" content=\"summary_large_image\" \/>\n<meta name=\"twitter:site\" content=\"@Direct_Planning\" \/>\n<meta name=\"twitter:label1\" content=\"Dur\u00e9e de lecture estim\u00e9e\" \/>\n\t<meta name=\"twitter:data1\" content=\"2 minutes\" \/>\n<script type=\"application\/ld+json\" class=\"yoast-schema-graph\">{\"@context\":\"https:\\\/\\\/schema.org\",\"@graph\":[{\"@type\":\"WebPage\",\"@id\":\"https:\\\/\\\/www.directplanning.com\\\/fr\\\/planning-industrie\\\/\",\"url\":\"https:\\\/\\\/www.directplanning.com\\\/fr\\\/planning-industrie\\\/\",\"name\":\"Direct Planning Industrie - Direct Planning\",\"isPartOf\":{\"@id\":\"https:\\\/\\\/www.directplanning.com\\\/fr\\\/#website\"},\"primaryImageOfPage\":{\"@id\":\"https:\\\/\\\/www.directplanning.com\\\/fr\\\/planning-industrie\\\/#primaryimage\"},\"image\":{\"@id\":\"https:\\\/\\\/www.directplanning.com\\\/fr\\\/planning-industrie\\\/#primaryimage\"},\"thumbnailUrl\":\"https:\\\/\\\/www.directplanning.com\\\/wp-content\\\/uploads\\\/2016\\\/06\\\/presentation-direct-planning-industrie.png\",\"datePublished\":\"2012-02-16T07:04:24+00:00\",\"dateModified\":\"2025-10-03T08:44:31+00:00\",\"description\":\"Optimisez votre production industrielle avec DirectPlanning : planning intuitif, configurable, contraintes m\u00e9tiers, interface ERP int\u00e9gr\u00e9e.\",\"breadcrumb\":{\"@id\":\"https:\\\/\\\/www.directplanning.com\\\/fr\\\/planning-industrie\\\/#breadcrumb\"},\"inLanguage\":\"fr-FR\",\"potentialAction\":[{\"@type\":\"ReadAction\",\"target\":[\"https:\\\/\\\/www.directplanning.com\\\/fr\\\/planning-industrie\\\/\"]}]},{\"@type\":\"ImageObject\",\"inLanguage\":\"fr-FR\",\"@id\":\"https:\\\/\\\/www.directplanning.com\\\/fr\\\/planning-industrie\\\/#primaryimage\",\"url\":\"https:\\\/\\\/www.directplanning.com\\\/wp-content\\\/uploads\\\/2016\\\/06\\\/presentation-direct-planning-industrie.png\",\"contentUrl\":\"https:\\\/\\\/www.directplanning.com\\\/wp-content\\\/uploads\\\/2016\\\/06\\\/presentation-direct-planning-industrie.png\",\"width\":1920,\"height\":800,\"caption\":\"Presentation Direct Planning Industrie\"},{\"@type\":\"BreadcrumbList\",\"@id\":\"https:\\\/\\\/www.directplanning.com\\\/fr\\\/planning-industrie\\\/#breadcrumb\",\"itemListElement\":[{\"@type\":\"ListItem\",\"position\":1,\"name\":\"Accueil\",\"item\":\"https:\\\/\\\/www.directplanning.com\\\/fr\\\/\"},{\"@type\":\"ListItem\",\"position\":2,\"name\":\"Direct Planning Industrie\"}]},{\"@type\":\"WebSite\",\"@id\":\"https:\\\/\\\/www.directplanning.com\\\/fr\\\/#website\",\"url\":\"https:\\\/\\\/www.directplanning.com\\\/fr\\\/\",\"name\":\"Directplanning.com\",\"description\":\"Optimisez votre planning de production. Outil de planification intuitif et complet pour les entreprises et industries. Essai gratuit en ligne\",\"publisher\":{\"@id\":\"https:\\\/\\\/www.directplanning.com\\\/fr\\\/#organization\"},\"potentialAction\":[{\"@type\":\"SearchAction\",\"target\":{\"@type\":\"EntryPoint\",\"urlTemplate\":\"https:\\\/\\\/www.directplanning.com\\\/fr\\\/?s={search_term_string}\"},\"query-input\":{\"@type\":\"PropertyValueSpecification\",\"valueRequired\":true,\"valueName\":\"search_term_string\"}}],\"inLanguage\":\"fr-FR\"},{\"@type\":\"Organization\",\"@id\":\"https:\\\/\\\/www.directplanning.com\\\/fr\\\/#organization\",\"name\":\"Direct Planning\",\"alternateName\":\"DP\",\"url\":\"https:\\\/\\\/www.directplanning.com\\\/fr\\\/\",\"logo\":{\"@type\":\"ImageObject\",\"inLanguage\":\"fr-FR\",\"@id\":\"https:\\\/\\\/www.directplanning.com\\\/fr\\\/#\\\/schema\\\/logo\\\/image\\\/\",\"url\":\"https:\\\/\\\/www.directplanning.com\\\/wp-content\\\/uploads\\\/2023\\\/08\\\/DirectPlanIcone.bmp\",\"contentUrl\":\"https:\\\/\\\/www.directplanning.com\\\/wp-content\\\/uploads\\\/2023\\\/08\\\/DirectPlanIcone.bmp\",\"width\":320,\"height\":355,\"caption\":\"Direct Planning\"},\"image\":{\"@id\":\"https:\\\/\\\/www.directplanning.com\\\/fr\\\/#\\\/schema\\\/logo\\\/image\\\/\"},\"sameAs\":[\"https:\\\/\\\/x.com\\\/Direct_Planning\",\"https:\\\/\\\/www.linkedin.com\\\/showcase\\\/direct-planning\\\/posts\\\/?feedView=all\",\"https:\\\/\\\/www.youtube.com\\\/user\\\/VolumeSoftware\"]}]}<\/script>\n<!-- \/ Yoast SEO plugin. -->","yoast_head_json":{"title":"Direct Planning Industrie - Direct Planning","description":"Optimisez votre production industrielle avec DirectPlanning : planning intuitif, configurable, contraintes m\u00e9tiers, interface ERP int\u00e9gr\u00e9e.","robots":{"index":"index","follow":"follow","max-snippet":"max-snippet:-1","max-image-preview":"max-image-preview:large","max-video-preview":"max-video-preview:-1"},"canonical":"https:\/\/www.directplanning.com\/fr\/planning-industrie\/","og_locale":"fr_FR","og_type":"article","og_title":"Direct Planning Industrie - Direct Planning","og_description":"Optimisez votre production industrielle avec DirectPlanning : planning intuitif, configurable, contraintes m\u00e9tiers, interface ERP int\u00e9gr\u00e9e.","og_url":"https:\/\/www.directplanning.com\/fr\/planning-industrie\/","og_site_name":"Direct Planning","article_modified_time":"2025-10-03T08:44:31+00:00","og_image":[{"width":1920,"height":800,"url":"https:\/\/www.directplanning.com\/wp-content\/uploads\/2016\/06\/presentation-direct-planning-industrie.png","type":"image\/png"}],"twitter_card":"summary_large_image","twitter_site":"@Direct_Planning","twitter_misc":{"Dur\u00e9e de lecture estim\u00e9e":"2 minutes"},"schema":{"@context":"https:\/\/schema.org","@graph":[{"@type":"WebPage","@id":"https:\/\/www.directplanning.com\/fr\/planning-industrie\/","url":"https:\/\/www.directplanning.com\/fr\/planning-industrie\/","name":"Direct Planning Industrie - Direct Planning","isPartOf":{"@id":"https:\/\/www.directplanning.com\/fr\/#website"},"primaryImageOfPage":{"@id":"https:\/\/www.directplanning.com\/fr\/planning-industrie\/#primaryimage"},"image":{"@id":"https:\/\/www.directplanning.com\/fr\/planning-industrie\/#primaryimage"},"thumbnailUrl":"https:\/\/www.directplanning.com\/wp-content\/uploads\/2016\/06\/presentation-direct-planning-industrie.png","datePublished":"2012-02-16T07:04:24+00:00","dateModified":"2025-10-03T08:44:31+00:00","description":"Optimisez votre production industrielle avec DirectPlanning : planning intuitif, configurable, contraintes m\u00e9tiers, interface ERP int\u00e9gr\u00e9e.","breadcrumb":{"@id":"https:\/\/www.directplanning.com\/fr\/planning-industrie\/#breadcrumb"},"inLanguage":"fr-FR","potentialAction":[{"@type":"ReadAction","target":["https:\/\/www.directplanning.com\/fr\/planning-industrie\/"]}]},{"@type":"ImageObject","inLanguage":"fr-FR","@id":"https:\/\/www.directplanning.com\/fr\/planning-industrie\/#primaryimage","url":"https:\/\/www.directplanning.com\/wp-content\/uploads\/2016\/06\/presentation-direct-planning-industrie.png","contentUrl":"https:\/\/www.directplanning.com\/wp-content\/uploads\/2016\/06\/presentation-direct-planning-industrie.png","width":1920,"height":800,"caption":"Presentation Direct Planning Industrie"},{"@type":"BreadcrumbList","@id":"https:\/\/www.directplanning.com\/fr\/planning-industrie\/#breadcrumb","itemListElement":[{"@type":"ListItem","position":1,"name":"Accueil","item":"https:\/\/www.directplanning.com\/fr\/"},{"@type":"ListItem","position":2,"name":"Direct Planning Industrie"}]},{"@type":"WebSite","@id":"https:\/\/www.directplanning.com\/fr\/#website","url":"https:\/\/www.directplanning.com\/fr\/","name":"Directplanning.com","description":"Optimisez votre planning de production. Outil de planification intuitif et complet pour les entreprises et industries. Essai gratuit en ligne","publisher":{"@id":"https:\/\/www.directplanning.com\/fr\/#organization"},"potentialAction":[{"@type":"SearchAction","target":{"@type":"EntryPoint","urlTemplate":"https:\/\/www.directplanning.com\/fr\/?s={search_term_string}"},"query-input":{"@type":"PropertyValueSpecification","valueRequired":true,"valueName":"search_term_string"}}],"inLanguage":"fr-FR"},{"@type":"Organization","@id":"https:\/\/www.directplanning.com\/fr\/#organization","name":"Direct Planning","alternateName":"DP","url":"https:\/\/www.directplanning.com\/fr\/","logo":{"@type":"ImageObject","inLanguage":"fr-FR","@id":"https:\/\/www.directplanning.com\/fr\/#\/schema\/logo\/image\/","url":"https:\/\/www.directplanning.com\/wp-content\/uploads\/2023\/08\/DirectPlanIcone.bmp","contentUrl":"https:\/\/www.directplanning.com\/wp-content\/uploads\/2023\/08\/DirectPlanIcone.bmp","width":320,"height":355,"caption":"Direct Planning"},"image":{"@id":"https:\/\/www.directplanning.com\/fr\/#\/schema\/logo\/image\/"},"sameAs":["https:\/\/x.com\/Direct_Planning","https:\/\/www.linkedin.com\/showcase\/direct-planning\/posts\/?feedView=all","https:\/\/www.youtube.com\/user\/VolumeSoftware"]}]}},"_links":{"self":[{"href":"https:\/\/www.directplanning.com\/fr\/wp-json\/wp\/v2\/pages\/422","targetHints":{"allow":["GET"]}}],"collection":[{"href":"https:\/\/www.directplanning.com\/fr\/wp-json\/wp\/v2\/pages"}],"about":[{"href":"https:\/\/www.directplanning.com\/fr\/wp-json\/wp\/v2\/types\/page"}],"author":[{"embeddable":true,"href":"https:\/\/www.directplanning.com\/fr\/wp-json\/wp\/v2\/users\/2"}],"replies":[{"embeddable":true,"href":"https:\/\/www.directplanning.com\/fr\/wp-json\/wp\/v2\/comments?post=422"}],"version-history":[{"count":0,"href":"https:\/\/www.directplanning.com\/fr\/wp-json\/wp\/v2\/pages\/422\/revisions"}],"wp:featuredmedia":[{"embeddable":true,"href":"https:\/\/www.directplanning.com\/fr\/wp-json\/wp\/v2\/media\/2875"}],"wp:attachment":[{"href":"https:\/\/www.directplanning.com\/fr\/wp-json\/wp\/v2\/media?parent=422"}],"curies":[{"name":"wp","href":"https:\/\/api.w.org\/{rel}","templated":true}]}}