{"id":4,"date":"2011-09-26T14:33:58","date_gmt":"2011-09-26T14:33:58","guid":{"rendered":"https:\/\/www.directplanning.com\/?page_id=4"},"modified":"2025-10-03T14:59:39","modified_gmt":"2025-10-03T12:59:39","slug":"bienvenue-sur-direct-planning","status":"publish","type":"page","link":"https:\/\/www.directplanning.com\/fr\/","title":{"rendered":"Direct Planning, le logiciel de planification intuitif et complet pour votre entreprise :             testez le en ligne gratuitement d\u00e8s maintenant !"},"content":{"rendered":"<div class=\"wp-block-image\">\n<figure class=\"aligncenter is-resized\"><a href=\"https:\/\/www.directplanning.com\/wp-content\/uploads\/2020\/06\/presentation-direct-planning-industrie-1.png\" data-rel=\"lightbox-image-0\" data-rl_title=\"\" data-rl_caption=\"\" title=\"\"><img decoding=\"async\" width=\"610\" height=\"291\" src=\"https:\/\/www.directplanning.com\/wp-content\/uploads\/2020\/06\/presentation-direct-planning-industrie-1-610x291.png\" alt=\"\" class=\"wp-image-4260\" style=\"width:740px;height:auto\" srcset=\"https:\/\/www.directplanning.com\/wp-content\/uploads\/2020\/06\/presentation-direct-planning-industrie-1-610x291.png 610w, https:\/\/www.directplanning.com\/wp-content\/uploads\/2020\/06\/presentation-direct-planning-industrie-1-312x149.png 312w, https:\/\/www.directplanning.com\/wp-content\/uploads\/2020\/06\/presentation-direct-planning-industrie-1-156x74.png 156w, https:\/\/www.directplanning.com\/wp-content\/uploads\/2020\/06\/presentation-direct-planning-industrie-1-768x366.png 768w, https:\/\/www.directplanning.com\/wp-content\/uploads\/2020\/06\/presentation-direct-planning-industrie-1-1536x732.png 1536w, https:\/\/www.directplanning.com\/wp-content\/uploads\/2020\/06\/presentation-direct-planning-industrie-1-810x386.png 810w, https:\/\/www.directplanning.com\/wp-content\/uploads\/2020\/06\/presentation-direct-planning-industrie-1-1140x543.png 1140w, https:\/\/www.directplanning.com\/wp-content\/uploads\/2020\/06\/presentation-direct-planning-industrie-1.png 1920w\" sizes=\"(max-width: 610px) 100vw, 610px\" \/><\/a><\/figure><\/div>\n\n\n<h2 class=\"wp-block-heading\">Direct Planning : votre logiciel planning pour l&#8217;industrie, la gestion de projet ou le service<\/h2>\n\n\n\n<p><strong>Direct Planning<\/strong> est un logiciel de planning <strong>ergonomique<\/strong> et <strong>intuitif<\/strong>. Hautement configurable, notre logiciel de planification <strong>personnalisable<\/strong> et <strong>adaptatif<\/strong> prendra en compte les <strong>exigences de votre m\u00e9tier<\/strong>. <strong>Ce logiciel planning<\/strong> se d\u00e9cline en 3 offres :<\/p>\n\n\n<div class=\"mks_col \">\n<div class=\"mks_one_third \">\n<p style=\"text-align: center;\"><a class=\"mks_button mks_button_medium squared\" href=\"https:\/\/www.directplanning.com\/fr\/planning-industrie\/\" target=\"_self\" style=\"color: #FFFFFF; background-color: #1e73be;\" >Planning Industrie<\/a>\n<p>Avec<strong> Direct Planning Industrie<\/strong> optimisez votre <strong>planning de production<\/strong>.<br \/>\nPlanifiez vos machines en prenant en compte les <strong>d\u00e9lais <\/strong>et les <strong>contraintes techniques<\/strong> li\u00e9es \u00e0 vos process industriels.<br \/>\n<\/div>\n<div class=\"mks_one_third \">\n<p style=\"text-align: center;\"><a class=\"mks_button mks_button_medium squared\" href=\"https:\/\/www.directplanning.com\/fr\/planning-projet\/\" target=\"_self\" style=\"color: #FFFFFF; background-color: #1e73be;\" >Planning Projet<\/a>\n<p>Avec<strong> Direct Planning Projet<\/strong> abordez simplement votre planning projet.<br \/>\nPlanifiez les salari\u00e9s ou les ressources intervenant sur un projet et \u00e9vitez les retards.<br \/>\n<\/div>\n<div class=\"mks_one_third \">\n<p style=\"text-align: center;\"><a class=\"mks_button mks_button_medium squared\" href=\"https:\/\/www.directplanning.com\/fr\/planning-service\/\" target=\"_self\" style=\"color: #FFFFFF; background-color: #1e73be;\" >Planning Service<\/a>\n<p>Avec<strong> Direct Planning Service<\/strong> planifiez simplement vos services ou vos ressources.<br \/>\nG\u00e9rez en toute simplicit\u00e9 un planning de personnes, un planning de r\u00e9servation de salles ou de v\u00e9hicules.<br \/>\n<\/div>\n<\/div>\n\n\n\n<p>Notre logiciel planning permet de configurer des plannings visuels personnalis\u00e9s, g\u00e9rer les machines et les gammes de production, d\u00e9finir des contraintes horaires avec alertes, suivre l&#8217;avancement en temps r\u00e9el, et analyser la charge. Il int\u00e8gre \u00e9galement les donn\u00e9es des ERP pour une synchronisation automatique des t\u00e2ches. Des marqueurs visuels et des formules programmables aident \u00e0 optimiser les op\u00e9rations, tout en facilitant la modification des plannings et la personnalisation des vues pour chaque utilisateur.<\/p>\n\n\n\n<figure class=\"wp-block-embed is-type-video is-provider-youtube wp-block-embed-youtube wp-embed-aspect-16-9 wp-has-aspect-ratio\"><div class=\"wp-block-embed__wrapper\">\n<iframe title=\"Direct Planning Industrie - Pr\u00e9sentation (Logiciel planning)\" width=\"810\" height=\"456\" src=\"https:\/\/www.youtube.com\/embed\/YkgFWHi45mI?list=PLE29BC077F1C16669\" frameborder=\"0\" allow=\"accelerometer; autoplay; clipboard-write; encrypted-media; gyroscope; picture-in-picture; web-share\" referrerpolicy=\"strict-origin-when-cross-origin\" allowfullscreen><\/iframe>\n<\/div><figcaption class=\"wp-element-caption\"><em>Pr\u00e9sentation vid\u00e9o du logiciel planning<\/em> <em><strong>Direct Planning<\/strong><\/em><\/figcaption><\/figure>\n\n\n\n<script type=\"application\/ld+json\">\n{\n  \"@context\": \"https:\/\/schema.org\",\n  \"@type\": \"VideoObject\",\n  \"name\": \"Direct Planning Industrie - Pr\u00e9sentation (Logiciel planning)\",\n  \"description\": \"En savoir plus sur le logiciel Direct Planning : http:\/\/www.directplanning.com\nCette vid\u00e9o est une pr\u00e9sentation g\u00e9n\u00e9rale des fonctionnalit\u00e9s du logiciel Direct Planning Industrie.\",\n  \"thumbnailUrl\": \"https:\/\/img.youtube.com\/vi\/YkgFWHi45mI&t=42s\/maxresdefault.jpg\",\n  \"uploadDate\": \"2012-06-04T08:00:00+00:00\",\n  \"contentUrl\": \"https:\/\/www.youtube.com\/watch?v=YkgFWHi45mI&t=42s\",\n  \"embedUrl\": \"https:\/\/www.youtube.com\/embed\/YkgFWHi45mI&t=42s\",\n  \"duration\": \"PT8M44S\"\n}\n<\/script>\n\n\n\n<h3 class=\"wp-block-heading\">Ce que nos clients pensent de nous : <\/h3>\n\n\n\n<div class=\"wp-block-columns is-layout-flex wp-container-core-columns-is-layout-9d6595d7 wp-block-columns-is-layout-flex\">\n<div class=\"wp-block-column temoignages is-layout-flow wp-block-column-is-layout-flow\">\n<h4 class=\"wp-block-heading has-vce-acc-color has-text-color has-link-color wp-elements-c01f44580403943496801a8e8ac646f2\">Groupe DS Smith<\/h4>\n\n\n\n<p style=\"font-size:14px\"><em>&#8220;Direct Planning nous a permis d\u2019am\u00e9liorer le respect de nos d\u00e9lais et d\u2019avoir une meilleure anticipation de notre charge de travail.&#8221;<\/em><\/p>\n<\/div>\n\n\n\n<div class=\"wp-block-column temoignages is-layout-flow wp-block-column-is-layout-flow\">\n<h4 class=\"wp-block-heading has-vce-acc-color has-text-color has-link-color has-large-font-size wp-elements-a796d2f4c771c5ae1dbdebe28b996984\">Mosanto \u2013 Planification<\/h4>\n\n\n\n<p style=\"font-size:14px\"><em>&#8220;C\u2019est l\u2019outil id\u00e9al, intuitif et facile d\u2019utilisation. Il s\u2019adapte \u00e0 nos besoins et permet de renseigner diff\u00e9rentes caract\u00e9ristiques et assurer un suivi ais\u00e9, pr\u00e9cis et rapide<\/em><\/p>\n<\/div>\n\n\n\n<div class=\"wp-block-column temoignages is-layout-flow wp-block-column-is-layout-flow\">\n<h4 class=\"wp-block-heading has-vce-acc-color has-text-color has-link-color wp-elements-d7555929f7a2aa26350ae9bd781cc277\">Coverpla<\/h4>\n\n\n\n<p style=\"font-size:14px\"><br><em>&#8220;Direct Planning nous a permis de pouvoir planifier \u00e0 long terme et de favoriser une production flexible et adaptable \u00e0 nos besoins et contraintes.&#8221;<\/em><\/p>\n<\/div>\n<\/div>\n\n\n\n<div style=\"height:22px\" aria-hidden=\"true\" class=\"wp-block-spacer\"><\/div>\n\n\n\n<div class=\"wp-block-buttons is-content-justification-center is-layout-flex wp-container-core-buttons-is-layout-16018d1d wp-block-buttons-is-layout-flex\">\n<div class=\"wp-block-button has-custom-width wp-block-button__width-100\"><a class=\"wp-block-button__link has-vce-acc-background-color has-background has-text-align-center wp-element-button\" href=\"https:\/\/www.directplanning.com\/fr\/temoignages-direct-planning\/\">Tous les t\u00e9moignages clients<\/a><\/div>\n<\/div>\n\n\n\n<div style=\"height:77px\" aria-hidden=\"true\" class=\"wp-block-spacer\"><\/div>\n\n\n\n<p>Pour toute question, n&#8217;h\u00e9sitez pas \u00e0 <a title=\"Contact\" href=\"https:\/\/www.directplanning.com\/fr\/contact\/\">nous contacter<\/a>. <strong>Le service client est notre m\u00e9tier<\/strong>, vous serez les bienvenus.<\/p>\n\n\n\n<h5 class=\"wp-block-heading\">Suivez-nous<\/h5>\n\n\n\n<div class=\"wp-block-columns is-layout-flex wp-container-core-columns-is-layout-9d6595d7 wp-block-columns-is-layout-flex\">\n<div class=\"wp-block-column is-layout-flow wp-block-column-is-layout-flow\">\n<ul class=\"wp-block-social-links has-large-icon-size is-layout-flex wp-block-social-links-is-layout-flex\"><li class=\"wp-social-link wp-social-link-twitter  wp-block-social-link\"><a href=\"https:\/\/twitter.com\/Direct_Planning\" class=\"wp-block-social-link-anchor\"><svg width=\"24\" height=\"24\" viewBox=\"0 0 24 24\" version=\"1.1\" xmlns=\"http:\/\/www.w3.org\/2000\/svg\" aria-hidden=\"true\" focusable=\"false\"><path d=\"M22.23,5.924c-0.736,0.326-1.527,0.547-2.357,0.646c0.847-0.508,1.498-1.312,1.804-2.27 c-0.793,0.47-1.671,0.812-2.606,0.996C18.324,4.498,17.257,4,16.077,4c-2.266,0-4.103,1.837-4.103,4.103 c0,0.322,0.036,0.635,0.106,0.935C8.67,8.867,5.647,7.234,3.623,4.751C3.27,5.357,3.067,6.062,3.067,6.814 c0,1.424,0.724,2.679,1.825,3.415c-0.673-0.021-1.305-0.206-1.859-0.513c0,0.017,0,0.034,0,0.052c0,1.988,1.414,3.647,3.292,4.023 c-0.344,0.094-0.707,0.144-1.081,0.144c-0.264,0-0.521-0.026-0.772-0.074c0.522,1.63,2.038,2.816,3.833,2.85 c-1.404,1.1-3.174,1.756-5.096,1.756c-0.331,0-0.658-0.019-0.979-0.057c1.816,1.164,3.973,1.843,6.29,1.843 c7.547,0,11.675-6.252,11.675-11.675c0-0.178-0.004-0.355-0.012-0.531C20.985,7.47,21.68,6.747,22.23,5.924z\"><\/path><\/svg><span class=\"wp-block-social-link-label screen-reader-text\">Twitter<\/span><\/a><\/li><\/ul>\n<\/div>\n\n\n\n<div class=\"wp-block-column is-layout-flow wp-block-column-is-layout-flow\">\n<ul class=\"wp-block-social-links has-large-icon-size is-layout-flex wp-block-social-links-is-layout-flex\"><li class=\"wp-social-link wp-social-link-linkedin  wp-block-social-link\"><a href=\"https:\/\/www.linkedin.com\/company\/direct-planning\" class=\"wp-block-social-link-anchor\"><svg width=\"24\" height=\"24\" viewBox=\"0 0 24 24\" version=\"1.1\" xmlns=\"http:\/\/www.w3.org\/2000\/svg\" aria-hidden=\"true\" focusable=\"false\"><path d=\"M19.7,3H4.3C3.582,3,3,3.582,3,4.3v15.4C3,20.418,3.582,21,4.3,21h15.4c0.718,0,1.3-0.582,1.3-1.3V4.3 C21,3.582,20.418,3,19.7,3z M8.339,18.338H5.667v-8.59h2.672V18.338z M7.004,8.574c-0.857,0-1.549-0.694-1.549-1.548 c0-0.855,0.691-1.548,1.549-1.548c0.854,0,1.547,0.694,1.547,1.548C8.551,7.881,7.858,8.574,7.004,8.574z M18.339,18.338h-2.669 v-4.177c0-0.996-0.017-2.278-1.387-2.278c-1.389,0-1.601,1.086-1.601,2.206v4.249h-2.667v-8.59h2.559v1.174h0.037 c0.356-0.675,1.227-1.387,2.526-1.387c2.703,0,3.203,1.779,3.203,4.092V18.338z\"><\/path><\/svg><span class=\"wp-block-social-link-label screen-reader-text\">LinkedIn<\/span><\/a><\/li><\/ul>\n<\/div>\n\n\n\n<div class=\"wp-block-column is-layout-flow wp-block-column-is-layout-flow\">\n<ul class=\"wp-block-social-links has-large-icon-size is-layout-flex wp-block-social-links-is-layout-flex\"><li class=\"wp-social-link wp-social-link-youtube  wp-block-social-link\"><a href=\"https:\/\/www.youtube.com\/user\/VolumeSoftware\" class=\"wp-block-social-link-anchor\"><svg width=\"24\" height=\"24\" viewBox=\"0 0 24 24\" version=\"1.1\" xmlns=\"http:\/\/www.w3.org\/2000\/svg\" aria-hidden=\"true\" focusable=\"false\"><path d=\"M21.8,8.001c0,0-0.195-1.378-0.795-1.985c-0.76-0.797-1.613-0.801-2.004-0.847c-2.799-0.202-6.997-0.202-6.997-0.202 h-0.009c0,0-4.198,0-6.997,0.202C4.608,5.216,3.756,5.22,2.995,6.016C2.395,6.623,2.2,8.001,2.2,8.001S2,9.62,2,11.238v1.517 c0,1.618,0.2,3.237,0.2,3.237s0.195,1.378,0.795,1.985c0.761,0.797,1.76,0.771,2.205,0.855c1.6,0.153,6.8,0.201,6.8,0.201 s4.203-0.006,7.001-0.209c0.391-0.047,1.243-0.051,2.004-0.847c0.6-0.607,0.795-1.985,0.795-1.985s0.2-1.618,0.2-3.237v-1.517 C22,9.62,21.8,8.001,21.8,8.001z M9.935,14.594l-0.001-5.62l5.404,2.82L9.935,14.594z\"><\/path><\/svg><span class=\"wp-block-social-link-label screen-reader-text\">YouTube<\/span><\/a><\/li><\/ul>\n<\/div>\n<\/div>\n\n\n\n<p><\/p>\n","protected":false},"excerpt":{"rendered":"<p>Direct Planning : votre logiciel planning pour l&#8217;industrie, la gestion de projet ou le service Direct Planning est un logiciel de planning ergonomique et intuitif. Hautement configurable, notre logiciel de planification personnalisable et adaptatif prendra en compte les exigences de votre m\u00e9tier. Ce logiciel planning se d\u00e9cline en 3 offres : Notre logiciel planning permet [&hellip;]<\/p>\n","protected":false},"author":2,"featured_media":2875,"parent":0,"menu_order":0,"comment_status":"open","ping_status":"closed","template":"","meta":{"footnotes":""},"class_list":["post-4","page","type-page","status-publish","has-post-thumbnail","hentry"],"yoast_head":"<!-- This site is optimized with the Yoast SEO plugin v27.5 - https:\/\/yoast.com\/product\/yoast-seo-wordpress\/ -->\n<title>Logiciel Planning Pour Entreprises, GANTT - Direct Planning<\/title>\n<meta name=\"description\" content=\"Logiciel de planification intuitif et complet pour l\u2019industrie, les projets et les services. Essai gratuit en ligne.\" \/>\n<meta name=\"robots\" content=\"index, follow, max-snippet:-1, max-image-preview:large, max-video-preview:-1\" \/>\n<link rel=\"canonical\" href=\"https:\/\/www.directplanning.com\/fr\/\" \/>\n<meta property=\"og:locale\" content=\"fr_FR\" \/>\n<meta property=\"og:type\" content=\"article\" \/>\n<meta property=\"og:title\" content=\"Logiciel Planning Pour Entreprises, GANTT - Direct Planning\" \/>\n<meta property=\"og:description\" content=\"Logiciel de planification intuitif et complet pour l\u2019industrie, les projets et les services. Essai gratuit en ligne.\" \/>\n<meta property=\"og:url\" content=\"https:\/\/www.directplanning.com\/fr\/\" \/>\n<meta property=\"og:site_name\" content=\"Direct Planning\" \/>\n<meta property=\"article:modified_time\" content=\"2025-10-03T12:59:39+00:00\" \/>\n<meta property=\"og:image\" content=\"https:\/\/www.directplanning.com\/wp-content\/uploads\/2016\/06\/presentation-direct-planning-industrie.png\" \/>\n\t<meta property=\"og:image:width\" content=\"1920\" \/>\n\t<meta property=\"og:image:height\" content=\"800\" \/>\n\t<meta property=\"og:image:type\" content=\"image\/png\" \/>\n<meta name=\"twitter:card\" content=\"summary_large_image\" \/>\n<meta name=\"twitter:site\" content=\"@Direct_Planning\" \/>\n<meta name=\"twitter:label1\" content=\"Dur\u00e9e de lecture estim\u00e9e\" \/>\n\t<meta name=\"twitter:data1\" content=\"3 minutes\" \/>\n<script type=\"application\/ld+json\" class=\"yoast-schema-graph\">{\"@context\":\"https:\\\/\\\/schema.org\",\"@graph\":[{\"@type\":\"WebPage\",\"@id\":\"https:\\\/\\\/www.directplanning.com\\\/fr\\\/\",\"url\":\"https:\\\/\\\/www.directplanning.com\\\/fr\\\/\",\"name\":\"Logiciel Planning Pour Entreprises, GANTT - Direct Planning\",\"isPartOf\":{\"@id\":\"https:\\\/\\\/www.directplanning.com\\\/fr\\\/#website\"},\"primaryImageOfPage\":{\"@id\":\"https:\\\/\\\/www.directplanning.com\\\/fr\\\/#primaryimage\"},\"image\":{\"@id\":\"https:\\\/\\\/www.directplanning.com\\\/fr\\\/#primaryimage\"},\"thumbnailUrl\":\"https:\\\/\\\/www.directplanning.com\\\/wp-content\\\/uploads\\\/2016\\\/06\\\/presentation-direct-planning-industrie.png\",\"datePublished\":\"2011-09-26T14:33:58+00:00\",\"dateModified\":\"2025-10-03T12:59:39+00:00\",\"description\":\"Logiciel de planification intuitif et complet pour l\u2019industrie, les projets et les services. Essai gratuit en ligne.\",\"breadcrumb\":{\"@id\":\"https:\\\/\\\/www.directplanning.com\\\/fr\\\/#breadcrumb\"},\"inLanguage\":\"fr-FR\",\"potentialAction\":[{\"@type\":\"ReadAction\",\"target\":[\"https:\\\/\\\/www.directplanning.com\\\/fr\\\/\"]}]},{\"@type\":\"ImageObject\",\"inLanguage\":\"fr-FR\",\"@id\":\"https:\\\/\\\/www.directplanning.com\\\/fr\\\/#primaryimage\",\"url\":\"https:\\\/\\\/www.directplanning.com\\\/wp-content\\\/uploads\\\/2016\\\/06\\\/presentation-direct-planning-industrie.png\",\"contentUrl\":\"https:\\\/\\\/www.directplanning.com\\\/wp-content\\\/uploads\\\/2016\\\/06\\\/presentation-direct-planning-industrie.png\",\"width\":1920,\"height\":800,\"caption\":\"Presentation Direct Planning Industrie\"},{\"@type\":\"BreadcrumbList\",\"@id\":\"https:\\\/\\\/www.directplanning.com\\\/fr\\\/#breadcrumb\",\"itemListElement\":[{\"@type\":\"ListItem\",\"position\":1,\"name\":\"Accueil\",\"item\":\"https:\\\/\\\/www.directplanning.com\\\/fr\\\/\"},{\"@type\":\"ListItem\",\"position\":2,\"name\":\"Direct Planning, le logiciel de planification intuitif et complet pour votre entreprise : testez le en ligne gratuitement d\u00e8s maintenant !\"}]},{\"@type\":\"WebSite\",\"@id\":\"https:\\\/\\\/www.directplanning.com\\\/fr\\\/#website\",\"url\":\"https:\\\/\\\/www.directplanning.com\\\/fr\\\/\",\"name\":\"Directplanning.com\",\"description\":\"Optimisez votre planning de production. Outil de planification intuitif et complet pour les entreprises et industries. Essai gratuit en ligne\",\"publisher\":{\"@id\":\"https:\\\/\\\/www.directplanning.com\\\/fr\\\/#organization\"},\"potentialAction\":[{\"@type\":\"SearchAction\",\"target\":{\"@type\":\"EntryPoint\",\"urlTemplate\":\"https:\\\/\\\/www.directplanning.com\\\/fr\\\/?s={search_term_string}\"},\"query-input\":{\"@type\":\"PropertyValueSpecification\",\"valueRequired\":true,\"valueName\":\"search_term_string\"}}],\"inLanguage\":\"fr-FR\"},{\"@type\":\"Organization\",\"@id\":\"https:\\\/\\\/www.directplanning.com\\\/fr\\\/#organization\",\"name\":\"Direct Planning\",\"alternateName\":\"DP\",\"url\":\"https:\\\/\\\/www.directplanning.com\\\/fr\\\/\",\"logo\":{\"@type\":\"ImageObject\",\"inLanguage\":\"fr-FR\",\"@id\":\"https:\\\/\\\/www.directplanning.com\\\/fr\\\/#\\\/schema\\\/logo\\\/image\\\/\",\"url\":\"https:\\\/\\\/www.directplanning.com\\\/wp-content\\\/uploads\\\/2023\\\/08\\\/DirectPlanIcone.bmp\",\"contentUrl\":\"https:\\\/\\\/www.directplanning.com\\\/wp-content\\\/uploads\\\/2023\\\/08\\\/DirectPlanIcone.bmp\",\"width\":320,\"height\":355,\"caption\":\"Direct Planning\"},\"image\":{\"@id\":\"https:\\\/\\\/www.directplanning.com\\\/fr\\\/#\\\/schema\\\/logo\\\/image\\\/\"},\"sameAs\":[\"https:\\\/\\\/x.com\\\/Direct_Planning\",\"https:\\\/\\\/www.linkedin.com\\\/showcase\\\/direct-planning\\\/posts\\\/?feedView=all\",\"https:\\\/\\\/www.youtube.com\\\/user\\\/VolumeSoftware\"]}]}<\/script>\n<!-- \/ Yoast SEO plugin. -->","yoast_head_json":{"title":"Logiciel Planning Pour Entreprises, GANTT - Direct Planning","description":"Logiciel de planification intuitif et complet pour l\u2019industrie, les projets et les services. Essai gratuit en ligne.","robots":{"index":"index","follow":"follow","max-snippet":"max-snippet:-1","max-image-preview":"max-image-preview:large","max-video-preview":"max-video-preview:-1"},"canonical":"https:\/\/www.directplanning.com\/fr\/","og_locale":"fr_FR","og_type":"article","og_title":"Logiciel Planning Pour Entreprises, GANTT - Direct Planning","og_description":"Logiciel de planification intuitif et complet pour l\u2019industrie, les projets et les services. Essai gratuit en ligne.","og_url":"https:\/\/www.directplanning.com\/fr\/","og_site_name":"Direct Planning","article_modified_time":"2025-10-03T12:59:39+00:00","og_image":[{"width":1920,"height":800,"url":"https:\/\/www.directplanning.com\/wp-content\/uploads\/2016\/06\/presentation-direct-planning-industrie.png","type":"image\/png"}],"twitter_card":"summary_large_image","twitter_site":"@Direct_Planning","twitter_misc":{"Dur\u00e9e de lecture estim\u00e9e":"3 minutes"},"schema":{"@context":"https:\/\/schema.org","@graph":[{"@type":"WebPage","@id":"https:\/\/www.directplanning.com\/fr\/","url":"https:\/\/www.directplanning.com\/fr\/","name":"Logiciel Planning Pour Entreprises, GANTT - Direct Planning","isPartOf":{"@id":"https:\/\/www.directplanning.com\/fr\/#website"},"primaryImageOfPage":{"@id":"https:\/\/www.directplanning.com\/fr\/#primaryimage"},"image":{"@id":"https:\/\/www.directplanning.com\/fr\/#primaryimage"},"thumbnailUrl":"https:\/\/www.directplanning.com\/wp-content\/uploads\/2016\/06\/presentation-direct-planning-industrie.png","datePublished":"2011-09-26T14:33:58+00:00","dateModified":"2025-10-03T12:59:39+00:00","description":"Logiciel de planification intuitif et complet pour l\u2019industrie, les projets et les services. Essai gratuit en ligne.","breadcrumb":{"@id":"https:\/\/www.directplanning.com\/fr\/#breadcrumb"},"inLanguage":"fr-FR","potentialAction":[{"@type":"ReadAction","target":["https:\/\/www.directplanning.com\/fr\/"]}]},{"@type":"ImageObject","inLanguage":"fr-FR","@id":"https:\/\/www.directplanning.com\/fr\/#primaryimage","url":"https:\/\/www.directplanning.com\/wp-content\/uploads\/2016\/06\/presentation-direct-planning-industrie.png","contentUrl":"https:\/\/www.directplanning.com\/wp-content\/uploads\/2016\/06\/presentation-direct-planning-industrie.png","width":1920,"height":800,"caption":"Presentation Direct Planning Industrie"},{"@type":"BreadcrumbList","@id":"https:\/\/www.directplanning.com\/fr\/#breadcrumb","itemListElement":[{"@type":"ListItem","position":1,"name":"Accueil","item":"https:\/\/www.directplanning.com\/fr\/"},{"@type":"ListItem","position":2,"name":"Direct Planning, le logiciel de planification intuitif et complet pour votre entreprise : testez le en ligne gratuitement d\u00e8s maintenant !"}]},{"@type":"WebSite","@id":"https:\/\/www.directplanning.com\/fr\/#website","url":"https:\/\/www.directplanning.com\/fr\/","name":"Directplanning.com","description":"Optimisez votre planning de production. Outil de planification intuitif et complet pour les entreprises et industries. Essai gratuit en ligne","publisher":{"@id":"https:\/\/www.directplanning.com\/fr\/#organization"},"potentialAction":[{"@type":"SearchAction","target":{"@type":"EntryPoint","urlTemplate":"https:\/\/www.directplanning.com\/fr\/?s={search_term_string}"},"query-input":{"@type":"PropertyValueSpecification","valueRequired":true,"valueName":"search_term_string"}}],"inLanguage":"fr-FR"},{"@type":"Organization","@id":"https:\/\/www.directplanning.com\/fr\/#organization","name":"Direct Planning","alternateName":"DP","url":"https:\/\/www.directplanning.com\/fr\/","logo":{"@type":"ImageObject","inLanguage":"fr-FR","@id":"https:\/\/www.directplanning.com\/fr\/#\/schema\/logo\/image\/","url":"https:\/\/www.directplanning.com\/wp-content\/uploads\/2023\/08\/DirectPlanIcone.bmp","contentUrl":"https:\/\/www.directplanning.com\/wp-content\/uploads\/2023\/08\/DirectPlanIcone.bmp","width":320,"height":355,"caption":"Direct Planning"},"image":{"@id":"https:\/\/www.directplanning.com\/fr\/#\/schema\/logo\/image\/"},"sameAs":["https:\/\/x.com\/Direct_Planning","https:\/\/www.linkedin.com\/showcase\/direct-planning\/posts\/?feedView=all","https:\/\/www.youtube.com\/user\/VolumeSoftware"]}]}},"_links":{"self":[{"href":"https:\/\/www.directplanning.com\/fr\/wp-json\/wp\/v2\/pages\/4","targetHints":{"allow":["GET"]}}],"collection":[{"href":"https:\/\/www.directplanning.com\/fr\/wp-json\/wp\/v2\/pages"}],"about":[{"href":"https:\/\/www.directplanning.com\/fr\/wp-json\/wp\/v2\/types\/page"}],"author":[{"embeddable":true,"href":"https:\/\/www.directplanning.com\/fr\/wp-json\/wp\/v2\/users\/2"}],"replies":[{"embeddable":true,"href":"https:\/\/www.directplanning.com\/fr\/wp-json\/wp\/v2\/comments?post=4"}],"version-history":[{"count":0,"href":"https:\/\/www.directplanning.com\/fr\/wp-json\/wp\/v2\/pages\/4\/revisions"}],"wp:featuredmedia":[{"embeddable":true,"href":"https:\/\/www.directplanning.com\/fr\/wp-json\/wp\/v2\/media\/2875"}],"wp:attachment":[{"href":"https:\/\/www.directplanning.com\/fr\/wp-json\/wp\/v2\/media?parent=4"}],"curies":[{"name":"wp","href":"https:\/\/api.w.org\/{rel}","templated":true}]}}