{"id":38,"date":"2011-09-26T14:51:51","date_gmt":"2011-09-26T14:51:51","guid":{"rendered":"https:\/\/www.directplanning.com\/?page_id=38"},"modified":"2025-09-26T10:16:32","modified_gmt":"2025-09-26T08:16:32","slug":"temoignages-direct-planning","status":"publish","type":"page","link":"https:\/\/www.directplanning.com\/fr\/temoignages-direct-planning\/","title":{"rendered":"T\u00e9moignages Direct Planning"},"content":{"rendered":"\n<h2 class=\"wp-block-heading\"><a href=\"https:\/\/www.directplanning.com\/fr\/temoignages\/coverpla\/\">Coverpla<\/a><\/h2>\n\n\n\n<blockquote class=\"wp-block-quote is-layout-flow wp-block-quote-is-layout-flow\">\n<p class=\"invisible\">Direct Planning nous a permis de pouvoir planifier \u00e0 long terme et de favoriser une production flexible et adaptable \u00e0 nos besoins et contraintes.<\/p>\n<\/blockquote>\n\n\n\n<p><a href=\"https:\/\/www.directplanning.com\/fr\/temoignages\/coverpla\/\">Lire le t\u00e9moignage complet<\/a><\/p>\n\n\n\n<h2 class=\"wp-block-heading\"><a href=\"https:\/\/www.directplanning.com\/fr\/temoignages\/monsanto-planification\/\">Monsanto &#8211; Planification<\/a><\/h2>\n\n\n\n<blockquote class=\"wp-block-quote is-layout-flow wp-block-quote-is-layout-flow\">\n<p class=\"invisible\">C\u2019est l\u2019outil id\u00e9al, intuitif et facile d\u2019utilisation. Il s\u2019adapte \u00e0 nos besoins et permet de renseigner diff\u00e9rentes caract\u00e9ristiques et assurer un suivi ais\u00e9, pr\u00e9cis et rapide.<\/p>\n<\/blockquote>\n\n\n\n<p><a href=\"https:\/\/www.directplanning.com\/fr\/temoignages\/monsanto-planification\/\">Lire le t\u00e9moignage complet<\/a><\/p>\n\n\n\n<h2 class=\"wp-block-heading\"><a href=\"https:\/\/www.directplanning.com\/fr\/temoignages\/monsanto\/\">Monsanto &#8211; Direction<\/a><\/h2>\n\n\n\n<blockquote class=\"wp-block-quote is-layout-flow wp-block-quote-is-layout-flow\">\n<p class=\"invisible\">Une entreprise \u00e0 l\u2019\u00e9coute de ses clients ; du personnel passionn\u00e9 par ce qu\u2019il fait ; des solutions trouv\u00e9es et d\u00e9velopp\u00e9es dans les temps.<\/p>\n<\/blockquote>\n\n\n\n<p><a href=\"https:\/\/www.directplanning.com\/fr\/temoignages\/monsanto\/\">Lire le t\u00e9moignage complet<\/a><\/p>\n\n\n\n<h2 class=\"wp-block-heading\"><a href=\"https:\/\/www.directplanning.com\/fr\/temoignages\/duff-norton-europe\/\">Duff-Norton Europe<\/a><\/h2>\n\n\n\n<blockquote class=\"wp-block-quote is-layout-flow wp-block-quote-is-layout-flow\">\n<p>Direct Planning s\u2019adapte \u00e0 vos besoins et pas l\u2019inverse, c\u2019est la force de cette application.<\/p>\n<\/blockquote>\n\n\n\n<p><a href=\"https:\/\/www.directplanning.com\/fr\/temoignages\/duff-norton-europe\/\">Lire le t\u00e9moignage complet<\/a><\/p>\n\n\n\n<h2 class=\"wp-block-heading\"><a href=\"https:\/\/www.directplanning.com\/fr\/temoignages\/ds-smith\/\">Groupe DS Smith<\/a><\/h2>\n\n\n\n<blockquote class=\"wp-block-quote is-layout-flow wp-block-quote-is-layout-flow\">\n<p>Direct Planning nous a permis d\u2019am\u00e9liorer le respect de nos d\u00e9lais et d\u2019avoir une meilleure anticipation de notre charge de travail.<\/p>\n<\/blockquote>\n\n\n\n<p><a href=\"https:\/\/www.directplanning.com\/fr\/temoignages\/ds-smith\/\">Lire le t\u00e9moignage complet<\/a><\/p>\n\n\n\n<h2 class=\"wp-block-heading\"><a href=\"https:\/\/www.directplanning.com\/fr\/temoignages\/groupe-rossmann-nordcarton\/\">Groupe Rossmann \u2013 Nordcarton<\/a><\/h2>\n\n\n\n<blockquote class=\"wp-block-quote is-layout-flow wp-block-quote-is-layout-flow\">\n<p>Direct Planning est parfaitement adapt\u00e9 \u00e0 la planification d\u2019une unit\u00e9 de production de type \u00ab cartonnage \u00bb. Il est simple d\u2019utilisation et convivial. De plus, la souplesse qu\u2019offre Direct Planning en termes de mod\u00e9lisation et de configuration est tr\u00e8s appr\u00e9ciable.<\/p>\n<\/blockquote>\n\n\n\n<p><a href=\"https:\/\/www.directplanning.com\/fr\/temoignages\/groupe-rossmann-nordcarton\/\">Lire le t\u00e9moignage complet<\/a><\/p>\n","protected":false},"excerpt":{"rendered":"<p>Coverpla Direct Planning nous a permis de pouvoir planifier \u00e0 long terme et de favoriser une production flexible et adaptable \u00e0 nos besoins et contraintes. Lire le t\u00e9moignage complet Monsanto &#8211; Planification C\u2019est l\u2019outil id\u00e9al, intuitif et facile d\u2019utilisation. Il s\u2019adapte \u00e0 nos besoins et permet de renseigner diff\u00e9rentes caract\u00e9ristiques et assurer un suivi ais\u00e9, [&hellip;]<\/p>\n","protected":false},"author":2,"featured_media":696,"parent":0,"menu_order":5,"comment_status":"open","ping_status":"closed","template":"","meta":{"footnotes":""},"class_list":["post-38","page","type-page","status-publish","has-post-thumbnail","hentry"],"yoast_head":"<!-- This site is optimized with the Yoast SEO plugin v27.3 - https:\/\/yoast.com\/product\/yoast-seo-wordpress\/ -->\n<title>T\u00e9moignages Direct Planning - Direct Planning<\/title>\n<meta name=\"description\" content=\"T\u00e9moignages Direct Planning, le logiciel de planification configurable pour les plannings de production industriels, la gestion de projets ou le service.\" \/>\n<meta name=\"robots\" content=\"index, follow, max-snippet:-1, max-image-preview:large, max-video-preview:-1\" \/>\n<link rel=\"canonical\" href=\"https:\/\/www.directplanning.com\/fr\/temoignages-direct-planning\/\" \/>\n<meta property=\"og:locale\" content=\"fr_FR\" \/>\n<meta property=\"og:type\" content=\"article\" \/>\n<meta property=\"og:title\" content=\"T\u00e9moignages Direct Planning - Direct Planning\" \/>\n<meta property=\"og:description\" content=\"T\u00e9moignages Direct Planning, le logiciel de planification configurable pour les plannings de production industriels, la gestion de projets ou le service.\" \/>\n<meta property=\"og:url\" content=\"https:\/\/www.directplanning.com\/fr\/temoignages-direct-planning\/\" \/>\n<meta property=\"og:site_name\" content=\"Direct Planning\" \/>\n<meta property=\"article:modified_time\" content=\"2025-09-26T08:16:32+00:00\" \/>\n<meta property=\"og:image\" content=\"https:\/\/www.directplanning.com\/wp-content\/uploads\/2012\/02\/LogoDirectPlanning.jpg\" \/>\n\t<meta property=\"og:image:width\" content=\"1417\" \/>\n\t<meta property=\"og:image:height\" content=\"709\" \/>\n\t<meta property=\"og:image:type\" content=\"image\/jpeg\" \/>\n<meta name=\"twitter:card\" content=\"summary_large_image\" \/>\n<meta name=\"twitter:site\" content=\"@Direct_Planning\" \/>\n<meta name=\"twitter:label1\" content=\"Dur\u00e9e de lecture estim\u00e9e\" \/>\n\t<meta name=\"twitter:data1\" content=\"1 minute\" \/>\n<script type=\"application\/ld+json\" class=\"yoast-schema-graph\">{\"@context\":\"https:\\\/\\\/schema.org\",\"@graph\":[{\"@type\":\"WebPage\",\"@id\":\"https:\\\/\\\/www.directplanning.com\\\/fr\\\/temoignages-direct-planning\\\/\",\"url\":\"https:\\\/\\\/www.directplanning.com\\\/fr\\\/temoignages-direct-planning\\\/\",\"name\":\"T\u00e9moignages Direct Planning - Direct Planning\",\"isPartOf\":{\"@id\":\"https:\\\/\\\/www.directplanning.com\\\/fr\\\/#website\"},\"primaryImageOfPage\":{\"@id\":\"https:\\\/\\\/www.directplanning.com\\\/fr\\\/temoignages-direct-planning\\\/#primaryimage\"},\"image\":{\"@id\":\"https:\\\/\\\/www.directplanning.com\\\/fr\\\/temoignages-direct-planning\\\/#primaryimage\"},\"thumbnailUrl\":\"https:\\\/\\\/www.directplanning.com\\\/wp-content\\\/uploads\\\/2012\\\/02\\\/LogoDirectPlanning.jpg\",\"datePublished\":\"2011-09-26T14:51:51+00:00\",\"dateModified\":\"2025-09-26T08:16:32+00:00\",\"description\":\"T\u00e9moignages Direct Planning, le logiciel de planification configurable pour les plannings de production industriels, la gestion de projets ou le service.\",\"breadcrumb\":{\"@id\":\"https:\\\/\\\/www.directplanning.com\\\/fr\\\/temoignages-direct-planning\\\/#breadcrumb\"},\"inLanguage\":\"fr-FR\",\"potentialAction\":[{\"@type\":\"ReadAction\",\"target\":[\"https:\\\/\\\/www.directplanning.com\\\/fr\\\/temoignages-direct-planning\\\/\"]}]},{\"@type\":\"ImageObject\",\"inLanguage\":\"fr-FR\",\"@id\":\"https:\\\/\\\/www.directplanning.com\\\/fr\\\/temoignages-direct-planning\\\/#primaryimage\",\"url\":\"https:\\\/\\\/www.directplanning.com\\\/wp-content\\\/uploads\\\/2012\\\/02\\\/LogoDirectPlanning.jpg\",\"contentUrl\":\"https:\\\/\\\/www.directplanning.com\\\/wp-content\\\/uploads\\\/2012\\\/02\\\/LogoDirectPlanning.jpg\",\"width\":1417,\"height\":709},{\"@type\":\"BreadcrumbList\",\"@id\":\"https:\\\/\\\/www.directplanning.com\\\/fr\\\/temoignages-direct-planning\\\/#breadcrumb\",\"itemListElement\":[{\"@type\":\"ListItem\",\"position\":1,\"name\":\"Accueil\",\"item\":\"https:\\\/\\\/www.directplanning.com\\\/fr\\\/\"},{\"@type\":\"ListItem\",\"position\":2,\"name\":\"T\u00e9moignages Direct Planning\"}]},{\"@type\":\"WebSite\",\"@id\":\"https:\\\/\\\/www.directplanning.com\\\/fr\\\/#website\",\"url\":\"https:\\\/\\\/www.directplanning.com\\\/fr\\\/\",\"name\":\"Directplanning.com\",\"description\":\"Optimisez votre planning de production. Outil de planification intuitif et complet pour les entreprises et industries. Essai gratuit en ligne\",\"publisher\":{\"@id\":\"https:\\\/\\\/www.directplanning.com\\\/fr\\\/#organization\"},\"potentialAction\":[{\"@type\":\"SearchAction\",\"target\":{\"@type\":\"EntryPoint\",\"urlTemplate\":\"https:\\\/\\\/www.directplanning.com\\\/fr\\\/?s={search_term_string}\"},\"query-input\":{\"@type\":\"PropertyValueSpecification\",\"valueRequired\":true,\"valueName\":\"search_term_string\"}}],\"inLanguage\":\"fr-FR\"},{\"@type\":\"Organization\",\"@id\":\"https:\\\/\\\/www.directplanning.com\\\/fr\\\/#organization\",\"name\":\"Direct Planning\",\"alternateName\":\"DP\",\"url\":\"https:\\\/\\\/www.directplanning.com\\\/fr\\\/\",\"logo\":{\"@type\":\"ImageObject\",\"inLanguage\":\"fr-FR\",\"@id\":\"https:\\\/\\\/www.directplanning.com\\\/fr\\\/#\\\/schema\\\/logo\\\/image\\\/\",\"url\":\"https:\\\/\\\/www.directplanning.com\\\/wp-content\\\/uploads\\\/2023\\\/08\\\/DirectPlanIcone.bmp\",\"contentUrl\":\"https:\\\/\\\/www.directplanning.com\\\/wp-content\\\/uploads\\\/2023\\\/08\\\/DirectPlanIcone.bmp\",\"width\":320,\"height\":355,\"caption\":\"Direct Planning\"},\"image\":{\"@id\":\"https:\\\/\\\/www.directplanning.com\\\/fr\\\/#\\\/schema\\\/logo\\\/image\\\/\"},\"sameAs\":[\"https:\\\/\\\/x.com\\\/Direct_Planning\",\"https:\\\/\\\/www.linkedin.com\\\/showcase\\\/direct-planning\\\/posts\\\/?feedView=all\",\"https:\\\/\\\/www.youtube.com\\\/user\\\/VolumeSoftware\"]}]}<\/script>\n<!-- \/ Yoast SEO plugin. -->","yoast_head_json":{"title":"T\u00e9moignages Direct Planning - Direct Planning","description":"T\u00e9moignages Direct Planning, le logiciel de planification configurable pour les plannings de production industriels, la gestion de projets ou le service.","robots":{"index":"index","follow":"follow","max-snippet":"max-snippet:-1","max-image-preview":"max-image-preview:large","max-video-preview":"max-video-preview:-1"},"canonical":"https:\/\/www.directplanning.com\/fr\/temoignages-direct-planning\/","og_locale":"fr_FR","og_type":"article","og_title":"T\u00e9moignages Direct Planning - Direct Planning","og_description":"T\u00e9moignages Direct Planning, le logiciel de planification configurable pour les plannings de production industriels, la gestion de projets ou le service.","og_url":"https:\/\/www.directplanning.com\/fr\/temoignages-direct-planning\/","og_site_name":"Direct Planning","article_modified_time":"2025-09-26T08:16:32+00:00","og_image":[{"width":1417,"height":709,"url":"https:\/\/www.directplanning.com\/wp-content\/uploads\/2012\/02\/LogoDirectPlanning.jpg","type":"image\/jpeg"}],"twitter_card":"summary_large_image","twitter_site":"@Direct_Planning","twitter_misc":{"Dur\u00e9e de lecture estim\u00e9e":"1 minute"},"schema":{"@context":"https:\/\/schema.org","@graph":[{"@type":"WebPage","@id":"https:\/\/www.directplanning.com\/fr\/temoignages-direct-planning\/","url":"https:\/\/www.directplanning.com\/fr\/temoignages-direct-planning\/","name":"T\u00e9moignages Direct Planning - Direct Planning","isPartOf":{"@id":"https:\/\/www.directplanning.com\/fr\/#website"},"primaryImageOfPage":{"@id":"https:\/\/www.directplanning.com\/fr\/temoignages-direct-planning\/#primaryimage"},"image":{"@id":"https:\/\/www.directplanning.com\/fr\/temoignages-direct-planning\/#primaryimage"},"thumbnailUrl":"https:\/\/www.directplanning.com\/wp-content\/uploads\/2012\/02\/LogoDirectPlanning.jpg","datePublished":"2011-09-26T14:51:51+00:00","dateModified":"2025-09-26T08:16:32+00:00","description":"T\u00e9moignages Direct Planning, le logiciel de planification configurable pour les plannings de production industriels, la gestion de projets ou le service.","breadcrumb":{"@id":"https:\/\/www.directplanning.com\/fr\/temoignages-direct-planning\/#breadcrumb"},"inLanguage":"fr-FR","potentialAction":[{"@type":"ReadAction","target":["https:\/\/www.directplanning.com\/fr\/temoignages-direct-planning\/"]}]},{"@type":"ImageObject","inLanguage":"fr-FR","@id":"https:\/\/www.directplanning.com\/fr\/temoignages-direct-planning\/#primaryimage","url":"https:\/\/www.directplanning.com\/wp-content\/uploads\/2012\/02\/LogoDirectPlanning.jpg","contentUrl":"https:\/\/www.directplanning.com\/wp-content\/uploads\/2012\/02\/LogoDirectPlanning.jpg","width":1417,"height":709},{"@type":"BreadcrumbList","@id":"https:\/\/www.directplanning.com\/fr\/temoignages-direct-planning\/#breadcrumb","itemListElement":[{"@type":"ListItem","position":1,"name":"Accueil","item":"https:\/\/www.directplanning.com\/fr\/"},{"@type":"ListItem","position":2,"name":"T\u00e9moignages Direct Planning"}]},{"@type":"WebSite","@id":"https:\/\/www.directplanning.com\/fr\/#website","url":"https:\/\/www.directplanning.com\/fr\/","name":"Directplanning.com","description":"Optimisez votre planning de production. Outil de planification intuitif et complet pour les entreprises et industries. Essai gratuit en ligne","publisher":{"@id":"https:\/\/www.directplanning.com\/fr\/#organization"},"potentialAction":[{"@type":"SearchAction","target":{"@type":"EntryPoint","urlTemplate":"https:\/\/www.directplanning.com\/fr\/?s={search_term_string}"},"query-input":{"@type":"PropertyValueSpecification","valueRequired":true,"valueName":"search_term_string"}}],"inLanguage":"fr-FR"},{"@type":"Organization","@id":"https:\/\/www.directplanning.com\/fr\/#organization","name":"Direct Planning","alternateName":"DP","url":"https:\/\/www.directplanning.com\/fr\/","logo":{"@type":"ImageObject","inLanguage":"fr-FR","@id":"https:\/\/www.directplanning.com\/fr\/#\/schema\/logo\/image\/","url":"https:\/\/www.directplanning.com\/wp-content\/uploads\/2023\/08\/DirectPlanIcone.bmp","contentUrl":"https:\/\/www.directplanning.com\/wp-content\/uploads\/2023\/08\/DirectPlanIcone.bmp","width":320,"height":355,"caption":"Direct Planning"},"image":{"@id":"https:\/\/www.directplanning.com\/fr\/#\/schema\/logo\/image\/"},"sameAs":["https:\/\/x.com\/Direct_Planning","https:\/\/www.linkedin.com\/showcase\/direct-planning\/posts\/?feedView=all","https:\/\/www.youtube.com\/user\/VolumeSoftware"]}]}},"_links":{"self":[{"href":"https:\/\/www.directplanning.com\/fr\/wp-json\/wp\/v2\/pages\/38","targetHints":{"allow":["GET"]}}],"collection":[{"href":"https:\/\/www.directplanning.com\/fr\/wp-json\/wp\/v2\/pages"}],"about":[{"href":"https:\/\/www.directplanning.com\/fr\/wp-json\/wp\/v2\/types\/page"}],"author":[{"embeddable":true,"href":"https:\/\/www.directplanning.com\/fr\/wp-json\/wp\/v2\/users\/2"}],"replies":[{"embeddable":true,"href":"https:\/\/www.directplanning.com\/fr\/wp-json\/wp\/v2\/comments?post=38"}],"version-history":[{"count":0,"href":"https:\/\/www.directplanning.com\/fr\/wp-json\/wp\/v2\/pages\/38\/revisions"}],"wp:featuredmedia":[{"embeddable":true,"href":"https:\/\/www.directplanning.com\/fr\/wp-json\/wp\/v2\/media\/696"}],"wp:attachment":[{"href":"https:\/\/www.directplanning.com\/fr\/wp-json\/wp\/v2\/media?parent=38"}],"curies":[{"name":"wp","href":"https:\/\/api.w.org\/{rel}","templated":true}]}}