{"id":36,"date":"2011-09-26T14:51:33","date_gmt":"2011-09-26T14:51:33","guid":{"rendered":"https:\/\/www.directplanning.com\/?page_id=36"},"modified":"2025-10-03T15:16:17","modified_gmt":"2025-10-03T13:16:17","slug":"references-direct-planning","status":"publish","type":"page","link":"https:\/\/www.directplanning.com\/fr\/references-direct-planning\/","title":{"rendered":"Quelques r\u00e9f\u00e9rences Direct Planning"},"content":{"rendered":"<div class=\"mks_col \">\n<div class=\"mks_one_half \">\n<h2><img decoding=\"async\" src=\"https:\/\/www.directplanning.com\/wp-content\/uploads\/2016\/06\/references-machines.png\" alt=\"engrenages\" \/> Machines, \u00e9quipement, \u00e9lectricit\u00e9<\/h2>\n<ul>\n<li>Cegelec<\/li>\n<li>Babolat<\/li>\n<li>Danielson Engineering<\/li>\n<li>Drieux Combaluzier Ascenceurs<\/li>\n<li>Sandvik Tamrock Secoma<\/li>\n<li>Siemens<\/li>\n<li>Sofilec<\/li>\n<\/ul>\n<h2><img decoding=\"async\" src=\"https:\/\/www.directplanning.com\/wp-content\/uploads\/2016\/06\/references-carton.png\" alt=\"carton\" \/> Carton, Papier, Bois<\/h2>\n<ul>\n<li>B\u2019PACK<\/li>\n<li>Cartonnages d&#8217;Auch<\/li>\n<li>Cartonnages Binchoise (Belgique)<\/li>\n<li>Cartonnages ROC<\/li>\n<li>Cartonneries de l&#8217;Andelle (groupe Ondulys)<\/li>\n<li>CCL INMOULD LABEL SAS<\/li>\n<li>Groupe CPC<\/li>\n<li>Groupe DS SMITH<\/li>\n<li>FP Pack<\/li>\n<li>G\u00e9n\u00e9ral Emballage<\/li>\n<li>Graphic Packaging International<\/li>\n<li>Groupe HGS<\/li>\n<li>INE Cartonnages<\/li>\n<li>Groupe INESSENS<\/li>\n<li>Interfas<\/li>\n<li>Kappa Dore Emballages<\/li>\n<li>Korus Packaging<\/li>\n<li>LE CARTONNAGE INDUSTRIEL<\/li>\n<li>Groupe LGR Packaging<\/li>\n<li>MM Packaging France<\/li>\n<li>MM Packaging Tec Tunisie<\/li>\n<li>Mulliez Richebe<\/li>\n<li>Moludo<\/li>\n<li>Nortier<\/li>\n<li>PRINTOR PACKAGGING<\/li>\n<li>Groupe ROSSMANN<\/li>\n<li>SCA Display &amp; Services<\/li>\n<li>Groupe SCHUR FLEXIBLE \/UNIPACKAGING<\/li>\n<li>SMURFIT KAPPA Dore Packaging<\/li>\n<li>TPG Packaging<\/li>\n<li>Valois emballage<\/li>\n<li>Groupe Verpack<\/li>\n<\/ul>\n<h2><img decoding=\"async\" src=\"https:\/\/www.directplanning.com\/wp-content\/uploads\/2016\/06\/references-industrie.png\" alt=\"industrie\" \/> Autres industries<\/h2>\n<ul>\n<li>BAMER<\/li>\n<li>COMOTEC VISOTTICA<\/li>\n<li>GIVAUDAN<\/li>\n<li>Lorraine Cosm\u00e9tique<\/li>\n<li>Soliance<\/li>\n<li>Petit Bateau<\/li>\n<li>DERVAL JL SARL<\/li>\n<li>Nedelec Le Piouffle<\/li>\n<\/ul>\n<h2><img decoding=\"async\" src=\"https:\/\/www.directplanning.com\/wp-content\/uploads\/2016\/06\/references-institutionnel.png\" alt=\"institutionnel\" \/> Conseil, Service, Institutionnel<\/h2>\n<ul>\n<li>AXILOG<\/li>\n<li>L&#8217;Ecole Nationale Sup\u00e9rieure d&#8217;Architecture de Versailles<\/li>\n<li>GETI &#8211; DITS<\/li>\n<li>LA POSTE \/PHILAPOSTE<\/li>\n<li>S.M.E.E St\u00e9 Maintenance Etudes Electrom\u00e9caniques<\/li>\n<li>SNC Agrolog \/SVA Jean Roze<\/li>\n<li>TAGG Informatique<\/li>\n<\/ul>\n<\/div>\n<div class=\"mks_one_half \">\n<h2><img decoding=\"async\" src=\"https:\/\/www.directplanning.com\/wp-content\/uploads\/2016\/06\/references-automobile.png\" alt=\"automobile\" \/> M\u00e9tallurgie, automobile<\/h2>\n<ul>\n<li>BRUNO SCHERER ENTREPRISE<\/li>\n<li>DUFF-Norton Europe<\/li>\n<li>EUROCABLE<\/li>\n<li>GALY SAS<\/li>\n<li>Inergy Automotive Systems<\/li>\n<li>Lenoir M\u00e9tallerie<\/li>\n<li>Nortene Technologie<\/li>\n<li>PLASTIC OMNIUM<\/li>\n<li>Rubimeca (Groupe DION)<\/li>\n<li>SBFM<\/li>\n<li>Thyssenkrupp Sofedit<\/li>\n<\/ul>\n<h2><img decoding=\"async\" src=\"https:\/\/www.directplanning.com\/wp-content\/uploads\/2016\/06\/references-chimie.png\" alt=\"chimie\" \/> Plasturgie, chimie, nucl\u00e9aire<\/h2>\n<ul>\n<li>AVINTIV BERRY PLASTICS<\/li>\n<li>CEA de Cadarache<\/li>\n<li>Biocorp<\/li>\n<li>Borflex &#8211; Normandie Caoutchouc<\/li>\n<li>CELLUTEC Group<\/li>\n<li>FARMEA FAREVA<\/li>\n<li>Gestimat &#8211; Groupe Dehon<\/li>\n<li>Monsanto<\/li>\n<li>SICA AMG Antimony<\/li>\n<\/ul>\n<h2><img decoding=\"async\" src=\"https:\/\/www.directplanning.com\/wp-content\/uploads\/2016\/06\/references-imprimerie.png\" alt=\"imprimerie\" \/> Imprimerie<\/h2>\n<ul>\n<li>Alize Screen Belgique<\/li>\n<li>Azaprim<\/li>\n<li>Imprimerie Chirat<\/li>\n<li>Constantin SA<\/li>\n<li>Edicolor<\/li>\n<li>Edition du Lorrain<\/li>\n<li>Fleuret<\/li>\n<li>Imprimerie Forezienne<\/li>\n<li>Imprimerie Freller<\/li>\n<li>Imprimerie Freppel Edac<\/li>\n<li>Imprimerie Frontere<\/li>\n<li>GIBERT CLAREY IMPRIMEURS<\/li>\n<li>Imprimerie GIP<\/li>\n<li>Gouzy<\/li>\n<li>Imprimerie Gresset<\/li>\n<li>Groupe IPS<\/li>\n<li>Imprimerie Jacquelin<\/li>\n<li>Imprimerie MARTINENQ<\/li>\n<li>Imprimerie N\u00e9mont<\/li>\n<li>Korus Edition<\/li>\n<li>Groupe Serge LASKI<\/li>\n<li>MULTISIGNE<\/li>\n<li>Normandie Roto Impression<\/li>\n<li>PND France<\/li>\n<li>Impression Presses de Bretagne Services<\/li>\n<li>Ruel Etiquettes<\/li>\n<li>SELP SAS<\/li>\n<li>SMIC<\/li>\n<li>Sopan Sajic<\/li>\n<li>Techni PAC (Groupe Filpack)<\/li>\n<li>Groupe TONNELIER<\/li>\n<li>Groupe Tourneville Securex<\/li>\n<li>Trapinex<\/li>\n<\/ul>\n<\/div>\n<\/div>\n","protected":false},"excerpt":{"rendered":"","protected":false},"author":2,"featured_media":696,"parent":0,"menu_order":4,"comment_status":"open","ping_status":"closed","template":"","meta":{"footnotes":""},"class_list":["post-36","page","type-page","status-publish","has-post-thumbnail","hentry"],"yoast_head":"<!-- This site is optimized with the Yoast SEO plugin v27.5 - https:\/\/yoast.com\/product\/yoast-seo-wordpress\/ -->\n<title>Quelques r\u00e9f\u00e9rences Direct Planning - Direct Planning<\/title>\n<meta name=\"description\" content=\"D\u00e9couvrez les entreprises utilisant Direct Planning dans l\u2019industrie, la chimie, l\u2019emballage, la m\u00e9tallurgie et les services.\" \/>\n<meta name=\"robots\" content=\"index, follow, max-snippet:-1, max-image-preview:large, max-video-preview:-1\" \/>\n<link rel=\"canonical\" href=\"https:\/\/www.directplanning.com\/fr\/references-direct-planning\/\" \/>\n<meta property=\"og:locale\" content=\"fr_FR\" \/>\n<meta property=\"og:type\" content=\"article\" \/>\n<meta property=\"og:title\" content=\"Quelques r\u00e9f\u00e9rences Direct Planning - Direct Planning\" \/>\n<meta property=\"og:description\" content=\"D\u00e9couvrez les entreprises utilisant Direct Planning dans l\u2019industrie, la chimie, l\u2019emballage, la m\u00e9tallurgie et les services.\" \/>\n<meta property=\"og:url\" content=\"https:\/\/www.directplanning.com\/fr\/references-direct-planning\/\" \/>\n<meta property=\"og:site_name\" content=\"Direct Planning\" \/>\n<meta property=\"article:modified_time\" content=\"2025-10-03T13:16:17+00:00\" \/>\n<meta property=\"og:image\" content=\"https:\/\/www.directplanning.com\/wp-content\/uploads\/2012\/02\/LogoDirectPlanning.jpg\" \/>\n\t<meta property=\"og:image:width\" content=\"1417\" \/>\n\t<meta property=\"og:image:height\" content=\"709\" \/>\n\t<meta property=\"og:image:type\" content=\"image\/jpeg\" \/>\n<meta name=\"twitter:card\" content=\"summary_large_image\" \/>\n<meta name=\"twitter:site\" content=\"@Direct_Planning\" \/>\n<meta name=\"twitter:label1\" content=\"Dur\u00e9e de lecture estim\u00e9e\" \/>\n\t<meta name=\"twitter:data1\" content=\"3 minutes\" \/>\n<script type=\"application\/ld+json\" class=\"yoast-schema-graph\">{\"@context\":\"https:\\\/\\\/schema.org\",\"@graph\":[{\"@type\":\"WebPage\",\"@id\":\"https:\\\/\\\/www.directplanning.com\\\/fr\\\/references-direct-planning\\\/\",\"url\":\"https:\\\/\\\/www.directplanning.com\\\/fr\\\/references-direct-planning\\\/\",\"name\":\"Quelques r\u00e9f\u00e9rences Direct Planning - Direct Planning\",\"isPartOf\":{\"@id\":\"https:\\\/\\\/www.directplanning.com\\\/fr\\\/#website\"},\"primaryImageOfPage\":{\"@id\":\"https:\\\/\\\/www.directplanning.com\\\/fr\\\/references-direct-planning\\\/#primaryimage\"},\"image\":{\"@id\":\"https:\\\/\\\/www.directplanning.com\\\/fr\\\/references-direct-planning\\\/#primaryimage\"},\"thumbnailUrl\":\"https:\\\/\\\/www.directplanning.com\\\/wp-content\\\/uploads\\\/2012\\\/02\\\/LogoDirectPlanning.jpg\",\"datePublished\":\"2011-09-26T14:51:33+00:00\",\"dateModified\":\"2025-10-03T13:16:17+00:00\",\"description\":\"D\u00e9couvrez les entreprises utilisant Direct Planning dans l\u2019industrie, la chimie, l\u2019emballage, la m\u00e9tallurgie et les services.\",\"breadcrumb\":{\"@id\":\"https:\\\/\\\/www.directplanning.com\\\/fr\\\/references-direct-planning\\\/#breadcrumb\"},\"inLanguage\":\"fr-FR\",\"potentialAction\":[{\"@type\":\"ReadAction\",\"target\":[\"https:\\\/\\\/www.directplanning.com\\\/fr\\\/references-direct-planning\\\/\"]}]},{\"@type\":\"ImageObject\",\"inLanguage\":\"fr-FR\",\"@id\":\"https:\\\/\\\/www.directplanning.com\\\/fr\\\/references-direct-planning\\\/#primaryimage\",\"url\":\"https:\\\/\\\/www.directplanning.com\\\/wp-content\\\/uploads\\\/2012\\\/02\\\/LogoDirectPlanning.jpg\",\"contentUrl\":\"https:\\\/\\\/www.directplanning.com\\\/wp-content\\\/uploads\\\/2012\\\/02\\\/LogoDirectPlanning.jpg\",\"width\":1417,\"height\":709},{\"@type\":\"BreadcrumbList\",\"@id\":\"https:\\\/\\\/www.directplanning.com\\\/fr\\\/references-direct-planning\\\/#breadcrumb\",\"itemListElement\":[{\"@type\":\"ListItem\",\"position\":1,\"name\":\"Accueil\",\"item\":\"https:\\\/\\\/www.directplanning.com\\\/fr\\\/\"},{\"@type\":\"ListItem\",\"position\":2,\"name\":\"Quelques r\u00e9f\u00e9rences Direct Planning\"}]},{\"@type\":\"WebSite\",\"@id\":\"https:\\\/\\\/www.directplanning.com\\\/fr\\\/#website\",\"url\":\"https:\\\/\\\/www.directplanning.com\\\/fr\\\/\",\"name\":\"Directplanning.com\",\"description\":\"Optimisez votre planning de production. Outil de planification intuitif et complet pour les entreprises et industries. Essai gratuit en ligne\",\"publisher\":{\"@id\":\"https:\\\/\\\/www.directplanning.com\\\/fr\\\/#organization\"},\"potentialAction\":[{\"@type\":\"SearchAction\",\"target\":{\"@type\":\"EntryPoint\",\"urlTemplate\":\"https:\\\/\\\/www.directplanning.com\\\/fr\\\/?s={search_term_string}\"},\"query-input\":{\"@type\":\"PropertyValueSpecification\",\"valueRequired\":true,\"valueName\":\"search_term_string\"}}],\"inLanguage\":\"fr-FR\"},{\"@type\":\"Organization\",\"@id\":\"https:\\\/\\\/www.directplanning.com\\\/fr\\\/#organization\",\"name\":\"Direct Planning\",\"alternateName\":\"DP\",\"url\":\"https:\\\/\\\/www.directplanning.com\\\/fr\\\/\",\"logo\":{\"@type\":\"ImageObject\",\"inLanguage\":\"fr-FR\",\"@id\":\"https:\\\/\\\/www.directplanning.com\\\/fr\\\/#\\\/schema\\\/logo\\\/image\\\/\",\"url\":\"https:\\\/\\\/www.directplanning.com\\\/wp-content\\\/uploads\\\/2023\\\/08\\\/DirectPlanIcone.bmp\",\"contentUrl\":\"https:\\\/\\\/www.directplanning.com\\\/wp-content\\\/uploads\\\/2023\\\/08\\\/DirectPlanIcone.bmp\",\"width\":320,\"height\":355,\"caption\":\"Direct Planning\"},\"image\":{\"@id\":\"https:\\\/\\\/www.directplanning.com\\\/fr\\\/#\\\/schema\\\/logo\\\/image\\\/\"},\"sameAs\":[\"https:\\\/\\\/x.com\\\/Direct_Planning\",\"https:\\\/\\\/www.linkedin.com\\\/showcase\\\/direct-planning\\\/posts\\\/?feedView=all\",\"https:\\\/\\\/www.youtube.com\\\/user\\\/VolumeSoftware\"]}]}<\/script>\n<!-- \/ Yoast SEO plugin. -->","yoast_head_json":{"title":"Quelques r\u00e9f\u00e9rences Direct Planning - Direct Planning","description":"D\u00e9couvrez les entreprises utilisant Direct Planning dans l\u2019industrie, la chimie, l\u2019emballage, la m\u00e9tallurgie et les services.","robots":{"index":"index","follow":"follow","max-snippet":"max-snippet:-1","max-image-preview":"max-image-preview:large","max-video-preview":"max-video-preview:-1"},"canonical":"https:\/\/www.directplanning.com\/fr\/references-direct-planning\/","og_locale":"fr_FR","og_type":"article","og_title":"Quelques r\u00e9f\u00e9rences Direct Planning - Direct Planning","og_description":"D\u00e9couvrez les entreprises utilisant Direct Planning dans l\u2019industrie, la chimie, l\u2019emballage, la m\u00e9tallurgie et les services.","og_url":"https:\/\/www.directplanning.com\/fr\/references-direct-planning\/","og_site_name":"Direct Planning","article_modified_time":"2025-10-03T13:16:17+00:00","og_image":[{"width":1417,"height":709,"url":"https:\/\/www.directplanning.com\/wp-content\/uploads\/2012\/02\/LogoDirectPlanning.jpg","type":"image\/jpeg"}],"twitter_card":"summary_large_image","twitter_site":"@Direct_Planning","twitter_misc":{"Dur\u00e9e de lecture estim\u00e9e":"3 minutes"},"schema":{"@context":"https:\/\/schema.org","@graph":[{"@type":"WebPage","@id":"https:\/\/www.directplanning.com\/fr\/references-direct-planning\/","url":"https:\/\/www.directplanning.com\/fr\/references-direct-planning\/","name":"Quelques r\u00e9f\u00e9rences Direct Planning - Direct Planning","isPartOf":{"@id":"https:\/\/www.directplanning.com\/fr\/#website"},"primaryImageOfPage":{"@id":"https:\/\/www.directplanning.com\/fr\/references-direct-planning\/#primaryimage"},"image":{"@id":"https:\/\/www.directplanning.com\/fr\/references-direct-planning\/#primaryimage"},"thumbnailUrl":"https:\/\/www.directplanning.com\/wp-content\/uploads\/2012\/02\/LogoDirectPlanning.jpg","datePublished":"2011-09-26T14:51:33+00:00","dateModified":"2025-10-03T13:16:17+00:00","description":"D\u00e9couvrez les entreprises utilisant Direct Planning dans l\u2019industrie, la chimie, l\u2019emballage, la m\u00e9tallurgie et les services.","breadcrumb":{"@id":"https:\/\/www.directplanning.com\/fr\/references-direct-planning\/#breadcrumb"},"inLanguage":"fr-FR","potentialAction":[{"@type":"ReadAction","target":["https:\/\/www.directplanning.com\/fr\/references-direct-planning\/"]}]},{"@type":"ImageObject","inLanguage":"fr-FR","@id":"https:\/\/www.directplanning.com\/fr\/references-direct-planning\/#primaryimage","url":"https:\/\/www.directplanning.com\/wp-content\/uploads\/2012\/02\/LogoDirectPlanning.jpg","contentUrl":"https:\/\/www.directplanning.com\/wp-content\/uploads\/2012\/02\/LogoDirectPlanning.jpg","width":1417,"height":709},{"@type":"BreadcrumbList","@id":"https:\/\/www.directplanning.com\/fr\/references-direct-planning\/#breadcrumb","itemListElement":[{"@type":"ListItem","position":1,"name":"Accueil","item":"https:\/\/www.directplanning.com\/fr\/"},{"@type":"ListItem","position":2,"name":"Quelques r\u00e9f\u00e9rences Direct Planning"}]},{"@type":"WebSite","@id":"https:\/\/www.directplanning.com\/fr\/#website","url":"https:\/\/www.directplanning.com\/fr\/","name":"Directplanning.com","description":"Optimisez votre planning de production. Outil de planification intuitif et complet pour les entreprises et industries. Essai gratuit en ligne","publisher":{"@id":"https:\/\/www.directplanning.com\/fr\/#organization"},"potentialAction":[{"@type":"SearchAction","target":{"@type":"EntryPoint","urlTemplate":"https:\/\/www.directplanning.com\/fr\/?s={search_term_string}"},"query-input":{"@type":"PropertyValueSpecification","valueRequired":true,"valueName":"search_term_string"}}],"inLanguage":"fr-FR"},{"@type":"Organization","@id":"https:\/\/www.directplanning.com\/fr\/#organization","name":"Direct Planning","alternateName":"DP","url":"https:\/\/www.directplanning.com\/fr\/","logo":{"@type":"ImageObject","inLanguage":"fr-FR","@id":"https:\/\/www.directplanning.com\/fr\/#\/schema\/logo\/image\/","url":"https:\/\/www.directplanning.com\/wp-content\/uploads\/2023\/08\/DirectPlanIcone.bmp","contentUrl":"https:\/\/www.directplanning.com\/wp-content\/uploads\/2023\/08\/DirectPlanIcone.bmp","width":320,"height":355,"caption":"Direct Planning"},"image":{"@id":"https:\/\/www.directplanning.com\/fr\/#\/schema\/logo\/image\/"},"sameAs":["https:\/\/x.com\/Direct_Planning","https:\/\/www.linkedin.com\/showcase\/direct-planning\/posts\/?feedView=all","https:\/\/www.youtube.com\/user\/VolumeSoftware"]}]}},"_links":{"self":[{"href":"https:\/\/www.directplanning.com\/fr\/wp-json\/wp\/v2\/pages\/36","targetHints":{"allow":["GET"]}}],"collection":[{"href":"https:\/\/www.directplanning.com\/fr\/wp-json\/wp\/v2\/pages"}],"about":[{"href":"https:\/\/www.directplanning.com\/fr\/wp-json\/wp\/v2\/types\/page"}],"author":[{"embeddable":true,"href":"https:\/\/www.directplanning.com\/fr\/wp-json\/wp\/v2\/users\/2"}],"replies":[{"embeddable":true,"href":"https:\/\/www.directplanning.com\/fr\/wp-json\/wp\/v2\/comments?post=36"}],"version-history":[{"count":0,"href":"https:\/\/www.directplanning.com\/fr\/wp-json\/wp\/v2\/pages\/36\/revisions"}],"wp:featuredmedia":[{"embeddable":true,"href":"https:\/\/www.directplanning.com\/fr\/wp-json\/wp\/v2\/media\/696"}],"wp:attachment":[{"href":"https:\/\/www.directplanning.com\/fr\/wp-json\/wp\/v2\/media?parent=36"}],"curies":[{"name":"wp","href":"https:\/\/api.w.org\/{rel}","templated":true}]}}