{"id":2400,"date":"2016-04-22T09:23:37","date_gmt":"2016-04-22T07:23:37","guid":{"rendered":"https:\/\/www.directplanning.com\/?page_id=2400"},"modified":"2026-03-05T12:08:16","modified_gmt":"2026-03-05T10:08:16","slug":"faq","status":"publish","type":"page","link":"https:\/\/www.directplanning.com\/fr\/faq\/","title":{"rendered":"FAQ"},"content":{"rendered":"<div class=\"mks_toggle\">\r\n            <div class=\"mks_toggle_heading\">Direct Planning s&#039;affiche mal \u00e0 l&#039;\u00e9cran<i class=\"fa fa-plus\"><\/i><i class=\"fa fa-minus\"><\/i><\/div>\r\n                <div class=\"mks_toggle_content\">\n<p>Si vous avez un grand \u00e9cran et que vous utilisez le zoom, il est possible que vous rencontriez des probl\u00e8mes d&#8217;affichage. Voici comment y rem\u00e9dier :<\/p>\n<ul>\n<li>Faire un clic droit sur le raccourci de l&#8217;application<\/li>\n<li>S\u00e9lectionner &#8220;Propri\u00e9t\u00e9s&#8221;<br \/>\n<img decoding=\"async\" src=\"https:\/\/www.directplanning.com\/wp-content\/uploads\/2026\/02\/menu-contextuel.jpg\" height=\"150\"\/>\n<\/li>\n<li>Dans l&#8217;onglet &#8220;Compatibilit\u00e9&#8221; et la section &#8220;Param\u00e8tres&#8221;, <strong>cliquer sur &#8220;Modifier les param\u00e8tres PPP \u00e9lev\u00e9s&#8221;<\/strong><br \/>\n<img decoding=\"async\" src=\"https:\/\/www.directplanning.com\/wp-content\/uploads\/2026\/02\/propriete-appli.jpg\" height=\"150\" \/>\n<\/li>\n<li><strong>Cocher &#8220;Ce param\u00e8tre r\u00e9sout&#8230;&#8221;<\/strong> dans la section &#8220;PPP du programme&#8221; ainsi que <strong>&#8220;Remplacer le comportement&#8230;&#8221;<\/strong> dans la section &#8220;Remplacement de mise \u00e0&#8230;&#8221;<\/li>\n<li>Dans cette derni\u00e8re, <strong>s\u00e9lectionner &#8220;Syst\u00e8me&#8221;<\/strong> dans le champ d\u00e9roulable<\/li>\n<li>Cliquer sur &#8220;OK&#8221; et red\u00e9marrer le logiciel<br \/>\n<img decoding=\"async\" src=\"https:\/\/www.directplanning.com\/wp-content\/uploads\/2026\/02\/parametre-resolution.jpg\" height=\"150\" \/>\n<\/li>\n<\/ul>\n<\/div>\r\n            <\/div>\n\n\n<div class=\"mks_toggle\">\r\n            <div class=\"mks_toggle_heading\">Quelle est la configuration mat\u00e9rielle recommand\u00e9e ?<i class=\"fa fa-plus\"><\/i><i class=\"fa fa-minus\"><\/i><\/div>\r\n                <div class=\"mks_toggle_content\">\n<p><strong>Processeur :<\/strong> 3 Ghz (2 Ghz minimum)<\/p>\n<p><strong>M\u00e9moire vive :<\/strong> 16 Go (8 Go minimum)<\/p>\n<p><strong>R\u00e9solution d&#8217;\u00e9cran :<\/strong> 1920 x 1080 pixels<\/p>\n<p>L&#8217;affichage Windows en taille de texte 150 % (ou sup\u00e9rieure) est fortement d\u00e9conseill\u00e9.<\/p>\n<p>Pour le poste du planificateur :<\/p>\n<ul>\n<li>Une <strong>carte graphique performante<\/strong> avec 2 sorties vid\u00e9o assure de meilleurs temps de r\u00e9ponse.<\/li>\n<li><strong>Deux \u00e9crans<\/strong> 24 pouces ou sup\u00e9rieur, de r\u00e9solution identique. Direct Planning propose des fonctionnalit\u00e9s o\u00f9 deux \u00e9crans am\u00e9liorent grandement l&#8217;ergonomie du poste de travail ; exemple : visualiser le planning sur l&#8217;\u00e9cran de gauche et une liste de jobs sur l&#8217;\u00e9cran de droite.<\/li>\n<\/ul>\n<\/div>\r\n            <\/div>\n\n\n<div class=\"mks_toggle\">\r\n            <div class=\"mks_toggle_heading\">Quels sont les pr\u00e9requis techniques ?<i class=\"fa fa-plus\"><\/i><i class=\"fa fa-minus\"><\/i><\/div>\r\n                <div class=\"mks_toggle_content\">\n<p><span style=\"text-decoration: underline;\">Syst\u00e8me d&#8217;exploitation :<\/span><\/p>\n<ul>\n<li><strong>Poste client :<\/strong> Windows 8, 10 ou 11<span style=\"color: #999999;\"><br \/>\nWindows 7 n&#8217;est plus support\u00e9 par Microsoft depuis le 14\/01\/2020<br \/>\nWindows XP n&#8217;est plus support\u00e9 (Arr\u00eat du support par Microsoft)<br \/>\n<\/span><\/li>\n<li><strong>Serveur : <\/strong>2016, 2019 et 2022 (Le serveur Windows <strong>ne doit pas<\/strong> \u00eatre un contr\u00f4leur de domaine).<br \/>\n<span style=\"color: #999999;\">Windows Server 2008 R2 n&#8217;est plus support\u00e9 par Microsoft depuis le 14\/01\/2020<br \/>\nWindows Server 2012 R2 n\u2019est plus support\u00e9 par Microsoft depuis le 10\/10\/2023<br \/>\n<\/span><\/li>\n<\/ul>\n<p><span style=\"text-decoration: underline;\">Logiciels requis :<\/span><\/p>\n<p>Le composant <strong>Microsoft .NET Framework 4.8<\/strong> doit \u00eatre install\u00e9 sur votre ordinateur. Si ce n\u2019est pas le cas, lors de l\u2019installation de Direct Planning vous serez redirig\u00e9 <strong>automatiquement<\/strong> sur la page de t\u00e9l\u00e9chargement.<\/p>\n<p><span style=\"text-decoration: underline;\">Microsoft SQL Server et Windows 11 :<\/span><\/p>\n<p>Attention, l\u2019installation de Microsoft SQL Server sous Microsoft Windows 11 n\u00e9cessite la modification pr\u00e9alable de la base de registre du poste.<\/p>\n<ol>\n<li>Acc\u00e9dez \u00e0 la page <span style=\"background-color: #f6f6f6; color: #1e1e1e; font-family: Menlo, Consolas, monaco, monospace; font-size: 15px; white-space-collapse: preserve;\">Computer\\HKEY_LOCAL_MACHINE\\SYSTEM\\CurrentControlSet\\Services\\stornvme\\Parameters\\Device.<\/span><\/li>\n<li>Dans le menu <strong>Modifier<\/strong> , pointez sur <strong>Nouveau<\/strong>, puis s\u00e9lectionnez <strong>Valeur multi-cha\u00eene<\/strong>. Nommez-le <span style=\"background-color: #f6f6f6; color: #1e1e1e; font-family: Menlo, Consolas, monaco, monospace; font-size: 15px; white-space-collapse: preserve;\">ForcedPhysicalSectorSizeInBytes.<\/span><\/li>\n<li>Modifiez la nouvelle valeur, tapez \u00ab\u00a0* 4095\u00a0\u00bb. S\u00e9lectionnez <strong>OK<\/strong> et fermez l\u2019\u00c9diteur du Registre.<\/li>\n<\/ol>\n<p><span style=\"text-decoration: underline;\">Espace disque minimum :<\/span><\/p>\n<ul>\n<li><strong>10 Go<\/strong> pour une installation &#8220;<strong>compl\u00e8te<\/strong>&#8221; sur le poste o\u00f9 est stock\u00e9e la base de donn\u00e9es planning (installation de SQL Server Express automatis\u00e9e)<\/li>\n<li><strong>200 Mo<\/strong> pour une installation &#8220;<strong>minimale<\/strong>&#8221; sur les postes utilisateurs<\/li>\n<\/ul>\n<\/div>\r\n            <\/div>\n\n\n<div class=\"mks_toggle\">\r\n            <div class=\"mks_toggle_heading\">Direct Planning est disponible en quelle langue ?<i class=\"fa fa-plus\"><\/i><i class=\"fa fa-minus\"><\/i><\/div>\r\n                <div class=\"mks_toggle_content\">\n<p><strong>Fran\u00e7ais<\/strong> et <strong>Anglais<\/strong> et prochainement disponible en Polonais.<\/p>\n<\/div>\r\n            <\/div>\n\n\n<div class=\"mks_toggle\">\r\n            <div class=\"mks_toggle_heading\">Combien dure la p\u00e9riode d&#039;\u00e9valuation ?<i class=\"fa fa-plus\"><\/i><i class=\"fa fa-minus\"><\/i><\/div>\r\n                <div class=\"mks_toggle_content\">\n<p>La p\u00e9riode d\u2019\u00e9valuation de Direct Planning est de <strong>30 jours<\/strong>, cependant si vous souhaitez prolonger votre p\u00e9riode d\u2019\u00e9valuation n\u2019h\u00e9sitez pas \u00e0 <a href=\"https:\/\/www.directplanning.com\/fr\/contact\/\">nous contacter<\/a>.<\/p>\n<\/div>\r\n            <\/div>\n\n\n<div class=\"mks_toggle\">\r\n            <div class=\"mks_toggle_heading\">Est-il possible de faire communiquer Direct Planning avec mon syst\u00e8me d\u2019information afin d\u2019\u00e9viter la ressaisie des donn\u00e9es de planification ?<i class=\"fa fa-plus\"><\/i><i class=\"fa fa-minus\"><\/i><\/div>\r\n                <div class=\"mks_toggle_content\">\n<p>Direct Planning dispose d\u2019une interface standard au format CSV vous permettant <a href=\"https:\/\/www.directplanning.com\/fr\/planning-service\/planning-service-fonctionnalites\/planning-service-interface-avec-votre-systeme-dinformation\/\">d\u2019importer des donn\u00e9es commerciales ou de production en provenance de votre syst\u00e8me d\u2019information (ERP, GPAO)<\/a>, <strong>vous \u00e9vitant ainsi la ressaisie de ces informations<\/strong>.<\/p>\n<p>Nous proposons \u00e9galement <a href=\"https:\/\/www.directplanning.com\/fr\/toutes-les-actualites\/news-product-fr\/direct-planning-connect\/\">Direct Planning Connect<\/a>, un logiciel vous facilitant les \u00e9changes avec votre syst\u00e8me ERP ou GPAO.<\/p>\n<\/div>\r\n            <\/div>\n\n\n<div class=\"mks_toggle\">\r\n            <div class=\"mks_toggle_heading\">Direct Planning est-il configurable selon mon m\u00e9tier et mes contraintes ?<i class=\"fa fa-plus\"><\/i><i class=\"fa fa-minus\"><\/i><\/div>\r\n                <div class=\"mks_toggle_content\">\n<p>Direct Planning\u00a0est un logiciel <strong>hautement configurable<\/strong>, au niveau des donn\u00e9es, au niveau des contraintes m\u00e9tiers, et au niveau de son affichage.<\/p>\n<p>Vous pourrez personnaliser les donn\u00e9es import\u00e9es depuis votre syst\u00e8me d\u2019information et ainsi \u00e9viter toute ressaisie.<\/p>\n<p>Vous pourrez cr\u00e9er autant de vues de votre planning que n\u00e9cessaires,\u00a0 afficher les donn\u00e9es souhait\u00e9es avec vos propres codes couleurs et marqueurs visuels.<\/p>\n<\/div>\r\n            <\/div>\n\n\n<div class=\"mks_toggle\">\r\n            <div class=\"mks_toggle_heading\">Direct Planning est-il livr\u00e9 dans une bo\u00eete, ou proposez-vous une installation et une formation ? <i class=\"fa fa-plus\"><\/i><i class=\"fa fa-minus\"><\/i><\/div>\r\n                <div class=\"mks_toggle_content\">\n<p>En tant qu\u2019\u00e9diteur de Direct Planning, <strong>nous proposons<\/strong> l\u2019installation ainsi que la formation du logiciel.<\/p>\n<\/div>\r\n            <\/div>\n\n\n<div class=\"mks_toggle\">\r\n            <div class=\"mks_toggle_heading\">Un support est-il disponible en cas de souci avec Direct Planning ?<i class=\"fa fa-plus\"><\/i><i class=\"fa fa-minus\"><\/i><\/div>\r\n                <div class=\"mks_toggle_content\">\n<p>Avec l\u2019acquisition de Direct Planning, un <strong>contrat de maintenance<\/strong> vous est propos\u00e9. Ce contrat vous donne acc\u00e8s \u00e0 notre <strong>assistance t\u00e9l\u00e9phonique<\/strong> (disponible aux horaires de bureau) ainsi que l\u2019acc\u00e8s \u00e0 toutes les <strong>mises \u00e0 jours<\/strong> mineures (simple upgrade) et majeures (changement de version).<\/p>\n<\/div>\r\n            <\/div>\n\n\n<div class=\"mks_toggle\">\r\n            <div class=\"mks_toggle_heading\">Je poss\u00e8de Direct Planning version Industrie. Puis-je m\u2019en servir dans les autres versions (projet ou service)<i class=\"fa fa-plus\"><\/i><i class=\"fa fa-minus\"><\/i><\/div>\r\n                <div class=\"mks_toggle_content\">\n<p>En poss\u00e9dant la version Industrie de Direct Planning (version la plus riche en fonctionnalit\u00e9s), vous pouvez cr\u00e9er autant de plannings de gestion des projets ou de service (r\u00e9servation de salles\u2026) que vous souhaitez.<\/p>\n<p>Au m\u00eame titre un possesseur de Direct Planning en mode projet pourra cr\u00e9er des plannings en mode service.<\/p>\n<\/div>\r\n            <\/div>\n\n\n<div class=\"mks_toggle\">\r\n            <div class=\"mks_toggle_heading\">Disposez vous d&#039;une aide ou d&#039;exemples de code sur les formules programmables ?<i class=\"fa fa-plus\"><\/i><i class=\"fa fa-minus\"><\/i><\/div>\r\n                <div class=\"mks_toggle_content\">\n<p>Direct Planning dispose d&#8217;un syst\u00e8me puissant de personnalisation des temps de r\u00e9glage et cadence prenant en compte vos sp\u00e9cificit\u00e9s m\u00e9tiers. Vous pouvez \u00e9crire vous m\u00eame vos r\u00e8gles m\u00e9tier, ou bien solliciter nos consultants expert. Les r\u00e8gles sont \u00e9crites en Visual Basic.<\/p>\n<p>Pour vous aidez dans la r\u00e9daction de ces formules programmables, vous pouvez utilisez notre <a href=\"http:\/\/directplanning.com\/fr\/formules\" target=\"_blank\" rel=\"noopener noreferrer\">Memo sur les formules programmables<\/a>.<\/p>\n<\/div>\r\n            <\/div>\n","protected":false},"excerpt":{"rendered":"","protected":false},"author":12,"featured_media":696,"parent":0,"menu_order":0,"comment_status":"closed","ping_status":"closed","template":"","meta":{"footnotes":""},"class_list":["post-2400","page","type-page","status-publish","has-post-thumbnail","hentry"],"yoast_head":"<!-- This site is optimized with the Yoast SEO plugin v27.4 - https:\/\/yoast.com\/product\/yoast-seo-wordpress\/ -->\n<title>FAQ - Direct Planning<\/title>\n<meta name=\"description\" content=\"Consultez les questions fr\u00e9quemment pos\u00e9es : configuration, compatibilit\u00e9, int\u00e9gration ERP, p\u00e9riode d\u2019essai, assistance et plus\" \/>\n<meta name=\"robots\" content=\"index, follow, max-snippet:-1, max-image-preview:large, max-video-preview:-1\" \/>\n<link rel=\"canonical\" href=\"https:\/\/www.directplanning.com\/fr\/faq\/\" \/>\n<meta property=\"og:locale\" content=\"fr_FR\" \/>\n<meta property=\"og:type\" content=\"article\" \/>\n<meta property=\"og:title\" content=\"FAQ - Direct Planning\" \/>\n<meta property=\"og:description\" content=\"Consultez les questions fr\u00e9quemment pos\u00e9es : configuration, compatibilit\u00e9, int\u00e9gration ERP, p\u00e9riode d\u2019essai, assistance et plus\" \/>\n<meta property=\"og:url\" content=\"https:\/\/www.directplanning.com\/fr\/faq\/\" \/>\n<meta property=\"og:site_name\" content=\"Direct Planning\" \/>\n<meta property=\"article:modified_time\" content=\"2026-03-05T10:08:16+00:00\" \/>\n<meta property=\"og:image\" content=\"https:\/\/www.directplanning.com\/wp-content\/uploads\/2012\/02\/LogoDirectPlanning.jpg\" \/>\n\t<meta property=\"og:image:width\" content=\"1417\" \/>\n\t<meta property=\"og:image:height\" content=\"709\" \/>\n\t<meta property=\"og:image:type\" content=\"image\/jpeg\" \/>\n<meta name=\"twitter:card\" content=\"summary_large_image\" \/>\n<meta name=\"twitter:site\" content=\"@Direct_Planning\" \/>\n<meta name=\"twitter:label1\" content=\"Dur\u00e9e de lecture estim\u00e9e\" \/>\n\t<meta name=\"twitter:data1\" content=\"6 minutes\" \/>\n<script type=\"application\/ld+json\" class=\"yoast-schema-graph\">{\"@context\":\"https:\\\/\\\/schema.org\",\"@graph\":[{\"@type\":\"WebPage\",\"@id\":\"https:\\\/\\\/www.directplanning.com\\\/fr\\\/faq\\\/\",\"url\":\"https:\\\/\\\/www.directplanning.com\\\/fr\\\/faq\\\/\",\"name\":\"FAQ - Direct Planning\",\"isPartOf\":{\"@id\":\"https:\\\/\\\/www.directplanning.com\\\/fr\\\/#website\"},\"primaryImageOfPage\":{\"@id\":\"https:\\\/\\\/www.directplanning.com\\\/fr\\\/faq\\\/#primaryimage\"},\"image\":{\"@id\":\"https:\\\/\\\/www.directplanning.com\\\/fr\\\/faq\\\/#primaryimage\"},\"thumbnailUrl\":\"https:\\\/\\\/www.directplanning.com\\\/wp-content\\\/uploads\\\/2012\\\/02\\\/LogoDirectPlanning.jpg\",\"datePublished\":\"2016-04-22T07:23:37+00:00\",\"dateModified\":\"2026-03-05T10:08:16+00:00\",\"description\":\"Consultez les questions fr\u00e9quemment pos\u00e9es : configuration, compatibilit\u00e9, int\u00e9gration ERP, p\u00e9riode d\u2019essai, assistance et plus\",\"breadcrumb\":{\"@id\":\"https:\\\/\\\/www.directplanning.com\\\/fr\\\/faq\\\/#breadcrumb\"},\"inLanguage\":\"fr-FR\",\"potentialAction\":[{\"@type\":\"ReadAction\",\"target\":[\"https:\\\/\\\/www.directplanning.com\\\/fr\\\/faq\\\/\"]}]},{\"@type\":\"ImageObject\",\"inLanguage\":\"fr-FR\",\"@id\":\"https:\\\/\\\/www.directplanning.com\\\/fr\\\/faq\\\/#primaryimage\",\"url\":\"https:\\\/\\\/www.directplanning.com\\\/wp-content\\\/uploads\\\/2012\\\/02\\\/LogoDirectPlanning.jpg\",\"contentUrl\":\"https:\\\/\\\/www.directplanning.com\\\/wp-content\\\/uploads\\\/2012\\\/02\\\/LogoDirectPlanning.jpg\",\"width\":1417,\"height\":709},{\"@type\":\"BreadcrumbList\",\"@id\":\"https:\\\/\\\/www.directplanning.com\\\/fr\\\/faq\\\/#breadcrumb\",\"itemListElement\":[{\"@type\":\"ListItem\",\"position\":1,\"name\":\"Accueil\",\"item\":\"https:\\\/\\\/www.directplanning.com\\\/fr\\\/\"},{\"@type\":\"ListItem\",\"position\":2,\"name\":\"FAQ\"}]},{\"@type\":\"WebSite\",\"@id\":\"https:\\\/\\\/www.directplanning.com\\\/fr\\\/#website\",\"url\":\"https:\\\/\\\/www.directplanning.com\\\/fr\\\/\",\"name\":\"Directplanning.com\",\"description\":\"Optimisez votre planning de production. Outil de planification intuitif et complet pour les entreprises et industries. Essai gratuit en ligne\",\"publisher\":{\"@id\":\"https:\\\/\\\/www.directplanning.com\\\/fr\\\/#organization\"},\"potentialAction\":[{\"@type\":\"SearchAction\",\"target\":{\"@type\":\"EntryPoint\",\"urlTemplate\":\"https:\\\/\\\/www.directplanning.com\\\/fr\\\/?s={search_term_string}\"},\"query-input\":{\"@type\":\"PropertyValueSpecification\",\"valueRequired\":true,\"valueName\":\"search_term_string\"}}],\"inLanguage\":\"fr-FR\"},{\"@type\":\"Organization\",\"@id\":\"https:\\\/\\\/www.directplanning.com\\\/fr\\\/#organization\",\"name\":\"Direct Planning\",\"alternateName\":\"DP\",\"url\":\"https:\\\/\\\/www.directplanning.com\\\/fr\\\/\",\"logo\":{\"@type\":\"ImageObject\",\"inLanguage\":\"fr-FR\",\"@id\":\"https:\\\/\\\/www.directplanning.com\\\/fr\\\/#\\\/schema\\\/logo\\\/image\\\/\",\"url\":\"https:\\\/\\\/www.directplanning.com\\\/wp-content\\\/uploads\\\/2023\\\/08\\\/DirectPlanIcone.bmp\",\"contentUrl\":\"https:\\\/\\\/www.directplanning.com\\\/wp-content\\\/uploads\\\/2023\\\/08\\\/DirectPlanIcone.bmp\",\"width\":320,\"height\":355,\"caption\":\"Direct Planning\"},\"image\":{\"@id\":\"https:\\\/\\\/www.directplanning.com\\\/fr\\\/#\\\/schema\\\/logo\\\/image\\\/\"},\"sameAs\":[\"https:\\\/\\\/x.com\\\/Direct_Planning\",\"https:\\\/\\\/www.linkedin.com\\\/showcase\\\/direct-planning\\\/posts\\\/?feedView=all\",\"https:\\\/\\\/www.youtube.com\\\/user\\\/VolumeSoftware\"]}]}<\/script>\n<!-- \/ Yoast SEO plugin. -->","yoast_head_json":{"title":"FAQ - Direct Planning","description":"Consultez les questions fr\u00e9quemment pos\u00e9es : configuration, compatibilit\u00e9, int\u00e9gration ERP, p\u00e9riode d\u2019essai, assistance et plus","robots":{"index":"index","follow":"follow","max-snippet":"max-snippet:-1","max-image-preview":"max-image-preview:large","max-video-preview":"max-video-preview:-1"},"canonical":"https:\/\/www.directplanning.com\/fr\/faq\/","og_locale":"fr_FR","og_type":"article","og_title":"FAQ - Direct Planning","og_description":"Consultez les questions fr\u00e9quemment pos\u00e9es : configuration, compatibilit\u00e9, int\u00e9gration ERP, p\u00e9riode d\u2019essai, assistance et plus","og_url":"https:\/\/www.directplanning.com\/fr\/faq\/","og_site_name":"Direct Planning","article_modified_time":"2026-03-05T10:08:16+00:00","og_image":[{"width":1417,"height":709,"url":"https:\/\/www.directplanning.com\/wp-content\/uploads\/2012\/02\/LogoDirectPlanning.jpg","type":"image\/jpeg"}],"twitter_card":"summary_large_image","twitter_site":"@Direct_Planning","twitter_misc":{"Dur\u00e9e de lecture estim\u00e9e":"6 minutes"},"schema":{"@context":"https:\/\/schema.org","@graph":[{"@type":"WebPage","@id":"https:\/\/www.directplanning.com\/fr\/faq\/","url":"https:\/\/www.directplanning.com\/fr\/faq\/","name":"FAQ - Direct Planning","isPartOf":{"@id":"https:\/\/www.directplanning.com\/fr\/#website"},"primaryImageOfPage":{"@id":"https:\/\/www.directplanning.com\/fr\/faq\/#primaryimage"},"image":{"@id":"https:\/\/www.directplanning.com\/fr\/faq\/#primaryimage"},"thumbnailUrl":"https:\/\/www.directplanning.com\/wp-content\/uploads\/2012\/02\/LogoDirectPlanning.jpg","datePublished":"2016-04-22T07:23:37+00:00","dateModified":"2026-03-05T10:08:16+00:00","description":"Consultez les questions fr\u00e9quemment pos\u00e9es : configuration, compatibilit\u00e9, int\u00e9gration ERP, p\u00e9riode d\u2019essai, assistance et plus","breadcrumb":{"@id":"https:\/\/www.directplanning.com\/fr\/faq\/#breadcrumb"},"inLanguage":"fr-FR","potentialAction":[{"@type":"ReadAction","target":["https:\/\/www.directplanning.com\/fr\/faq\/"]}]},{"@type":"ImageObject","inLanguage":"fr-FR","@id":"https:\/\/www.directplanning.com\/fr\/faq\/#primaryimage","url":"https:\/\/www.directplanning.com\/wp-content\/uploads\/2012\/02\/LogoDirectPlanning.jpg","contentUrl":"https:\/\/www.directplanning.com\/wp-content\/uploads\/2012\/02\/LogoDirectPlanning.jpg","width":1417,"height":709},{"@type":"BreadcrumbList","@id":"https:\/\/www.directplanning.com\/fr\/faq\/#breadcrumb","itemListElement":[{"@type":"ListItem","position":1,"name":"Accueil","item":"https:\/\/www.directplanning.com\/fr\/"},{"@type":"ListItem","position":2,"name":"FAQ"}]},{"@type":"WebSite","@id":"https:\/\/www.directplanning.com\/fr\/#website","url":"https:\/\/www.directplanning.com\/fr\/","name":"Directplanning.com","description":"Optimisez votre planning de production. Outil de planification intuitif et complet pour les entreprises et industries. Essai gratuit en ligne","publisher":{"@id":"https:\/\/www.directplanning.com\/fr\/#organization"},"potentialAction":[{"@type":"SearchAction","target":{"@type":"EntryPoint","urlTemplate":"https:\/\/www.directplanning.com\/fr\/?s={search_term_string}"},"query-input":{"@type":"PropertyValueSpecification","valueRequired":true,"valueName":"search_term_string"}}],"inLanguage":"fr-FR"},{"@type":"Organization","@id":"https:\/\/www.directplanning.com\/fr\/#organization","name":"Direct Planning","alternateName":"DP","url":"https:\/\/www.directplanning.com\/fr\/","logo":{"@type":"ImageObject","inLanguage":"fr-FR","@id":"https:\/\/www.directplanning.com\/fr\/#\/schema\/logo\/image\/","url":"https:\/\/www.directplanning.com\/wp-content\/uploads\/2023\/08\/DirectPlanIcone.bmp","contentUrl":"https:\/\/www.directplanning.com\/wp-content\/uploads\/2023\/08\/DirectPlanIcone.bmp","width":320,"height":355,"caption":"Direct Planning"},"image":{"@id":"https:\/\/www.directplanning.com\/fr\/#\/schema\/logo\/image\/"},"sameAs":["https:\/\/x.com\/Direct_Planning","https:\/\/www.linkedin.com\/showcase\/direct-planning\/posts\/?feedView=all","https:\/\/www.youtube.com\/user\/VolumeSoftware"]}]}},"_links":{"self":[{"href":"https:\/\/www.directplanning.com\/fr\/wp-json\/wp\/v2\/pages\/2400","targetHints":{"allow":["GET"]}}],"collection":[{"href":"https:\/\/www.directplanning.com\/fr\/wp-json\/wp\/v2\/pages"}],"about":[{"href":"https:\/\/www.directplanning.com\/fr\/wp-json\/wp\/v2\/types\/page"}],"author":[{"embeddable":true,"href":"https:\/\/www.directplanning.com\/fr\/wp-json\/wp\/v2\/users\/12"}],"replies":[{"embeddable":true,"href":"https:\/\/www.directplanning.com\/fr\/wp-json\/wp\/v2\/comments?post=2400"}],"version-history":[{"count":5,"href":"https:\/\/www.directplanning.com\/fr\/wp-json\/wp\/v2\/pages\/2400\/revisions"}],"predecessor-version":[{"id":6440,"href":"https:\/\/www.directplanning.com\/fr\/wp-json\/wp\/v2\/pages\/2400\/revisions\/6440"}],"wp:featuredmedia":[{"embeddable":true,"href":"https:\/\/www.directplanning.com\/fr\/wp-json\/wp\/v2\/media\/696"}],"wp:attachment":[{"href":"https:\/\/www.directplanning.com\/fr\/wp-json\/wp\/v2\/media?parent=2400"}],"curies":[{"name":"wp","href":"https:\/\/api.w.org\/{rel}","templated":true}]}}