{"id":1885,"date":"2012-11-28T16:11:40","date_gmt":"2012-11-28T16:11:40","guid":{"rendered":"https:\/\/www.directplanning.com\/?page_id=1885"},"modified":"2025-10-31T15:53:10","modified_gmt":"2025-10-31T13:53:10","slug":"direct-planning-update","status":"publish","type":"page","link":"https:\/\/www.directplanning.com\/fr\/direct-planning-update\/","title":{"rendered":"Direct Planning Update"},"content":{"rendered":"\n<p><strong>Direct Planning<\/strong> a \u00e9t\u00e9 mis \u00e0 jour avec succ\u00e8s. Pour d\u00e9couvrir le contenu des mises \u00e0 jour, cliquer sur le bouton ci-dessous :<\/p>\n\n\n<a class=\"mks_button mks_button_medium rounded\" href=\"https:\/\/www.directplanning.com\/fr\/categorie\/news-fr\/news-product-fr\/\" target=\"_blank\" style=\"color: #FFFFFF; background-color: #1e73be;\" ><i class=\"fa fa-newspaper-o\"><\/i>Voir les nouveaut\u00e9s produit<\/a>\n\n\n\n<p>Pour recevoir la lettre d&#8217;information \u00e0 chaque publication d&#8217;une mise \u00e0 jour, cliquer sur le bouton ci-dessous :<\/p>\n\n\n<a class=\"mks_button mks_button_medium rounded\" href=\"http:\/\/eepurl.com\/o3cHv\" target=\"_blank\" style=\"color: #FFFFFF; background-color: #1e73be;\" ><i class=\"fa fa-envelope\"><\/i>Inscrivez-vous \u00e0 la lettre d&#039;information<\/a>\n\n\n\n<p><\/p>\n","protected":false},"excerpt":{"rendered":"<p>Direct Planning a \u00e9t\u00e9 mis \u00e0 jour avec succ\u00e8s. Pour d\u00e9couvrir le contenu des mises \u00e0 jour, cliquer sur le bouton ci-dessous : Pour recevoir la lettre d&#8217;information \u00e0 chaque publication d&#8217;une mise \u00e0 jour, cliquer sur le bouton ci-dessous :<\/p>\n","protected":false},"author":2,"featured_media":696,"parent":0,"menu_order":0,"comment_status":"closed","ping_status":"open","template":"","meta":{"footnotes":""},"class_list":["post-1885","page","type-page","status-publish","has-post-thumbnail","hentry"],"yoast_head":"<!-- This site is optimized with the Yoast SEO plugin v27.5 - https:\/\/yoast.com\/product\/yoast-seo-wordpress\/ -->\n<title>Direct Planning Update - Direct Planning<\/title>\n<meta name=\"description\" content=\"Consultez les derni\u00e8res mises \u00e0 jour de Direct Planning et d\u00e9couvrez les nouveaut\u00e9s du logiciel de planification.\" \/>\n<meta name=\"robots\" content=\"noindex, nofollow\" \/>\n<meta property=\"og:locale\" content=\"fr_FR\" \/>\n<meta property=\"og:type\" content=\"article\" \/>\n<meta property=\"og:title\" content=\"Direct Planning Update - Direct Planning\" \/>\n<meta property=\"og:description\" content=\"Consultez les derni\u00e8res mises \u00e0 jour de Direct Planning et d\u00e9couvrez les nouveaut\u00e9s du logiciel de planification.\" \/>\n<meta property=\"og:url\" content=\"https:\/\/www.directplanning.com\/fr\/direct-planning-update\/\" \/>\n<meta property=\"og:site_name\" content=\"Direct Planning\" \/>\n<meta property=\"article:modified_time\" content=\"2025-10-31T13:53:10+00:00\" \/>\n<meta property=\"og:image\" content=\"https:\/\/www.directplanning.com\/wp-content\/uploads\/2012\/02\/LogoDirectPlanning.jpg\" \/>\n\t<meta property=\"og:image:width\" content=\"1417\" \/>\n\t<meta property=\"og:image:height\" content=\"709\" \/>\n\t<meta property=\"og:image:type\" content=\"image\/jpeg\" \/>\n<meta name=\"twitter:card\" content=\"summary_large_image\" \/>\n<meta name=\"twitter:site\" content=\"@Direct_Planning\" \/>\n<meta name=\"twitter:label1\" content=\"Dur\u00e9e de lecture estim\u00e9e\" \/>\n\t<meta name=\"twitter:data1\" content=\"1 minute\" \/>\n<script type=\"application\/ld+json\" class=\"yoast-schema-graph\">{\"@context\":\"https:\\\/\\\/schema.org\",\"@graph\":[{\"@type\":\"WebPage\",\"@id\":\"https:\\\/\\\/www.directplanning.com\\\/fr\\\/direct-planning-update\\\/\",\"url\":\"https:\\\/\\\/www.directplanning.com\\\/fr\\\/direct-planning-update\\\/\",\"name\":\"Direct Planning Update - Direct Planning\",\"isPartOf\":{\"@id\":\"https:\\\/\\\/www.directplanning.com\\\/fr\\\/#website\"},\"primaryImageOfPage\":{\"@id\":\"https:\\\/\\\/www.directplanning.com\\\/fr\\\/direct-planning-update\\\/#primaryimage\"},\"image\":{\"@id\":\"https:\\\/\\\/www.directplanning.com\\\/fr\\\/direct-planning-update\\\/#primaryimage\"},\"thumbnailUrl\":\"https:\\\/\\\/www.directplanning.com\\\/wp-content\\\/uploads\\\/2012\\\/02\\\/LogoDirectPlanning.jpg\",\"datePublished\":\"2012-11-28T16:11:40+00:00\",\"dateModified\":\"2025-10-31T13:53:10+00:00\",\"description\":\"Consultez les derni\u00e8res mises \u00e0 jour de Direct Planning et d\u00e9couvrez les nouveaut\u00e9s du logiciel de planification.\",\"breadcrumb\":{\"@id\":\"https:\\\/\\\/www.directplanning.com\\\/fr\\\/direct-planning-update\\\/#breadcrumb\"},\"inLanguage\":\"fr-FR\",\"potentialAction\":[{\"@type\":\"ReadAction\",\"target\":[\"https:\\\/\\\/www.directplanning.com\\\/fr\\\/direct-planning-update\\\/\"]}]},{\"@type\":\"ImageObject\",\"inLanguage\":\"fr-FR\",\"@id\":\"https:\\\/\\\/www.directplanning.com\\\/fr\\\/direct-planning-update\\\/#primaryimage\",\"url\":\"https:\\\/\\\/www.directplanning.com\\\/wp-content\\\/uploads\\\/2012\\\/02\\\/LogoDirectPlanning.jpg\",\"contentUrl\":\"https:\\\/\\\/www.directplanning.com\\\/wp-content\\\/uploads\\\/2012\\\/02\\\/LogoDirectPlanning.jpg\",\"width\":1417,\"height\":709},{\"@type\":\"BreadcrumbList\",\"@id\":\"https:\\\/\\\/www.directplanning.com\\\/fr\\\/direct-planning-update\\\/#breadcrumb\",\"itemListElement\":[{\"@type\":\"ListItem\",\"position\":1,\"name\":\"Accueil\",\"item\":\"https:\\\/\\\/www.directplanning.com\\\/fr\\\/\"},{\"@type\":\"ListItem\",\"position\":2,\"name\":\"Direct Planning Update\"}]},{\"@type\":\"WebSite\",\"@id\":\"https:\\\/\\\/www.directplanning.com\\\/fr\\\/#website\",\"url\":\"https:\\\/\\\/www.directplanning.com\\\/fr\\\/\",\"name\":\"Directplanning.com\",\"description\":\"Optimisez votre planning de production. Outil de planification intuitif et complet pour les entreprises et industries. Essai gratuit en ligne\",\"publisher\":{\"@id\":\"https:\\\/\\\/www.directplanning.com\\\/fr\\\/#organization\"},\"potentialAction\":[{\"@type\":\"SearchAction\",\"target\":{\"@type\":\"EntryPoint\",\"urlTemplate\":\"https:\\\/\\\/www.directplanning.com\\\/fr\\\/?s={search_term_string}\"},\"query-input\":{\"@type\":\"PropertyValueSpecification\",\"valueRequired\":true,\"valueName\":\"search_term_string\"}}],\"inLanguage\":\"fr-FR\"},{\"@type\":\"Organization\",\"@id\":\"https:\\\/\\\/www.directplanning.com\\\/fr\\\/#organization\",\"name\":\"Direct Planning\",\"alternateName\":\"DP\",\"url\":\"https:\\\/\\\/www.directplanning.com\\\/fr\\\/\",\"logo\":{\"@type\":\"ImageObject\",\"inLanguage\":\"fr-FR\",\"@id\":\"https:\\\/\\\/www.directplanning.com\\\/fr\\\/#\\\/schema\\\/logo\\\/image\\\/\",\"url\":\"https:\\\/\\\/www.directplanning.com\\\/wp-content\\\/uploads\\\/2023\\\/08\\\/DirectPlanIcone.bmp\",\"contentUrl\":\"https:\\\/\\\/www.directplanning.com\\\/wp-content\\\/uploads\\\/2023\\\/08\\\/DirectPlanIcone.bmp\",\"width\":320,\"height\":355,\"caption\":\"Direct Planning\"},\"image\":{\"@id\":\"https:\\\/\\\/www.directplanning.com\\\/fr\\\/#\\\/schema\\\/logo\\\/image\\\/\"},\"sameAs\":[\"https:\\\/\\\/x.com\\\/Direct_Planning\",\"https:\\\/\\\/www.linkedin.com\\\/showcase\\\/direct-planning\\\/posts\\\/?feedView=all\",\"https:\\\/\\\/www.youtube.com\\\/user\\\/VolumeSoftware\"]}]}<\/script>\n<!-- \/ Yoast SEO plugin. -->","yoast_head_json":{"title":"Direct Planning Update - Direct Planning","description":"Consultez les derni\u00e8res mises \u00e0 jour de Direct Planning et d\u00e9couvrez les nouveaut\u00e9s du logiciel de planification.","robots":{"index":"noindex","follow":"nofollow"},"og_locale":"fr_FR","og_type":"article","og_title":"Direct Planning Update - Direct Planning","og_description":"Consultez les derni\u00e8res mises \u00e0 jour de Direct Planning et d\u00e9couvrez les nouveaut\u00e9s du logiciel de planification.","og_url":"https:\/\/www.directplanning.com\/fr\/direct-planning-update\/","og_site_name":"Direct Planning","article_modified_time":"2025-10-31T13:53:10+00:00","og_image":[{"width":1417,"height":709,"url":"https:\/\/www.directplanning.com\/wp-content\/uploads\/2012\/02\/LogoDirectPlanning.jpg","type":"image\/jpeg"}],"twitter_card":"summary_large_image","twitter_site":"@Direct_Planning","twitter_misc":{"Dur\u00e9e de lecture estim\u00e9e":"1 minute"},"schema":{"@context":"https:\/\/schema.org","@graph":[{"@type":"WebPage","@id":"https:\/\/www.directplanning.com\/fr\/direct-planning-update\/","url":"https:\/\/www.directplanning.com\/fr\/direct-planning-update\/","name":"Direct Planning Update - Direct Planning","isPartOf":{"@id":"https:\/\/www.directplanning.com\/fr\/#website"},"primaryImageOfPage":{"@id":"https:\/\/www.directplanning.com\/fr\/direct-planning-update\/#primaryimage"},"image":{"@id":"https:\/\/www.directplanning.com\/fr\/direct-planning-update\/#primaryimage"},"thumbnailUrl":"https:\/\/www.directplanning.com\/wp-content\/uploads\/2012\/02\/LogoDirectPlanning.jpg","datePublished":"2012-11-28T16:11:40+00:00","dateModified":"2025-10-31T13:53:10+00:00","description":"Consultez les derni\u00e8res mises \u00e0 jour de Direct Planning et d\u00e9couvrez les nouveaut\u00e9s du logiciel de planification.","breadcrumb":{"@id":"https:\/\/www.directplanning.com\/fr\/direct-planning-update\/#breadcrumb"},"inLanguage":"fr-FR","potentialAction":[{"@type":"ReadAction","target":["https:\/\/www.directplanning.com\/fr\/direct-planning-update\/"]}]},{"@type":"ImageObject","inLanguage":"fr-FR","@id":"https:\/\/www.directplanning.com\/fr\/direct-planning-update\/#primaryimage","url":"https:\/\/www.directplanning.com\/wp-content\/uploads\/2012\/02\/LogoDirectPlanning.jpg","contentUrl":"https:\/\/www.directplanning.com\/wp-content\/uploads\/2012\/02\/LogoDirectPlanning.jpg","width":1417,"height":709},{"@type":"BreadcrumbList","@id":"https:\/\/www.directplanning.com\/fr\/direct-planning-update\/#breadcrumb","itemListElement":[{"@type":"ListItem","position":1,"name":"Accueil","item":"https:\/\/www.directplanning.com\/fr\/"},{"@type":"ListItem","position":2,"name":"Direct Planning Update"}]},{"@type":"WebSite","@id":"https:\/\/www.directplanning.com\/fr\/#website","url":"https:\/\/www.directplanning.com\/fr\/","name":"Directplanning.com","description":"Optimisez votre planning de production. Outil de planification intuitif et complet pour les entreprises et industries. Essai gratuit en ligne","publisher":{"@id":"https:\/\/www.directplanning.com\/fr\/#organization"},"potentialAction":[{"@type":"SearchAction","target":{"@type":"EntryPoint","urlTemplate":"https:\/\/www.directplanning.com\/fr\/?s={search_term_string}"},"query-input":{"@type":"PropertyValueSpecification","valueRequired":true,"valueName":"search_term_string"}}],"inLanguage":"fr-FR"},{"@type":"Organization","@id":"https:\/\/www.directplanning.com\/fr\/#organization","name":"Direct Planning","alternateName":"DP","url":"https:\/\/www.directplanning.com\/fr\/","logo":{"@type":"ImageObject","inLanguage":"fr-FR","@id":"https:\/\/www.directplanning.com\/fr\/#\/schema\/logo\/image\/","url":"https:\/\/www.directplanning.com\/wp-content\/uploads\/2023\/08\/DirectPlanIcone.bmp","contentUrl":"https:\/\/www.directplanning.com\/wp-content\/uploads\/2023\/08\/DirectPlanIcone.bmp","width":320,"height":355,"caption":"Direct Planning"},"image":{"@id":"https:\/\/www.directplanning.com\/fr\/#\/schema\/logo\/image\/"},"sameAs":["https:\/\/x.com\/Direct_Planning","https:\/\/www.linkedin.com\/showcase\/direct-planning\/posts\/?feedView=all","https:\/\/www.youtube.com\/user\/VolumeSoftware"]}]}},"_links":{"self":[{"href":"https:\/\/www.directplanning.com\/fr\/wp-json\/wp\/v2\/pages\/1885","targetHints":{"allow":["GET"]}}],"collection":[{"href":"https:\/\/www.directplanning.com\/fr\/wp-json\/wp\/v2\/pages"}],"about":[{"href":"https:\/\/www.directplanning.com\/fr\/wp-json\/wp\/v2\/types\/page"}],"author":[{"embeddable":true,"href":"https:\/\/www.directplanning.com\/fr\/wp-json\/wp\/v2\/users\/2"}],"replies":[{"embeddable":true,"href":"https:\/\/www.directplanning.com\/fr\/wp-json\/wp\/v2\/comments?post=1885"}],"version-history":[{"count":1,"href":"https:\/\/www.directplanning.com\/fr\/wp-json\/wp\/v2\/pages\/1885\/revisions"}],"predecessor-version":[{"id":6387,"href":"https:\/\/www.directplanning.com\/fr\/wp-json\/wp\/v2\/pages\/1885\/revisions\/6387"}],"wp:featuredmedia":[{"embeddable":true,"href":"https:\/\/www.directplanning.com\/fr\/wp-json\/wp\/v2\/media\/696"}],"wp:attachment":[{"href":"https:\/\/www.directplanning.com\/fr\/wp-json\/wp\/v2\/media?parent=1885"}],"curies":[{"name":"wp","href":"https:\/\/api.w.org\/{rel}","templated":true}]}}