{"id":1855,"date":"2012-11-09T11:25:20","date_gmt":"2012-11-09T11:25:20","guid":{"rendered":"https:\/\/www.directplanning.com\/?page_id=1855"},"modified":"2025-12-16T11:50:18","modified_gmt":"2025-12-16T09:50:18","slug":"direct-planning-download-links","status":"publish","type":"page","link":"https:\/\/www.directplanning.com\/fr\/direct-planning-download-links\/","title":{"rendered":"Liens de t\u00e9l\u00e9chargement de Direct Planning"},"content":{"rendered":"\n<p>Merci de votre int\u00e9r\u00eat pour <strong>Direct Planning<\/strong>.<\/p>\n\n\n\n<p>Vous pouvez t\u00e9l\u00e9charger Direct planning en cliquant sur le lien ci-dessous correspondant \u00e0 votre plateforme :<\/p>\n\n\n\n<ul class=\"wp-block-list\">\n<li>Pour une plateforme <strong>Windows 64 bits<\/strong> : <a href=\"https:\/\/www.directplanning.com\/wp-content\/setup\/DirectPlanning_x64.exe\">DirectPlanning_x64.exe<\/a><\/li>\n<\/ul>\n\n\n\n<p>Apr\u00e8s l&#8217;installation, vous pourrez d\u00e9couvrir Direct Planning <strong>gratuitement pendant 30 jours<\/strong> dans sa <a title=\"Les offres Direct Planning\" href=\"https:\/\/www.directplanning.com\/fr\/offres-direct-planning\/\">version<\/a> int\u00e9grale.<\/p>\n\n\n\n<p>Pour une prolongation de votre p\u00e9riode d&#8217;\u00e9valuation, o\u00f9 pour toute question ou demande d&#8217;assistance dans la d\u00e9couverte du produit, n&#8217;h\u00e9sitez pas \u00e0 <a title=\"Contact\" href=\"https:\/\/www.directplanning.com\/fr\/contact\/\">nous contacter<\/a>.<\/p>\n","protected":false},"excerpt":{"rendered":"<p>Merci de votre int\u00e9r\u00eat pour Direct Planning. Vous pouvez t\u00e9l\u00e9charger Direct planning en cliquant sur le lien ci-dessous correspondant \u00e0 votre plateforme : Apr\u00e8s l&#8217;installation, vous pourrez d\u00e9couvrir Direct Planning gratuitement pendant 30 jours dans sa version int\u00e9grale. Pour une prolongation de votre p\u00e9riode d&#8217;\u00e9valuation, o\u00f9 pour toute question ou demande d&#8217;assistance dans la d\u00e9couverte [&hellip;]<\/p>\n","protected":false},"author":2,"featured_media":696,"parent":0,"menu_order":0,"comment_status":"closed","ping_status":"open","template":"","meta":{"footnotes":""},"class_list":["post-1855","page","type-page","status-publish","has-post-thumbnail","hentry"],"yoast_head":"<!-- This site is optimized with the Yoast SEO plugin v27.6 - https:\/\/yoast.com\/product\/yoast-seo-wordpress\/ -->\n<title>Liens de t\u00e9l\u00e9chargement de Direct Planning - Direct Planning<\/title>\n<meta name=\"description\" content=\"\u201cT\u00e9l\u00e9chargez Direct Planning pour Windows (64 bits) et b\u00e9n\u00e9ficiez d\u2019une p\u00e9riode d\u2019essai gratuite de 30 jours.\" \/>\n<meta name=\"robots\" content=\"noindex, follow\" \/>\n<meta property=\"og:locale\" content=\"fr_FR\" \/>\n<meta property=\"og:type\" content=\"article\" \/>\n<meta property=\"og:title\" content=\"Liens de t\u00e9l\u00e9chargement de Direct Planning - Direct Planning\" \/>\n<meta property=\"og:description\" content=\"\u201cT\u00e9l\u00e9chargez Direct Planning pour Windows (64 bits) et b\u00e9n\u00e9ficiez d\u2019une p\u00e9riode d\u2019essai gratuite de 30 jours.\" \/>\n<meta property=\"og:url\" content=\"https:\/\/www.directplanning.com\/fr\/direct-planning-download-links\/\" \/>\n<meta property=\"og:site_name\" content=\"Direct Planning\" \/>\n<meta property=\"article:modified_time\" content=\"2025-12-16T09:50:18+00:00\" \/>\n<meta property=\"og:image\" content=\"https:\/\/www.directplanning.com\/wp-content\/uploads\/2012\/02\/LogoDirectPlanning.jpg\" \/>\n\t<meta property=\"og:image:width\" content=\"1417\" \/>\n\t<meta property=\"og:image:height\" content=\"709\" \/>\n\t<meta property=\"og:image:type\" content=\"image\/jpeg\" \/>\n<meta name=\"twitter:card\" content=\"summary_large_image\" \/>\n<meta name=\"twitter:site\" content=\"@Direct_Planning\" \/>\n<meta name=\"twitter:label1\" content=\"Dur\u00e9e de lecture estim\u00e9e\" \/>\n\t<meta name=\"twitter:data1\" content=\"1 minute\" \/>\n<script type=\"application\/ld+json\" class=\"yoast-schema-graph\">{\"@context\":\"https:\\\/\\\/schema.org\",\"@graph\":[{\"@type\":\"WebPage\",\"@id\":\"https:\\\/\\\/www.directplanning.com\\\/fr\\\/direct-planning-download-links\\\/\",\"url\":\"https:\\\/\\\/www.directplanning.com\\\/fr\\\/direct-planning-download-links\\\/\",\"name\":\"Liens de t\u00e9l\u00e9chargement de Direct Planning - Direct Planning\",\"isPartOf\":{\"@id\":\"https:\\\/\\\/www.directplanning.com\\\/fr\\\/#website\"},\"primaryImageOfPage\":{\"@id\":\"https:\\\/\\\/www.directplanning.com\\\/fr\\\/direct-planning-download-links\\\/#primaryimage\"},\"image\":{\"@id\":\"https:\\\/\\\/www.directplanning.com\\\/fr\\\/direct-planning-download-links\\\/#primaryimage\"},\"thumbnailUrl\":\"https:\\\/\\\/www.directplanning.com\\\/wp-content\\\/uploads\\\/2012\\\/02\\\/LogoDirectPlanning.jpg\",\"datePublished\":\"2012-11-09T11:25:20+00:00\",\"dateModified\":\"2025-12-16T09:50:18+00:00\",\"description\":\"\u201cT\u00e9l\u00e9chargez Direct Planning pour Windows (64 bits) et b\u00e9n\u00e9ficiez d\u2019une p\u00e9riode d\u2019essai gratuite de 30 jours.\",\"breadcrumb\":{\"@id\":\"https:\\\/\\\/www.directplanning.com\\\/fr\\\/direct-planning-download-links\\\/#breadcrumb\"},\"inLanguage\":\"fr-FR\",\"potentialAction\":[{\"@type\":\"ReadAction\",\"target\":[\"https:\\\/\\\/www.directplanning.com\\\/fr\\\/direct-planning-download-links\\\/\"]}]},{\"@type\":\"ImageObject\",\"inLanguage\":\"fr-FR\",\"@id\":\"https:\\\/\\\/www.directplanning.com\\\/fr\\\/direct-planning-download-links\\\/#primaryimage\",\"url\":\"https:\\\/\\\/www.directplanning.com\\\/wp-content\\\/uploads\\\/2012\\\/02\\\/LogoDirectPlanning.jpg\",\"contentUrl\":\"https:\\\/\\\/www.directplanning.com\\\/wp-content\\\/uploads\\\/2012\\\/02\\\/LogoDirectPlanning.jpg\",\"width\":1417,\"height\":709},{\"@type\":\"BreadcrumbList\",\"@id\":\"https:\\\/\\\/www.directplanning.com\\\/fr\\\/direct-planning-download-links\\\/#breadcrumb\",\"itemListElement\":[{\"@type\":\"ListItem\",\"position\":1,\"name\":\"Accueil\",\"item\":\"https:\\\/\\\/www.directplanning.com\\\/fr\\\/\"},{\"@type\":\"ListItem\",\"position\":2,\"name\":\"Liens de t\u00e9l\u00e9chargement de Direct Planning\"}]},{\"@type\":\"WebSite\",\"@id\":\"https:\\\/\\\/www.directplanning.com\\\/fr\\\/#website\",\"url\":\"https:\\\/\\\/www.directplanning.com\\\/fr\\\/\",\"name\":\"Directplanning.com\",\"description\":\"Optimisez votre planning de production. Outil de planification intuitif et complet pour les entreprises et industries. Essai gratuit en ligne\",\"publisher\":{\"@id\":\"https:\\\/\\\/www.directplanning.com\\\/fr\\\/#organization\"},\"potentialAction\":[{\"@type\":\"SearchAction\",\"target\":{\"@type\":\"EntryPoint\",\"urlTemplate\":\"https:\\\/\\\/www.directplanning.com\\\/fr\\\/?s={search_term_string}\"},\"query-input\":{\"@type\":\"PropertyValueSpecification\",\"valueRequired\":true,\"valueName\":\"search_term_string\"}}],\"inLanguage\":\"fr-FR\"},{\"@type\":\"Organization\",\"@id\":\"https:\\\/\\\/www.directplanning.com\\\/fr\\\/#organization\",\"name\":\"Direct Planning\",\"alternateName\":\"DP\",\"url\":\"https:\\\/\\\/www.directplanning.com\\\/fr\\\/\",\"logo\":{\"@type\":\"ImageObject\",\"inLanguage\":\"fr-FR\",\"@id\":\"https:\\\/\\\/www.directplanning.com\\\/fr\\\/#\\\/schema\\\/logo\\\/image\\\/\",\"url\":\"https:\\\/\\\/www.directplanning.com\\\/wp-content\\\/uploads\\\/2023\\\/08\\\/DirectPlanIcone.bmp\",\"contentUrl\":\"https:\\\/\\\/www.directplanning.com\\\/wp-content\\\/uploads\\\/2023\\\/08\\\/DirectPlanIcone.bmp\",\"width\":320,\"height\":355,\"caption\":\"Direct Planning\"},\"image\":{\"@id\":\"https:\\\/\\\/www.directplanning.com\\\/fr\\\/#\\\/schema\\\/logo\\\/image\\\/\"},\"sameAs\":[\"https:\\\/\\\/x.com\\\/Direct_Planning\",\"https:\\\/\\\/www.linkedin.com\\\/showcase\\\/direct-planning\\\/posts\\\/?feedView=all\",\"https:\\\/\\\/www.youtube.com\\\/user\\\/VolumeSoftware\"]}]}<\/script>\n<!-- \/ Yoast SEO plugin. -->","yoast_head_json":{"title":"Liens de t\u00e9l\u00e9chargement de Direct Planning - Direct Planning","description":"\u201cT\u00e9l\u00e9chargez Direct Planning pour Windows (64 bits) et b\u00e9n\u00e9ficiez d\u2019une p\u00e9riode d\u2019essai gratuite de 30 jours.","robots":{"index":"noindex","follow":"follow"},"og_locale":"fr_FR","og_type":"article","og_title":"Liens de t\u00e9l\u00e9chargement de Direct Planning - Direct Planning","og_description":"\u201cT\u00e9l\u00e9chargez Direct Planning pour Windows (64 bits) et b\u00e9n\u00e9ficiez d\u2019une p\u00e9riode d\u2019essai gratuite de 30 jours.","og_url":"https:\/\/www.directplanning.com\/fr\/direct-planning-download-links\/","og_site_name":"Direct Planning","article_modified_time":"2025-12-16T09:50:18+00:00","og_image":[{"width":1417,"height":709,"url":"https:\/\/www.directplanning.com\/wp-content\/uploads\/2012\/02\/LogoDirectPlanning.jpg","type":"image\/jpeg"}],"twitter_card":"summary_large_image","twitter_site":"@Direct_Planning","twitter_misc":{"Dur\u00e9e de lecture estim\u00e9e":"1 minute"},"schema":{"@context":"https:\/\/schema.org","@graph":[{"@type":"WebPage","@id":"https:\/\/www.directplanning.com\/fr\/direct-planning-download-links\/","url":"https:\/\/www.directplanning.com\/fr\/direct-planning-download-links\/","name":"Liens de t\u00e9l\u00e9chargement de Direct Planning - Direct Planning","isPartOf":{"@id":"https:\/\/www.directplanning.com\/fr\/#website"},"primaryImageOfPage":{"@id":"https:\/\/www.directplanning.com\/fr\/direct-planning-download-links\/#primaryimage"},"image":{"@id":"https:\/\/www.directplanning.com\/fr\/direct-planning-download-links\/#primaryimage"},"thumbnailUrl":"https:\/\/www.directplanning.com\/wp-content\/uploads\/2012\/02\/LogoDirectPlanning.jpg","datePublished":"2012-11-09T11:25:20+00:00","dateModified":"2025-12-16T09:50:18+00:00","description":"\u201cT\u00e9l\u00e9chargez Direct Planning pour Windows (64 bits) et b\u00e9n\u00e9ficiez d\u2019une p\u00e9riode d\u2019essai gratuite de 30 jours.","breadcrumb":{"@id":"https:\/\/www.directplanning.com\/fr\/direct-planning-download-links\/#breadcrumb"},"inLanguage":"fr-FR","potentialAction":[{"@type":"ReadAction","target":["https:\/\/www.directplanning.com\/fr\/direct-planning-download-links\/"]}]},{"@type":"ImageObject","inLanguage":"fr-FR","@id":"https:\/\/www.directplanning.com\/fr\/direct-planning-download-links\/#primaryimage","url":"https:\/\/www.directplanning.com\/wp-content\/uploads\/2012\/02\/LogoDirectPlanning.jpg","contentUrl":"https:\/\/www.directplanning.com\/wp-content\/uploads\/2012\/02\/LogoDirectPlanning.jpg","width":1417,"height":709},{"@type":"BreadcrumbList","@id":"https:\/\/www.directplanning.com\/fr\/direct-planning-download-links\/#breadcrumb","itemListElement":[{"@type":"ListItem","position":1,"name":"Accueil","item":"https:\/\/www.directplanning.com\/fr\/"},{"@type":"ListItem","position":2,"name":"Liens de t\u00e9l\u00e9chargement de Direct Planning"}]},{"@type":"WebSite","@id":"https:\/\/www.directplanning.com\/fr\/#website","url":"https:\/\/www.directplanning.com\/fr\/","name":"Directplanning.com","description":"Optimisez votre planning de production. Outil de planification intuitif et complet pour les entreprises et industries. Essai gratuit en ligne","publisher":{"@id":"https:\/\/www.directplanning.com\/fr\/#organization"},"potentialAction":[{"@type":"SearchAction","target":{"@type":"EntryPoint","urlTemplate":"https:\/\/www.directplanning.com\/fr\/?s={search_term_string}"},"query-input":{"@type":"PropertyValueSpecification","valueRequired":true,"valueName":"search_term_string"}}],"inLanguage":"fr-FR"},{"@type":"Organization","@id":"https:\/\/www.directplanning.com\/fr\/#organization","name":"Direct Planning","alternateName":"DP","url":"https:\/\/www.directplanning.com\/fr\/","logo":{"@type":"ImageObject","inLanguage":"fr-FR","@id":"https:\/\/www.directplanning.com\/fr\/#\/schema\/logo\/image\/","url":"https:\/\/www.directplanning.com\/wp-content\/uploads\/2023\/08\/DirectPlanIcone.bmp","contentUrl":"https:\/\/www.directplanning.com\/wp-content\/uploads\/2023\/08\/DirectPlanIcone.bmp","width":320,"height":355,"caption":"Direct Planning"},"image":{"@id":"https:\/\/www.directplanning.com\/fr\/#\/schema\/logo\/image\/"},"sameAs":["https:\/\/x.com\/Direct_Planning","https:\/\/www.linkedin.com\/showcase\/direct-planning\/posts\/?feedView=all","https:\/\/www.youtube.com\/user\/VolumeSoftware"]}]}},"_links":{"self":[{"href":"https:\/\/www.directplanning.com\/fr\/wp-json\/wp\/v2\/pages\/1855","targetHints":{"allow":["GET"]}}],"collection":[{"href":"https:\/\/www.directplanning.com\/fr\/wp-json\/wp\/v2\/pages"}],"about":[{"href":"https:\/\/www.directplanning.com\/fr\/wp-json\/wp\/v2\/types\/page"}],"author":[{"embeddable":true,"href":"https:\/\/www.directplanning.com\/fr\/wp-json\/wp\/v2\/users\/2"}],"replies":[{"embeddable":true,"href":"https:\/\/www.directplanning.com\/fr\/wp-json\/wp\/v2\/comments?post=1855"}],"version-history":[{"count":2,"href":"https:\/\/www.directplanning.com\/fr\/wp-json\/wp\/v2\/pages\/1855\/revisions"}],"predecessor-version":[{"id":6421,"href":"https:\/\/www.directplanning.com\/fr\/wp-json\/wp\/v2\/pages\/1855\/revisions\/6421"}],"wp:featuredmedia":[{"embeddable":true,"href":"https:\/\/www.directplanning.com\/fr\/wp-json\/wp\/v2\/media\/696"}],"wp:attachment":[{"href":"https:\/\/www.directplanning.com\/fr\/wp-json\/wp\/v2\/media?parent=1855"}],"curies":[{"name":"wp","href":"https:\/\/api.w.org\/{rel}","templated":true}]}}