{"id":1354,"date":"2012-06-05T06:55:43","date_gmt":"2012-06-05T06:55:43","guid":{"rendered":"https:\/\/www.directplanning.com\/?page_id=1354"},"modified":"2025-10-03T14:50:48","modified_gmt":"2025-10-03T12:50:48","slug":"planning-service-listes-parametrables","status":"publish","type":"page","link":"https:\/\/www.directplanning.com\/fr\/planning-service\/planning-service-fonctionnalites\/planning-service-listes-parametrables\/","title":{"rendered":"Planning Service \u2013 Listes param\u00e9trables"},"content":{"rendered":"\n<p><strong>Direct Planning<\/strong> vous permet de cr\u00e9er un nombre illimit\u00e9 de <strong>listes param\u00e9trables<\/strong> de t\u00e2ches ou de rendez-vous. Ces listes vous permettent de r\u00e9aliser des s\u00e9lections fines sur de nombreux crit\u00e8res.<\/p>\n\n\n\n<!--more-->\n\n\n\n<p>Les listes param\u00e9trables disposent des caract\u00e9ristiques suivantes :<\/p>\n\n\n\n<ul class=\"wp-block-list\">\n<li>vous pouvez ajouter en colonne <strong>toutes les donn\u00e9es<\/strong> du d\u00e9tail de t\u00e2che.<\/li>\n\n\n\n<li>vous pouvez m\u00e9moriser un <strong>crit\u00e8re de s\u00e9lection<\/strong> pour chacune de ces listes. Exemple : les t\u00e2ches de tel intervenant, de telle ressource pour la semaine courante, etc.<\/li>\n\n\n\n<li>vous pouvez nommer et m\u00e9moriser une liste dans le planning et sp\u00e9cifier quels sont les <strong>utilisateurs habilit\u00e9s<\/strong> \u00e0 utiliser cette liste.<\/li>\n\n\n\n<li>chaque liste est exportable vers <strong>Microsoft Excel<\/strong> en un clic.<\/li>\n\n\n\n<li>depuis une liste consultable \u00e0 l&#8217;\u00e9cran, vous pouvez directement modifier une t\u00e2che ou un marqueur.<\/li>\n<\/ul>\n\n\n<div class=\"wp-block-image\">\n<figure class=\"aligncenter\"><a href=\"https:\/\/www.directplanning.com\/wp-content\/uploads\/2012\/06\/direct_planning_service_listes_personnalisables.png\" data-rel=\"lightbox-image-0\" data-rl_title=\"\" data-rl_caption=\"\" title=\"\"><img decoding=\"async\" width=\"610\" height=\"407\" src=\"https:\/\/www.directplanning.com\/wp-content\/uploads\/2012\/06\/direct_planning_service_listes_personnalisables-610x407.png\" alt=\"Direct Planning Service - Les listes personnalisables\" class=\"wp-image-1468\" srcset=\"https:\/\/www.directplanning.com\/wp-content\/uploads\/2012\/06\/direct_planning_service_listes_personnalisables-610x407.png 610w, https:\/\/www.directplanning.com\/wp-content\/uploads\/2012\/06\/direct_planning_service_listes_personnalisables-312x208.png 312w, https:\/\/www.directplanning.com\/wp-content\/uploads\/2012\/06\/direct_planning_service_listes_personnalisables-156x104.png 156w, https:\/\/www.directplanning.com\/wp-content\/uploads\/2012\/06\/direct_planning_service_listes_personnalisables-768x514.png 768w, https:\/\/www.directplanning.com\/wp-content\/uploads\/2012\/06\/direct_planning_service_listes_personnalisables-810x542.png 810w, https:\/\/www.directplanning.com\/wp-content\/uploads\/2012\/06\/direct_planning_service_listes_personnalisables.png 978w\" sizes=\"(max-width: 610px) 100vw, 610px\" \/><\/a><figcaption class=\"wp-element-caption\">Direct Planning Service &#8211; Les listes personnalisables<\/figcaption><\/figure><\/div>\n\n\n<p class=\"has-text-align-center\"><a class=\"mks_button mks_button_medium rounded\" href=\"https:\/\/www.directplanning.com\/fr\/planning-service\/planning-service-fonctionnalites\/\" target=\"_self\" style=\"color: #FFFFFF; background-color: #1e73be;\" > Les fonctionnalit\u00e9s Planning Service <\/a>\n","protected":false},"excerpt":{"rendered":"<p>Direct Planning vous permet de cr\u00e9er un nombre illimit\u00e9 de listes param\u00e9trables de t\u00e2ches ou de rendez-vous. Ces listes vous permettent de r\u00e9aliser des s\u00e9lections fines sur de nombreux crit\u00e8res.<\/p>\n","protected":false},"author":2,"featured_media":1468,"parent":1340,"menu_order":70,"comment_status":"closed","ping_status":"open","template":"","meta":{"footnotes":""},"class_list":["post-1354","page","type-page","status-publish","has-post-thumbnail","hentry"],"yoast_head":"<!-- This site is optimized with the Yoast SEO plugin v27.6 - https:\/\/yoast.com\/product\/yoast-seo-wordpress\/ -->\n<title>Planning Service \u2013 Listes param\u00e9trables - Direct Planning<\/title>\n<meta name=\"description\" content=\"Cr\u00e9ez des listes param\u00e9trables de t\u00e2ches et rendez-vous avec filtres, colonnes ajustables et export Excel pour une gestion efficace.\" \/>\n<meta name=\"robots\" content=\"index, follow, max-snippet:-1, max-image-preview:large, max-video-preview:-1\" \/>\n<link rel=\"canonical\" href=\"https:\/\/www.directplanning.com\/fr\/planning-service\/planning-service-fonctionnalites\/planning-service-listes-parametrables\/\" \/>\n<meta property=\"og:locale\" content=\"fr_FR\" \/>\n<meta property=\"og:type\" content=\"article\" \/>\n<meta property=\"og:title\" content=\"Planning Service \u2013 Listes param\u00e9trables - Direct Planning\" \/>\n<meta property=\"og:description\" content=\"Cr\u00e9ez des listes param\u00e9trables de t\u00e2ches et rendez-vous avec filtres, colonnes ajustables et export Excel pour une gestion efficace.\" \/>\n<meta property=\"og:url\" content=\"https:\/\/www.directplanning.com\/fr\/planning-service\/planning-service-fonctionnalites\/planning-service-listes-parametrables\/\" \/>\n<meta property=\"og:site_name\" content=\"Direct Planning\" \/>\n<meta property=\"article:modified_time\" content=\"2025-10-03T12:50:48+00:00\" \/>\n<meta property=\"og:image\" content=\"https:\/\/www.directplanning.com\/wp-content\/uploads\/2012\/06\/direct_planning_service_listes_personnalisables.png\" \/>\n\t<meta property=\"og:image:width\" content=\"978\" \/>\n\t<meta property=\"og:image:height\" content=\"654\" \/>\n\t<meta property=\"og:image:type\" content=\"image\/png\" \/>\n<meta name=\"twitter:card\" content=\"summary_large_image\" \/>\n<meta name=\"twitter:site\" content=\"@Direct_Planning\" \/>\n<meta name=\"twitter:label1\" content=\"Dur\u00e9e de lecture estim\u00e9e\" \/>\n\t<meta name=\"twitter:data1\" content=\"2 minutes\" \/>\n<script type=\"application\/ld+json\" class=\"yoast-schema-graph\">{\"@context\":\"https:\\\/\\\/schema.org\",\"@graph\":[{\"@type\":\"WebPage\",\"@id\":\"https:\\\/\\\/www.directplanning.com\\\/fr\\\/planning-service\\\/planning-service-fonctionnalites\\\/planning-service-listes-parametrables\\\/\",\"url\":\"https:\\\/\\\/www.directplanning.com\\\/fr\\\/planning-service\\\/planning-service-fonctionnalites\\\/planning-service-listes-parametrables\\\/\",\"name\":\"Planning Service \u2013 Listes param\u00e9trables - Direct Planning\",\"isPartOf\":{\"@id\":\"https:\\\/\\\/www.directplanning.com\\\/fr\\\/#website\"},\"primaryImageOfPage\":{\"@id\":\"https:\\\/\\\/www.directplanning.com\\\/fr\\\/planning-service\\\/planning-service-fonctionnalites\\\/planning-service-listes-parametrables\\\/#primaryimage\"},\"image\":{\"@id\":\"https:\\\/\\\/www.directplanning.com\\\/fr\\\/planning-service\\\/planning-service-fonctionnalites\\\/planning-service-listes-parametrables\\\/#primaryimage\"},\"thumbnailUrl\":\"https:\\\/\\\/www.directplanning.com\\\/wp-content\\\/uploads\\\/2012\\\/06\\\/direct_planning_service_listes_personnalisables.png\",\"datePublished\":\"2012-06-05T06:55:43+00:00\",\"dateModified\":\"2025-10-03T12:50:48+00:00\",\"description\":\"Cr\u00e9ez des listes param\u00e9trables de t\u00e2ches et rendez-vous avec filtres, colonnes ajustables et export Excel pour une gestion efficace.\",\"breadcrumb\":{\"@id\":\"https:\\\/\\\/www.directplanning.com\\\/fr\\\/planning-service\\\/planning-service-fonctionnalites\\\/planning-service-listes-parametrables\\\/#breadcrumb\"},\"inLanguage\":\"fr-FR\",\"potentialAction\":[{\"@type\":\"ReadAction\",\"target\":[\"https:\\\/\\\/www.directplanning.com\\\/fr\\\/planning-service\\\/planning-service-fonctionnalites\\\/planning-service-listes-parametrables\\\/\"]}]},{\"@type\":\"ImageObject\",\"inLanguage\":\"fr-FR\",\"@id\":\"https:\\\/\\\/www.directplanning.com\\\/fr\\\/planning-service\\\/planning-service-fonctionnalites\\\/planning-service-listes-parametrables\\\/#primaryimage\",\"url\":\"https:\\\/\\\/www.directplanning.com\\\/wp-content\\\/uploads\\\/2012\\\/06\\\/direct_planning_service_listes_personnalisables.png\",\"contentUrl\":\"https:\\\/\\\/www.directplanning.com\\\/wp-content\\\/uploads\\\/2012\\\/06\\\/direct_planning_service_listes_personnalisables.png\",\"width\":978,\"height\":654,\"caption\":\"Direct Planning Service - Les listes personnalisables\"},{\"@type\":\"BreadcrumbList\",\"@id\":\"https:\\\/\\\/www.directplanning.com\\\/fr\\\/planning-service\\\/planning-service-fonctionnalites\\\/planning-service-listes-parametrables\\\/#breadcrumb\",\"itemListElement\":[{\"@type\":\"ListItem\",\"position\":1,\"name\":\"Accueil\",\"item\":\"https:\\\/\\\/www.directplanning.com\\\/fr\\\/\"},{\"@type\":\"ListItem\",\"position\":2,\"name\":\"Direct Planning Service\",\"item\":\"https:\\\/\\\/www.directplanning.com\\\/fr\\\/planning-service\\\/\"},{\"@type\":\"ListItem\",\"position\":3,\"name\":\"Planning Service &#8211; Fonctionnalit\u00e9s\",\"item\":\"https:\\\/\\\/www.directplanning.com\\\/fr\\\/planning-service\\\/planning-service-fonctionnalites\\\/\"},{\"@type\":\"ListItem\",\"position\":4,\"name\":\"Planning Service \u2013 Listes param\u00e9trables\"}]},{\"@type\":\"WebSite\",\"@id\":\"https:\\\/\\\/www.directplanning.com\\\/fr\\\/#website\",\"url\":\"https:\\\/\\\/www.directplanning.com\\\/fr\\\/\",\"name\":\"Directplanning.com\",\"description\":\"Optimisez votre planning de production. Outil de planification intuitif et complet pour les entreprises et industries. Essai gratuit en ligne\",\"publisher\":{\"@id\":\"https:\\\/\\\/www.directplanning.com\\\/fr\\\/#organization\"},\"potentialAction\":[{\"@type\":\"SearchAction\",\"target\":{\"@type\":\"EntryPoint\",\"urlTemplate\":\"https:\\\/\\\/www.directplanning.com\\\/fr\\\/?s={search_term_string}\"},\"query-input\":{\"@type\":\"PropertyValueSpecification\",\"valueRequired\":true,\"valueName\":\"search_term_string\"}}],\"inLanguage\":\"fr-FR\"},{\"@type\":\"Organization\",\"@id\":\"https:\\\/\\\/www.directplanning.com\\\/fr\\\/#organization\",\"name\":\"Direct Planning\",\"alternateName\":\"DP\",\"url\":\"https:\\\/\\\/www.directplanning.com\\\/fr\\\/\",\"logo\":{\"@type\":\"ImageObject\",\"inLanguage\":\"fr-FR\",\"@id\":\"https:\\\/\\\/www.directplanning.com\\\/fr\\\/#\\\/schema\\\/logo\\\/image\\\/\",\"url\":\"https:\\\/\\\/www.directplanning.com\\\/wp-content\\\/uploads\\\/2023\\\/08\\\/DirectPlanIcone.bmp\",\"contentUrl\":\"https:\\\/\\\/www.directplanning.com\\\/wp-content\\\/uploads\\\/2023\\\/08\\\/DirectPlanIcone.bmp\",\"width\":320,\"height\":355,\"caption\":\"Direct Planning\"},\"image\":{\"@id\":\"https:\\\/\\\/www.directplanning.com\\\/fr\\\/#\\\/schema\\\/logo\\\/image\\\/\"},\"sameAs\":[\"https:\\\/\\\/x.com\\\/Direct_Planning\",\"https:\\\/\\\/www.linkedin.com\\\/showcase\\\/direct-planning\\\/posts\\\/?feedView=all\",\"https:\\\/\\\/www.youtube.com\\\/user\\\/VolumeSoftware\"]}]}<\/script>\n<!-- \/ Yoast SEO plugin. -->","yoast_head_json":{"title":"Planning Service \u2013 Listes param\u00e9trables - Direct Planning","description":"Cr\u00e9ez des listes param\u00e9trables de t\u00e2ches et rendez-vous avec filtres, colonnes ajustables et export Excel pour une gestion efficace.","robots":{"index":"index","follow":"follow","max-snippet":"max-snippet:-1","max-image-preview":"max-image-preview:large","max-video-preview":"max-video-preview:-1"},"canonical":"https:\/\/www.directplanning.com\/fr\/planning-service\/planning-service-fonctionnalites\/planning-service-listes-parametrables\/","og_locale":"fr_FR","og_type":"article","og_title":"Planning Service \u2013 Listes param\u00e9trables - Direct Planning","og_description":"Cr\u00e9ez des listes param\u00e9trables de t\u00e2ches et rendez-vous avec filtres, colonnes ajustables et export Excel pour une gestion efficace.","og_url":"https:\/\/www.directplanning.com\/fr\/planning-service\/planning-service-fonctionnalites\/planning-service-listes-parametrables\/","og_site_name":"Direct Planning","article_modified_time":"2025-10-03T12:50:48+00:00","og_image":[{"width":978,"height":654,"url":"https:\/\/www.directplanning.com\/wp-content\/uploads\/2012\/06\/direct_planning_service_listes_personnalisables.png","type":"image\/png"}],"twitter_card":"summary_large_image","twitter_site":"@Direct_Planning","twitter_misc":{"Dur\u00e9e de lecture estim\u00e9e":"2 minutes"},"schema":{"@context":"https:\/\/schema.org","@graph":[{"@type":"WebPage","@id":"https:\/\/www.directplanning.com\/fr\/planning-service\/planning-service-fonctionnalites\/planning-service-listes-parametrables\/","url":"https:\/\/www.directplanning.com\/fr\/planning-service\/planning-service-fonctionnalites\/planning-service-listes-parametrables\/","name":"Planning Service \u2013 Listes param\u00e9trables - Direct Planning","isPartOf":{"@id":"https:\/\/www.directplanning.com\/fr\/#website"},"primaryImageOfPage":{"@id":"https:\/\/www.directplanning.com\/fr\/planning-service\/planning-service-fonctionnalites\/planning-service-listes-parametrables\/#primaryimage"},"image":{"@id":"https:\/\/www.directplanning.com\/fr\/planning-service\/planning-service-fonctionnalites\/planning-service-listes-parametrables\/#primaryimage"},"thumbnailUrl":"https:\/\/www.directplanning.com\/wp-content\/uploads\/2012\/06\/direct_planning_service_listes_personnalisables.png","datePublished":"2012-06-05T06:55:43+00:00","dateModified":"2025-10-03T12:50:48+00:00","description":"Cr\u00e9ez des listes param\u00e9trables de t\u00e2ches et rendez-vous avec filtres, colonnes ajustables et export Excel pour une gestion efficace.","breadcrumb":{"@id":"https:\/\/www.directplanning.com\/fr\/planning-service\/planning-service-fonctionnalites\/planning-service-listes-parametrables\/#breadcrumb"},"inLanguage":"fr-FR","potentialAction":[{"@type":"ReadAction","target":["https:\/\/www.directplanning.com\/fr\/planning-service\/planning-service-fonctionnalites\/planning-service-listes-parametrables\/"]}]},{"@type":"ImageObject","inLanguage":"fr-FR","@id":"https:\/\/www.directplanning.com\/fr\/planning-service\/planning-service-fonctionnalites\/planning-service-listes-parametrables\/#primaryimage","url":"https:\/\/www.directplanning.com\/wp-content\/uploads\/2012\/06\/direct_planning_service_listes_personnalisables.png","contentUrl":"https:\/\/www.directplanning.com\/wp-content\/uploads\/2012\/06\/direct_planning_service_listes_personnalisables.png","width":978,"height":654,"caption":"Direct Planning Service - Les listes personnalisables"},{"@type":"BreadcrumbList","@id":"https:\/\/www.directplanning.com\/fr\/planning-service\/planning-service-fonctionnalites\/planning-service-listes-parametrables\/#breadcrumb","itemListElement":[{"@type":"ListItem","position":1,"name":"Accueil","item":"https:\/\/www.directplanning.com\/fr\/"},{"@type":"ListItem","position":2,"name":"Direct Planning Service","item":"https:\/\/www.directplanning.com\/fr\/planning-service\/"},{"@type":"ListItem","position":3,"name":"Planning Service &#8211; Fonctionnalit\u00e9s","item":"https:\/\/www.directplanning.com\/fr\/planning-service\/planning-service-fonctionnalites\/"},{"@type":"ListItem","position":4,"name":"Planning Service \u2013 Listes param\u00e9trables"}]},{"@type":"WebSite","@id":"https:\/\/www.directplanning.com\/fr\/#website","url":"https:\/\/www.directplanning.com\/fr\/","name":"Directplanning.com","description":"Optimisez votre planning de production. Outil de planification intuitif et complet pour les entreprises et industries. Essai gratuit en ligne","publisher":{"@id":"https:\/\/www.directplanning.com\/fr\/#organization"},"potentialAction":[{"@type":"SearchAction","target":{"@type":"EntryPoint","urlTemplate":"https:\/\/www.directplanning.com\/fr\/?s={search_term_string}"},"query-input":{"@type":"PropertyValueSpecification","valueRequired":true,"valueName":"search_term_string"}}],"inLanguage":"fr-FR"},{"@type":"Organization","@id":"https:\/\/www.directplanning.com\/fr\/#organization","name":"Direct Planning","alternateName":"DP","url":"https:\/\/www.directplanning.com\/fr\/","logo":{"@type":"ImageObject","inLanguage":"fr-FR","@id":"https:\/\/www.directplanning.com\/fr\/#\/schema\/logo\/image\/","url":"https:\/\/www.directplanning.com\/wp-content\/uploads\/2023\/08\/DirectPlanIcone.bmp","contentUrl":"https:\/\/www.directplanning.com\/wp-content\/uploads\/2023\/08\/DirectPlanIcone.bmp","width":320,"height":355,"caption":"Direct Planning"},"image":{"@id":"https:\/\/www.directplanning.com\/fr\/#\/schema\/logo\/image\/"},"sameAs":["https:\/\/x.com\/Direct_Planning","https:\/\/www.linkedin.com\/showcase\/direct-planning\/posts\/?feedView=all","https:\/\/www.youtube.com\/user\/VolumeSoftware"]}]}},"_links":{"self":[{"href":"https:\/\/www.directplanning.com\/fr\/wp-json\/wp\/v2\/pages\/1354","targetHints":{"allow":["GET"]}}],"collection":[{"href":"https:\/\/www.directplanning.com\/fr\/wp-json\/wp\/v2\/pages"}],"about":[{"href":"https:\/\/www.directplanning.com\/fr\/wp-json\/wp\/v2\/types\/page"}],"author":[{"embeddable":true,"href":"https:\/\/www.directplanning.com\/fr\/wp-json\/wp\/v2\/users\/2"}],"replies":[{"embeddable":true,"href":"https:\/\/www.directplanning.com\/fr\/wp-json\/wp\/v2\/comments?post=1354"}],"version-history":[{"count":0,"href":"https:\/\/www.directplanning.com\/fr\/wp-json\/wp\/v2\/pages\/1354\/revisions"}],"up":[{"embeddable":true,"href":"https:\/\/www.directplanning.com\/fr\/wp-json\/wp\/v2\/pages\/1340"}],"wp:featuredmedia":[{"embeddable":true,"href":"https:\/\/www.directplanning.com\/fr\/wp-json\/wp\/v2\/media\/1468"}],"wp:attachment":[{"href":"https:\/\/www.directplanning.com\/fr\/wp-json\/wp\/v2\/media?parent=1354"}],"curies":[{"name":"wp","href":"https:\/\/api.w.org\/{rel}","templated":true}]}}