{"id":1352,"date":"2012-06-05T06:45:13","date_gmt":"2012-06-05T06:45:13","guid":{"rendered":"https:\/\/www.directplanning.com\/?page_id=1352"},"modified":"2025-10-03T14:48:27","modified_gmt":"2025-10-03T12:48:27","slug":"planning-service-affichages-personnalisables","status":"publish","type":"page","link":"https:\/\/www.directplanning.com\/fr\/planning-service\/planning-service-fonctionnalites\/planning-service-affichages-personnalisables\/","title":{"rendered":"Planning Service \u2013 Affichages personnalisables"},"content":{"rendered":"\n<p>Dans <strong>Direct Planning<\/strong> vous pouvez compl\u00e8tement configurer l&#8217;affichage du planning selon vos besoins. Vous pouvez m\u00eame configurer des <strong>modes d&#8217;affichages<\/strong> d\u00e9di\u00e9s \u00e0 des profils utilisateurs.<\/p>\n\n\n\n<!--more-->\n\n\n\n<p>Par exemple, plut\u00f4t que d&#8217;afficher <strong>une ligne par ressource<\/strong> (les salles \u00e0 r\u00e9server), dans ce mode d&#8217;affichage, on affiche ici <strong>une ligne par formateur<\/strong> et la coloration est cette fois r\u00e9alis\u00e9e en fonction de la salle r\u00e9serv\u00e9e :<\/p>\n\n\n<div class=\"wp-block-image\">\n<figure class=\"aligncenter\"><a href=\"https:\/\/www.directplanning.com\/wp-content\/uploads\/2012\/06\/direct_planning_service_affichage.png\" data-rel=\"lightbox-image-0\" data-rl_title=\"\" data-rl_caption=\"\" title=\"\"><img decoding=\"async\" width=\"610\" height=\"356\" src=\"https:\/\/www.directplanning.com\/wp-content\/uploads\/2012\/06\/direct_planning_service_affichage-610x356.png\" alt=\"Direct Planning Service - Les modes d'affichage configurables\" class=\"wp-image-1466\" srcset=\"https:\/\/www.directplanning.com\/wp-content\/uploads\/2012\/06\/direct_planning_service_affichage-610x356.png 610w, https:\/\/www.directplanning.com\/wp-content\/uploads\/2012\/06\/direct_planning_service_affichage-312x182.png 312w, https:\/\/www.directplanning.com\/wp-content\/uploads\/2012\/06\/direct_planning_service_affichage-156x91.png 156w, https:\/\/www.directplanning.com\/wp-content\/uploads\/2012\/06\/direct_planning_service_affichage-768x449.png 768w, https:\/\/www.directplanning.com\/wp-content\/uploads\/2012\/06\/direct_planning_service_affichage-1536x898.png 1536w, https:\/\/www.directplanning.com\/wp-content\/uploads\/2012\/06\/direct_planning_service_affichage-810x473.png 810w, https:\/\/www.directplanning.com\/wp-content\/uploads\/2012\/06\/direct_planning_service_affichage-1140x666.png 1140w, https:\/\/www.directplanning.com\/wp-content\/uploads\/2012\/06\/direct_planning_service_affichage.png 1677w\" sizes=\"(max-width: 610px) 100vw, 610px\" \/><\/a><figcaption class=\"wp-element-caption\">Direct Planning Service &#8211; Les modes d&#8217;affichage configurables<\/figcaption><\/figure><\/div>\n\n\n<h2 class=\"wp-block-heading\">Visuel des t\u00e2ches configurable<\/h2>\n\n\n\n<p>Au travers de diff\u00e9rents modes d&#8217;affichage, vous pouvez configurer diff\u00e9rents aspects visuels pour les t\u00e2ches du planning.<\/p>\n\n\n\n<h3 class=\"wp-block-heading\">Texte et nombre de lignes configurables<\/h3>\n\n\n\n<p>Chaque t\u00e2che peut contenir de <strong>1 \u00e0 5 lignes de texte<\/strong>. Chaque ligne de texte peut contenir jusqu&#8217;\u00e0 3 donn\u00e9es concat\u00e9n\u00e9es. Exemple : Nom de l&#8217;intervenant, motif de r\u00e9servation, nom du client, etc.<br>Tous ces \u00e9l\u00e9ments sont par ailleurs <a title=\"Planning Service \u2013 Configurable pour votre m\u00e9tier\" href=\"https:\/\/www.directplanning.com\/fr\/planning-service\/planning-service-fonctionnalites\/planning-service-configurable-pour-votre-metier\/\">configurables selon votre m\u00e9tier<\/a>.<\/p>\n\n\n\n<p>La taille de la police de caract\u00e8res est \u00e9galement configurable.<\/p>\n\n\n\n<h3 class=\"wp-block-heading\">M\u00e9thode de coloration configurable<\/h3>\n\n\n\n<p>Vous pouvez <strong>colorer les t\u00e2ches du planning<\/strong> automatiquement en fonction de la <a title=\"Planning Service \u2013 La ressource planifi\u00e9e\" href=\"https:\/\/www.directplanning.com\/fr\/planning-service\/planning-service-fonctionnalites\/planning-service-la-ressource-planifiee\/\">ressource <\/a>ou d&#8217;une <a title=\"Planning Service \u2013 Configurable pour votre m\u00e9tier\" href=\"https:\/\/www.directplanning.com\/fr\/planning-service\/planning-service-fonctionnalites\/planning-service-configurable-pour-votre-metier\/\">donn\u00e9e configurable du p<\/a>lanning.<\/p>\n\n\n\n<p>Sur une t\u00e2che comportant 5 lignes de texte, vous pouvez par exemple choisir de colorer sp\u00e9cifiquement <strong>la 5\u00e8me ligne <\/strong>selon un autre crit\u00e8re.<\/p>\n\n\n\n<h3 class=\"wp-block-heading\">S\u00e9lection des marqueurs affich\u00e9s<\/h3>\n\n\n\n<p>Dans <strong>Direct Planning<\/strong>, les <a title=\"Planning Service \u2013 Les marqueurs visuels\" href=\"https:\/\/www.directplanning.com\/fr\/planning-service\/planning-service-fonctionnalites\/planning-service-les-marqueurs-visuels\/\">marqueurs visuels<\/a> jouent un r\u00f4le important. Pour un mode d&#8217;affichage donn\u00e9, vous pouvez choisir de ne pas afficher certains marqueurs. Typiquement pour un mode d&#8217;affichage d\u00e9di\u00e9 \u00e0 un intervenant, vous pouvez choisir d&#8217;exclure les marqueurs qui ne concernent pas son activit\u00e9.<\/p>\n\n\n\n<h2 class=\"wp-block-heading\">Projection configurable<\/h2>\n\n\n\n<p>Classiquement un planning service est affich\u00e9 avec <strong>une ligne par <a title=\"Planning Service \u2013 La ressource planifi\u00e9e\" href=\"https:\/\/www.directplanning.com\/fr\/planning-service\/planning-service-fonctionnalites\/planning-service-la-ressource-planifiee\/\">ressource<\/a><\/strong>, pouvant \u00eatre <strong>regroup\u00e9es par &#8220;groupe de ressource&#8221;<\/strong>.<\/p>\n\n\n\n<p>Dans <strong>Direct Planning<\/strong> cette &#8220;projection&#8221; est configurable. Vous pouvez cr\u00e9er diff\u00e9rentes vues du planning selon vos besoins.<\/p>\n\n\n\n<p>Par exemple pour un planning de r\u00e9servation de salles, plut\u00f4t que d&#8217;afficher le planning avec une ligne par salle, vous pouvez choisir d&#8217;afficher une ligne par personne ayant r\u00e9alis\u00e9 la r\u00e9servation.<\/p>\n\n\n\n<h2 class=\"wp-block-heading\">\u00c9chelles de temps configurables<\/h2>\n\n\n\n<p>Dans Direct Planning l&#8217;utilisateur dispose de <strong>5 \u00e9chelles de temps<\/strong> qui permettent de visualiser le planning avec diff\u00e9rents niveaux de zoom. Via les modes d&#8217;affichages, vous pouvez configurer le niveau de zoom de chacune de ces \u00e9chelles de temps.<\/p>\n\n\n\n<h3 class=\"wp-block-heading\">\u00c9chelles de temps condens\u00e9e<\/h3>\n\n\n\n<p>La fonction &#8220;\u00e9chelle de temps condens\u00e9e&#8221; permet d&#8217;optimiser la visualisation du planning en masquant les p\u00e9riodes non travaill\u00e9es pour la soci\u00e9t\u00e9. Les samedis et les dimanches peuvent par exemple \u00eatre masqu\u00e9s si votre soci\u00e9t\u00e9 ne travaille pas le week-end. De la m\u00eame fa\u00e7on le planning peut commencer le matin \u00e0 08:00 et terminer le soir \u00e0 19:00.<\/p>\n\n\n\n<h2 class=\"wp-block-heading\">Restriction d&#8217;affichage<\/h2>\n\n\n\n<p>Comme \u00e9voqu\u00e9 en introduction de cette page, <strong>Direct Planning<\/strong> autorise la cr\u00e9ation de modes d&#8217;affichages restreignant la visualisation du planning \u00e0 une s\u00e9lection de ressources.<\/p>\n\n\n\n<p>De la m\u00eame fa\u00e7on, il est possible de restreindre l&#8217;horizon d&#8217;affichage du planning.<\/p>\n\n\n\n<p class=\"has-text-align-center\"><a class=\"mks_button mks_button_medium rounded\" href=\"https:\/\/www.directplanning.com\/fr\/planning-service\/planning-service-fonctionnalites\/\" target=\"_self\" style=\"color: #FFFFFF; background-color: #1e73be;\" > Les fonctionnalit\u00e9s Planning Service <\/a>\n","protected":false},"excerpt":{"rendered":"<p>Dans Direct Planning vous pouvez compl\u00e8tement configurer l&#8217;affichage du planning selon vos besoins. Vous pouvez m\u00eame configurer des modes d&#8217;affichages d\u00e9di\u00e9s \u00e0 des profils utilisateurs.<\/p>\n","protected":false},"author":2,"featured_media":1466,"parent":1340,"menu_order":60,"comment_status":"closed","ping_status":"open","template":"","meta":{"footnotes":""},"class_list":["post-1352","page","type-page","status-publish","has-post-thumbnail","hentry"],"yoast_head":"<!-- This site is optimized with the Yoast SEO plugin v27.4 - https:\/\/yoast.com\/product\/yoast-seo-wordpress\/ -->\n<title>Planning Service \u2013 Affichages personnalisables - Direct Planning<\/title>\n<meta name=\"description\" content=\"Personnalisez les lignes de texte, couleurs, marqueurs visuels et \u00e9chelles de temps adapt\u00e9es \u00e0 vos besoins m\u00e9tiers.\" \/>\n<meta name=\"robots\" content=\"index, follow, max-snippet:-1, max-image-preview:large, max-video-preview:-1\" \/>\n<link rel=\"canonical\" href=\"https:\/\/www.directplanning.com\/fr\/planning-service\/planning-service-fonctionnalites\/planning-service-affichages-personnalisables\/\" \/>\n<meta property=\"og:locale\" content=\"fr_FR\" \/>\n<meta property=\"og:type\" content=\"article\" \/>\n<meta property=\"og:title\" content=\"Planning Service \u2013 Affichages personnalisables - Direct Planning\" \/>\n<meta property=\"og:description\" content=\"Personnalisez les lignes de texte, couleurs, marqueurs visuels et \u00e9chelles de temps adapt\u00e9es \u00e0 vos besoins m\u00e9tiers.\" \/>\n<meta property=\"og:url\" content=\"https:\/\/www.directplanning.com\/fr\/planning-service\/planning-service-fonctionnalites\/planning-service-affichages-personnalisables\/\" \/>\n<meta property=\"og:site_name\" content=\"Direct Planning\" \/>\n<meta property=\"article:modified_time\" content=\"2025-10-03T12:48:27+00:00\" \/>\n<meta property=\"og:image\" content=\"https:\/\/www.directplanning.com\/wp-content\/uploads\/2012\/06\/direct_planning_service_affichage.png\" \/>\n\t<meta property=\"og:image:width\" content=\"1677\" \/>\n\t<meta property=\"og:image:height\" content=\"980\" \/>\n\t<meta property=\"og:image:type\" content=\"image\/png\" \/>\n<meta name=\"twitter:card\" content=\"summary_large_image\" \/>\n<meta name=\"twitter:site\" content=\"@Direct_Planning\" \/>\n<meta name=\"twitter:label1\" content=\"Dur\u00e9e de lecture estim\u00e9e\" \/>\n\t<meta name=\"twitter:data1\" content=\"3 minutes\" \/>\n<script type=\"application\/ld+json\" class=\"yoast-schema-graph\">{\"@context\":\"https:\\\/\\\/schema.org\",\"@graph\":[{\"@type\":\"WebPage\",\"@id\":\"https:\\\/\\\/www.directplanning.com\\\/fr\\\/planning-service\\\/planning-service-fonctionnalites\\\/planning-service-affichages-personnalisables\\\/\",\"url\":\"https:\\\/\\\/www.directplanning.com\\\/fr\\\/planning-service\\\/planning-service-fonctionnalites\\\/planning-service-affichages-personnalisables\\\/\",\"name\":\"Planning Service \u2013 Affichages personnalisables - Direct Planning\",\"isPartOf\":{\"@id\":\"https:\\\/\\\/www.directplanning.com\\\/fr\\\/#website\"},\"primaryImageOfPage\":{\"@id\":\"https:\\\/\\\/www.directplanning.com\\\/fr\\\/planning-service\\\/planning-service-fonctionnalites\\\/planning-service-affichages-personnalisables\\\/#primaryimage\"},\"image\":{\"@id\":\"https:\\\/\\\/www.directplanning.com\\\/fr\\\/planning-service\\\/planning-service-fonctionnalites\\\/planning-service-affichages-personnalisables\\\/#primaryimage\"},\"thumbnailUrl\":\"https:\\\/\\\/www.directplanning.com\\\/wp-content\\\/uploads\\\/2012\\\/06\\\/direct_planning_service_affichage.png\",\"datePublished\":\"2012-06-05T06:45:13+00:00\",\"dateModified\":\"2025-10-03T12:48:27+00:00\",\"description\":\"Personnalisez les lignes de texte, couleurs, marqueurs visuels et \u00e9chelles de temps adapt\u00e9es \u00e0 vos besoins m\u00e9tiers.\",\"breadcrumb\":{\"@id\":\"https:\\\/\\\/www.directplanning.com\\\/fr\\\/planning-service\\\/planning-service-fonctionnalites\\\/planning-service-affichages-personnalisables\\\/#breadcrumb\"},\"inLanguage\":\"fr-FR\",\"potentialAction\":[{\"@type\":\"ReadAction\",\"target\":[\"https:\\\/\\\/www.directplanning.com\\\/fr\\\/planning-service\\\/planning-service-fonctionnalites\\\/planning-service-affichages-personnalisables\\\/\"]}]},{\"@type\":\"ImageObject\",\"inLanguage\":\"fr-FR\",\"@id\":\"https:\\\/\\\/www.directplanning.com\\\/fr\\\/planning-service\\\/planning-service-fonctionnalites\\\/planning-service-affichages-personnalisables\\\/#primaryimage\",\"url\":\"https:\\\/\\\/www.directplanning.com\\\/wp-content\\\/uploads\\\/2012\\\/06\\\/direct_planning_service_affichage.png\",\"contentUrl\":\"https:\\\/\\\/www.directplanning.com\\\/wp-content\\\/uploads\\\/2012\\\/06\\\/direct_planning_service_affichage.png\",\"width\":1677,\"height\":980,\"caption\":\"Direct Planning Service - Les modes d'affichage configurables\"},{\"@type\":\"BreadcrumbList\",\"@id\":\"https:\\\/\\\/www.directplanning.com\\\/fr\\\/planning-service\\\/planning-service-fonctionnalites\\\/planning-service-affichages-personnalisables\\\/#breadcrumb\",\"itemListElement\":[{\"@type\":\"ListItem\",\"position\":1,\"name\":\"Accueil\",\"item\":\"https:\\\/\\\/www.directplanning.com\\\/fr\\\/\"},{\"@type\":\"ListItem\",\"position\":2,\"name\":\"Direct Planning Service\",\"item\":\"https:\\\/\\\/www.directplanning.com\\\/fr\\\/planning-service\\\/\"},{\"@type\":\"ListItem\",\"position\":3,\"name\":\"Planning Service &#8211; Fonctionnalit\u00e9s\",\"item\":\"https:\\\/\\\/www.directplanning.com\\\/fr\\\/planning-service\\\/planning-service-fonctionnalites\\\/\"},{\"@type\":\"ListItem\",\"position\":4,\"name\":\"Planning Service \u2013 Affichages personnalisables\"}]},{\"@type\":\"WebSite\",\"@id\":\"https:\\\/\\\/www.directplanning.com\\\/fr\\\/#website\",\"url\":\"https:\\\/\\\/www.directplanning.com\\\/fr\\\/\",\"name\":\"Directplanning.com\",\"description\":\"Optimisez votre planning de production. Outil de planification intuitif et complet pour les entreprises et industries. Essai gratuit en ligne\",\"publisher\":{\"@id\":\"https:\\\/\\\/www.directplanning.com\\\/fr\\\/#organization\"},\"potentialAction\":[{\"@type\":\"SearchAction\",\"target\":{\"@type\":\"EntryPoint\",\"urlTemplate\":\"https:\\\/\\\/www.directplanning.com\\\/fr\\\/?s={search_term_string}\"},\"query-input\":{\"@type\":\"PropertyValueSpecification\",\"valueRequired\":true,\"valueName\":\"search_term_string\"}}],\"inLanguage\":\"fr-FR\"},{\"@type\":\"Organization\",\"@id\":\"https:\\\/\\\/www.directplanning.com\\\/fr\\\/#organization\",\"name\":\"Direct Planning\",\"alternateName\":\"DP\",\"url\":\"https:\\\/\\\/www.directplanning.com\\\/fr\\\/\",\"logo\":{\"@type\":\"ImageObject\",\"inLanguage\":\"fr-FR\",\"@id\":\"https:\\\/\\\/www.directplanning.com\\\/fr\\\/#\\\/schema\\\/logo\\\/image\\\/\",\"url\":\"https:\\\/\\\/www.directplanning.com\\\/wp-content\\\/uploads\\\/2023\\\/08\\\/DirectPlanIcone.bmp\",\"contentUrl\":\"https:\\\/\\\/www.directplanning.com\\\/wp-content\\\/uploads\\\/2023\\\/08\\\/DirectPlanIcone.bmp\",\"width\":320,\"height\":355,\"caption\":\"Direct Planning\"},\"image\":{\"@id\":\"https:\\\/\\\/www.directplanning.com\\\/fr\\\/#\\\/schema\\\/logo\\\/image\\\/\"},\"sameAs\":[\"https:\\\/\\\/x.com\\\/Direct_Planning\",\"https:\\\/\\\/www.linkedin.com\\\/showcase\\\/direct-planning\\\/posts\\\/?feedView=all\",\"https:\\\/\\\/www.youtube.com\\\/user\\\/VolumeSoftware\"]}]}<\/script>\n<!-- \/ Yoast SEO plugin. -->","yoast_head_json":{"title":"Planning Service \u2013 Affichages personnalisables - Direct Planning","description":"Personnalisez les lignes de texte, couleurs, marqueurs visuels et \u00e9chelles de temps adapt\u00e9es \u00e0 vos besoins m\u00e9tiers.","robots":{"index":"index","follow":"follow","max-snippet":"max-snippet:-1","max-image-preview":"max-image-preview:large","max-video-preview":"max-video-preview:-1"},"canonical":"https:\/\/www.directplanning.com\/fr\/planning-service\/planning-service-fonctionnalites\/planning-service-affichages-personnalisables\/","og_locale":"fr_FR","og_type":"article","og_title":"Planning Service \u2013 Affichages personnalisables - Direct Planning","og_description":"Personnalisez les lignes de texte, couleurs, marqueurs visuels et \u00e9chelles de temps adapt\u00e9es \u00e0 vos besoins m\u00e9tiers.","og_url":"https:\/\/www.directplanning.com\/fr\/planning-service\/planning-service-fonctionnalites\/planning-service-affichages-personnalisables\/","og_site_name":"Direct Planning","article_modified_time":"2025-10-03T12:48:27+00:00","og_image":[{"width":1677,"height":980,"url":"https:\/\/www.directplanning.com\/wp-content\/uploads\/2012\/06\/direct_planning_service_affichage.png","type":"image\/png"}],"twitter_card":"summary_large_image","twitter_site":"@Direct_Planning","twitter_misc":{"Dur\u00e9e de lecture estim\u00e9e":"3 minutes"},"schema":{"@context":"https:\/\/schema.org","@graph":[{"@type":"WebPage","@id":"https:\/\/www.directplanning.com\/fr\/planning-service\/planning-service-fonctionnalites\/planning-service-affichages-personnalisables\/","url":"https:\/\/www.directplanning.com\/fr\/planning-service\/planning-service-fonctionnalites\/planning-service-affichages-personnalisables\/","name":"Planning Service \u2013 Affichages personnalisables - Direct Planning","isPartOf":{"@id":"https:\/\/www.directplanning.com\/fr\/#website"},"primaryImageOfPage":{"@id":"https:\/\/www.directplanning.com\/fr\/planning-service\/planning-service-fonctionnalites\/planning-service-affichages-personnalisables\/#primaryimage"},"image":{"@id":"https:\/\/www.directplanning.com\/fr\/planning-service\/planning-service-fonctionnalites\/planning-service-affichages-personnalisables\/#primaryimage"},"thumbnailUrl":"https:\/\/www.directplanning.com\/wp-content\/uploads\/2012\/06\/direct_planning_service_affichage.png","datePublished":"2012-06-05T06:45:13+00:00","dateModified":"2025-10-03T12:48:27+00:00","description":"Personnalisez les lignes de texte, couleurs, marqueurs visuels et \u00e9chelles de temps adapt\u00e9es \u00e0 vos besoins m\u00e9tiers.","breadcrumb":{"@id":"https:\/\/www.directplanning.com\/fr\/planning-service\/planning-service-fonctionnalites\/planning-service-affichages-personnalisables\/#breadcrumb"},"inLanguage":"fr-FR","potentialAction":[{"@type":"ReadAction","target":["https:\/\/www.directplanning.com\/fr\/planning-service\/planning-service-fonctionnalites\/planning-service-affichages-personnalisables\/"]}]},{"@type":"ImageObject","inLanguage":"fr-FR","@id":"https:\/\/www.directplanning.com\/fr\/planning-service\/planning-service-fonctionnalites\/planning-service-affichages-personnalisables\/#primaryimage","url":"https:\/\/www.directplanning.com\/wp-content\/uploads\/2012\/06\/direct_planning_service_affichage.png","contentUrl":"https:\/\/www.directplanning.com\/wp-content\/uploads\/2012\/06\/direct_planning_service_affichage.png","width":1677,"height":980,"caption":"Direct Planning Service - Les modes d'affichage configurables"},{"@type":"BreadcrumbList","@id":"https:\/\/www.directplanning.com\/fr\/planning-service\/planning-service-fonctionnalites\/planning-service-affichages-personnalisables\/#breadcrumb","itemListElement":[{"@type":"ListItem","position":1,"name":"Accueil","item":"https:\/\/www.directplanning.com\/fr\/"},{"@type":"ListItem","position":2,"name":"Direct Planning Service","item":"https:\/\/www.directplanning.com\/fr\/planning-service\/"},{"@type":"ListItem","position":3,"name":"Planning Service &#8211; Fonctionnalit\u00e9s","item":"https:\/\/www.directplanning.com\/fr\/planning-service\/planning-service-fonctionnalites\/"},{"@type":"ListItem","position":4,"name":"Planning Service \u2013 Affichages personnalisables"}]},{"@type":"WebSite","@id":"https:\/\/www.directplanning.com\/fr\/#website","url":"https:\/\/www.directplanning.com\/fr\/","name":"Directplanning.com","description":"Optimisez votre planning de production. Outil de planification intuitif et complet pour les entreprises et industries. Essai gratuit en ligne","publisher":{"@id":"https:\/\/www.directplanning.com\/fr\/#organization"},"potentialAction":[{"@type":"SearchAction","target":{"@type":"EntryPoint","urlTemplate":"https:\/\/www.directplanning.com\/fr\/?s={search_term_string}"},"query-input":{"@type":"PropertyValueSpecification","valueRequired":true,"valueName":"search_term_string"}}],"inLanguage":"fr-FR"},{"@type":"Organization","@id":"https:\/\/www.directplanning.com\/fr\/#organization","name":"Direct Planning","alternateName":"DP","url":"https:\/\/www.directplanning.com\/fr\/","logo":{"@type":"ImageObject","inLanguage":"fr-FR","@id":"https:\/\/www.directplanning.com\/fr\/#\/schema\/logo\/image\/","url":"https:\/\/www.directplanning.com\/wp-content\/uploads\/2023\/08\/DirectPlanIcone.bmp","contentUrl":"https:\/\/www.directplanning.com\/wp-content\/uploads\/2023\/08\/DirectPlanIcone.bmp","width":320,"height":355,"caption":"Direct Planning"},"image":{"@id":"https:\/\/www.directplanning.com\/fr\/#\/schema\/logo\/image\/"},"sameAs":["https:\/\/x.com\/Direct_Planning","https:\/\/www.linkedin.com\/showcase\/direct-planning\/posts\/?feedView=all","https:\/\/www.youtube.com\/user\/VolumeSoftware"]}]}},"_links":{"self":[{"href":"https:\/\/www.directplanning.com\/fr\/wp-json\/wp\/v2\/pages\/1352","targetHints":{"allow":["GET"]}}],"collection":[{"href":"https:\/\/www.directplanning.com\/fr\/wp-json\/wp\/v2\/pages"}],"about":[{"href":"https:\/\/www.directplanning.com\/fr\/wp-json\/wp\/v2\/types\/page"}],"author":[{"embeddable":true,"href":"https:\/\/www.directplanning.com\/fr\/wp-json\/wp\/v2\/users\/2"}],"replies":[{"embeddable":true,"href":"https:\/\/www.directplanning.com\/fr\/wp-json\/wp\/v2\/comments?post=1352"}],"version-history":[{"count":0,"href":"https:\/\/www.directplanning.com\/fr\/wp-json\/wp\/v2\/pages\/1352\/revisions"}],"up":[{"embeddable":true,"href":"https:\/\/www.directplanning.com\/fr\/wp-json\/wp\/v2\/pages\/1340"}],"wp:featuredmedia":[{"embeddable":true,"href":"https:\/\/www.directplanning.com\/fr\/wp-json\/wp\/v2\/media\/1466"}],"wp:attachment":[{"href":"https:\/\/www.directplanning.com\/fr\/wp-json\/wp\/v2\/media?parent=1352"}],"curies":[{"name":"wp","href":"https:\/\/api.w.org\/{rel}","templated":true}]}}