{"id":1350,"date":"2012-06-05T06:44:25","date_gmt":"2012-06-05T06:44:25","guid":{"rendered":"https:\/\/www.directplanning.com\/?page_id=1350"},"modified":"2025-10-03T14:46:44","modified_gmt":"2025-10-03T12:46:44","slug":"planning-service-comment-modifier-un-planning","status":"publish","type":"page","link":"https:\/\/www.directplanning.com\/fr\/planning-service\/planning-service-fonctionnalites\/planning-service-comment-modifier-un-planning\/","title":{"rendered":"Planning Service \u2013 Comment modifier un planning ?"},"content":{"rendered":"\n<p>Pour un planning service g\u00e9rant plusieurs dizaines de <a title=\"Planning Service \u2013 La ressource planifi\u00e9e\" href=\"https:\/\/www.directplanning.com\/fr\/planning-service\/planning-service-fonctionnalites\/planning-service-la-ressource-planifiee\/\"><strong>ressources<\/strong> <\/a>et s&#8217;enrichissant chaque jour de plusieurs dizaines de nouvelles t\u00e2ches ou rendez-vous, la lisibilit\u00e9 et la facilit\u00e9 de navigation dans le planning sont essentielles.<\/p>\n\n\n\n<p>Aussi <strong>Direct Planning Service <\/strong>propose-t-il un ensemble de fonctions pour faciliter le d\u00e9placement dans le planning et la modification de celui-ci.<\/p>\n\n\n\n<!--more-->\n\n\n\n<h2 class=\"wp-block-heading\">Naviguer dans le planning<\/h2>\n\n\n\n<h3 class=\"wp-block-heading\">Les \u00e9chelles de temps<\/h3>\n\n\n\n<p><strong>Direct Planning<\/strong> propose 5 \u00e9chelles de temps qui vous permettent de visualiser \u00e0 l&#8217;\u00e9cran de une journ\u00e9e \u00e0 plusieurs semaines. Le niveau de zoom de ces \u00e9chelles de temps est <a title=\"Planning Service \u2013 Affichages personnalisables\" href=\"https:\/\/www.directplanning.com\/fr\/planning-service\/planning-service-fonctionnalites\/planning-service-affichages-personnalisables\/\">personnalisable<\/a>.<\/p>\n\n\n\n<h3 class=\"wp-block-heading\">D\u00e9filement \u00e0 la souris et raccourcis clavier<\/h3>\n\n\n\n<p>Pour se d\u00e9placer rapidement dans le planning, on utilisera fr\u00e9quemment le d\u00e9filement via la molette de la souris et les nombreux raccourcis clavier. Donnons quelques exemples de raccourcis clavier :<\/p>\n\n\n\n<ul class=\"wp-block-list\">\n<li>Se rendre \u00e0 la date du jour<\/li>\n\n\n\n<li>Se d\u00e9placer vers la t\u00e2che s\u00e9lectionn\u00e9e<\/li>\n<\/ul>\n\n\n\n<h3 class=\"wp-block-heading\">Navigation globale<\/h3>\n\n\n\n<p>La navigation globale affiche dans une petite fen\u00eatre une <strong>version miniature du planning<\/strong>. Un clic dans cette fen\u00eatre permet une navigation rapide vers une date donn\u00e9e.<\/p>\n\n\n\n<h3 class=\"wp-block-heading\">Mettre des t\u00e2ches en \u00e9vidence<\/h3>\n\n\n\n<p>La mise en \u00e9vidence est une fonction tr\u00e8s pratique de <strong>Direct Planning Service<\/strong>. Elle permet de mettre en \u00e9vidence visuellement dans le planning un ensemble de t\u00e2ches correspondant \u00e0 un crit\u00e8re donn\u00e9. Les t\u00e2ches ne correspondant pas \u00e0 ce crit\u00e8re seront gris\u00e9es.<\/p>\n\n\n\n<p>Quelques exemples :<\/p>\n\n\n\n<ul class=\"wp-block-list\">\n<li>Les t\u00e2ches du m\u00eame client<\/li>\n\n\n\n<li>Les t\u00e2ches du m\u00eame intervenant<\/li>\n\n\n\n<li>Les t\u00e2ches en alerte<\/li>\n<\/ul>\n\n\n\n<p>Il est ensuite possible de <strong>naviguer tr\u00e8s rapidement entre les t\u00e2ches mises en \u00e9vidence<\/strong>. Id\u00e9al donc pour naviguer entre les <strong>t\u00e2ches ou rendez-vous d&#8217;un m\u00eame client<\/strong>.<\/p>\n\n\n<div class=\"wp-block-image\">\n<figure class=\"aligncenter\"><a href=\"https:\/\/www.directplanning.com\/wp-content\/uploads\/2012\/06\/direct_planning_service_mise_en_evidence.png\" data-rel=\"lightbox-image-0\" data-rl_title=\"\" data-rl_caption=\"\" title=\"\"><img decoding=\"async\" width=\"610\" height=\"273\" src=\"https:\/\/www.directplanning.com\/wp-content\/uploads\/2012\/06\/direct_planning_service_mise_en_evidence-610x273.png\" alt=\"Direct Planning Service - Mettre en \u00e9vidence les r\u00e9servations d'un intervenant\" class=\"wp-image-1462\" srcset=\"https:\/\/www.directplanning.com\/wp-content\/uploads\/2012\/06\/direct_planning_service_mise_en_evidence-610x273.png 610w, https:\/\/www.directplanning.com\/wp-content\/uploads\/2012\/06\/direct_planning_service_mise_en_evidence-312x139.png 312w, https:\/\/www.directplanning.com\/wp-content\/uploads\/2012\/06\/direct_planning_service_mise_en_evidence-156x69.png 156w, https:\/\/www.directplanning.com\/wp-content\/uploads\/2012\/06\/direct_planning_service_mise_en_evidence-768x345.png 768w, https:\/\/www.directplanning.com\/wp-content\/uploads\/2012\/06\/direct_planning_service_mise_en_evidence-1536x689.png 1536w, https:\/\/www.directplanning.com\/wp-content\/uploads\/2012\/06\/direct_planning_service_mise_en_evidence-810x363.png 810w, https:\/\/www.directplanning.com\/wp-content\/uploads\/2012\/06\/direct_planning_service_mise_en_evidence-1140x511.png 1140w, https:\/\/www.directplanning.com\/wp-content\/uploads\/2012\/06\/direct_planning_service_mise_en_evidence.png 1674w\" sizes=\"(max-width: 610px) 100vw, 610px\" \/><\/a><figcaption class=\"wp-element-caption\">Direct Planning Service &#8211; Mettre en \u00e9vidence les r\u00e9servations d&#8217;un intervenant<\/figcaption><\/figure><\/div>\n\n\n<h3 class=\"wp-block-heading\">&nbsp;Filtrer des t\u00e2ches<\/h3>\n\n\n\n<p>Dans le m\u00eame esprit que la mise en \u00e9vidence qui grise les t\u00e2ches ne correspondant pas \u00e0 un crit\u00e8re, la fonction &#8220;<strong>Filtrer<\/strong>&#8221; permet de les supprimer de l&#8217;affichage courant. Ne restent donc plus \u00e0 l&#8217;\u00e9cran que les t\u00e2ches correspondant au crit\u00e8re s\u00e9lectionn\u00e9.<\/p>\n\n\n<div class=\"wp-block-image\">\n<figure class=\"aligncenter\"><a href=\"https:\/\/www.directplanning.com\/wp-content\/uploads\/2012\/06\/direct_planning_service_filtrage.png\" data-rel=\"lightbox-image-1\" data-rl_title=\"\" data-rl_caption=\"\" title=\"\"><img decoding=\"async\" width=\"610\" height=\"247\" src=\"https:\/\/www.directplanning.com\/wp-content\/uploads\/2012\/06\/direct_planning_service_filtrage-610x247.png\" alt=\"Direct Planning Service - Filtrer les r\u00e9servations d'un intervenant\" class=\"wp-image-1463\" srcset=\"https:\/\/www.directplanning.com\/wp-content\/uploads\/2012\/06\/direct_planning_service_filtrage-610x247.png 610w, https:\/\/www.directplanning.com\/wp-content\/uploads\/2012\/06\/direct_planning_service_filtrage-312x126.png 312w, https:\/\/www.directplanning.com\/wp-content\/uploads\/2012\/06\/direct_planning_service_filtrage-156x63.png 156w, https:\/\/www.directplanning.com\/wp-content\/uploads\/2012\/06\/direct_planning_service_filtrage-768x311.png 768w, https:\/\/www.directplanning.com\/wp-content\/uploads\/2012\/06\/direct_planning_service_filtrage-1536x623.png 1536w, https:\/\/www.directplanning.com\/wp-content\/uploads\/2012\/06\/direct_planning_service_filtrage-810x328.png 810w, https:\/\/www.directplanning.com\/wp-content\/uploads\/2012\/06\/direct_planning_service_filtrage-1140x462.png 1140w, https:\/\/www.directplanning.com\/wp-content\/uploads\/2012\/06\/direct_planning_service_filtrage.png 1680w\" sizes=\"(max-width: 610px) 100vw, 610px\" \/><\/a><figcaption class=\"wp-element-caption\">Direct Planning Service &#8211; Filtrer les r\u00e9servations d&#8217;un intervenant<\/figcaption><\/figure><\/div>\n\n\n<h2 class=\"wp-block-heading\">Modifier le planning : quelques actions courantes<\/h2>\n\n\n\n<h3 class=\"wp-block-heading\">Reporter une t\u00e2che<\/h3>\n\n\n\n<p>La fonction &#8220;Reporter&#8221; est tr\u00e8s utile au quotidien. En un clic vous pouvez choisir, par exemple de reporter une t\u00e2che ou un rendez-vous, dans 24h00, dans une semaine ou \u00e0 une date donn\u00e9e.<\/p>\n\n\n\n<h3 class=\"wp-block-heading\">Dupliquer une t\u00e2che<\/h3>\n\n\n\n<p>La fonction &#8220;Dupliquer&#8221; permet de dupliquer facilement un rendez-vous ou une t\u00e2che \u00e0 une date donn\u00e9e.<\/p>\n\n\n\n<h3 class=\"wp-block-heading\">Changer de ressource<\/h3>\n\n\n\n<p>Le changement de ressource est tr\u00e8s facile \u00e0 r\u00e9aliser dans <strong>Direct Planning Service<\/strong>. Vous pouvez simplement d\u00e9placer la t\u00e2che sur une autre ressource via un glisser-d\u00e9placer ou bien modifier la ressource en saisie dans le d\u00e9tail de t\u00e2che.<\/p>\n\n\n\n<p class=\"has-text-align-center\"><a class=\"mks_button mks_button_medium rounded\" href=\"https:\/\/www.directplanning.com\/fr\/planning-service\/planning-service-fonctionnalites\/\" target=\"_self\" style=\"color: #FFFFFF; background-color: #1e73be;\" > Les fonctionnalit\u00e9s Planning Service <\/a>\n","protected":false},"excerpt":{"rendered":"<p>Pour un planning service g\u00e9rant plusieurs dizaines de ressources et s&#8217;enrichissant chaque jour de plusieurs dizaines de nouvelles t\u00e2ches ou rendez-vous, la lisibilit\u00e9 et la facilit\u00e9 de navigation dans le planning sont essentielles. Aussi Direct Planning Service propose-t-il un ensemble de fonctions pour faciliter le d\u00e9placement dans le planning et la modification de celui-ci.<\/p>\n","protected":false},"author":2,"featured_media":1462,"parent":1340,"menu_order":50,"comment_status":"closed","ping_status":"open","template":"","meta":{"footnotes":""},"class_list":["post-1350","page","type-page","status-publish","has-post-thumbnail","hentry"],"yoast_head":"<!-- This site is optimized with the Yoast SEO plugin v27.5 - https:\/\/yoast.com\/product\/yoast-seo-wordpress\/ -->\n<title>Planning Service \u2013 Comment modifier un planning ? - Direct Planning<\/title>\n<meta name=\"description\" content=\"Modifiez facilement votre planning de services avec glisser-d\u00e9poser, report, duplication et filtrage des t\u00e2ches.\" \/>\n<meta name=\"robots\" content=\"index, follow, max-snippet:-1, max-image-preview:large, max-video-preview:-1\" \/>\n<link rel=\"canonical\" href=\"https:\/\/www.directplanning.com\/fr\/planning-service\/planning-service-fonctionnalites\/planning-service-comment-modifier-un-planning\/\" \/>\n<meta property=\"og:locale\" content=\"fr_FR\" \/>\n<meta property=\"og:type\" content=\"article\" \/>\n<meta property=\"og:title\" content=\"Planning Service \u2013 Comment modifier un planning ? - Direct Planning\" \/>\n<meta property=\"og:description\" content=\"Modifiez facilement votre planning de services avec glisser-d\u00e9poser, report, duplication et filtrage des t\u00e2ches.\" \/>\n<meta property=\"og:url\" content=\"https:\/\/www.directplanning.com\/fr\/planning-service\/planning-service-fonctionnalites\/planning-service-comment-modifier-un-planning\/\" \/>\n<meta property=\"og:site_name\" content=\"Direct Planning\" \/>\n<meta property=\"article:modified_time\" content=\"2025-10-03T12:46:44+00:00\" \/>\n<meta property=\"og:image\" content=\"https:\/\/www.directplanning.com\/wp-content\/uploads\/2012\/06\/direct_planning_service_mise_en_evidence.png\" \/>\n\t<meta property=\"og:image:width\" content=\"1674\" \/>\n\t<meta property=\"og:image:height\" content=\"751\" \/>\n\t<meta property=\"og:image:type\" content=\"image\/png\" \/>\n<meta name=\"twitter:card\" content=\"summary_large_image\" \/>\n<meta name=\"twitter:site\" content=\"@Direct_Planning\" \/>\n<meta name=\"twitter:label1\" content=\"Dur\u00e9e de lecture estim\u00e9e\" \/>\n\t<meta name=\"twitter:data1\" content=\"3 minutes\" \/>\n<script type=\"application\/ld+json\" class=\"yoast-schema-graph\">{\"@context\":\"https:\\\/\\\/schema.org\",\"@graph\":[{\"@type\":\"WebPage\",\"@id\":\"https:\\\/\\\/www.directplanning.com\\\/fr\\\/planning-service\\\/planning-service-fonctionnalites\\\/planning-service-comment-modifier-un-planning\\\/\",\"url\":\"https:\\\/\\\/www.directplanning.com\\\/fr\\\/planning-service\\\/planning-service-fonctionnalites\\\/planning-service-comment-modifier-un-planning\\\/\",\"name\":\"Planning Service \u2013 Comment modifier un planning ? - Direct Planning\",\"isPartOf\":{\"@id\":\"https:\\\/\\\/www.directplanning.com\\\/fr\\\/#website\"},\"primaryImageOfPage\":{\"@id\":\"https:\\\/\\\/www.directplanning.com\\\/fr\\\/planning-service\\\/planning-service-fonctionnalites\\\/planning-service-comment-modifier-un-planning\\\/#primaryimage\"},\"image\":{\"@id\":\"https:\\\/\\\/www.directplanning.com\\\/fr\\\/planning-service\\\/planning-service-fonctionnalites\\\/planning-service-comment-modifier-un-planning\\\/#primaryimage\"},\"thumbnailUrl\":\"https:\\\/\\\/www.directplanning.com\\\/wp-content\\\/uploads\\\/2012\\\/06\\\/direct_planning_service_mise_en_evidence.png\",\"datePublished\":\"2012-06-05T06:44:25+00:00\",\"dateModified\":\"2025-10-03T12:46:44+00:00\",\"description\":\"Modifiez facilement votre planning de services avec glisser-d\u00e9poser, report, duplication et filtrage des t\u00e2ches.\",\"breadcrumb\":{\"@id\":\"https:\\\/\\\/www.directplanning.com\\\/fr\\\/planning-service\\\/planning-service-fonctionnalites\\\/planning-service-comment-modifier-un-planning\\\/#breadcrumb\"},\"inLanguage\":\"fr-FR\",\"potentialAction\":[{\"@type\":\"ReadAction\",\"target\":[\"https:\\\/\\\/www.directplanning.com\\\/fr\\\/planning-service\\\/planning-service-fonctionnalites\\\/planning-service-comment-modifier-un-planning\\\/\"]}]},{\"@type\":\"ImageObject\",\"inLanguage\":\"fr-FR\",\"@id\":\"https:\\\/\\\/www.directplanning.com\\\/fr\\\/planning-service\\\/planning-service-fonctionnalites\\\/planning-service-comment-modifier-un-planning\\\/#primaryimage\",\"url\":\"https:\\\/\\\/www.directplanning.com\\\/wp-content\\\/uploads\\\/2012\\\/06\\\/direct_planning_service_mise_en_evidence.png\",\"contentUrl\":\"https:\\\/\\\/www.directplanning.com\\\/wp-content\\\/uploads\\\/2012\\\/06\\\/direct_planning_service_mise_en_evidence.png\",\"width\":1674,\"height\":751,\"caption\":\"Direct Planning Service - Mettre en \u00e9vidence les r\u00e9servations d'un intervenant\"},{\"@type\":\"BreadcrumbList\",\"@id\":\"https:\\\/\\\/www.directplanning.com\\\/fr\\\/planning-service\\\/planning-service-fonctionnalites\\\/planning-service-comment-modifier-un-planning\\\/#breadcrumb\",\"itemListElement\":[{\"@type\":\"ListItem\",\"position\":1,\"name\":\"Accueil\",\"item\":\"https:\\\/\\\/www.directplanning.com\\\/fr\\\/\"},{\"@type\":\"ListItem\",\"position\":2,\"name\":\"Direct Planning Service\",\"item\":\"https:\\\/\\\/www.directplanning.com\\\/fr\\\/planning-service\\\/\"},{\"@type\":\"ListItem\",\"position\":3,\"name\":\"Planning Service &#8211; Fonctionnalit\u00e9s\",\"item\":\"https:\\\/\\\/www.directplanning.com\\\/fr\\\/planning-service\\\/planning-service-fonctionnalites\\\/\"},{\"@type\":\"ListItem\",\"position\":4,\"name\":\"Planning Service \u2013 Comment modifier un planning ?\"}]},{\"@type\":\"WebSite\",\"@id\":\"https:\\\/\\\/www.directplanning.com\\\/fr\\\/#website\",\"url\":\"https:\\\/\\\/www.directplanning.com\\\/fr\\\/\",\"name\":\"Directplanning.com\",\"description\":\"Optimisez votre planning de production. Outil de planification intuitif et complet pour les entreprises et industries. Essai gratuit en ligne\",\"publisher\":{\"@id\":\"https:\\\/\\\/www.directplanning.com\\\/fr\\\/#organization\"},\"potentialAction\":[{\"@type\":\"SearchAction\",\"target\":{\"@type\":\"EntryPoint\",\"urlTemplate\":\"https:\\\/\\\/www.directplanning.com\\\/fr\\\/?s={search_term_string}\"},\"query-input\":{\"@type\":\"PropertyValueSpecification\",\"valueRequired\":true,\"valueName\":\"search_term_string\"}}],\"inLanguage\":\"fr-FR\"},{\"@type\":\"Organization\",\"@id\":\"https:\\\/\\\/www.directplanning.com\\\/fr\\\/#organization\",\"name\":\"Direct Planning\",\"alternateName\":\"DP\",\"url\":\"https:\\\/\\\/www.directplanning.com\\\/fr\\\/\",\"logo\":{\"@type\":\"ImageObject\",\"inLanguage\":\"fr-FR\",\"@id\":\"https:\\\/\\\/www.directplanning.com\\\/fr\\\/#\\\/schema\\\/logo\\\/image\\\/\",\"url\":\"https:\\\/\\\/www.directplanning.com\\\/wp-content\\\/uploads\\\/2023\\\/08\\\/DirectPlanIcone.bmp\",\"contentUrl\":\"https:\\\/\\\/www.directplanning.com\\\/wp-content\\\/uploads\\\/2023\\\/08\\\/DirectPlanIcone.bmp\",\"width\":320,\"height\":355,\"caption\":\"Direct Planning\"},\"image\":{\"@id\":\"https:\\\/\\\/www.directplanning.com\\\/fr\\\/#\\\/schema\\\/logo\\\/image\\\/\"},\"sameAs\":[\"https:\\\/\\\/x.com\\\/Direct_Planning\",\"https:\\\/\\\/www.linkedin.com\\\/showcase\\\/direct-planning\\\/posts\\\/?feedView=all\",\"https:\\\/\\\/www.youtube.com\\\/user\\\/VolumeSoftware\"]}]}<\/script>\n<!-- \/ Yoast SEO plugin. -->","yoast_head_json":{"title":"Planning Service \u2013 Comment modifier un planning ? - Direct Planning","description":"Modifiez facilement votre planning de services avec glisser-d\u00e9poser, report, duplication et filtrage des t\u00e2ches.","robots":{"index":"index","follow":"follow","max-snippet":"max-snippet:-1","max-image-preview":"max-image-preview:large","max-video-preview":"max-video-preview:-1"},"canonical":"https:\/\/www.directplanning.com\/fr\/planning-service\/planning-service-fonctionnalites\/planning-service-comment-modifier-un-planning\/","og_locale":"fr_FR","og_type":"article","og_title":"Planning Service \u2013 Comment modifier un planning ? - Direct Planning","og_description":"Modifiez facilement votre planning de services avec glisser-d\u00e9poser, report, duplication et filtrage des t\u00e2ches.","og_url":"https:\/\/www.directplanning.com\/fr\/planning-service\/planning-service-fonctionnalites\/planning-service-comment-modifier-un-planning\/","og_site_name":"Direct Planning","article_modified_time":"2025-10-03T12:46:44+00:00","og_image":[{"width":1674,"height":751,"url":"https:\/\/www.directplanning.com\/wp-content\/uploads\/2012\/06\/direct_planning_service_mise_en_evidence.png","type":"image\/png"}],"twitter_card":"summary_large_image","twitter_site":"@Direct_Planning","twitter_misc":{"Dur\u00e9e de lecture estim\u00e9e":"3 minutes"},"schema":{"@context":"https:\/\/schema.org","@graph":[{"@type":"WebPage","@id":"https:\/\/www.directplanning.com\/fr\/planning-service\/planning-service-fonctionnalites\/planning-service-comment-modifier-un-planning\/","url":"https:\/\/www.directplanning.com\/fr\/planning-service\/planning-service-fonctionnalites\/planning-service-comment-modifier-un-planning\/","name":"Planning Service \u2013 Comment modifier un planning ? - Direct Planning","isPartOf":{"@id":"https:\/\/www.directplanning.com\/fr\/#website"},"primaryImageOfPage":{"@id":"https:\/\/www.directplanning.com\/fr\/planning-service\/planning-service-fonctionnalites\/planning-service-comment-modifier-un-planning\/#primaryimage"},"image":{"@id":"https:\/\/www.directplanning.com\/fr\/planning-service\/planning-service-fonctionnalites\/planning-service-comment-modifier-un-planning\/#primaryimage"},"thumbnailUrl":"https:\/\/www.directplanning.com\/wp-content\/uploads\/2012\/06\/direct_planning_service_mise_en_evidence.png","datePublished":"2012-06-05T06:44:25+00:00","dateModified":"2025-10-03T12:46:44+00:00","description":"Modifiez facilement votre planning de services avec glisser-d\u00e9poser, report, duplication et filtrage des t\u00e2ches.","breadcrumb":{"@id":"https:\/\/www.directplanning.com\/fr\/planning-service\/planning-service-fonctionnalites\/planning-service-comment-modifier-un-planning\/#breadcrumb"},"inLanguage":"fr-FR","potentialAction":[{"@type":"ReadAction","target":["https:\/\/www.directplanning.com\/fr\/planning-service\/planning-service-fonctionnalites\/planning-service-comment-modifier-un-planning\/"]}]},{"@type":"ImageObject","inLanguage":"fr-FR","@id":"https:\/\/www.directplanning.com\/fr\/planning-service\/planning-service-fonctionnalites\/planning-service-comment-modifier-un-planning\/#primaryimage","url":"https:\/\/www.directplanning.com\/wp-content\/uploads\/2012\/06\/direct_planning_service_mise_en_evidence.png","contentUrl":"https:\/\/www.directplanning.com\/wp-content\/uploads\/2012\/06\/direct_planning_service_mise_en_evidence.png","width":1674,"height":751,"caption":"Direct Planning Service - Mettre en \u00e9vidence les r\u00e9servations d'un intervenant"},{"@type":"BreadcrumbList","@id":"https:\/\/www.directplanning.com\/fr\/planning-service\/planning-service-fonctionnalites\/planning-service-comment-modifier-un-planning\/#breadcrumb","itemListElement":[{"@type":"ListItem","position":1,"name":"Accueil","item":"https:\/\/www.directplanning.com\/fr\/"},{"@type":"ListItem","position":2,"name":"Direct Planning Service","item":"https:\/\/www.directplanning.com\/fr\/planning-service\/"},{"@type":"ListItem","position":3,"name":"Planning Service &#8211; Fonctionnalit\u00e9s","item":"https:\/\/www.directplanning.com\/fr\/planning-service\/planning-service-fonctionnalites\/"},{"@type":"ListItem","position":4,"name":"Planning Service \u2013 Comment modifier un planning ?"}]},{"@type":"WebSite","@id":"https:\/\/www.directplanning.com\/fr\/#website","url":"https:\/\/www.directplanning.com\/fr\/","name":"Directplanning.com","description":"Optimisez votre planning de production. Outil de planification intuitif et complet pour les entreprises et industries. Essai gratuit en ligne","publisher":{"@id":"https:\/\/www.directplanning.com\/fr\/#organization"},"potentialAction":[{"@type":"SearchAction","target":{"@type":"EntryPoint","urlTemplate":"https:\/\/www.directplanning.com\/fr\/?s={search_term_string}"},"query-input":{"@type":"PropertyValueSpecification","valueRequired":true,"valueName":"search_term_string"}}],"inLanguage":"fr-FR"},{"@type":"Organization","@id":"https:\/\/www.directplanning.com\/fr\/#organization","name":"Direct Planning","alternateName":"DP","url":"https:\/\/www.directplanning.com\/fr\/","logo":{"@type":"ImageObject","inLanguage":"fr-FR","@id":"https:\/\/www.directplanning.com\/fr\/#\/schema\/logo\/image\/","url":"https:\/\/www.directplanning.com\/wp-content\/uploads\/2023\/08\/DirectPlanIcone.bmp","contentUrl":"https:\/\/www.directplanning.com\/wp-content\/uploads\/2023\/08\/DirectPlanIcone.bmp","width":320,"height":355,"caption":"Direct Planning"},"image":{"@id":"https:\/\/www.directplanning.com\/fr\/#\/schema\/logo\/image\/"},"sameAs":["https:\/\/x.com\/Direct_Planning","https:\/\/www.linkedin.com\/showcase\/direct-planning\/posts\/?feedView=all","https:\/\/www.youtube.com\/user\/VolumeSoftware"]}]}},"_links":{"self":[{"href":"https:\/\/www.directplanning.com\/fr\/wp-json\/wp\/v2\/pages\/1350","targetHints":{"allow":["GET"]}}],"collection":[{"href":"https:\/\/www.directplanning.com\/fr\/wp-json\/wp\/v2\/pages"}],"about":[{"href":"https:\/\/www.directplanning.com\/fr\/wp-json\/wp\/v2\/types\/page"}],"author":[{"embeddable":true,"href":"https:\/\/www.directplanning.com\/fr\/wp-json\/wp\/v2\/users\/2"}],"replies":[{"embeddable":true,"href":"https:\/\/www.directplanning.com\/fr\/wp-json\/wp\/v2\/comments?post=1350"}],"version-history":[{"count":0,"href":"https:\/\/www.directplanning.com\/fr\/wp-json\/wp\/v2\/pages\/1350\/revisions"}],"up":[{"embeddable":true,"href":"https:\/\/www.directplanning.com\/fr\/wp-json\/wp\/v2\/pages\/1340"}],"wp:featuredmedia":[{"embeddable":true,"href":"https:\/\/www.directplanning.com\/fr\/wp-json\/wp\/v2\/media\/1462"}],"wp:attachment":[{"href":"https:\/\/www.directplanning.com\/fr\/wp-json\/wp\/v2\/media?parent=1350"}],"curies":[{"name":"wp","href":"https:\/\/api.w.org\/{rel}","templated":true}]}}