{"id":1348,"date":"2012-06-05T06:43:51","date_gmt":"2012-06-05T06:43:51","guid":{"rendered":"https:\/\/www.directplanning.com\/?page_id=1348"},"modified":"2025-10-03T14:44:50","modified_gmt":"2025-10-03T12:44:50","slug":"planning-service-les-marqueurs-visuels","status":"publish","type":"page","link":"https:\/\/www.directplanning.com\/fr\/planning-service\/planning-service-fonctionnalites\/planning-service-les-marqueurs-visuels\/","title":{"rendered":"Planning Service \u2013 Les marqueurs visuels"},"content":{"rendered":"\n<p>Les <strong>marqueurs visuels<\/strong> sont la transcription informatique de ce que les responsables de plannings muraux utilisent depuis fort longtemps sur leur t\u00e2ches cartonn\u00e9es : une gommette, un coup de feutre fluo, un trombone de couleur, un coin d\u00e9coup\u00e9, etc.<\/p>\n\n\n\n<p>Dans <strong>Direct Planning Service<\/strong>, les marqueurs sont des indicateurs visuels destin\u00e9s \u00e0 attirer l&#8217;attention du planificateur sur l&#8217;\u00e9tat d&#8217;une t\u00e2che. Concr\u00e8tement ce sont des <strong>rectangles color\u00e9s<\/strong> positionn\u00e9s au-dessus de la t\u00e2che ou \u00e0 l&#8217;int\u00e9rieur de celle-ci sur sa droite. La couleur et la trame de fond sont configurables en fonction de l&#8217;\u00e9tat du marqueur. Vous pouvez configurer jusqu&#8217;\u00e0 10 marqueurs. Il existe diff\u00e9rents types de marqueurs.<\/p>\n\n\n\n<!--more-->\n\n\n\n<p>Les marqueurs sont des \u00e9l\u00e9ments importants de la <strong><a title=\"Planning Service \u2013 Configurable pour votre m\u00e9tier\" href=\"https:\/\/www.directplanning.com\/fr\/planning-service\/planning-service-fonctionnalites\/planning-service-configurable-pour-votre-metier\/\">configuration du planning<\/a> pour votre m\u00e9tier<\/strong>.<\/p>\n\n\n<div class=\"wp-block-image\">\n<figure class=\"aligncenter\"><a href=\"https:\/\/www.directplanning.com\/wp-content\/uploads\/2012\/06\/direct_planning_service_marqueurs.png\" data-rel=\"lightbox-image-0\" data-rl_title=\"\" data-rl_caption=\"\" title=\"\"><img decoding=\"async\" src=\"https:\/\/www.directplanning.com\/wp-content\/uploads\/2012\/06\/direct_planning_service_marqueurs-610x76.png\" alt=\"Direct Planning Service - Les marqueurs\" class=\"wp-image-1459\"\/><\/a><figcaption class=\"wp-element-caption\">Direct Planning Service &#8211; Les marqueurs<\/figcaption><\/figure><\/div>\n\n\n<h2 class=\"wp-block-heading\">Les diff\u00e9rents types de marqueurs<\/h2>\n\n\n\n<h3 class=\"wp-block-heading\">Les marqueurs simples<\/h3>\n\n\n\n<p>Ils ont uniquement deux \u00e9tats : pr\u00e9sent ou absent sur une t\u00e2che.<\/p>\n\n\n\n<p>Exemples :<\/p>\n\n\n\n<ul class=\"wp-block-list\">\n<li><strong>Pr\u00e9voir plateau-repas, <\/strong>pour un planning de<strong> r\u00e9servation de salles<br><\/strong><\/li>\n\n\n\n<li><strong>Arriv\u00e9e tardive<\/strong>, pour un planning de <strong>r\u00e9servation de voiture<\/strong><\/li>\n<\/ul>\n\n\n<div class=\"wp-block-image\">\n<figure class=\"aligncenter\"><a href=\"https:\/\/www.directplanning.com\/wp-content\/uploads\/2012\/06\/direct_planning_service_marqueurs_saisie.png\" data-rel=\"lightbox-image-1\" data-rl_title=\"\" data-rl_caption=\"\" title=\"\"><img decoding=\"async\" width=\"312\" height=\"229\" src=\"https:\/\/www.directplanning.com\/wp-content\/uploads\/2012\/06\/direct_planning_service_marqueurs_saisie-312x229.png\" alt=\"Direct Planning Service - L'activation d'un marqueur simple\" class=\"wp-image-1460\" srcset=\"https:\/\/www.directplanning.com\/wp-content\/uploads\/2012\/06\/direct_planning_service_marqueurs_saisie-312x229.png 312w, https:\/\/www.directplanning.com\/wp-content\/uploads\/2012\/06\/direct_planning_service_marqueurs_saisie-156x115.png 156w, https:\/\/www.directplanning.com\/wp-content\/uploads\/2012\/06\/direct_planning_service_marqueurs_saisie.png 471w\" sizes=\"(max-width: 312px) 100vw, 312px\" \/><\/a><figcaption class=\"wp-element-caption\">Direct Planning Service &#8211; L&#8217;activation d&#8217;un marqueur simple<\/figcaption><\/figure><\/div>\n\n\n<h3 class=\"wp-block-heading\">Les marqueurs multi-\u00e9tats<\/h3>\n\n\n\n<p>Ils peuvent avoir chacun jusqu&#8217;\u00e0 5 \u00e9tats. A chaque \u00e9tat est associ\u00e9e une couleur diff\u00e9rente. La symbolique des feux tricolores rouge\/orange\/vert est souvent employ\u00e9e.<\/p>\n\n\n\n<p>Exemples :<\/p>\n\n\n\n<ul class=\"wp-block-list\">\n<li><strong>Statut de la r\u00e9servation <\/strong>(avec les \u00e9tats : &#8220;R\u00e9servation non confirm\u00e9e&#8221;, &#8220;R\u00e9servation confirm\u00e9e en interne&#8221;, &#8220;R\u00e9servation confirm\u00e9e client&#8221;).<\/li>\n<\/ul>\n\n\n\n<h3 class=\"wp-block-heading\">Les marqueurs multi-\u00e9tats avec attente de r\u00e9ception d&#8217;\u00e9l\u00e9ment<\/h3>\n\n\n\n<p>Cette extension des marqueurs multi-\u00e9tats est sp\u00e9cifiquement pens\u00e9e pour des marqueurs o\u00f9 vous indiquez <strong>attendre un \u00e9l\u00e9ment<\/strong> pour le <strong>r\u00e9alisation d&#8217;une t\u00e2che<\/strong> (Attente de r\u00e9ception d&#8217;une maquette ou d&#8217;un document d&#8217;analyse sign\u00e9).<\/p>\n\n\n\n<p>Vous pouvez indiquer une date de r\u00e9ception pr\u00e9vue pour cet \u00e9l\u00e9ment et <strong>\u00eatre averti par une alerte<\/strong> \u00e0 cette date, <strong>si l&#8217;\u00e9l\u00e9ment n&#8217;a pas \u00e9t\u00e9 r\u00e9ceptionn\u00e9<\/strong>.<\/p>\n\n\n\n<h2 class=\"wp-block-heading\">Saisie de donn\u00e9es personnalisables pour chaque marqueur<\/h2>\n\n\n\n<p>Pour les marqueurs multi-\u00e9tats, vous pouvez personnaliser la fen\u00eatre de saisie des marqueurs en lui ajoutant jusqu&#8217;\u00e0 <strong>10 zones configurables<\/strong>.<\/p>\n\n\n\n<p class=\"has-text-align-center\"><a class=\"mks_button mks_button_medium rounded\" href=\"https:\/\/www.directplanning.com\/fr\/planning-service\/planning-service-fonctionnalites\/\" target=\"_self\" style=\"color: #FFFFFF; background-color: #1e73be;\" > Les fonctionnalit\u00e9s Planning Service <\/a>\n","protected":false},"excerpt":{"rendered":"<p>Les marqueurs visuels sont la transcription informatique de ce que les responsables de plannings muraux utilisent depuis fort longtemps sur leur t\u00e2ches cartonn\u00e9es : une gommette, un coup de feutre fluo, un trombone de couleur, un coin d\u00e9coup\u00e9, etc. Dans Direct Planning Service, les marqueurs sont des indicateurs visuels destin\u00e9s \u00e0 attirer l&#8217;attention du planificateur [&hellip;]<\/p>\n","protected":false},"author":2,"featured_media":1459,"parent":1340,"menu_order":40,"comment_status":"closed","ping_status":"open","template":"","meta":{"footnotes":""},"class_list":["post-1348","page","type-page","status-publish","has-post-thumbnail","hentry"],"yoast_head":"<!-- This site is optimized with the Yoast SEO plugin v27.4 - https:\/\/yoast.com\/product\/yoast-seo-wordpress\/ -->\n<title>Planning Service \u2013 Les marqueurs visuels - Direct Planning<\/title>\n<meta name=\"description\" content=\"Ajoutez jusqu\u2019\u00e0 10 marqueurs visuels configurables \u00e0 vos t\u00e2ches, simples ou multi-\u00e9tats, pour un suivi clair et personnalis\u00e9.\" \/>\n<meta name=\"robots\" content=\"index, follow, max-snippet:-1, max-image-preview:large, max-video-preview:-1\" \/>\n<link rel=\"canonical\" href=\"https:\/\/www.directplanning.com\/fr\/planning-service\/planning-service-fonctionnalites\/planning-service-les-marqueurs-visuels\/\" \/>\n<meta property=\"og:locale\" content=\"fr_FR\" \/>\n<meta property=\"og:type\" content=\"article\" \/>\n<meta property=\"og:title\" content=\"Planning Service \u2013 Les marqueurs visuels - Direct Planning\" \/>\n<meta property=\"og:description\" content=\"Ajoutez jusqu\u2019\u00e0 10 marqueurs visuels configurables \u00e0 vos t\u00e2ches, simples ou multi-\u00e9tats, pour un suivi clair et personnalis\u00e9.\" \/>\n<meta property=\"og:url\" content=\"https:\/\/www.directplanning.com\/fr\/planning-service\/planning-service-fonctionnalites\/planning-service-les-marqueurs-visuels\/\" \/>\n<meta property=\"og:site_name\" content=\"Direct Planning\" \/>\n<meta property=\"article:modified_time\" content=\"2025-10-03T12:44:50+00:00\" \/>\n<meta property=\"og:image\" content=\"https:\/\/www.directplanning.com\/wp-content\/uploads\/2012\/06\/direct_planning_service_marqueurs.png\" \/>\n\t<meta property=\"og:image:width\" content=\"642\" \/>\n\t<meta property=\"og:image:height\" content=\"81\" \/>\n\t<meta property=\"og:image:type\" content=\"image\/png\" \/>\n<meta name=\"twitter:card\" content=\"summary_large_image\" \/>\n<meta name=\"twitter:site\" content=\"@Direct_Planning\" \/>\n<meta name=\"twitter:label1\" content=\"Dur\u00e9e de lecture estim\u00e9e\" \/>\n\t<meta name=\"twitter:data1\" content=\"3 minutes\" \/>\n<script type=\"application\/ld+json\" class=\"yoast-schema-graph\">{\"@context\":\"https:\\\/\\\/schema.org\",\"@graph\":[{\"@type\":\"WebPage\",\"@id\":\"https:\\\/\\\/www.directplanning.com\\\/fr\\\/planning-service\\\/planning-service-fonctionnalites\\\/planning-service-les-marqueurs-visuels\\\/\",\"url\":\"https:\\\/\\\/www.directplanning.com\\\/fr\\\/planning-service\\\/planning-service-fonctionnalites\\\/planning-service-les-marqueurs-visuels\\\/\",\"name\":\"Planning Service \u2013 Les marqueurs visuels - Direct Planning\",\"isPartOf\":{\"@id\":\"https:\\\/\\\/www.directplanning.com\\\/fr\\\/#website\"},\"primaryImageOfPage\":{\"@id\":\"https:\\\/\\\/www.directplanning.com\\\/fr\\\/planning-service\\\/planning-service-fonctionnalites\\\/planning-service-les-marqueurs-visuels\\\/#primaryimage\"},\"image\":{\"@id\":\"https:\\\/\\\/www.directplanning.com\\\/fr\\\/planning-service\\\/planning-service-fonctionnalites\\\/planning-service-les-marqueurs-visuels\\\/#primaryimage\"},\"thumbnailUrl\":\"https:\\\/\\\/www.directplanning.com\\\/wp-content\\\/uploads\\\/2012\\\/06\\\/direct_planning_service_marqueurs.png\",\"datePublished\":\"2012-06-05T06:43:51+00:00\",\"dateModified\":\"2025-10-03T12:44:50+00:00\",\"description\":\"Ajoutez jusqu\u2019\u00e0 10 marqueurs visuels configurables \u00e0 vos t\u00e2ches, simples ou multi-\u00e9tats, pour un suivi clair et personnalis\u00e9.\",\"breadcrumb\":{\"@id\":\"https:\\\/\\\/www.directplanning.com\\\/fr\\\/planning-service\\\/planning-service-fonctionnalites\\\/planning-service-les-marqueurs-visuels\\\/#breadcrumb\"},\"inLanguage\":\"fr-FR\",\"potentialAction\":[{\"@type\":\"ReadAction\",\"target\":[\"https:\\\/\\\/www.directplanning.com\\\/fr\\\/planning-service\\\/planning-service-fonctionnalites\\\/planning-service-les-marqueurs-visuels\\\/\"]}]},{\"@type\":\"ImageObject\",\"inLanguage\":\"fr-FR\",\"@id\":\"https:\\\/\\\/www.directplanning.com\\\/fr\\\/planning-service\\\/planning-service-fonctionnalites\\\/planning-service-les-marqueurs-visuels\\\/#primaryimage\",\"url\":\"https:\\\/\\\/www.directplanning.com\\\/wp-content\\\/uploads\\\/2012\\\/06\\\/direct_planning_service_marqueurs.png\",\"contentUrl\":\"https:\\\/\\\/www.directplanning.com\\\/wp-content\\\/uploads\\\/2012\\\/06\\\/direct_planning_service_marqueurs.png\",\"width\":642,\"height\":81,\"caption\":\"Direct Planning Service - Les marqueurs\"},{\"@type\":\"BreadcrumbList\",\"@id\":\"https:\\\/\\\/www.directplanning.com\\\/fr\\\/planning-service\\\/planning-service-fonctionnalites\\\/planning-service-les-marqueurs-visuels\\\/#breadcrumb\",\"itemListElement\":[{\"@type\":\"ListItem\",\"position\":1,\"name\":\"Accueil\",\"item\":\"https:\\\/\\\/www.directplanning.com\\\/fr\\\/\"},{\"@type\":\"ListItem\",\"position\":2,\"name\":\"Direct Planning Service\",\"item\":\"https:\\\/\\\/www.directplanning.com\\\/fr\\\/planning-service\\\/\"},{\"@type\":\"ListItem\",\"position\":3,\"name\":\"Planning Service &#8211; Fonctionnalit\u00e9s\",\"item\":\"https:\\\/\\\/www.directplanning.com\\\/fr\\\/planning-service\\\/planning-service-fonctionnalites\\\/\"},{\"@type\":\"ListItem\",\"position\":4,\"name\":\"Planning Service \u2013 Les marqueurs visuels\"}]},{\"@type\":\"WebSite\",\"@id\":\"https:\\\/\\\/www.directplanning.com\\\/fr\\\/#website\",\"url\":\"https:\\\/\\\/www.directplanning.com\\\/fr\\\/\",\"name\":\"Directplanning.com\",\"description\":\"Optimisez votre planning de production. Outil de planification intuitif et complet pour les entreprises et industries. Essai gratuit en ligne\",\"publisher\":{\"@id\":\"https:\\\/\\\/www.directplanning.com\\\/fr\\\/#organization\"},\"potentialAction\":[{\"@type\":\"SearchAction\",\"target\":{\"@type\":\"EntryPoint\",\"urlTemplate\":\"https:\\\/\\\/www.directplanning.com\\\/fr\\\/?s={search_term_string}\"},\"query-input\":{\"@type\":\"PropertyValueSpecification\",\"valueRequired\":true,\"valueName\":\"search_term_string\"}}],\"inLanguage\":\"fr-FR\"},{\"@type\":\"Organization\",\"@id\":\"https:\\\/\\\/www.directplanning.com\\\/fr\\\/#organization\",\"name\":\"Direct Planning\",\"alternateName\":\"DP\",\"url\":\"https:\\\/\\\/www.directplanning.com\\\/fr\\\/\",\"logo\":{\"@type\":\"ImageObject\",\"inLanguage\":\"fr-FR\",\"@id\":\"https:\\\/\\\/www.directplanning.com\\\/fr\\\/#\\\/schema\\\/logo\\\/image\\\/\",\"url\":\"https:\\\/\\\/www.directplanning.com\\\/wp-content\\\/uploads\\\/2023\\\/08\\\/DirectPlanIcone.bmp\",\"contentUrl\":\"https:\\\/\\\/www.directplanning.com\\\/wp-content\\\/uploads\\\/2023\\\/08\\\/DirectPlanIcone.bmp\",\"width\":320,\"height\":355,\"caption\":\"Direct Planning\"},\"image\":{\"@id\":\"https:\\\/\\\/www.directplanning.com\\\/fr\\\/#\\\/schema\\\/logo\\\/image\\\/\"},\"sameAs\":[\"https:\\\/\\\/x.com\\\/Direct_Planning\",\"https:\\\/\\\/www.linkedin.com\\\/showcase\\\/direct-planning\\\/posts\\\/?feedView=all\",\"https:\\\/\\\/www.youtube.com\\\/user\\\/VolumeSoftware\"]}]}<\/script>\n<!-- \/ Yoast SEO plugin. -->","yoast_head_json":{"title":"Planning Service \u2013 Les marqueurs visuels - Direct Planning","description":"Ajoutez jusqu\u2019\u00e0 10 marqueurs visuels configurables \u00e0 vos t\u00e2ches, simples ou multi-\u00e9tats, pour un suivi clair et personnalis\u00e9.","robots":{"index":"index","follow":"follow","max-snippet":"max-snippet:-1","max-image-preview":"max-image-preview:large","max-video-preview":"max-video-preview:-1"},"canonical":"https:\/\/www.directplanning.com\/fr\/planning-service\/planning-service-fonctionnalites\/planning-service-les-marqueurs-visuels\/","og_locale":"fr_FR","og_type":"article","og_title":"Planning Service \u2013 Les marqueurs visuels - Direct Planning","og_description":"Ajoutez jusqu\u2019\u00e0 10 marqueurs visuels configurables \u00e0 vos t\u00e2ches, simples ou multi-\u00e9tats, pour un suivi clair et personnalis\u00e9.","og_url":"https:\/\/www.directplanning.com\/fr\/planning-service\/planning-service-fonctionnalites\/planning-service-les-marqueurs-visuels\/","og_site_name":"Direct Planning","article_modified_time":"2025-10-03T12:44:50+00:00","og_image":[{"width":642,"height":81,"url":"https:\/\/www.directplanning.com\/wp-content\/uploads\/2012\/06\/direct_planning_service_marqueurs.png","type":"image\/png"}],"twitter_card":"summary_large_image","twitter_site":"@Direct_Planning","twitter_misc":{"Dur\u00e9e de lecture estim\u00e9e":"3 minutes"},"schema":{"@context":"https:\/\/schema.org","@graph":[{"@type":"WebPage","@id":"https:\/\/www.directplanning.com\/fr\/planning-service\/planning-service-fonctionnalites\/planning-service-les-marqueurs-visuels\/","url":"https:\/\/www.directplanning.com\/fr\/planning-service\/planning-service-fonctionnalites\/planning-service-les-marqueurs-visuels\/","name":"Planning Service \u2013 Les marqueurs visuels - Direct Planning","isPartOf":{"@id":"https:\/\/www.directplanning.com\/fr\/#website"},"primaryImageOfPage":{"@id":"https:\/\/www.directplanning.com\/fr\/planning-service\/planning-service-fonctionnalites\/planning-service-les-marqueurs-visuels\/#primaryimage"},"image":{"@id":"https:\/\/www.directplanning.com\/fr\/planning-service\/planning-service-fonctionnalites\/planning-service-les-marqueurs-visuels\/#primaryimage"},"thumbnailUrl":"https:\/\/www.directplanning.com\/wp-content\/uploads\/2012\/06\/direct_planning_service_marqueurs.png","datePublished":"2012-06-05T06:43:51+00:00","dateModified":"2025-10-03T12:44:50+00:00","description":"Ajoutez jusqu\u2019\u00e0 10 marqueurs visuels configurables \u00e0 vos t\u00e2ches, simples ou multi-\u00e9tats, pour un suivi clair et personnalis\u00e9.","breadcrumb":{"@id":"https:\/\/www.directplanning.com\/fr\/planning-service\/planning-service-fonctionnalites\/planning-service-les-marqueurs-visuels\/#breadcrumb"},"inLanguage":"fr-FR","potentialAction":[{"@type":"ReadAction","target":["https:\/\/www.directplanning.com\/fr\/planning-service\/planning-service-fonctionnalites\/planning-service-les-marqueurs-visuels\/"]}]},{"@type":"ImageObject","inLanguage":"fr-FR","@id":"https:\/\/www.directplanning.com\/fr\/planning-service\/planning-service-fonctionnalites\/planning-service-les-marqueurs-visuels\/#primaryimage","url":"https:\/\/www.directplanning.com\/wp-content\/uploads\/2012\/06\/direct_planning_service_marqueurs.png","contentUrl":"https:\/\/www.directplanning.com\/wp-content\/uploads\/2012\/06\/direct_planning_service_marqueurs.png","width":642,"height":81,"caption":"Direct Planning Service - Les marqueurs"},{"@type":"BreadcrumbList","@id":"https:\/\/www.directplanning.com\/fr\/planning-service\/planning-service-fonctionnalites\/planning-service-les-marqueurs-visuels\/#breadcrumb","itemListElement":[{"@type":"ListItem","position":1,"name":"Accueil","item":"https:\/\/www.directplanning.com\/fr\/"},{"@type":"ListItem","position":2,"name":"Direct Planning Service","item":"https:\/\/www.directplanning.com\/fr\/planning-service\/"},{"@type":"ListItem","position":3,"name":"Planning Service &#8211; Fonctionnalit\u00e9s","item":"https:\/\/www.directplanning.com\/fr\/planning-service\/planning-service-fonctionnalites\/"},{"@type":"ListItem","position":4,"name":"Planning Service \u2013 Les marqueurs visuels"}]},{"@type":"WebSite","@id":"https:\/\/www.directplanning.com\/fr\/#website","url":"https:\/\/www.directplanning.com\/fr\/","name":"Directplanning.com","description":"Optimisez votre planning de production. Outil de planification intuitif et complet pour les entreprises et industries. Essai gratuit en ligne","publisher":{"@id":"https:\/\/www.directplanning.com\/fr\/#organization"},"potentialAction":[{"@type":"SearchAction","target":{"@type":"EntryPoint","urlTemplate":"https:\/\/www.directplanning.com\/fr\/?s={search_term_string}"},"query-input":{"@type":"PropertyValueSpecification","valueRequired":true,"valueName":"search_term_string"}}],"inLanguage":"fr-FR"},{"@type":"Organization","@id":"https:\/\/www.directplanning.com\/fr\/#organization","name":"Direct Planning","alternateName":"DP","url":"https:\/\/www.directplanning.com\/fr\/","logo":{"@type":"ImageObject","inLanguage":"fr-FR","@id":"https:\/\/www.directplanning.com\/fr\/#\/schema\/logo\/image\/","url":"https:\/\/www.directplanning.com\/wp-content\/uploads\/2023\/08\/DirectPlanIcone.bmp","contentUrl":"https:\/\/www.directplanning.com\/wp-content\/uploads\/2023\/08\/DirectPlanIcone.bmp","width":320,"height":355,"caption":"Direct Planning"},"image":{"@id":"https:\/\/www.directplanning.com\/fr\/#\/schema\/logo\/image\/"},"sameAs":["https:\/\/x.com\/Direct_Planning","https:\/\/www.linkedin.com\/showcase\/direct-planning\/posts\/?feedView=all","https:\/\/www.youtube.com\/user\/VolumeSoftware"]}]}},"_links":{"self":[{"href":"https:\/\/www.directplanning.com\/fr\/wp-json\/wp\/v2\/pages\/1348","targetHints":{"allow":["GET"]}}],"collection":[{"href":"https:\/\/www.directplanning.com\/fr\/wp-json\/wp\/v2\/pages"}],"about":[{"href":"https:\/\/www.directplanning.com\/fr\/wp-json\/wp\/v2\/types\/page"}],"author":[{"embeddable":true,"href":"https:\/\/www.directplanning.com\/fr\/wp-json\/wp\/v2\/users\/2"}],"replies":[{"embeddable":true,"href":"https:\/\/www.directplanning.com\/fr\/wp-json\/wp\/v2\/comments?post=1348"}],"version-history":[{"count":0,"href":"https:\/\/www.directplanning.com\/fr\/wp-json\/wp\/v2\/pages\/1348\/revisions"}],"up":[{"embeddable":true,"href":"https:\/\/www.directplanning.com\/fr\/wp-json\/wp\/v2\/pages\/1340"}],"wp:featuredmedia":[{"embeddable":true,"href":"https:\/\/www.directplanning.com\/fr\/wp-json\/wp\/v2\/media\/1459"}],"wp:attachment":[{"href":"https:\/\/www.directplanning.com\/fr\/wp-json\/wp\/v2\/media?parent=1348"}],"curies":[{"name":"wp","href":"https:\/\/api.w.org\/{rel}","templated":true}]}}