{"id":1346,"date":"2012-06-05T06:43:12","date_gmt":"2012-06-05T06:43:12","guid":{"rendered":"https:\/\/www.directplanning.com\/?page_id=1346"},"modified":"2025-10-03T12:28:59","modified_gmt":"2025-10-03T10:28:59","slug":"planning-service-configurable-pour-votre-metier","status":"publish","type":"page","link":"https:\/\/www.directplanning.com\/fr\/planning-service\/planning-service-fonctionnalites\/planning-service-configurable-pour-votre-metier\/","title":{"rendered":"Planning Service &#8211; Configurable pour votre m\u00e9tier"},"content":{"rendered":"\n<p><strong>Direct Planning Service <\/strong>permet de <strong>configurer les donn\u00e9es m\u00e9tier<\/strong> dont vous avez besoin pour la planification. Que les t\u00e2ches soient saisies manuellement ou <a title=\"Planning Service \u2013 Interface avec votre syst\u00e8me d\u2019information\" href=\"https:\/\/www.directplanning.com\/fr\/planning-service\/planning-service-fonctionnalites\/planning-service-interface-avec-votre-systeme-dinformation\/\">import\u00e9es directement depuis votre syst\u00e8me d&#8217;information<\/a>, vous trouverez ces donn\u00e9es m\u00e9tiers au niveau de chacune des t\u00e2ches planifi\u00e9es.<\/p>\n\n\n\n<p><strong>Direct Planning Service <\/strong>propose plusieurs structures de donn\u00e9es configurables : les <a title=\"Planning Service \u2013 La ressource planifi\u00e9e\" href=\"https:\/\/www.directplanning.com\/fr\/planning-service\/planning-service-fonctionnalites\/planning-service-la-ressource-planifiee\/\">ressources<\/a>, les entit\u00e9s, les zones configurables de la t\u00e2che et les <strong><a title=\"Planning Service \u2013 Les marqueurs visuels\" href=\"https:\/\/www.directplanning.com\/fr\/planning-service\/planning-service-fonctionnalites\/planning-service-les-marqueurs-visuels\/\">marqueurs<\/a><\/strong>.<\/p>\n\n\n\n<!--more-->\n\n\n\n<h2 class=\"wp-block-heading\">Les entit\u00e9s : vos donn\u00e9es structur\u00e9es personnalisables<\/h2>\n\n\n\n<p>Les entit\u00e9s vous permettent de mod\u00e9liser des listes de donn\u00e9es structur\u00e9es. Vous pouvez configurer jusqu&#8217;\u00e0 10 entit\u00e9s.<\/p>\n\n\n\n<p><strong>Exemples d&#8217;entit\u00e9s :<\/strong>&nbsp;le client, le motif de r\u00e9servation, l&#8217;intervenant, etc &#8230;<\/p>\n\n\n<div class=\"wp-block-image\">\n<figure class=\"aligncenter\"><a href=\"https:\/\/www.directplanning.com\/wp-content\/uploads\/2012\/06\/direct_planning_service_entite_reserve_par.png\" data-rel=\"lightbox-image-0\" data-rl_title=\"\" data-rl_caption=\"\" title=\"\"><img decoding=\"async\" width=\"610\" height=\"446\" src=\"https:\/\/www.directplanning.com\/wp-content\/uploads\/2012\/06\/direct_planning_service_entite_reserve_par-610x446.png\" alt=\"Direct Planning Service - Exemple d'entit\u00e9 : l'intervenant ayant r\u00e9serv\u00e9 la salle\" class=\"wp-image-1456\" srcset=\"https:\/\/www.directplanning.com\/wp-content\/uploads\/2012\/06\/direct_planning_service_entite_reserve_par-610x446.png 610w, https:\/\/www.directplanning.com\/wp-content\/uploads\/2012\/06\/direct_planning_service_entite_reserve_par-312x228.png 312w, https:\/\/www.directplanning.com\/wp-content\/uploads\/2012\/06\/direct_planning_service_entite_reserve_par-156x114.png 156w, https:\/\/www.directplanning.com\/wp-content\/uploads\/2012\/06\/direct_planning_service_entite_reserve_par-768x562.png 768w, https:\/\/www.directplanning.com\/wp-content\/uploads\/2012\/06\/direct_planning_service_entite_reserve_par.png 800w\" sizes=\"(max-width: 610px) 100vw, 610px\" \/><\/a><figcaption class=\"wp-element-caption\">Direct Planning Service &#8211; Exemple d&#8217;entit\u00e9 : l&#8217;intervenant ayant r\u00e9serv\u00e9 la salle<\/figcaption><\/figure><\/div>\n\n\n<p>Pour chacune de ces entit\u00e9s, on dispose d&#8217;un code et d&#8217;un libell\u00e9, mais \u00e9galement de <strong>10 champs configurables<\/strong> (exemple : pour la fiche client, il est possible de configurer la saisie d&#8217;un t\u00e9l\u00e9phone, d&#8217;un e-mail, etc.).<\/p>\n\n\n\n<p>Bien structurer les entit\u00e9s est fondamental. Ces donn\u00e9es joueront un r\u00f4le cl\u00e9 dans les recherches de t\u00e2ches et dans la coloration.<\/p>\n\n\n<div class=\"wp-block-image\">\n<figure class=\"aligncenter\"><a href=\"https:\/\/www.directplanning.com\/wp-content\/uploads\/2012\/06\/direct_planning_service_entite_detail_tache.png\" data-rel=\"lightbox-image-1\" data-rl_title=\"\" data-rl_caption=\"\" title=\"\"><img decoding=\"async\" src=\"https:\/\/www.directplanning.com\/wp-content\/uploads\/2012\/06\/direct_planning_service_entite_detail_tache-610x348.png\" alt=\"Direct planning Service - Visualisation des entit\u00e9s dans le d\u00e9tail de la r\u00e9servation\" class=\"wp-image-1457\"\/><\/a><figcaption class=\"wp-element-caption\">Direct planning Service &#8211; Visualisation des entit\u00e9s dans le d\u00e9tail de la r\u00e9servation<\/figcaption><\/figure><\/div>\n\n\n<h2 class=\"wp-block-heading\">Les zones configurables du d\u00e9tail de t\u00e2che<\/h2>\n\n\n\n<p>En plus des entit\u00e9s, vous disposez sur la t\u00e2che en elle-m\u00eame de <strong>10 zones configurables<\/strong>. Un pas de plus vers la personnalisation.<\/p>\n\n\n\n<p>Par ailleurs, vous disposez sur chaque t\u00e2che d&#8217;une zone de <strong>notes<\/strong> en texte riche. Dans ces notes, vous pouvez tr\u00e8s simplement ins\u00e9rer <strong>des liens cliquables vers des documents<\/strong> externes (Word, Excel, PDF, Images, etc.), par exemple : fiche de sp\u00e9cifications, documents&nbsp; clients, etc.<\/p>\n\n\n\n<h2 class=\"wp-block-heading\">Personnalisation des affichages<\/h2>\n\n\n\n<p>Une fois ces donn\u00e9es configur\u00e9es, vous pourrez \u00e9galement <a title=\"Planning Service \u2013 Affichages personnalisables\" href=\"https:\/\/www.directplanning.com\/fr\/planning-service\/planning-service-fonctionnalites\/planning-service-affichages-personnalisables\/\">personnaliser finement vos affichages<\/a> de mani\u00e8re \u00e0 ce qu&#8217;ils refl\u00e8tent les besoins de votre entreprise.<\/p>\n\n\n\n<p class=\"has-text-align-center\"><a class=\"mks_button mks_button_medium rounded\" href=\"https:\/\/www.directplanning.com\/fr\/planning-service\/planning-service-fonctionnalites\/\" target=\"_self\" style=\"color: #FFFFFF; background-color: #1e73be;\" > Les fonctionnalit\u00e9s Planning Service <\/a>\n","protected":false},"excerpt":{"rendered":"<p>Direct Planning Service permet de configurer les donn\u00e9es m\u00e9tier dont vous avez besoin pour la planification. Que les t\u00e2ches soient saisies manuellement ou import\u00e9es directement depuis votre syst\u00e8me d&#8217;information, vous trouverez ces donn\u00e9es m\u00e9tiers au niveau de chacune des t\u00e2ches planifi\u00e9es. Direct Planning Service propose plusieurs structures de donn\u00e9es configurables : les ressources, les entit\u00e9s, [&hellip;]<\/p>\n","protected":false},"author":2,"featured_media":1456,"parent":1340,"menu_order":30,"comment_status":"closed","ping_status":"open","template":"","meta":{"footnotes":""},"class_list":["post-1346","page","type-page","status-publish","has-post-thumbnail","hentry"],"yoast_head":"<!-- This site is optimized with the Yoast SEO plugin v27.6 - https:\/\/yoast.com\/product\/yoast-seo-wordpress\/ -->\n<title>Planning Service - Configurable pour votre m\u00e9tier - Direct Planning<\/title>\n<meta name=\"description\" content=\"Personnalisez votre planning de services avec des entit\u00e9s, zones et marqueurs configurables, adapt\u00e9s \u00e0 vos besoins m\u00e9tiers sp\u00e9cifiques.\" \/>\n<meta name=\"robots\" content=\"index, follow, max-snippet:-1, max-image-preview:large, max-video-preview:-1\" \/>\n<link rel=\"canonical\" href=\"https:\/\/www.directplanning.com\/fr\/planning-service\/planning-service-fonctionnalites\/planning-service-configurable-pour-votre-metier\/\" \/>\n<meta property=\"og:locale\" content=\"fr_FR\" \/>\n<meta property=\"og:type\" content=\"article\" \/>\n<meta property=\"og:title\" content=\"Planning Service - Configurable pour votre m\u00e9tier - Direct Planning\" \/>\n<meta property=\"og:description\" content=\"Personnalisez votre planning de services avec des entit\u00e9s, zones et marqueurs configurables, adapt\u00e9s \u00e0 vos besoins m\u00e9tiers sp\u00e9cifiques.\" \/>\n<meta property=\"og:url\" content=\"https:\/\/www.directplanning.com\/fr\/planning-service\/planning-service-fonctionnalites\/planning-service-configurable-pour-votre-metier\/\" \/>\n<meta property=\"og:site_name\" content=\"Direct Planning\" \/>\n<meta property=\"article:modified_time\" content=\"2025-10-03T10:28:59+00:00\" \/>\n<meta property=\"og:image\" content=\"https:\/\/www.directplanning.com\/wp-content\/uploads\/2012\/06\/direct_planning_service_entite_reserve_par.png\" \/>\n\t<meta property=\"og:image:width\" content=\"800\" \/>\n\t<meta property=\"og:image:height\" content=\"585\" \/>\n\t<meta property=\"og:image:type\" content=\"image\/png\" \/>\n<meta name=\"twitter:card\" content=\"summary_large_image\" \/>\n<meta name=\"twitter:site\" content=\"@Direct_Planning\" \/>\n<meta name=\"twitter:label1\" content=\"Dur\u00e9e de lecture estim\u00e9e\" \/>\n\t<meta name=\"twitter:data1\" content=\"3 minutes\" \/>\n<script type=\"application\/ld+json\" class=\"yoast-schema-graph\">{\"@context\":\"https:\\\/\\\/schema.org\",\"@graph\":[{\"@type\":\"WebPage\",\"@id\":\"https:\\\/\\\/www.directplanning.com\\\/fr\\\/planning-service\\\/planning-service-fonctionnalites\\\/planning-service-configurable-pour-votre-metier\\\/\",\"url\":\"https:\\\/\\\/www.directplanning.com\\\/fr\\\/planning-service\\\/planning-service-fonctionnalites\\\/planning-service-configurable-pour-votre-metier\\\/\",\"name\":\"Planning Service - Configurable pour votre m\u00e9tier - Direct Planning\",\"isPartOf\":{\"@id\":\"https:\\\/\\\/www.directplanning.com\\\/fr\\\/#website\"},\"primaryImageOfPage\":{\"@id\":\"https:\\\/\\\/www.directplanning.com\\\/fr\\\/planning-service\\\/planning-service-fonctionnalites\\\/planning-service-configurable-pour-votre-metier\\\/#primaryimage\"},\"image\":{\"@id\":\"https:\\\/\\\/www.directplanning.com\\\/fr\\\/planning-service\\\/planning-service-fonctionnalites\\\/planning-service-configurable-pour-votre-metier\\\/#primaryimage\"},\"thumbnailUrl\":\"https:\\\/\\\/www.directplanning.com\\\/wp-content\\\/uploads\\\/2012\\\/06\\\/direct_planning_service_entite_reserve_par.png\",\"datePublished\":\"2012-06-05T06:43:12+00:00\",\"dateModified\":\"2025-10-03T10:28:59+00:00\",\"description\":\"Personnalisez votre planning de services avec des entit\u00e9s, zones et marqueurs configurables, adapt\u00e9s \u00e0 vos besoins m\u00e9tiers sp\u00e9cifiques.\",\"breadcrumb\":{\"@id\":\"https:\\\/\\\/www.directplanning.com\\\/fr\\\/planning-service\\\/planning-service-fonctionnalites\\\/planning-service-configurable-pour-votre-metier\\\/#breadcrumb\"},\"inLanguage\":\"fr-FR\",\"potentialAction\":[{\"@type\":\"ReadAction\",\"target\":[\"https:\\\/\\\/www.directplanning.com\\\/fr\\\/planning-service\\\/planning-service-fonctionnalites\\\/planning-service-configurable-pour-votre-metier\\\/\"]}]},{\"@type\":\"ImageObject\",\"inLanguage\":\"fr-FR\",\"@id\":\"https:\\\/\\\/www.directplanning.com\\\/fr\\\/planning-service\\\/planning-service-fonctionnalites\\\/planning-service-configurable-pour-votre-metier\\\/#primaryimage\",\"url\":\"https:\\\/\\\/www.directplanning.com\\\/wp-content\\\/uploads\\\/2012\\\/06\\\/direct_planning_service_entite_reserve_par.png\",\"contentUrl\":\"https:\\\/\\\/www.directplanning.com\\\/wp-content\\\/uploads\\\/2012\\\/06\\\/direct_planning_service_entite_reserve_par.png\",\"width\":800,\"height\":585,\"caption\":\"Direct Planning Service - Exemple d'entit\u00e9 : l'intervenant ayant r\u00e9serv\u00e9 la salle\"},{\"@type\":\"BreadcrumbList\",\"@id\":\"https:\\\/\\\/www.directplanning.com\\\/fr\\\/planning-service\\\/planning-service-fonctionnalites\\\/planning-service-configurable-pour-votre-metier\\\/#breadcrumb\",\"itemListElement\":[{\"@type\":\"ListItem\",\"position\":1,\"name\":\"Accueil\",\"item\":\"https:\\\/\\\/www.directplanning.com\\\/fr\\\/\"},{\"@type\":\"ListItem\",\"position\":2,\"name\":\"Direct Planning Service\",\"item\":\"https:\\\/\\\/www.directplanning.com\\\/fr\\\/planning-service\\\/\"},{\"@type\":\"ListItem\",\"position\":3,\"name\":\"Planning Service &#8211; Fonctionnalit\u00e9s\",\"item\":\"https:\\\/\\\/www.directplanning.com\\\/fr\\\/planning-service\\\/planning-service-fonctionnalites\\\/\"},{\"@type\":\"ListItem\",\"position\":4,\"name\":\"Planning Service &#8211; Configurable pour votre m\u00e9tier\"}]},{\"@type\":\"WebSite\",\"@id\":\"https:\\\/\\\/www.directplanning.com\\\/fr\\\/#website\",\"url\":\"https:\\\/\\\/www.directplanning.com\\\/fr\\\/\",\"name\":\"Directplanning.com\",\"description\":\"Optimisez votre planning de production. Outil de planification intuitif et complet pour les entreprises et industries. Essai gratuit en ligne\",\"publisher\":{\"@id\":\"https:\\\/\\\/www.directplanning.com\\\/fr\\\/#organization\"},\"potentialAction\":[{\"@type\":\"SearchAction\",\"target\":{\"@type\":\"EntryPoint\",\"urlTemplate\":\"https:\\\/\\\/www.directplanning.com\\\/fr\\\/?s={search_term_string}\"},\"query-input\":{\"@type\":\"PropertyValueSpecification\",\"valueRequired\":true,\"valueName\":\"search_term_string\"}}],\"inLanguage\":\"fr-FR\"},{\"@type\":\"Organization\",\"@id\":\"https:\\\/\\\/www.directplanning.com\\\/fr\\\/#organization\",\"name\":\"Direct Planning\",\"alternateName\":\"DP\",\"url\":\"https:\\\/\\\/www.directplanning.com\\\/fr\\\/\",\"logo\":{\"@type\":\"ImageObject\",\"inLanguage\":\"fr-FR\",\"@id\":\"https:\\\/\\\/www.directplanning.com\\\/fr\\\/#\\\/schema\\\/logo\\\/image\\\/\",\"url\":\"https:\\\/\\\/www.directplanning.com\\\/wp-content\\\/uploads\\\/2023\\\/08\\\/DirectPlanIcone.bmp\",\"contentUrl\":\"https:\\\/\\\/www.directplanning.com\\\/wp-content\\\/uploads\\\/2023\\\/08\\\/DirectPlanIcone.bmp\",\"width\":320,\"height\":355,\"caption\":\"Direct Planning\"},\"image\":{\"@id\":\"https:\\\/\\\/www.directplanning.com\\\/fr\\\/#\\\/schema\\\/logo\\\/image\\\/\"},\"sameAs\":[\"https:\\\/\\\/x.com\\\/Direct_Planning\",\"https:\\\/\\\/www.linkedin.com\\\/showcase\\\/direct-planning\\\/posts\\\/?feedView=all\",\"https:\\\/\\\/www.youtube.com\\\/user\\\/VolumeSoftware\"]}]}<\/script>\n<!-- \/ Yoast SEO plugin. -->","yoast_head_json":{"title":"Planning Service - Configurable pour votre m\u00e9tier - Direct Planning","description":"Personnalisez votre planning de services avec des entit\u00e9s, zones et marqueurs configurables, adapt\u00e9s \u00e0 vos besoins m\u00e9tiers sp\u00e9cifiques.","robots":{"index":"index","follow":"follow","max-snippet":"max-snippet:-1","max-image-preview":"max-image-preview:large","max-video-preview":"max-video-preview:-1"},"canonical":"https:\/\/www.directplanning.com\/fr\/planning-service\/planning-service-fonctionnalites\/planning-service-configurable-pour-votre-metier\/","og_locale":"fr_FR","og_type":"article","og_title":"Planning Service - Configurable pour votre m\u00e9tier - Direct Planning","og_description":"Personnalisez votre planning de services avec des entit\u00e9s, zones et marqueurs configurables, adapt\u00e9s \u00e0 vos besoins m\u00e9tiers sp\u00e9cifiques.","og_url":"https:\/\/www.directplanning.com\/fr\/planning-service\/planning-service-fonctionnalites\/planning-service-configurable-pour-votre-metier\/","og_site_name":"Direct Planning","article_modified_time":"2025-10-03T10:28:59+00:00","og_image":[{"width":800,"height":585,"url":"https:\/\/www.directplanning.com\/wp-content\/uploads\/2012\/06\/direct_planning_service_entite_reserve_par.png","type":"image\/png"}],"twitter_card":"summary_large_image","twitter_site":"@Direct_Planning","twitter_misc":{"Dur\u00e9e de lecture estim\u00e9e":"3 minutes"},"schema":{"@context":"https:\/\/schema.org","@graph":[{"@type":"WebPage","@id":"https:\/\/www.directplanning.com\/fr\/planning-service\/planning-service-fonctionnalites\/planning-service-configurable-pour-votre-metier\/","url":"https:\/\/www.directplanning.com\/fr\/planning-service\/planning-service-fonctionnalites\/planning-service-configurable-pour-votre-metier\/","name":"Planning Service - Configurable pour votre m\u00e9tier - Direct Planning","isPartOf":{"@id":"https:\/\/www.directplanning.com\/fr\/#website"},"primaryImageOfPage":{"@id":"https:\/\/www.directplanning.com\/fr\/planning-service\/planning-service-fonctionnalites\/planning-service-configurable-pour-votre-metier\/#primaryimage"},"image":{"@id":"https:\/\/www.directplanning.com\/fr\/planning-service\/planning-service-fonctionnalites\/planning-service-configurable-pour-votre-metier\/#primaryimage"},"thumbnailUrl":"https:\/\/www.directplanning.com\/wp-content\/uploads\/2012\/06\/direct_planning_service_entite_reserve_par.png","datePublished":"2012-06-05T06:43:12+00:00","dateModified":"2025-10-03T10:28:59+00:00","description":"Personnalisez votre planning de services avec des entit\u00e9s, zones et marqueurs configurables, adapt\u00e9s \u00e0 vos besoins m\u00e9tiers sp\u00e9cifiques.","breadcrumb":{"@id":"https:\/\/www.directplanning.com\/fr\/planning-service\/planning-service-fonctionnalites\/planning-service-configurable-pour-votre-metier\/#breadcrumb"},"inLanguage":"fr-FR","potentialAction":[{"@type":"ReadAction","target":["https:\/\/www.directplanning.com\/fr\/planning-service\/planning-service-fonctionnalites\/planning-service-configurable-pour-votre-metier\/"]}]},{"@type":"ImageObject","inLanguage":"fr-FR","@id":"https:\/\/www.directplanning.com\/fr\/planning-service\/planning-service-fonctionnalites\/planning-service-configurable-pour-votre-metier\/#primaryimage","url":"https:\/\/www.directplanning.com\/wp-content\/uploads\/2012\/06\/direct_planning_service_entite_reserve_par.png","contentUrl":"https:\/\/www.directplanning.com\/wp-content\/uploads\/2012\/06\/direct_planning_service_entite_reserve_par.png","width":800,"height":585,"caption":"Direct Planning Service - Exemple d'entit\u00e9 : l'intervenant ayant r\u00e9serv\u00e9 la salle"},{"@type":"BreadcrumbList","@id":"https:\/\/www.directplanning.com\/fr\/planning-service\/planning-service-fonctionnalites\/planning-service-configurable-pour-votre-metier\/#breadcrumb","itemListElement":[{"@type":"ListItem","position":1,"name":"Accueil","item":"https:\/\/www.directplanning.com\/fr\/"},{"@type":"ListItem","position":2,"name":"Direct Planning Service","item":"https:\/\/www.directplanning.com\/fr\/planning-service\/"},{"@type":"ListItem","position":3,"name":"Planning Service &#8211; Fonctionnalit\u00e9s","item":"https:\/\/www.directplanning.com\/fr\/planning-service\/planning-service-fonctionnalites\/"},{"@type":"ListItem","position":4,"name":"Planning Service &#8211; Configurable pour votre m\u00e9tier"}]},{"@type":"WebSite","@id":"https:\/\/www.directplanning.com\/fr\/#website","url":"https:\/\/www.directplanning.com\/fr\/","name":"Directplanning.com","description":"Optimisez votre planning de production. Outil de planification intuitif et complet pour les entreprises et industries. Essai gratuit en ligne","publisher":{"@id":"https:\/\/www.directplanning.com\/fr\/#organization"},"potentialAction":[{"@type":"SearchAction","target":{"@type":"EntryPoint","urlTemplate":"https:\/\/www.directplanning.com\/fr\/?s={search_term_string}"},"query-input":{"@type":"PropertyValueSpecification","valueRequired":true,"valueName":"search_term_string"}}],"inLanguage":"fr-FR"},{"@type":"Organization","@id":"https:\/\/www.directplanning.com\/fr\/#organization","name":"Direct Planning","alternateName":"DP","url":"https:\/\/www.directplanning.com\/fr\/","logo":{"@type":"ImageObject","inLanguage":"fr-FR","@id":"https:\/\/www.directplanning.com\/fr\/#\/schema\/logo\/image\/","url":"https:\/\/www.directplanning.com\/wp-content\/uploads\/2023\/08\/DirectPlanIcone.bmp","contentUrl":"https:\/\/www.directplanning.com\/wp-content\/uploads\/2023\/08\/DirectPlanIcone.bmp","width":320,"height":355,"caption":"Direct Planning"},"image":{"@id":"https:\/\/www.directplanning.com\/fr\/#\/schema\/logo\/image\/"},"sameAs":["https:\/\/x.com\/Direct_Planning","https:\/\/www.linkedin.com\/showcase\/direct-planning\/posts\/?feedView=all","https:\/\/www.youtube.com\/user\/VolumeSoftware"]}]}},"_links":{"self":[{"href":"https:\/\/www.directplanning.com\/fr\/wp-json\/wp\/v2\/pages\/1346","targetHints":{"allow":["GET"]}}],"collection":[{"href":"https:\/\/www.directplanning.com\/fr\/wp-json\/wp\/v2\/pages"}],"about":[{"href":"https:\/\/www.directplanning.com\/fr\/wp-json\/wp\/v2\/types\/page"}],"author":[{"embeddable":true,"href":"https:\/\/www.directplanning.com\/fr\/wp-json\/wp\/v2\/users\/2"}],"replies":[{"embeddable":true,"href":"https:\/\/www.directplanning.com\/fr\/wp-json\/wp\/v2\/comments?post=1346"}],"version-history":[{"count":0,"href":"https:\/\/www.directplanning.com\/fr\/wp-json\/wp\/v2\/pages\/1346\/revisions"}],"up":[{"embeddable":true,"href":"https:\/\/www.directplanning.com\/fr\/wp-json\/wp\/v2\/pages\/1340"}],"wp:featuredmedia":[{"embeddable":true,"href":"https:\/\/www.directplanning.com\/fr\/wp-json\/wp\/v2\/media\/1456"}],"wp:attachment":[{"href":"https:\/\/www.directplanning.com\/fr\/wp-json\/wp\/v2\/media?parent=1346"}],"curies":[{"name":"wp","href":"https:\/\/api.w.org\/{rel}","templated":true}]}}