{"id":1344,"date":"2012-06-05T06:42:40","date_gmt":"2012-06-05T06:42:40","guid":{"rendered":"https:\/\/www.directplanning.com\/?page_id=1344"},"modified":"2025-10-03T12:28:09","modified_gmt":"2025-10-03T10:28:09","slug":"planning-service-la-ressource-planifiee","status":"publish","type":"page","link":"https:\/\/www.directplanning.com\/fr\/planning-service\/planning-service-fonctionnalites\/planning-service-la-ressource-planifiee\/","title":{"rendered":"Planning Service &#8211; La ressource planifi\u00e9e"},"content":{"rendered":"\n<h2 class=\"wp-block-heading\">Ressources et groupement de ressources<\/h2>\n\n\n\n<p>Dans <strong>Direct Planning Service<\/strong>, vous pourrez configurer la ressource planifi\u00e9e. La ressource est par exemple :<\/p>\n\n\n\n<ul class=\"wp-block-list\">\n<li>Un salari\u00e9 dont on g\u00e8re le planning d&#8217;activit\u00e9 ou de rendez-vous<\/li>\n\n\n\n<li>Une salle pour laquelle on g\u00e8re les r\u00e9servations<\/li>\n\n\n\n<li>Un v\u00e9hicule pour lequel on g\u00e8re des r\u00e9servations<\/li>\n<\/ul>\n\n\n\n<!--more-->\n\n\n<div class=\"wp-block-image\">\n<figure class=\"aligncenter\"><a href=\"https:\/\/www.directplanning.com\/wp-content\/uploads\/2012\/06\/direct_planning_service_ressources.png\" data-rel=\"lightbox-image-0\" data-rl_title=\"\" data-rl_caption=\"\" title=\"\"><img decoding=\"async\" width=\"610\" height=\"313\" src=\"https:\/\/www.directplanning.com\/wp-content\/uploads\/2012\/06\/direct_planning_service_ressources-610x313.png\" alt=\"Direct Planning Service - un exemple de ressource : des salles dont on g\u00e8re le planning\" class=\"wp-image-1454\" srcset=\"https:\/\/www.directplanning.com\/wp-content\/uploads\/2012\/06\/direct_planning_service_ressources-610x313.png 610w, https:\/\/www.directplanning.com\/wp-content\/uploads\/2012\/06\/direct_planning_service_ressources-312x160.png 312w, https:\/\/www.directplanning.com\/wp-content\/uploads\/2012\/06\/direct_planning_service_ressources-156x80.png 156w, https:\/\/www.directplanning.com\/wp-content\/uploads\/2012\/06\/direct_planning_service_ressources-768x394.png 768w, https:\/\/www.directplanning.com\/wp-content\/uploads\/2012\/06\/direct_planning_service_ressources-810x416.png 810w, https:\/\/www.directplanning.com\/wp-content\/uploads\/2012\/06\/direct_planning_service_ressources.png 1009w\" sizes=\"(max-width: 610px) 100vw, 610px\" \/><\/a><figcaption class=\"wp-element-caption\">Direct Planning Service &#8211; un exemple de ressource : des salles dont on g\u00e8re le planning<\/figcaption><\/figure><\/div>\n\n\n<p>Une <strong>ressource <\/strong>appartient \u00e0 un <strong>groupement de ressources<\/strong>. Par exemple, un service.<\/p>\n\n\n\n<p>&nbsp;Vous d\u00e9cidez de l&#8217;<strong>ordre d&#8217;affichage<\/strong> des ressources \u00e0 l&#8217;\u00e9cran.<\/p>\n\n\n\n<h2 class=\"wp-block-heading\">Calendrier de disponibilit\u00e9 par ressource<\/h2>\n\n\n\n<p>Afin de d\u00e9crire les horaires de disponibilit\u00e9 des ressources, vous pourrez sp\u00e9cifier par ressource et par ann\u00e9e :<\/p>\n\n\n\n<ul class=\"wp-block-list\">\n<li>des horaires de disponibilit\u00e9 g\u00e9n\u00e9raux via une semaine type annuelle.<\/li>\n\n\n\n<li>des horaires de disponibilit\u00e9 sp\u00e9cifiques \u00e0 une semaine donn\u00e9e.<\/li>\n\n\n\n<li>des horaires de disponibilit\u00e9 sp\u00e9cifiques \u00e0 une journ\u00e9e donn\u00e9e (cong\u00e9, absence).<\/li>\n<\/ul>\n\n\n\n<p class=\"has-text-align-center\"><a class=\"mks_button mks_button_medium rounded\" href=\"https:\/\/www.directplanning.com\/fr\/planning-service\/planning-service-fonctionnalites\/\" target=\"_self\" style=\"color: #FFFFFF; background-color: #1e73be;\" > Les fonctionnalit\u00e9s Planning Service <\/a>\n","protected":false},"excerpt":{"rendered":"<p>Ressources et groupement de ressources Dans Direct Planning Service, vous pourrez configurer la ressource planifi\u00e9e. La ressource est par exemple :<\/p>\n","protected":false},"author":2,"featured_media":1454,"parent":1340,"menu_order":20,"comment_status":"closed","ping_status":"open","template":"","meta":{"footnotes":""},"class_list":["post-1344","page","type-page","status-publish","has-post-thumbnail","hentry"],"yoast_head":"<!-- This site is optimized with the Yoast SEO plugin v27.4 - https:\/\/yoast.com\/product\/yoast-seo-wordpress\/ -->\n<title>Planning Service - La ressource planifi\u00e9e - Direct Planning<\/title>\n<meta name=\"description\" content=\"Configurez vos ressources (salari\u00e9s, salles, v\u00e9hicules) avec des disponibilit\u00e9s, hebdomadaires ou journali\u00e8res, et organisez-les en groupes.\" \/>\n<meta name=\"robots\" content=\"index, follow, max-snippet:-1, max-image-preview:large, max-video-preview:-1\" \/>\n<link rel=\"canonical\" href=\"https:\/\/www.directplanning.com\/fr\/planning-service\/planning-service-fonctionnalites\/planning-service-la-ressource-planifiee\/\" \/>\n<meta property=\"og:locale\" content=\"fr_FR\" \/>\n<meta property=\"og:type\" content=\"article\" \/>\n<meta property=\"og:title\" content=\"Planning Service - La ressource planifi\u00e9e - Direct Planning\" \/>\n<meta property=\"og:description\" content=\"Configurez vos ressources (salari\u00e9s, salles, v\u00e9hicules) avec des disponibilit\u00e9s, hebdomadaires ou journali\u00e8res, et organisez-les en groupes.\" \/>\n<meta property=\"og:url\" content=\"https:\/\/www.directplanning.com\/fr\/planning-service\/planning-service-fonctionnalites\/planning-service-la-ressource-planifiee\/\" \/>\n<meta property=\"og:site_name\" content=\"Direct Planning\" \/>\n<meta property=\"article:modified_time\" content=\"2025-10-03T10:28:09+00:00\" \/>\n<meta property=\"og:image\" content=\"https:\/\/www.directplanning.com\/wp-content\/uploads\/2012\/06\/direct_planning_service_ressources.png\" \/>\n\t<meta property=\"og:image:width\" content=\"1009\" \/>\n\t<meta property=\"og:image:height\" content=\"518\" \/>\n\t<meta property=\"og:image:type\" content=\"image\/png\" \/>\n<meta name=\"twitter:card\" content=\"summary_large_image\" \/>\n<meta name=\"twitter:site\" content=\"@Direct_Planning\" \/>\n<meta name=\"twitter:label1\" content=\"Dur\u00e9e de lecture estim\u00e9e\" \/>\n\t<meta name=\"twitter:data1\" content=\"2 minutes\" \/>\n<script type=\"application\/ld+json\" class=\"yoast-schema-graph\">{\"@context\":\"https:\\\/\\\/schema.org\",\"@graph\":[{\"@type\":\"WebPage\",\"@id\":\"https:\\\/\\\/www.directplanning.com\\\/fr\\\/planning-service\\\/planning-service-fonctionnalites\\\/planning-service-la-ressource-planifiee\\\/\",\"url\":\"https:\\\/\\\/www.directplanning.com\\\/fr\\\/planning-service\\\/planning-service-fonctionnalites\\\/planning-service-la-ressource-planifiee\\\/\",\"name\":\"Planning Service - La ressource planifi\u00e9e - Direct Planning\",\"isPartOf\":{\"@id\":\"https:\\\/\\\/www.directplanning.com\\\/fr\\\/#website\"},\"primaryImageOfPage\":{\"@id\":\"https:\\\/\\\/www.directplanning.com\\\/fr\\\/planning-service\\\/planning-service-fonctionnalites\\\/planning-service-la-ressource-planifiee\\\/#primaryimage\"},\"image\":{\"@id\":\"https:\\\/\\\/www.directplanning.com\\\/fr\\\/planning-service\\\/planning-service-fonctionnalites\\\/planning-service-la-ressource-planifiee\\\/#primaryimage\"},\"thumbnailUrl\":\"https:\\\/\\\/www.directplanning.com\\\/wp-content\\\/uploads\\\/2012\\\/06\\\/direct_planning_service_ressources.png\",\"datePublished\":\"2012-06-05T06:42:40+00:00\",\"dateModified\":\"2025-10-03T10:28:09+00:00\",\"description\":\"Configurez vos ressources (salari\u00e9s, salles, v\u00e9hicules) avec des disponibilit\u00e9s, hebdomadaires ou journali\u00e8res, et organisez-les en groupes.\",\"breadcrumb\":{\"@id\":\"https:\\\/\\\/www.directplanning.com\\\/fr\\\/planning-service\\\/planning-service-fonctionnalites\\\/planning-service-la-ressource-planifiee\\\/#breadcrumb\"},\"inLanguage\":\"fr-FR\",\"potentialAction\":[{\"@type\":\"ReadAction\",\"target\":[\"https:\\\/\\\/www.directplanning.com\\\/fr\\\/planning-service\\\/planning-service-fonctionnalites\\\/planning-service-la-ressource-planifiee\\\/\"]}]},{\"@type\":\"ImageObject\",\"inLanguage\":\"fr-FR\",\"@id\":\"https:\\\/\\\/www.directplanning.com\\\/fr\\\/planning-service\\\/planning-service-fonctionnalites\\\/planning-service-la-ressource-planifiee\\\/#primaryimage\",\"url\":\"https:\\\/\\\/www.directplanning.com\\\/wp-content\\\/uploads\\\/2012\\\/06\\\/direct_planning_service_ressources.png\",\"contentUrl\":\"https:\\\/\\\/www.directplanning.com\\\/wp-content\\\/uploads\\\/2012\\\/06\\\/direct_planning_service_ressources.png\",\"width\":1009,\"height\":518,\"caption\":\"Direct Planning Service - un exemple de ressource : des salles dont on g\u00e8re le planning\"},{\"@type\":\"BreadcrumbList\",\"@id\":\"https:\\\/\\\/www.directplanning.com\\\/fr\\\/planning-service\\\/planning-service-fonctionnalites\\\/planning-service-la-ressource-planifiee\\\/#breadcrumb\",\"itemListElement\":[{\"@type\":\"ListItem\",\"position\":1,\"name\":\"Accueil\",\"item\":\"https:\\\/\\\/www.directplanning.com\\\/fr\\\/\"},{\"@type\":\"ListItem\",\"position\":2,\"name\":\"Direct Planning Service\",\"item\":\"https:\\\/\\\/www.directplanning.com\\\/fr\\\/planning-service\\\/\"},{\"@type\":\"ListItem\",\"position\":3,\"name\":\"Planning Service &#8211; Fonctionnalit\u00e9s\",\"item\":\"https:\\\/\\\/www.directplanning.com\\\/fr\\\/planning-service\\\/planning-service-fonctionnalites\\\/\"},{\"@type\":\"ListItem\",\"position\":4,\"name\":\"Planning Service &#8211; La ressource planifi\u00e9e\"}]},{\"@type\":\"WebSite\",\"@id\":\"https:\\\/\\\/www.directplanning.com\\\/fr\\\/#website\",\"url\":\"https:\\\/\\\/www.directplanning.com\\\/fr\\\/\",\"name\":\"Directplanning.com\",\"description\":\"Optimisez votre planning de production. Outil de planification intuitif et complet pour les entreprises et industries. Essai gratuit en ligne\",\"publisher\":{\"@id\":\"https:\\\/\\\/www.directplanning.com\\\/fr\\\/#organization\"},\"potentialAction\":[{\"@type\":\"SearchAction\",\"target\":{\"@type\":\"EntryPoint\",\"urlTemplate\":\"https:\\\/\\\/www.directplanning.com\\\/fr\\\/?s={search_term_string}\"},\"query-input\":{\"@type\":\"PropertyValueSpecification\",\"valueRequired\":true,\"valueName\":\"search_term_string\"}}],\"inLanguage\":\"fr-FR\"},{\"@type\":\"Organization\",\"@id\":\"https:\\\/\\\/www.directplanning.com\\\/fr\\\/#organization\",\"name\":\"Direct Planning\",\"alternateName\":\"DP\",\"url\":\"https:\\\/\\\/www.directplanning.com\\\/fr\\\/\",\"logo\":{\"@type\":\"ImageObject\",\"inLanguage\":\"fr-FR\",\"@id\":\"https:\\\/\\\/www.directplanning.com\\\/fr\\\/#\\\/schema\\\/logo\\\/image\\\/\",\"url\":\"https:\\\/\\\/www.directplanning.com\\\/wp-content\\\/uploads\\\/2023\\\/08\\\/DirectPlanIcone.bmp\",\"contentUrl\":\"https:\\\/\\\/www.directplanning.com\\\/wp-content\\\/uploads\\\/2023\\\/08\\\/DirectPlanIcone.bmp\",\"width\":320,\"height\":355,\"caption\":\"Direct Planning\"},\"image\":{\"@id\":\"https:\\\/\\\/www.directplanning.com\\\/fr\\\/#\\\/schema\\\/logo\\\/image\\\/\"},\"sameAs\":[\"https:\\\/\\\/x.com\\\/Direct_Planning\",\"https:\\\/\\\/www.linkedin.com\\\/showcase\\\/direct-planning\\\/posts\\\/?feedView=all\",\"https:\\\/\\\/www.youtube.com\\\/user\\\/VolumeSoftware\"]}]}<\/script>\n<!-- \/ Yoast SEO plugin. -->","yoast_head_json":{"title":"Planning Service - La ressource planifi\u00e9e - Direct Planning","description":"Configurez vos ressources (salari\u00e9s, salles, v\u00e9hicules) avec des disponibilit\u00e9s, hebdomadaires ou journali\u00e8res, et organisez-les en groupes.","robots":{"index":"index","follow":"follow","max-snippet":"max-snippet:-1","max-image-preview":"max-image-preview:large","max-video-preview":"max-video-preview:-1"},"canonical":"https:\/\/www.directplanning.com\/fr\/planning-service\/planning-service-fonctionnalites\/planning-service-la-ressource-planifiee\/","og_locale":"fr_FR","og_type":"article","og_title":"Planning Service - La ressource planifi\u00e9e - Direct Planning","og_description":"Configurez vos ressources (salari\u00e9s, salles, v\u00e9hicules) avec des disponibilit\u00e9s, hebdomadaires ou journali\u00e8res, et organisez-les en groupes.","og_url":"https:\/\/www.directplanning.com\/fr\/planning-service\/planning-service-fonctionnalites\/planning-service-la-ressource-planifiee\/","og_site_name":"Direct Planning","article_modified_time":"2025-10-03T10:28:09+00:00","og_image":[{"width":1009,"height":518,"url":"https:\/\/www.directplanning.com\/wp-content\/uploads\/2012\/06\/direct_planning_service_ressources.png","type":"image\/png"}],"twitter_card":"summary_large_image","twitter_site":"@Direct_Planning","twitter_misc":{"Dur\u00e9e de lecture estim\u00e9e":"2 minutes"},"schema":{"@context":"https:\/\/schema.org","@graph":[{"@type":"WebPage","@id":"https:\/\/www.directplanning.com\/fr\/planning-service\/planning-service-fonctionnalites\/planning-service-la-ressource-planifiee\/","url":"https:\/\/www.directplanning.com\/fr\/planning-service\/planning-service-fonctionnalites\/planning-service-la-ressource-planifiee\/","name":"Planning Service - La ressource planifi\u00e9e - Direct Planning","isPartOf":{"@id":"https:\/\/www.directplanning.com\/fr\/#website"},"primaryImageOfPage":{"@id":"https:\/\/www.directplanning.com\/fr\/planning-service\/planning-service-fonctionnalites\/planning-service-la-ressource-planifiee\/#primaryimage"},"image":{"@id":"https:\/\/www.directplanning.com\/fr\/planning-service\/planning-service-fonctionnalites\/planning-service-la-ressource-planifiee\/#primaryimage"},"thumbnailUrl":"https:\/\/www.directplanning.com\/wp-content\/uploads\/2012\/06\/direct_planning_service_ressources.png","datePublished":"2012-06-05T06:42:40+00:00","dateModified":"2025-10-03T10:28:09+00:00","description":"Configurez vos ressources (salari\u00e9s, salles, v\u00e9hicules) avec des disponibilit\u00e9s, hebdomadaires ou journali\u00e8res, et organisez-les en groupes.","breadcrumb":{"@id":"https:\/\/www.directplanning.com\/fr\/planning-service\/planning-service-fonctionnalites\/planning-service-la-ressource-planifiee\/#breadcrumb"},"inLanguage":"fr-FR","potentialAction":[{"@type":"ReadAction","target":["https:\/\/www.directplanning.com\/fr\/planning-service\/planning-service-fonctionnalites\/planning-service-la-ressource-planifiee\/"]}]},{"@type":"ImageObject","inLanguage":"fr-FR","@id":"https:\/\/www.directplanning.com\/fr\/planning-service\/planning-service-fonctionnalites\/planning-service-la-ressource-planifiee\/#primaryimage","url":"https:\/\/www.directplanning.com\/wp-content\/uploads\/2012\/06\/direct_planning_service_ressources.png","contentUrl":"https:\/\/www.directplanning.com\/wp-content\/uploads\/2012\/06\/direct_planning_service_ressources.png","width":1009,"height":518,"caption":"Direct Planning Service - un exemple de ressource : des salles dont on g\u00e8re le planning"},{"@type":"BreadcrumbList","@id":"https:\/\/www.directplanning.com\/fr\/planning-service\/planning-service-fonctionnalites\/planning-service-la-ressource-planifiee\/#breadcrumb","itemListElement":[{"@type":"ListItem","position":1,"name":"Accueil","item":"https:\/\/www.directplanning.com\/fr\/"},{"@type":"ListItem","position":2,"name":"Direct Planning Service","item":"https:\/\/www.directplanning.com\/fr\/planning-service\/"},{"@type":"ListItem","position":3,"name":"Planning Service &#8211; Fonctionnalit\u00e9s","item":"https:\/\/www.directplanning.com\/fr\/planning-service\/planning-service-fonctionnalites\/"},{"@type":"ListItem","position":4,"name":"Planning Service &#8211; La ressource planifi\u00e9e"}]},{"@type":"WebSite","@id":"https:\/\/www.directplanning.com\/fr\/#website","url":"https:\/\/www.directplanning.com\/fr\/","name":"Directplanning.com","description":"Optimisez votre planning de production. Outil de planification intuitif et complet pour les entreprises et industries. Essai gratuit en ligne","publisher":{"@id":"https:\/\/www.directplanning.com\/fr\/#organization"},"potentialAction":[{"@type":"SearchAction","target":{"@type":"EntryPoint","urlTemplate":"https:\/\/www.directplanning.com\/fr\/?s={search_term_string}"},"query-input":{"@type":"PropertyValueSpecification","valueRequired":true,"valueName":"search_term_string"}}],"inLanguage":"fr-FR"},{"@type":"Organization","@id":"https:\/\/www.directplanning.com\/fr\/#organization","name":"Direct Planning","alternateName":"DP","url":"https:\/\/www.directplanning.com\/fr\/","logo":{"@type":"ImageObject","inLanguage":"fr-FR","@id":"https:\/\/www.directplanning.com\/fr\/#\/schema\/logo\/image\/","url":"https:\/\/www.directplanning.com\/wp-content\/uploads\/2023\/08\/DirectPlanIcone.bmp","contentUrl":"https:\/\/www.directplanning.com\/wp-content\/uploads\/2023\/08\/DirectPlanIcone.bmp","width":320,"height":355,"caption":"Direct Planning"},"image":{"@id":"https:\/\/www.directplanning.com\/fr\/#\/schema\/logo\/image\/"},"sameAs":["https:\/\/x.com\/Direct_Planning","https:\/\/www.linkedin.com\/showcase\/direct-planning\/posts\/?feedView=all","https:\/\/www.youtube.com\/user\/VolumeSoftware"]}]}},"_links":{"self":[{"href":"https:\/\/www.directplanning.com\/fr\/wp-json\/wp\/v2\/pages\/1344","targetHints":{"allow":["GET"]}}],"collection":[{"href":"https:\/\/www.directplanning.com\/fr\/wp-json\/wp\/v2\/pages"}],"about":[{"href":"https:\/\/www.directplanning.com\/fr\/wp-json\/wp\/v2\/types\/page"}],"author":[{"embeddable":true,"href":"https:\/\/www.directplanning.com\/fr\/wp-json\/wp\/v2\/users\/2"}],"replies":[{"embeddable":true,"href":"https:\/\/www.directplanning.com\/fr\/wp-json\/wp\/v2\/comments?post=1344"}],"version-history":[{"count":0,"href":"https:\/\/www.directplanning.com\/fr\/wp-json\/wp\/v2\/pages\/1344\/revisions"}],"up":[{"embeddable":true,"href":"https:\/\/www.directplanning.com\/fr\/wp-json\/wp\/v2\/pages\/1340"}],"wp:featuredmedia":[{"embeddable":true,"href":"https:\/\/www.directplanning.com\/fr\/wp-json\/wp\/v2\/media\/1454"}],"wp:attachment":[{"href":"https:\/\/www.directplanning.com\/fr\/wp-json\/wp\/v2\/media?parent=1344"}],"curies":[{"name":"wp","href":"https:\/\/api.w.org\/{rel}","templated":true}]}}