{"id":1288,"date":"2012-06-04T14:13:30","date_gmt":"2012-06-04T14:13:30","guid":{"rendered":"https:\/\/www.directplanning.com\/?page_id=1288"},"modified":"2025-10-03T12:21:39","modified_gmt":"2025-10-03T10:21:39","slug":"planning-projet-analyse-de-la-charge","status":"publish","type":"page","link":"https:\/\/www.directplanning.com\/fr\/planning-projet\/planning-projet-fonctionnalites\/planning-projet-analyse-de-la-charge\/","title":{"rendered":"Planning Projet &#8211; Analyse de la charge"},"content":{"rendered":"\n<p>Avec <strong>Direct Planning Projet <\/strong>vous disposez de plusieurs outils pour analyser la charge de travail : histogramme de charge, export vers Excel ou Open Office et fichier descriptifs de la charge.<\/p>\n\n\n\n<!--more-->\n\n\n\n<h2 class=\"wp-block-heading\">Histogramme de charge<\/h2>\n\n\n\n<p>Pour une s\u00e9lection de ressources, vous pouvez en un clic d\u00e9clencher la cr\u00e9ation d&#8217;un histogramme de charge. Cet histogramme met en \u00e9vidence :<\/p>\n\n\n\n<ul class=\"wp-block-list\">\n<li>la charge r\u00e9elle<\/li>\n\n\n\n<li>la charge non planifi\u00e9e<\/li>\n\n\n\n<li>la disponibilit\u00e9<\/li>\n\n\n\n<li>la capacit\u00e9<\/li>\n<\/ul>\n\n\n<div class=\"wp-block-image\">\n<figure class=\"aligncenter\"><a href=\"https:\/\/www.directplanning.com\/wp-content\/uploads\/2016\/06\/direct-planning-projet-histogramme-de-charge.png\" data-rel=\"lightbox-image-0\" data-rl_title=\"\" data-rl_caption=\"\" title=\"\"><img decoding=\"async\" width=\"610\" height=\"273\" src=\"https:\/\/www.directplanning.com\/wp-content\/uploads\/2016\/06\/direct-planning-projet-histogramme-de-charge-610x273.png\" alt=\"Direct Planning Projet - Histogramme de charge\" class=\"wp-image-2862\" srcset=\"https:\/\/www.directplanning.com\/wp-content\/uploads\/2016\/06\/direct-planning-projet-histogramme-de-charge-610x273.png 610w, https:\/\/www.directplanning.com\/wp-content\/uploads\/2016\/06\/direct-planning-projet-histogramme-de-charge-312x140.png 312w, https:\/\/www.directplanning.com\/wp-content\/uploads\/2016\/06\/direct-planning-projet-histogramme-de-charge-156x70.png 156w, https:\/\/www.directplanning.com\/wp-content\/uploads\/2016\/06\/direct-planning-projet-histogramme-de-charge-768x344.png 768w, https:\/\/www.directplanning.com\/wp-content\/uploads\/2016\/06\/direct-planning-projet-histogramme-de-charge-1536x687.png 1536w, https:\/\/www.directplanning.com\/wp-content\/uploads\/2016\/06\/direct-planning-projet-histogramme-de-charge-810x362.png 810w, https:\/\/www.directplanning.com\/wp-content\/uploads\/2016\/06\/direct-planning-projet-histogramme-de-charge-1140x510.png 1140w, https:\/\/www.directplanning.com\/wp-content\/uploads\/2016\/06\/direct-planning-projet-histogramme-de-charge.png 1920w\" sizes=\"(max-width: 610px) 100vw, 610px\" \/><\/a><figcaption class=\"wp-element-caption\">Direct Planning Projet &#8211; Histogramme de charge<\/figcaption><\/figure><\/div>\n\n\n<p>Le graphique ainsi obtenu peut \u00eatre directement <strong>copi\u00e9-coll\u00e9 dans un email<\/strong>, imprim\u00e9 ou sauvegard\u00e9 dans un format image (PNG, JPG, BMP, etc).<\/p>\n\n\n\n<h2 class=\"wp-block-heading\">Un export de la charge vers Microsoft Excel ou Open Office<\/h2>\n\n\n\n<p>Les donn\u00e9es brutes constitutives de l&#8217;histogramme de charge peuvent \u00eatre transf\u00e9r\u00e9es sous forme de tableau vers <strong>Microsoft Excel<\/strong> ou <strong>Open Office<\/strong>.<\/p>\n\n\n\n<h2 class=\"wp-block-heading\">La cr\u00e9ation automatique des fichiers descriptifs de la charge<\/h2>\n\n\n\n<p>Lors de chaque sauvegarde du planning, il est possible de cr\u00e9er automatiquement deux fichiers de donn\u00e9es d\u00e9crivant la charge de production :<\/p>\n\n\n\n<ul class=\"wp-block-list\">\n<li>la <strong>charge journali\u00e8re<\/strong> d\u00e9taill\u00e9e par ressource et groupement de ressources<\/li>\n\n\n\n<li>la <strong>charge hebdomadaire<\/strong> d\u00e9taill\u00e9e par ressource et groupement de ressources<\/li>\n<\/ul>\n\n\n\n<p>Ces fichiers de donn\u00e9es sont des fichiers au format CSV (fichier texte avec s\u00e9parateur point-virgule).<\/p>\n\n\n\n<p class=\"has-text-align-center\"><a class=\"mks_button mks_button_medium rounded\" href=\"https:\/\/www.directplanning.com\/fr\/planning-projet\/planning-projet-fonctionnalites\/\" target=\"_self\" style=\"color: #FFFFFF; background-color: #1e73be;\" > Les fonctionnalit\u00e9s Planning Projet <\/a>\n","protected":false},"excerpt":{"rendered":"<p>Avec Direct Planning Projet vous disposez de plusieurs outils pour analyser la charge de travail : histogramme de charge, export vers Excel ou Open Office et fichier descriptifs de la charge.<\/p>\n","protected":false},"author":2,"featured_media":2862,"parent":1260,"menu_order":120,"comment_status":"closed","ping_status":"open","template":"","meta":{"footnotes":""},"class_list":["post-1288","page","type-page","status-publish","has-post-thumbnail","hentry"],"yoast_head":"<!-- This site is optimized with the Yoast SEO plugin v27.5 - https:\/\/yoast.com\/product\/yoast-seo-wordpress\/ -->\n<title>Planning Projet - Analyse de la charge - Direct Planning<\/title>\n<meta name=\"description\" content=\"Visualisez la charge de travail avec histogrammes, exports vers Excel\/Open Office et fichiers descriptifs automatiques au format CSV.\" \/>\n<meta name=\"robots\" content=\"index, follow, max-snippet:-1, max-image-preview:large, max-video-preview:-1\" \/>\n<link rel=\"canonical\" href=\"https:\/\/www.directplanning.com\/fr\/planning-projet\/planning-projet-fonctionnalites\/planning-projet-analyse-de-la-charge\/\" \/>\n<meta property=\"og:locale\" content=\"fr_FR\" \/>\n<meta property=\"og:type\" content=\"article\" \/>\n<meta property=\"og:title\" content=\"Planning Projet - Analyse de la charge - Direct Planning\" \/>\n<meta property=\"og:description\" content=\"Visualisez la charge de travail avec histogrammes, exports vers Excel\/Open Office et fichiers descriptifs automatiques au format CSV.\" \/>\n<meta property=\"og:url\" content=\"https:\/\/www.directplanning.com\/fr\/planning-projet\/planning-projet-fonctionnalites\/planning-projet-analyse-de-la-charge\/\" \/>\n<meta property=\"og:site_name\" content=\"Direct Planning\" \/>\n<meta property=\"article:modified_time\" content=\"2025-10-03T10:21:39+00:00\" \/>\n<meta property=\"og:image\" content=\"https:\/\/www.directplanning.com\/wp-content\/uploads\/2016\/06\/direct-planning-projet-histogramme-de-charge.png\" \/>\n\t<meta property=\"og:image:width\" content=\"1920\" \/>\n\t<meta property=\"og:image:height\" content=\"859\" \/>\n\t<meta property=\"og:image:type\" content=\"image\/png\" \/>\n<meta name=\"twitter:card\" content=\"summary_large_image\" \/>\n<meta name=\"twitter:site\" content=\"@Direct_Planning\" \/>\n<meta name=\"twitter:label1\" content=\"Dur\u00e9e de lecture estim\u00e9e\" \/>\n\t<meta name=\"twitter:data1\" content=\"2 minutes\" \/>\n<script type=\"application\/ld+json\" class=\"yoast-schema-graph\">{\"@context\":\"https:\\\/\\\/schema.org\",\"@graph\":[{\"@type\":\"WebPage\",\"@id\":\"https:\\\/\\\/www.directplanning.com\\\/fr\\\/planning-projet\\\/planning-projet-fonctionnalites\\\/planning-projet-analyse-de-la-charge\\\/\",\"url\":\"https:\\\/\\\/www.directplanning.com\\\/fr\\\/planning-projet\\\/planning-projet-fonctionnalites\\\/planning-projet-analyse-de-la-charge\\\/\",\"name\":\"Planning Projet - Analyse de la charge - Direct Planning\",\"isPartOf\":{\"@id\":\"https:\\\/\\\/www.directplanning.com\\\/fr\\\/#website\"},\"primaryImageOfPage\":{\"@id\":\"https:\\\/\\\/www.directplanning.com\\\/fr\\\/planning-projet\\\/planning-projet-fonctionnalites\\\/planning-projet-analyse-de-la-charge\\\/#primaryimage\"},\"image\":{\"@id\":\"https:\\\/\\\/www.directplanning.com\\\/fr\\\/planning-projet\\\/planning-projet-fonctionnalites\\\/planning-projet-analyse-de-la-charge\\\/#primaryimage\"},\"thumbnailUrl\":\"https:\\\/\\\/www.directplanning.com\\\/wp-content\\\/uploads\\\/2016\\\/06\\\/direct-planning-projet-histogramme-de-charge.png\",\"datePublished\":\"2012-06-04T14:13:30+00:00\",\"dateModified\":\"2025-10-03T10:21:39+00:00\",\"description\":\"Visualisez la charge de travail avec histogrammes, exports vers Excel\\\/Open Office et fichiers descriptifs automatiques au format CSV.\",\"breadcrumb\":{\"@id\":\"https:\\\/\\\/www.directplanning.com\\\/fr\\\/planning-projet\\\/planning-projet-fonctionnalites\\\/planning-projet-analyse-de-la-charge\\\/#breadcrumb\"},\"inLanguage\":\"fr-FR\",\"potentialAction\":[{\"@type\":\"ReadAction\",\"target\":[\"https:\\\/\\\/www.directplanning.com\\\/fr\\\/planning-projet\\\/planning-projet-fonctionnalites\\\/planning-projet-analyse-de-la-charge\\\/\"]}]},{\"@type\":\"ImageObject\",\"inLanguage\":\"fr-FR\",\"@id\":\"https:\\\/\\\/www.directplanning.com\\\/fr\\\/planning-projet\\\/planning-projet-fonctionnalites\\\/planning-projet-analyse-de-la-charge\\\/#primaryimage\",\"url\":\"https:\\\/\\\/www.directplanning.com\\\/wp-content\\\/uploads\\\/2016\\\/06\\\/direct-planning-projet-histogramme-de-charge.png\",\"contentUrl\":\"https:\\\/\\\/www.directplanning.com\\\/wp-content\\\/uploads\\\/2016\\\/06\\\/direct-planning-projet-histogramme-de-charge.png\",\"width\":1920,\"height\":859,\"caption\":\"Direct Planning Projet - Histogramme de charge\"},{\"@type\":\"BreadcrumbList\",\"@id\":\"https:\\\/\\\/www.directplanning.com\\\/fr\\\/planning-projet\\\/planning-projet-fonctionnalites\\\/planning-projet-analyse-de-la-charge\\\/#breadcrumb\",\"itemListElement\":[{\"@type\":\"ListItem\",\"position\":1,\"name\":\"Accueil\",\"item\":\"https:\\\/\\\/www.directplanning.com\\\/fr\\\/\"},{\"@type\":\"ListItem\",\"position\":2,\"name\":\"Direct Planning Projet\",\"item\":\"https:\\\/\\\/www.directplanning.com\\\/fr\\\/planning-projet\\\/\"},{\"@type\":\"ListItem\",\"position\":3,\"name\":\"Planning Projet &#8211; Fonctionnalit\u00e9s\",\"item\":\"https:\\\/\\\/www.directplanning.com\\\/fr\\\/planning-projet\\\/planning-projet-fonctionnalites\\\/\"},{\"@type\":\"ListItem\",\"position\":4,\"name\":\"Planning Projet &#8211; Analyse de la charge\"}]},{\"@type\":\"WebSite\",\"@id\":\"https:\\\/\\\/www.directplanning.com\\\/fr\\\/#website\",\"url\":\"https:\\\/\\\/www.directplanning.com\\\/fr\\\/\",\"name\":\"Directplanning.com\",\"description\":\"Optimisez votre planning de production. Outil de planification intuitif et complet pour les entreprises et industries. Essai gratuit en ligne\",\"publisher\":{\"@id\":\"https:\\\/\\\/www.directplanning.com\\\/fr\\\/#organization\"},\"potentialAction\":[{\"@type\":\"SearchAction\",\"target\":{\"@type\":\"EntryPoint\",\"urlTemplate\":\"https:\\\/\\\/www.directplanning.com\\\/fr\\\/?s={search_term_string}\"},\"query-input\":{\"@type\":\"PropertyValueSpecification\",\"valueRequired\":true,\"valueName\":\"search_term_string\"}}],\"inLanguage\":\"fr-FR\"},{\"@type\":\"Organization\",\"@id\":\"https:\\\/\\\/www.directplanning.com\\\/fr\\\/#organization\",\"name\":\"Direct Planning\",\"alternateName\":\"DP\",\"url\":\"https:\\\/\\\/www.directplanning.com\\\/fr\\\/\",\"logo\":{\"@type\":\"ImageObject\",\"inLanguage\":\"fr-FR\",\"@id\":\"https:\\\/\\\/www.directplanning.com\\\/fr\\\/#\\\/schema\\\/logo\\\/image\\\/\",\"url\":\"https:\\\/\\\/www.directplanning.com\\\/wp-content\\\/uploads\\\/2023\\\/08\\\/DirectPlanIcone.bmp\",\"contentUrl\":\"https:\\\/\\\/www.directplanning.com\\\/wp-content\\\/uploads\\\/2023\\\/08\\\/DirectPlanIcone.bmp\",\"width\":320,\"height\":355,\"caption\":\"Direct Planning\"},\"image\":{\"@id\":\"https:\\\/\\\/www.directplanning.com\\\/fr\\\/#\\\/schema\\\/logo\\\/image\\\/\"},\"sameAs\":[\"https:\\\/\\\/x.com\\\/Direct_Planning\",\"https:\\\/\\\/www.linkedin.com\\\/showcase\\\/direct-planning\\\/posts\\\/?feedView=all\",\"https:\\\/\\\/www.youtube.com\\\/user\\\/VolumeSoftware\"]}]}<\/script>\n<!-- \/ Yoast SEO plugin. -->","yoast_head_json":{"title":"Planning Projet - Analyse de la charge - Direct Planning","description":"Visualisez la charge de travail avec histogrammes, exports vers Excel\/Open Office et fichiers descriptifs automatiques au format CSV.","robots":{"index":"index","follow":"follow","max-snippet":"max-snippet:-1","max-image-preview":"max-image-preview:large","max-video-preview":"max-video-preview:-1"},"canonical":"https:\/\/www.directplanning.com\/fr\/planning-projet\/planning-projet-fonctionnalites\/planning-projet-analyse-de-la-charge\/","og_locale":"fr_FR","og_type":"article","og_title":"Planning Projet - Analyse de la charge - Direct Planning","og_description":"Visualisez la charge de travail avec histogrammes, exports vers Excel\/Open Office et fichiers descriptifs automatiques au format CSV.","og_url":"https:\/\/www.directplanning.com\/fr\/planning-projet\/planning-projet-fonctionnalites\/planning-projet-analyse-de-la-charge\/","og_site_name":"Direct Planning","article_modified_time":"2025-10-03T10:21:39+00:00","og_image":[{"width":1920,"height":859,"url":"https:\/\/www.directplanning.com\/wp-content\/uploads\/2016\/06\/direct-planning-projet-histogramme-de-charge.png","type":"image\/png"}],"twitter_card":"summary_large_image","twitter_site":"@Direct_Planning","twitter_misc":{"Dur\u00e9e de lecture estim\u00e9e":"2 minutes"},"schema":{"@context":"https:\/\/schema.org","@graph":[{"@type":"WebPage","@id":"https:\/\/www.directplanning.com\/fr\/planning-projet\/planning-projet-fonctionnalites\/planning-projet-analyse-de-la-charge\/","url":"https:\/\/www.directplanning.com\/fr\/planning-projet\/planning-projet-fonctionnalites\/planning-projet-analyse-de-la-charge\/","name":"Planning Projet - Analyse de la charge - Direct Planning","isPartOf":{"@id":"https:\/\/www.directplanning.com\/fr\/#website"},"primaryImageOfPage":{"@id":"https:\/\/www.directplanning.com\/fr\/planning-projet\/planning-projet-fonctionnalites\/planning-projet-analyse-de-la-charge\/#primaryimage"},"image":{"@id":"https:\/\/www.directplanning.com\/fr\/planning-projet\/planning-projet-fonctionnalites\/planning-projet-analyse-de-la-charge\/#primaryimage"},"thumbnailUrl":"https:\/\/www.directplanning.com\/wp-content\/uploads\/2016\/06\/direct-planning-projet-histogramme-de-charge.png","datePublished":"2012-06-04T14:13:30+00:00","dateModified":"2025-10-03T10:21:39+00:00","description":"Visualisez la charge de travail avec histogrammes, exports vers Excel\/Open Office et fichiers descriptifs automatiques au format CSV.","breadcrumb":{"@id":"https:\/\/www.directplanning.com\/fr\/planning-projet\/planning-projet-fonctionnalites\/planning-projet-analyse-de-la-charge\/#breadcrumb"},"inLanguage":"fr-FR","potentialAction":[{"@type":"ReadAction","target":["https:\/\/www.directplanning.com\/fr\/planning-projet\/planning-projet-fonctionnalites\/planning-projet-analyse-de-la-charge\/"]}]},{"@type":"ImageObject","inLanguage":"fr-FR","@id":"https:\/\/www.directplanning.com\/fr\/planning-projet\/planning-projet-fonctionnalites\/planning-projet-analyse-de-la-charge\/#primaryimage","url":"https:\/\/www.directplanning.com\/wp-content\/uploads\/2016\/06\/direct-planning-projet-histogramme-de-charge.png","contentUrl":"https:\/\/www.directplanning.com\/wp-content\/uploads\/2016\/06\/direct-planning-projet-histogramme-de-charge.png","width":1920,"height":859,"caption":"Direct Planning Projet - Histogramme de charge"},{"@type":"BreadcrumbList","@id":"https:\/\/www.directplanning.com\/fr\/planning-projet\/planning-projet-fonctionnalites\/planning-projet-analyse-de-la-charge\/#breadcrumb","itemListElement":[{"@type":"ListItem","position":1,"name":"Accueil","item":"https:\/\/www.directplanning.com\/fr\/"},{"@type":"ListItem","position":2,"name":"Direct Planning Projet","item":"https:\/\/www.directplanning.com\/fr\/planning-projet\/"},{"@type":"ListItem","position":3,"name":"Planning Projet &#8211; Fonctionnalit\u00e9s","item":"https:\/\/www.directplanning.com\/fr\/planning-projet\/planning-projet-fonctionnalites\/"},{"@type":"ListItem","position":4,"name":"Planning Projet &#8211; Analyse de la charge"}]},{"@type":"WebSite","@id":"https:\/\/www.directplanning.com\/fr\/#website","url":"https:\/\/www.directplanning.com\/fr\/","name":"Directplanning.com","description":"Optimisez votre planning de production. Outil de planification intuitif et complet pour les entreprises et industries. Essai gratuit en ligne","publisher":{"@id":"https:\/\/www.directplanning.com\/fr\/#organization"},"potentialAction":[{"@type":"SearchAction","target":{"@type":"EntryPoint","urlTemplate":"https:\/\/www.directplanning.com\/fr\/?s={search_term_string}"},"query-input":{"@type":"PropertyValueSpecification","valueRequired":true,"valueName":"search_term_string"}}],"inLanguage":"fr-FR"},{"@type":"Organization","@id":"https:\/\/www.directplanning.com\/fr\/#organization","name":"Direct Planning","alternateName":"DP","url":"https:\/\/www.directplanning.com\/fr\/","logo":{"@type":"ImageObject","inLanguage":"fr-FR","@id":"https:\/\/www.directplanning.com\/fr\/#\/schema\/logo\/image\/","url":"https:\/\/www.directplanning.com\/wp-content\/uploads\/2023\/08\/DirectPlanIcone.bmp","contentUrl":"https:\/\/www.directplanning.com\/wp-content\/uploads\/2023\/08\/DirectPlanIcone.bmp","width":320,"height":355,"caption":"Direct Planning"},"image":{"@id":"https:\/\/www.directplanning.com\/fr\/#\/schema\/logo\/image\/"},"sameAs":["https:\/\/x.com\/Direct_Planning","https:\/\/www.linkedin.com\/showcase\/direct-planning\/posts\/?feedView=all","https:\/\/www.youtube.com\/user\/VolumeSoftware"]}]}},"_links":{"self":[{"href":"https:\/\/www.directplanning.com\/fr\/wp-json\/wp\/v2\/pages\/1288","targetHints":{"allow":["GET"]}}],"collection":[{"href":"https:\/\/www.directplanning.com\/fr\/wp-json\/wp\/v2\/pages"}],"about":[{"href":"https:\/\/www.directplanning.com\/fr\/wp-json\/wp\/v2\/types\/page"}],"author":[{"embeddable":true,"href":"https:\/\/www.directplanning.com\/fr\/wp-json\/wp\/v2\/users\/2"}],"replies":[{"embeddable":true,"href":"https:\/\/www.directplanning.com\/fr\/wp-json\/wp\/v2\/comments?post=1288"}],"version-history":[{"count":0,"href":"https:\/\/www.directplanning.com\/fr\/wp-json\/wp\/v2\/pages\/1288\/revisions"}],"up":[{"embeddable":true,"href":"https:\/\/www.directplanning.com\/fr\/wp-json\/wp\/v2\/pages\/1260"}],"wp:featuredmedia":[{"embeddable":true,"href":"https:\/\/www.directplanning.com\/fr\/wp-json\/wp\/v2\/media\/2862"}],"wp:attachment":[{"href":"https:\/\/www.directplanning.com\/fr\/wp-json\/wp\/v2\/media?parent=1288"}],"curies":[{"name":"wp","href":"https:\/\/api.w.org\/{rel}","templated":true}]}}