{"id":1284,"date":"2012-06-04T14:11:28","date_gmt":"2012-06-04T14:11:28","guid":{"rendered":"https:\/\/www.directplanning.com\/?page_id=1284"},"modified":"2025-10-03T12:19:21","modified_gmt":"2025-10-03T10:19:21","slug":"planning-projet-affichages-personnalisables","status":"publish","type":"page","link":"https:\/\/www.directplanning.com\/fr\/planning-projet\/planning-projet-fonctionnalites\/planning-projet-affichages-personnalisables\/","title":{"rendered":"Planning Projet &#8211; Affichages personnalisables"},"content":{"rendered":"\n<p>Dans <strong>Direct Planning<\/strong> vous pouvez compl\u00e8tement configurer l&#8217;affichage du planning selon vos besoins. Vous pouvez m\u00eame configurer des <strong>modes d&#8217;affichages<\/strong> d\u00e9di\u00e9s \u00e0 des profils utilisateurs.<\/p>\n\n\n\n<!--more-->\n\n\n\n<p> Par exemple :<\/p>\n\n\n\n<ul class=\"wp-block-list\">\n<li>le mode d&#8217;affichage principal d\u00e9di\u00e9 au planificateur<\/li>\n\n\n\n<li>un mode d&#8217;affichage <strong>d\u00e9di\u00e9 \u00e0 un intervenant<\/strong>. Dans sa vue du planning, il ne verra que les t\u00e2ches qui le concernent sur un horizon temporel limit\u00e9 ; par exemple la semaine en cours.<\/li>\n\n\n\n<li>un <strong>mode d&#8217;affichage &#8220;commercial&#8221;<\/strong> d\u00e9di\u00e9 aux assistantes commerciales qui disposeront d&#8217;une vue adapt\u00e9e permettant de r\u00e9pondre rapidement au t\u00e9l\u00e9phone \u00e0 un client sur l&#8217;\u00e9tat d&#8217;avancement d&#8217;un projet.<\/li>\n<\/ul>\n\n\n<div class=\"wp-block-image\">\n<figure class=\"aligncenter\"><a href=\"https:\/\/www.directplanning.com\/wp-content\/uploads\/2016\/06\/direct-planning-projet-mode-affichage.png\" data-rel=\"lightbox-image-0\" data-rl_title=\"\" data-rl_caption=\"\" title=\"\"><img decoding=\"async\" width=\"610\" height=\"245\" src=\"https:\/\/www.directplanning.com\/wp-content\/uploads\/2016\/06\/direct-planning-projet-mode-affichage-610x245.png\" alt=\"Direct Planning Projet - Modes d'affichages\" class=\"wp-image-2873\" srcset=\"https:\/\/www.directplanning.com\/wp-content\/uploads\/2016\/06\/direct-planning-projet-mode-affichage-610x245.png 610w, https:\/\/www.directplanning.com\/wp-content\/uploads\/2016\/06\/direct-planning-projet-mode-affichage-312x125.png 312w, https:\/\/www.directplanning.com\/wp-content\/uploads\/2016\/06\/direct-planning-projet-mode-affichage-156x63.png 156w, https:\/\/www.directplanning.com\/wp-content\/uploads\/2016\/06\/direct-planning-projet-mode-affichage-768x308.png 768w, https:\/\/www.directplanning.com\/wp-content\/uploads\/2016\/06\/direct-planning-projet-mode-affichage-1536x617.png 1536w, https:\/\/www.directplanning.com\/wp-content\/uploads\/2016\/06\/direct-planning-projet-mode-affichage-810x325.png 810w, https:\/\/www.directplanning.com\/wp-content\/uploads\/2016\/06\/direct-planning-projet-mode-affichage-1140x458.png 1140w, https:\/\/www.directplanning.com\/wp-content\/uploads\/2016\/06\/direct-planning-projet-mode-affichage.png 1900w\" sizes=\"(max-width: 610px) 100vw, 610px\" \/><\/a><figcaption class=\"wp-element-caption\">Direct Planning Projet &#8211; Modes d&#8217;affichages &#8211; Ici un affichage par projet et phase de d\u00e9veloppement<\/figcaption><\/figure><\/div>\n\n\n<h2 class=\"wp-block-heading\">Visuel des t\u00e2ches configurable<\/h2>\n\n\n\n<p>Au travers de diff\u00e9rents modes d&#8217;affichage, vous pouvez configurer diff\u00e9rents aspects visuels pour les t\u00e2ches du planning.<\/p>\n\n\n\n<h3 class=\"wp-block-heading\">Texte et nombre de lignes configurables<\/h3>\n\n\n\n<p>Chaque t\u00e2che peut contenir de <strong>1 \u00e0 5 lignes de texte<\/strong>. Chaque ligne de texte peut contenir jusqu&#8217;\u00e0 3 donn\u00e9es concat\u00e9n\u00e9es. Exemple : Nom du client, Num\u00e9ro du projet, phase de r\u00e9alisation, etc.<br>Tous ces \u00e9l\u00e9ments sont par ailleurs <a title=\"Planning Projet \u2013 Configurable pour votre m\u00e9tier\" href=\"https:\/\/www.directplanning.com\/fr\/planning-projet\/planning-projet-fonctionnalites\/planning-projet-configurable-pour-votre-metier\/\">configurables selon votre m\u00e9tier<\/a>.<\/p>\n\n\n\n<p>La taille de la police de caract\u00e8res est \u00e9galement configurable.<\/p>\n\n\n\n<h3 class=\"wp-block-heading\">M\u00e9thode de coloration configurable<\/h3>\n\n\n\n<p>Vous pouvez <strong>colorer les t\u00e2ches du planning<\/strong> automatiquement en fonction de la <a title=\"Planning Projet \u2013 La ressource planifi\u00e9e\" href=\"https:\/\/www.directplanning.com\/fr\/planning-projet\/planning-projet-fonctionnalites\/planning-projet-la-ressource-planifiee\/\">ressource <\/a>ou d&#8217;une <a title=\"Planning Projet \u2013 Configurable pour votre m\u00e9tier\" href=\"https:\/\/www.directplanning.com\/fr\/planning-projet\/planning-projet-fonctionnalites\/planning-projet-configurable-pour-votre-metier\/\">donn\u00e9e configurable du projet<\/a>.<\/p>\n\n\n\n<p>Sur une t\u00e2che comportant 5 lignes de texte, vous pouvez par exemple choisir de colorer sp\u00e9cifiquement <strong>la 5\u00e8me ligne <\/strong>selon un autre crit\u00e8re.<\/p>\n\n\n\n<h3 class=\"wp-block-heading\">S\u00e9lection des marqueurs affich\u00e9s<\/h3>\n\n\n\n<p>Dans <strong>Direct Planning<\/strong>, les <a title=\"Planning Projet \u2013 Les marqueurs visuels\" href=\"https:\/\/www.directplanning.com\/fr\/planning-projet\/planning-projet-fonctionnalites\/planning-projet-les-marqueurs-visuels\/\">marqueurs visuels<\/a> jouent un r\u00f4le important. Pour un mode d&#8217;affichage donn\u00e9, vous pouvez choisir de ne pas afficher certains marqueurs. Typiquement pour un mode d&#8217;affichage d\u00e9di\u00e9 \u00e0 un intervenant, vous pouvez choisir d&#8217;exclure les marqueurs qui ne concernent pas son activit\u00e9.<\/p>\n\n\n\n<h2 class=\"wp-block-heading\">Projection configurable<\/h2>\n\n\n\n<p>Classiquement un planning projet est affich\u00e9 avec <strong>une ligne par ressource<\/strong>, pouvant \u00eatre <strong>regroup\u00e9es par &#8220;groupe de ressource&#8221;<\/strong>.<\/p>\n\n\n\n<p>Dans <strong>Direct Planning<\/strong> cette &#8220;projection&#8221; est configurable. Vous pouvez par exemple cr\u00e9er une vue &#8220;commerciale&#8221; du planning avec une ligne par projet et un regroupement par client.<\/p>\n\n\n\n<h2 class=\"wp-block-heading\">\u00c9chelles de temps configurables<\/h2>\n\n\n\n<p>Dans Direct Planning l&#8217;utilisateur dispose de <strong>5 \u00e9chelles de temps<\/strong> qui permettent de visualiser le planning avec diff\u00e9rents niveaux de zoom. Via les modes d&#8217;affichages, vous pouvez configurer le niveau de zoom de chacune de ces \u00e9chelles de temps.<\/p>\n\n\n\n<h3 class=\"wp-block-heading\">\u00c9chelles de temps condens\u00e9e<\/h3>\n\n\n\n<p>La fonction &#8220;\u00e9chelle de temps condens\u00e9e&#8221; permet d&#8217;optimiser la visualisation du planning en masquant les p\u00e9riodes non travaill\u00e9es pour la soci\u00e9t\u00e9. Les samedis et les dimanches peuvent par exemple \u00eatre masqu\u00e9s si votre soci\u00e9t\u00e9 ne travaille pas le week-end. De la m\u00eame fa\u00e7on le planning peut commencer le matin \u00e0 08:00 et terminer le soir \u00e0 19:00.<\/p>\n\n\n\n<h2 class=\"wp-block-heading\">Restriction d&#8217;affichage<\/h2>\n\n\n\n<p>Comme \u00e9voqu\u00e9 en introduction de cette page, <strong>Direct Planning<\/strong> autorise la cr\u00e9ation de modes d&#8217;affichages restreignant la visualisation du planning \u00e0 une s\u00e9lection de ressources.<\/p>\n\n\n\n<p>De la m\u00eame fa\u00e7on, il est possible de restreindre l&#8217;horizon d&#8217;affichage du planning.<\/p>\n\n\n\n<p class=\"has-text-align-center\"><a class=\"mks_button mks_button_medium rounded\" href=\"https:\/\/www.directplanning.com\/fr\/planning-projet\/planning-projet-fonctionnalites\/\" target=\"_self\" style=\"color: #FFFFFF; background-color: #1e73be;\" > Les fonctionnalit\u00e9s Planning Projet <\/a>\n","protected":false},"excerpt":{"rendered":"<p>Dans Direct Planning vous pouvez compl\u00e8tement configurer l&#8217;affichage du planning selon vos besoins. Vous pouvez m\u00eame configurer des modes d&#8217;affichages d\u00e9di\u00e9s \u00e0 des profils utilisateurs.<\/p>\n","protected":false},"author":2,"featured_media":2873,"parent":1260,"menu_order":100,"comment_status":"closed","ping_status":"open","template":"","meta":{"footnotes":""},"class_list":["post-1284","page","type-page","status-publish","has-post-thumbnail","hentry"],"yoast_head":"<!-- This site is optimized with the Yoast SEO plugin v27.5 - https:\/\/yoast.com\/product\/yoast-seo-wordpress\/ -->\n<title>Planning Projet - Affichages personnalisables - Direct Planning<\/title>\n<meta name=\"description\" content=\"Personnalisez vos affichages projet avec couleurs, \u00e9chelles de temps et vues adapt\u00e9es aux profils utilisateurs.\" \/>\n<meta name=\"robots\" content=\"index, follow, max-snippet:-1, max-image-preview:large, max-video-preview:-1\" \/>\n<link rel=\"canonical\" href=\"https:\/\/www.directplanning.com\/fr\/planning-projet\/planning-projet-fonctionnalites\/planning-projet-affichages-personnalisables\/\" \/>\n<meta property=\"og:locale\" content=\"fr_FR\" \/>\n<meta property=\"og:type\" content=\"article\" \/>\n<meta property=\"og:title\" content=\"Planning Projet - Affichages personnalisables - Direct Planning\" \/>\n<meta property=\"og:description\" content=\"Personnalisez vos affichages projet avec couleurs, \u00e9chelles de temps et vues adapt\u00e9es aux profils utilisateurs.\" \/>\n<meta property=\"og:url\" content=\"https:\/\/www.directplanning.com\/fr\/planning-projet\/planning-projet-fonctionnalites\/planning-projet-affichages-personnalisables\/\" \/>\n<meta property=\"og:site_name\" content=\"Direct Planning\" \/>\n<meta property=\"article:modified_time\" content=\"2025-10-03T10:19:21+00:00\" \/>\n<meta property=\"og:image\" content=\"https:\/\/www.directplanning.com\/wp-content\/uploads\/2016\/06\/direct-planning-projet-mode-affichage.png\" \/>\n\t<meta property=\"og:image:width\" content=\"1900\" \/>\n\t<meta property=\"og:image:height\" content=\"763\" \/>\n\t<meta property=\"og:image:type\" content=\"image\/png\" \/>\n<meta name=\"twitter:card\" content=\"summary_large_image\" \/>\n<meta name=\"twitter:site\" content=\"@Direct_Planning\" \/>\n<meta name=\"twitter:label1\" content=\"Dur\u00e9e de lecture estim\u00e9e\" \/>\n\t<meta name=\"twitter:data1\" content=\"3 minutes\" \/>\n<script type=\"application\/ld+json\" class=\"yoast-schema-graph\">{\"@context\":\"https:\\\/\\\/schema.org\",\"@graph\":[{\"@type\":\"WebPage\",\"@id\":\"https:\\\/\\\/www.directplanning.com\\\/fr\\\/planning-projet\\\/planning-projet-fonctionnalites\\\/planning-projet-affichages-personnalisables\\\/\",\"url\":\"https:\\\/\\\/www.directplanning.com\\\/fr\\\/planning-projet\\\/planning-projet-fonctionnalites\\\/planning-projet-affichages-personnalisables\\\/\",\"name\":\"Planning Projet - Affichages personnalisables - Direct Planning\",\"isPartOf\":{\"@id\":\"https:\\\/\\\/www.directplanning.com\\\/fr\\\/#website\"},\"primaryImageOfPage\":{\"@id\":\"https:\\\/\\\/www.directplanning.com\\\/fr\\\/planning-projet\\\/planning-projet-fonctionnalites\\\/planning-projet-affichages-personnalisables\\\/#primaryimage\"},\"image\":{\"@id\":\"https:\\\/\\\/www.directplanning.com\\\/fr\\\/planning-projet\\\/planning-projet-fonctionnalites\\\/planning-projet-affichages-personnalisables\\\/#primaryimage\"},\"thumbnailUrl\":\"https:\\\/\\\/www.directplanning.com\\\/wp-content\\\/uploads\\\/2016\\\/06\\\/direct-planning-projet-mode-affichage.png\",\"datePublished\":\"2012-06-04T14:11:28+00:00\",\"dateModified\":\"2025-10-03T10:19:21+00:00\",\"description\":\"Personnalisez vos affichages projet avec couleurs, \u00e9chelles de temps et vues adapt\u00e9es aux profils utilisateurs.\",\"breadcrumb\":{\"@id\":\"https:\\\/\\\/www.directplanning.com\\\/fr\\\/planning-projet\\\/planning-projet-fonctionnalites\\\/planning-projet-affichages-personnalisables\\\/#breadcrumb\"},\"inLanguage\":\"fr-FR\",\"potentialAction\":[{\"@type\":\"ReadAction\",\"target\":[\"https:\\\/\\\/www.directplanning.com\\\/fr\\\/planning-projet\\\/planning-projet-fonctionnalites\\\/planning-projet-affichages-personnalisables\\\/\"]}]},{\"@type\":\"ImageObject\",\"inLanguage\":\"fr-FR\",\"@id\":\"https:\\\/\\\/www.directplanning.com\\\/fr\\\/planning-projet\\\/planning-projet-fonctionnalites\\\/planning-projet-affichages-personnalisables\\\/#primaryimage\",\"url\":\"https:\\\/\\\/www.directplanning.com\\\/wp-content\\\/uploads\\\/2016\\\/06\\\/direct-planning-projet-mode-affichage.png\",\"contentUrl\":\"https:\\\/\\\/www.directplanning.com\\\/wp-content\\\/uploads\\\/2016\\\/06\\\/direct-planning-projet-mode-affichage.png\",\"width\":1900,\"height\":763,\"caption\":\"Direct Planning Projet - Modes d'affichages - Ici un affichage par projet et phase de d\u00e9veloppement\"},{\"@type\":\"BreadcrumbList\",\"@id\":\"https:\\\/\\\/www.directplanning.com\\\/fr\\\/planning-projet\\\/planning-projet-fonctionnalites\\\/planning-projet-affichages-personnalisables\\\/#breadcrumb\",\"itemListElement\":[{\"@type\":\"ListItem\",\"position\":1,\"name\":\"Accueil\",\"item\":\"https:\\\/\\\/www.directplanning.com\\\/fr\\\/\"},{\"@type\":\"ListItem\",\"position\":2,\"name\":\"Direct Planning Projet\",\"item\":\"https:\\\/\\\/www.directplanning.com\\\/fr\\\/planning-projet\\\/\"},{\"@type\":\"ListItem\",\"position\":3,\"name\":\"Planning Projet &#8211; Fonctionnalit\u00e9s\",\"item\":\"https:\\\/\\\/www.directplanning.com\\\/fr\\\/planning-projet\\\/planning-projet-fonctionnalites\\\/\"},{\"@type\":\"ListItem\",\"position\":4,\"name\":\"Planning Projet &#8211; Affichages personnalisables\"}]},{\"@type\":\"WebSite\",\"@id\":\"https:\\\/\\\/www.directplanning.com\\\/fr\\\/#website\",\"url\":\"https:\\\/\\\/www.directplanning.com\\\/fr\\\/\",\"name\":\"Directplanning.com\",\"description\":\"Optimisez votre planning de production. Outil de planification intuitif et complet pour les entreprises et industries. Essai gratuit en ligne\",\"publisher\":{\"@id\":\"https:\\\/\\\/www.directplanning.com\\\/fr\\\/#organization\"},\"potentialAction\":[{\"@type\":\"SearchAction\",\"target\":{\"@type\":\"EntryPoint\",\"urlTemplate\":\"https:\\\/\\\/www.directplanning.com\\\/fr\\\/?s={search_term_string}\"},\"query-input\":{\"@type\":\"PropertyValueSpecification\",\"valueRequired\":true,\"valueName\":\"search_term_string\"}}],\"inLanguage\":\"fr-FR\"},{\"@type\":\"Organization\",\"@id\":\"https:\\\/\\\/www.directplanning.com\\\/fr\\\/#organization\",\"name\":\"Direct Planning\",\"alternateName\":\"DP\",\"url\":\"https:\\\/\\\/www.directplanning.com\\\/fr\\\/\",\"logo\":{\"@type\":\"ImageObject\",\"inLanguage\":\"fr-FR\",\"@id\":\"https:\\\/\\\/www.directplanning.com\\\/fr\\\/#\\\/schema\\\/logo\\\/image\\\/\",\"url\":\"https:\\\/\\\/www.directplanning.com\\\/wp-content\\\/uploads\\\/2023\\\/08\\\/DirectPlanIcone.bmp\",\"contentUrl\":\"https:\\\/\\\/www.directplanning.com\\\/wp-content\\\/uploads\\\/2023\\\/08\\\/DirectPlanIcone.bmp\",\"width\":320,\"height\":355,\"caption\":\"Direct Planning\"},\"image\":{\"@id\":\"https:\\\/\\\/www.directplanning.com\\\/fr\\\/#\\\/schema\\\/logo\\\/image\\\/\"},\"sameAs\":[\"https:\\\/\\\/x.com\\\/Direct_Planning\",\"https:\\\/\\\/www.linkedin.com\\\/showcase\\\/direct-planning\\\/posts\\\/?feedView=all\",\"https:\\\/\\\/www.youtube.com\\\/user\\\/VolumeSoftware\"]}]}<\/script>\n<!-- \/ Yoast SEO plugin. -->","yoast_head_json":{"title":"Planning Projet - Affichages personnalisables - Direct Planning","description":"Personnalisez vos affichages projet avec couleurs, \u00e9chelles de temps et vues adapt\u00e9es aux profils utilisateurs.","robots":{"index":"index","follow":"follow","max-snippet":"max-snippet:-1","max-image-preview":"max-image-preview:large","max-video-preview":"max-video-preview:-1"},"canonical":"https:\/\/www.directplanning.com\/fr\/planning-projet\/planning-projet-fonctionnalites\/planning-projet-affichages-personnalisables\/","og_locale":"fr_FR","og_type":"article","og_title":"Planning Projet - Affichages personnalisables - Direct Planning","og_description":"Personnalisez vos affichages projet avec couleurs, \u00e9chelles de temps et vues adapt\u00e9es aux profils utilisateurs.","og_url":"https:\/\/www.directplanning.com\/fr\/planning-projet\/planning-projet-fonctionnalites\/planning-projet-affichages-personnalisables\/","og_site_name":"Direct Planning","article_modified_time":"2025-10-03T10:19:21+00:00","og_image":[{"width":1900,"height":763,"url":"https:\/\/www.directplanning.com\/wp-content\/uploads\/2016\/06\/direct-planning-projet-mode-affichage.png","type":"image\/png"}],"twitter_card":"summary_large_image","twitter_site":"@Direct_Planning","twitter_misc":{"Dur\u00e9e de lecture estim\u00e9e":"3 minutes"},"schema":{"@context":"https:\/\/schema.org","@graph":[{"@type":"WebPage","@id":"https:\/\/www.directplanning.com\/fr\/planning-projet\/planning-projet-fonctionnalites\/planning-projet-affichages-personnalisables\/","url":"https:\/\/www.directplanning.com\/fr\/planning-projet\/planning-projet-fonctionnalites\/planning-projet-affichages-personnalisables\/","name":"Planning Projet - Affichages personnalisables - Direct Planning","isPartOf":{"@id":"https:\/\/www.directplanning.com\/fr\/#website"},"primaryImageOfPage":{"@id":"https:\/\/www.directplanning.com\/fr\/planning-projet\/planning-projet-fonctionnalites\/planning-projet-affichages-personnalisables\/#primaryimage"},"image":{"@id":"https:\/\/www.directplanning.com\/fr\/planning-projet\/planning-projet-fonctionnalites\/planning-projet-affichages-personnalisables\/#primaryimage"},"thumbnailUrl":"https:\/\/www.directplanning.com\/wp-content\/uploads\/2016\/06\/direct-planning-projet-mode-affichage.png","datePublished":"2012-06-04T14:11:28+00:00","dateModified":"2025-10-03T10:19:21+00:00","description":"Personnalisez vos affichages projet avec couleurs, \u00e9chelles de temps et vues adapt\u00e9es aux profils utilisateurs.","breadcrumb":{"@id":"https:\/\/www.directplanning.com\/fr\/planning-projet\/planning-projet-fonctionnalites\/planning-projet-affichages-personnalisables\/#breadcrumb"},"inLanguage":"fr-FR","potentialAction":[{"@type":"ReadAction","target":["https:\/\/www.directplanning.com\/fr\/planning-projet\/planning-projet-fonctionnalites\/planning-projet-affichages-personnalisables\/"]}]},{"@type":"ImageObject","inLanguage":"fr-FR","@id":"https:\/\/www.directplanning.com\/fr\/planning-projet\/planning-projet-fonctionnalites\/planning-projet-affichages-personnalisables\/#primaryimage","url":"https:\/\/www.directplanning.com\/wp-content\/uploads\/2016\/06\/direct-planning-projet-mode-affichage.png","contentUrl":"https:\/\/www.directplanning.com\/wp-content\/uploads\/2016\/06\/direct-planning-projet-mode-affichage.png","width":1900,"height":763,"caption":"Direct Planning Projet - Modes d'affichages - Ici un affichage par projet et phase de d\u00e9veloppement"},{"@type":"BreadcrumbList","@id":"https:\/\/www.directplanning.com\/fr\/planning-projet\/planning-projet-fonctionnalites\/planning-projet-affichages-personnalisables\/#breadcrumb","itemListElement":[{"@type":"ListItem","position":1,"name":"Accueil","item":"https:\/\/www.directplanning.com\/fr\/"},{"@type":"ListItem","position":2,"name":"Direct Planning Projet","item":"https:\/\/www.directplanning.com\/fr\/planning-projet\/"},{"@type":"ListItem","position":3,"name":"Planning Projet &#8211; Fonctionnalit\u00e9s","item":"https:\/\/www.directplanning.com\/fr\/planning-projet\/planning-projet-fonctionnalites\/"},{"@type":"ListItem","position":4,"name":"Planning Projet &#8211; Affichages personnalisables"}]},{"@type":"WebSite","@id":"https:\/\/www.directplanning.com\/fr\/#website","url":"https:\/\/www.directplanning.com\/fr\/","name":"Directplanning.com","description":"Optimisez votre planning de production. Outil de planification intuitif et complet pour les entreprises et industries. Essai gratuit en ligne","publisher":{"@id":"https:\/\/www.directplanning.com\/fr\/#organization"},"potentialAction":[{"@type":"SearchAction","target":{"@type":"EntryPoint","urlTemplate":"https:\/\/www.directplanning.com\/fr\/?s={search_term_string}"},"query-input":{"@type":"PropertyValueSpecification","valueRequired":true,"valueName":"search_term_string"}}],"inLanguage":"fr-FR"},{"@type":"Organization","@id":"https:\/\/www.directplanning.com\/fr\/#organization","name":"Direct Planning","alternateName":"DP","url":"https:\/\/www.directplanning.com\/fr\/","logo":{"@type":"ImageObject","inLanguage":"fr-FR","@id":"https:\/\/www.directplanning.com\/fr\/#\/schema\/logo\/image\/","url":"https:\/\/www.directplanning.com\/wp-content\/uploads\/2023\/08\/DirectPlanIcone.bmp","contentUrl":"https:\/\/www.directplanning.com\/wp-content\/uploads\/2023\/08\/DirectPlanIcone.bmp","width":320,"height":355,"caption":"Direct Planning"},"image":{"@id":"https:\/\/www.directplanning.com\/fr\/#\/schema\/logo\/image\/"},"sameAs":["https:\/\/x.com\/Direct_Planning","https:\/\/www.linkedin.com\/showcase\/direct-planning\/posts\/?feedView=all","https:\/\/www.youtube.com\/user\/VolumeSoftware"]}]}},"_links":{"self":[{"href":"https:\/\/www.directplanning.com\/fr\/wp-json\/wp\/v2\/pages\/1284","targetHints":{"allow":["GET"]}}],"collection":[{"href":"https:\/\/www.directplanning.com\/fr\/wp-json\/wp\/v2\/pages"}],"about":[{"href":"https:\/\/www.directplanning.com\/fr\/wp-json\/wp\/v2\/types\/page"}],"author":[{"embeddable":true,"href":"https:\/\/www.directplanning.com\/fr\/wp-json\/wp\/v2\/users\/2"}],"replies":[{"embeddable":true,"href":"https:\/\/www.directplanning.com\/fr\/wp-json\/wp\/v2\/comments?post=1284"}],"version-history":[{"count":0,"href":"https:\/\/www.directplanning.com\/fr\/wp-json\/wp\/v2\/pages\/1284\/revisions"}],"up":[{"embeddable":true,"href":"https:\/\/www.directplanning.com\/fr\/wp-json\/wp\/v2\/pages\/1260"}],"wp:featuredmedia":[{"embeddable":true,"href":"https:\/\/www.directplanning.com\/fr\/wp-json\/wp\/v2\/media\/2873"}],"wp:attachment":[{"href":"https:\/\/www.directplanning.com\/fr\/wp-json\/wp\/v2\/media?parent=1284"}],"curies":[{"name":"wp","href":"https:\/\/api.w.org\/{rel}","templated":true}]}}