{"id":1282,"date":"2012-06-04T14:10:51","date_gmt":"2012-06-04T14:10:51","guid":{"rendered":"https:\/\/www.directplanning.com\/?page_id=1282"},"modified":"2025-10-03T12:15:55","modified_gmt":"2025-10-03T10:15:55","slug":"planning-projet-etat-avancement-des-taches","status":"publish","type":"page","link":"https:\/\/www.directplanning.com\/fr\/planning-projet\/planning-projet-fonctionnalites\/planning-projet-etat-avancement-des-taches\/","title":{"rendered":"Planning Projet &#8211; Etat d&#8217;avancement des t\u00e2ches"},"content":{"rendered":"\n<p>Depuis la <strong>planification initiale<\/strong> jusqu&#8217;au <strong>suivi de la r\u00e9alisation<\/strong>, <strong>Direct Planning Projet<\/strong> vous permet de g\u00e9rer fid\u00e8lement l&#8217;ensemble de vos projets.<\/p>\n\n\n\n<!--more-->\n\n\n\n<h2 class=\"wp-block-heading\">Planification initiale<\/h2>\n\n\n\n<p>Sur chaque t\u00e2che initialement planifi\u00e9e, on sp\u00e9cifie une <a title=\"Planning Projet \u2013 La ressource planifi\u00e9e\" href=\"https:\/\/www.directplanning.com\/fr\/planning-projet\/planning-projet-fonctionnalites\/planning-projet-la-ressource-planifiee\/\">ressource<\/a> et une dur\u00e9e pr\u00e9vue.<\/p>\n\n\n\n<p>L&#8217;<a title=\"Planning Projet \u2013 Aide \u00e0 la planification\" href=\"https:\/\/www.directplanning.com\/fr\/planning-projet\/planning-projet-fonctionnalites\/planning-projet-aide-a-la-planification\/\">aide \u00e0 la planification<\/a> se charge de positionner automatiquement chaque t\u00e2che.<\/p>\n\n\n\n<h2 class=\"wp-block-heading\">Suivi de la production r\u00e9alis\u00e9e<\/h2>\n\n\n\n<p>Au fur et \u00e0 mesure de l&#8217;avancement de la r\u00e9alisation, on indique sur chaque t\u00e2che :<\/p>\n\n\n\n<ul class=\"wp-block-list\">\n<li>un pourcentage d&#8217;avancement<\/li>\n\n\n\n<li>la <strong>dur\u00e9e r\u00e9alis\u00e9e<\/strong>.<\/li>\n\n\n\n<li>la <strong>dur\u00e9e des arr\u00eats<\/strong> qui est un temps non consacr\u00e9 \u00e0 la r\u00e9alisation de cette t\u00e2che.<\/li>\n<\/ul>\n\n\n<div class=\"wp-block-image\">\n<figure class=\"aligncenter\"><a href=\"https:\/\/www.directplanning.com\/wp-content\/uploads\/2012\/06\/direct_planning_projet_etat_avancement_et_tache_terminee.png\" data-rel=\"lightbox-image-0\" data-rl_title=\"\" data-rl_caption=\"\" title=\"\"><img decoding=\"async\" width=\"317\" height=\"87\" src=\"https:\/\/www.directplanning.com\/wp-content\/uploads\/2012\/06\/direct_planning_projet_etat_avancement_et_tache_terminee.png\" alt=\"Direct Planning Projet - T\u00e2che termin\u00e9e et \u00e9tat d'avancement\" class=\"wp-image-1418\" srcset=\"https:\/\/www.directplanning.com\/wp-content\/uploads\/2012\/06\/direct_planning_projet_etat_avancement_et_tache_terminee.png 317w, https:\/\/www.directplanning.com\/wp-content\/uploads\/2012\/06\/direct_planning_projet_etat_avancement_et_tache_terminee-312x86.png 312w, https:\/\/www.directplanning.com\/wp-content\/uploads\/2012\/06\/direct_planning_projet_etat_avancement_et_tache_terminee-156x43.png 156w\" sizes=\"(max-width: 317px) 100vw, 317px\" \/><\/a><figcaption class=\"wp-element-caption\">Direct Planning Projet &#8211; T\u00e2che termin\u00e9e et \u00e9tat d&#8217;avancement<\/figcaption><\/figure><\/div>\n\n\n<p>Pour renseigner ces informations de suivi de production dans <strong>Direct Planning<\/strong>, vous disposez de deux m\u00e9thodes :<\/p>\n\n\n\n<ul class=\"wp-block-list\">\n<li>Plusieurs postes <strong>Direct Planning<\/strong> sont \u00e0 disposition des intervenants sur le projet. Ils saisissent ces donn\u00e9es d&#8217;avancement en temps r\u00e9el ou diff\u00e9r\u00e9, dans le cadre d&#8217;un acc\u00e8s en <strong>modification restreinte<\/strong>, o\u00f9 il est uniquement possible de renseigner des \u00e9l\u00e9ments de r\u00e9alisation.<\/li>\n\n\n\n<li>Le <strong>suivi de r\u00e9alisation <\/strong>est r\u00e9alis\u00e9 dans un syst\u00e8me d&#8217;information tierce (ERP, GPAO). Vous pouvez en suivant nos sp\u00e9cifications, <a title=\"Planning Projet \u2013 Interface avec votre syst\u00e8me d\u2019information\" href=\"https:\/\/www.directplanning.com\/fr\/planning-projet\/planning-projet-fonctionnalites\/planning-projet-interface-avec-votre-systeme-dinformation\/\">d\u00e9velopper une interface<\/a> qui permettra d&#8217;<strong>actualiser automatiquement le planning.<\/strong><\/li>\n<\/ul>\n\n\n\n<h2 class=\"wp-block-heading\">Les t\u00e2ches termin\u00e9es<\/h2>\n\n\n\n<p>Si vous ne souhaitez pas suivre les dur\u00e9es r\u00e9alis\u00e9es dans <strong>Direct Planning<\/strong>, vous pouvez malgr\u00e9 tout simplement d\u00e9clarer les t\u00e2ches termin\u00e9es <strong>en un clic<\/strong>.<\/p>\n\n\n\n<p>Les t\u00e2ches termin\u00e9es prennent alors un aspect gris\u00e9 caract\u00e9ristique. En un coup d\u2019\u0153il au planning vous mesurez ainsi parfaitement l&#8217;\u00e9tat d&#8217;avancement par ressource.<\/p>\n\n\n\n<h2 class=\"wp-block-heading\">Planification actualis\u00e9e<\/h2>\n\n\n\n<p>Suite \u00e0 la saisie de l&#8217;\u00e9tat d&#8217;avancement, <strong>Direct Planning<\/strong> est capable d&#8217;<strong>actualiser la planification pr\u00e9vue<\/strong>. Une dur\u00e9e restante est calcul\u00e9e automatiquement en se basant aux choix sur :<\/p>\n\n\n\n<ul class=\"wp-block-list\">\n<li>le temps de r\u00e9alisation r\u00e9ellement constat\u00e9.<\/li>\n\n\n\n<li>le temps th\u00e9orique pr\u00e9vu, si vous consid\u00e9rez que le temps d\u00e9j\u00e0 constat\u00e9 n&#8217;est pas repr\u00e9sentatif.<\/li>\n<\/ul>\n\n\n<div class=\"wp-block-image\">\n<figure class=\"aligncenter\"><a href=\"https:\/\/www.directplanning.com\/wp-content\/uploads\/2012\/06\/direct_planning_projet_etat_avancement_des_taches.png\" data-rel=\"lightbox-image-1\" data-rl_title=\"\" data-rl_caption=\"\" title=\"\"><img decoding=\"async\" width=\"610\" height=\"384\" src=\"https:\/\/www.directplanning.com\/wp-content\/uploads\/2012\/06\/direct_planning_projet_etat_avancement_des_taches-610x384.png\" alt=\"Direct Planning Projet - saisie de l'\u00e9tat d'avancement d'une t\u00e2che\" class=\"wp-image-1419\" srcset=\"https:\/\/www.directplanning.com\/wp-content\/uploads\/2012\/06\/direct_planning_projet_etat_avancement_des_taches-610x384.png 610w, https:\/\/www.directplanning.com\/wp-content\/uploads\/2012\/06\/direct_planning_projet_etat_avancement_des_taches-312x196.png 312w, https:\/\/www.directplanning.com\/wp-content\/uploads\/2012\/06\/direct_planning_projet_etat_avancement_des_taches-156x98.png 156w, https:\/\/www.directplanning.com\/wp-content\/uploads\/2012\/06\/direct_planning_projet_etat_avancement_des_taches-768x484.png 768w, https:\/\/www.directplanning.com\/wp-content\/uploads\/2012\/06\/direct_planning_projet_etat_avancement_des_taches-810x511.png 810w, https:\/\/www.directplanning.com\/wp-content\/uploads\/2012\/06\/direct_planning_projet_etat_avancement_des_taches.png 1036w\" sizes=\"(max-width: 610px) 100vw, 610px\" \/><\/a><figcaption class=\"wp-element-caption\">Direct Planning Projet &#8211; saisie de l&#8217;\u00e9tat d&#8217;avancement d&#8217;une t\u00e2che<\/figcaption><\/figure><\/div>\n\n\n<p class=\"has-text-align-center\"><a class=\"mks_button mks_button_medium rounded\" href=\"https:\/\/www.directplanning.com\/fr\/planning-projet\/planning-projet-fonctionnalites\/\" target=\"_self\" style=\"color: #FFFFFF; background-color: #1e73be;\" > Les fonctionnalit\u00e9s Planning Projet <\/a>\n","protected":false},"excerpt":{"rendered":"<p>Depuis la planification initiale jusqu&#8217;au suivi de la r\u00e9alisation, Direct Planning Projet vous permet de g\u00e9rer fid\u00e8lement l&#8217;ensemble de vos projets.<\/p>\n","protected":false},"author":2,"featured_media":1418,"parent":1260,"menu_order":90,"comment_status":"closed","ping_status":"open","template":"","meta":{"footnotes":""},"class_list":["post-1282","page","type-page","status-publish","has-post-thumbnail","hentry"],"yoast_head":"<!-- This site is optimized with the Yoast SEO plugin v27.4 - https:\/\/yoast.com\/product\/yoast-seo-wordpress\/ -->\n<title>Planning Projet - Etat d&#039;avancement des t\u00e2ches - Direct Planning<\/title>\n<meta name=\"description\" content=\"Suivez l\u2019avancement des t\u00e2ches : saisie du pourcentage d\u2019avancement, dur\u00e9e r\u00e9alis\u00e9e, arr\u00eats et actualisation automatique du planning.\" \/>\n<meta name=\"robots\" content=\"index, follow, max-snippet:-1, max-image-preview:large, max-video-preview:-1\" \/>\n<link rel=\"canonical\" href=\"https:\/\/www.directplanning.com\/fr\/planning-projet\/planning-projet-fonctionnalites\/planning-projet-etat-avancement-des-taches\/\" \/>\n<meta property=\"og:locale\" content=\"fr_FR\" \/>\n<meta property=\"og:type\" content=\"article\" \/>\n<meta property=\"og:title\" content=\"Planning Projet - Etat d&#039;avancement des t\u00e2ches - Direct Planning\" \/>\n<meta property=\"og:description\" content=\"Suivez l\u2019avancement des t\u00e2ches : saisie du pourcentage d\u2019avancement, dur\u00e9e r\u00e9alis\u00e9e, arr\u00eats et actualisation automatique du planning.\" \/>\n<meta property=\"og:url\" content=\"https:\/\/www.directplanning.com\/fr\/planning-projet\/planning-projet-fonctionnalites\/planning-projet-etat-avancement-des-taches\/\" \/>\n<meta property=\"og:site_name\" content=\"Direct Planning\" \/>\n<meta property=\"article:modified_time\" content=\"2025-10-03T10:15:55+00:00\" \/>\n<meta property=\"og:image\" content=\"https:\/\/www.directplanning.com\/wp-content\/uploads\/2012\/06\/direct_planning_projet_etat_avancement_et_tache_terminee.png\" \/>\n\t<meta property=\"og:image:width\" content=\"317\" \/>\n\t<meta property=\"og:image:height\" content=\"87\" \/>\n\t<meta property=\"og:image:type\" content=\"image\/png\" \/>\n<meta name=\"twitter:card\" content=\"summary_large_image\" \/>\n<meta name=\"twitter:site\" content=\"@Direct_Planning\" \/>\n<meta name=\"twitter:label1\" content=\"Dur\u00e9e de lecture estim\u00e9e\" \/>\n\t<meta name=\"twitter:data1\" content=\"3 minutes\" \/>\n<script type=\"application\/ld+json\" class=\"yoast-schema-graph\">{\"@context\":\"https:\\\/\\\/schema.org\",\"@graph\":[{\"@type\":\"WebPage\",\"@id\":\"https:\\\/\\\/www.directplanning.com\\\/fr\\\/planning-projet\\\/planning-projet-fonctionnalites\\\/planning-projet-etat-avancement-des-taches\\\/\",\"url\":\"https:\\\/\\\/www.directplanning.com\\\/fr\\\/planning-projet\\\/planning-projet-fonctionnalites\\\/planning-projet-etat-avancement-des-taches\\\/\",\"name\":\"Planning Projet - Etat d'avancement des t\u00e2ches - Direct Planning\",\"isPartOf\":{\"@id\":\"https:\\\/\\\/www.directplanning.com\\\/fr\\\/#website\"},\"primaryImageOfPage\":{\"@id\":\"https:\\\/\\\/www.directplanning.com\\\/fr\\\/planning-projet\\\/planning-projet-fonctionnalites\\\/planning-projet-etat-avancement-des-taches\\\/#primaryimage\"},\"image\":{\"@id\":\"https:\\\/\\\/www.directplanning.com\\\/fr\\\/planning-projet\\\/planning-projet-fonctionnalites\\\/planning-projet-etat-avancement-des-taches\\\/#primaryimage\"},\"thumbnailUrl\":\"https:\\\/\\\/www.directplanning.com\\\/wp-content\\\/uploads\\\/2012\\\/06\\\/direct_planning_projet_etat_avancement_et_tache_terminee.png\",\"datePublished\":\"2012-06-04T14:10:51+00:00\",\"dateModified\":\"2025-10-03T10:15:55+00:00\",\"description\":\"Suivez l\u2019avancement des t\u00e2ches : saisie du pourcentage d\u2019avancement, dur\u00e9e r\u00e9alis\u00e9e, arr\u00eats et actualisation automatique du planning.\",\"breadcrumb\":{\"@id\":\"https:\\\/\\\/www.directplanning.com\\\/fr\\\/planning-projet\\\/planning-projet-fonctionnalites\\\/planning-projet-etat-avancement-des-taches\\\/#breadcrumb\"},\"inLanguage\":\"fr-FR\",\"potentialAction\":[{\"@type\":\"ReadAction\",\"target\":[\"https:\\\/\\\/www.directplanning.com\\\/fr\\\/planning-projet\\\/planning-projet-fonctionnalites\\\/planning-projet-etat-avancement-des-taches\\\/\"]}]},{\"@type\":\"ImageObject\",\"inLanguage\":\"fr-FR\",\"@id\":\"https:\\\/\\\/www.directplanning.com\\\/fr\\\/planning-projet\\\/planning-projet-fonctionnalites\\\/planning-projet-etat-avancement-des-taches\\\/#primaryimage\",\"url\":\"https:\\\/\\\/www.directplanning.com\\\/wp-content\\\/uploads\\\/2012\\\/06\\\/direct_planning_projet_etat_avancement_et_tache_terminee.png\",\"contentUrl\":\"https:\\\/\\\/www.directplanning.com\\\/wp-content\\\/uploads\\\/2012\\\/06\\\/direct_planning_projet_etat_avancement_et_tache_terminee.png\",\"width\":317,\"height\":87,\"caption\":\"Direct Planning Projet - T\u00e2che termin\u00e9e et \u00e9tat d'avancement\"},{\"@type\":\"BreadcrumbList\",\"@id\":\"https:\\\/\\\/www.directplanning.com\\\/fr\\\/planning-projet\\\/planning-projet-fonctionnalites\\\/planning-projet-etat-avancement-des-taches\\\/#breadcrumb\",\"itemListElement\":[{\"@type\":\"ListItem\",\"position\":1,\"name\":\"Accueil\",\"item\":\"https:\\\/\\\/www.directplanning.com\\\/fr\\\/\"},{\"@type\":\"ListItem\",\"position\":2,\"name\":\"Direct Planning Projet\",\"item\":\"https:\\\/\\\/www.directplanning.com\\\/fr\\\/planning-projet\\\/\"},{\"@type\":\"ListItem\",\"position\":3,\"name\":\"Planning Projet &#8211; Fonctionnalit\u00e9s\",\"item\":\"https:\\\/\\\/www.directplanning.com\\\/fr\\\/planning-projet\\\/planning-projet-fonctionnalites\\\/\"},{\"@type\":\"ListItem\",\"position\":4,\"name\":\"Planning Projet &#8211; Etat d&#8217;avancement des t\u00e2ches\"}]},{\"@type\":\"WebSite\",\"@id\":\"https:\\\/\\\/www.directplanning.com\\\/fr\\\/#website\",\"url\":\"https:\\\/\\\/www.directplanning.com\\\/fr\\\/\",\"name\":\"Directplanning.com\",\"description\":\"Optimisez votre planning de production. Outil de planification intuitif et complet pour les entreprises et industries. Essai gratuit en ligne\",\"publisher\":{\"@id\":\"https:\\\/\\\/www.directplanning.com\\\/fr\\\/#organization\"},\"potentialAction\":[{\"@type\":\"SearchAction\",\"target\":{\"@type\":\"EntryPoint\",\"urlTemplate\":\"https:\\\/\\\/www.directplanning.com\\\/fr\\\/?s={search_term_string}\"},\"query-input\":{\"@type\":\"PropertyValueSpecification\",\"valueRequired\":true,\"valueName\":\"search_term_string\"}}],\"inLanguage\":\"fr-FR\"},{\"@type\":\"Organization\",\"@id\":\"https:\\\/\\\/www.directplanning.com\\\/fr\\\/#organization\",\"name\":\"Direct Planning\",\"alternateName\":\"DP\",\"url\":\"https:\\\/\\\/www.directplanning.com\\\/fr\\\/\",\"logo\":{\"@type\":\"ImageObject\",\"inLanguage\":\"fr-FR\",\"@id\":\"https:\\\/\\\/www.directplanning.com\\\/fr\\\/#\\\/schema\\\/logo\\\/image\\\/\",\"url\":\"https:\\\/\\\/www.directplanning.com\\\/wp-content\\\/uploads\\\/2023\\\/08\\\/DirectPlanIcone.bmp\",\"contentUrl\":\"https:\\\/\\\/www.directplanning.com\\\/wp-content\\\/uploads\\\/2023\\\/08\\\/DirectPlanIcone.bmp\",\"width\":320,\"height\":355,\"caption\":\"Direct Planning\"},\"image\":{\"@id\":\"https:\\\/\\\/www.directplanning.com\\\/fr\\\/#\\\/schema\\\/logo\\\/image\\\/\"},\"sameAs\":[\"https:\\\/\\\/x.com\\\/Direct_Planning\",\"https:\\\/\\\/www.linkedin.com\\\/showcase\\\/direct-planning\\\/posts\\\/?feedView=all\",\"https:\\\/\\\/www.youtube.com\\\/user\\\/VolumeSoftware\"]}]}<\/script>\n<!-- \/ Yoast SEO plugin. -->","yoast_head_json":{"title":"Planning Projet - Etat d'avancement des t\u00e2ches - Direct Planning","description":"Suivez l\u2019avancement des t\u00e2ches : saisie du pourcentage d\u2019avancement, dur\u00e9e r\u00e9alis\u00e9e, arr\u00eats et actualisation automatique du planning.","robots":{"index":"index","follow":"follow","max-snippet":"max-snippet:-1","max-image-preview":"max-image-preview:large","max-video-preview":"max-video-preview:-1"},"canonical":"https:\/\/www.directplanning.com\/fr\/planning-projet\/planning-projet-fonctionnalites\/planning-projet-etat-avancement-des-taches\/","og_locale":"fr_FR","og_type":"article","og_title":"Planning Projet - Etat d'avancement des t\u00e2ches - Direct Planning","og_description":"Suivez l\u2019avancement des t\u00e2ches : saisie du pourcentage d\u2019avancement, dur\u00e9e r\u00e9alis\u00e9e, arr\u00eats et actualisation automatique du planning.","og_url":"https:\/\/www.directplanning.com\/fr\/planning-projet\/planning-projet-fonctionnalites\/planning-projet-etat-avancement-des-taches\/","og_site_name":"Direct Planning","article_modified_time":"2025-10-03T10:15:55+00:00","og_image":[{"width":317,"height":87,"url":"https:\/\/www.directplanning.com\/wp-content\/uploads\/2012\/06\/direct_planning_projet_etat_avancement_et_tache_terminee.png","type":"image\/png"}],"twitter_card":"summary_large_image","twitter_site":"@Direct_Planning","twitter_misc":{"Dur\u00e9e de lecture estim\u00e9e":"3 minutes"},"schema":{"@context":"https:\/\/schema.org","@graph":[{"@type":"WebPage","@id":"https:\/\/www.directplanning.com\/fr\/planning-projet\/planning-projet-fonctionnalites\/planning-projet-etat-avancement-des-taches\/","url":"https:\/\/www.directplanning.com\/fr\/planning-projet\/planning-projet-fonctionnalites\/planning-projet-etat-avancement-des-taches\/","name":"Planning Projet - Etat d'avancement des t\u00e2ches - Direct Planning","isPartOf":{"@id":"https:\/\/www.directplanning.com\/fr\/#website"},"primaryImageOfPage":{"@id":"https:\/\/www.directplanning.com\/fr\/planning-projet\/planning-projet-fonctionnalites\/planning-projet-etat-avancement-des-taches\/#primaryimage"},"image":{"@id":"https:\/\/www.directplanning.com\/fr\/planning-projet\/planning-projet-fonctionnalites\/planning-projet-etat-avancement-des-taches\/#primaryimage"},"thumbnailUrl":"https:\/\/www.directplanning.com\/wp-content\/uploads\/2012\/06\/direct_planning_projet_etat_avancement_et_tache_terminee.png","datePublished":"2012-06-04T14:10:51+00:00","dateModified":"2025-10-03T10:15:55+00:00","description":"Suivez l\u2019avancement des t\u00e2ches : saisie du pourcentage d\u2019avancement, dur\u00e9e r\u00e9alis\u00e9e, arr\u00eats et actualisation automatique du planning.","breadcrumb":{"@id":"https:\/\/www.directplanning.com\/fr\/planning-projet\/planning-projet-fonctionnalites\/planning-projet-etat-avancement-des-taches\/#breadcrumb"},"inLanguage":"fr-FR","potentialAction":[{"@type":"ReadAction","target":["https:\/\/www.directplanning.com\/fr\/planning-projet\/planning-projet-fonctionnalites\/planning-projet-etat-avancement-des-taches\/"]}]},{"@type":"ImageObject","inLanguage":"fr-FR","@id":"https:\/\/www.directplanning.com\/fr\/planning-projet\/planning-projet-fonctionnalites\/planning-projet-etat-avancement-des-taches\/#primaryimage","url":"https:\/\/www.directplanning.com\/wp-content\/uploads\/2012\/06\/direct_planning_projet_etat_avancement_et_tache_terminee.png","contentUrl":"https:\/\/www.directplanning.com\/wp-content\/uploads\/2012\/06\/direct_planning_projet_etat_avancement_et_tache_terminee.png","width":317,"height":87,"caption":"Direct Planning Projet - T\u00e2che termin\u00e9e et \u00e9tat d'avancement"},{"@type":"BreadcrumbList","@id":"https:\/\/www.directplanning.com\/fr\/planning-projet\/planning-projet-fonctionnalites\/planning-projet-etat-avancement-des-taches\/#breadcrumb","itemListElement":[{"@type":"ListItem","position":1,"name":"Accueil","item":"https:\/\/www.directplanning.com\/fr\/"},{"@type":"ListItem","position":2,"name":"Direct Planning Projet","item":"https:\/\/www.directplanning.com\/fr\/planning-projet\/"},{"@type":"ListItem","position":3,"name":"Planning Projet &#8211; Fonctionnalit\u00e9s","item":"https:\/\/www.directplanning.com\/fr\/planning-projet\/planning-projet-fonctionnalites\/"},{"@type":"ListItem","position":4,"name":"Planning Projet &#8211; Etat d&#8217;avancement des t\u00e2ches"}]},{"@type":"WebSite","@id":"https:\/\/www.directplanning.com\/fr\/#website","url":"https:\/\/www.directplanning.com\/fr\/","name":"Directplanning.com","description":"Optimisez votre planning de production. Outil de planification intuitif et complet pour les entreprises et industries. Essai gratuit en ligne","publisher":{"@id":"https:\/\/www.directplanning.com\/fr\/#organization"},"potentialAction":[{"@type":"SearchAction","target":{"@type":"EntryPoint","urlTemplate":"https:\/\/www.directplanning.com\/fr\/?s={search_term_string}"},"query-input":{"@type":"PropertyValueSpecification","valueRequired":true,"valueName":"search_term_string"}}],"inLanguage":"fr-FR"},{"@type":"Organization","@id":"https:\/\/www.directplanning.com\/fr\/#organization","name":"Direct Planning","alternateName":"DP","url":"https:\/\/www.directplanning.com\/fr\/","logo":{"@type":"ImageObject","inLanguage":"fr-FR","@id":"https:\/\/www.directplanning.com\/fr\/#\/schema\/logo\/image\/","url":"https:\/\/www.directplanning.com\/wp-content\/uploads\/2023\/08\/DirectPlanIcone.bmp","contentUrl":"https:\/\/www.directplanning.com\/wp-content\/uploads\/2023\/08\/DirectPlanIcone.bmp","width":320,"height":355,"caption":"Direct Planning"},"image":{"@id":"https:\/\/www.directplanning.com\/fr\/#\/schema\/logo\/image\/"},"sameAs":["https:\/\/x.com\/Direct_Planning","https:\/\/www.linkedin.com\/showcase\/direct-planning\/posts\/?feedView=all","https:\/\/www.youtube.com\/user\/VolumeSoftware"]}]}},"_links":{"self":[{"href":"https:\/\/www.directplanning.com\/fr\/wp-json\/wp\/v2\/pages\/1282","targetHints":{"allow":["GET"]}}],"collection":[{"href":"https:\/\/www.directplanning.com\/fr\/wp-json\/wp\/v2\/pages"}],"about":[{"href":"https:\/\/www.directplanning.com\/fr\/wp-json\/wp\/v2\/types\/page"}],"author":[{"embeddable":true,"href":"https:\/\/www.directplanning.com\/fr\/wp-json\/wp\/v2\/users\/2"}],"replies":[{"embeddable":true,"href":"https:\/\/www.directplanning.com\/fr\/wp-json\/wp\/v2\/comments?post=1282"}],"version-history":[{"count":0,"href":"https:\/\/www.directplanning.com\/fr\/wp-json\/wp\/v2\/pages\/1282\/revisions"}],"up":[{"embeddable":true,"href":"https:\/\/www.directplanning.com\/fr\/wp-json\/wp\/v2\/pages\/1260"}],"wp:featuredmedia":[{"embeddable":true,"href":"https:\/\/www.directplanning.com\/fr\/wp-json\/wp\/v2\/media\/1418"}],"wp:attachment":[{"href":"https:\/\/www.directplanning.com\/fr\/wp-json\/wp\/v2\/media?parent=1282"}],"curies":[{"name":"wp","href":"https:\/\/api.w.org\/{rel}","templated":true}]}}