{"id":1280,"date":"2012-06-04T14:10:10","date_gmt":"2012-06-04T14:10:10","guid":{"rendered":"https:\/\/www.directplanning.com\/?page_id=1280"},"modified":"2025-10-03T12:15:04","modified_gmt":"2025-10-03T10:15:04","slug":"planning-projet-comment-modifier-un-planning","status":"publish","type":"page","link":"https:\/\/www.directplanning.com\/fr\/planning-projet\/planning-projet-fonctionnalites\/planning-projet-comment-modifier-un-planning\/","title":{"rendered":"Planning Projet &#8211; Comment modifier un planning ?"},"content":{"rendered":"\n<p>Pour un planning projet g\u00e9rant plusieurs dizaines de <strong>ressources<\/strong> et s&#8217;enrichissant chaque jour de plusieurs dizaines de nouvelles t\u00e2ches, la lisibilit\u00e9 et la facilit\u00e9 de navigation dans le planning sont essentielles.<\/p>\n\n\n\n<p>Aussi <strong>Direct Planning Projet <\/strong>propose-t-il un ensemble de fonctions pour faciliter le d\u00e9placement dans le planning et la modification de celui-ci.<\/p>\n\n\n\n<!--more-->\n\n\n\n<h2 class=\"wp-block-heading\">Naviguer dans le planning<\/h2>\n\n\n\n<h3 class=\"wp-block-heading\">Les \u00e9chelles de temps<\/h3>\n\n\n\n<p><strong>Direct Planning<\/strong> propose 5 \u00e9chelles de temps qui vous permettent de visualiser \u00e0 l&#8217;\u00e9cran de une journ\u00e9e \u00e0 plusieurs semaines. Le niveau de zoom de ces \u00e9chelles de temps est <a title=\"Planning Projet \u2013 Affichages personnalisables\" href=\"https:\/\/www.directplanning.com\/fr\/planning-projet\/planning-projet-fonctionnalites\/planning-projet-affichages-personnalisables\/\">personnalisable<\/a>.<\/p>\n\n\n\n<h3 class=\"wp-block-heading\">D\u00e9filement \u00e0 la souris et raccourcis clavier<\/h3>\n\n\n\n<p>Pour se d\u00e9placer rapidement dans le planning, on utilisera fr\u00e9quemment le d\u00e9filement via la molette de la souris et les nombreux raccourcis clavier. Donnons quelques exemples de raccourcis clavier :<\/p>\n\n\n\n<ul class=\"wp-block-list\">\n<li>Se rendre \u00e0 la date du jour<\/li>\n\n\n\n<li>Parcourir les t\u00e2ches du projet courant : premi\u00e8re, derni\u00e8re, suivante ou pr\u00e9c\u00e9dente.<\/li>\n\n\n\n<li>Se d\u00e9placer vers la t\u00e2che s\u00e9lectionn\u00e9e<\/li>\n<\/ul>\n\n\n\n<h3 class=\"wp-block-heading\">Navigation globale<\/h3>\n\n\n\n<p>La navigation globale affiche dans une petite fen\u00eatre une <strong>version miniature du planning<\/strong>. Un clic dans cette fen\u00eatre permet une navigation rapide vers une date donn\u00e9e.<\/p>\n\n\n\n<h3 class=\"wp-block-heading\">Mettre des t\u00e2ches en \u00e9vidence<\/h3>\n\n\n\n<p>La mise en \u00e9vidence est une fonction tr\u00e8s pratique de <strong>Direct Planning Projet<\/strong>. Elle permet de mettre en \u00e9vidence visuellement dans le planning un ensemble de t\u00e2ches correspondant \u00e0 un crit\u00e8re donn\u00e9. Les t\u00e2ches ne correspondant pas \u00e0 ce crit\u00e8re seront gris\u00e9es.<\/p>\n\n\n\n<p>Quelques exemples :<\/p>\n\n\n\n<ul class=\"wp-block-list\">\n<li>Les t\u00e2ches du m\u00eame client<\/li>\n\n\n\n<li>Les t\u00e2ches du m\u00eame projet (li\u00e9es entre elles)<\/li>\n\n\n\n<li>Les t\u00e2ches en alerte ou en retard<\/li>\n<\/ul>\n\n\n\n<p>Il est ensuite possible de <strong>naviguer tr\u00e8s rapidement entre les t\u00e2ches mises en \u00e9vidence<\/strong>. Id\u00e9al donc pour naviguer entre les <strong>t\u00e2ches d&#8217;un projet <\/strong>ou pour parcourir rapidement l&#8217;ensemble des <strong>t\u00e2ches en retard<\/strong>.<\/p>\n\n\n\n<h3 class=\"wp-block-heading\">Filtrer des t\u00e2ches<\/h3>\n\n\n\n<p>Dans le m\u00eame esprit que la mise en \u00e9vidence qui grise les t\u00e2ches ne correspondant pas \u00e0 un crit\u00e8re, la fonction &#8220;<strong>Filtrer<\/strong>&#8221; permet de les supprimer de l&#8217;affichage courant. Ne restent donc plus \u00e0 l&#8217;\u00e9cran que les t\u00e2ches correspondant au crit\u00e8re s\u00e9lectionn\u00e9.<\/p>\n\n\n<div class=\"wp-block-image\">\n<figure class=\"aligncenter\"><a href=\"https:\/\/www.directplanning.com\/wp-content\/uploads\/2012\/06\/direct_planning_projet_filtrer.png\" data-rel=\"lightbox-image-0\" data-rl_title=\"\" data-rl_caption=\"\" title=\"\"><img decoding=\"async\" width=\"610\" height=\"233\" src=\"https:\/\/www.directplanning.com\/wp-content\/uploads\/2012\/06\/direct_planning_projet_filtrer-610x233.png\" alt=\"Direct Planning Projet - Filtrer les t\u00e2ches d'un m\u00eame projet\" class=\"wp-image-1414\" srcset=\"https:\/\/www.directplanning.com\/wp-content\/uploads\/2012\/06\/direct_planning_projet_filtrer-610x233.png 610w, https:\/\/www.directplanning.com\/wp-content\/uploads\/2012\/06\/direct_planning_projet_filtrer-312x119.png 312w, https:\/\/www.directplanning.com\/wp-content\/uploads\/2012\/06\/direct_planning_projet_filtrer-156x59.png 156w, https:\/\/www.directplanning.com\/wp-content\/uploads\/2012\/06\/direct_planning_projet_filtrer-768x294.png 768w, https:\/\/www.directplanning.com\/wp-content\/uploads\/2012\/06\/direct_planning_projet_filtrer-1536x588.png 1536w, https:\/\/www.directplanning.com\/wp-content\/uploads\/2012\/06\/direct_planning_projet_filtrer-810x310.png 810w, https:\/\/www.directplanning.com\/wp-content\/uploads\/2012\/06\/direct_planning_projet_filtrer-1140x437.png 1140w, https:\/\/www.directplanning.com\/wp-content\/uploads\/2012\/06\/direct_planning_projet_filtrer.png 1679w\" sizes=\"(max-width: 610px) 100vw, 610px\" \/><\/a><figcaption class=\"wp-element-caption\">Direct Planning Projet &#8211; Filtrer les t\u00e2ches d&#8217;un m\u00eame projet<\/figcaption><\/figure><\/div>\n\n\n<h2 class=\"wp-block-heading\">Modifier le planning : quelques actions courantes<\/h2>\n\n\n\n<h3 class=\"wp-block-heading\">Glisser\/d\u00e9placer<\/h3>\n\n\n\n<p>La facilit\u00e9 de d\u00e9placement des t\u00e2ches est un des principes fondateur de <strong>Direct Planning<\/strong>. Le responsable du planning d\u00e9place simplement les t\u00e2ches \u00e0 la souris et l&#8217;<strong><a title=\"Planning Projet \u2013 Aide \u00e0 la planification\" href=\"https:\/\/www.directplanning.com\/fr\/planning-projet\/planning-projet-fonctionnalites\/planning-projet-aide-a-la-planification\/\">aide \u00e0 la planification<\/a><\/strong> se charge de r\u00e9arranger automatiquement le planning dans le respect des <strong><a title=\"Planning Projet \u2013 Contraintes horaires et alertes\" href=\"https:\/\/www.directplanning.com\/fr\/planning-projet\/planning-projet-fonctionnalites\/planning-projet-contraintes-horaires-et-alertes\/\">contraintes horaires<\/a><\/strong> et des <strong><a title=\"Planning Projet \u2013 Liens entre les t\u00e2ches du projet\" href=\"https:\/\/www.directplanning.com\/fr\/planning-projet\/planning-projet-fonctionnalites\/planning-projet-liens-entre-les-taches-du-projet\/\">contraintes de pr\u00e9c\u00e9dence entre les t\u00e2ches<\/a><\/strong>.<\/p>\n\n\n\n<h3 class=\"wp-block-heading\">Reporter une t\u00e2che<\/h3>\n\n\n\n<p>La fonction &#8220;Reporter&#8221; est tr\u00e8s utile au quotidien. En un clic vous pouvez choisir, par exemple de reporter une t\u00e2che ou un projet, dans 24h00, dans une semaine ou \u00e0 une date donn\u00e9e.<\/p>\n\n\n<div class=\"wp-block-image\">\n<figure class=\"aligncenter\"><a href=\"https:\/\/www.directplanning.com\/wp-content\/uploads\/2012\/06\/direct_planning_projet_reporter.png\" data-rel=\"lightbox-image-1\" data-rl_title=\"\" data-rl_caption=\"\" title=\"\"><img decoding=\"async\" src=\"https:\/\/www.directplanning.com\/wp-content\/uploads\/2012\/06\/direct_planning_projet_reporter-302x312.png\" alt=\"Direct Planning Projet - Reporter des t\u00e2ches\" class=\"wp-image-1415\"\/><\/a><figcaption class=\"wp-element-caption\">Direct Planning Projet &#8211; Reporter des t\u00e2ches<\/figcaption><\/figure><\/div>\n\n\n<h3 class=\"wp-block-heading\">Changer de ressource<\/h3>\n\n\n\n<p>Le changement de ressource est tr\u00e8s facile \u00e0 r\u00e9aliser dans <strong>Direct Planning Projet<\/strong>. Vous pouvez&nbsp; simplement d\u00e9placer la t\u00e2che sur une autre ressource via un glisser-d\u00e9placer ou bien modifier la ressource en saisie dans le d\u00e9tail de t\u00e2che.<\/p>\n\n\n\n<h3 class=\"wp-block-heading\">Subdiviser une t\u00e2che<\/h3>\n\n\n\n<p>Le logiciel propose une fonction de subdivision d&#8217;une t\u00e2che, qui vous permet de <strong>reporter \u00e0 plus tard<\/strong> la fin d&#8217;une t\u00e2che. Cette fonction vous permet \u00e9galement de <strong>parall\u00e9liser la r\u00e9alisation d&#8217;une t\u00e2che <\/strong>en passant une partie de celle-ci sur une autre ressource.<\/p>\n\n\n\n<p class=\"has-text-align-center\"><a class=\"mks_button mks_button_medium rounded\" href=\"https:\/\/www.directplanning.com\/fr\/planning-projet\/planning-projet-fonctionnalites\/\" target=\"_self\" style=\"color: #FFFFFF; background-color: #1e73be;\" > Les fonctionnalit\u00e9s Planning Projet <\/a>\n","protected":false},"excerpt":{"rendered":"<p>Pour un planning projet g\u00e9rant plusieurs dizaines de ressources et s&#8217;enrichissant chaque jour de plusieurs dizaines de nouvelles t\u00e2ches, la lisibilit\u00e9 et la facilit\u00e9 de navigation dans le planning sont essentielles. Aussi Direct Planning Projet propose-t-il un ensemble de fonctions pour faciliter le d\u00e9placement dans le planning et la modification de celui-ci.<\/p>\n","protected":false},"author":2,"featured_media":1414,"parent":1260,"menu_order":80,"comment_status":"closed","ping_status":"open","template":"","meta":{"footnotes":""},"class_list":["post-1280","page","type-page","status-publish","has-post-thumbnail","hentry"],"yoast_head":"<!-- This site is optimized with the Yoast SEO plugin v27.6 - https:\/\/yoast.com\/product\/yoast-seo-wordpress\/ -->\n<title>Planning Projet - Comment modifier un planning ? - Direct Planning<\/title>\n<meta name=\"description\" content=\"Modifiez votre planning facilement : glisser-d\u00e9poser, report, changement de ressource, subdivision de t\u00e2ches et planification via des listes.\" \/>\n<meta name=\"robots\" content=\"index, follow, max-snippet:-1, max-image-preview:large, max-video-preview:-1\" \/>\n<link rel=\"canonical\" href=\"https:\/\/www.directplanning.com\/fr\/planning-projet\/planning-projet-fonctionnalites\/planning-projet-comment-modifier-un-planning\/\" \/>\n<meta property=\"og:locale\" content=\"fr_FR\" \/>\n<meta property=\"og:type\" content=\"article\" \/>\n<meta property=\"og:title\" content=\"Planning Projet - Comment modifier un planning ? - Direct Planning\" \/>\n<meta property=\"og:description\" content=\"Modifiez votre planning facilement : glisser-d\u00e9poser, report, changement de ressource, subdivision de t\u00e2ches et planification via des listes.\" \/>\n<meta property=\"og:url\" content=\"https:\/\/www.directplanning.com\/fr\/planning-projet\/planning-projet-fonctionnalites\/planning-projet-comment-modifier-un-planning\/\" \/>\n<meta property=\"og:site_name\" content=\"Direct Planning\" \/>\n<meta property=\"article:modified_time\" content=\"2025-10-03T10:15:04+00:00\" \/>\n<meta property=\"og:image\" content=\"https:\/\/www.directplanning.com\/wp-content\/uploads\/2012\/06\/direct_planning_projet_filtrer.png\" \/>\n\t<meta property=\"og:image:width\" content=\"1679\" \/>\n\t<meta property=\"og:image:height\" content=\"643\" \/>\n\t<meta property=\"og:image:type\" content=\"image\/png\" \/>\n<meta name=\"twitter:card\" content=\"summary_large_image\" \/>\n<meta name=\"twitter:site\" content=\"@Direct_Planning\" \/>\n<meta name=\"twitter:label1\" content=\"Dur\u00e9e de lecture estim\u00e9e\" \/>\n\t<meta name=\"twitter:data1\" content=\"4 minutes\" \/>\n<script type=\"application\/ld+json\" class=\"yoast-schema-graph\">{\"@context\":\"https:\\\/\\\/schema.org\",\"@graph\":[{\"@type\":\"WebPage\",\"@id\":\"https:\\\/\\\/www.directplanning.com\\\/fr\\\/planning-projet\\\/planning-projet-fonctionnalites\\\/planning-projet-comment-modifier-un-planning\\\/\",\"url\":\"https:\\\/\\\/www.directplanning.com\\\/fr\\\/planning-projet\\\/planning-projet-fonctionnalites\\\/planning-projet-comment-modifier-un-planning\\\/\",\"name\":\"Planning Projet - Comment modifier un planning ? - Direct Planning\",\"isPartOf\":{\"@id\":\"https:\\\/\\\/www.directplanning.com\\\/fr\\\/#website\"},\"primaryImageOfPage\":{\"@id\":\"https:\\\/\\\/www.directplanning.com\\\/fr\\\/planning-projet\\\/planning-projet-fonctionnalites\\\/planning-projet-comment-modifier-un-planning\\\/#primaryimage\"},\"image\":{\"@id\":\"https:\\\/\\\/www.directplanning.com\\\/fr\\\/planning-projet\\\/planning-projet-fonctionnalites\\\/planning-projet-comment-modifier-un-planning\\\/#primaryimage\"},\"thumbnailUrl\":\"https:\\\/\\\/www.directplanning.com\\\/wp-content\\\/uploads\\\/2012\\\/06\\\/direct_planning_projet_filtrer.png\",\"datePublished\":\"2012-06-04T14:10:10+00:00\",\"dateModified\":\"2025-10-03T10:15:04+00:00\",\"description\":\"Modifiez votre planning facilement : glisser-d\u00e9poser, report, changement de ressource, subdivision de t\u00e2ches et planification via des listes.\",\"breadcrumb\":{\"@id\":\"https:\\\/\\\/www.directplanning.com\\\/fr\\\/planning-projet\\\/planning-projet-fonctionnalites\\\/planning-projet-comment-modifier-un-planning\\\/#breadcrumb\"},\"inLanguage\":\"fr-FR\",\"potentialAction\":[{\"@type\":\"ReadAction\",\"target\":[\"https:\\\/\\\/www.directplanning.com\\\/fr\\\/planning-projet\\\/planning-projet-fonctionnalites\\\/planning-projet-comment-modifier-un-planning\\\/\"]}]},{\"@type\":\"ImageObject\",\"inLanguage\":\"fr-FR\",\"@id\":\"https:\\\/\\\/www.directplanning.com\\\/fr\\\/planning-projet\\\/planning-projet-fonctionnalites\\\/planning-projet-comment-modifier-un-planning\\\/#primaryimage\",\"url\":\"https:\\\/\\\/www.directplanning.com\\\/wp-content\\\/uploads\\\/2012\\\/06\\\/direct_planning_projet_filtrer.png\",\"contentUrl\":\"https:\\\/\\\/www.directplanning.com\\\/wp-content\\\/uploads\\\/2012\\\/06\\\/direct_planning_projet_filtrer.png\",\"width\":1679,\"height\":643,\"caption\":\"Direct Planning Projet - Filtrer les t\u00e2ches d'un m\u00eame projet\"},{\"@type\":\"BreadcrumbList\",\"@id\":\"https:\\\/\\\/www.directplanning.com\\\/fr\\\/planning-projet\\\/planning-projet-fonctionnalites\\\/planning-projet-comment-modifier-un-planning\\\/#breadcrumb\",\"itemListElement\":[{\"@type\":\"ListItem\",\"position\":1,\"name\":\"Accueil\",\"item\":\"https:\\\/\\\/www.directplanning.com\\\/fr\\\/\"},{\"@type\":\"ListItem\",\"position\":2,\"name\":\"Direct Planning Projet\",\"item\":\"https:\\\/\\\/www.directplanning.com\\\/fr\\\/planning-projet\\\/\"},{\"@type\":\"ListItem\",\"position\":3,\"name\":\"Planning Projet &#8211; Fonctionnalit\u00e9s\",\"item\":\"https:\\\/\\\/www.directplanning.com\\\/fr\\\/planning-projet\\\/planning-projet-fonctionnalites\\\/\"},{\"@type\":\"ListItem\",\"position\":4,\"name\":\"Planning Projet &#8211; Comment modifier un planning ?\"}]},{\"@type\":\"WebSite\",\"@id\":\"https:\\\/\\\/www.directplanning.com\\\/fr\\\/#website\",\"url\":\"https:\\\/\\\/www.directplanning.com\\\/fr\\\/\",\"name\":\"Directplanning.com\",\"description\":\"Optimisez votre planning de production. Outil de planification intuitif et complet pour les entreprises et industries. Essai gratuit en ligne\",\"publisher\":{\"@id\":\"https:\\\/\\\/www.directplanning.com\\\/fr\\\/#organization\"},\"potentialAction\":[{\"@type\":\"SearchAction\",\"target\":{\"@type\":\"EntryPoint\",\"urlTemplate\":\"https:\\\/\\\/www.directplanning.com\\\/fr\\\/?s={search_term_string}\"},\"query-input\":{\"@type\":\"PropertyValueSpecification\",\"valueRequired\":true,\"valueName\":\"search_term_string\"}}],\"inLanguage\":\"fr-FR\"},{\"@type\":\"Organization\",\"@id\":\"https:\\\/\\\/www.directplanning.com\\\/fr\\\/#organization\",\"name\":\"Direct Planning\",\"alternateName\":\"DP\",\"url\":\"https:\\\/\\\/www.directplanning.com\\\/fr\\\/\",\"logo\":{\"@type\":\"ImageObject\",\"inLanguage\":\"fr-FR\",\"@id\":\"https:\\\/\\\/www.directplanning.com\\\/fr\\\/#\\\/schema\\\/logo\\\/image\\\/\",\"url\":\"https:\\\/\\\/www.directplanning.com\\\/wp-content\\\/uploads\\\/2023\\\/08\\\/DirectPlanIcone.bmp\",\"contentUrl\":\"https:\\\/\\\/www.directplanning.com\\\/wp-content\\\/uploads\\\/2023\\\/08\\\/DirectPlanIcone.bmp\",\"width\":320,\"height\":355,\"caption\":\"Direct Planning\"},\"image\":{\"@id\":\"https:\\\/\\\/www.directplanning.com\\\/fr\\\/#\\\/schema\\\/logo\\\/image\\\/\"},\"sameAs\":[\"https:\\\/\\\/x.com\\\/Direct_Planning\",\"https:\\\/\\\/www.linkedin.com\\\/showcase\\\/direct-planning\\\/posts\\\/?feedView=all\",\"https:\\\/\\\/www.youtube.com\\\/user\\\/VolumeSoftware\"]}]}<\/script>\n<!-- \/ Yoast SEO plugin. -->","yoast_head_json":{"title":"Planning Projet - Comment modifier un planning ? - Direct Planning","description":"Modifiez votre planning facilement : glisser-d\u00e9poser, report, changement de ressource, subdivision de t\u00e2ches et planification via des listes.","robots":{"index":"index","follow":"follow","max-snippet":"max-snippet:-1","max-image-preview":"max-image-preview:large","max-video-preview":"max-video-preview:-1"},"canonical":"https:\/\/www.directplanning.com\/fr\/planning-projet\/planning-projet-fonctionnalites\/planning-projet-comment-modifier-un-planning\/","og_locale":"fr_FR","og_type":"article","og_title":"Planning Projet - Comment modifier un planning ? - Direct Planning","og_description":"Modifiez votre planning facilement : glisser-d\u00e9poser, report, changement de ressource, subdivision de t\u00e2ches et planification via des listes.","og_url":"https:\/\/www.directplanning.com\/fr\/planning-projet\/planning-projet-fonctionnalites\/planning-projet-comment-modifier-un-planning\/","og_site_name":"Direct Planning","article_modified_time":"2025-10-03T10:15:04+00:00","og_image":[{"width":1679,"height":643,"url":"https:\/\/www.directplanning.com\/wp-content\/uploads\/2012\/06\/direct_planning_projet_filtrer.png","type":"image\/png"}],"twitter_card":"summary_large_image","twitter_site":"@Direct_Planning","twitter_misc":{"Dur\u00e9e de lecture estim\u00e9e":"4 minutes"},"schema":{"@context":"https:\/\/schema.org","@graph":[{"@type":"WebPage","@id":"https:\/\/www.directplanning.com\/fr\/planning-projet\/planning-projet-fonctionnalites\/planning-projet-comment-modifier-un-planning\/","url":"https:\/\/www.directplanning.com\/fr\/planning-projet\/planning-projet-fonctionnalites\/planning-projet-comment-modifier-un-planning\/","name":"Planning Projet - Comment modifier un planning ? - Direct Planning","isPartOf":{"@id":"https:\/\/www.directplanning.com\/fr\/#website"},"primaryImageOfPage":{"@id":"https:\/\/www.directplanning.com\/fr\/planning-projet\/planning-projet-fonctionnalites\/planning-projet-comment-modifier-un-planning\/#primaryimage"},"image":{"@id":"https:\/\/www.directplanning.com\/fr\/planning-projet\/planning-projet-fonctionnalites\/planning-projet-comment-modifier-un-planning\/#primaryimage"},"thumbnailUrl":"https:\/\/www.directplanning.com\/wp-content\/uploads\/2012\/06\/direct_planning_projet_filtrer.png","datePublished":"2012-06-04T14:10:10+00:00","dateModified":"2025-10-03T10:15:04+00:00","description":"Modifiez votre planning facilement : glisser-d\u00e9poser, report, changement de ressource, subdivision de t\u00e2ches et planification via des listes.","breadcrumb":{"@id":"https:\/\/www.directplanning.com\/fr\/planning-projet\/planning-projet-fonctionnalites\/planning-projet-comment-modifier-un-planning\/#breadcrumb"},"inLanguage":"fr-FR","potentialAction":[{"@type":"ReadAction","target":["https:\/\/www.directplanning.com\/fr\/planning-projet\/planning-projet-fonctionnalites\/planning-projet-comment-modifier-un-planning\/"]}]},{"@type":"ImageObject","inLanguage":"fr-FR","@id":"https:\/\/www.directplanning.com\/fr\/planning-projet\/planning-projet-fonctionnalites\/planning-projet-comment-modifier-un-planning\/#primaryimage","url":"https:\/\/www.directplanning.com\/wp-content\/uploads\/2012\/06\/direct_planning_projet_filtrer.png","contentUrl":"https:\/\/www.directplanning.com\/wp-content\/uploads\/2012\/06\/direct_planning_projet_filtrer.png","width":1679,"height":643,"caption":"Direct Planning Projet - Filtrer les t\u00e2ches d'un m\u00eame projet"},{"@type":"BreadcrumbList","@id":"https:\/\/www.directplanning.com\/fr\/planning-projet\/planning-projet-fonctionnalites\/planning-projet-comment-modifier-un-planning\/#breadcrumb","itemListElement":[{"@type":"ListItem","position":1,"name":"Accueil","item":"https:\/\/www.directplanning.com\/fr\/"},{"@type":"ListItem","position":2,"name":"Direct Planning Projet","item":"https:\/\/www.directplanning.com\/fr\/planning-projet\/"},{"@type":"ListItem","position":3,"name":"Planning Projet &#8211; Fonctionnalit\u00e9s","item":"https:\/\/www.directplanning.com\/fr\/planning-projet\/planning-projet-fonctionnalites\/"},{"@type":"ListItem","position":4,"name":"Planning Projet &#8211; Comment modifier un planning ?"}]},{"@type":"WebSite","@id":"https:\/\/www.directplanning.com\/fr\/#website","url":"https:\/\/www.directplanning.com\/fr\/","name":"Directplanning.com","description":"Optimisez votre planning de production. Outil de planification intuitif et complet pour les entreprises et industries. Essai gratuit en ligne","publisher":{"@id":"https:\/\/www.directplanning.com\/fr\/#organization"},"potentialAction":[{"@type":"SearchAction","target":{"@type":"EntryPoint","urlTemplate":"https:\/\/www.directplanning.com\/fr\/?s={search_term_string}"},"query-input":{"@type":"PropertyValueSpecification","valueRequired":true,"valueName":"search_term_string"}}],"inLanguage":"fr-FR"},{"@type":"Organization","@id":"https:\/\/www.directplanning.com\/fr\/#organization","name":"Direct Planning","alternateName":"DP","url":"https:\/\/www.directplanning.com\/fr\/","logo":{"@type":"ImageObject","inLanguage":"fr-FR","@id":"https:\/\/www.directplanning.com\/fr\/#\/schema\/logo\/image\/","url":"https:\/\/www.directplanning.com\/wp-content\/uploads\/2023\/08\/DirectPlanIcone.bmp","contentUrl":"https:\/\/www.directplanning.com\/wp-content\/uploads\/2023\/08\/DirectPlanIcone.bmp","width":320,"height":355,"caption":"Direct Planning"},"image":{"@id":"https:\/\/www.directplanning.com\/fr\/#\/schema\/logo\/image\/"},"sameAs":["https:\/\/x.com\/Direct_Planning","https:\/\/www.linkedin.com\/showcase\/direct-planning\/posts\/?feedView=all","https:\/\/www.youtube.com\/user\/VolumeSoftware"]}]}},"_links":{"self":[{"href":"https:\/\/www.directplanning.com\/fr\/wp-json\/wp\/v2\/pages\/1280","targetHints":{"allow":["GET"]}}],"collection":[{"href":"https:\/\/www.directplanning.com\/fr\/wp-json\/wp\/v2\/pages"}],"about":[{"href":"https:\/\/www.directplanning.com\/fr\/wp-json\/wp\/v2\/types\/page"}],"author":[{"embeddable":true,"href":"https:\/\/www.directplanning.com\/fr\/wp-json\/wp\/v2\/users\/2"}],"replies":[{"embeddable":true,"href":"https:\/\/www.directplanning.com\/fr\/wp-json\/wp\/v2\/comments?post=1280"}],"version-history":[{"count":0,"href":"https:\/\/www.directplanning.com\/fr\/wp-json\/wp\/v2\/pages\/1280\/revisions"}],"up":[{"embeddable":true,"href":"https:\/\/www.directplanning.com\/fr\/wp-json\/wp\/v2\/pages\/1260"}],"wp:featuredmedia":[{"embeddable":true,"href":"https:\/\/www.directplanning.com\/fr\/wp-json\/wp\/v2\/media\/1414"}],"wp:attachment":[{"href":"https:\/\/www.directplanning.com\/fr\/wp-json\/wp\/v2\/media?parent=1280"}],"curies":[{"name":"wp","href":"https:\/\/api.w.org\/{rel}","templated":true}]}}