{"id":1277,"date":"2012-06-04T14:08:00","date_gmt":"2012-06-04T14:08:00","guid":{"rendered":"https:\/\/www.directplanning.com\/?page_id=1277"},"modified":"2025-10-03T12:05:01","modified_gmt":"2025-10-03T10:05:01","slug":"planning-projet-aide-a-la-planification","status":"publish","type":"page","link":"https:\/\/www.directplanning.com\/fr\/planning-projet\/planning-projet-fonctionnalites\/planning-projet-aide-a-la-planification\/","title":{"rendered":"Planning Projet &#8211; Aide \u00e0 la planification"},"content":{"rendered":"\n<p>Nous connaissons bien les probl\u00e9matiques de gestion de projet des PME. Un contexte de comp\u00e9titivit\u00e9 o\u00f9 le respect des d\u00e9lais c\u00f4toie les exigences qualit\u00e9. Un planning souvent \u00e0 court terme, \u00e9voluant fr\u00e9quemment au niveau des quantit\u00e9s et des d\u00e9lais.<\/p>\n\n\n\n<p>Dans ce contexte, le chef de projet doit <strong>rester ma\u00eetre de son planning<\/strong>. Les modifications sur le planning doivent \u00eatre simples et rapides. Les <strong>contraintes client <\/strong>doivent \u00eatre respect\u00e9es en temps r\u00e9el et des <strong>alertes<\/strong> doivent vous signaler les dysfonctionnements tels que les <strong>retards<\/strong>.<\/p>\n\n\n\n<p>C&#8217;est dans cet \u00e9tat d&#8217;esprit que nous avons dot\u00e9 <strong>Direct Planning Projet <\/strong>d&#8217;une fonctionnalit\u00e9 essentielle : <strong>l&#8217;aide \u00e0 la planification<\/strong>.<\/p>\n\n\n\n<!--more-->\n\n\n<div class=\"wp-block-image\">\n<figure class=\"aligncenter\"><a href=\"https:\/\/www.directplanning.com\/wp-content\/uploads\/2016\/06\/direct-planning-projet-aide-a-la-planification.png\" data-rel=\"lightbox-image-0\" data-rl_title=\"\" data-rl_caption=\"\" title=\"\"><img decoding=\"async\" width=\"610\" height=\"250\" src=\"https:\/\/www.directplanning.com\/wp-content\/uploads\/2016\/06\/direct-planning-projet-aide-a-la-planification-610x250.png\" alt=\"Direct Planning Projet - L'aide \u00e0 la planification\" class=\"wp-image-2856\" srcset=\"https:\/\/www.directplanning.com\/wp-content\/uploads\/2016\/06\/direct-planning-projet-aide-a-la-planification-610x250.png 610w, https:\/\/www.directplanning.com\/wp-content\/uploads\/2016\/06\/direct-planning-projet-aide-a-la-planification-312x128.png 312w, https:\/\/www.directplanning.com\/wp-content\/uploads\/2016\/06\/direct-planning-projet-aide-a-la-planification-156x64.png 156w, https:\/\/www.directplanning.com\/wp-content\/uploads\/2016\/06\/direct-planning-projet-aide-a-la-planification-768x315.png 768w, https:\/\/www.directplanning.com\/wp-content\/uploads\/2016\/06\/direct-planning-projet-aide-a-la-planification-1536x631.png 1536w, https:\/\/www.directplanning.com\/wp-content\/uploads\/2016\/06\/direct-planning-projet-aide-a-la-planification-810x333.png 810w, https:\/\/www.directplanning.com\/wp-content\/uploads\/2016\/06\/direct-planning-projet-aide-a-la-planification-1140x468.png 1140w, https:\/\/www.directplanning.com\/wp-content\/uploads\/2016\/06\/direct-planning-projet-aide-a-la-planification.png 1700w\" sizes=\"(max-width: 610px) 100vw, 610px\" \/><\/a><figcaption class=\"wp-element-caption\">Direct Planning Projet &#8211; L&#8217;aide \u00e0 la planification vous aide \u00e0 optimiser votre planning<\/figcaption><\/figure><\/div>\n\n\n<h2 class=\"wp-block-heading\">L&#8217;aide \u00e0 la planification<\/h2>\n\n\n\n<h3 class=\"wp-block-heading\">Un espace &#8220;\u00e0 planifier&#8221; pour chaque ressource<\/h3>\n\n\n\n<p>Si vous avez d\u00e9velopp\u00e9 une <a title=\"Planning Projet \u2013 Interface avec votre syst\u00e8me d\u2019information\" href=\"https:\/\/www.directplanning.com\/fr\/planning-projet\/planning-projet-fonctionnalites\/planning-projet-interface-avec-votre-systeme-dinformation\/\">interface avec votre syst\u00e8me d&#8217;information<\/a> (ERP, GPAO) en suivant nos sp\u00e9cifications, aucune saisie de t\u00e2che n&#8217;est n\u00e9cessaire.<\/p>\n\n\n\n<p>Les t\u00e2ches peuvent cependant, bien entendu, \u00eatre saisies manuellement.<\/p>\n\n\n\n<p>Les nouvelles t\u00e2ches automatiquement import\u00e9es dans le planning sont mises en attente dans un espace &#8220;<strong>\u00e0 planifier<\/strong>&#8221; propre \u00e0 chaque ressource. Ainsi les nouvelles t\u00e2ches ne perturbent pas le planning r\u00e9el ; c&#8217;est vous qui planifierez ces t\u00e2ches du projet \u00e0 la date o\u00f9 vous le souhaitez.<\/p>\n\n\n\n<h3 class=\"wp-block-heading\">Respect des contraintes de pr\u00e9c\u00e9dence<\/h3>\n\n\n\n<p>Quand l&#8217;aide \u00e0 la planification est activ\u00e9e, vous avez l&#8217;assurance que les <strong>contraintes de pr\u00e9c\u00e9dence<\/strong> d\u00e9crites par les <a title=\"Planning Projet \u2013 Liens entre les t\u00e2ches du projet\" href=\"https:\/\/www.directplanning.com\/fr\/planning-projet\/planning-projet-fonctionnalites\/planning-projet-liens-entre-les-taches-du-projet\/\">liens entre les t\u00e2ches<\/a>, sont automatiquement respect\u00e9es. Quand vous d\u00e9placez une t\u00e2che en t\u00eate de projet, les t\u00e2ches situ\u00e9es en aval sont d\u00e9plac\u00e9es automatiquement.<\/p>\n\n\n\n<h3 class=\"wp-block-heading\">Respect des contraintes de d\u00e9but au plus t\u00f4t<\/h3>\n\n\n\n<p>Quand l&#8217;aide \u00e0 la planification est activ\u00e9e, vous avez \u00e9galement l&#8217;assurance que les <a title=\"Planning Projet \u2013 Contraintes horaires et alertes\" href=\"https:\/\/www.directplanning.com\/fr\/planning-projet\/planning-projet-fonctionnalites\/planning-projet-contraintes-horaires-et-alertes\/\">contraintes de d\u00e9but au plus t\u00f4t<\/a> sur les t\u00e2ches sont imp\u00e9rativement respect\u00e9es. Impossible donc de planifier par inadvertance une t\u00e2che avant sa date de d\u00e9but au plus t\u00f4t<strong>.<\/strong><\/p>\n\n\n\n<h3 class=\"wp-block-heading\">Calage automatique \u00e0 gauche \/ calage au plus t\u00f4t<\/h3>\n\n\n\n<p>En compl\u00e9ment \u00e0 l&#8217;aide \u00e0 la planification, vous pouvez \u00e9galement activer une option de fonctionnement compl\u00e9mentaire : le calage \u00e0 gauche ou <strong>calage au plus t\u00f4t<\/strong>. Dans ce mode, les t\u00e2ches seront d\u00e9cal\u00e9es automatiquement vers la gauche quand un cr\u00e9neau horaire est disponible sur la ressource.<\/p>\n\n\n\n<h3 class=\"wp-block-heading\">Calage automatique \u00e0 droite \/ calage au plus tard (juste \u00e0 temps)<\/h3>\n\n\n\n<p>Si le calage \u00e0 gauche ne vous convient, <strong>Direct Planning Projet <\/strong>propose \u00e9galement le mode calage \u00e0 droite ou <strong>calage au plus tard<\/strong>. Les t\u00e2ches du projet sont automatiquement cal\u00e9es \u00e0 droite sur leur <strong><a title=\"Planning Projet \u2013 Contraintes horaires et alertes\" href=\"https:\/\/www.directplanning.com\/fr\/planning-projet\/planning-projet-fonctionnalites\/planning-projet-contraintes-horaires-et-alertes\/\">date de fin au plus tard<\/a><\/strong>. Un mode de fonctionnement qui suit la logique &#8220;<strong>juste \u00e0 temps<\/strong>&#8220;.<\/p>\n\n\n\n<p class=\"has-text-align-center\"><a class=\"mks_button mks_button_medium rounded\" href=\"https:\/\/www.directplanning.com\/fr\/planning-projet\/planning-projet-fonctionnalites\/\" target=\"_self\" style=\"color: #FFFFFF; background-color: #1e73be;\" > Les fonctionnalit\u00e9s Planning Projet <\/a>\n","protected":false},"excerpt":{"rendered":"<p>Nous connaissons bien les probl\u00e9matiques de gestion de projet des PME. Un contexte de comp\u00e9titivit\u00e9 o\u00f9 le respect des d\u00e9lais c\u00f4toie les exigences qualit\u00e9. Un planning souvent \u00e0 court terme, \u00e9voluant fr\u00e9quemment au niveau des quantit\u00e9s et des d\u00e9lais. Dans ce contexte, le chef de projet doit rester ma\u00eetre de son planning. Les modifications sur [&hellip;]<\/p>\n","protected":false},"author":2,"featured_media":2856,"parent":1260,"menu_order":70,"comment_status":"closed","ping_status":"open","template":"","meta":{"footnotes":""},"class_list":["post-1277","page","type-page","status-publish","has-post-thumbnail","hentry"],"yoast_head":"<!-- This site is optimized with the Yoast SEO plugin v27.4 - https:\/\/yoast.com\/product\/yoast-seo-wordpress\/ -->\n<title>Planning Projet - Aide \u00e0 la planification - Direct Planning<\/title>\n<meta name=\"description\" content=\"Optimisez votre planning projet avec gestion des t\u00e2ches \u00e0 planifier et respect des contraintes de pr\u00e9c\u00e9dence.\" \/>\n<meta name=\"robots\" content=\"index, follow, max-snippet:-1, max-image-preview:large, max-video-preview:-1\" \/>\n<link rel=\"canonical\" href=\"https:\/\/www.directplanning.com\/fr\/planning-projet\/planning-projet-fonctionnalites\/planning-projet-aide-a-la-planification\/\" \/>\n<meta property=\"og:locale\" content=\"fr_FR\" \/>\n<meta property=\"og:type\" content=\"article\" \/>\n<meta property=\"og:title\" content=\"Planning Projet - Aide \u00e0 la planification - Direct Planning\" \/>\n<meta property=\"og:description\" content=\"Optimisez votre planning projet avec gestion des t\u00e2ches \u00e0 planifier et respect des contraintes de pr\u00e9c\u00e9dence.\" \/>\n<meta property=\"og:url\" content=\"https:\/\/www.directplanning.com\/fr\/planning-projet\/planning-projet-fonctionnalites\/planning-projet-aide-a-la-planification\/\" \/>\n<meta property=\"og:site_name\" content=\"Direct Planning\" \/>\n<meta property=\"article:modified_time\" content=\"2025-10-03T10:05:01+00:00\" \/>\n<meta property=\"og:image\" content=\"https:\/\/www.directplanning.com\/wp-content\/uploads\/2016\/06\/direct-planning-projet-aide-a-la-planification.png\" \/>\n\t<meta property=\"og:image:width\" content=\"1700\" \/>\n\t<meta property=\"og:image:height\" content=\"698\" \/>\n\t<meta property=\"og:image:type\" content=\"image\/png\" \/>\n<meta name=\"twitter:card\" content=\"summary_large_image\" \/>\n<meta name=\"twitter:site\" content=\"@Direct_Planning\" \/>\n<meta name=\"twitter:label1\" content=\"Dur\u00e9e de lecture estim\u00e9e\" \/>\n\t<meta name=\"twitter:data1\" content=\"3 minutes\" \/>\n<script type=\"application\/ld+json\" class=\"yoast-schema-graph\">{\"@context\":\"https:\\\/\\\/schema.org\",\"@graph\":[{\"@type\":\"WebPage\",\"@id\":\"https:\\\/\\\/www.directplanning.com\\\/fr\\\/planning-projet\\\/planning-projet-fonctionnalites\\\/planning-projet-aide-a-la-planification\\\/\",\"url\":\"https:\\\/\\\/www.directplanning.com\\\/fr\\\/planning-projet\\\/planning-projet-fonctionnalites\\\/planning-projet-aide-a-la-planification\\\/\",\"name\":\"Planning Projet - Aide \u00e0 la planification - Direct Planning\",\"isPartOf\":{\"@id\":\"https:\\\/\\\/www.directplanning.com\\\/fr\\\/#website\"},\"primaryImageOfPage\":{\"@id\":\"https:\\\/\\\/www.directplanning.com\\\/fr\\\/planning-projet\\\/planning-projet-fonctionnalites\\\/planning-projet-aide-a-la-planification\\\/#primaryimage\"},\"image\":{\"@id\":\"https:\\\/\\\/www.directplanning.com\\\/fr\\\/planning-projet\\\/planning-projet-fonctionnalites\\\/planning-projet-aide-a-la-planification\\\/#primaryimage\"},\"thumbnailUrl\":\"https:\\\/\\\/www.directplanning.com\\\/wp-content\\\/uploads\\\/2016\\\/06\\\/direct-planning-projet-aide-a-la-planification.png\",\"datePublished\":\"2012-06-04T14:08:00+00:00\",\"dateModified\":\"2025-10-03T10:05:01+00:00\",\"description\":\"Optimisez votre planning projet avec gestion des t\u00e2ches \u00e0 planifier et respect des contraintes de pr\u00e9c\u00e9dence.\",\"breadcrumb\":{\"@id\":\"https:\\\/\\\/www.directplanning.com\\\/fr\\\/planning-projet\\\/planning-projet-fonctionnalites\\\/planning-projet-aide-a-la-planification\\\/#breadcrumb\"},\"inLanguage\":\"fr-FR\",\"potentialAction\":[{\"@type\":\"ReadAction\",\"target\":[\"https:\\\/\\\/www.directplanning.com\\\/fr\\\/planning-projet\\\/planning-projet-fonctionnalites\\\/planning-projet-aide-a-la-planification\\\/\"]}]},{\"@type\":\"ImageObject\",\"inLanguage\":\"fr-FR\",\"@id\":\"https:\\\/\\\/www.directplanning.com\\\/fr\\\/planning-projet\\\/planning-projet-fonctionnalites\\\/planning-projet-aide-a-la-planification\\\/#primaryimage\",\"url\":\"https:\\\/\\\/www.directplanning.com\\\/wp-content\\\/uploads\\\/2016\\\/06\\\/direct-planning-projet-aide-a-la-planification.png\",\"contentUrl\":\"https:\\\/\\\/www.directplanning.com\\\/wp-content\\\/uploads\\\/2016\\\/06\\\/direct-planning-projet-aide-a-la-planification.png\",\"width\":1700,\"height\":698,\"caption\":\"Direct Planning Projet - L'aide \u00e0 la planification vous aide \u00e0 optimiser votre planning\"},{\"@type\":\"BreadcrumbList\",\"@id\":\"https:\\\/\\\/www.directplanning.com\\\/fr\\\/planning-projet\\\/planning-projet-fonctionnalites\\\/planning-projet-aide-a-la-planification\\\/#breadcrumb\",\"itemListElement\":[{\"@type\":\"ListItem\",\"position\":1,\"name\":\"Accueil\",\"item\":\"https:\\\/\\\/www.directplanning.com\\\/fr\\\/\"},{\"@type\":\"ListItem\",\"position\":2,\"name\":\"Direct Planning Projet\",\"item\":\"https:\\\/\\\/www.directplanning.com\\\/fr\\\/planning-projet\\\/\"},{\"@type\":\"ListItem\",\"position\":3,\"name\":\"Planning Projet &#8211; Fonctionnalit\u00e9s\",\"item\":\"https:\\\/\\\/www.directplanning.com\\\/fr\\\/planning-projet\\\/planning-projet-fonctionnalites\\\/\"},{\"@type\":\"ListItem\",\"position\":4,\"name\":\"Planning Projet &#8211; Aide \u00e0 la planification\"}]},{\"@type\":\"WebSite\",\"@id\":\"https:\\\/\\\/www.directplanning.com\\\/fr\\\/#website\",\"url\":\"https:\\\/\\\/www.directplanning.com\\\/fr\\\/\",\"name\":\"Directplanning.com\",\"description\":\"Optimisez votre planning de production. Outil de planification intuitif et complet pour les entreprises et industries. Essai gratuit en ligne\",\"publisher\":{\"@id\":\"https:\\\/\\\/www.directplanning.com\\\/fr\\\/#organization\"},\"potentialAction\":[{\"@type\":\"SearchAction\",\"target\":{\"@type\":\"EntryPoint\",\"urlTemplate\":\"https:\\\/\\\/www.directplanning.com\\\/fr\\\/?s={search_term_string}\"},\"query-input\":{\"@type\":\"PropertyValueSpecification\",\"valueRequired\":true,\"valueName\":\"search_term_string\"}}],\"inLanguage\":\"fr-FR\"},{\"@type\":\"Organization\",\"@id\":\"https:\\\/\\\/www.directplanning.com\\\/fr\\\/#organization\",\"name\":\"Direct Planning\",\"alternateName\":\"DP\",\"url\":\"https:\\\/\\\/www.directplanning.com\\\/fr\\\/\",\"logo\":{\"@type\":\"ImageObject\",\"inLanguage\":\"fr-FR\",\"@id\":\"https:\\\/\\\/www.directplanning.com\\\/fr\\\/#\\\/schema\\\/logo\\\/image\\\/\",\"url\":\"https:\\\/\\\/www.directplanning.com\\\/wp-content\\\/uploads\\\/2023\\\/08\\\/DirectPlanIcone.bmp\",\"contentUrl\":\"https:\\\/\\\/www.directplanning.com\\\/wp-content\\\/uploads\\\/2023\\\/08\\\/DirectPlanIcone.bmp\",\"width\":320,\"height\":355,\"caption\":\"Direct Planning\"},\"image\":{\"@id\":\"https:\\\/\\\/www.directplanning.com\\\/fr\\\/#\\\/schema\\\/logo\\\/image\\\/\"},\"sameAs\":[\"https:\\\/\\\/x.com\\\/Direct_Planning\",\"https:\\\/\\\/www.linkedin.com\\\/showcase\\\/direct-planning\\\/posts\\\/?feedView=all\",\"https:\\\/\\\/www.youtube.com\\\/user\\\/VolumeSoftware\"]}]}<\/script>\n<!-- \/ Yoast SEO plugin. -->","yoast_head_json":{"title":"Planning Projet - Aide \u00e0 la planification - Direct Planning","description":"Optimisez votre planning projet avec gestion des t\u00e2ches \u00e0 planifier et respect des contraintes de pr\u00e9c\u00e9dence.","robots":{"index":"index","follow":"follow","max-snippet":"max-snippet:-1","max-image-preview":"max-image-preview:large","max-video-preview":"max-video-preview:-1"},"canonical":"https:\/\/www.directplanning.com\/fr\/planning-projet\/planning-projet-fonctionnalites\/planning-projet-aide-a-la-planification\/","og_locale":"fr_FR","og_type":"article","og_title":"Planning Projet - Aide \u00e0 la planification - Direct Planning","og_description":"Optimisez votre planning projet avec gestion des t\u00e2ches \u00e0 planifier et respect des contraintes de pr\u00e9c\u00e9dence.","og_url":"https:\/\/www.directplanning.com\/fr\/planning-projet\/planning-projet-fonctionnalites\/planning-projet-aide-a-la-planification\/","og_site_name":"Direct Planning","article_modified_time":"2025-10-03T10:05:01+00:00","og_image":[{"width":1700,"height":698,"url":"https:\/\/www.directplanning.com\/wp-content\/uploads\/2016\/06\/direct-planning-projet-aide-a-la-planification.png","type":"image\/png"}],"twitter_card":"summary_large_image","twitter_site":"@Direct_Planning","twitter_misc":{"Dur\u00e9e de lecture estim\u00e9e":"3 minutes"},"schema":{"@context":"https:\/\/schema.org","@graph":[{"@type":"WebPage","@id":"https:\/\/www.directplanning.com\/fr\/planning-projet\/planning-projet-fonctionnalites\/planning-projet-aide-a-la-planification\/","url":"https:\/\/www.directplanning.com\/fr\/planning-projet\/planning-projet-fonctionnalites\/planning-projet-aide-a-la-planification\/","name":"Planning Projet - Aide \u00e0 la planification - Direct Planning","isPartOf":{"@id":"https:\/\/www.directplanning.com\/fr\/#website"},"primaryImageOfPage":{"@id":"https:\/\/www.directplanning.com\/fr\/planning-projet\/planning-projet-fonctionnalites\/planning-projet-aide-a-la-planification\/#primaryimage"},"image":{"@id":"https:\/\/www.directplanning.com\/fr\/planning-projet\/planning-projet-fonctionnalites\/planning-projet-aide-a-la-planification\/#primaryimage"},"thumbnailUrl":"https:\/\/www.directplanning.com\/wp-content\/uploads\/2016\/06\/direct-planning-projet-aide-a-la-planification.png","datePublished":"2012-06-04T14:08:00+00:00","dateModified":"2025-10-03T10:05:01+00:00","description":"Optimisez votre planning projet avec gestion des t\u00e2ches \u00e0 planifier et respect des contraintes de pr\u00e9c\u00e9dence.","breadcrumb":{"@id":"https:\/\/www.directplanning.com\/fr\/planning-projet\/planning-projet-fonctionnalites\/planning-projet-aide-a-la-planification\/#breadcrumb"},"inLanguage":"fr-FR","potentialAction":[{"@type":"ReadAction","target":["https:\/\/www.directplanning.com\/fr\/planning-projet\/planning-projet-fonctionnalites\/planning-projet-aide-a-la-planification\/"]}]},{"@type":"ImageObject","inLanguage":"fr-FR","@id":"https:\/\/www.directplanning.com\/fr\/planning-projet\/planning-projet-fonctionnalites\/planning-projet-aide-a-la-planification\/#primaryimage","url":"https:\/\/www.directplanning.com\/wp-content\/uploads\/2016\/06\/direct-planning-projet-aide-a-la-planification.png","contentUrl":"https:\/\/www.directplanning.com\/wp-content\/uploads\/2016\/06\/direct-planning-projet-aide-a-la-planification.png","width":1700,"height":698,"caption":"Direct Planning Projet - L'aide \u00e0 la planification vous aide \u00e0 optimiser votre planning"},{"@type":"BreadcrumbList","@id":"https:\/\/www.directplanning.com\/fr\/planning-projet\/planning-projet-fonctionnalites\/planning-projet-aide-a-la-planification\/#breadcrumb","itemListElement":[{"@type":"ListItem","position":1,"name":"Accueil","item":"https:\/\/www.directplanning.com\/fr\/"},{"@type":"ListItem","position":2,"name":"Direct Planning Projet","item":"https:\/\/www.directplanning.com\/fr\/planning-projet\/"},{"@type":"ListItem","position":3,"name":"Planning Projet &#8211; Fonctionnalit\u00e9s","item":"https:\/\/www.directplanning.com\/fr\/planning-projet\/planning-projet-fonctionnalites\/"},{"@type":"ListItem","position":4,"name":"Planning Projet &#8211; Aide \u00e0 la planification"}]},{"@type":"WebSite","@id":"https:\/\/www.directplanning.com\/fr\/#website","url":"https:\/\/www.directplanning.com\/fr\/","name":"Directplanning.com","description":"Optimisez votre planning de production. Outil de planification intuitif et complet pour les entreprises et industries. Essai gratuit en ligne","publisher":{"@id":"https:\/\/www.directplanning.com\/fr\/#organization"},"potentialAction":[{"@type":"SearchAction","target":{"@type":"EntryPoint","urlTemplate":"https:\/\/www.directplanning.com\/fr\/?s={search_term_string}"},"query-input":{"@type":"PropertyValueSpecification","valueRequired":true,"valueName":"search_term_string"}}],"inLanguage":"fr-FR"},{"@type":"Organization","@id":"https:\/\/www.directplanning.com\/fr\/#organization","name":"Direct Planning","alternateName":"DP","url":"https:\/\/www.directplanning.com\/fr\/","logo":{"@type":"ImageObject","inLanguage":"fr-FR","@id":"https:\/\/www.directplanning.com\/fr\/#\/schema\/logo\/image\/","url":"https:\/\/www.directplanning.com\/wp-content\/uploads\/2023\/08\/DirectPlanIcone.bmp","contentUrl":"https:\/\/www.directplanning.com\/wp-content\/uploads\/2023\/08\/DirectPlanIcone.bmp","width":320,"height":355,"caption":"Direct Planning"},"image":{"@id":"https:\/\/www.directplanning.com\/fr\/#\/schema\/logo\/image\/"},"sameAs":["https:\/\/x.com\/Direct_Planning","https:\/\/www.linkedin.com\/showcase\/direct-planning\/posts\/?feedView=all","https:\/\/www.youtube.com\/user\/VolumeSoftware"]}]}},"_links":{"self":[{"href":"https:\/\/www.directplanning.com\/fr\/wp-json\/wp\/v2\/pages\/1277","targetHints":{"allow":["GET"]}}],"collection":[{"href":"https:\/\/www.directplanning.com\/fr\/wp-json\/wp\/v2\/pages"}],"about":[{"href":"https:\/\/www.directplanning.com\/fr\/wp-json\/wp\/v2\/types\/page"}],"author":[{"embeddable":true,"href":"https:\/\/www.directplanning.com\/fr\/wp-json\/wp\/v2\/users\/2"}],"replies":[{"embeddable":true,"href":"https:\/\/www.directplanning.com\/fr\/wp-json\/wp\/v2\/comments?post=1277"}],"version-history":[{"count":0,"href":"https:\/\/www.directplanning.com\/fr\/wp-json\/wp\/v2\/pages\/1277\/revisions"}],"up":[{"embeddable":true,"href":"https:\/\/www.directplanning.com\/fr\/wp-json\/wp\/v2\/pages\/1260"}],"wp:featuredmedia":[{"embeddable":true,"href":"https:\/\/www.directplanning.com\/fr\/wp-json\/wp\/v2\/media\/2856"}],"wp:attachment":[{"href":"https:\/\/www.directplanning.com\/fr\/wp-json\/wp\/v2\/media?parent=1277"}],"curies":[{"name":"wp","href":"https:\/\/api.w.org\/{rel}","templated":true}]}}