{"id":1275,"date":"2012-06-04T14:07:01","date_gmt":"2012-06-04T14:07:01","guid":{"rendered":"https:\/\/www.directplanning.com\/?page_id=1275"},"modified":"2025-10-03T12:03:51","modified_gmt":"2025-10-03T10:03:51","slug":"planning-projet-liens-entre-les-taches-du-projet","status":"publish","type":"page","link":"https:\/\/www.directplanning.com\/fr\/planning-projet\/planning-projet-fonctionnalites\/planning-projet-liens-entre-les-taches-du-projet\/","title":{"rendered":"Planning Projet &#8211; Liens entre les t\u00e2ches du projet"},"content":{"rendered":"\n<p><strong>Direct Planning Projet <\/strong>vous permet de cr\u00e9er des liens de pr\u00e9c\u00e9dence entre les t\u00e2ches planifi\u00e9es sur les diff\u00e9rentes ressources.<\/p>\n\n\n\n<!--more-->\n\n\n<div class=\"wp-block-image\">\n<figure class=\"aligncenter\"><a href=\"https:\/\/www.directplanning.com\/wp-content\/uploads\/2012\/06\/direct_planning_projet_liens_entre_les_taches_projet.png\" data-rel=\"lightbox-image-0\" data-rl_title=\"\" data-rl_caption=\"\" title=\"\"><img decoding=\"async\" src=\"https:\/\/www.directplanning.com\/wp-content\/uploads\/2012\/06\/direct_planning_projet_liens_entre_les_taches_projet-610x193.png\" alt=\"Direct Planning Projet - Liens entre les t\u00e2ches d'un projet\" class=\"wp-image-1409\"\/><\/a><figcaption class=\"wp-element-caption\">Direct Planning Projet &#8211; Liens entre les t\u00e2ches d&#8217;un projet<\/figcaption><\/figure><\/div>\n\n\n<h2 class=\"wp-block-heading\">Les types de liens<\/h2>\n\n\n\n<p>Les liens entre les t\u00e2ches sont des liens fin-d\u00e9but de plusieurs types :<\/p>\n\n\n\n<ul class=\"wp-block-list\">\n<li><strong>Le lien classique<\/strong> : la t\u00e2che de destination peut d\u00e9buter quand la t\u00e2che source se termine.<\/li>\n\n\n\n<li><strong>Le lien avec chevauchement<\/strong> : la t\u00e2che destination peut d\u00e9buter <strong>avant<\/strong> que la t\u00e2che source se termine.<\/li>\n\n\n\n<li><strong>Le lien avec d\u00e9calage<\/strong> : la t\u00e2che destination pourra commencer seulement apr\u00e8s que la t\u00e2che source soit termin\u00e9e depuis un certain temps (d\u00e9lais de s\u00e9curit\u00e9, temps de transport, temps de sous-traitance, etc).<\/li>\n<\/ul>\n\n\n<div class=\"wp-block-image\">\n<figure class=\"aligncenter\"><a href=\"https:\/\/www.directplanning.com\/wp-content\/uploads\/2012\/06\/direct_planning_projet_lien_decalage.png\" data-rel=\"lightbox-image-1\" data-rl_title=\"\" data-rl_caption=\"\" title=\"\"><img decoding=\"async\" width=\"610\" height=\"324\" src=\"https:\/\/www.directplanning.com\/wp-content\/uploads\/2012\/06\/direct_planning_projet_lien_decalage-610x324.png\" alt=\"Direct Planning Projet - Cr\u00e9ation d'un lien de type avec d\u00e9calage\" class=\"wp-image-1410\" srcset=\"https:\/\/www.directplanning.com\/wp-content\/uploads\/2012\/06\/direct_planning_projet_lien_decalage-610x324.png 610w, https:\/\/www.directplanning.com\/wp-content\/uploads\/2012\/06\/direct_planning_projet_lien_decalage-312x166.png 312w, https:\/\/www.directplanning.com\/wp-content\/uploads\/2012\/06\/direct_planning_projet_lien_decalage-156x83.png 156w, https:\/\/www.directplanning.com\/wp-content\/uploads\/2012\/06\/direct_planning_projet_lien_decalage-768x408.png 768w, https:\/\/www.directplanning.com\/wp-content\/uploads\/2012\/06\/direct_planning_projet_lien_decalage-810x430.png 810w, https:\/\/www.directplanning.com\/wp-content\/uploads\/2012\/06\/direct_planning_projet_lien_decalage.png 864w\" sizes=\"(max-width: 610px) 100vw, 610px\" \/><\/a><figcaption class=\"wp-element-caption\">Direct Planning Projet &#8211; Cr\u00e9ation d&#8217;un lien de type avec d\u00e9calage<\/figcaption><\/figure><\/div>\n\n\n<h2 class=\"wp-block-heading\">Mod\u00e9lisation de la sous-traitance<\/h2>\n\n\n\n<p>L&#8217;utilisation de <strong>lien avec d\u00e9calage<\/strong> associ\u00e9e \u00e0 des t\u00e2ches jalon permet un mod\u00e9lisation de la <strong>sous-traitance dans le planning<\/strong>. Pour mod\u00e9liser un retour de sous-traitance, on peut \u00e9galement utiliser une <strong><a title=\"Planning Projet \u2013 Contraintes horaires et alertes\" href=\"https:\/\/www.directplanning.com\/fr\/planning-projet\/planning-projet-fonctionnalites\/planning-projet-contraintes-horaires-et-alertes\/\">date de d\u00e9but au plus t\u00f4t<\/a><\/strong>.<\/p>\n\n\n\n<p class=\"has-text-align-center\"><a class=\"mks_button mks_button_medium rounded\" href=\"https:\/\/www.directplanning.com\/fr\/planning-projet\/planning-projet-fonctionnalites\/\" target=\"_self\" style=\"color: #FFFFFF; background-color: #1e73be;\" > Les fonctionnalit\u00e9s Planning Projet <\/a>\n","protected":false},"excerpt":{"rendered":"<p>Direct Planning Projet vous permet de cr\u00e9er des liens de pr\u00e9c\u00e9dence entre les t\u00e2ches planifi\u00e9es sur les diff\u00e9rentes ressources.<\/p>\n","protected":false},"author":2,"featured_media":1409,"parent":1260,"menu_order":60,"comment_status":"closed","ping_status":"open","template":"","meta":{"footnotes":""},"class_list":["post-1275","page","type-page","status-publish","has-post-thumbnail","hentry"],"yoast_head":"<!-- This site is optimized with the Yoast SEO plugin v27.4 - https:\/\/yoast.com\/product\/yoast-seo-wordpress\/ -->\n<title>Planning Projet - Liens entre les t\u00e2ches du projet - Direct Planning<\/title>\n<meta name=\"description\" content=\"Cr\u00e9ez des liens de pr\u00e9c\u00e9dence entre t\u00e2ches : classique, avec chevauchement ou d\u00e9calage, pour mod\u00e9liser sous-traitance et d\u00e9lais de s\u00e9curit\u00e9.\" \/>\n<meta name=\"robots\" content=\"index, follow, max-snippet:-1, max-image-preview:large, max-video-preview:-1\" \/>\n<link rel=\"canonical\" href=\"https:\/\/www.directplanning.com\/fr\/planning-projet\/planning-projet-fonctionnalites\/planning-projet-liens-entre-les-taches-du-projet\/\" \/>\n<meta property=\"og:locale\" content=\"fr_FR\" \/>\n<meta property=\"og:type\" content=\"article\" \/>\n<meta property=\"og:title\" content=\"Planning Projet - Liens entre les t\u00e2ches du projet - Direct Planning\" \/>\n<meta property=\"og:description\" content=\"Cr\u00e9ez des liens de pr\u00e9c\u00e9dence entre t\u00e2ches : classique, avec chevauchement ou d\u00e9calage, pour mod\u00e9liser sous-traitance et d\u00e9lais de s\u00e9curit\u00e9.\" \/>\n<meta property=\"og:url\" content=\"https:\/\/www.directplanning.com\/fr\/planning-projet\/planning-projet-fonctionnalites\/planning-projet-liens-entre-les-taches-du-projet\/\" \/>\n<meta property=\"og:site_name\" content=\"Direct Planning\" \/>\n<meta property=\"article:modified_time\" content=\"2025-10-03T10:03:51+00:00\" \/>\n<meta property=\"og:image\" content=\"https:\/\/www.directplanning.com\/wp-content\/uploads\/2012\/06\/direct_planning_projet_liens_entre_les_taches_projet.png\" \/>\n\t<meta property=\"og:image:width\" content=\"1579\" \/>\n\t<meta property=\"og:image:height\" content=\"502\" \/>\n\t<meta property=\"og:image:type\" content=\"image\/png\" \/>\n<meta name=\"twitter:card\" content=\"summary_large_image\" \/>\n<meta name=\"twitter:site\" content=\"@Direct_Planning\" \/>\n<meta name=\"twitter:label1\" content=\"Dur\u00e9e de lecture estim\u00e9e\" \/>\n\t<meta name=\"twitter:data1\" content=\"2 minutes\" \/>\n<script type=\"application\/ld+json\" class=\"yoast-schema-graph\">{\"@context\":\"https:\\\/\\\/schema.org\",\"@graph\":[{\"@type\":\"WebPage\",\"@id\":\"https:\\\/\\\/www.directplanning.com\\\/fr\\\/planning-projet\\\/planning-projet-fonctionnalites\\\/planning-projet-liens-entre-les-taches-du-projet\\\/\",\"url\":\"https:\\\/\\\/www.directplanning.com\\\/fr\\\/planning-projet\\\/planning-projet-fonctionnalites\\\/planning-projet-liens-entre-les-taches-du-projet\\\/\",\"name\":\"Planning Projet - Liens entre les t\u00e2ches du projet - Direct Planning\",\"isPartOf\":{\"@id\":\"https:\\\/\\\/www.directplanning.com\\\/fr\\\/#website\"},\"primaryImageOfPage\":{\"@id\":\"https:\\\/\\\/www.directplanning.com\\\/fr\\\/planning-projet\\\/planning-projet-fonctionnalites\\\/planning-projet-liens-entre-les-taches-du-projet\\\/#primaryimage\"},\"image\":{\"@id\":\"https:\\\/\\\/www.directplanning.com\\\/fr\\\/planning-projet\\\/planning-projet-fonctionnalites\\\/planning-projet-liens-entre-les-taches-du-projet\\\/#primaryimage\"},\"thumbnailUrl\":\"https:\\\/\\\/www.directplanning.com\\\/wp-content\\\/uploads\\\/2012\\\/06\\\/direct_planning_projet_liens_entre_les_taches_projet.png\",\"datePublished\":\"2012-06-04T14:07:01+00:00\",\"dateModified\":\"2025-10-03T10:03:51+00:00\",\"description\":\"Cr\u00e9ez des liens de pr\u00e9c\u00e9dence entre t\u00e2ches : classique, avec chevauchement ou d\u00e9calage, pour mod\u00e9liser sous-traitance et d\u00e9lais de s\u00e9curit\u00e9.\",\"breadcrumb\":{\"@id\":\"https:\\\/\\\/www.directplanning.com\\\/fr\\\/planning-projet\\\/planning-projet-fonctionnalites\\\/planning-projet-liens-entre-les-taches-du-projet\\\/#breadcrumb\"},\"inLanguage\":\"fr-FR\",\"potentialAction\":[{\"@type\":\"ReadAction\",\"target\":[\"https:\\\/\\\/www.directplanning.com\\\/fr\\\/planning-projet\\\/planning-projet-fonctionnalites\\\/planning-projet-liens-entre-les-taches-du-projet\\\/\"]}]},{\"@type\":\"ImageObject\",\"inLanguage\":\"fr-FR\",\"@id\":\"https:\\\/\\\/www.directplanning.com\\\/fr\\\/planning-projet\\\/planning-projet-fonctionnalites\\\/planning-projet-liens-entre-les-taches-du-projet\\\/#primaryimage\",\"url\":\"https:\\\/\\\/www.directplanning.com\\\/wp-content\\\/uploads\\\/2012\\\/06\\\/direct_planning_projet_liens_entre_les_taches_projet.png\",\"contentUrl\":\"https:\\\/\\\/www.directplanning.com\\\/wp-content\\\/uploads\\\/2012\\\/06\\\/direct_planning_projet_liens_entre_les_taches_projet.png\",\"width\":1579,\"height\":502,\"caption\":\"Direct Planning Projet - Liens entre les t\u00e2ches d'un projet\"},{\"@type\":\"BreadcrumbList\",\"@id\":\"https:\\\/\\\/www.directplanning.com\\\/fr\\\/planning-projet\\\/planning-projet-fonctionnalites\\\/planning-projet-liens-entre-les-taches-du-projet\\\/#breadcrumb\",\"itemListElement\":[{\"@type\":\"ListItem\",\"position\":1,\"name\":\"Accueil\",\"item\":\"https:\\\/\\\/www.directplanning.com\\\/fr\\\/\"},{\"@type\":\"ListItem\",\"position\":2,\"name\":\"Direct Planning Projet\",\"item\":\"https:\\\/\\\/www.directplanning.com\\\/fr\\\/planning-projet\\\/\"},{\"@type\":\"ListItem\",\"position\":3,\"name\":\"Planning Projet &#8211; Fonctionnalit\u00e9s\",\"item\":\"https:\\\/\\\/www.directplanning.com\\\/fr\\\/planning-projet\\\/planning-projet-fonctionnalites\\\/\"},{\"@type\":\"ListItem\",\"position\":4,\"name\":\"Planning Projet &#8211; Liens entre les t\u00e2ches du projet\"}]},{\"@type\":\"WebSite\",\"@id\":\"https:\\\/\\\/www.directplanning.com\\\/fr\\\/#website\",\"url\":\"https:\\\/\\\/www.directplanning.com\\\/fr\\\/\",\"name\":\"Directplanning.com\",\"description\":\"Optimisez votre planning de production. Outil de planification intuitif et complet pour les entreprises et industries. Essai gratuit en ligne\",\"publisher\":{\"@id\":\"https:\\\/\\\/www.directplanning.com\\\/fr\\\/#organization\"},\"potentialAction\":[{\"@type\":\"SearchAction\",\"target\":{\"@type\":\"EntryPoint\",\"urlTemplate\":\"https:\\\/\\\/www.directplanning.com\\\/fr\\\/?s={search_term_string}\"},\"query-input\":{\"@type\":\"PropertyValueSpecification\",\"valueRequired\":true,\"valueName\":\"search_term_string\"}}],\"inLanguage\":\"fr-FR\"},{\"@type\":\"Organization\",\"@id\":\"https:\\\/\\\/www.directplanning.com\\\/fr\\\/#organization\",\"name\":\"Direct Planning\",\"alternateName\":\"DP\",\"url\":\"https:\\\/\\\/www.directplanning.com\\\/fr\\\/\",\"logo\":{\"@type\":\"ImageObject\",\"inLanguage\":\"fr-FR\",\"@id\":\"https:\\\/\\\/www.directplanning.com\\\/fr\\\/#\\\/schema\\\/logo\\\/image\\\/\",\"url\":\"https:\\\/\\\/www.directplanning.com\\\/wp-content\\\/uploads\\\/2023\\\/08\\\/DirectPlanIcone.bmp\",\"contentUrl\":\"https:\\\/\\\/www.directplanning.com\\\/wp-content\\\/uploads\\\/2023\\\/08\\\/DirectPlanIcone.bmp\",\"width\":320,\"height\":355,\"caption\":\"Direct Planning\"},\"image\":{\"@id\":\"https:\\\/\\\/www.directplanning.com\\\/fr\\\/#\\\/schema\\\/logo\\\/image\\\/\"},\"sameAs\":[\"https:\\\/\\\/x.com\\\/Direct_Planning\",\"https:\\\/\\\/www.linkedin.com\\\/showcase\\\/direct-planning\\\/posts\\\/?feedView=all\",\"https:\\\/\\\/www.youtube.com\\\/user\\\/VolumeSoftware\"]}]}<\/script>\n<!-- \/ Yoast SEO plugin. -->","yoast_head_json":{"title":"Planning Projet - Liens entre les t\u00e2ches du projet - Direct Planning","description":"Cr\u00e9ez des liens de pr\u00e9c\u00e9dence entre t\u00e2ches : classique, avec chevauchement ou d\u00e9calage, pour mod\u00e9liser sous-traitance et d\u00e9lais de s\u00e9curit\u00e9.","robots":{"index":"index","follow":"follow","max-snippet":"max-snippet:-1","max-image-preview":"max-image-preview:large","max-video-preview":"max-video-preview:-1"},"canonical":"https:\/\/www.directplanning.com\/fr\/planning-projet\/planning-projet-fonctionnalites\/planning-projet-liens-entre-les-taches-du-projet\/","og_locale":"fr_FR","og_type":"article","og_title":"Planning Projet - Liens entre les t\u00e2ches du projet - Direct Planning","og_description":"Cr\u00e9ez des liens de pr\u00e9c\u00e9dence entre t\u00e2ches : classique, avec chevauchement ou d\u00e9calage, pour mod\u00e9liser sous-traitance et d\u00e9lais de s\u00e9curit\u00e9.","og_url":"https:\/\/www.directplanning.com\/fr\/planning-projet\/planning-projet-fonctionnalites\/planning-projet-liens-entre-les-taches-du-projet\/","og_site_name":"Direct Planning","article_modified_time":"2025-10-03T10:03:51+00:00","og_image":[{"width":1579,"height":502,"url":"https:\/\/www.directplanning.com\/wp-content\/uploads\/2012\/06\/direct_planning_projet_liens_entre_les_taches_projet.png","type":"image\/png"}],"twitter_card":"summary_large_image","twitter_site":"@Direct_Planning","twitter_misc":{"Dur\u00e9e de lecture estim\u00e9e":"2 minutes"},"schema":{"@context":"https:\/\/schema.org","@graph":[{"@type":"WebPage","@id":"https:\/\/www.directplanning.com\/fr\/planning-projet\/planning-projet-fonctionnalites\/planning-projet-liens-entre-les-taches-du-projet\/","url":"https:\/\/www.directplanning.com\/fr\/planning-projet\/planning-projet-fonctionnalites\/planning-projet-liens-entre-les-taches-du-projet\/","name":"Planning Projet - Liens entre les t\u00e2ches du projet - Direct Planning","isPartOf":{"@id":"https:\/\/www.directplanning.com\/fr\/#website"},"primaryImageOfPage":{"@id":"https:\/\/www.directplanning.com\/fr\/planning-projet\/planning-projet-fonctionnalites\/planning-projet-liens-entre-les-taches-du-projet\/#primaryimage"},"image":{"@id":"https:\/\/www.directplanning.com\/fr\/planning-projet\/planning-projet-fonctionnalites\/planning-projet-liens-entre-les-taches-du-projet\/#primaryimage"},"thumbnailUrl":"https:\/\/www.directplanning.com\/wp-content\/uploads\/2012\/06\/direct_planning_projet_liens_entre_les_taches_projet.png","datePublished":"2012-06-04T14:07:01+00:00","dateModified":"2025-10-03T10:03:51+00:00","description":"Cr\u00e9ez des liens de pr\u00e9c\u00e9dence entre t\u00e2ches : classique, avec chevauchement ou d\u00e9calage, pour mod\u00e9liser sous-traitance et d\u00e9lais de s\u00e9curit\u00e9.","breadcrumb":{"@id":"https:\/\/www.directplanning.com\/fr\/planning-projet\/planning-projet-fonctionnalites\/planning-projet-liens-entre-les-taches-du-projet\/#breadcrumb"},"inLanguage":"fr-FR","potentialAction":[{"@type":"ReadAction","target":["https:\/\/www.directplanning.com\/fr\/planning-projet\/planning-projet-fonctionnalites\/planning-projet-liens-entre-les-taches-du-projet\/"]}]},{"@type":"ImageObject","inLanguage":"fr-FR","@id":"https:\/\/www.directplanning.com\/fr\/planning-projet\/planning-projet-fonctionnalites\/planning-projet-liens-entre-les-taches-du-projet\/#primaryimage","url":"https:\/\/www.directplanning.com\/wp-content\/uploads\/2012\/06\/direct_planning_projet_liens_entre_les_taches_projet.png","contentUrl":"https:\/\/www.directplanning.com\/wp-content\/uploads\/2012\/06\/direct_planning_projet_liens_entre_les_taches_projet.png","width":1579,"height":502,"caption":"Direct Planning Projet - Liens entre les t\u00e2ches d'un projet"},{"@type":"BreadcrumbList","@id":"https:\/\/www.directplanning.com\/fr\/planning-projet\/planning-projet-fonctionnalites\/planning-projet-liens-entre-les-taches-du-projet\/#breadcrumb","itemListElement":[{"@type":"ListItem","position":1,"name":"Accueil","item":"https:\/\/www.directplanning.com\/fr\/"},{"@type":"ListItem","position":2,"name":"Direct Planning Projet","item":"https:\/\/www.directplanning.com\/fr\/planning-projet\/"},{"@type":"ListItem","position":3,"name":"Planning Projet &#8211; Fonctionnalit\u00e9s","item":"https:\/\/www.directplanning.com\/fr\/planning-projet\/planning-projet-fonctionnalites\/"},{"@type":"ListItem","position":4,"name":"Planning Projet &#8211; Liens entre les t\u00e2ches du projet"}]},{"@type":"WebSite","@id":"https:\/\/www.directplanning.com\/fr\/#website","url":"https:\/\/www.directplanning.com\/fr\/","name":"Directplanning.com","description":"Optimisez votre planning de production. Outil de planification intuitif et complet pour les entreprises et industries. Essai gratuit en ligne","publisher":{"@id":"https:\/\/www.directplanning.com\/fr\/#organization"},"potentialAction":[{"@type":"SearchAction","target":{"@type":"EntryPoint","urlTemplate":"https:\/\/www.directplanning.com\/fr\/?s={search_term_string}"},"query-input":{"@type":"PropertyValueSpecification","valueRequired":true,"valueName":"search_term_string"}}],"inLanguage":"fr-FR"},{"@type":"Organization","@id":"https:\/\/www.directplanning.com\/fr\/#organization","name":"Direct Planning","alternateName":"DP","url":"https:\/\/www.directplanning.com\/fr\/","logo":{"@type":"ImageObject","inLanguage":"fr-FR","@id":"https:\/\/www.directplanning.com\/fr\/#\/schema\/logo\/image\/","url":"https:\/\/www.directplanning.com\/wp-content\/uploads\/2023\/08\/DirectPlanIcone.bmp","contentUrl":"https:\/\/www.directplanning.com\/wp-content\/uploads\/2023\/08\/DirectPlanIcone.bmp","width":320,"height":355,"caption":"Direct Planning"},"image":{"@id":"https:\/\/www.directplanning.com\/fr\/#\/schema\/logo\/image\/"},"sameAs":["https:\/\/x.com\/Direct_Planning","https:\/\/www.linkedin.com\/showcase\/direct-planning\/posts\/?feedView=all","https:\/\/www.youtube.com\/user\/VolumeSoftware"]}]}},"_links":{"self":[{"href":"https:\/\/www.directplanning.com\/fr\/wp-json\/wp\/v2\/pages\/1275","targetHints":{"allow":["GET"]}}],"collection":[{"href":"https:\/\/www.directplanning.com\/fr\/wp-json\/wp\/v2\/pages"}],"about":[{"href":"https:\/\/www.directplanning.com\/fr\/wp-json\/wp\/v2\/types\/page"}],"author":[{"embeddable":true,"href":"https:\/\/www.directplanning.com\/fr\/wp-json\/wp\/v2\/users\/2"}],"replies":[{"embeddable":true,"href":"https:\/\/www.directplanning.com\/fr\/wp-json\/wp\/v2\/comments?post=1275"}],"version-history":[{"count":0,"href":"https:\/\/www.directplanning.com\/fr\/wp-json\/wp\/v2\/pages\/1275\/revisions"}],"up":[{"embeddable":true,"href":"https:\/\/www.directplanning.com\/fr\/wp-json\/wp\/v2\/pages\/1260"}],"wp:featuredmedia":[{"embeddable":true,"href":"https:\/\/www.directplanning.com\/fr\/wp-json\/wp\/v2\/media\/1409"}],"wp:attachment":[{"href":"https:\/\/www.directplanning.com\/fr\/wp-json\/wp\/v2\/media?parent=1275"}],"curies":[{"name":"wp","href":"https:\/\/api.w.org\/{rel}","templated":true}]}}