{"id":1273,"date":"2012-06-04T14:06:14","date_gmt":"2012-06-04T14:06:14","guid":{"rendered":"https:\/\/www.directplanning.com\/?page_id=1273"},"modified":"2025-10-03T12:03:07","modified_gmt":"2025-10-03T10:03:07","slug":"planning-projet-contraintes-horaires-et-alertes","status":"publish","type":"page","link":"https:\/\/www.directplanning.com\/fr\/planning-projet\/planning-projet-fonctionnalites\/planning-projet-contraintes-horaires-et-alertes\/","title":{"rendered":"Planning Projet &#8211; Contraintes horaires et alertes"},"content":{"rendered":"\n<p><strong>Direct Planning Projet <\/strong>int\u00e8gre la gestion des contraintes horaires sur les t\u00e2ches : <strong>date de d\u00e9but au plus t\u00f4t<\/strong>, <strong>date de fin au plus tard<\/strong>, position de t\u00e2che impos\u00e9e (verrouill\u00e9e) et <strong>alertes automatiques<\/strong> ou manuelles pour assister le planificateur.<\/p>\n\n\n\n<!--more-->\n\n\n<div class=\"wp-block-image\">\n<figure class=\"aligncenter\"><a href=\"https:\/\/www.directplanning.com\/wp-content\/uploads\/2012\/06\/direct_planning_projet_date_de_debut_au_plus_tot.png\" data-rel=\"lightbox-image-0\" data-rl_title=\"\" data-rl_caption=\"\" title=\"\"><img decoding=\"async\" src=\"https:\/\/www.directplanning.com\/wp-content\/uploads\/2012\/06\/direct_planning_projet_date_de_debut_au_plus_tot-610x169.png\" alt=\"Direct Planning Projet - T\u00e2che avec une date de d\u00e9but au plus t\u00f4t et une alerte manelle (en jaune)\" class=\"wp-image-1405\"\/><\/a><figcaption class=\"wp-element-caption\">Direct Planning Projet &#8211; T\u00e2che avec une date de d\u00e9but au plus t\u00f4t et une alerte manuelle (en jaune)<\/figcaption><\/figure><\/div>\n\n\n<p>&nbsp;<\/p>\n\n\n<div class=\"wp-block-image\">\n<figure class=\"aligncenter\"><a href=\"https:\/\/www.directplanning.com\/wp-content\/uploads\/2012\/06\/direct_planning_projet_contraintes_horaires_detail_de_tache.png\" data-rel=\"lightbox-image-1\" data-rl_title=\"\" data-rl_caption=\"\" title=\"\"><img decoding=\"async\" src=\"https:\/\/www.directplanning.com\/wp-content\/uploads\/2012\/06\/direct_planning_projet_contraintes_horaires_detail_de_tache-610x387.png\" alt=\"Direct Planning Projet - Les contraintes horaires dans le d\u00e9tail de t\u00e2che\" class=\"wp-image-1407\"\/><\/a><figcaption class=\"wp-element-caption\">Direct Planning Projet &#8211; Les contraintes horaires dans le d\u00e9tail de t\u00e2che<\/figcaption><\/figure><\/div>\n\n\n<h2 class=\"wp-block-heading\">La date de d\u00e9but au plus t\u00f4t<\/h2>\n\n\n\n<p>Sur chacune des t\u00e2ches du projet, vous avez la possibilit\u00e9 de saisir une <strong>date de d\u00e9but au plus t\u00f4t<\/strong>. Pour <strong>Direct Planning<\/strong>, il s&#8217;agit d&#8217;une contrainte forte ; c&#8217;est \u00e0 dire qu&#8217;avec le mode &#8220;<a title=\"Planning Projet \u2013 Aide \u00e0 la planification\" href=\"https:\/\/www.directplanning.com\/fr\/planning-projet\/planning-projet-fonctionnalites\/planning-projet-aide-a-la-planification\/\"><strong>aide \u00e0 la planification<\/strong><\/a>&#8221; activ\u00e9, vous avez l&#8217;assurance que le projet sera toujours planifi\u00e9 apr\u00e8s cette date.<\/p>\n\n\n\n<p>A noter que les <a title=\"Planning Projet \u2013 Les marqueurs visuels\" href=\"https:\/\/www.directplanning.com\/fr\/planning-projet\/planning-projet-fonctionnalites\/planning-projet-les-marqueurs-visuels\/\">marqueurs <\/a>&#8220;avec attente de r\u00e9ception d&#8217;\u00e9l\u00e9ment&#8221; sont capables de g\u00e9n\u00e9rer automatiquement une contrainte de date de d\u00e9but au plus t\u00f4t, lorsque vous \u00eates en attente d&#8217;un \u00e9l\u00e9ment pour une date donn\u00e9e.<\/p>\n\n\n\n<h2 class=\"wp-block-heading\">La date de fin au plus tard<\/h2>\n\n\n\n<p>Sur chacune des t\u00e2ches du projet, vous avez la possibilit\u00e9 de saisir une <strong>date de fin au plus tard<\/strong>. Pour <strong>Direct Planning<\/strong>, il s&#8217;agit d&#8217;une contrainte &#8220;objectif&#8221; ; c&#8217;est \u00e0 dire que <strong>l&#8217;<a title=\"Planning Projet \u2013 Aide \u00e0 la planification\" href=\"https:\/\/www.directplanning.com\/fr\/planning-projet\/planning-projet-fonctionnalites\/planning-projet-aide-a-la-planification\/\">aide \u00e0 la planification<\/a><\/strong> va vous aider \u00e0 \u00e9viter les retards.<\/p>\n\n\n\n<p>Pour cela le planning g\u00e9n\u00e8re des alertes visuelles sur les t\u00e2ches, lorsque :<\/p>\n\n\n\n<ul class=\"wp-block-list\">\n<li>La t\u00e2che <strong>risque d&#8217;\u00eatre en retard<\/strong> : c&#8217;est \u00e0 dire qu&#8217;elle se termine moins de X heures <strong>avant<\/strong> sa date de fin au plus tard.<\/li>\n\n\n\n<li>La t\u00e2che <strong>est en retard<\/strong> : c&#8217;est \u00e0 dire qu&#8217;elle se termine plus de Y heures <strong>apr\u00e8s<\/strong> sa date de fin au plus tard (tol\u00e9rance sur retard).<\/li>\n<\/ul>\n\n\n\n<h2 class=\"wp-block-heading\">Verrouiller la position d&#8217;une t\u00e2che<\/h2>\n\n\n\n<p><strong>Direct Planning Projet<\/strong> offre \u00e9galement la possibilit\u00e9 de <strong>verrouiller<\/strong> la position d&#8217;une t\u00e2che. <a title=\"Planning Projet \u2013 Aide \u00e0 la planification\" href=\"https:\/\/www.directplanning.com\/fr\/planning-projet\/planning-projet-fonctionnalites\/planning-projet-aide-a-la-planification\/\"> L&#8217;aide \u00e0 la planification<\/a> et ses modes de fonctionnement <strong>calage \u00e0 gauche<\/strong> (<strong>au plus t\u00f4t<\/strong>) ou <strong>calage \u00e0 droite<\/strong> (<strong>au plus tard<\/strong>) vous offrent la possibilit\u00e9 de positionner automatiquement les t\u00e2ches, en tenant compte les contraintes horaires et les contraintes de <a title=\"Planning Projet \u2013 Liens entre les t\u00e2ches du projet\" href=\"https:\/\/www.directplanning.com\/fr\/planning-projet\/planning-projet-fonctionnalites\/planning-projet-liens-entre-les-taches-du-projet\/\">pr\u00e9c\u00e9dence entre les t\u00e2ches<\/a>.<\/p>\n\n\n\n<p>Verrouiller une t\u00e2che vous donne l&#8217;assurance que cette t\u00e2che ne sera pas d\u00e9plac\u00e9e, ni automatiquement par l&#8217;aide \u00e0 la planification, ni manuellement lors d&#8217;un glisser-d\u00e9placer du planificateur.<\/p>\n\n\n\n<h2 class=\"wp-block-heading\">Alertes manuelles<\/h2>\n\n\n\n<p>En plus des <strong>alertes automatiques<\/strong> \u00e9voqu\u00e9es plus haut, vous avez la possibilit\u00e9 sur chaque t\u00e2che, de saisir une <strong>alerte manuelle<\/strong>. Une zone de m\u00e9mo vous permet d&#8217;en dire plus sur cette alerte.<\/p>\n\n\n\n<p class=\"has-text-align-center\"><a class=\"mks_button mks_button_medium rounded\" href=\"https:\/\/www.directplanning.com\/fr\/planning-projet\/planning-projet-fonctionnalites\/\" target=\"_self\" style=\"color: #FFFFFF; background-color: #1e73be;\" > Les fonctionnalit\u00e9s Planning Projet <\/a>\n","protected":false},"excerpt":{"rendered":"<p>Direct Planning Projet int\u00e8gre la gestion des contraintes horaires sur les t\u00e2ches : date de d\u00e9but au plus t\u00f4t, date de fin au plus tard, position de t\u00e2che impos\u00e9e (verrouill\u00e9e) et alertes automatiques ou manuelles pour assister le planificateur.<\/p>\n","protected":false},"author":2,"featured_media":1405,"parent":1260,"menu_order":50,"comment_status":"closed","ping_status":"closed","template":"","meta":{"footnotes":""},"class_list":["post-1273","page","type-page","status-publish","has-post-thumbnail","hentry"],"yoast_head":"<!-- This site is optimized with the Yoast SEO plugin v27.4 - https:\/\/yoast.com\/product\/yoast-seo-wordpress\/ -->\n<title>Planning Projet - Contraintes horaires et alertes - Direct Planning<\/title>\n<meta name=\"description\" content=\"G\u00e9rez les contraintes horaires : dates de d\u00e9but\/fin, verrouillage de t\u00e2ches et alertes automatiques ou manuelles.\" \/>\n<meta name=\"robots\" content=\"index, follow, max-snippet:-1, max-image-preview:large, max-video-preview:-1\" \/>\n<link rel=\"canonical\" href=\"https:\/\/www.directplanning.com\/fr\/planning-projet\/planning-projet-fonctionnalites\/planning-projet-contraintes-horaires-et-alertes\/\" \/>\n<meta property=\"og:locale\" content=\"fr_FR\" \/>\n<meta property=\"og:type\" content=\"article\" \/>\n<meta property=\"og:title\" content=\"Planning Projet - Contraintes horaires et alertes - Direct Planning\" \/>\n<meta property=\"og:description\" content=\"G\u00e9rez les contraintes horaires : dates de d\u00e9but\/fin, verrouillage de t\u00e2ches et alertes automatiques ou manuelles.\" \/>\n<meta property=\"og:url\" content=\"https:\/\/www.directplanning.com\/fr\/planning-projet\/planning-projet-fonctionnalites\/planning-projet-contraintes-horaires-et-alertes\/\" \/>\n<meta property=\"og:site_name\" content=\"Direct Planning\" \/>\n<meta property=\"article:modified_time\" content=\"2025-10-03T10:03:07+00:00\" \/>\n<meta property=\"og:image\" content=\"https:\/\/www.directplanning.com\/wp-content\/uploads\/2012\/06\/direct_planning_projet_date_de_debut_au_plus_tot.png\" \/>\n\t<meta property=\"og:image:width\" content=\"872\" \/>\n\t<meta property=\"og:image:height\" content=\"243\" \/>\n\t<meta property=\"og:image:type\" content=\"image\/png\" \/>\n<meta name=\"twitter:card\" content=\"summary_large_image\" \/>\n<meta name=\"twitter:site\" content=\"@Direct_Planning\" \/>\n<meta name=\"twitter:label1\" content=\"Dur\u00e9e de lecture estim\u00e9e\" \/>\n\t<meta name=\"twitter:data1\" content=\"3 minutes\" \/>\n<script type=\"application\/ld+json\" class=\"yoast-schema-graph\">{\"@context\":\"https:\\\/\\\/schema.org\",\"@graph\":[{\"@type\":\"WebPage\",\"@id\":\"https:\\\/\\\/www.directplanning.com\\\/fr\\\/planning-projet\\\/planning-projet-fonctionnalites\\\/planning-projet-contraintes-horaires-et-alertes\\\/\",\"url\":\"https:\\\/\\\/www.directplanning.com\\\/fr\\\/planning-projet\\\/planning-projet-fonctionnalites\\\/planning-projet-contraintes-horaires-et-alertes\\\/\",\"name\":\"Planning Projet - Contraintes horaires et alertes - Direct Planning\",\"isPartOf\":{\"@id\":\"https:\\\/\\\/www.directplanning.com\\\/fr\\\/#website\"},\"primaryImageOfPage\":{\"@id\":\"https:\\\/\\\/www.directplanning.com\\\/fr\\\/planning-projet\\\/planning-projet-fonctionnalites\\\/planning-projet-contraintes-horaires-et-alertes\\\/#primaryimage\"},\"image\":{\"@id\":\"https:\\\/\\\/www.directplanning.com\\\/fr\\\/planning-projet\\\/planning-projet-fonctionnalites\\\/planning-projet-contraintes-horaires-et-alertes\\\/#primaryimage\"},\"thumbnailUrl\":\"https:\\\/\\\/www.directplanning.com\\\/wp-content\\\/uploads\\\/2012\\\/06\\\/direct_planning_projet_date_de_debut_au_plus_tot.png\",\"datePublished\":\"2012-06-04T14:06:14+00:00\",\"dateModified\":\"2025-10-03T10:03:07+00:00\",\"description\":\"G\u00e9rez les contraintes horaires : dates de d\u00e9but\\\/fin, verrouillage de t\u00e2ches et alertes automatiques ou manuelles.\",\"breadcrumb\":{\"@id\":\"https:\\\/\\\/www.directplanning.com\\\/fr\\\/planning-projet\\\/planning-projet-fonctionnalites\\\/planning-projet-contraintes-horaires-et-alertes\\\/#breadcrumb\"},\"inLanguage\":\"fr-FR\",\"potentialAction\":[{\"@type\":\"ReadAction\",\"target\":[\"https:\\\/\\\/www.directplanning.com\\\/fr\\\/planning-projet\\\/planning-projet-fonctionnalites\\\/planning-projet-contraintes-horaires-et-alertes\\\/\"]}]},{\"@type\":\"ImageObject\",\"inLanguage\":\"fr-FR\",\"@id\":\"https:\\\/\\\/www.directplanning.com\\\/fr\\\/planning-projet\\\/planning-projet-fonctionnalites\\\/planning-projet-contraintes-horaires-et-alertes\\\/#primaryimage\",\"url\":\"https:\\\/\\\/www.directplanning.com\\\/wp-content\\\/uploads\\\/2012\\\/06\\\/direct_planning_projet_date_de_debut_au_plus_tot.png\",\"contentUrl\":\"https:\\\/\\\/www.directplanning.com\\\/wp-content\\\/uploads\\\/2012\\\/06\\\/direct_planning_projet_date_de_debut_au_plus_tot.png\",\"width\":872,\"height\":243,\"caption\":\"Direct Planning Projet - T\u00e2che avec une date de d\u00e9but au plus t\u00f4t et une alerte manelle (en jaune)\"},{\"@type\":\"BreadcrumbList\",\"@id\":\"https:\\\/\\\/www.directplanning.com\\\/fr\\\/planning-projet\\\/planning-projet-fonctionnalites\\\/planning-projet-contraintes-horaires-et-alertes\\\/#breadcrumb\",\"itemListElement\":[{\"@type\":\"ListItem\",\"position\":1,\"name\":\"Accueil\",\"item\":\"https:\\\/\\\/www.directplanning.com\\\/fr\\\/\"},{\"@type\":\"ListItem\",\"position\":2,\"name\":\"Direct Planning Projet\",\"item\":\"https:\\\/\\\/www.directplanning.com\\\/fr\\\/planning-projet\\\/\"},{\"@type\":\"ListItem\",\"position\":3,\"name\":\"Planning Projet &#8211; Fonctionnalit\u00e9s\",\"item\":\"https:\\\/\\\/www.directplanning.com\\\/fr\\\/planning-projet\\\/planning-projet-fonctionnalites\\\/\"},{\"@type\":\"ListItem\",\"position\":4,\"name\":\"Planning Projet &#8211; Contraintes horaires et alertes\"}]},{\"@type\":\"WebSite\",\"@id\":\"https:\\\/\\\/www.directplanning.com\\\/fr\\\/#website\",\"url\":\"https:\\\/\\\/www.directplanning.com\\\/fr\\\/\",\"name\":\"Directplanning.com\",\"description\":\"Optimisez votre planning de production. Outil de planification intuitif et complet pour les entreprises et industries. Essai gratuit en ligne\",\"publisher\":{\"@id\":\"https:\\\/\\\/www.directplanning.com\\\/fr\\\/#organization\"},\"potentialAction\":[{\"@type\":\"SearchAction\",\"target\":{\"@type\":\"EntryPoint\",\"urlTemplate\":\"https:\\\/\\\/www.directplanning.com\\\/fr\\\/?s={search_term_string}\"},\"query-input\":{\"@type\":\"PropertyValueSpecification\",\"valueRequired\":true,\"valueName\":\"search_term_string\"}}],\"inLanguage\":\"fr-FR\"},{\"@type\":\"Organization\",\"@id\":\"https:\\\/\\\/www.directplanning.com\\\/fr\\\/#organization\",\"name\":\"Direct Planning\",\"alternateName\":\"DP\",\"url\":\"https:\\\/\\\/www.directplanning.com\\\/fr\\\/\",\"logo\":{\"@type\":\"ImageObject\",\"inLanguage\":\"fr-FR\",\"@id\":\"https:\\\/\\\/www.directplanning.com\\\/fr\\\/#\\\/schema\\\/logo\\\/image\\\/\",\"url\":\"https:\\\/\\\/www.directplanning.com\\\/wp-content\\\/uploads\\\/2023\\\/08\\\/DirectPlanIcone.bmp\",\"contentUrl\":\"https:\\\/\\\/www.directplanning.com\\\/wp-content\\\/uploads\\\/2023\\\/08\\\/DirectPlanIcone.bmp\",\"width\":320,\"height\":355,\"caption\":\"Direct Planning\"},\"image\":{\"@id\":\"https:\\\/\\\/www.directplanning.com\\\/fr\\\/#\\\/schema\\\/logo\\\/image\\\/\"},\"sameAs\":[\"https:\\\/\\\/x.com\\\/Direct_Planning\",\"https:\\\/\\\/www.linkedin.com\\\/showcase\\\/direct-planning\\\/posts\\\/?feedView=all\",\"https:\\\/\\\/www.youtube.com\\\/user\\\/VolumeSoftware\"]}]}<\/script>\n<!-- \/ Yoast SEO plugin. -->","yoast_head_json":{"title":"Planning Projet - Contraintes horaires et alertes - Direct Planning","description":"G\u00e9rez les contraintes horaires : dates de d\u00e9but\/fin, verrouillage de t\u00e2ches et alertes automatiques ou manuelles.","robots":{"index":"index","follow":"follow","max-snippet":"max-snippet:-1","max-image-preview":"max-image-preview:large","max-video-preview":"max-video-preview:-1"},"canonical":"https:\/\/www.directplanning.com\/fr\/planning-projet\/planning-projet-fonctionnalites\/planning-projet-contraintes-horaires-et-alertes\/","og_locale":"fr_FR","og_type":"article","og_title":"Planning Projet - Contraintes horaires et alertes - Direct Planning","og_description":"G\u00e9rez les contraintes horaires : dates de d\u00e9but\/fin, verrouillage de t\u00e2ches et alertes automatiques ou manuelles.","og_url":"https:\/\/www.directplanning.com\/fr\/planning-projet\/planning-projet-fonctionnalites\/planning-projet-contraintes-horaires-et-alertes\/","og_site_name":"Direct Planning","article_modified_time":"2025-10-03T10:03:07+00:00","og_image":[{"width":872,"height":243,"url":"https:\/\/www.directplanning.com\/wp-content\/uploads\/2012\/06\/direct_planning_projet_date_de_debut_au_plus_tot.png","type":"image\/png"}],"twitter_card":"summary_large_image","twitter_site":"@Direct_Planning","twitter_misc":{"Dur\u00e9e de lecture estim\u00e9e":"3 minutes"},"schema":{"@context":"https:\/\/schema.org","@graph":[{"@type":"WebPage","@id":"https:\/\/www.directplanning.com\/fr\/planning-projet\/planning-projet-fonctionnalites\/planning-projet-contraintes-horaires-et-alertes\/","url":"https:\/\/www.directplanning.com\/fr\/planning-projet\/planning-projet-fonctionnalites\/planning-projet-contraintes-horaires-et-alertes\/","name":"Planning Projet - Contraintes horaires et alertes - Direct Planning","isPartOf":{"@id":"https:\/\/www.directplanning.com\/fr\/#website"},"primaryImageOfPage":{"@id":"https:\/\/www.directplanning.com\/fr\/planning-projet\/planning-projet-fonctionnalites\/planning-projet-contraintes-horaires-et-alertes\/#primaryimage"},"image":{"@id":"https:\/\/www.directplanning.com\/fr\/planning-projet\/planning-projet-fonctionnalites\/planning-projet-contraintes-horaires-et-alertes\/#primaryimage"},"thumbnailUrl":"https:\/\/www.directplanning.com\/wp-content\/uploads\/2012\/06\/direct_planning_projet_date_de_debut_au_plus_tot.png","datePublished":"2012-06-04T14:06:14+00:00","dateModified":"2025-10-03T10:03:07+00:00","description":"G\u00e9rez les contraintes horaires : dates de d\u00e9but\/fin, verrouillage de t\u00e2ches et alertes automatiques ou manuelles.","breadcrumb":{"@id":"https:\/\/www.directplanning.com\/fr\/planning-projet\/planning-projet-fonctionnalites\/planning-projet-contraintes-horaires-et-alertes\/#breadcrumb"},"inLanguage":"fr-FR","potentialAction":[{"@type":"ReadAction","target":["https:\/\/www.directplanning.com\/fr\/planning-projet\/planning-projet-fonctionnalites\/planning-projet-contraintes-horaires-et-alertes\/"]}]},{"@type":"ImageObject","inLanguage":"fr-FR","@id":"https:\/\/www.directplanning.com\/fr\/planning-projet\/planning-projet-fonctionnalites\/planning-projet-contraintes-horaires-et-alertes\/#primaryimage","url":"https:\/\/www.directplanning.com\/wp-content\/uploads\/2012\/06\/direct_planning_projet_date_de_debut_au_plus_tot.png","contentUrl":"https:\/\/www.directplanning.com\/wp-content\/uploads\/2012\/06\/direct_planning_projet_date_de_debut_au_plus_tot.png","width":872,"height":243,"caption":"Direct Planning Projet - T\u00e2che avec une date de d\u00e9but au plus t\u00f4t et une alerte manelle (en jaune)"},{"@type":"BreadcrumbList","@id":"https:\/\/www.directplanning.com\/fr\/planning-projet\/planning-projet-fonctionnalites\/planning-projet-contraintes-horaires-et-alertes\/#breadcrumb","itemListElement":[{"@type":"ListItem","position":1,"name":"Accueil","item":"https:\/\/www.directplanning.com\/fr\/"},{"@type":"ListItem","position":2,"name":"Direct Planning Projet","item":"https:\/\/www.directplanning.com\/fr\/planning-projet\/"},{"@type":"ListItem","position":3,"name":"Planning Projet &#8211; Fonctionnalit\u00e9s","item":"https:\/\/www.directplanning.com\/fr\/planning-projet\/planning-projet-fonctionnalites\/"},{"@type":"ListItem","position":4,"name":"Planning Projet &#8211; Contraintes horaires et alertes"}]},{"@type":"WebSite","@id":"https:\/\/www.directplanning.com\/fr\/#website","url":"https:\/\/www.directplanning.com\/fr\/","name":"Directplanning.com","description":"Optimisez votre planning de production. Outil de planification intuitif et complet pour les entreprises et industries. Essai gratuit en ligne","publisher":{"@id":"https:\/\/www.directplanning.com\/fr\/#organization"},"potentialAction":[{"@type":"SearchAction","target":{"@type":"EntryPoint","urlTemplate":"https:\/\/www.directplanning.com\/fr\/?s={search_term_string}"},"query-input":{"@type":"PropertyValueSpecification","valueRequired":true,"valueName":"search_term_string"}}],"inLanguage":"fr-FR"},{"@type":"Organization","@id":"https:\/\/www.directplanning.com\/fr\/#organization","name":"Direct Planning","alternateName":"DP","url":"https:\/\/www.directplanning.com\/fr\/","logo":{"@type":"ImageObject","inLanguage":"fr-FR","@id":"https:\/\/www.directplanning.com\/fr\/#\/schema\/logo\/image\/","url":"https:\/\/www.directplanning.com\/wp-content\/uploads\/2023\/08\/DirectPlanIcone.bmp","contentUrl":"https:\/\/www.directplanning.com\/wp-content\/uploads\/2023\/08\/DirectPlanIcone.bmp","width":320,"height":355,"caption":"Direct Planning"},"image":{"@id":"https:\/\/www.directplanning.com\/fr\/#\/schema\/logo\/image\/"},"sameAs":["https:\/\/x.com\/Direct_Planning","https:\/\/www.linkedin.com\/showcase\/direct-planning\/posts\/?feedView=all","https:\/\/www.youtube.com\/user\/VolumeSoftware"]}]}},"_links":{"self":[{"href":"https:\/\/www.directplanning.com\/fr\/wp-json\/wp\/v2\/pages\/1273","targetHints":{"allow":["GET"]}}],"collection":[{"href":"https:\/\/www.directplanning.com\/fr\/wp-json\/wp\/v2\/pages"}],"about":[{"href":"https:\/\/www.directplanning.com\/fr\/wp-json\/wp\/v2\/types\/page"}],"author":[{"embeddable":true,"href":"https:\/\/www.directplanning.com\/fr\/wp-json\/wp\/v2\/users\/2"}],"replies":[{"embeddable":true,"href":"https:\/\/www.directplanning.com\/fr\/wp-json\/wp\/v2\/comments?post=1273"}],"version-history":[{"count":0,"href":"https:\/\/www.directplanning.com\/fr\/wp-json\/wp\/v2\/pages\/1273\/revisions"}],"up":[{"embeddable":true,"href":"https:\/\/www.directplanning.com\/fr\/wp-json\/wp\/v2\/pages\/1260"}],"wp:featuredmedia":[{"embeddable":true,"href":"https:\/\/www.directplanning.com\/fr\/wp-json\/wp\/v2\/media\/1405"}],"wp:attachment":[{"href":"https:\/\/www.directplanning.com\/fr\/wp-json\/wp\/v2\/media?parent=1273"}],"curies":[{"name":"wp","href":"https:\/\/api.w.org\/{rel}","templated":true}]}}