{"id":1271,"date":"2012-06-04T14:05:19","date_gmt":"2012-06-04T14:05:19","guid":{"rendered":"https:\/\/www.directplanning.com\/?page_id=1271"},"modified":"2025-10-03T12:01:56","modified_gmt":"2025-10-03T10:01:56","slug":"planning-projet-les-marqueurs-visuels","status":"publish","type":"page","link":"https:\/\/www.directplanning.com\/fr\/planning-projet\/planning-projet-fonctionnalites\/planning-projet-les-marqueurs-visuels\/","title":{"rendered":"Planning Projet &#8211; Les marqueurs visuels"},"content":{"rendered":"\n<p>Les <strong>marqueurs visuels<\/strong> sont la transcription informatique de ce que les responsables de plannings muraux utilisent depuis fort longtemps sur leur t\u00e2ches cartonn\u00e9es : une gommette, un coup de feutre fluo, un trombone de couleur, un coin d\u00e9coup\u00e9, etc.<\/p>\n\n\n\n<p>Dans <strong>Direct Planning Projet<\/strong>, les marqueurs sont des indicateurs visuels destin\u00e9s \u00e0 attirer l&#8217;attention du planificateur sur l&#8217;\u00e9tat d&#8217;une t\u00e2che. Concr\u00e8tement ce sont des <strong>rectangles color\u00e9s<\/strong> positionn\u00e9s au-dessus de la t\u00e2che ou \u00e0 l&#8217;int\u00e9rieur de celle-ci sur sa droite. La couleur et la trame de fond sont configurables en fonction de l&#8217;\u00e9tat du marqueur. Vous pouvez configurer jusqu&#8217;\u00e0 10 marqueurs. Il existe diff\u00e9rents types de marqueurs.<\/p>\n\n\n\n<!--more-->\n\n\n\n<p>Les marqueurs sont des \u00e9l\u00e9ments importants de la <strong><a title=\"Planning Projet \u2013 Configurable pour votre m\u00e9tier\" href=\"https:\/\/www.directplanning.com\/fr\/planning-projet\/planning-projet-fonctionnalites\/planning-projet-configurable-pour-votre-metier\/\">configuration du planning<\/a> pour votre m\u00e9tier<\/strong>.<\/p>\n\n\n<div class=\"wp-block-image\">\n<figure class=\"aligncenter\"><a href=\"https:\/\/www.directplanning.com\/wp-content\/uploads\/2012\/06\/direct_planning_projet_marqueurs.png\" data-rel=\"lightbox-image-0\" data-rl_title=\"\" data-rl_caption=\"\" title=\"\"><img decoding=\"async\" width=\"536\" height=\"143\" src=\"https:\/\/www.directplanning.com\/wp-content\/uploads\/2012\/06\/direct_planning_projet_marqueurs.png\" alt=\"Direct Planning Projet - Les marqueurs\" class=\"wp-image-1402\" srcset=\"https:\/\/www.directplanning.com\/wp-content\/uploads\/2012\/06\/direct_planning_projet_marqueurs.png 536w, https:\/\/www.directplanning.com\/wp-content\/uploads\/2012\/06\/direct_planning_projet_marqueurs-312x83.png 312w, https:\/\/www.directplanning.com\/wp-content\/uploads\/2012\/06\/direct_planning_projet_marqueurs-156x42.png 156w\" sizes=\"(max-width: 536px) 100vw, 536px\" \/><\/a><figcaption class=\"wp-element-caption\">Direct Planning Projet &#8211; Les marqueurs<\/figcaption><\/figure><\/div>\n\n\n<h2 class=\"wp-block-heading\">Les diff\u00e9rents types de marqueurs<\/h2>\n\n\n\n<h3 class=\"wp-block-heading\">Les marqueurs simples<\/h3>\n\n\n\n<p>Ils ont uniquement deux \u00e9tats : pr\u00e9sent ou absent sur une t\u00e2che.<\/p>\n\n\n\n<p>Exemples :<\/p>\n\n\n\n<ul class=\"wp-block-list\">\n<li><strong>Litige client<\/strong><\/li>\n\n\n\n<li><strong>Projet urgent<\/strong><\/li>\n\n\n\n<li><strong>Validation de la direction requise avant lancement<\/strong><\/li>\n<\/ul>\n\n\n\n<h3 class=\"wp-block-heading\">Les marqueurs multi-\u00e9tats<\/h3>\n\n\n\n<p>Ils peuvent avoir chacun jusqu&#8217;\u00e0 5 \u00e9tats. A chaque \u00e9tat est associ\u00e9e une couleur diff\u00e9rente. La symbolique des feux tricolores rouge\/orange\/vert est souvent employ\u00e9e.<\/p>\n\n\n\n<p>Exemples :<\/p>\n\n\n\n<ul class=\"wp-block-list\">\n<li><strong>Statut du projet <\/strong>(avec les \u00e9tats : &#8220;Projet pr\u00e9vu &#8211; Devis \u00e0 \u00e9mettre&#8221;, &#8220;Attente de r\u00e9ponse client &#8211; Devis \u00e9mis&#8221;, &#8220;Projet lanc\u00e9 &#8211; Devis sign\u00e9&#8221;).<\/li>\n\n\n\n<li><strong>Priorit\u00e9 du projet\u00a0<\/strong> (avec les \u00e9tats : &#8220;Basse&#8221;, &#8220;Moyenne&#8221;, &#8220;Haute&#8221;, &#8220;Urgent&#8221;)<\/li>\n<\/ul>\n\n\n<div class=\"wp-block-image\">\n<figure class=\"aligncenter\"><a href=\"https:\/\/www.directplanning.com\/wp-content\/uploads\/2012\/06\/direct_planning_projet_marqueur_multi_etat.png\" data-rel=\"lightbox-image-1\" data-rl_title=\"\" data-rl_caption=\"\" title=\"\"><img decoding=\"async\" width=\"351\" height=\"395\" src=\"https:\/\/www.directplanning.com\/wp-content\/uploads\/2012\/06\/direct_planning_projet_marqueur_multi_etat.png\" alt=\"Direct Planning Projet - Exemple de configuration d'un marqueur multi-\u00e9tat\" class=\"wp-image-1403\" srcset=\"https:\/\/www.directplanning.com\/wp-content\/uploads\/2012\/06\/direct_planning_projet_marqueur_multi_etat.png 351w, https:\/\/www.directplanning.com\/wp-content\/uploads\/2012\/06\/direct_planning_projet_marqueur_multi_etat-277x312.png 277w, https:\/\/www.directplanning.com\/wp-content\/uploads\/2012\/06\/direct_planning_projet_marqueur_multi_etat-139x156.png 139w\" sizes=\"(max-width: 351px) 100vw, 351px\" \/><\/a><figcaption class=\"wp-element-caption\">Direct Planning Projet &#8211; Exemple de configuration d&#8217;un marqueur multi-\u00e9tat<\/figcaption><\/figure><\/div>\n\n\n<h3 class=\"wp-block-heading\">Les marqueurs multi-\u00e9tats avec attente de r\u00e9ception d&#8217;\u00e9l\u00e9ment<\/h3>\n\n\n\n<p>Cette extension des marqueurs multi-\u00e9tats est sp\u00e9cifiquement pens\u00e9e pour des marqueurs o\u00f9 vous indiquez <strong>attendre un \u00e9l\u00e9ment<\/strong> pour le <strong>lancement du&nbsp; projet<\/strong> (Attente de r\u00e9ception d&#8217;une maquette ou d&#8217;un document d&#8217;analyse sign\u00e9).<\/p>\n\n\n\n<p>Une date de r\u00e9ception pr\u00e9visionnelle est saisie sur le marqueur. Tant que l&#8217;\u00e9l\u00e9ment n&#8217;est pas r\u00e9ceptionn\u00e9, une <a title=\"Planning Projet \u2013 Contraintes horaires et alertes\" href=\"https:\/\/www.directplanning.com\/fr\/planning-projet\/planning-projet-fonctionnalites\/planning-projet-contraintes-horaires-et-alertes\/\"><strong>date de d\u00e9but au plus t\u00f4t<\/strong><\/a> est impos\u00e9e pour cette t\u00e2che.<strong> Le projet ne peut donc pas \u00eatre planifi\u00e9 avant cette date de r\u00e9ception pr\u00e9vue<\/strong>.<\/p>\n\n\n\n<p>Par ailleurs, le jour de la r\u00e9ception pr\u00e9vue, <strong>une alerte est g\u00e9n\u00e9r\u00e9e par Direct Planning pour signaler le retard de r\u00e9ception sur cet \u00e9l\u00e9ment attendu<\/strong>.<\/p>\n\n\n\n<h3 class=\"wp-block-heading\">Saisie de donn\u00e9es personnalisables pour chaque marqueur<\/h3>\n\n\n\n<p>Pour les marqueurs multi-\u00e9tats, vous pouvez personnaliser la fen\u00eatre de saisie des marqueurs en lui ajoutant jusqu&#8217;\u00e0 <strong>10 zones configurables<\/strong>.<\/p>\n\n\n\n<p>Par exemple, pour un marqueur &#8220;Statut projet&#8221;, vous pouvez cr\u00e9er un champs &#8220;<strong>Num\u00e9ro de devis<\/strong>&#8221; et &#8220;<strong>Date du devis<\/strong>&#8220;.<\/p>\n\n\n\n<p class=\"has-text-align-center\"><a class=\"mks_button mks_button_medium rounded\" href=\"https:\/\/www.directplanning.com\/fr\/planning-projet\/planning-projet-fonctionnalites\/\" target=\"_self\" style=\"color: #FFFFFF; background-color: #1e73be;\" > Les fonctionnalit\u00e9s Planning Projet <\/a>\n","protected":false},"excerpt":{"rendered":"<p>Les marqueurs visuels sont la transcription informatique de ce que les responsables de plannings muraux utilisent depuis fort longtemps sur leur t\u00e2ches cartonn\u00e9es : une gommette, un coup de feutre fluo, un trombone de couleur, un coin d\u00e9coup\u00e9, etc. Dans Direct Planning Projet, les marqueurs sont des indicateurs visuels destin\u00e9s \u00e0 attirer l&#8217;attention du planificateur [&hellip;]<\/p>\n","protected":false},"author":2,"featured_media":1402,"parent":1260,"menu_order":40,"comment_status":"closed","ping_status":"open","template":"","meta":{"footnotes":""},"class_list":["post-1271","page","type-page","status-publish","has-post-thumbnail","hentry"],"yoast_head":"<!-- This site is optimized with the Yoast SEO plugin v27.4 - https:\/\/yoast.com\/product\/yoast-seo-wordpress\/ -->\n<title>Planning Projet - Les marqueurs visuels - Direct Planning<\/title>\n<meta name=\"description\" content=\"Ajoutez jusqu\u2019\u00e0 10 marqueurs visuels configurables \u00e0 vos t\u00e2ches : simples ou multi-\u00e9tats, avec ou sans date de r\u00e9ception.\" \/>\n<meta name=\"robots\" content=\"index, follow, max-snippet:-1, max-image-preview:large, max-video-preview:-1\" \/>\n<link rel=\"canonical\" href=\"https:\/\/www.directplanning.com\/fr\/planning-projet\/planning-projet-fonctionnalites\/planning-projet-les-marqueurs-visuels\/\" \/>\n<meta property=\"og:locale\" content=\"fr_FR\" \/>\n<meta property=\"og:type\" content=\"article\" \/>\n<meta property=\"og:title\" content=\"Planning Projet - Les marqueurs visuels - Direct Planning\" \/>\n<meta property=\"og:description\" content=\"Ajoutez jusqu\u2019\u00e0 10 marqueurs visuels configurables \u00e0 vos t\u00e2ches : simples ou multi-\u00e9tats, avec ou sans date de r\u00e9ception.\" \/>\n<meta property=\"og:url\" content=\"https:\/\/www.directplanning.com\/fr\/planning-projet\/planning-projet-fonctionnalites\/planning-projet-les-marqueurs-visuels\/\" \/>\n<meta property=\"og:site_name\" content=\"Direct Planning\" \/>\n<meta property=\"article:modified_time\" content=\"2025-10-03T10:01:56+00:00\" \/>\n<meta property=\"og:image\" content=\"https:\/\/www.directplanning.com\/wp-content\/uploads\/2012\/06\/direct_planning_projet_marqueurs.png\" \/>\n\t<meta property=\"og:image:width\" content=\"536\" \/>\n\t<meta property=\"og:image:height\" content=\"143\" \/>\n\t<meta property=\"og:image:type\" content=\"image\/png\" \/>\n<meta name=\"twitter:card\" content=\"summary_large_image\" \/>\n<meta name=\"twitter:site\" content=\"@Direct_Planning\" \/>\n<meta name=\"twitter:label1\" content=\"Dur\u00e9e de lecture estim\u00e9e\" \/>\n\t<meta name=\"twitter:data1\" content=\"3 minutes\" \/>\n<script type=\"application\/ld+json\" class=\"yoast-schema-graph\">{\"@context\":\"https:\\\/\\\/schema.org\",\"@graph\":[{\"@type\":\"WebPage\",\"@id\":\"https:\\\/\\\/www.directplanning.com\\\/fr\\\/planning-projet\\\/planning-projet-fonctionnalites\\\/planning-projet-les-marqueurs-visuels\\\/\",\"url\":\"https:\\\/\\\/www.directplanning.com\\\/fr\\\/planning-projet\\\/planning-projet-fonctionnalites\\\/planning-projet-les-marqueurs-visuels\\\/\",\"name\":\"Planning Projet - Les marqueurs visuels - Direct Planning\",\"isPartOf\":{\"@id\":\"https:\\\/\\\/www.directplanning.com\\\/fr\\\/#website\"},\"primaryImageOfPage\":{\"@id\":\"https:\\\/\\\/www.directplanning.com\\\/fr\\\/planning-projet\\\/planning-projet-fonctionnalites\\\/planning-projet-les-marqueurs-visuels\\\/#primaryimage\"},\"image\":{\"@id\":\"https:\\\/\\\/www.directplanning.com\\\/fr\\\/planning-projet\\\/planning-projet-fonctionnalites\\\/planning-projet-les-marqueurs-visuels\\\/#primaryimage\"},\"thumbnailUrl\":\"https:\\\/\\\/www.directplanning.com\\\/wp-content\\\/uploads\\\/2012\\\/06\\\/direct_planning_projet_marqueurs.png\",\"datePublished\":\"2012-06-04T14:05:19+00:00\",\"dateModified\":\"2025-10-03T10:01:56+00:00\",\"description\":\"Ajoutez jusqu\u2019\u00e0 10 marqueurs visuels configurables \u00e0 vos t\u00e2ches : simples ou multi-\u00e9tats, avec ou sans date de r\u00e9ception.\",\"breadcrumb\":{\"@id\":\"https:\\\/\\\/www.directplanning.com\\\/fr\\\/planning-projet\\\/planning-projet-fonctionnalites\\\/planning-projet-les-marqueurs-visuels\\\/#breadcrumb\"},\"inLanguage\":\"fr-FR\",\"potentialAction\":[{\"@type\":\"ReadAction\",\"target\":[\"https:\\\/\\\/www.directplanning.com\\\/fr\\\/planning-projet\\\/planning-projet-fonctionnalites\\\/planning-projet-les-marqueurs-visuels\\\/\"]}]},{\"@type\":\"ImageObject\",\"inLanguage\":\"fr-FR\",\"@id\":\"https:\\\/\\\/www.directplanning.com\\\/fr\\\/planning-projet\\\/planning-projet-fonctionnalites\\\/planning-projet-les-marqueurs-visuels\\\/#primaryimage\",\"url\":\"https:\\\/\\\/www.directplanning.com\\\/wp-content\\\/uploads\\\/2012\\\/06\\\/direct_planning_projet_marqueurs.png\",\"contentUrl\":\"https:\\\/\\\/www.directplanning.com\\\/wp-content\\\/uploads\\\/2012\\\/06\\\/direct_planning_projet_marqueurs.png\",\"width\":536,\"height\":143,\"caption\":\"Direct Planning Projet - Les marqueurs\"},{\"@type\":\"BreadcrumbList\",\"@id\":\"https:\\\/\\\/www.directplanning.com\\\/fr\\\/planning-projet\\\/planning-projet-fonctionnalites\\\/planning-projet-les-marqueurs-visuels\\\/#breadcrumb\",\"itemListElement\":[{\"@type\":\"ListItem\",\"position\":1,\"name\":\"Accueil\",\"item\":\"https:\\\/\\\/www.directplanning.com\\\/fr\\\/\"},{\"@type\":\"ListItem\",\"position\":2,\"name\":\"Direct Planning Projet\",\"item\":\"https:\\\/\\\/www.directplanning.com\\\/fr\\\/planning-projet\\\/\"},{\"@type\":\"ListItem\",\"position\":3,\"name\":\"Planning Projet &#8211; Fonctionnalit\u00e9s\",\"item\":\"https:\\\/\\\/www.directplanning.com\\\/fr\\\/planning-projet\\\/planning-projet-fonctionnalites\\\/\"},{\"@type\":\"ListItem\",\"position\":4,\"name\":\"Planning Projet &#8211; Les marqueurs visuels\"}]},{\"@type\":\"WebSite\",\"@id\":\"https:\\\/\\\/www.directplanning.com\\\/fr\\\/#website\",\"url\":\"https:\\\/\\\/www.directplanning.com\\\/fr\\\/\",\"name\":\"Directplanning.com\",\"description\":\"Optimisez votre planning de production. Outil de planification intuitif et complet pour les entreprises et industries. Essai gratuit en ligne\",\"publisher\":{\"@id\":\"https:\\\/\\\/www.directplanning.com\\\/fr\\\/#organization\"},\"potentialAction\":[{\"@type\":\"SearchAction\",\"target\":{\"@type\":\"EntryPoint\",\"urlTemplate\":\"https:\\\/\\\/www.directplanning.com\\\/fr\\\/?s={search_term_string}\"},\"query-input\":{\"@type\":\"PropertyValueSpecification\",\"valueRequired\":true,\"valueName\":\"search_term_string\"}}],\"inLanguage\":\"fr-FR\"},{\"@type\":\"Organization\",\"@id\":\"https:\\\/\\\/www.directplanning.com\\\/fr\\\/#organization\",\"name\":\"Direct Planning\",\"alternateName\":\"DP\",\"url\":\"https:\\\/\\\/www.directplanning.com\\\/fr\\\/\",\"logo\":{\"@type\":\"ImageObject\",\"inLanguage\":\"fr-FR\",\"@id\":\"https:\\\/\\\/www.directplanning.com\\\/fr\\\/#\\\/schema\\\/logo\\\/image\\\/\",\"url\":\"https:\\\/\\\/www.directplanning.com\\\/wp-content\\\/uploads\\\/2023\\\/08\\\/DirectPlanIcone.bmp\",\"contentUrl\":\"https:\\\/\\\/www.directplanning.com\\\/wp-content\\\/uploads\\\/2023\\\/08\\\/DirectPlanIcone.bmp\",\"width\":320,\"height\":355,\"caption\":\"Direct Planning\"},\"image\":{\"@id\":\"https:\\\/\\\/www.directplanning.com\\\/fr\\\/#\\\/schema\\\/logo\\\/image\\\/\"},\"sameAs\":[\"https:\\\/\\\/x.com\\\/Direct_Planning\",\"https:\\\/\\\/www.linkedin.com\\\/showcase\\\/direct-planning\\\/posts\\\/?feedView=all\",\"https:\\\/\\\/www.youtube.com\\\/user\\\/VolumeSoftware\"]}]}<\/script>\n<!-- \/ Yoast SEO plugin. -->","yoast_head_json":{"title":"Planning Projet - Les marqueurs visuels - Direct Planning","description":"Ajoutez jusqu\u2019\u00e0 10 marqueurs visuels configurables \u00e0 vos t\u00e2ches : simples ou multi-\u00e9tats, avec ou sans date de r\u00e9ception.","robots":{"index":"index","follow":"follow","max-snippet":"max-snippet:-1","max-image-preview":"max-image-preview:large","max-video-preview":"max-video-preview:-1"},"canonical":"https:\/\/www.directplanning.com\/fr\/planning-projet\/planning-projet-fonctionnalites\/planning-projet-les-marqueurs-visuels\/","og_locale":"fr_FR","og_type":"article","og_title":"Planning Projet - Les marqueurs visuels - Direct Planning","og_description":"Ajoutez jusqu\u2019\u00e0 10 marqueurs visuels configurables \u00e0 vos t\u00e2ches : simples ou multi-\u00e9tats, avec ou sans date de r\u00e9ception.","og_url":"https:\/\/www.directplanning.com\/fr\/planning-projet\/planning-projet-fonctionnalites\/planning-projet-les-marqueurs-visuels\/","og_site_name":"Direct Planning","article_modified_time":"2025-10-03T10:01:56+00:00","og_image":[{"width":536,"height":143,"url":"https:\/\/www.directplanning.com\/wp-content\/uploads\/2012\/06\/direct_planning_projet_marqueurs.png","type":"image\/png"}],"twitter_card":"summary_large_image","twitter_site":"@Direct_Planning","twitter_misc":{"Dur\u00e9e de lecture estim\u00e9e":"3 minutes"},"schema":{"@context":"https:\/\/schema.org","@graph":[{"@type":"WebPage","@id":"https:\/\/www.directplanning.com\/fr\/planning-projet\/planning-projet-fonctionnalites\/planning-projet-les-marqueurs-visuels\/","url":"https:\/\/www.directplanning.com\/fr\/planning-projet\/planning-projet-fonctionnalites\/planning-projet-les-marqueurs-visuels\/","name":"Planning Projet - Les marqueurs visuels - Direct Planning","isPartOf":{"@id":"https:\/\/www.directplanning.com\/fr\/#website"},"primaryImageOfPage":{"@id":"https:\/\/www.directplanning.com\/fr\/planning-projet\/planning-projet-fonctionnalites\/planning-projet-les-marqueurs-visuels\/#primaryimage"},"image":{"@id":"https:\/\/www.directplanning.com\/fr\/planning-projet\/planning-projet-fonctionnalites\/planning-projet-les-marqueurs-visuels\/#primaryimage"},"thumbnailUrl":"https:\/\/www.directplanning.com\/wp-content\/uploads\/2012\/06\/direct_planning_projet_marqueurs.png","datePublished":"2012-06-04T14:05:19+00:00","dateModified":"2025-10-03T10:01:56+00:00","description":"Ajoutez jusqu\u2019\u00e0 10 marqueurs visuels configurables \u00e0 vos t\u00e2ches : simples ou multi-\u00e9tats, avec ou sans date de r\u00e9ception.","breadcrumb":{"@id":"https:\/\/www.directplanning.com\/fr\/planning-projet\/planning-projet-fonctionnalites\/planning-projet-les-marqueurs-visuels\/#breadcrumb"},"inLanguage":"fr-FR","potentialAction":[{"@type":"ReadAction","target":["https:\/\/www.directplanning.com\/fr\/planning-projet\/planning-projet-fonctionnalites\/planning-projet-les-marqueurs-visuels\/"]}]},{"@type":"ImageObject","inLanguage":"fr-FR","@id":"https:\/\/www.directplanning.com\/fr\/planning-projet\/planning-projet-fonctionnalites\/planning-projet-les-marqueurs-visuels\/#primaryimage","url":"https:\/\/www.directplanning.com\/wp-content\/uploads\/2012\/06\/direct_planning_projet_marqueurs.png","contentUrl":"https:\/\/www.directplanning.com\/wp-content\/uploads\/2012\/06\/direct_planning_projet_marqueurs.png","width":536,"height":143,"caption":"Direct Planning Projet - Les marqueurs"},{"@type":"BreadcrumbList","@id":"https:\/\/www.directplanning.com\/fr\/planning-projet\/planning-projet-fonctionnalites\/planning-projet-les-marqueurs-visuels\/#breadcrumb","itemListElement":[{"@type":"ListItem","position":1,"name":"Accueil","item":"https:\/\/www.directplanning.com\/fr\/"},{"@type":"ListItem","position":2,"name":"Direct Planning Projet","item":"https:\/\/www.directplanning.com\/fr\/planning-projet\/"},{"@type":"ListItem","position":3,"name":"Planning Projet &#8211; Fonctionnalit\u00e9s","item":"https:\/\/www.directplanning.com\/fr\/planning-projet\/planning-projet-fonctionnalites\/"},{"@type":"ListItem","position":4,"name":"Planning Projet &#8211; Les marqueurs visuels"}]},{"@type":"WebSite","@id":"https:\/\/www.directplanning.com\/fr\/#website","url":"https:\/\/www.directplanning.com\/fr\/","name":"Directplanning.com","description":"Optimisez votre planning de production. Outil de planification intuitif et complet pour les entreprises et industries. Essai gratuit en ligne","publisher":{"@id":"https:\/\/www.directplanning.com\/fr\/#organization"},"potentialAction":[{"@type":"SearchAction","target":{"@type":"EntryPoint","urlTemplate":"https:\/\/www.directplanning.com\/fr\/?s={search_term_string}"},"query-input":{"@type":"PropertyValueSpecification","valueRequired":true,"valueName":"search_term_string"}}],"inLanguage":"fr-FR"},{"@type":"Organization","@id":"https:\/\/www.directplanning.com\/fr\/#organization","name":"Direct Planning","alternateName":"DP","url":"https:\/\/www.directplanning.com\/fr\/","logo":{"@type":"ImageObject","inLanguage":"fr-FR","@id":"https:\/\/www.directplanning.com\/fr\/#\/schema\/logo\/image\/","url":"https:\/\/www.directplanning.com\/wp-content\/uploads\/2023\/08\/DirectPlanIcone.bmp","contentUrl":"https:\/\/www.directplanning.com\/wp-content\/uploads\/2023\/08\/DirectPlanIcone.bmp","width":320,"height":355,"caption":"Direct Planning"},"image":{"@id":"https:\/\/www.directplanning.com\/fr\/#\/schema\/logo\/image\/"},"sameAs":["https:\/\/x.com\/Direct_Planning","https:\/\/www.linkedin.com\/showcase\/direct-planning\/posts\/?feedView=all","https:\/\/www.youtube.com\/user\/VolumeSoftware"]}]}},"_links":{"self":[{"href":"https:\/\/www.directplanning.com\/fr\/wp-json\/wp\/v2\/pages\/1271","targetHints":{"allow":["GET"]}}],"collection":[{"href":"https:\/\/www.directplanning.com\/fr\/wp-json\/wp\/v2\/pages"}],"about":[{"href":"https:\/\/www.directplanning.com\/fr\/wp-json\/wp\/v2\/types\/page"}],"author":[{"embeddable":true,"href":"https:\/\/www.directplanning.com\/fr\/wp-json\/wp\/v2\/users\/2"}],"replies":[{"embeddable":true,"href":"https:\/\/www.directplanning.com\/fr\/wp-json\/wp\/v2\/comments?post=1271"}],"version-history":[{"count":0,"href":"https:\/\/www.directplanning.com\/fr\/wp-json\/wp\/v2\/pages\/1271\/revisions"}],"up":[{"embeddable":true,"href":"https:\/\/www.directplanning.com\/fr\/wp-json\/wp\/v2\/pages\/1260"}],"wp:featuredmedia":[{"embeddable":true,"href":"https:\/\/www.directplanning.com\/fr\/wp-json\/wp\/v2\/media\/1402"}],"wp:attachment":[{"href":"https:\/\/www.directplanning.com\/fr\/wp-json\/wp\/v2\/media?parent=1271"}],"curies":[{"name":"wp","href":"https:\/\/api.w.org\/{rel}","templated":true}]}}