{"id":1269,"date":"2012-06-04T14:04:19","date_gmt":"2012-06-04T14:04:19","guid":{"rendered":"https:\/\/www.directplanning.com\/?page_id=1269"},"modified":"2025-10-03T12:01:01","modified_gmt":"2025-10-03T10:01:01","slug":"planning-projet-configurable-pour-votre-metier","status":"publish","type":"page","link":"https:\/\/www.directplanning.com\/fr\/planning-projet\/planning-projet-fonctionnalites\/planning-projet-configurable-pour-votre-metier\/","title":{"rendered":"Planning Projet &#8211; Configurable pour votre m\u00e9tier"},"content":{"rendered":"\n<p><strong>Direct Planning Projet <\/strong>permet de <strong>configurer les donn\u00e9es m\u00e9tier<\/strong> dont vous avez besoin pour la planification. Que les t\u00e2ches soient saisies manuellement ou <a title=\"Planning Projet \u2013 Interface avec votre syst\u00e8me d\u2019information\" href=\"https:\/\/www.directplanning.com\/fr\/planning-projet\/planning-projet-fonctionnalites\/planning-projet-interface-avec-votre-systeme-dinformation\/\">import\u00e9es directement depuis votre syst\u00e8me d&#8217;information<\/a>, vous trouverez ces donn\u00e9es m\u00e9tiers au niveau de chacune des t\u00e2ches planifi\u00e9es.<\/p>\n\n\n\n<p><strong>Direct Planning Projet <\/strong>propose plusieurs structures de donn\u00e9es configurables : les <a title=\"Planning Projet \u2013 La ressource planifi\u00e9e\" href=\"https:\/\/www.directplanning.com\/fr\/planning-projet\/planning-projet-fonctionnalites\/planning-projet-la-ressource-planifiee\/\"><strong>ressources<\/strong><\/a>, les <strong>entit\u00e9s<\/strong>, les <strong>zones configurables de la t\u00e2che<\/strong> et les <strong><a title=\"Planning Projet \u2013 Les marqueurs visuels\" href=\"https:\/\/www.directplanning.com\/fr\/planning-projet\/planning-projet-fonctionnalites\/planning-projet-les-marqueurs-visuels\/\">marqueurs<\/a><\/strong>.<\/p>\n\n\n\n<!--more-->\n\n\n\n<h2 class=\"wp-block-heading\">Les entit\u00e9s : vos donn\u00e9es structur\u00e9es personnalisables<\/h2>\n\n\n\n<p>Les entit\u00e9s vous permettent de mod\u00e9liser des listes de donn\u00e9es structur\u00e9es. Vous pouvez configurer jusqu&#8217;\u00e0 10 entit\u00e9s.<\/p>\n\n\n\n<p><strong>Exemples d&#8217;entit\u00e9s :<\/strong> le commercial, le chef de projet, le client, le projet, la phase du projet &#8230;<\/p>\n\n\n<div class=\"wp-block-image\">\n<figure class=\"aligncenter\"><a href=\"https:\/\/www.directplanning.com\/wp-content\/uploads\/2012\/06\/direct_planning_projet_entite_projet.png\" data-rel=\"lightbox-image-0\" data-rl_title=\"\" data-rl_caption=\"\" title=\"\"><img decoding=\"async\" width=\"610\" height=\"338\" src=\"https:\/\/www.directplanning.com\/wp-content\/uploads\/2012\/06\/direct_planning_projet_entite_projet-610x338.png\" alt=\"Direct planning Projet - Un exemple d'entit\u00e9 : le projet\" class=\"wp-image-1399\" srcset=\"https:\/\/www.directplanning.com\/wp-content\/uploads\/2012\/06\/direct_planning_projet_entite_projet-610x338.png 610w, https:\/\/www.directplanning.com\/wp-content\/uploads\/2012\/06\/direct_planning_projet_entite_projet-312x173.png 312w, https:\/\/www.directplanning.com\/wp-content\/uploads\/2012\/06\/direct_planning_projet_entite_projet-156x87.png 156w, https:\/\/www.directplanning.com\/wp-content\/uploads\/2012\/06\/direct_planning_projet_entite_projet-768x426.png 768w, https:\/\/www.directplanning.com\/wp-content\/uploads\/2012\/06\/direct_planning_projet_entite_projet-810x449.png 810w, https:\/\/www.directplanning.com\/wp-content\/uploads\/2012\/06\/direct_planning_projet_entite_projet.png 977w\" sizes=\"(max-width: 610px) 100vw, 610px\" \/><\/a><figcaption class=\"wp-element-caption\">Direct planning Projet &#8211; Un exemple d&#8217;entit\u00e9 : le projet<\/figcaption><\/figure><\/div>\n\n\n<p>Pour chacune de ces entit\u00e9s, on dispose d&#8217;un code et d&#8217;un libell\u00e9, mais \u00e9galement de <strong>10 champs configurables<\/strong> (exemple : pour la fiche client, il est possible de configurer la saisie d&#8217;un t\u00e9l\u00e9phone, d&#8217;un e-mail, du nom du contact principal, de la ville et du pays de livraison, etc.).<\/p>\n\n\n\n<p>Il est \u00e9galement possible de <strong>hi\u00e9rarchiser les entit\u00e9s<\/strong>. Ainsi le client pourra \u00eatre li\u00e9 \u00e0 un commercial ; un projet pourra \u00eatre li\u00e9 \u00e0 un client. Il est ainsi facile d&#8217;obtenir rapidement la liste des projets de tel client ou de tel commercial.<\/p>\n\n\n\n<p>Bien structurer les entit\u00e9s est fondamental. Ces donn\u00e9es joueront un r\u00f4le cl\u00e9 dans les recherches de t\u00e2ches et dans la coloration.<\/p>\n\n\n<div class=\"wp-block-image\">\n<figure class=\"aligncenter\"><a href=\"https:\/\/www.directplanning.com\/wp-content\/uploads\/2012\/06\/direct_planning_projet_entite_dans_detail_tache.png\" data-rel=\"lightbox-image-1\" data-rl_title=\"\" data-rl_caption=\"\" title=\"\"><img decoding=\"async\" width=\"610\" height=\"386\" src=\"https:\/\/www.directplanning.com\/wp-content\/uploads\/2012\/06\/direct_planning_projet_entite_dans_detail_tache-610x386.png\" alt=\"Direct Planning Projet - Visualisation des entit\u00e9s dans le d\u00e9tail de t\u00e2che\" class=\"wp-image-1400\" srcset=\"https:\/\/www.directplanning.com\/wp-content\/uploads\/2012\/06\/direct_planning_projet_entite_dans_detail_tache-610x386.png 610w, https:\/\/www.directplanning.com\/wp-content\/uploads\/2012\/06\/direct_planning_projet_entite_dans_detail_tache-312x198.png 312w, https:\/\/www.directplanning.com\/wp-content\/uploads\/2012\/06\/direct_planning_projet_entite_dans_detail_tache-156x99.png 156w, https:\/\/www.directplanning.com\/wp-content\/uploads\/2012\/06\/direct_planning_projet_entite_dans_detail_tache-768x486.png 768w, https:\/\/www.directplanning.com\/wp-content\/uploads\/2012\/06\/direct_planning_projet_entite_dans_detail_tache-810x513.png 810w, https:\/\/www.directplanning.com\/wp-content\/uploads\/2012\/06\/direct_planning_projet_entite_dans_detail_tache.png 1036w\" sizes=\"(max-width: 610px) 100vw, 610px\" \/><\/a><figcaption class=\"wp-element-caption\">Direct Planning Projet &#8211; Visualisation des entit\u00e9s dans le d\u00e9tail de t\u00e2che<\/figcaption><\/figure><\/div>\n\n\n<h2 class=\"wp-block-heading\">Les zones configurables du d\u00e9tail de t\u00e2che<\/h2>\n\n\n\n<p>En plus des entit\u00e9s, vous disposez sur la t\u00e2che en elle-m\u00eame de <strong>10 zones configurables<\/strong>. Un pas de plus vers la personnalisation.<\/p>\n\n\n\n<p>Par ailleurs, vous disposez sur chaque t\u00e2che d&#8217;une zone de <strong>notes<\/strong> en texte riche. Dans ces notes, vous pouvez tr\u00e8s simplement ins\u00e9rer <strong>des liens cliquables vers des documents<\/strong> de production (Word, Excel, PDF, Images, etc.), par exemple : fiche de sp\u00e9cifications, document d&#8217;analyse, maquette client, etc.<\/p>\n\n\n\n<h2 class=\"wp-block-heading\">Personnalisation des affichages<\/h2>\n\n\n\n<p>Une fois ces donn\u00e9es configur\u00e9es, vous pourrez \u00e9galement <a title=\"Planning Projet \u2013 Affichages personnalisables\" href=\"https:\/\/www.directplanning.com\/fr\/planning-projet\/planning-projet-fonctionnalites\/planning-projet-affichages-personnalisables\/\">personnaliser finement vos affichages<\/a> de mani\u00e8re \u00e0 ce qu&#8217;ils refl\u00e8tent les besoins de votre entreprise.<\/p>\n\n\n\n<p class=\"has-text-align-center\"><a class=\"mks_button mks_button_medium rounded\" href=\"https:\/\/www.directplanning.com\/fr\/planning-projet\/planning-projet-fonctionnalites\/\" target=\"_self\" style=\"color: #FFFFFF; background-color: #1e73be;\" > Les fonctionnalit\u00e9s Planning Projet <\/a>\n","protected":false},"excerpt":{"rendered":"<p>Direct Planning Projet permet de configurer les donn\u00e9es m\u00e9tier dont vous avez besoin pour la planification. Que les t\u00e2ches soient saisies manuellement ou import\u00e9es directement depuis votre syst\u00e8me d&#8217;information, vous trouverez ces donn\u00e9es m\u00e9tiers au niveau de chacune des t\u00e2ches planifi\u00e9es. Direct Planning Projet propose plusieurs structures de donn\u00e9es configurables : les ressources, les entit\u00e9s, [&hellip;]<\/p>\n","protected":false},"author":2,"featured_media":1399,"parent":1260,"menu_order":30,"comment_status":"closed","ping_status":"open","template":"","meta":{"footnotes":""},"class_list":["post-1269","page","type-page","status-publish","has-post-thumbnail","hentry"],"yoast_head":"<!-- This site is optimized with the Yoast SEO plugin v27.5 - https:\/\/yoast.com\/product\/yoast-seo-wordpress\/ -->\n<title>Planning Projet - Configurable pour votre m\u00e9tier - Direct Planning<\/title>\n<meta name=\"description\" content=\"Personnalisez votre planning projet avec des entit\u00e9s, zones et marqueurs configurables pour une gestion adapt\u00e9e \u00e0 vos processus.\" \/>\n<meta name=\"robots\" content=\"index, follow, max-snippet:-1, max-image-preview:large, max-video-preview:-1\" \/>\n<link rel=\"canonical\" href=\"https:\/\/www.directplanning.com\/fr\/planning-projet\/planning-projet-fonctionnalites\/planning-projet-configurable-pour-votre-metier\/\" \/>\n<meta property=\"og:locale\" content=\"fr_FR\" \/>\n<meta property=\"og:type\" content=\"article\" \/>\n<meta property=\"og:title\" content=\"Planning Projet - Configurable pour votre m\u00e9tier - Direct Planning\" \/>\n<meta property=\"og:description\" content=\"Personnalisez votre planning projet avec des entit\u00e9s, zones et marqueurs configurables pour une gestion adapt\u00e9e \u00e0 vos processus.\" \/>\n<meta property=\"og:url\" content=\"https:\/\/www.directplanning.com\/fr\/planning-projet\/planning-projet-fonctionnalites\/planning-projet-configurable-pour-votre-metier\/\" \/>\n<meta property=\"og:site_name\" content=\"Direct Planning\" \/>\n<meta property=\"article:modified_time\" content=\"2025-10-03T10:01:01+00:00\" \/>\n<meta property=\"og:image\" content=\"https:\/\/www.directplanning.com\/wp-content\/uploads\/2012\/06\/direct_planning_projet_entite_projet.png\" \/>\n\t<meta property=\"og:image:width\" content=\"977\" \/>\n\t<meta property=\"og:image:height\" content=\"542\" \/>\n\t<meta property=\"og:image:type\" content=\"image\/png\" \/>\n<meta name=\"twitter:card\" content=\"summary_large_image\" \/>\n<meta name=\"twitter:site\" content=\"@Direct_Planning\" \/>\n<meta name=\"twitter:label1\" content=\"Dur\u00e9e de lecture estim\u00e9e\" \/>\n\t<meta name=\"twitter:data1\" content=\"3 minutes\" \/>\n<script type=\"application\/ld+json\" class=\"yoast-schema-graph\">{\"@context\":\"https:\\\/\\\/schema.org\",\"@graph\":[{\"@type\":\"WebPage\",\"@id\":\"https:\\\/\\\/www.directplanning.com\\\/fr\\\/planning-projet\\\/planning-projet-fonctionnalites\\\/planning-projet-configurable-pour-votre-metier\\\/\",\"url\":\"https:\\\/\\\/www.directplanning.com\\\/fr\\\/planning-projet\\\/planning-projet-fonctionnalites\\\/planning-projet-configurable-pour-votre-metier\\\/\",\"name\":\"Planning Projet - Configurable pour votre m\u00e9tier - Direct Planning\",\"isPartOf\":{\"@id\":\"https:\\\/\\\/www.directplanning.com\\\/fr\\\/#website\"},\"primaryImageOfPage\":{\"@id\":\"https:\\\/\\\/www.directplanning.com\\\/fr\\\/planning-projet\\\/planning-projet-fonctionnalites\\\/planning-projet-configurable-pour-votre-metier\\\/#primaryimage\"},\"image\":{\"@id\":\"https:\\\/\\\/www.directplanning.com\\\/fr\\\/planning-projet\\\/planning-projet-fonctionnalites\\\/planning-projet-configurable-pour-votre-metier\\\/#primaryimage\"},\"thumbnailUrl\":\"https:\\\/\\\/www.directplanning.com\\\/wp-content\\\/uploads\\\/2012\\\/06\\\/direct_planning_projet_entite_projet.png\",\"datePublished\":\"2012-06-04T14:04:19+00:00\",\"dateModified\":\"2025-10-03T10:01:01+00:00\",\"description\":\"Personnalisez votre planning projet avec des entit\u00e9s, zones et marqueurs configurables pour une gestion adapt\u00e9e \u00e0 vos processus.\",\"breadcrumb\":{\"@id\":\"https:\\\/\\\/www.directplanning.com\\\/fr\\\/planning-projet\\\/planning-projet-fonctionnalites\\\/planning-projet-configurable-pour-votre-metier\\\/#breadcrumb\"},\"inLanguage\":\"fr-FR\",\"potentialAction\":[{\"@type\":\"ReadAction\",\"target\":[\"https:\\\/\\\/www.directplanning.com\\\/fr\\\/planning-projet\\\/planning-projet-fonctionnalites\\\/planning-projet-configurable-pour-votre-metier\\\/\"]}]},{\"@type\":\"ImageObject\",\"inLanguage\":\"fr-FR\",\"@id\":\"https:\\\/\\\/www.directplanning.com\\\/fr\\\/planning-projet\\\/planning-projet-fonctionnalites\\\/planning-projet-configurable-pour-votre-metier\\\/#primaryimage\",\"url\":\"https:\\\/\\\/www.directplanning.com\\\/wp-content\\\/uploads\\\/2012\\\/06\\\/direct_planning_projet_entite_projet.png\",\"contentUrl\":\"https:\\\/\\\/www.directplanning.com\\\/wp-content\\\/uploads\\\/2012\\\/06\\\/direct_planning_projet_entite_projet.png\",\"width\":977,\"height\":542,\"caption\":\"Direct planning Projet - Un exemple d'entit\u00e9 : le projet\"},{\"@type\":\"BreadcrumbList\",\"@id\":\"https:\\\/\\\/www.directplanning.com\\\/fr\\\/planning-projet\\\/planning-projet-fonctionnalites\\\/planning-projet-configurable-pour-votre-metier\\\/#breadcrumb\",\"itemListElement\":[{\"@type\":\"ListItem\",\"position\":1,\"name\":\"Accueil\",\"item\":\"https:\\\/\\\/www.directplanning.com\\\/fr\\\/\"},{\"@type\":\"ListItem\",\"position\":2,\"name\":\"Direct Planning Projet\",\"item\":\"https:\\\/\\\/www.directplanning.com\\\/fr\\\/planning-projet\\\/\"},{\"@type\":\"ListItem\",\"position\":3,\"name\":\"Planning Projet &#8211; Fonctionnalit\u00e9s\",\"item\":\"https:\\\/\\\/www.directplanning.com\\\/fr\\\/planning-projet\\\/planning-projet-fonctionnalites\\\/\"},{\"@type\":\"ListItem\",\"position\":4,\"name\":\"Planning Projet &#8211; Configurable pour votre m\u00e9tier\"}]},{\"@type\":\"WebSite\",\"@id\":\"https:\\\/\\\/www.directplanning.com\\\/fr\\\/#website\",\"url\":\"https:\\\/\\\/www.directplanning.com\\\/fr\\\/\",\"name\":\"Directplanning.com\",\"description\":\"Optimisez votre planning de production. Outil de planification intuitif et complet pour les entreprises et industries. Essai gratuit en ligne\",\"publisher\":{\"@id\":\"https:\\\/\\\/www.directplanning.com\\\/fr\\\/#organization\"},\"potentialAction\":[{\"@type\":\"SearchAction\",\"target\":{\"@type\":\"EntryPoint\",\"urlTemplate\":\"https:\\\/\\\/www.directplanning.com\\\/fr\\\/?s={search_term_string}\"},\"query-input\":{\"@type\":\"PropertyValueSpecification\",\"valueRequired\":true,\"valueName\":\"search_term_string\"}}],\"inLanguage\":\"fr-FR\"},{\"@type\":\"Organization\",\"@id\":\"https:\\\/\\\/www.directplanning.com\\\/fr\\\/#organization\",\"name\":\"Direct Planning\",\"alternateName\":\"DP\",\"url\":\"https:\\\/\\\/www.directplanning.com\\\/fr\\\/\",\"logo\":{\"@type\":\"ImageObject\",\"inLanguage\":\"fr-FR\",\"@id\":\"https:\\\/\\\/www.directplanning.com\\\/fr\\\/#\\\/schema\\\/logo\\\/image\\\/\",\"url\":\"https:\\\/\\\/www.directplanning.com\\\/wp-content\\\/uploads\\\/2023\\\/08\\\/DirectPlanIcone.bmp\",\"contentUrl\":\"https:\\\/\\\/www.directplanning.com\\\/wp-content\\\/uploads\\\/2023\\\/08\\\/DirectPlanIcone.bmp\",\"width\":320,\"height\":355,\"caption\":\"Direct Planning\"},\"image\":{\"@id\":\"https:\\\/\\\/www.directplanning.com\\\/fr\\\/#\\\/schema\\\/logo\\\/image\\\/\"},\"sameAs\":[\"https:\\\/\\\/x.com\\\/Direct_Planning\",\"https:\\\/\\\/www.linkedin.com\\\/showcase\\\/direct-planning\\\/posts\\\/?feedView=all\",\"https:\\\/\\\/www.youtube.com\\\/user\\\/VolumeSoftware\"]}]}<\/script>\n<!-- \/ Yoast SEO plugin. -->","yoast_head_json":{"title":"Planning Projet - Configurable pour votre m\u00e9tier - Direct Planning","description":"Personnalisez votre planning projet avec des entit\u00e9s, zones et marqueurs configurables pour une gestion adapt\u00e9e \u00e0 vos processus.","robots":{"index":"index","follow":"follow","max-snippet":"max-snippet:-1","max-image-preview":"max-image-preview:large","max-video-preview":"max-video-preview:-1"},"canonical":"https:\/\/www.directplanning.com\/fr\/planning-projet\/planning-projet-fonctionnalites\/planning-projet-configurable-pour-votre-metier\/","og_locale":"fr_FR","og_type":"article","og_title":"Planning Projet - Configurable pour votre m\u00e9tier - Direct Planning","og_description":"Personnalisez votre planning projet avec des entit\u00e9s, zones et marqueurs configurables pour une gestion adapt\u00e9e \u00e0 vos processus.","og_url":"https:\/\/www.directplanning.com\/fr\/planning-projet\/planning-projet-fonctionnalites\/planning-projet-configurable-pour-votre-metier\/","og_site_name":"Direct Planning","article_modified_time":"2025-10-03T10:01:01+00:00","og_image":[{"width":977,"height":542,"url":"https:\/\/www.directplanning.com\/wp-content\/uploads\/2012\/06\/direct_planning_projet_entite_projet.png","type":"image\/png"}],"twitter_card":"summary_large_image","twitter_site":"@Direct_Planning","twitter_misc":{"Dur\u00e9e de lecture estim\u00e9e":"3 minutes"},"schema":{"@context":"https:\/\/schema.org","@graph":[{"@type":"WebPage","@id":"https:\/\/www.directplanning.com\/fr\/planning-projet\/planning-projet-fonctionnalites\/planning-projet-configurable-pour-votre-metier\/","url":"https:\/\/www.directplanning.com\/fr\/planning-projet\/planning-projet-fonctionnalites\/planning-projet-configurable-pour-votre-metier\/","name":"Planning Projet - Configurable pour votre m\u00e9tier - Direct Planning","isPartOf":{"@id":"https:\/\/www.directplanning.com\/fr\/#website"},"primaryImageOfPage":{"@id":"https:\/\/www.directplanning.com\/fr\/planning-projet\/planning-projet-fonctionnalites\/planning-projet-configurable-pour-votre-metier\/#primaryimage"},"image":{"@id":"https:\/\/www.directplanning.com\/fr\/planning-projet\/planning-projet-fonctionnalites\/planning-projet-configurable-pour-votre-metier\/#primaryimage"},"thumbnailUrl":"https:\/\/www.directplanning.com\/wp-content\/uploads\/2012\/06\/direct_planning_projet_entite_projet.png","datePublished":"2012-06-04T14:04:19+00:00","dateModified":"2025-10-03T10:01:01+00:00","description":"Personnalisez votre planning projet avec des entit\u00e9s, zones et marqueurs configurables pour une gestion adapt\u00e9e \u00e0 vos processus.","breadcrumb":{"@id":"https:\/\/www.directplanning.com\/fr\/planning-projet\/planning-projet-fonctionnalites\/planning-projet-configurable-pour-votre-metier\/#breadcrumb"},"inLanguage":"fr-FR","potentialAction":[{"@type":"ReadAction","target":["https:\/\/www.directplanning.com\/fr\/planning-projet\/planning-projet-fonctionnalites\/planning-projet-configurable-pour-votre-metier\/"]}]},{"@type":"ImageObject","inLanguage":"fr-FR","@id":"https:\/\/www.directplanning.com\/fr\/planning-projet\/planning-projet-fonctionnalites\/planning-projet-configurable-pour-votre-metier\/#primaryimage","url":"https:\/\/www.directplanning.com\/wp-content\/uploads\/2012\/06\/direct_planning_projet_entite_projet.png","contentUrl":"https:\/\/www.directplanning.com\/wp-content\/uploads\/2012\/06\/direct_planning_projet_entite_projet.png","width":977,"height":542,"caption":"Direct planning Projet - Un exemple d'entit\u00e9 : le projet"},{"@type":"BreadcrumbList","@id":"https:\/\/www.directplanning.com\/fr\/planning-projet\/planning-projet-fonctionnalites\/planning-projet-configurable-pour-votre-metier\/#breadcrumb","itemListElement":[{"@type":"ListItem","position":1,"name":"Accueil","item":"https:\/\/www.directplanning.com\/fr\/"},{"@type":"ListItem","position":2,"name":"Direct Planning Projet","item":"https:\/\/www.directplanning.com\/fr\/planning-projet\/"},{"@type":"ListItem","position":3,"name":"Planning Projet &#8211; Fonctionnalit\u00e9s","item":"https:\/\/www.directplanning.com\/fr\/planning-projet\/planning-projet-fonctionnalites\/"},{"@type":"ListItem","position":4,"name":"Planning Projet &#8211; Configurable pour votre m\u00e9tier"}]},{"@type":"WebSite","@id":"https:\/\/www.directplanning.com\/fr\/#website","url":"https:\/\/www.directplanning.com\/fr\/","name":"Directplanning.com","description":"Optimisez votre planning de production. Outil de planification intuitif et complet pour les entreprises et industries. Essai gratuit en ligne","publisher":{"@id":"https:\/\/www.directplanning.com\/fr\/#organization"},"potentialAction":[{"@type":"SearchAction","target":{"@type":"EntryPoint","urlTemplate":"https:\/\/www.directplanning.com\/fr\/?s={search_term_string}"},"query-input":{"@type":"PropertyValueSpecification","valueRequired":true,"valueName":"search_term_string"}}],"inLanguage":"fr-FR"},{"@type":"Organization","@id":"https:\/\/www.directplanning.com\/fr\/#organization","name":"Direct Planning","alternateName":"DP","url":"https:\/\/www.directplanning.com\/fr\/","logo":{"@type":"ImageObject","inLanguage":"fr-FR","@id":"https:\/\/www.directplanning.com\/fr\/#\/schema\/logo\/image\/","url":"https:\/\/www.directplanning.com\/wp-content\/uploads\/2023\/08\/DirectPlanIcone.bmp","contentUrl":"https:\/\/www.directplanning.com\/wp-content\/uploads\/2023\/08\/DirectPlanIcone.bmp","width":320,"height":355,"caption":"Direct Planning"},"image":{"@id":"https:\/\/www.directplanning.com\/fr\/#\/schema\/logo\/image\/"},"sameAs":["https:\/\/x.com\/Direct_Planning","https:\/\/www.linkedin.com\/showcase\/direct-planning\/posts\/?feedView=all","https:\/\/www.youtube.com\/user\/VolumeSoftware"]}]}},"_links":{"self":[{"href":"https:\/\/www.directplanning.com\/fr\/wp-json\/wp\/v2\/pages\/1269","targetHints":{"allow":["GET"]}}],"collection":[{"href":"https:\/\/www.directplanning.com\/fr\/wp-json\/wp\/v2\/pages"}],"about":[{"href":"https:\/\/www.directplanning.com\/fr\/wp-json\/wp\/v2\/types\/page"}],"author":[{"embeddable":true,"href":"https:\/\/www.directplanning.com\/fr\/wp-json\/wp\/v2\/users\/2"}],"replies":[{"embeddable":true,"href":"https:\/\/www.directplanning.com\/fr\/wp-json\/wp\/v2\/comments?post=1269"}],"version-history":[{"count":0,"href":"https:\/\/www.directplanning.com\/fr\/wp-json\/wp\/v2\/pages\/1269\/revisions"}],"up":[{"embeddable":true,"href":"https:\/\/www.directplanning.com\/fr\/wp-json\/wp\/v2\/pages\/1260"}],"wp:featuredmedia":[{"embeddable":true,"href":"https:\/\/www.directplanning.com\/fr\/wp-json\/wp\/v2\/media\/1399"}],"wp:attachment":[{"href":"https:\/\/www.directplanning.com\/fr\/wp-json\/wp\/v2\/media?parent=1269"}],"curies":[{"name":"wp","href":"https:\/\/api.w.org\/{rel}","templated":true}]}}