{"id":1263,"date":"2012-06-04T13:59:38","date_gmt":"2012-06-04T13:59:38","guid":{"rendered":"https:\/\/www.directplanning.com\/?page_id=1263"},"modified":"2025-10-03T11:57:54","modified_gmt":"2025-10-03T09:57:54","slug":"planning-projet-une-interface-utilisateur-visuelle-et-intuitive","status":"publish","type":"page","link":"https:\/\/www.directplanning.com\/fr\/planning-projet\/planning-projet-fonctionnalites\/planning-projet-une-interface-utilisateur-visuelle-et-intuitive\/","title":{"rendered":"Planning Projet &#8211; Une interface utilisateur visuelle et intuitive"},"content":{"rendered":"\n<h2 class=\"wp-block-heading\">Une interface visuelle configurable<\/h2>\n\n\n\n<p>Pour une planification intuitive et rapide <strong>Direct Planning<\/strong> utilise de nombreux \u00e9l\u00e9ments visuels.<\/p>\n\n\n\n<!--more-->\n\n\n<div class=\"wp-block-image\">\n<figure class=\"aligncenter\"><a href=\"https:\/\/www.directplanning.com\/wp-content\/uploads\/2016\/06\/direct-planning-projet-elements-visuels.png\" data-rel=\"lightbox-image-0\" data-rl_title=\"\" data-rl_caption=\"\" title=\"\"><img decoding=\"async\" width=\"610\" height=\"209\" src=\"https:\/\/www.directplanning.com\/wp-content\/uploads\/2016\/06\/direct-planning-projet-elements-visuels-610x209.png\" alt=\"Direct Planning Projet - \u00c9l\u00e9ments visuels\" class=\"wp-image-2865\" srcset=\"https:\/\/www.directplanning.com\/wp-content\/uploads\/2016\/06\/direct-planning-projet-elements-visuels-610x209.png 610w, https:\/\/www.directplanning.com\/wp-content\/uploads\/2016\/06\/direct-planning-projet-elements-visuels-312x107.png 312w, https:\/\/www.directplanning.com\/wp-content\/uploads\/2016\/06\/direct-planning-projet-elements-visuels-156x54.png 156w, https:\/\/www.directplanning.com\/wp-content\/uploads\/2016\/06\/direct-planning-projet-elements-visuels-768x263.png 768w, https:\/\/www.directplanning.com\/wp-content\/uploads\/2016\/06\/direct-planning-projet-elements-visuels-1536x527.png 1536w, https:\/\/www.directplanning.com\/wp-content\/uploads\/2016\/06\/direct-planning-projet-elements-visuels-810x278.png 810w, https:\/\/www.directplanning.com\/wp-content\/uploads\/2016\/06\/direct-planning-projet-elements-visuels-1140x391.png 1140w, https:\/\/www.directplanning.com\/wp-content\/uploads\/2016\/06\/direct-planning-projet-elements-visuels.png 1796w\" sizes=\"(max-width: 610px) 100vw, 610px\" \/><\/a><figcaption class=\"wp-element-caption\">Direct Planning Projet &#8211; \u00c9l\u00e9ments visuels<\/figcaption><\/figure><\/div>\n\n\n<p>Donnons quelques exemples :<\/p>\n\n\n\n<ul class=\"wp-block-list\">\n<li><strong>La coloration des t\u00e2ches<\/strong> est compl\u00e8tement <a title=\"Planning Projet \u2013 Affichages personnalisables\" href=\"https:\/\/www.directplanning.com\/fr\/planning-projet\/planning-projet-fonctionnalites\/planning-projet-affichages-personnalisables\/\">personnalisable<\/a>. Elle peut \u00eatre r\u00e9alis\u00e9e en fonction des donn\u00e9es du projet (ressource, salari\u00e9, client, commande, priorit\u00e9, etc). Toutes ces donn\u00e9es sont par ailleurs <a title=\"Planning Projet \u2013 Configurable pour votre m\u00e9tier\" href=\"https:\/\/www.directplanning.com\/fr\/planning-projet\/planning-projet-fonctionnalites\/planning-projet-configurable-pour-votre-metier\/\">configurables selon votre m\u00e9tier<\/a>.<\/li>\n\n\n\n<li>Les <strong>fl\u00e8ches bleues<\/strong> vous permettent de visualiser <a title=\"Planning Projet \u2013 Liens entre les t\u00e2ches du projet\" href=\"https:\/\/www.directplanning.com\/fr\/planning-projet\/planning-projet-fonctionnalites\/planning-projet-liens-entre-les-taches-du-projet\/\">les liens entre les t\u00e2ches<\/a>.<\/li>\n\n\n\n<li>Les <strong>t\u00e2ches termin\u00e9es<\/strong> sont automatiquement gris\u00e9es de mani\u00e8re \u00e0 moins attirer l&#8217;attention. Une barre horizontale bleue situ\u00e9e au-dessus d&#8217;une t\u00e2che permet de visualiser son <a title=\"Planning Projet \u2013 Etat d\u2019avancement des t\u00e2ches\" href=\"https:\/\/www.directplanning.com\/fr\/planning-projet\/planning-projet-fonctionnalites\/planning-projet-etat-avancement-des-taches\/\">\u00e9tat d&#8217;avancement<\/a>.<\/li>\n\n\n\n<li>Les <strong>marqueurs visuels<\/strong>, rectangles color\u00e9s enti\u00e8rement <a title=\"Planning Projet \u2013 Les marqueurs visuels\" href=\"https:\/\/www.directplanning.com\/fr\/planning-projet\/planning-projet-fonctionnalites\/planning-projet-les-marqueurs-visuels\/\">configurables<\/a>, situ\u00e9s au-dessus ou \u00e0 l&#8217;int\u00e9rieur d&#8217;une t\u00e2che ; ils attirent votre attention sur une information importante concernant le projet.<\/li>\n\n\n\n<li>Un <strong>cadenas<\/strong> permet de voir qu&#8217;une t\u00e2che est verrouill\u00e9e et donc non d\u00e9pla\u00e7able.<\/li>\n\n\n\n<li>Les <strong>alertes<\/strong> sur les t\u00e2ches permettent de signaler un <a title=\"Planning Projet \u2013 Contraintes horaires et alertes\" href=\"https:\/\/www.directplanning.com\/fr\/planning-projet\/planning-projet-fonctionnalites\/planning-projet-contraintes-horaires-et-alertes\/\">retard dans le projet<\/a> probable ou effectif. Une alerte peut aussi r\u00e9v\u00e9ler qu&#8217;un \u00e9l\u00e9ment indispensable \u00e0 la r\u00e9alisation du projet ne sera pas disponible \u00e0 temps.<\/li>\n\n\n\n<li>Une <strong>ligne &#8220;\u00e0 planifier&#8221;<\/strong> par ressource recevant les t\u00e2ches n&#8217;ayant pas encore \u00e9t\u00e9 planifi\u00e9es.<\/li>\n<\/ul>\n\n\n\n<h2 class=\"wp-block-heading\">Une interface intuitive<\/h2>\n\n\n\n<p>L&#8217;interface de <strong>Direct Planning Projet<\/strong> est particuli\u00e8rement intuitive. Elle utilise des menus <strong>ruban<\/strong> tr\u00e8s simples d&#8217;emploi.<\/p>\n\n\n\n<p>Toute la planification quant \u00e0 elle, est r\u00e9alis\u00e9e par glisser-d\u00e9placer. Elle est simple \u00e0 appr\u00e9hender. Le temps de formation sur <strong>Direct Planning<\/strong> est tr\u00e8s court.<\/p>\n\n\n\n<p class=\"has-text-align-center\"><a class=\"mks_button mks_button_medium rounded\" href=\"https:\/\/www.directplanning.com\/fr\/planning-projet\/planning-projet-fonctionnalites\/\" target=\"_self\" style=\"color: #FFFFFF; background-color: #1e73be;\" > Les fonctionnalit\u00e9s Planning Projet <\/a>\n","protected":false},"excerpt":{"rendered":"<p>Une interface visuelle configurable Pour une planification intuitive et rapide Direct Planning utilise de nombreux \u00e9l\u00e9ments visuels.<\/p>\n","protected":false},"author":2,"featured_media":2865,"parent":1260,"menu_order":10,"comment_status":"closed","ping_status":"closed","template":"","meta":{"footnotes":""},"class_list":["post-1263","page","type-page","status-publish","has-post-thumbnail","hentry"],"yoast_head":"<!-- This site is optimized with the Yoast SEO plugin v27.6 - https:\/\/yoast.com\/product\/yoast-seo-wordpress\/ -->\n<title>Planning Projet - Une interface utilisateur visuelle et intuitive - Direct Planning<\/title>\n<meta name=\"description\" content=\"Interface intuitive pour planifier vos projets avec glisser-d\u00e9poser, couleurs personnalisables et alertes visuelles.\" \/>\n<meta name=\"robots\" content=\"index, follow, max-snippet:-1, max-image-preview:large, max-video-preview:-1\" \/>\n<link rel=\"canonical\" href=\"https:\/\/www.directplanning.com\/fr\/planning-projet\/planning-projet-fonctionnalites\/planning-projet-une-interface-utilisateur-visuelle-et-intuitive\/\" \/>\n<meta property=\"og:locale\" content=\"fr_FR\" \/>\n<meta property=\"og:type\" content=\"article\" \/>\n<meta property=\"og:title\" content=\"Planning Projet - Une interface utilisateur visuelle et intuitive - Direct Planning\" \/>\n<meta property=\"og:description\" content=\"Interface intuitive pour planifier vos projets avec glisser-d\u00e9poser, couleurs personnalisables et alertes visuelles.\" \/>\n<meta property=\"og:url\" content=\"https:\/\/www.directplanning.com\/fr\/planning-projet\/planning-projet-fonctionnalites\/planning-projet-une-interface-utilisateur-visuelle-et-intuitive\/\" \/>\n<meta property=\"og:site_name\" content=\"Direct Planning\" \/>\n<meta property=\"article:modified_time\" content=\"2025-10-03T09:57:54+00:00\" \/>\n<meta property=\"og:image\" content=\"https:\/\/www.directplanning.com\/wp-content\/uploads\/2016\/06\/direct-planning-projet-elements-visuels.png\" \/>\n\t<meta property=\"og:image:width\" content=\"1796\" \/>\n\t<meta property=\"og:image:height\" content=\"616\" \/>\n\t<meta property=\"og:image:type\" content=\"image\/png\" \/>\n<meta name=\"twitter:card\" content=\"summary_large_image\" \/>\n<meta name=\"twitter:site\" content=\"@Direct_Planning\" \/>\n<meta name=\"twitter:label1\" content=\"Dur\u00e9e de lecture estim\u00e9e\" \/>\n\t<meta name=\"twitter:data1\" content=\"2 minutes\" \/>\n<script type=\"application\/ld+json\" class=\"yoast-schema-graph\">{\"@context\":\"https:\\\/\\\/schema.org\",\"@graph\":[{\"@type\":\"WebPage\",\"@id\":\"https:\\\/\\\/www.directplanning.com\\\/fr\\\/planning-projet\\\/planning-projet-fonctionnalites\\\/planning-projet-une-interface-utilisateur-visuelle-et-intuitive\\\/\",\"url\":\"https:\\\/\\\/www.directplanning.com\\\/fr\\\/planning-projet\\\/planning-projet-fonctionnalites\\\/planning-projet-une-interface-utilisateur-visuelle-et-intuitive\\\/\",\"name\":\"Planning Projet - Une interface utilisateur visuelle et intuitive - Direct Planning\",\"isPartOf\":{\"@id\":\"https:\\\/\\\/www.directplanning.com\\\/fr\\\/#website\"},\"primaryImageOfPage\":{\"@id\":\"https:\\\/\\\/www.directplanning.com\\\/fr\\\/planning-projet\\\/planning-projet-fonctionnalites\\\/planning-projet-une-interface-utilisateur-visuelle-et-intuitive\\\/#primaryimage\"},\"image\":{\"@id\":\"https:\\\/\\\/www.directplanning.com\\\/fr\\\/planning-projet\\\/planning-projet-fonctionnalites\\\/planning-projet-une-interface-utilisateur-visuelle-et-intuitive\\\/#primaryimage\"},\"thumbnailUrl\":\"https:\\\/\\\/www.directplanning.com\\\/wp-content\\\/uploads\\\/2016\\\/06\\\/direct-planning-projet-elements-visuels.png\",\"datePublished\":\"2012-06-04T13:59:38+00:00\",\"dateModified\":\"2025-10-03T09:57:54+00:00\",\"description\":\"Interface intuitive pour planifier vos projets avec glisser-d\u00e9poser, couleurs personnalisables et alertes visuelles.\",\"breadcrumb\":{\"@id\":\"https:\\\/\\\/www.directplanning.com\\\/fr\\\/planning-projet\\\/planning-projet-fonctionnalites\\\/planning-projet-une-interface-utilisateur-visuelle-et-intuitive\\\/#breadcrumb\"},\"inLanguage\":\"fr-FR\",\"potentialAction\":[{\"@type\":\"ReadAction\",\"target\":[\"https:\\\/\\\/www.directplanning.com\\\/fr\\\/planning-projet\\\/planning-projet-fonctionnalites\\\/planning-projet-une-interface-utilisateur-visuelle-et-intuitive\\\/\"]}]},{\"@type\":\"ImageObject\",\"inLanguage\":\"fr-FR\",\"@id\":\"https:\\\/\\\/www.directplanning.com\\\/fr\\\/planning-projet\\\/planning-projet-fonctionnalites\\\/planning-projet-une-interface-utilisateur-visuelle-et-intuitive\\\/#primaryimage\",\"url\":\"https:\\\/\\\/www.directplanning.com\\\/wp-content\\\/uploads\\\/2016\\\/06\\\/direct-planning-projet-elements-visuels.png\",\"contentUrl\":\"https:\\\/\\\/www.directplanning.com\\\/wp-content\\\/uploads\\\/2016\\\/06\\\/direct-planning-projet-elements-visuels.png\",\"width\":1796,\"height\":616,\"caption\":\"Direct Planning Projet - \u00c9l\u00e9ments visuels\"},{\"@type\":\"BreadcrumbList\",\"@id\":\"https:\\\/\\\/www.directplanning.com\\\/fr\\\/planning-projet\\\/planning-projet-fonctionnalites\\\/planning-projet-une-interface-utilisateur-visuelle-et-intuitive\\\/#breadcrumb\",\"itemListElement\":[{\"@type\":\"ListItem\",\"position\":1,\"name\":\"Accueil\",\"item\":\"https:\\\/\\\/www.directplanning.com\\\/fr\\\/\"},{\"@type\":\"ListItem\",\"position\":2,\"name\":\"Direct Planning Projet\",\"item\":\"https:\\\/\\\/www.directplanning.com\\\/fr\\\/planning-projet\\\/\"},{\"@type\":\"ListItem\",\"position\":3,\"name\":\"Planning Projet &#8211; Fonctionnalit\u00e9s\",\"item\":\"https:\\\/\\\/www.directplanning.com\\\/fr\\\/planning-projet\\\/planning-projet-fonctionnalites\\\/\"},{\"@type\":\"ListItem\",\"position\":4,\"name\":\"Planning Projet &#8211; Une interface utilisateur visuelle et intuitive\"}]},{\"@type\":\"WebSite\",\"@id\":\"https:\\\/\\\/www.directplanning.com\\\/fr\\\/#website\",\"url\":\"https:\\\/\\\/www.directplanning.com\\\/fr\\\/\",\"name\":\"Directplanning.com\",\"description\":\"Optimisez votre planning de production. Outil de planification intuitif et complet pour les entreprises et industries. Essai gratuit en ligne\",\"publisher\":{\"@id\":\"https:\\\/\\\/www.directplanning.com\\\/fr\\\/#organization\"},\"potentialAction\":[{\"@type\":\"SearchAction\",\"target\":{\"@type\":\"EntryPoint\",\"urlTemplate\":\"https:\\\/\\\/www.directplanning.com\\\/fr\\\/?s={search_term_string}\"},\"query-input\":{\"@type\":\"PropertyValueSpecification\",\"valueRequired\":true,\"valueName\":\"search_term_string\"}}],\"inLanguage\":\"fr-FR\"},{\"@type\":\"Organization\",\"@id\":\"https:\\\/\\\/www.directplanning.com\\\/fr\\\/#organization\",\"name\":\"Direct Planning\",\"alternateName\":\"DP\",\"url\":\"https:\\\/\\\/www.directplanning.com\\\/fr\\\/\",\"logo\":{\"@type\":\"ImageObject\",\"inLanguage\":\"fr-FR\",\"@id\":\"https:\\\/\\\/www.directplanning.com\\\/fr\\\/#\\\/schema\\\/logo\\\/image\\\/\",\"url\":\"https:\\\/\\\/www.directplanning.com\\\/wp-content\\\/uploads\\\/2023\\\/08\\\/DirectPlanIcone.bmp\",\"contentUrl\":\"https:\\\/\\\/www.directplanning.com\\\/wp-content\\\/uploads\\\/2023\\\/08\\\/DirectPlanIcone.bmp\",\"width\":320,\"height\":355,\"caption\":\"Direct Planning\"},\"image\":{\"@id\":\"https:\\\/\\\/www.directplanning.com\\\/fr\\\/#\\\/schema\\\/logo\\\/image\\\/\"},\"sameAs\":[\"https:\\\/\\\/x.com\\\/Direct_Planning\",\"https:\\\/\\\/www.linkedin.com\\\/showcase\\\/direct-planning\\\/posts\\\/?feedView=all\",\"https:\\\/\\\/www.youtube.com\\\/user\\\/VolumeSoftware\"]}]}<\/script>\n<!-- \/ Yoast SEO plugin. -->","yoast_head_json":{"title":"Planning Projet - Une interface utilisateur visuelle et intuitive - Direct Planning","description":"Interface intuitive pour planifier vos projets avec glisser-d\u00e9poser, couleurs personnalisables et alertes visuelles.","robots":{"index":"index","follow":"follow","max-snippet":"max-snippet:-1","max-image-preview":"max-image-preview:large","max-video-preview":"max-video-preview:-1"},"canonical":"https:\/\/www.directplanning.com\/fr\/planning-projet\/planning-projet-fonctionnalites\/planning-projet-une-interface-utilisateur-visuelle-et-intuitive\/","og_locale":"fr_FR","og_type":"article","og_title":"Planning Projet - Une interface utilisateur visuelle et intuitive - Direct Planning","og_description":"Interface intuitive pour planifier vos projets avec glisser-d\u00e9poser, couleurs personnalisables et alertes visuelles.","og_url":"https:\/\/www.directplanning.com\/fr\/planning-projet\/planning-projet-fonctionnalites\/planning-projet-une-interface-utilisateur-visuelle-et-intuitive\/","og_site_name":"Direct Planning","article_modified_time":"2025-10-03T09:57:54+00:00","og_image":[{"width":1796,"height":616,"url":"https:\/\/www.directplanning.com\/wp-content\/uploads\/2016\/06\/direct-planning-projet-elements-visuels.png","type":"image\/png"}],"twitter_card":"summary_large_image","twitter_site":"@Direct_Planning","twitter_misc":{"Dur\u00e9e de lecture estim\u00e9e":"2 minutes"},"schema":{"@context":"https:\/\/schema.org","@graph":[{"@type":"WebPage","@id":"https:\/\/www.directplanning.com\/fr\/planning-projet\/planning-projet-fonctionnalites\/planning-projet-une-interface-utilisateur-visuelle-et-intuitive\/","url":"https:\/\/www.directplanning.com\/fr\/planning-projet\/planning-projet-fonctionnalites\/planning-projet-une-interface-utilisateur-visuelle-et-intuitive\/","name":"Planning Projet - Une interface utilisateur visuelle et intuitive - Direct Planning","isPartOf":{"@id":"https:\/\/www.directplanning.com\/fr\/#website"},"primaryImageOfPage":{"@id":"https:\/\/www.directplanning.com\/fr\/planning-projet\/planning-projet-fonctionnalites\/planning-projet-une-interface-utilisateur-visuelle-et-intuitive\/#primaryimage"},"image":{"@id":"https:\/\/www.directplanning.com\/fr\/planning-projet\/planning-projet-fonctionnalites\/planning-projet-une-interface-utilisateur-visuelle-et-intuitive\/#primaryimage"},"thumbnailUrl":"https:\/\/www.directplanning.com\/wp-content\/uploads\/2016\/06\/direct-planning-projet-elements-visuels.png","datePublished":"2012-06-04T13:59:38+00:00","dateModified":"2025-10-03T09:57:54+00:00","description":"Interface intuitive pour planifier vos projets avec glisser-d\u00e9poser, couleurs personnalisables et alertes visuelles.","breadcrumb":{"@id":"https:\/\/www.directplanning.com\/fr\/planning-projet\/planning-projet-fonctionnalites\/planning-projet-une-interface-utilisateur-visuelle-et-intuitive\/#breadcrumb"},"inLanguage":"fr-FR","potentialAction":[{"@type":"ReadAction","target":["https:\/\/www.directplanning.com\/fr\/planning-projet\/planning-projet-fonctionnalites\/planning-projet-une-interface-utilisateur-visuelle-et-intuitive\/"]}]},{"@type":"ImageObject","inLanguage":"fr-FR","@id":"https:\/\/www.directplanning.com\/fr\/planning-projet\/planning-projet-fonctionnalites\/planning-projet-une-interface-utilisateur-visuelle-et-intuitive\/#primaryimage","url":"https:\/\/www.directplanning.com\/wp-content\/uploads\/2016\/06\/direct-planning-projet-elements-visuels.png","contentUrl":"https:\/\/www.directplanning.com\/wp-content\/uploads\/2016\/06\/direct-planning-projet-elements-visuels.png","width":1796,"height":616,"caption":"Direct Planning Projet - \u00c9l\u00e9ments visuels"},{"@type":"BreadcrumbList","@id":"https:\/\/www.directplanning.com\/fr\/planning-projet\/planning-projet-fonctionnalites\/planning-projet-une-interface-utilisateur-visuelle-et-intuitive\/#breadcrumb","itemListElement":[{"@type":"ListItem","position":1,"name":"Accueil","item":"https:\/\/www.directplanning.com\/fr\/"},{"@type":"ListItem","position":2,"name":"Direct Planning Projet","item":"https:\/\/www.directplanning.com\/fr\/planning-projet\/"},{"@type":"ListItem","position":3,"name":"Planning Projet &#8211; Fonctionnalit\u00e9s","item":"https:\/\/www.directplanning.com\/fr\/planning-projet\/planning-projet-fonctionnalites\/"},{"@type":"ListItem","position":4,"name":"Planning Projet &#8211; Une interface utilisateur visuelle et intuitive"}]},{"@type":"WebSite","@id":"https:\/\/www.directplanning.com\/fr\/#website","url":"https:\/\/www.directplanning.com\/fr\/","name":"Directplanning.com","description":"Optimisez votre planning de production. Outil de planification intuitif et complet pour les entreprises et industries. Essai gratuit en ligne","publisher":{"@id":"https:\/\/www.directplanning.com\/fr\/#organization"},"potentialAction":[{"@type":"SearchAction","target":{"@type":"EntryPoint","urlTemplate":"https:\/\/www.directplanning.com\/fr\/?s={search_term_string}"},"query-input":{"@type":"PropertyValueSpecification","valueRequired":true,"valueName":"search_term_string"}}],"inLanguage":"fr-FR"},{"@type":"Organization","@id":"https:\/\/www.directplanning.com\/fr\/#organization","name":"Direct Planning","alternateName":"DP","url":"https:\/\/www.directplanning.com\/fr\/","logo":{"@type":"ImageObject","inLanguage":"fr-FR","@id":"https:\/\/www.directplanning.com\/fr\/#\/schema\/logo\/image\/","url":"https:\/\/www.directplanning.com\/wp-content\/uploads\/2023\/08\/DirectPlanIcone.bmp","contentUrl":"https:\/\/www.directplanning.com\/wp-content\/uploads\/2023\/08\/DirectPlanIcone.bmp","width":320,"height":355,"caption":"Direct Planning"},"image":{"@id":"https:\/\/www.directplanning.com\/fr\/#\/schema\/logo\/image\/"},"sameAs":["https:\/\/x.com\/Direct_Planning","https:\/\/www.linkedin.com\/showcase\/direct-planning\/posts\/?feedView=all","https:\/\/www.youtube.com\/user\/VolumeSoftware"]}]}},"_links":{"self":[{"href":"https:\/\/www.directplanning.com\/fr\/wp-json\/wp\/v2\/pages\/1263","targetHints":{"allow":["GET"]}}],"collection":[{"href":"https:\/\/www.directplanning.com\/fr\/wp-json\/wp\/v2\/pages"}],"about":[{"href":"https:\/\/www.directplanning.com\/fr\/wp-json\/wp\/v2\/types\/page"}],"author":[{"embeddable":true,"href":"https:\/\/www.directplanning.com\/fr\/wp-json\/wp\/v2\/users\/2"}],"replies":[{"embeddable":true,"href":"https:\/\/www.directplanning.com\/fr\/wp-json\/wp\/v2\/comments?post=1263"}],"version-history":[{"count":0,"href":"https:\/\/www.directplanning.com\/fr\/wp-json\/wp\/v2\/pages\/1263\/revisions"}],"up":[{"embeddable":true,"href":"https:\/\/www.directplanning.com\/fr\/wp-json\/wp\/v2\/pages\/1260"}],"wp:featuredmedia":[{"embeddable":true,"href":"https:\/\/www.directplanning.com\/fr\/wp-json\/wp\/v2\/media\/2865"}],"wp:attachment":[{"href":"https:\/\/www.directplanning.com\/fr\/wp-json\/wp\/v2\/media?parent=1263"}],"curies":[{"name":"wp","href":"https:\/\/api.w.org\/{rel}","templated":true}]}}