{"id":1260,"date":"2012-06-04T13:53:53","date_gmt":"2012-06-04T13:53:53","guid":{"rendered":"https:\/\/www.directplanning.com\/?page_id=1260"},"modified":"2025-10-03T11:55:45","modified_gmt":"2025-10-03T09:55:45","slug":"planning-projet-fonctionnalites","status":"publish","type":"page","link":"https:\/\/www.directplanning.com\/fr\/planning-projet\/planning-projet-fonctionnalites\/","title":{"rendered":"Planning Projet &#8211; Fonctionnalit\u00e9s"},"content":{"rendered":"<div class=\"mks_col \">\n\n\n<div class=\"mks_one_half \">\n\n\n\n<h2 class=\"wp-block-heading\"><img decoding=\"async\" src=\"https:\/\/www.directplanning.com\/wp-content\/uploads\/2016\/06\/direct-planning-fonctionnalites-interface-visuelle.png\" alt=\"interface visuelle\"><a href=\"https:\/\/www.directplanning.com\/fr\/planning-projet\/planning-projet-fonctionnalites\/planning-projet-une-interface-utilisateur-visuelle-et-intuitive\/\">Interface visuelle et intuitive<\/a><\/h2>\n\n\n\n<p>Hautement configurable au niveau visuel, votre planning saura s&#8217;adapter \u00e0 vos besoins.<\/p>\n\n\n\n<h2 class=\"wp-block-heading\"><img decoding=\"async\" src=\"https:\/\/www.directplanning.com\/wp-content\/uploads\/2016\/06\/direct-planning-fonctionnalites-configuration-planning.png\" alt=\"configuration planning\"><a href=\"https:\/\/www.directplanning.com\/fr\/planning-projet\/planning-projet-fonctionnalites\/planning-projet-configurable-pour-votre-metier\/\">Configuration du planning<\/a><\/h2>\n\n\n\n<p>En fonction des exigences de votre m\u00e9tier, configurez les donn\u00e9es n\u00e9cessaires \u00e0 la planification (client, projet, phase\u2026).<\/p>\n\n\n\n<h2 class=\"wp-block-heading\"><img decoding=\"async\" src=\"https:\/\/www.directplanning.com\/wp-content\/uploads\/2016\/06\/direct-planning-fonctionnalites-contraintes-horaires-alertes.png\" alt=\"contraintes horaires alertes\"><a href=\"https:\/\/www.directplanning.com\/fr\/planning-projet\/planning-projet-fonctionnalites\/planning-projet-contraintes-horaires-et-alertes\/\">Contraintes horaires et alertes<\/a><\/h2>\n\n\n\n<p>Date de d\u00e9but au plus t\u00f4t, date de fin au plus tard, t\u00e2ches verrouill\u00e9es, alertes automatiques et manuelles.<\/p>\n\n\n\n<h2 class=\"wp-block-heading\"><img decoding=\"async\" src=\"https:\/\/www.directplanning.com\/wp-content\/uploads\/2016\/06\/direct-planning-fonctionnalites-aide-planification.png\" alt=\"aide planification\"><a href=\"https:\/\/www.directplanning.com\/fr\/planning-projet\/planning-projet-fonctionnalites\/planning-projet-aide-a-la-planification\/\">Aide \u00e0 la planification<\/a><\/h2>\n\n\n\n<p>Vous aide \u00e0 planifier au plus t\u00f4t ou au plus tard en respectant automatiquement les contraintes de pr\u00e9c\u00e9dence entre les t\u00e2ches.<\/p>\n\n\n\n<h2 class=\"wp-block-heading\"><img decoding=\"async\" src=\"https:\/\/www.directplanning.com\/wp-content\/uploads\/2016\/06\/direct-planning-fonctionnalites-etat-avancement.png\" alt=\"\u00e9tat d'avancement\"><a href=\"https:\/\/www.directplanning.com\/fr\/planning-projet\/planning-projet-fonctionnalites\/planning-projet-etat-avancement-des-taches\/\">\u00c9tat d&#8217;avancement des t\u00e2ches du projet<\/a><\/h2>\n\n\n\n<p>Planification initiale, suivi de la r\u00e9alisation et actualisation du planning.<\/p>\n\n\n\n<h2 class=\"wp-block-heading\"><img decoding=\"async\" src=\"https:\/\/www.directplanning.com\/wp-content\/uploads\/2016\/06\/direct-planning-fonctionnalites-listes-parametrables-taches.png\" alt=\"Listes param\u00e9trables t\u00e2ches\"><a href=\"https:\/\/www.directplanning.com\/fr\/planning-projet\/planning-projet-fonctionnalites\/planning-projet-listes-parametrables\/\">Listes param\u00e9trables de t\u00e2ches<\/a><\/h2>\n\n\n\n<p>Hautement configurables et exportables vers Microsoft Excel.<\/p>\n\n\n\n<h2 class=\"wp-block-heading\"><img decoding=\"async\" src=\"https:\/\/www.directplanning.com\/wp-content\/uploads\/2016\/06\/direct-planning-fonctionnalites-interfaces-erp.png\" alt=\"interfaces ERP\"><a href=\"https:\/\/www.directplanning.com\/fr\/planning-projet\/planning-projet-fonctionnalites\/planning-projet-interface-avec-votre-systeme-dinformation\/\">Les interfaces avec votre syst\u00e8me d&#8217;information<\/a><\/h2>\n\n\n\n<p>Importer automatiquement des t\u00e2ches dans le planning et en retour informer votre syst\u00e8me d&#8217;information sur l&#8217;\u00e9tat de la planification.<\/p>\n\n\n<\/div>\n\n\n<div class=\"mks_one_half \">\n\n\n\n<h2 class=\"wp-block-heading\"><img decoding=\"async\" src=\"https:\/\/www.directplanning.com\/wp-content\/uploads\/2016\/06\/direct-planning-fonctionnalites-ressource-planifiee.png\" alt=\"ressource planifi\u00e9e\"><a href=\"https:\/\/www.directplanning.com\/fr\/planning-projet\/planning-projet-fonctionnalites\/planning-projet-la-ressource-planifiee\/\">Ressource planifi\u00e9e<\/a><\/h2>\n\n\n\n<p>La ressource planifi\u00e9e (le salari\u00e9 par exemple) et les calendriers de disponibilit\u00e9 (journ\u00e9e et semaine type, jours f\u00e9ri\u00e9s et jours de cong\u00e9s).<\/p>\n\n\n\n<h2 class=\"wp-block-heading\"><img decoding=\"async\" src=\"https:\/\/www.directplanning.com\/wp-content\/uploads\/2016\/06\/direct-planning-fonctionnalites-marqueurs-visuels.png\" alt=\"marqueurs visuels\"><a href=\"https:\/\/www.directplanning.com\/fr\/planning-projet\/planning-projet-fonctionnalites\/planning-projet-les-marqueurs-visuels\/\">Marqueurs visuels<\/a><\/h2>\n\n\n\n<p>Configurables, les marqueurs sont des indicateurs visuels destin\u00e9s \u00e0 attirer l\u2019attention du planificateur sur l\u2019\u00e9tat d\u2019une t\u00e2che.<\/p>\n\n\n\n<h2 class=\"wp-block-heading\"><img decoding=\"async\" src=\"https:\/\/www.directplanning.com\/wp-content\/uploads\/2016\/06\/direct-planning-fonctionnalites-precedences-taches.png\" alt=\"pr\u00e9c\u00e9dences t\u00e2ches\"><a href=\"https:\/\/www.directplanning.com\/fr\/planning-projet\/planning-projet-fonctionnalites\/planning-projet-liens-entre-les-taches-du-projet\/\">G\u00e9rer les diff\u00e9rentes \u00e9tapes du projet<\/a><\/h2>\n\n\n\n<p>Cr\u00e9ez des liens de types classique, avec d\u00e9calage ou chevauchement entre les diff\u00e9rentes \u00e9tapes de votre projet.<\/p>\n\n\n\n<h2 class=\"wp-block-heading\"><img decoding=\"async\" src=\"https:\/\/www.directplanning.com\/wp-content\/uploads\/2016\/06\/direct-planning-fonctionnalites-modifier-planning.png\" alt=\"modifier planning\"><a href=\"https:\/\/www.directplanning.com\/fr\/planning-projet\/planning-projet-fonctionnalites\/planning-projet-comment-modifier-un-planning\/\">Comment modifier un planning ?<\/a><\/h2>\n\n\n\n<p>Navigation et actions courantes sur le planning (cr\u00e9ation, modification, d\u00e9placement d&#8217;une t\u00e2che).<\/p>\n\n\n\n<h2 class=\"wp-block-heading\"><img decoding=\"async\" src=\"https:\/\/www.directplanning.com\/wp-content\/uploads\/2016\/06\/direct-planning-fonctionnalites-modes-affichages.png\" alt=\"modes affichages\"><a href=\"https:\/\/www.directplanning.com\/fr\/planning-projet\/planning-projet-fonctionnalites\/planning-projet-affichages-personnalisables\/\">Les modes d&#8217;affichages personnalisables<\/a><\/h2>\n\n\n\n<p>Comment cr\u00e9er des vues personnalis\u00e9es du planning par utilisateur et par fonction.<\/p>\n\n\n\n<h2 class=\"wp-block-heading\"><img decoding=\"async\" src=\"https:\/\/www.directplanning.com\/wp-content\/uploads\/2016\/06\/direct-planning-fonctionnalites-analyse-charge.png\" alt=\"analyse charge\"><a href=\"https:\/\/www.directplanning.com\/fr\/planning-projet\/planning-projet-fonctionnalites\/planning-projet-analyse-de-la-charge\/\">L&#8217;analyse de la charge<\/a><\/h2>\n\n\n\n<p>Histogrammes de charge et analyse des donn\u00e9es brutes.<\/p>\n\n\n<\/div>\n\n\n<\/div>\n","protected":false},"excerpt":{"rendered":"","protected":false},"author":2,"featured_media":696,"parent":423,"menu_order":10,"comment_status":"closed","ping_status":"open","template":"","meta":{"footnotes":""},"class_list":["post-1260","page","type-page","status-publish","has-post-thumbnail","hentry"],"yoast_head":"<!-- This site is optimized with the Yoast SEO plugin v27.4 - https:\/\/yoast.com\/product\/yoast-seo-wordpress\/ -->\n<title>Planning Projet - Fonctionnalit\u00e9s - Direct Planning<\/title>\n<meta name=\"description\" content=\"Planification projet : gestion des t\u00e2ches, ressources, contraintes, avancement, alertes, interfaces ERP et analyse de charge.\" \/>\n<meta name=\"robots\" content=\"index, follow, max-snippet:-1, max-image-preview:large, max-video-preview:-1\" \/>\n<link rel=\"canonical\" href=\"https:\/\/www.directplanning.com\/fr\/planning-projet\/planning-projet-fonctionnalites\/\" \/>\n<meta property=\"og:locale\" content=\"fr_FR\" \/>\n<meta property=\"og:type\" content=\"article\" \/>\n<meta property=\"og:title\" content=\"Planning Projet - Fonctionnalit\u00e9s - Direct Planning\" \/>\n<meta property=\"og:description\" content=\"Planification projet : gestion des t\u00e2ches, ressources, contraintes, avancement, alertes, interfaces ERP et analyse de charge.\" \/>\n<meta property=\"og:url\" content=\"https:\/\/www.directplanning.com\/fr\/planning-projet\/planning-projet-fonctionnalites\/\" \/>\n<meta property=\"og:site_name\" content=\"Direct Planning\" \/>\n<meta property=\"article:modified_time\" content=\"2025-10-03T09:55:45+00:00\" \/>\n<meta property=\"og:image\" content=\"https:\/\/www.directplanning.com\/wp-content\/uploads\/2012\/02\/LogoDirectPlanning.jpg\" \/>\n\t<meta property=\"og:image:width\" content=\"1417\" \/>\n\t<meta property=\"og:image:height\" content=\"709\" \/>\n\t<meta property=\"og:image:type\" content=\"image\/jpeg\" \/>\n<meta name=\"twitter:card\" content=\"summary_large_image\" \/>\n<meta name=\"twitter:site\" content=\"@Direct_Planning\" \/>\n<meta name=\"twitter:label1\" content=\"Dur\u00e9e de lecture estim\u00e9e\" \/>\n\t<meta name=\"twitter:data1\" content=\"5 minutes\" \/>\n<script type=\"application\/ld+json\" class=\"yoast-schema-graph\">{\"@context\":\"https:\\\/\\\/schema.org\",\"@graph\":[{\"@type\":\"WebPage\",\"@id\":\"https:\\\/\\\/www.directplanning.com\\\/fr\\\/planning-projet\\\/planning-projet-fonctionnalites\\\/\",\"url\":\"https:\\\/\\\/www.directplanning.com\\\/fr\\\/planning-projet\\\/planning-projet-fonctionnalites\\\/\",\"name\":\"Planning Projet - Fonctionnalit\u00e9s - Direct Planning\",\"isPartOf\":{\"@id\":\"https:\\\/\\\/www.directplanning.com\\\/fr\\\/#website\"},\"primaryImageOfPage\":{\"@id\":\"https:\\\/\\\/www.directplanning.com\\\/fr\\\/planning-projet\\\/planning-projet-fonctionnalites\\\/#primaryimage\"},\"image\":{\"@id\":\"https:\\\/\\\/www.directplanning.com\\\/fr\\\/planning-projet\\\/planning-projet-fonctionnalites\\\/#primaryimage\"},\"thumbnailUrl\":\"https:\\\/\\\/www.directplanning.com\\\/wp-content\\\/uploads\\\/2012\\\/02\\\/LogoDirectPlanning.jpg\",\"datePublished\":\"2012-06-04T13:53:53+00:00\",\"dateModified\":\"2025-10-03T09:55:45+00:00\",\"description\":\"Planification projet : gestion des t\u00e2ches, ressources, contraintes, avancement, alertes, interfaces ERP et analyse de charge.\",\"breadcrumb\":{\"@id\":\"https:\\\/\\\/www.directplanning.com\\\/fr\\\/planning-projet\\\/planning-projet-fonctionnalites\\\/#breadcrumb\"},\"inLanguage\":\"fr-FR\",\"potentialAction\":[{\"@type\":\"ReadAction\",\"target\":[\"https:\\\/\\\/www.directplanning.com\\\/fr\\\/planning-projet\\\/planning-projet-fonctionnalites\\\/\"]}]},{\"@type\":\"ImageObject\",\"inLanguage\":\"fr-FR\",\"@id\":\"https:\\\/\\\/www.directplanning.com\\\/fr\\\/planning-projet\\\/planning-projet-fonctionnalites\\\/#primaryimage\",\"url\":\"https:\\\/\\\/www.directplanning.com\\\/wp-content\\\/uploads\\\/2012\\\/02\\\/LogoDirectPlanning.jpg\",\"contentUrl\":\"https:\\\/\\\/www.directplanning.com\\\/wp-content\\\/uploads\\\/2012\\\/02\\\/LogoDirectPlanning.jpg\",\"width\":1417,\"height\":709},{\"@type\":\"BreadcrumbList\",\"@id\":\"https:\\\/\\\/www.directplanning.com\\\/fr\\\/planning-projet\\\/planning-projet-fonctionnalites\\\/#breadcrumb\",\"itemListElement\":[{\"@type\":\"ListItem\",\"position\":1,\"name\":\"Accueil\",\"item\":\"https:\\\/\\\/www.directplanning.com\\\/fr\\\/\"},{\"@type\":\"ListItem\",\"position\":2,\"name\":\"Direct Planning Projet\",\"item\":\"https:\\\/\\\/www.directplanning.com\\\/fr\\\/planning-projet\\\/\"},{\"@type\":\"ListItem\",\"position\":3,\"name\":\"Planning Projet &#8211; Fonctionnalit\u00e9s\"}]},{\"@type\":\"WebSite\",\"@id\":\"https:\\\/\\\/www.directplanning.com\\\/fr\\\/#website\",\"url\":\"https:\\\/\\\/www.directplanning.com\\\/fr\\\/\",\"name\":\"Directplanning.com\",\"description\":\"Optimisez votre planning de production. Outil de planification intuitif et complet pour les entreprises et industries. Essai gratuit en ligne\",\"publisher\":{\"@id\":\"https:\\\/\\\/www.directplanning.com\\\/fr\\\/#organization\"},\"potentialAction\":[{\"@type\":\"SearchAction\",\"target\":{\"@type\":\"EntryPoint\",\"urlTemplate\":\"https:\\\/\\\/www.directplanning.com\\\/fr\\\/?s={search_term_string}\"},\"query-input\":{\"@type\":\"PropertyValueSpecification\",\"valueRequired\":true,\"valueName\":\"search_term_string\"}}],\"inLanguage\":\"fr-FR\"},{\"@type\":\"Organization\",\"@id\":\"https:\\\/\\\/www.directplanning.com\\\/fr\\\/#organization\",\"name\":\"Direct Planning\",\"alternateName\":\"DP\",\"url\":\"https:\\\/\\\/www.directplanning.com\\\/fr\\\/\",\"logo\":{\"@type\":\"ImageObject\",\"inLanguage\":\"fr-FR\",\"@id\":\"https:\\\/\\\/www.directplanning.com\\\/fr\\\/#\\\/schema\\\/logo\\\/image\\\/\",\"url\":\"https:\\\/\\\/www.directplanning.com\\\/wp-content\\\/uploads\\\/2023\\\/08\\\/DirectPlanIcone.bmp\",\"contentUrl\":\"https:\\\/\\\/www.directplanning.com\\\/wp-content\\\/uploads\\\/2023\\\/08\\\/DirectPlanIcone.bmp\",\"width\":320,\"height\":355,\"caption\":\"Direct Planning\"},\"image\":{\"@id\":\"https:\\\/\\\/www.directplanning.com\\\/fr\\\/#\\\/schema\\\/logo\\\/image\\\/\"},\"sameAs\":[\"https:\\\/\\\/x.com\\\/Direct_Planning\",\"https:\\\/\\\/www.linkedin.com\\\/showcase\\\/direct-planning\\\/posts\\\/?feedView=all\",\"https:\\\/\\\/www.youtube.com\\\/user\\\/VolumeSoftware\"]}]}<\/script>\n<!-- \/ Yoast SEO plugin. -->","yoast_head_json":{"title":"Planning Projet - Fonctionnalit\u00e9s - Direct Planning","description":"Planification projet : gestion des t\u00e2ches, ressources, contraintes, avancement, alertes, interfaces ERP et analyse de charge.","robots":{"index":"index","follow":"follow","max-snippet":"max-snippet:-1","max-image-preview":"max-image-preview:large","max-video-preview":"max-video-preview:-1"},"canonical":"https:\/\/www.directplanning.com\/fr\/planning-projet\/planning-projet-fonctionnalites\/","og_locale":"fr_FR","og_type":"article","og_title":"Planning Projet - Fonctionnalit\u00e9s - Direct Planning","og_description":"Planification projet : gestion des t\u00e2ches, ressources, contraintes, avancement, alertes, interfaces ERP et analyse de charge.","og_url":"https:\/\/www.directplanning.com\/fr\/planning-projet\/planning-projet-fonctionnalites\/","og_site_name":"Direct Planning","article_modified_time":"2025-10-03T09:55:45+00:00","og_image":[{"width":1417,"height":709,"url":"https:\/\/www.directplanning.com\/wp-content\/uploads\/2012\/02\/LogoDirectPlanning.jpg","type":"image\/jpeg"}],"twitter_card":"summary_large_image","twitter_site":"@Direct_Planning","twitter_misc":{"Dur\u00e9e de lecture estim\u00e9e":"5 minutes"},"schema":{"@context":"https:\/\/schema.org","@graph":[{"@type":"WebPage","@id":"https:\/\/www.directplanning.com\/fr\/planning-projet\/planning-projet-fonctionnalites\/","url":"https:\/\/www.directplanning.com\/fr\/planning-projet\/planning-projet-fonctionnalites\/","name":"Planning Projet - Fonctionnalit\u00e9s - Direct Planning","isPartOf":{"@id":"https:\/\/www.directplanning.com\/fr\/#website"},"primaryImageOfPage":{"@id":"https:\/\/www.directplanning.com\/fr\/planning-projet\/planning-projet-fonctionnalites\/#primaryimage"},"image":{"@id":"https:\/\/www.directplanning.com\/fr\/planning-projet\/planning-projet-fonctionnalites\/#primaryimage"},"thumbnailUrl":"https:\/\/www.directplanning.com\/wp-content\/uploads\/2012\/02\/LogoDirectPlanning.jpg","datePublished":"2012-06-04T13:53:53+00:00","dateModified":"2025-10-03T09:55:45+00:00","description":"Planification projet : gestion des t\u00e2ches, ressources, contraintes, avancement, alertes, interfaces ERP et analyse de charge.","breadcrumb":{"@id":"https:\/\/www.directplanning.com\/fr\/planning-projet\/planning-projet-fonctionnalites\/#breadcrumb"},"inLanguage":"fr-FR","potentialAction":[{"@type":"ReadAction","target":["https:\/\/www.directplanning.com\/fr\/planning-projet\/planning-projet-fonctionnalites\/"]}]},{"@type":"ImageObject","inLanguage":"fr-FR","@id":"https:\/\/www.directplanning.com\/fr\/planning-projet\/planning-projet-fonctionnalites\/#primaryimage","url":"https:\/\/www.directplanning.com\/wp-content\/uploads\/2012\/02\/LogoDirectPlanning.jpg","contentUrl":"https:\/\/www.directplanning.com\/wp-content\/uploads\/2012\/02\/LogoDirectPlanning.jpg","width":1417,"height":709},{"@type":"BreadcrumbList","@id":"https:\/\/www.directplanning.com\/fr\/planning-projet\/planning-projet-fonctionnalites\/#breadcrumb","itemListElement":[{"@type":"ListItem","position":1,"name":"Accueil","item":"https:\/\/www.directplanning.com\/fr\/"},{"@type":"ListItem","position":2,"name":"Direct Planning Projet","item":"https:\/\/www.directplanning.com\/fr\/planning-projet\/"},{"@type":"ListItem","position":3,"name":"Planning Projet &#8211; Fonctionnalit\u00e9s"}]},{"@type":"WebSite","@id":"https:\/\/www.directplanning.com\/fr\/#website","url":"https:\/\/www.directplanning.com\/fr\/","name":"Directplanning.com","description":"Optimisez votre planning de production. Outil de planification intuitif et complet pour les entreprises et industries. Essai gratuit en ligne","publisher":{"@id":"https:\/\/www.directplanning.com\/fr\/#organization"},"potentialAction":[{"@type":"SearchAction","target":{"@type":"EntryPoint","urlTemplate":"https:\/\/www.directplanning.com\/fr\/?s={search_term_string}"},"query-input":{"@type":"PropertyValueSpecification","valueRequired":true,"valueName":"search_term_string"}}],"inLanguage":"fr-FR"},{"@type":"Organization","@id":"https:\/\/www.directplanning.com\/fr\/#organization","name":"Direct Planning","alternateName":"DP","url":"https:\/\/www.directplanning.com\/fr\/","logo":{"@type":"ImageObject","inLanguage":"fr-FR","@id":"https:\/\/www.directplanning.com\/fr\/#\/schema\/logo\/image\/","url":"https:\/\/www.directplanning.com\/wp-content\/uploads\/2023\/08\/DirectPlanIcone.bmp","contentUrl":"https:\/\/www.directplanning.com\/wp-content\/uploads\/2023\/08\/DirectPlanIcone.bmp","width":320,"height":355,"caption":"Direct Planning"},"image":{"@id":"https:\/\/www.directplanning.com\/fr\/#\/schema\/logo\/image\/"},"sameAs":["https:\/\/x.com\/Direct_Planning","https:\/\/www.linkedin.com\/showcase\/direct-planning\/posts\/?feedView=all","https:\/\/www.youtube.com\/user\/VolumeSoftware"]}]}},"_links":{"self":[{"href":"https:\/\/www.directplanning.com\/fr\/wp-json\/wp\/v2\/pages\/1260","targetHints":{"allow":["GET"]}}],"collection":[{"href":"https:\/\/www.directplanning.com\/fr\/wp-json\/wp\/v2\/pages"}],"about":[{"href":"https:\/\/www.directplanning.com\/fr\/wp-json\/wp\/v2\/types\/page"}],"author":[{"embeddable":true,"href":"https:\/\/www.directplanning.com\/fr\/wp-json\/wp\/v2\/users\/2"}],"replies":[{"embeddable":true,"href":"https:\/\/www.directplanning.com\/fr\/wp-json\/wp\/v2\/comments?post=1260"}],"version-history":[{"count":0,"href":"https:\/\/www.directplanning.com\/fr\/wp-json\/wp\/v2\/pages\/1260\/revisions"}],"up":[{"embeddable":true,"href":"https:\/\/www.directplanning.com\/fr\/wp-json\/wp\/v2\/pages\/423"}],"wp:featuredmedia":[{"embeddable":true,"href":"https:\/\/www.directplanning.com\/fr\/wp-json\/wp\/v2\/media\/696"}],"wp:attachment":[{"href":"https:\/\/www.directplanning.com\/fr\/wp-json\/wp\/v2\/media?parent=1260"}],"curies":[{"name":"wp","href":"https:\/\/api.w.org\/{rel}","templated":true}]}}