{"id":1252,"date":"2012-06-04T11:52:44","date_gmt":"2012-06-04T11:52:44","guid":{"rendered":"https:\/\/www.directplanning.com\/?page_id=1252"},"modified":"2025-10-03T11:52:13","modified_gmt":"2025-10-03T09:52:13","slug":"planning-industrie-les-videos","status":"publish","type":"page","link":"https:\/\/www.directplanning.com\/fr\/planning-industrie\/planning-industrie-les-videos\/","title":{"rendered":"Planning Industrie &#8211; Les vid\u00e9os"},"content":{"rendered":"\n<p>Cette page vous pr\u00e9sente l&#8217;ensemble des vid\u00e9os consacr\u00e9es \u00e0 <strong>Direct Planning Industrie<\/strong>.<\/p>\n\n\n\n<p>Pour toutes ces vid\u00e9os, assurez-vous de bien avoir activ\u00e9<strong> le son<\/strong> de votre ordinateur, pour profiter des commentaires.<\/p>\n\n\n\n<!--more-->\n\n\n\n<h2 class=\"wp-block-heading\">Pr\u00e9sentation de Direct Planning Industrie<\/h2>\n\n\n\n<p class=\"iframe\"><iframe src=\"https:\/\/www.youtube.com\/embed\/YkgFWHi45mI?rel=0&amp;wmode=opaque\" width=\"640\" height=\"360\" frameborder=\"0\"><\/iframe><\/p>\n\n\n\n<p>&nbsp;<\/p>\n\n\n\n<h2 class=\"wp-block-heading\">Les fonctionnalit\u00e9s de Direct Planning Industrie<\/h2>\n\n\n\n<h3 class=\"wp-block-heading\">Tutoriel 1 : les \u00e9l\u00e9ments visuels de l&#8217;interface<\/h3>\n\n\n\n<p class=\"iframe\"><iframe src=\"https:\/\/www.youtube.com\/embed\/Jzcbs9F17CU?rel=0\" width=\"640\" height=\"360\" frameborder=\"0\"><\/iframe><\/p>\n\n\n\n<p>Voir&nbsp;la page : <a title=\"Planning Industrie \u2013 Une interface utilisateur visuelle et intuitive\" href=\"https:\/\/www.directplanning.com\/fr\/planning-industrie\/planning-industrie-fonctionnalites\/planning-industrie-une-interface-utilisateur-visuelle-et-intuitive\/\">Une interface utilisateur visuelle et intuitive<\/a><\/p>\n\n\n\n<p>&nbsp;<\/p>\n\n\n\n<h3 class=\"wp-block-heading\">&nbsp;<\/h3>\n\n\n\n<h3 class=\"wp-block-heading\">Tutoriel 2 : les caract\u00e9ristiques de vos machines<\/h3>\n\n\n\n<p><iframe src=\"https:\/\/www.youtube.com\/embed\/g8pIDON-uPM?rel=0\" width=\"640\" height=\"360\" frameborder=\"0\"><\/iframe><\/p>\n\n\n\n<h3 class=\"wp-block-heading\">Les calendriers d&#8217;ouverture des machines : (nouveaut\u00e9 version 2.1.0) :<\/h3>\n\n\n\n<p><iframe src=\"https:\/\/www.youtube.com\/embed\/tJyvUomx7g4\" width=\"600\" height=\"450\" frameborder=\"0\"><\/iframe><\/p>\n\n\n\n<p>Voir la page : <a title=\"Planning Industrie \u2013 Caract\u00e9ristiques de vos machines\" href=\"https:\/\/www.directplanning.com\/fr\/planning-industrie\/planning-industrie-fonctionnalites\/planning-industrie-caracteristiques-de-vos-machines\/\">les caract\u00e9ristiques de vos machines<\/a>.<\/p>\n\n\n\n<p>&nbsp;<\/p>\n\n\n\n<h3 class=\"wp-block-heading\">Tutoriel 3 : configurable pour votre m\u00e9tier &#8211; entit\u00e9s et \u00e9l\u00e9ments techniques<\/h3>\n\n\n\n<p><iframe src=\"https:\/\/www.youtube.com\/embed\/vpd7utqswVU?rel=0\" width=\"640\" height=\"360\" frameborder=\"0\"><\/iframe><\/p>\n\n\n\n<p>&nbsp;Voir la page : <a title=\"Planning Industrie \u2013 Configurable pour votre m\u00e9tier\" href=\"https:\/\/www.directplanning.com\/fr\/planning-industrie\/planning-industrie-fonctionnalites\/planning-industrie-configurable-pour-votre-metier\/\">Configurable pour votre m\u00e9tier<\/a>.<\/p>\n\n\n\n<p>&nbsp;<\/p>\n\n\n\n<h3 class=\"wp-block-heading\">Tutoriel 4 : Les marqueurs visuels<\/h3>\n\n\n\n<p class=\"iframe\"><iframe src=\"https:\/\/www.youtube.com\/embed\/vXdwia1mlxM?rel=0\" width=\"640\" height=\"360\" frameborder=\"0\"><\/iframe><\/p>\n\n\n\n<p>&nbsp;Voir la page : <a title=\"Planning Industrie \u2013 Les marqueurs visuels\" href=\"https:\/\/www.directplanning.com\/fr\/planning-industrie\/planning-industrie-fonctionnalites\/planning-industrie-marqueurs-visuels\/\">les marqueurs visuels<\/a>.<\/p>\n\n\n\n<p>&nbsp;<\/p>\n\n\n\n<h3 class=\"wp-block-heading\">Tutoriel 5 : Contraintes horaires et alertes<\/h3>\n\n\n\n<p class=\"iframe\"><iframe src=\"https:\/\/www.youtube.com\/embed\/QgrCAlwF6OU?rel=0\" width=\"640\" height=\"360\" frameborder=\"0\"><\/iframe><\/p>\n\n\n\n<p>Voir la page : <a title=\"Planning Industrie \u2013 Contraintes horaires et alertes\" href=\"https:\/\/www.directplanning.com\/fr\/planning-industrie\/planning-industrie-fonctionnalites\/planning-industrie-contraintes-horaires-et-alertes\/\">Contraintes horaires et alertes<\/a>.<\/p>\n\n\n\n<p>&nbsp;<\/p>\n\n\n\n<h3 class=\"wp-block-heading\">Tutoriel 6 : Vos gammes de production &#8211; les liens entre les t\u00e2ches<\/h3>\n\n\n\n<p class=\"iframe\"><iframe src=\"https:\/\/www.youtube.com\/embed\/FjO7esXu3as?rel=0\" width=\"640\" height=\"360\" frameborder=\"0\"><\/iframe><\/p>\n\n\n\n<p>Voir la page : <a title=\"Planning Industrie \u2013 Vos gammes de production\" href=\"https:\/\/www.directplanning.com\/fr\/planning-industrie\/planning-industrie-fonctionnalites\/planning-industrie-vos-gammes-de-production\/\">Vos gammes de production<\/a>.<\/p>\n\n\n\n<p>&nbsp;<\/p>\n\n\n\n<h3 class=\"wp-block-heading\">Tutoriel 7 : L&#8217;aide \u00e0 la planification<\/h3>\n\n\n\n<p class=\"iframe\"><iframe src=\"https:\/\/www.youtube.com\/embed\/5q1OsNbtq-c?rel=0\" width=\"640\" height=\"360\" frameborder=\"0\"><\/iframe><\/p>\n\n\n\n<p>Voir la page : <a title=\"Planning Industrie \u2013 Aide \u00e0 la planification\" href=\"https:\/\/www.directplanning.com\/fr\/planning-industrie\/planning-industrie-fonctionnalites\/planning-industrie-aide-a-la-planification\/\">L&#8217;aide \u00e0 la planification<\/a>.<\/p>\n\n\n\n<p>&nbsp;<\/p>\n\n\n\n<h3 class=\"wp-block-heading\">Tutoriel 8 : Naviguer dans le planning<\/h3>\n\n\n\n<p class=\"iframe\"><iframe src=\"https:\/\/www.youtube.com\/embed\/zFUmESRNils?rel=0\" width=\"640\" height=\"360\" frameborder=\"0\"><\/iframe><\/p>\n\n\n\n<p>Voir la page : <a title=\"Planning Industrie \u2013 Comment modifier un planning ?\" href=\"https:\/\/www.directplanning.com\/fr\/planning-industrie\/planning-industrie-fonctionnalites\/planning-industrie-comment-modifier-un-planning\/\">Comment modifier le planning ?<\/a><\/p>\n\n\n\n<p>&nbsp;<\/p>\n\n\n\n<h3 class=\"wp-block-heading\">Tutoriel 9 : Modifier le planning ; quelques actions courantes<\/h3>\n\n\n\n<p class=\"iframe\"><iframe src=\"https:\/\/www.youtube.com\/embed\/2dH5bD0qjQI?rel=0\" width=\"640\" height=\"360\" frameborder=\"0\"><\/iframe><\/p>\n\n\n\n<p>Voir la page : <a title=\"Planning Industrie \u2013 Comment modifier un planning ?\" href=\"https:\/\/www.directplanning.com\/fr\/planning-industrie\/planning-industrie-fonctionnalites\/planning-industrie-comment-modifier-un-planning\/\">Comment modifier le planning ?<\/a><\/p>\n","protected":false},"excerpt":{"rendered":"<p>Cette page vous pr\u00e9sente l&#8217;ensemble des vid\u00e9os consacr\u00e9es \u00e0 Direct Planning Industrie. Pour toutes ces vid\u00e9os, assurez-vous de bien avoir activ\u00e9 le son de votre ordinateur, pour profiter des commentaires.<\/p>\n","protected":false},"author":2,"featured_media":696,"parent":422,"menu_order":20,"comment_status":"closed","ping_status":"closed","template":"","meta":{"footnotes":""},"class_list":["post-1252","page","type-page","status-publish","has-post-thumbnail","hentry"],"yoast_head":"<!-- This site is optimized with the Yoast SEO plugin v27.5 - https:\/\/yoast.com\/product\/yoast-seo-wordpress\/ -->\n<title>Planning Industrie - Les vid\u00e9os - Direct Planning<\/title>\n<meta name=\"description\" content=\"Acc\u00e9dez \u00e0 une s\u00e9rie de tutoriels vid\u00e9o pour ma\u00eetriser les fonctionnalit\u00e9s : interface, machines, contraintes, gammes, planification et plus.\" \/>\n<meta name=\"robots\" content=\"index, follow, max-snippet:-1, max-image-preview:large, max-video-preview:-1\" \/>\n<link rel=\"canonical\" href=\"https:\/\/www.directplanning.com\/fr\/planning-industrie\/planning-industrie-les-videos\/\" \/>\n<meta property=\"og:locale\" content=\"fr_FR\" \/>\n<meta property=\"og:type\" content=\"article\" \/>\n<meta property=\"og:title\" content=\"Planning Industrie - Les vid\u00e9os - Direct Planning\" \/>\n<meta property=\"og:description\" content=\"Acc\u00e9dez \u00e0 une s\u00e9rie de tutoriels vid\u00e9o pour ma\u00eetriser les fonctionnalit\u00e9s : interface, machines, contraintes, gammes, planification et plus.\" \/>\n<meta property=\"og:url\" content=\"https:\/\/www.directplanning.com\/fr\/planning-industrie\/planning-industrie-les-videos\/\" \/>\n<meta property=\"og:site_name\" content=\"Direct Planning\" \/>\n<meta property=\"article:modified_time\" content=\"2025-10-03T09:52:13+00:00\" \/>\n<meta property=\"og:image\" content=\"https:\/\/www.directplanning.com\/wp-content\/uploads\/2012\/02\/LogoDirectPlanning.jpg\" \/>\n\t<meta property=\"og:image:width\" content=\"1417\" \/>\n\t<meta property=\"og:image:height\" content=\"709\" \/>\n\t<meta property=\"og:image:type\" content=\"image\/jpeg\" \/>\n<meta name=\"twitter:card\" content=\"summary_large_image\" \/>\n<meta name=\"twitter:site\" content=\"@Direct_Planning\" \/>\n<meta name=\"twitter:label1\" content=\"Dur\u00e9e de lecture estim\u00e9e\" \/>\n\t<meta name=\"twitter:data1\" content=\"2 minutes\" \/>\n<script type=\"application\/ld+json\" class=\"yoast-schema-graph\">{\"@context\":\"https:\\\/\\\/schema.org\",\"@graph\":[{\"@type\":\"WebPage\",\"@id\":\"https:\\\/\\\/www.directplanning.com\\\/fr\\\/planning-industrie\\\/planning-industrie-les-videos\\\/\",\"url\":\"https:\\\/\\\/www.directplanning.com\\\/fr\\\/planning-industrie\\\/planning-industrie-les-videos\\\/\",\"name\":\"Planning Industrie - Les vid\u00e9os - Direct Planning\",\"isPartOf\":{\"@id\":\"https:\\\/\\\/www.directplanning.com\\\/fr\\\/#website\"},\"primaryImageOfPage\":{\"@id\":\"https:\\\/\\\/www.directplanning.com\\\/fr\\\/planning-industrie\\\/planning-industrie-les-videos\\\/#primaryimage\"},\"image\":{\"@id\":\"https:\\\/\\\/www.directplanning.com\\\/fr\\\/planning-industrie\\\/planning-industrie-les-videos\\\/#primaryimage\"},\"thumbnailUrl\":\"https:\\\/\\\/www.directplanning.com\\\/wp-content\\\/uploads\\\/2012\\\/02\\\/LogoDirectPlanning.jpg\",\"datePublished\":\"2012-06-04T11:52:44+00:00\",\"dateModified\":\"2025-10-03T09:52:13+00:00\",\"description\":\"Acc\u00e9dez \u00e0 une s\u00e9rie de tutoriels vid\u00e9o pour ma\u00eetriser les fonctionnalit\u00e9s : interface, machines, contraintes, gammes, planification et plus.\",\"breadcrumb\":{\"@id\":\"https:\\\/\\\/www.directplanning.com\\\/fr\\\/planning-industrie\\\/planning-industrie-les-videos\\\/#breadcrumb\"},\"inLanguage\":\"fr-FR\",\"potentialAction\":[{\"@type\":\"ReadAction\",\"target\":[\"https:\\\/\\\/www.directplanning.com\\\/fr\\\/planning-industrie\\\/planning-industrie-les-videos\\\/\"]}]},{\"@type\":\"ImageObject\",\"inLanguage\":\"fr-FR\",\"@id\":\"https:\\\/\\\/www.directplanning.com\\\/fr\\\/planning-industrie\\\/planning-industrie-les-videos\\\/#primaryimage\",\"url\":\"https:\\\/\\\/www.directplanning.com\\\/wp-content\\\/uploads\\\/2012\\\/02\\\/LogoDirectPlanning.jpg\",\"contentUrl\":\"https:\\\/\\\/www.directplanning.com\\\/wp-content\\\/uploads\\\/2012\\\/02\\\/LogoDirectPlanning.jpg\",\"width\":1417,\"height\":709},{\"@type\":\"BreadcrumbList\",\"@id\":\"https:\\\/\\\/www.directplanning.com\\\/fr\\\/planning-industrie\\\/planning-industrie-les-videos\\\/#breadcrumb\",\"itemListElement\":[{\"@type\":\"ListItem\",\"position\":1,\"name\":\"Accueil\",\"item\":\"https:\\\/\\\/www.directplanning.com\\\/fr\\\/\"},{\"@type\":\"ListItem\",\"position\":2,\"name\":\"Direct Planning Industrie\",\"item\":\"https:\\\/\\\/www.directplanning.com\\\/fr\\\/planning-industrie\\\/\"},{\"@type\":\"ListItem\",\"position\":3,\"name\":\"Planning Industrie &#8211; Les vid\u00e9os\"}]},{\"@type\":\"WebSite\",\"@id\":\"https:\\\/\\\/www.directplanning.com\\\/fr\\\/#website\",\"url\":\"https:\\\/\\\/www.directplanning.com\\\/fr\\\/\",\"name\":\"Directplanning.com\",\"description\":\"Optimisez votre planning de production. Outil de planification intuitif et complet pour les entreprises et industries. Essai gratuit en ligne\",\"publisher\":{\"@id\":\"https:\\\/\\\/www.directplanning.com\\\/fr\\\/#organization\"},\"potentialAction\":[{\"@type\":\"SearchAction\",\"target\":{\"@type\":\"EntryPoint\",\"urlTemplate\":\"https:\\\/\\\/www.directplanning.com\\\/fr\\\/?s={search_term_string}\"},\"query-input\":{\"@type\":\"PropertyValueSpecification\",\"valueRequired\":true,\"valueName\":\"search_term_string\"}}],\"inLanguage\":\"fr-FR\"},{\"@type\":\"Organization\",\"@id\":\"https:\\\/\\\/www.directplanning.com\\\/fr\\\/#organization\",\"name\":\"Direct Planning\",\"alternateName\":\"DP\",\"url\":\"https:\\\/\\\/www.directplanning.com\\\/fr\\\/\",\"logo\":{\"@type\":\"ImageObject\",\"inLanguage\":\"fr-FR\",\"@id\":\"https:\\\/\\\/www.directplanning.com\\\/fr\\\/#\\\/schema\\\/logo\\\/image\\\/\",\"url\":\"https:\\\/\\\/www.directplanning.com\\\/wp-content\\\/uploads\\\/2023\\\/08\\\/DirectPlanIcone.bmp\",\"contentUrl\":\"https:\\\/\\\/www.directplanning.com\\\/wp-content\\\/uploads\\\/2023\\\/08\\\/DirectPlanIcone.bmp\",\"width\":320,\"height\":355,\"caption\":\"Direct Planning\"},\"image\":{\"@id\":\"https:\\\/\\\/www.directplanning.com\\\/fr\\\/#\\\/schema\\\/logo\\\/image\\\/\"},\"sameAs\":[\"https:\\\/\\\/x.com\\\/Direct_Planning\",\"https:\\\/\\\/www.linkedin.com\\\/showcase\\\/direct-planning\\\/posts\\\/?feedView=all\",\"https:\\\/\\\/www.youtube.com\\\/user\\\/VolumeSoftware\"]}]}<\/script>\n<!-- \/ Yoast SEO plugin. -->","yoast_head_json":{"title":"Planning Industrie - Les vid\u00e9os - Direct Planning","description":"Acc\u00e9dez \u00e0 une s\u00e9rie de tutoriels vid\u00e9o pour ma\u00eetriser les fonctionnalit\u00e9s : interface, machines, contraintes, gammes, planification et plus.","robots":{"index":"index","follow":"follow","max-snippet":"max-snippet:-1","max-image-preview":"max-image-preview:large","max-video-preview":"max-video-preview:-1"},"canonical":"https:\/\/www.directplanning.com\/fr\/planning-industrie\/planning-industrie-les-videos\/","og_locale":"fr_FR","og_type":"article","og_title":"Planning Industrie - Les vid\u00e9os - Direct Planning","og_description":"Acc\u00e9dez \u00e0 une s\u00e9rie de tutoriels vid\u00e9o pour ma\u00eetriser les fonctionnalit\u00e9s : interface, machines, contraintes, gammes, planification et plus.","og_url":"https:\/\/www.directplanning.com\/fr\/planning-industrie\/planning-industrie-les-videos\/","og_site_name":"Direct Planning","article_modified_time":"2025-10-03T09:52:13+00:00","og_image":[{"width":1417,"height":709,"url":"https:\/\/www.directplanning.com\/wp-content\/uploads\/2012\/02\/LogoDirectPlanning.jpg","type":"image\/jpeg"}],"twitter_card":"summary_large_image","twitter_site":"@Direct_Planning","twitter_misc":{"Dur\u00e9e de lecture estim\u00e9e":"2 minutes"},"schema":{"@context":"https:\/\/schema.org","@graph":[{"@type":"WebPage","@id":"https:\/\/www.directplanning.com\/fr\/planning-industrie\/planning-industrie-les-videos\/","url":"https:\/\/www.directplanning.com\/fr\/planning-industrie\/planning-industrie-les-videos\/","name":"Planning Industrie - Les vid\u00e9os - Direct Planning","isPartOf":{"@id":"https:\/\/www.directplanning.com\/fr\/#website"},"primaryImageOfPage":{"@id":"https:\/\/www.directplanning.com\/fr\/planning-industrie\/planning-industrie-les-videos\/#primaryimage"},"image":{"@id":"https:\/\/www.directplanning.com\/fr\/planning-industrie\/planning-industrie-les-videos\/#primaryimage"},"thumbnailUrl":"https:\/\/www.directplanning.com\/wp-content\/uploads\/2012\/02\/LogoDirectPlanning.jpg","datePublished":"2012-06-04T11:52:44+00:00","dateModified":"2025-10-03T09:52:13+00:00","description":"Acc\u00e9dez \u00e0 une s\u00e9rie de tutoriels vid\u00e9o pour ma\u00eetriser les fonctionnalit\u00e9s : interface, machines, contraintes, gammes, planification et plus.","breadcrumb":{"@id":"https:\/\/www.directplanning.com\/fr\/planning-industrie\/planning-industrie-les-videos\/#breadcrumb"},"inLanguage":"fr-FR","potentialAction":[{"@type":"ReadAction","target":["https:\/\/www.directplanning.com\/fr\/planning-industrie\/planning-industrie-les-videos\/"]}]},{"@type":"ImageObject","inLanguage":"fr-FR","@id":"https:\/\/www.directplanning.com\/fr\/planning-industrie\/planning-industrie-les-videos\/#primaryimage","url":"https:\/\/www.directplanning.com\/wp-content\/uploads\/2012\/02\/LogoDirectPlanning.jpg","contentUrl":"https:\/\/www.directplanning.com\/wp-content\/uploads\/2012\/02\/LogoDirectPlanning.jpg","width":1417,"height":709},{"@type":"BreadcrumbList","@id":"https:\/\/www.directplanning.com\/fr\/planning-industrie\/planning-industrie-les-videos\/#breadcrumb","itemListElement":[{"@type":"ListItem","position":1,"name":"Accueil","item":"https:\/\/www.directplanning.com\/fr\/"},{"@type":"ListItem","position":2,"name":"Direct Planning Industrie","item":"https:\/\/www.directplanning.com\/fr\/planning-industrie\/"},{"@type":"ListItem","position":3,"name":"Planning Industrie &#8211; Les vid\u00e9os"}]},{"@type":"WebSite","@id":"https:\/\/www.directplanning.com\/fr\/#website","url":"https:\/\/www.directplanning.com\/fr\/","name":"Directplanning.com","description":"Optimisez votre planning de production. Outil de planification intuitif et complet pour les entreprises et industries. Essai gratuit en ligne","publisher":{"@id":"https:\/\/www.directplanning.com\/fr\/#organization"},"potentialAction":[{"@type":"SearchAction","target":{"@type":"EntryPoint","urlTemplate":"https:\/\/www.directplanning.com\/fr\/?s={search_term_string}"},"query-input":{"@type":"PropertyValueSpecification","valueRequired":true,"valueName":"search_term_string"}}],"inLanguage":"fr-FR"},{"@type":"Organization","@id":"https:\/\/www.directplanning.com\/fr\/#organization","name":"Direct Planning","alternateName":"DP","url":"https:\/\/www.directplanning.com\/fr\/","logo":{"@type":"ImageObject","inLanguage":"fr-FR","@id":"https:\/\/www.directplanning.com\/fr\/#\/schema\/logo\/image\/","url":"https:\/\/www.directplanning.com\/wp-content\/uploads\/2023\/08\/DirectPlanIcone.bmp","contentUrl":"https:\/\/www.directplanning.com\/wp-content\/uploads\/2023\/08\/DirectPlanIcone.bmp","width":320,"height":355,"caption":"Direct Planning"},"image":{"@id":"https:\/\/www.directplanning.com\/fr\/#\/schema\/logo\/image\/"},"sameAs":["https:\/\/x.com\/Direct_Planning","https:\/\/www.linkedin.com\/showcase\/direct-planning\/posts\/?feedView=all","https:\/\/www.youtube.com\/user\/VolumeSoftware"]}]}},"_links":{"self":[{"href":"https:\/\/www.directplanning.com\/fr\/wp-json\/wp\/v2\/pages\/1252","targetHints":{"allow":["GET"]}}],"collection":[{"href":"https:\/\/www.directplanning.com\/fr\/wp-json\/wp\/v2\/pages"}],"about":[{"href":"https:\/\/www.directplanning.com\/fr\/wp-json\/wp\/v2\/types\/page"}],"author":[{"embeddable":true,"href":"https:\/\/www.directplanning.com\/fr\/wp-json\/wp\/v2\/users\/2"}],"replies":[{"embeddable":true,"href":"https:\/\/www.directplanning.com\/fr\/wp-json\/wp\/v2\/comments?post=1252"}],"version-history":[{"count":0,"href":"https:\/\/www.directplanning.com\/fr\/wp-json\/wp\/v2\/pages\/1252\/revisions"}],"up":[{"embeddable":true,"href":"https:\/\/www.directplanning.com\/fr\/wp-json\/wp\/v2\/pages\/422"}],"wp:featuredmedia":[{"embeddable":true,"href":"https:\/\/www.directplanning.com\/fr\/wp-json\/wp\/v2\/media\/696"}],"wp:attachment":[{"href":"https:\/\/www.directplanning.com\/fr\/wp-json\/wp\/v2\/media?parent=1252"}],"curies":[{"name":"wp","href":"https:\/\/api.w.org\/{rel}","templated":true}]}}