{"id":3939,"date":"2012-06-05T06:43:12","date_gmt":"2012-06-05T06:43:12","guid":{"rendered":"https:\/\/www.directplanning.com\/en\/?page_id=1346"},"modified":"2012-06-05T06:43:12","modified_gmt":"2012-06-05T06:43:12","slug":"service-planning-configurable-for-your-business","status":"publish","type":"page","link":"https:\/\/www.directplanning.com\/en\/service-planning\/service-planning-features\/service-planning-configurable-for-your-business\/","title":{"rendered":"Service Planning &#8211; Configurable for your business"},"content":{"rendered":"<p style=\"text-align: justify;\"><strong>Direct Planning Service <\/strong>makes it possible to <strong>configure the trade data<\/strong> you need for planning. Whether the jobs are manually entered or\u00a0<a title=\"Service Planning \u2013 Interface with your information system\" href=\"https:\/\/www.directplanning.com\/en\/service-planning\/service-planning-features\/service-planning-interface-with-your-information-system\/\">directly imported from your information system<\/a>, you\u2019ll find these trade data at the scheduled job level..<\/p>\n<p style=\"text-align: justify;\"><strong>Direct Planning Service <\/strong>proposes many configurable data structures: <a title=\"Service Planning \u2013 Scheduled resource\" href=\"https:\/\/www.directplanning.com\/en\/service-planning\/service-planning-features\/service-planning-scheduled-ressource\/\">resources<\/a>, entities, configurable areas of jobs\u00a0and\u00a0<a title=\"Service Planning \u2013 Visual flags\" href=\"https:\/\/www.directplanning.com\/en\/service-planning\/service-planning-features\/service-planning-visual-flags\/\">flags<\/a>.<\/p>\n<p style=\"text-align: justify;\"><!--more--><\/p>\n<h2>The\u00a0entities: your customizable, structured data<\/h2>\n<p style=\"text-align: justify;\">Entities enable you to model structured data lists. You can configure up to 10 entities.<\/p>\n<p style=\"text-align: justify;\"><strong>Examples of entities :<\/strong>\u00a0the customer, the reason for booking, the participant, etc &#8230;<\/p>\n<div id=\"attachment_1456\" style=\"width: 620px\" class=\"wp-caption aligncenter\"><a href=\"https:\/\/www.directplanning.com\/wp-content\/uploads\/2012\/06\/direct_planning_service_entite_reserve_par.png\" data-rel=\"lightbox-image-0\" data-rl_title=\"\" data-rl_caption=\"\"><img decoding=\"async\" aria-describedby=\"caption-attachment-1456\" class=\"size-large wp-image-1456 \" title=\"\" src=\"https:\/\/www.directplanning.com\/wp-content\/uploads\/2012\/06\/direct_planning_service_entite_reserve_par-610x446.png\" alt=\"Direct Planning Service - Example of entity: the speaker who has booked the room\" width=\"610\" height=\"446\" srcset=\"https:\/\/www.directplanning.com\/wp-content\/uploads\/2012\/06\/direct_planning_service_entite_reserve_par-610x446.png 610w, https:\/\/www.directplanning.com\/wp-content\/uploads\/2012\/06\/direct_planning_service_entite_reserve_par-312x228.png 312w, https:\/\/www.directplanning.com\/wp-content\/uploads\/2012\/06\/direct_planning_service_entite_reserve_par-156x114.png 156w, https:\/\/www.directplanning.com\/wp-content\/uploads\/2012\/06\/direct_planning_service_entite_reserve_par-768x562.png 768w, https:\/\/www.directplanning.com\/wp-content\/uploads\/2012\/06\/direct_planning_service_entite_reserve_par.png 800w\" sizes=\"(max-width: 610px) 100vw, 610px\" \/><\/a><p id=\"caption-attachment-1456\" class=\"wp-caption-text\">Direct Planning Service &#8211; Example of entity: the speaker who has booked the room<\/p><\/div>\n<p style=\"text-align: justify;\">Beside the code and the wording, each of these entities has <strong>10 configurable fields<\/strong>. For example, in the customer record, you would configure a phone number, an email, etc.<\/p>\n<p style=\"text-align: justify;\">It is essential to well structure the entities. These data will play a key role in job retrieval and coloring.<\/p>\n<div id=\"attachment_1457\" style=\"width: 620px\" class=\"wp-caption aligncenter\"><a href=\"https:\/\/www.directplanning.com\/wp-content\/uploads\/2012\/06\/direct_planning_service_entite_detail_tache.png\" data-rel=\"lightbox-image-1\" data-rl_title=\"\" data-rl_caption=\"\"><img decoding=\"async\" aria-describedby=\"caption-attachment-1457\" class=\"size-large wp-image-1457 \" title=\"\" src=\"https:\/\/www.directplanning.com\/wp-content\/uploads\/2012\/06\/direct_planning_service_entite_detail_tache-610x348.png\" alt=\"Direct planning Service - Displaying entities in the reservation details\" width=\"610\" height=\"348\" \/><\/a><p id=\"caption-attachment-1457\" class=\"wp-caption-text\">Direct planning Service &#8211; Displaying entities in the reservation details<\/p><\/div>\n<h2>Configurable areas of job details<\/h2>\n<p style=\"text-align: justify;\">Beside entities, <strong>10 configurable areas<\/strong> are available on the job itself. A further step towards customizing.<\/p>\n<p style=\"text-align: justify;\">Moreover, each job features a rich text <strong>notes<\/strong> area. In these notes, you can easily insert <strong>clickable links to documents<\/strong> (Word, Excel, PDF, Images, etc.). For example: technical data sheet, analysis document, model, etc.<\/p>\n<h2>Customizing displays<\/h2>\n<p style=\"text-align: justify;\">Once these data have been configured, you can also\u00a0<a title=\"Service Planning \u2013 Customizable display modes\" href=\"https:\/\/www.directplanning.com\/en\/service-planning\/service-planning-features\/service-planning-customizable-display-modes\/\">fine-tune your display modes<\/a>\u00a0so that they reflect the needs of your business.<\/p>\n<p style=\"text-align: center;\"><a class=\"mks_button mks_button_medium rounded\" href=\"https:\/\/www.directplanning.com\/en\/service-planning\/service-planning-features\/\" target=\"_self\" style=\"color: #FFFFFF; background-color: #1e73be;\" > Service Planning Features<\/a>\n","protected":false},"excerpt":{"rendered":"<p>Direct Planning Service makes it possible to configure the trade data you need for planning. Whether the jobs are manually entered or\u00a0directly imported from your information system, you\u2019ll find these trade data at the scheduled job level.. Direct Planning Service proposes many configurable data structures: resources, entities, configurable areas of jobs\u00a0and\u00a0flags.<\/p>\n","protected":false},"author":2,"featured_media":1456,"parent":3936,"menu_order":30,"comment_status":"closed","ping_status":"open","template":"","meta":{"footnotes":""},"class_list":["post-3939","page","type-page","status-publish","has-post-thumbnail","hentry"],"yoast_head":"<!-- This site is optimized with the Yoast SEO plugin v27.3 - https:\/\/yoast.com\/product\/yoast-seo-wordpress\/ -->\n<title>Service Planning - Configurable for your business - Direct Planning<\/title>\n<meta name=\"description\" content=\"Configure datas for your business in Direct Planning Service, a highly configurable planning software that has been designed to model services schedules.\" \/>\n<meta name=\"robots\" content=\"index, follow, max-snippet:-1, max-image-preview:large, max-video-preview:-1\" \/>\n<link rel=\"canonical\" href=\"https:\/\/www.directplanning.com\/en\/service-planning\/service-planning-features\/service-planning-configurable-for-your-business\/\" \/>\n<meta property=\"og:locale\" content=\"en_US\" \/>\n<meta property=\"og:type\" content=\"article\" \/>\n<meta property=\"og:title\" content=\"Service Planning - Configurable for your business - Direct Planning\" \/>\n<meta property=\"og:description\" content=\"Configure datas for your business in Direct Planning Service, a highly configurable planning software that has been designed to model services schedules.\" \/>\n<meta property=\"og:url\" content=\"https:\/\/www.directplanning.com\/en\/service-planning\/service-planning-features\/service-planning-configurable-for-your-business\/\" \/>\n<meta property=\"og:site_name\" content=\"Direct Planning\" \/>\n<meta property=\"og:image\" content=\"https:\/\/www.directplanning.com\/wp-content\/uploads\/2012\/06\/direct_planning_service_entite_reserve_par.png\" \/>\n\t<meta property=\"og:image:width\" content=\"800\" \/>\n\t<meta property=\"og:image:height\" content=\"585\" \/>\n\t<meta property=\"og:image:type\" content=\"image\/png\" \/>\n<meta name=\"twitter:card\" content=\"summary_large_image\" \/>\n<meta name=\"twitter:site\" content=\"@Direct_Planning\" \/>\n<meta name=\"twitter:label1\" content=\"Est. reading time\" \/>\n\t<meta name=\"twitter:data1\" content=\"1 minute\" \/>\n<script type=\"application\/ld+json\" class=\"yoast-schema-graph\">{\"@context\":\"https:\\\/\\\/schema.org\",\"@graph\":[{\"@type\":\"WebPage\",\"@id\":\"https:\\\/\\\/www.directplanning.com\\\/en\\\/service-planning\\\/service-planning-features\\\/service-planning-configurable-for-your-business\\\/\",\"url\":\"https:\\\/\\\/www.directplanning.com\\\/en\\\/service-planning\\\/service-planning-features\\\/service-planning-configurable-for-your-business\\\/\",\"name\":\"Service Planning - Configurable for your business - Direct Planning\",\"isPartOf\":{\"@id\":\"https:\\\/\\\/www.directplanning.com\\\/fr\\\/#website\"},\"primaryImageOfPage\":{\"@id\":\"https:\\\/\\\/www.directplanning.com\\\/en\\\/service-planning\\\/service-planning-features\\\/service-planning-configurable-for-your-business\\\/#primaryimage\"},\"image\":{\"@id\":\"https:\\\/\\\/www.directplanning.com\\\/en\\\/service-planning\\\/service-planning-features\\\/service-planning-configurable-for-your-business\\\/#primaryimage\"},\"thumbnailUrl\":\"https:\\\/\\\/www.directplanning.com\\\/wp-content\\\/uploads\\\/2012\\\/06\\\/direct_planning_service_entite_reserve_par.png\",\"datePublished\":\"2012-06-05T06:43:12+00:00\",\"description\":\"Configure datas for your business in Direct Planning Service, a highly configurable planning software that has been designed to model services schedules.\",\"breadcrumb\":{\"@id\":\"https:\\\/\\\/www.directplanning.com\\\/en\\\/service-planning\\\/service-planning-features\\\/service-planning-configurable-for-your-business\\\/#breadcrumb\"},\"inLanguage\":\"en-US\",\"potentialAction\":[{\"@type\":\"ReadAction\",\"target\":[\"https:\\\/\\\/www.directplanning.com\\\/en\\\/service-planning\\\/service-planning-features\\\/service-planning-configurable-for-your-business\\\/\"]}]},{\"@type\":\"ImageObject\",\"inLanguage\":\"en-US\",\"@id\":\"https:\\\/\\\/www.directplanning.com\\\/en\\\/service-planning\\\/service-planning-features\\\/service-planning-configurable-for-your-business\\\/#primaryimage\",\"url\":\"https:\\\/\\\/www.directplanning.com\\\/wp-content\\\/uploads\\\/2012\\\/06\\\/direct_planning_service_entite_reserve_par.png\",\"contentUrl\":\"https:\\\/\\\/www.directplanning.com\\\/wp-content\\\/uploads\\\/2012\\\/06\\\/direct_planning_service_entite_reserve_par.png\",\"width\":800,\"height\":585,\"caption\":\"Direct Planning Service - Exemple d'entit\u00e9 : l'intervenant ayant r\u00e9serv\u00e9 la salle\"},{\"@type\":\"BreadcrumbList\",\"@id\":\"https:\\\/\\\/www.directplanning.com\\\/en\\\/service-planning\\\/service-planning-features\\\/service-planning-configurable-for-your-business\\\/#breadcrumb\",\"itemListElement\":[{\"@type\":\"ListItem\",\"position\":1,\"name\":\"Accueil\",\"item\":\"https:\\\/\\\/www.directplanning.com\\\/en\\\/\"},{\"@type\":\"ListItem\",\"position\":2,\"name\":\"Direct Planning Service\",\"item\":\"https:\\\/\\\/www.directplanning.com\\\/en\\\/service-planning\\\/\"},{\"@type\":\"ListItem\",\"position\":3,\"name\":\"Service Planning &#8211; Features\",\"item\":\"https:\\\/\\\/www.directplanning.com\\\/en\\\/service-planning\\\/service-planning-features\\\/\"},{\"@type\":\"ListItem\",\"position\":4,\"name\":\"Service Planning &#8211; Configurable for your business\"}]},{\"@type\":\"WebSite\",\"@id\":\"https:\\\/\\\/www.directplanning.com\\\/fr\\\/#website\",\"url\":\"https:\\\/\\\/www.directplanning.com\\\/fr\\\/\",\"name\":\"Directplanning.com\",\"description\":\"Planning software for industry, projects and services\",\"publisher\":{\"@id\":\"https:\\\/\\\/www.directplanning.com\\\/fr\\\/#organization\"},\"potentialAction\":[{\"@type\":\"SearchAction\",\"target\":{\"@type\":\"EntryPoint\",\"urlTemplate\":\"https:\\\/\\\/www.directplanning.com\\\/fr\\\/?s={search_term_string}\"},\"query-input\":{\"@type\":\"PropertyValueSpecification\",\"valueRequired\":true,\"valueName\":\"search_term_string\"}}],\"inLanguage\":\"en-US\"},{\"@type\":\"Organization\",\"@id\":\"https:\\\/\\\/www.directplanning.com\\\/fr\\\/#organization\",\"name\":\"Direct Planning\",\"alternateName\":\"DP\",\"url\":\"https:\\\/\\\/www.directplanning.com\\\/fr\\\/\",\"logo\":{\"@type\":\"ImageObject\",\"inLanguage\":\"en-US\",\"@id\":\"https:\\\/\\\/www.directplanning.com\\\/fr\\\/#\\\/schema\\\/logo\\\/image\\\/\",\"url\":\"https:\\\/\\\/www.directplanning.com\\\/wp-content\\\/uploads\\\/2023\\\/08\\\/DirectPlanIcone.bmp\",\"contentUrl\":\"https:\\\/\\\/www.directplanning.com\\\/wp-content\\\/uploads\\\/2023\\\/08\\\/DirectPlanIcone.bmp\",\"width\":320,\"height\":355,\"caption\":\"Direct Planning\"},\"image\":{\"@id\":\"https:\\\/\\\/www.directplanning.com\\\/fr\\\/#\\\/schema\\\/logo\\\/image\\\/\"},\"sameAs\":[\"https:\\\/\\\/x.com\\\/Direct_Planning\",\"https:\\\/\\\/www.linkedin.com\\\/showcase\\\/direct-planning\\\/posts\\\/?feedView=all\",\"https:\\\/\\\/www.youtube.com\\\/user\\\/VolumeSoftware\"]}]}<\/script>\n<!-- \/ Yoast SEO plugin. -->","yoast_head_json":{"title":"Service Planning - Configurable for your business - Direct Planning","description":"Configure datas for your business in Direct Planning Service, a highly configurable planning software that has been designed to model services schedules.","robots":{"index":"index","follow":"follow","max-snippet":"max-snippet:-1","max-image-preview":"max-image-preview:large","max-video-preview":"max-video-preview:-1"},"canonical":"https:\/\/www.directplanning.com\/en\/service-planning\/service-planning-features\/service-planning-configurable-for-your-business\/","og_locale":"en_US","og_type":"article","og_title":"Service Planning - Configurable for your business - Direct Planning","og_description":"Configure datas for your business in Direct Planning Service, a highly configurable planning software that has been designed to model services schedules.","og_url":"https:\/\/www.directplanning.com\/en\/service-planning\/service-planning-features\/service-planning-configurable-for-your-business\/","og_site_name":"Direct Planning","og_image":[{"width":800,"height":585,"url":"https:\/\/www.directplanning.com\/wp-content\/uploads\/2012\/06\/direct_planning_service_entite_reserve_par.png","type":"image\/png"}],"twitter_card":"summary_large_image","twitter_site":"@Direct_Planning","twitter_misc":{"Est. reading time":"1 minute"},"schema":{"@context":"https:\/\/schema.org","@graph":[{"@type":"WebPage","@id":"https:\/\/www.directplanning.com\/en\/service-planning\/service-planning-features\/service-planning-configurable-for-your-business\/","url":"https:\/\/www.directplanning.com\/en\/service-planning\/service-planning-features\/service-planning-configurable-for-your-business\/","name":"Service Planning - Configurable for your business - Direct Planning","isPartOf":{"@id":"https:\/\/www.directplanning.com\/fr\/#website"},"primaryImageOfPage":{"@id":"https:\/\/www.directplanning.com\/en\/service-planning\/service-planning-features\/service-planning-configurable-for-your-business\/#primaryimage"},"image":{"@id":"https:\/\/www.directplanning.com\/en\/service-planning\/service-planning-features\/service-planning-configurable-for-your-business\/#primaryimage"},"thumbnailUrl":"https:\/\/www.directplanning.com\/wp-content\/uploads\/2012\/06\/direct_planning_service_entite_reserve_par.png","datePublished":"2012-06-05T06:43:12+00:00","description":"Configure datas for your business in Direct Planning Service, a highly configurable planning software that has been designed to model services schedules.","breadcrumb":{"@id":"https:\/\/www.directplanning.com\/en\/service-planning\/service-planning-features\/service-planning-configurable-for-your-business\/#breadcrumb"},"inLanguage":"en-US","potentialAction":[{"@type":"ReadAction","target":["https:\/\/www.directplanning.com\/en\/service-planning\/service-planning-features\/service-planning-configurable-for-your-business\/"]}]},{"@type":"ImageObject","inLanguage":"en-US","@id":"https:\/\/www.directplanning.com\/en\/service-planning\/service-planning-features\/service-planning-configurable-for-your-business\/#primaryimage","url":"https:\/\/www.directplanning.com\/wp-content\/uploads\/2012\/06\/direct_planning_service_entite_reserve_par.png","contentUrl":"https:\/\/www.directplanning.com\/wp-content\/uploads\/2012\/06\/direct_planning_service_entite_reserve_par.png","width":800,"height":585,"caption":"Direct Planning Service - Exemple d'entit\u00e9 : l'intervenant ayant r\u00e9serv\u00e9 la salle"},{"@type":"BreadcrumbList","@id":"https:\/\/www.directplanning.com\/en\/service-planning\/service-planning-features\/service-planning-configurable-for-your-business\/#breadcrumb","itemListElement":[{"@type":"ListItem","position":1,"name":"Accueil","item":"https:\/\/www.directplanning.com\/en\/"},{"@type":"ListItem","position":2,"name":"Direct Planning Service","item":"https:\/\/www.directplanning.com\/en\/service-planning\/"},{"@type":"ListItem","position":3,"name":"Service Planning &#8211; Features","item":"https:\/\/www.directplanning.com\/en\/service-planning\/service-planning-features\/"},{"@type":"ListItem","position":4,"name":"Service Planning &#8211; Configurable for your business"}]},{"@type":"WebSite","@id":"https:\/\/www.directplanning.com\/fr\/#website","url":"https:\/\/www.directplanning.com\/fr\/","name":"Directplanning.com","description":"Planning software for industry, projects and services","publisher":{"@id":"https:\/\/www.directplanning.com\/fr\/#organization"},"potentialAction":[{"@type":"SearchAction","target":{"@type":"EntryPoint","urlTemplate":"https:\/\/www.directplanning.com\/fr\/?s={search_term_string}"},"query-input":{"@type":"PropertyValueSpecification","valueRequired":true,"valueName":"search_term_string"}}],"inLanguage":"en-US"},{"@type":"Organization","@id":"https:\/\/www.directplanning.com\/fr\/#organization","name":"Direct Planning","alternateName":"DP","url":"https:\/\/www.directplanning.com\/fr\/","logo":{"@type":"ImageObject","inLanguage":"en-US","@id":"https:\/\/www.directplanning.com\/fr\/#\/schema\/logo\/image\/","url":"https:\/\/www.directplanning.com\/wp-content\/uploads\/2023\/08\/DirectPlanIcone.bmp","contentUrl":"https:\/\/www.directplanning.com\/wp-content\/uploads\/2023\/08\/DirectPlanIcone.bmp","width":320,"height":355,"caption":"Direct Planning"},"image":{"@id":"https:\/\/www.directplanning.com\/fr\/#\/schema\/logo\/image\/"},"sameAs":["https:\/\/x.com\/Direct_Planning","https:\/\/www.linkedin.com\/showcase\/direct-planning\/posts\/?feedView=all","https:\/\/www.youtube.com\/user\/VolumeSoftware"]}]}},"_links":{"self":[{"href":"https:\/\/www.directplanning.com\/en\/wp-json\/wp\/v2\/pages\/3939","targetHints":{"allow":["GET"]}}],"collection":[{"href":"https:\/\/www.directplanning.com\/en\/wp-json\/wp\/v2\/pages"}],"about":[{"href":"https:\/\/www.directplanning.com\/en\/wp-json\/wp\/v2\/types\/page"}],"author":[{"embeddable":true,"href":"https:\/\/www.directplanning.com\/en\/wp-json\/wp\/v2\/users\/2"}],"replies":[{"embeddable":true,"href":"https:\/\/www.directplanning.com\/en\/wp-json\/wp\/v2\/comments?post=3939"}],"version-history":[{"count":0,"href":"https:\/\/www.directplanning.com\/en\/wp-json\/wp\/v2\/pages\/3939\/revisions"}],"up":[{"embeddable":true,"href":"https:\/\/www.directplanning.com\/en\/wp-json\/wp\/v2\/pages\/3936"}],"wp:featuredmedia":[{"embeddable":true,"href":"https:\/\/www.directplanning.com\/en\/wp-json\/wp\/v2\/media\/1456"}],"wp:attachment":[{"href":"https:\/\/www.directplanning.com\/en\/wp-json\/wp\/v2\/media?parent=3939"}],"curies":[{"name":"wp","href":"https:\/\/api.w.org\/{rel}","templated":true}]}}