{"id":3931,"date":"2012-06-04T14:10:51","date_gmt":"2012-06-04T14:10:51","guid":{"rendered":"https:\/\/www.directplanning.com\/en\/?page_id=1282"},"modified":"2012-06-04T14:10:51","modified_gmt":"2012-06-04T14:10:51","slug":"project-planning-progress-status-of-jobs","status":"publish","type":"page","link":"https:\/\/www.directplanning.com\/en\/project-planning\/project-planning-features\/project-planning-progress-status-of-jobs\/","title":{"rendered":"Project Planning &#8211; Progress status of jobs"},"content":{"rendered":"<p style=\"text-align: justify;\">From the <strong>initial planning<\/strong> to <strong>monitoring the progression<\/strong>, <strong>Direct Planning Project<\/strong> allows you to accurately manage all of your projects.<\/p>\n<p style=\"text-align: justify;\"><!--more--><\/p>\n<h2>Initial planning<\/h2>\n<p style=\"text-align: justify;\">On each job initially scheduled, a\u00a0<a title=\"Project Planning \u2013 Scheduled resource\" href=\"https:\/\/www.directplanning.com\/en\/project-planning\/project-planning-features\/project-planning-scheduled-resource\/\">resource<\/a>\u00a0and an estimated duration are stated.<\/p>\n<p style=\"text-align: justify;\">Then, the\u00a0<a title=\"Project Planning \u2013 Planning assistance\" href=\"https:\/\/www.directplanning.com\/en\/project-planning\/project-planning-features\/project-planning-planning-assistance\/\">Planning assistance<\/a>\u00a0automatically positions each job.<\/p>\n<h2>Monitoring project advancement<\/h2>\n<p style=\"text-align: justify;\">As project progresses, the following is stated for each job:<\/p>\n<ul>\n<li>a percentage of completion<\/li>\n<li style=\"text-align: justify;\">the <strong>performed duration<\/strong>.<\/li>\n<li style=\"text-align: justify;\">the <strong>duration of downtime<\/strong>, which is a period not devoted to the completion of the job.<\/li>\n<\/ul>\n<div id=\"attachment_1418\" style=\"width: 327px\" class=\"wp-caption aligncenter\"><a href=\"https:\/\/www.directplanning.com\/wp-content\/uploads\/2012\/06\/direct_planning_projet_etat_avancement_et_tache_terminee.png\" data-rel=\"lightbox-image-0\" data-rl_title=\"\" data-rl_caption=\"\"><img decoding=\"async\" aria-describedby=\"caption-attachment-1418\" class=\"size-full wp-image-1418 \" title=\"\" src=\"https:\/\/www.directplanning.com\/wp-content\/uploads\/2012\/06\/direct_planning_projet_etat_avancement_et_tache_terminee.png\" alt=\"Direct Planning Project - Completed job and progress\" width=\"317\" height=\"87\" srcset=\"https:\/\/www.directplanning.com\/wp-content\/uploads\/2012\/06\/direct_planning_projet_etat_avancement_et_tache_terminee.png 317w, https:\/\/www.directplanning.com\/wp-content\/uploads\/2012\/06\/direct_planning_projet_etat_avancement_et_tache_terminee-312x86.png 312w, https:\/\/www.directplanning.com\/wp-content\/uploads\/2012\/06\/direct_planning_projet_etat_avancement_et_tache_terminee-156x43.png 156w\" sizes=\"(max-width: 317px) 100vw, 317px\" \/><\/a><p id=\"caption-attachment-1418\" class=\"wp-caption-text\">Direct Planning Project &#8211; Completed job and progress<\/p><\/div>\n<p style=\"text-align: justify;\">In order to enter this project monitoring information in Direct Planning, you have two methods\u00a0:<\/p>\n<ul>\n<li style=\"text-align: justify;\">Several workstations running <strong>Direct Planning<\/strong> are available to the participants in the project. They enter the progression data in real time or later, with a \u201c<strong>Restricted rights<\/strong>\u201d access, which only allows changing performed completion items.<\/li>\n<li style=\"text-align: justify;\"><strong>Project monitoring<\/strong> is performed in your information system (ERP, CAPM). If you follow our specifications, you can\u00a0<a title=\"Project Planning \u2013 Interface with your information system\" href=\"https:\/\/www.directplanning.com\/en\/project-planning\/project-planning-features\/project-planning-interface-with-your-information-system\/\">develop an interface<\/a> which will allow automatic schedule <strong>update.<\/strong><\/li>\n<\/ul>\n<h3>Completed jobs<\/h3>\n<p style=\"text-align: justify;\">If you don\u2019t want to monitor performed durations in <strong>Direct Planning<\/strong>, you can still declare the jobs as completed with a <strong>simple click<\/strong>.<\/p>\n<p style=\"text-align: justify;\">In that case, completed jobs take a gray, characteristic appearance. A simple glance at the schedule lets you to perfectly measure the progress of each resource.<\/p>\n<h2>Updated planning<\/h2>\n<p style=\"text-align: justify;\">Further to the entry of progression, <strong>Direct Planning<\/strong> can also update the estimated planning. A <strong>remaining time is automatically updated<\/strong>, based upon (as desired):<\/p>\n<ul>\n<li>the observed, actual completion time.<\/li>\n<li style=\"text-align: justify;\">the estimated, theoretical time, if you consider that the already observed time is not representative.<\/li>\n<\/ul>\n<div id=\"attachment_1419\" style=\"width: 620px\" class=\"wp-caption aligncenter\"><a href=\"https:\/\/www.directplanning.com\/wp-content\/uploads\/2012\/06\/direct_planning_projet_etat_avancement_des_taches.png\" data-rel=\"lightbox-image-1\" data-rl_title=\"\" data-rl_caption=\"\"><img decoding=\"async\" aria-describedby=\"caption-attachment-1419\" class=\"size-large wp-image-1419 \" title=\"\" src=\"https:\/\/www.directplanning.com\/wp-content\/uploads\/2012\/06\/direct_planning_projet_etat_avancement_des_taches-610x384.png\" alt=\"Direct Planning Project - Entering job progress\" width=\"610\" height=\"384\" srcset=\"https:\/\/www.directplanning.com\/wp-content\/uploads\/2012\/06\/direct_planning_projet_etat_avancement_des_taches-610x384.png 610w, https:\/\/www.directplanning.com\/wp-content\/uploads\/2012\/06\/direct_planning_projet_etat_avancement_des_taches-312x196.png 312w, https:\/\/www.directplanning.com\/wp-content\/uploads\/2012\/06\/direct_planning_projet_etat_avancement_des_taches-156x98.png 156w, https:\/\/www.directplanning.com\/wp-content\/uploads\/2012\/06\/direct_planning_projet_etat_avancement_des_taches-768x484.png 768w, https:\/\/www.directplanning.com\/wp-content\/uploads\/2012\/06\/direct_planning_projet_etat_avancement_des_taches-810x511.png 810w, https:\/\/www.directplanning.com\/wp-content\/uploads\/2012\/06\/direct_planning_projet_etat_avancement_des_taches.png 1036w\" sizes=\"(max-width: 610px) 100vw, 610px\" \/><\/a><p id=\"caption-attachment-1419\" class=\"wp-caption-text\">Direct Planning Project &#8211; Entering job progress<\/p><\/div>\n<p style=\"text-align: center;\"><a class=\"mks_button mks_button_medium rounded\" href=\"https:\/\/www.directplanning.com\/en\/project-planning\/project-planning-features\/\" target=\"_self\" style=\"color: #FFFFFF; background-color: #1e73be;\" > Project Planning Features<\/a>\n","protected":false},"excerpt":{"rendered":"<p>From the initial planning to monitoring the progression, Direct Planning Project allows you to accurately manage all of your projects.<\/p>\n","protected":false},"author":2,"featured_media":1418,"parent":3922,"menu_order":90,"comment_status":"closed","ping_status":"open","template":"","meta":{"footnotes":""},"class_list":["post-3931","page","type-page","status-publish","has-post-thumbnail","hentry"],"yoast_head":"<!-- This site is optimized with the Yoast SEO plugin v27.6 - https:\/\/yoast.com\/product\/yoast-seo-wordpress\/ -->\n<title>Project Planning - Progress status of jobs - Direct Planning<\/title>\n<meta name=\"description\" content=\"Progress status of jobs in Direct Planning Project, a highly configurable planning software that has been designed to model project schedules.\" \/>\n<meta name=\"robots\" content=\"index, follow, max-snippet:-1, max-image-preview:large, max-video-preview:-1\" \/>\n<link rel=\"canonical\" href=\"https:\/\/www.directplanning.com\/en\/project-planning\/project-planning-features\/project-planning-progress-status-of-jobs\/\" \/>\n<meta property=\"og:locale\" content=\"en_US\" \/>\n<meta property=\"og:type\" content=\"article\" \/>\n<meta property=\"og:title\" content=\"Project Planning - Progress status of jobs - Direct Planning\" \/>\n<meta property=\"og:description\" content=\"Progress status of jobs in Direct Planning Project, a highly configurable planning software that has been designed to model project schedules.\" \/>\n<meta property=\"og:url\" content=\"https:\/\/www.directplanning.com\/en\/project-planning\/project-planning-features\/project-planning-progress-status-of-jobs\/\" \/>\n<meta property=\"og:site_name\" content=\"Direct Planning\" \/>\n<meta property=\"og:image\" content=\"https:\/\/www.directplanning.com\/wp-content\/uploads\/2012\/06\/direct_planning_projet_etat_avancement_et_tache_terminee.png\" \/>\n\t<meta property=\"og:image:width\" content=\"317\" \/>\n\t<meta property=\"og:image:height\" content=\"87\" \/>\n\t<meta property=\"og:image:type\" content=\"image\/png\" \/>\n<meta name=\"twitter:card\" content=\"summary_large_image\" \/>\n<meta name=\"twitter:site\" content=\"@Direct_Planning\" \/>\n<meta name=\"twitter:label1\" content=\"Est. reading time\" \/>\n\t<meta name=\"twitter:data1\" content=\"2 minutes\" \/>\n<script type=\"application\/ld+json\" class=\"yoast-schema-graph\">{\"@context\":\"https:\\\/\\\/schema.org\",\"@graph\":[{\"@type\":\"WebPage\",\"@id\":\"https:\\\/\\\/www.directplanning.com\\\/en\\\/project-planning\\\/project-planning-features\\\/project-planning-progress-status-of-jobs\\\/\",\"url\":\"https:\\\/\\\/www.directplanning.com\\\/en\\\/project-planning\\\/project-planning-features\\\/project-planning-progress-status-of-jobs\\\/\",\"name\":\"Project Planning - Progress status of jobs - Direct Planning\",\"isPartOf\":{\"@id\":\"https:\\\/\\\/www.directplanning.com\\\/fr\\\/#website\"},\"primaryImageOfPage\":{\"@id\":\"https:\\\/\\\/www.directplanning.com\\\/en\\\/project-planning\\\/project-planning-features\\\/project-planning-progress-status-of-jobs\\\/#primaryimage\"},\"image\":{\"@id\":\"https:\\\/\\\/www.directplanning.com\\\/en\\\/project-planning\\\/project-planning-features\\\/project-planning-progress-status-of-jobs\\\/#primaryimage\"},\"thumbnailUrl\":\"https:\\\/\\\/www.directplanning.com\\\/wp-content\\\/uploads\\\/2012\\\/06\\\/direct_planning_projet_etat_avancement_et_tache_terminee.png\",\"datePublished\":\"2012-06-04T14:10:51+00:00\",\"description\":\"Progress status of jobs in Direct Planning Project, a highly configurable planning software that has been designed to model project schedules.\",\"breadcrumb\":{\"@id\":\"https:\\\/\\\/www.directplanning.com\\\/en\\\/project-planning\\\/project-planning-features\\\/project-planning-progress-status-of-jobs\\\/#breadcrumb\"},\"inLanguage\":\"en-US\",\"potentialAction\":[{\"@type\":\"ReadAction\",\"target\":[\"https:\\\/\\\/www.directplanning.com\\\/en\\\/project-planning\\\/project-planning-features\\\/project-planning-progress-status-of-jobs\\\/\"]}]},{\"@type\":\"ImageObject\",\"inLanguage\":\"en-US\",\"@id\":\"https:\\\/\\\/www.directplanning.com\\\/en\\\/project-planning\\\/project-planning-features\\\/project-planning-progress-status-of-jobs\\\/#primaryimage\",\"url\":\"https:\\\/\\\/www.directplanning.com\\\/wp-content\\\/uploads\\\/2012\\\/06\\\/direct_planning_projet_etat_avancement_et_tache_terminee.png\",\"contentUrl\":\"https:\\\/\\\/www.directplanning.com\\\/wp-content\\\/uploads\\\/2012\\\/06\\\/direct_planning_projet_etat_avancement_et_tache_terminee.png\",\"width\":317,\"height\":87,\"caption\":\"Direct Planning Projet - T\u00e2che termin\u00e9e et \u00e9tat d'avancement\"},{\"@type\":\"BreadcrumbList\",\"@id\":\"https:\\\/\\\/www.directplanning.com\\\/en\\\/project-planning\\\/project-planning-features\\\/project-planning-progress-status-of-jobs\\\/#breadcrumb\",\"itemListElement\":[{\"@type\":\"ListItem\",\"position\":1,\"name\":\"Accueil\",\"item\":\"https:\\\/\\\/www.directplanning.com\\\/en\\\/\"},{\"@type\":\"ListItem\",\"position\":2,\"name\":\"Direct Planning Project\",\"item\":\"https:\\\/\\\/www.directplanning.com\\\/en\\\/project-planning\\\/\"},{\"@type\":\"ListItem\",\"position\":3,\"name\":\"Project Planning &#8211; Features\",\"item\":\"https:\\\/\\\/www.directplanning.com\\\/en\\\/project-planning\\\/project-planning-features\\\/\"},{\"@type\":\"ListItem\",\"position\":4,\"name\":\"Project Planning &#8211; Progress status of jobs\"}]},{\"@type\":\"WebSite\",\"@id\":\"https:\\\/\\\/www.directplanning.com\\\/fr\\\/#website\",\"url\":\"https:\\\/\\\/www.directplanning.com\\\/fr\\\/\",\"name\":\"Directplanning.com\",\"description\":\"Planning software for industry, projects and services\",\"publisher\":{\"@id\":\"https:\\\/\\\/www.directplanning.com\\\/fr\\\/#organization\"},\"potentialAction\":[{\"@type\":\"SearchAction\",\"target\":{\"@type\":\"EntryPoint\",\"urlTemplate\":\"https:\\\/\\\/www.directplanning.com\\\/fr\\\/?s={search_term_string}\"},\"query-input\":{\"@type\":\"PropertyValueSpecification\",\"valueRequired\":true,\"valueName\":\"search_term_string\"}}],\"inLanguage\":\"en-US\"},{\"@type\":\"Organization\",\"@id\":\"https:\\\/\\\/www.directplanning.com\\\/fr\\\/#organization\",\"name\":\"Direct Planning\",\"alternateName\":\"DP\",\"url\":\"https:\\\/\\\/www.directplanning.com\\\/fr\\\/\",\"logo\":{\"@type\":\"ImageObject\",\"inLanguage\":\"en-US\",\"@id\":\"https:\\\/\\\/www.directplanning.com\\\/fr\\\/#\\\/schema\\\/logo\\\/image\\\/\",\"url\":\"https:\\\/\\\/www.directplanning.com\\\/wp-content\\\/uploads\\\/2023\\\/08\\\/DirectPlanIcone.bmp\",\"contentUrl\":\"https:\\\/\\\/www.directplanning.com\\\/wp-content\\\/uploads\\\/2023\\\/08\\\/DirectPlanIcone.bmp\",\"width\":320,\"height\":355,\"caption\":\"Direct Planning\"},\"image\":{\"@id\":\"https:\\\/\\\/www.directplanning.com\\\/fr\\\/#\\\/schema\\\/logo\\\/image\\\/\"},\"sameAs\":[\"https:\\\/\\\/x.com\\\/Direct_Planning\",\"https:\\\/\\\/www.linkedin.com\\\/showcase\\\/direct-planning\\\/posts\\\/?feedView=all\",\"https:\\\/\\\/www.youtube.com\\\/user\\\/VolumeSoftware\"]}]}<\/script>\n<!-- \/ Yoast SEO plugin. -->","yoast_head_json":{"title":"Project Planning - Progress status of jobs - Direct Planning","description":"Progress status of jobs in Direct Planning Project, a highly configurable planning software that has been designed to model project schedules.","robots":{"index":"index","follow":"follow","max-snippet":"max-snippet:-1","max-image-preview":"max-image-preview:large","max-video-preview":"max-video-preview:-1"},"canonical":"https:\/\/www.directplanning.com\/en\/project-planning\/project-planning-features\/project-planning-progress-status-of-jobs\/","og_locale":"en_US","og_type":"article","og_title":"Project Planning - Progress status of jobs - Direct Planning","og_description":"Progress status of jobs in Direct Planning Project, a highly configurable planning software that has been designed to model project schedules.","og_url":"https:\/\/www.directplanning.com\/en\/project-planning\/project-planning-features\/project-planning-progress-status-of-jobs\/","og_site_name":"Direct Planning","og_image":[{"width":317,"height":87,"url":"https:\/\/www.directplanning.com\/wp-content\/uploads\/2012\/06\/direct_planning_projet_etat_avancement_et_tache_terminee.png","type":"image\/png"}],"twitter_card":"summary_large_image","twitter_site":"@Direct_Planning","twitter_misc":{"Est. reading time":"2 minutes"},"schema":{"@context":"https:\/\/schema.org","@graph":[{"@type":"WebPage","@id":"https:\/\/www.directplanning.com\/en\/project-planning\/project-planning-features\/project-planning-progress-status-of-jobs\/","url":"https:\/\/www.directplanning.com\/en\/project-planning\/project-planning-features\/project-planning-progress-status-of-jobs\/","name":"Project Planning - Progress status of jobs - Direct Planning","isPartOf":{"@id":"https:\/\/www.directplanning.com\/fr\/#website"},"primaryImageOfPage":{"@id":"https:\/\/www.directplanning.com\/en\/project-planning\/project-planning-features\/project-planning-progress-status-of-jobs\/#primaryimage"},"image":{"@id":"https:\/\/www.directplanning.com\/en\/project-planning\/project-planning-features\/project-planning-progress-status-of-jobs\/#primaryimage"},"thumbnailUrl":"https:\/\/www.directplanning.com\/wp-content\/uploads\/2012\/06\/direct_planning_projet_etat_avancement_et_tache_terminee.png","datePublished":"2012-06-04T14:10:51+00:00","description":"Progress status of jobs in Direct Planning Project, a highly configurable planning software that has been designed to model project schedules.","breadcrumb":{"@id":"https:\/\/www.directplanning.com\/en\/project-planning\/project-planning-features\/project-planning-progress-status-of-jobs\/#breadcrumb"},"inLanguage":"en-US","potentialAction":[{"@type":"ReadAction","target":["https:\/\/www.directplanning.com\/en\/project-planning\/project-planning-features\/project-planning-progress-status-of-jobs\/"]}]},{"@type":"ImageObject","inLanguage":"en-US","@id":"https:\/\/www.directplanning.com\/en\/project-planning\/project-planning-features\/project-planning-progress-status-of-jobs\/#primaryimage","url":"https:\/\/www.directplanning.com\/wp-content\/uploads\/2012\/06\/direct_planning_projet_etat_avancement_et_tache_terminee.png","contentUrl":"https:\/\/www.directplanning.com\/wp-content\/uploads\/2012\/06\/direct_planning_projet_etat_avancement_et_tache_terminee.png","width":317,"height":87,"caption":"Direct Planning Projet - T\u00e2che termin\u00e9e et \u00e9tat d'avancement"},{"@type":"BreadcrumbList","@id":"https:\/\/www.directplanning.com\/en\/project-planning\/project-planning-features\/project-planning-progress-status-of-jobs\/#breadcrumb","itemListElement":[{"@type":"ListItem","position":1,"name":"Accueil","item":"https:\/\/www.directplanning.com\/en\/"},{"@type":"ListItem","position":2,"name":"Direct Planning Project","item":"https:\/\/www.directplanning.com\/en\/project-planning\/"},{"@type":"ListItem","position":3,"name":"Project Planning &#8211; Features","item":"https:\/\/www.directplanning.com\/en\/project-planning\/project-planning-features\/"},{"@type":"ListItem","position":4,"name":"Project Planning &#8211; Progress status of jobs"}]},{"@type":"WebSite","@id":"https:\/\/www.directplanning.com\/fr\/#website","url":"https:\/\/www.directplanning.com\/fr\/","name":"Directplanning.com","description":"Planning software for industry, projects and services","publisher":{"@id":"https:\/\/www.directplanning.com\/fr\/#organization"},"potentialAction":[{"@type":"SearchAction","target":{"@type":"EntryPoint","urlTemplate":"https:\/\/www.directplanning.com\/fr\/?s={search_term_string}"},"query-input":{"@type":"PropertyValueSpecification","valueRequired":true,"valueName":"search_term_string"}}],"inLanguage":"en-US"},{"@type":"Organization","@id":"https:\/\/www.directplanning.com\/fr\/#organization","name":"Direct Planning","alternateName":"DP","url":"https:\/\/www.directplanning.com\/fr\/","logo":{"@type":"ImageObject","inLanguage":"en-US","@id":"https:\/\/www.directplanning.com\/fr\/#\/schema\/logo\/image\/","url":"https:\/\/www.directplanning.com\/wp-content\/uploads\/2023\/08\/DirectPlanIcone.bmp","contentUrl":"https:\/\/www.directplanning.com\/wp-content\/uploads\/2023\/08\/DirectPlanIcone.bmp","width":320,"height":355,"caption":"Direct Planning"},"image":{"@id":"https:\/\/www.directplanning.com\/fr\/#\/schema\/logo\/image\/"},"sameAs":["https:\/\/x.com\/Direct_Planning","https:\/\/www.linkedin.com\/showcase\/direct-planning\/posts\/?feedView=all","https:\/\/www.youtube.com\/user\/VolumeSoftware"]}]}},"_links":{"self":[{"href":"https:\/\/www.directplanning.com\/en\/wp-json\/wp\/v2\/pages\/3931","targetHints":{"allow":["GET"]}}],"collection":[{"href":"https:\/\/www.directplanning.com\/en\/wp-json\/wp\/v2\/pages"}],"about":[{"href":"https:\/\/www.directplanning.com\/en\/wp-json\/wp\/v2\/types\/page"}],"author":[{"embeddable":true,"href":"https:\/\/www.directplanning.com\/en\/wp-json\/wp\/v2\/users\/2"}],"replies":[{"embeddable":true,"href":"https:\/\/www.directplanning.com\/en\/wp-json\/wp\/v2\/comments?post=3931"}],"version-history":[{"count":0,"href":"https:\/\/www.directplanning.com\/en\/wp-json\/wp\/v2\/pages\/3931\/revisions"}],"up":[{"embeddable":true,"href":"https:\/\/www.directplanning.com\/en\/wp-json\/wp\/v2\/pages\/3922"}],"wp:featuredmedia":[{"embeddable":true,"href":"https:\/\/www.directplanning.com\/en\/wp-json\/wp\/v2\/media\/1418"}],"wp:attachment":[{"href":"https:\/\/www.directplanning.com\/en\/wp-json\/wp\/v2\/media?parent=3931"}],"curies":[{"name":"wp","href":"https:\/\/api.w.org\/{rel}","templated":true}]}}